{"id":20755,"date":"2024-05-03T06:40:33","date_gmt":"2024-05-03T06:40:33","guid":{"rendered":"https:\/\/elfsight.com\/de\/?page_id=20755"},"modified":"2024-11-07T15:02:36","modified_gmt":"2024-11-07T15:02:36","slug":"squarespace","status":"publish","type":"page","link":"https:\/\/elfsight.com\/de\/linkedin-feed-widget\/squarespace\/","title":{"rendered":"LinkedIn Feed &#8211; Squarespace"},"content":{"rendered":"\n<div class=\"application-platform-content-item-description application-platform-content-item\" id=\"description\" data-nav-section=\"description\">\n<h2>LinkedIn-Feed kostenlos auf Squarespace einbetten!<\/h2>\n<p>Das codefreie LinkedIn-Feed-Widget bietet eine hochmoderne M\u00f6glichkeit, Unternehmen ihre LinkedIn-Inhalte auf Squarespace-Websites zu verbreiten und zu bewerben: Beitr\u00e4ge, Bilder, Clips usw. anzeigen. Die Einrichtung des Plugins dauert nur ein paar Minuten \u2013 es sind keine Programmier- oder technischen Kenntnisse erforderlich.<\/p>\n<p>Erstellen Sie einen Look, der zu den Anforderungen Ihrer Website passt und bleiben Sie Ihrer Marke treu, indem Sie mit benutzerdefinierten Feed-Attributen, Vorlagen, Layouts und Beitragsstilen experimentieren. F\u00fcgen Sie einen Popup-Modus als Post-Click-Aktion hinzu, um die Aufmerksamkeit der Benutzer zu erregen. Erleben Sie schlie\u00dflich eine erh\u00f6hte Glaubw\u00fcrdigkeit und eine bessere Engagement-Rate.<\/p>\n<ul>\n<li><strong>Verbessern Sie Ihre Networking-F\u00e4higkeiten mit der LinkedIn-Unternehmensseite.<\/strong><br>Schaffen Sie neue Kontakte im Unternehmensbereich und erh\u00f6hen Sie die Anzahl der Leads, indem Sie Inhalte aus Ihrem LinkedIn-Profil nutzen.<\/li>\n<li><strong>Erweitern Sie Ihre LinkedIn-Zielgruppenbasis.<\/strong><br>Machen Sie bei den Nutzern der Squarespace-Website auf Ihr LinkedIn aufmerksam und wecken Sie starkes Interesse an Ihren Angeboten.<\/li>\n<li><strong>Steigern Sie die Authentizit\u00e4t Ihres Unternehmens.<\/strong><br>F\u00fcgen Sie Ihrer Marke einen zus\u00e4tzlichen Glaubw\u00fcrdigkeitsfaktor hinzu und zeigen Sie die neuesten LinkedIn-Aktivit\u00e4ten direkt auf der Website-Seite an.<\/li>\n<\/ul>\n<p><b>F\u00fcgen Sie das LinkedIn-Feed-Widget zur Squarespace-Website hinzu, um Vertrauen aufzubauen, Authentizit\u00e4t zu verbreiten und Arbeitsbeziehungen mit \u00fcberzeugender sozialer Best\u00e4tigung zu erweitern.<\/b><\/p>\n<\/div>\n\n<div class=\"faq\" data-component=\"FAQ\">\n<div class=\"faq-item\">\r\n\t\t\t\t\t<div class=\"faq-item-question\">\r\n\t\t\t\t\t\t<h3 class=\"faq-item-question-text\">Gibt es noch andere Tools f\u00fcr Squarespace, die ich auf meiner Website verwenden kann?<\/h3>\r\n\r\n\t\t\t\t\t\t<div class=\"faq-item-question-icon\"><\/div>\r\n\t\t\t\t\t<\/div>\r\n\r\n\t\t\t\t\t<div class=\"faq-item-answer\">\r\n\t\t\t\t\t\t<div class=\"faq-item-answer-text\">\n<p>Ja, sicher! Als Squarespace-Benutzer k\u00f6nnen Sie Dutzende codefreier Tools von Elfsight hinzuf\u00fcgen, darunter das LinkedIn-Feed-Plugin. Ganz gleich, um welche Art von Unternehmen es sich handelt und welche Nische in der Branche Sie besetzen \u2013 Sie k\u00f6nnen immer nach M\u00f6glichkeiten Ausschau halten, Ihre St\u00e4rken unter Beweis zu stellen. Erw\u00e4gen Sie die folgenden M\u00f6glichkeiten:<\/p>\n<ul>\n<li>Um eine andere codefreie Social-Media-App f\u00fcr Ihre Squarespace-Website zu erstellen, wie z. B. LinkedIn Feed, probieren Sie das <a href=\"https:\/\/elfsight.com\/pinterest-feed-widget\/\">Pinterest-Feed<\/a> oder <a href=\"https:\/\/elfsight.com\/instagram-feed-instashow\/\">Instagram-Feed<\/a>-Widget aus.<\/li>\n<li>Nutzen Sie das <a href=\"https:\/\/elfsight.com\/all-in-one-reviews-widget\/\">All-in-One-Bewertungen<\/a> oder das <a href=\"https:\/\/elfsight.com\/google-reviews-widget\/\">Google Reviews<\/a>-Plugin, um wertvolles Kundenfeedback anzuzeigen.<\/li>\n<li>Betten Sie das <a href=\"https:\/\/elfsight.com\/online-form-builder\/\">Form Builder<\/a>-Widget ein, um Antworten zu sammeln und die Kommunikation mit Ihren Squarespace-Benutzern zu erleichtern.<\/li>\n<li>F\u00fcgen Sie das <a href=\"https:\/\/elfsight.com\/countdown-timer-widget\/\">Countdown-Timer<\/a>-Widget hinzu, um Spannung zu erzeugen und beim Publikum ein Gef\u00fchl der Dringlichkeit zu erzeugen.<\/li>\n<\/ul>\n<p>Und denken Sie daran, dies sind nur einige Beispiele f\u00fcr einzubettende Widgets. Entdecken Sie nach der Implementierung des LinkedIn-Feed-Plugins unseren umfangreichen Widget-Katalog, um noch mehr M\u00f6glichkeiten zu entdecken, um auf Ihre Gesch\u00e4ftsanforderungen einzugehen!<\/p>\n<\/div>\r\n\t\t\t\t\t<\/div>\r\n\t\t\t\t<\/div>\n\n<div class=\"faq-item\">\r\n\t\t\t\t\t<div class=\"faq-item-question\">\r\n\t\t\t\t\t\t<h3 class=\"faq-item-question-text\">Wie bette ich LinkedIn-Feeds kostenlos in Squarespace ein?<\/h3>\r\n\r\n\t\t\t\t\t\t<div class=\"faq-item-question-icon\"><\/div>\r\n\t\t\t\t\t<\/div>\r\n\r\n\t\t\t\t\t<div class=\"faq-item-answer\">\r\n\t\t\t\t\t\t<div class=\"faq-item-answer-text\">\n<p>Das Einbetten eines LinkedIn-Feeds in Ihre Squarespace-Website ist eine einfache Methode, um Ihre neuesten Beitr\u00e4ge anzuzeigen und das Engagement Ihrer Zielgruppe zu steigern.<\/p>\n<ol>\n<li>Melden Sie sich bei Ihrem Elfsight-Dashboard an oder richten Sie ein kostenloses Benutzerprofil ein.<\/li>\n<li>Besorgen Sie sich den generierten Einbettungscode.<\/li>\n<li>Navigieren Sie zu Ihrer Squarespace-Website.<\/li>\n<li>F\u00fcgen Sie den Code in Ihren Squarespace-Website-Editor ein, um das LinkedIn-Feed-Plugin hinzuzuf\u00fcgen. Jetzt kann es losgehen!<\/li>\n<\/ol>\n<p>Wie aus dem Kontext hervorgeht, ist es nicht erforderlich, sich mit dem Schreiben von Code auszukennen, um das Plugin einzubetten. Erstellen Sie ganz einfach ein LinkedIn-Feed-Widget f\u00fcr eine Squarespace-Website und genie\u00dfen Sie die verschiedenen Vorteile, die sich daraus ergeben, w\u00e4hrend Sie Ihr Publikum erweitern.<\/p>\n<\/div>\r\n\t\t\t\t\t<\/div>\r\n\t\t\t\t<\/div>\n\n<div class=\"faq-item\">\r\n\t\t\t\t\t<div class=\"faq-item-question\">\r\n\t\t\t\t\t\t<h3 class=\"faq-item-question-text\">Muss ich wissen, wie man programmiert oder Programmierkenntnisse haben, um das LinkedIn-Feed-Widget in Squarespace einzubetten?<\/h3>\r\n\r\n\t\t\t\t\t\t<div class=\"faq-item-question-icon\"><\/div>\r\n\t\t\t\t\t<\/div>\r\n\r\n\t\t\t\t\t<div class=\"faq-item-answer\">\r\n\t\t\t\t\t\t<div class=\"faq-item-answer-text\">\n<p>Nein, das m\u00fcssen Sie nicht. Programmierkenntnisse sind nicht erforderlich. Sie k\u00f6nnen das LinkedIn-Feed-Plugin ganz einfach erstellen und in Ihre Squarespace-Website einbetten, unabh\u00e4ngig von Ihrem bisherigen Hintergrund oder Ihrer Code-Erfahrung.<\/p>\n<\/div>\r\n\t\t\t\t\t<\/div>\r\n\t\t\t\t<\/div>\n<\/div>\n\n<div class=\"application-platform-content-item-features application-platform-content-item\" id=\"features\" data-nav-section=\"features\">\n<h2>Das Widget verf\u00fcgt \u00fcber n\u00fctzliche und einfach hinzuzuf\u00fcgende Funktionen \u2013 sehen Sie sich einige davon an:<\/h2>\n<ul>\n<li>\u00dcbertragen Sie eine Vielzahl von Inhalten: Blogbeitr\u00e4ge, Fotos, Clips usw.<\/li>\n<li>Filtern Sie Widgets nach Schl\u00fcsselw\u00f6rtern, Hashtags oder URLs.<\/li>\n<li>F\u00fcgen Sie die CTA-Schaltfl\u00e4chen hinzu, um das Engagement in Ihrem LinkedIn-Unternehmensfeed zu erh\u00f6hen.<\/li>\n<li>Dynamischer Popup-Effekt, um die Aufmerksamkeit auf Ihre LinkedIn-Inhalte auf einer Website zu lenken.<\/li>\n<li>Codefreie Anpassung mit erweiterten Designeinstellungen: vorgefertigte Vorlagen, Farbschemagenerator, f\u00fcnf trendige Layouts, Beitragsstile, benutzerdefiniertes CSS und mehr.<\/li>\n<\/ul>\n<p><a href=\"#demo\">Sie k\u00f6nnen jetzt die volle Funktionalit\u00e4t des Widgets in der Demo testen<\/a><\/p>\n<\/div>\n\n<div class=\"application-platform-content-item-installation application-platform-content-item\" id=\"installation\" data-nav-section=\"installation\">\n<h2>So f\u00fcgen Sie den LinkedIn-Feed zu meiner Squarespace-Website hinzu<\/h2>\n<p>Wenn Sie das LinkedIn-Feed-Widget zu Ihrer Squarespace-Website hinzuf\u00fcgen m\u00f6chten, befolgen Sie diese Schritte:<\/p>\n<ol>\n<li><b>F\u00fchren Sie unseren kostenlosen Konfigurator aus und beginnen Sie mit der Erstellung Ihres codefreien LinkedIn-Feed-Plugins.<\/b><br> W\u00e4hlen Sie die bevorzugte Form und Spezifikationen des Tools und speichern Sie die \u00c4nderungen.<\/li>\n<li><b>Ihr einzigartiger Code wird im Fenster auf Elfsight Apps angezeigt.<\/b><br> Wenn die Einrichtung Ihres Plugins abgeschlossen ist, kopieren Sie den Code des Widgets im erscheinenden Fenster und bewahren Sie ihn f\u00fcr zuk\u00fcnftige Gelegenheiten auf.<\/li>\n<li><b>Beginnen Sie mit der Verwendung des Tools auf Ihrer Squarespace-Website.<\/b><br> F\u00fcgen Sie den zuvor kopierten Code zu Ihrer Website hinzu und \u00fcbernehmen Sie die \u00c4nderungen.<\/li>\n<li><b>Die Einrichtung ist vollst\u00e4ndig abgeschlossen.<\/b><br> Gehen Sie zu Ihrer Website, um die Leistung des LinkedIn-Feed-Widgets zu \u00fcberpr\u00fcfen.<\/li>\n<\/ol>\n<p>Wenn Sie Probleme mit dem Einbettungsprozess haben, z\u00f6gern Sie nicht, sich an unsere Kundendienstmitarbeiter zu wenden. Unsere Mitarbeiter helfen Ihnen gerne bei allen Schwierigkeiten, die Sie mit dem codefreien LinkedIn-Feed-Plugin f\u00fcr Squarespace-Websites haben k\u00f6nnten.<\/p>\n<\/div>\n","protected":false},"excerpt":{"rendered":"","protected":false},"author":9,"featured_media":0,"parent":7448,"menu_order":0,"comment_status":"closed","ping_status":"closed","template":"templates\/template-application-platform.php","meta":{"publish_to_discourse":"","publish_post_category":"","wpdc_auto_publish_overridden":"","wpdc_topic_tags":"","wpdc_pin_topic":"","wpdc_pin_until":"","discourse_post_id":"","discourse_permalink":"","wpdc_publishing_response":"","wpdc_publishing_error":"","footnotes":""},"class_list":["post-20755","page","type-page","status-publish","hentry"],"yoast_head":"<!-- This site is optimized with the Yoast SEO plugin v25.3.1 - https:\/\/yoast.com\/wordpress\/plugins\/seo\/ -->\n<title>LinkedIn Feed \u2013 Feed-Plugin zu Squarespace hinzuf\u00fcgen [kostenlos!]<\/title>\n<meta name=\"description\" content=\"Betten Sie das programmierungsfreie LinkedIn-Feed-Plugin in Ihre Squarespace-Website ein. Erstellen Sie Ihr Widget mithilfe einer Live-Demo und vorgefertigten Vorlagen, um einen starken Social Proof zu erzielen.\" \/>\n<meta name=\"robots\" content=\"index, follow, max-snippet:-1, max-image-preview:large, max-video-preview:-1\" \/>\n<link rel=\"canonical\" href=\"https:\/\/elfsight.com\/de\/linkedin-feed-widget\/squarespace\/\" \/>\n<meta property=\"og:locale\" content=\"de_DE\" \/>\n<meta property=\"og:type\" content=\"article\" \/>\n<meta property=\"og:title\" content=\"LinkedIn Feed \u2013 Feed-Plugin zu Squarespace hinzuf\u00fcgen [kostenlos!]\" \/>\n<meta property=\"og:description\" content=\"Betten Sie das programmierungsfreie LinkedIn-Feed-Plugin in Ihre Squarespace-Website ein. Erstellen Sie Ihr Widget mithilfe einer Live-Demo und vorgefertigten Vorlagen, um einen starken Social Proof zu erzielen.\" \/>\n<meta property=\"og:url\" content=\"https:\/\/elfsight.com\/de\/linkedin-feed-widget\/squarespace\/\" \/>\n<meta property=\"og:site_name\" content=\"Elfsight DE\" \/>\n<meta property=\"article:modified_time\" content=\"2024-11-07T15:02:36+00:00\" \/>\n<meta name=\"twitter:card\" content=\"summary_large_image\" \/>\n<meta name=\"twitter:label1\" content=\"Gesch\u00e4tzte Lesezeit\" \/>\n\t<meta name=\"twitter:data1\" content=\"5\u00a0Minuten\" \/>\n<!-- \/ Yoast SEO plugin. -->","yoast_head_json":{"title":"LinkedIn Feed \u2013 Feed-Plugin zu Squarespace hinzuf\u00fcgen [kostenlos!]","description":"Betten Sie das programmierungsfreie LinkedIn-Feed-Plugin in Ihre Squarespace-Website ein. Erstellen Sie Ihr Widget mithilfe einer Live-Demo und vorgefertigten Vorlagen, um einen starken Social Proof zu erzielen.","robots":{"index":"index","follow":"follow","max-snippet":"max-snippet:-1","max-image-preview":"max-image-preview:large","max-video-preview":"max-video-preview:-1"},"canonical":"https:\/\/elfsight.com\/de\/linkedin-feed-widget\/squarespace\/","og_locale":"de_DE","og_type":"article","og_title":"LinkedIn Feed \u2013 Feed-Plugin zu Squarespace hinzuf\u00fcgen [kostenlos!]","og_description":"Betten Sie das programmierungsfreie LinkedIn-Feed-Plugin in Ihre Squarespace-Website ein. Erstellen Sie Ihr Widget mithilfe einer Live-Demo und vorgefertigten Vorlagen, um einen starken Social Proof zu erzielen.","og_url":"https:\/\/elfsight.com\/de\/linkedin-feed-widget\/squarespace\/","og_site_name":"Elfsight DE","article_modified_time":"2024-11-07T15:02:36+00:00","twitter_card":"summary_large_image","twitter_misc":{"Gesch\u00e4tzte Lesezeit":"5\u00a0Minuten"},"schema":{"@context":"https:\/\/schema.org","@graph":[{"@type":"WebPage","@id":"https:\/\/elfsight.com\/de\/linkedin-feed-widget\/squarespace\/","url":"https:\/\/elfsight.com\/de\/linkedin-feed-widget\/squarespace\/","name":"LinkedIn Feed \u2013 Feed-Plugin zu Squarespace hinzuf\u00fcgen [kostenlos!]","isPartOf":{"@id":"https:\/\/elfsight.com\/de\/#website"},"datePublished":"2024-05-03T06:40:33+00:00","dateModified":"2024-11-07T15:02:36+00:00","description":"Betten Sie das programmierungsfreie LinkedIn-Feed-Plugin in Ihre Squarespace-Website ein. Erstellen Sie Ihr Widget mithilfe einer Live-Demo und vorgefertigten Vorlagen, um einen starken Social Proof zu erzielen.","breadcrumb":{"@id":"https:\/\/elfsight.com\/de\/linkedin-feed-widget\/squarespace\/#breadcrumb"},"inLanguage":"de","potentialAction":[{"@type":"ReadAction","target":["https:\/\/elfsight.com\/de\/linkedin-feed-widget\/squarespace\/"]}]},{"@type":"BreadcrumbList","@id":"https:\/\/elfsight.com\/de\/linkedin-feed-widget\/squarespace\/#breadcrumb","itemListElement":[{"@type":"ListItem","position":1,"name":"Home","item":"https:\/\/elfsight.com\/de\/"},{"@type":"ListItem","position":2,"name":"LinkedIn Feed","item":"https:\/\/elfsight.com\/de\/linkedin-feed-widget\/"},{"@type":"ListItem","position":3,"name":"LinkedIn Feed &#8211; Squarespace"}]},{"@type":"WebSite","@id":"https:\/\/elfsight.com\/de\/#website","url":"https:\/\/elfsight.com\/de\/","name":"Elfsight DE","description":"Just another Elfsight Sites site","potentialAction":[{"@type":"SearchAction","target":{"@type":"EntryPoint","urlTemplate":"https:\/\/elfsight.com\/de\/?s={search_term_string}"},"query-input":{"@type":"PropertyValueSpecification","valueRequired":true,"valueName":"search_term_string"}}],"inLanguage":"de"}]}},"meta_box":{"industry":"","seo_heading":"","heading":"","description":"","cta_heading":"","cta_description":"","application":"7435","h1":"So betten Sie den LinkedIn-Feed kostenlos auf Squarespace ein!","h1_caption":"Zeigen Sie Beitr\u00e4ge aus Ihrem LinkedIn-Profil oder Ihrer Unternehmensseite auf Ihrer Website an und verbessern Sie so m\u00fchelos Ihre professionelle Online-Pr\u00e4senz auf Ihrer Squarespace-Website.","application_category":[],"applications_title":"","applications_request_title":"","applications_request_button_text":"","hero_text":"","hero_video":"","hero_video_schema_markup":"","selling_points_title":"","selling_points_caption":"","selling_points":[],"selling_points_cta_text":"","features_title":"","features":"","ed_cta_examples_text":"","ed_cta_examples_hidden":"","ed_cta_demo_text":"","ed_cta_demo_hidden":"","why_caption":"","why_editor_title":"","why_editor_text":"","why_team_title":"","why_team_text":"","why_service_title":"","why_service_text":"","template_catalog_visible":"0","template_catalog_title":"","template_catalog_text":"","template_catalog_categories_visible":"","demo_title":"Erstellen Sie Ihr LinkedIn-Feed-Plugin","demo_caption":"Konfigurieren Sie Ihren LinkedIn-Feed und f\u00fcgen Sie ihn kostenlos zu Ihrer Squarespace-Website hinzu!","default_faq_hidden":"","app_template_category":[],"platform":"252","template_public_id":"","codecanyon_url":"","codecanyon_item_id":"","codecanyon_price":"","pricing_caption":"","pricing_elfsight_apps_hide_column":"","pricing_elfsight_apps_url":"","pricing_codecanyon_price_caption":"","integration_category":[],"integration_request_title":"","integration_request_cta":"","integration_platform":"","integrations":[],"platform_category":[],"video_schema_markup":"","price":"ab 0 $ \/ Monat","trial":"","benefits":[{"text":"Kostenlose Installationsunterst\u00fctzung"},{"text":"Au\u00dfergew\u00f6hnlicher Support"},{"text":"14-t\u00e4gige Geld-zur\u00fcck-Garantie"},{"text":"Regelm\u00e4\u00dfige kostenlose Updates"}],"button_url":"#demo","button_target_blank":"0","button_nofollow":"0","attributes":[{"name":"Installiert","content":"10,000 - 100,000"},{"name":"Reaktionsfreudig","content":"Ja"},{"name":"Kompatible Browser","content":"Firefox, Safari, Opera, Chrome, Edge"}],"tags":[],"tags_disable_links":"0","hide_more_platforms":"","video_object":"","demo_hide_cta":"0","demo_hide_cloud_options":"0","pricing_title":"","pricing":[{"pricing_icon":"platform","pricing_title":"Elfsight Apps","pricing_title_caption":"Plattform\u00fcbergreifende Version, die auf jeder Website funktioniert","pricing_price":"ab 0 $ \/ Monat","pricing_price_caption":"Beginnen Sie mit einem kostenlosen Plan","pricing_benefits":[{"text":"Unbegrenzte Websites"},{"text":"Engagierter Kundensupport"},{"text":"Kostenlose Installationsunterst\u00fctzung"},{"text":"Flexibles Design"}],"pricing_button_text":"Zur Website hinzuf\u00fcgen","pricing_button_url":"#demo"}],"related_apps_title":"","related_apps_hidden":"0","author":"","image":[],"title":"","job":"","social_networks":[]},"_links":{"self":[{"href":"https:\/\/elfsight.com\/de\/wp-json\/wp\/v2\/pages\/20755","targetHints":{"allow":["GET"]}}],"collection":[{"href":"https:\/\/elfsight.com\/de\/wp-json\/wp\/v2\/pages"}],"about":[{"href":"https:\/\/elfsight.com\/de\/wp-json\/wp\/v2\/types\/page"}],"author":[{"embeddable":true,"href":"https:\/\/elfsight.com\/de\/wp-json\/wp\/v2\/users\/9"}],"replies":[{"embeddable":true,"href":"https:\/\/elfsight.com\/de\/wp-json\/wp\/v2\/comments?post=20755"}],"version-history":[{"count":3,"href":"https:\/\/elfsight.com\/de\/wp-json\/wp\/v2\/pages\/20755\/revisions"}],"predecessor-version":[{"id":22398,"href":"https:\/\/elfsight.com\/de\/wp-json\/wp\/v2\/pages\/20755\/revisions\/22398"}],"up":[{"embeddable":true,"href":"https:\/\/elfsight.com\/de\/wp-json\/wp\/v2\/pages\/7448"}],"wp:attachment":[{"href":"https:\/\/elfsight.com\/de\/wp-json\/wp\/v2\/media?parent=20755"}],"curies":[{"name":"wp","href":"https:\/\/api.w.org\/{rel}","templated":true}]}}