{"id":20749,"date":"2024-05-03T06:40:31","date_gmt":"2024-05-03T06:40:31","guid":{"rendered":"https:\/\/elfsight.com\/de\/?page_id=20749"},"modified":"2025-07-08T10:54:17","modified_gmt":"2025-07-08T10:54:17","slug":"jquery","status":"publish","type":"page","link":"https:\/\/elfsight.com\/de\/linkedin-feed-widget\/jquery\/","title":{"rendered":"LinkedIn Feed &#8211; jQuery"},"content":{"rendered":"<div class=\"application-platform-content-item-description application-platform-content-item\" id=\"description\" data-nav-section=\"description\"> <h2>LinkedIn-Feed kostenlos auf jQuery einbetten!<\/h2> <p>Das LinkedIn-Feed-Widget ist die ideale L\u00f6sung f\u00fcr Unternehmen zum Teilen und Bewerben ihre LinkedIn-Inhalte auf jQuery-Websites anzeigen: Beitr\u00e4ge, Bilder, Clips usw. anzeigen. Die Installation des Plugins dauert ein paar Minuten \u2013 es sind keine Programmier- oder technischen Kenntnisse erforderlich. <\/p> <p>Erstellen Sie einen Feed-Stil, der Ihren Website-Pr\u00e4ferenzen entspricht, und folgen Sie den Trends, indem Sie mit benutzerdefinierten Feed-Attributen, Vorlagen, Layouts und Beitragsstilen experimentieren. F\u00fcgen Sie einen Popup-Modus als Post-Click-Aktion hinzu, um die Aufmerksamkeit der Benutzer zu erregen. Genie\u00dfen Sie schlie\u00dflich das geweckte Vertrauen und mehr Branding-M\u00f6glichkeiten.<\/p> <ul><li><strong>Verbessern Sie Ihre Networking-Kan\u00e4le mit der LinkedIn-Unternehmensseite.<\/strong><br>Schaffen Sie neue Kontakte in der Welt des Handels und Steigern Sie die Lead-Generierung durch die Nutzung von Inhalten aus Ihrem LinkedIn-Profil.<\/li><li><strong>Erweitern Sie Ihre LinkedIn-Publikumsbasis.<\/strong> <br>Machen Sie innerhalb der jQuery-Website-Community Aufmerksamkeit auf Ihr LinkedIn und wecken Sie ein erhebliches Interesse an Ihrem Dienstleistungen.<\/li><li><strong>Steigern Sie die Echtheit Ihres Unternehmens.<\/strong> <br>Verleihen Sie Ihrer Marke einen zus\u00e4tzlichen Schub an Glaubw\u00fcrdigkeit und Vertrauensw\u00fcrdigkeit, indem Sie die neuesten LinkedIn-Aktivit\u00e4ten direkt auf der Website-Seite integrieren. <\/li><\/ul><p><b>Betten Sie das codefreie LinkedIn-Feed-Plugin auf der jQuery-Website ein, um Zuverl\u00e4ssigkeit aufzubauen, Authentizit\u00e4t zu f\u00f6rdern und die Networking-M\u00f6glichkeiten durch solide soziale Beweise zu erweitern.<\/b><\/p> <div class=\"faq\" data-component=\"FAQ\"><div class=\"faq-item\">\r\n\t\t\t\t\t<div class=\"faq-item-question\">\r\n\t\t\t\t\t\t<h3 class=\"faq-item-question-text\">Gibt es noch andere Tools f\u00fcr jQuery, die ich auf meiner Website verwenden kann? <\/h3>\r\n\r\n\t\t\t\t\t\t<div class=\"faq-item-question-icon\"><\/div>\r\n\t\t\t\t\t<\/div>\r\n\r\n\t\t\t\t\t<div class=\"faq-item-answer\">\r\n\t\t\t\t\t\t<div class=\"faq-item-answer-text\"><p>Ja, auf jeden Fall! Als jQuery-Benutzer k\u00f6nnen Sie von Elfsight eine gro\u00dfe Auswahl an codefreien Tools erhalten, die Sie Ihrer Website hinzuf\u00fcgen k\u00f6nnen, einschlie\u00dflich des LinkedIn-Feed-Plugins. Unabh\u00e4ngig von der Art Ihres Unternehmens oder Ihrer Nische in der Branche gibt es immer M\u00f6glichkeiten, Ihre St\u00e4rken unter Beweis zu stellen. Beispiel: <\/p><ul><li>Um eine andere Social-Media-App f\u00fcr Ihre jQuery-Website zu erstellen, sollten Sie <a href=\"https:\/\/elfsight.com\/pinterest-feed-widget\/\">Pinterest verwenden Feed<\/a> oder <a href=\"https:\/\/elfsight.com\/instagram-feed-instashow\/\">Instagram-Feed<\/a>-Widget neben dem LinkedIn-Feed. <\/li><li>Nutzen Sie die <a href=\"https:\/\/elfsight.com\/all-in-one-reviews-widget\/\">All-in-One-Bewertungen<\/a> oder <a href=\"https:\/\/elfsight.com\/google-reviews-widget\/\">Google Reviews<\/a>-Plugin zur Anzeige von Kundenfeedback. <\/li><li>Betten Sie den <a href=\"https:\/\/elfsight.com\/online-form-builder\/\">Form Builder<\/a> ein, um die Antworterfassung zu optimieren und Ihren jQuery-Benutzern die Kontaktaufnahme mit Ihnen zu erm\u00f6glichen. <\/li> <li>F\u00fcgen Sie den <a href=\"https:\/\/elfsight.com\/countdown-timer-widget\/\">Countdown-Timer<\/a> hinzu, um Spannung zu erzeugen und beim Publikum ein Gef\u00fchl der Knappheit zu erzeugen. <\/li><\/ul><p>Diese Beispiele kratzen nur an der Oberfl\u00e4che einer langen Liste von Erg\u00e4nzungen, die Ihren Gesch\u00e4ftsanforderungen gerecht werden k\u00f6nnen. Beginnen Sie mit dem codefreien LinkedIn-Feed und erkunden Sie sp\u00e4ter das verbleibende Sortiment an Widgets in unserem Katalog! <\/p><\/div>\r\n\t\t\t\t\t<\/div>\r\n\t\t\t\t<\/div><div class=\"faq-item\">\r\n\t\t\t\t\t<div class=\"faq-item-question\">\r\n\t\t\t\t\t\t<h3 class=\"faq-item-question-text\">Wie bette ich den LinkedIn-Feed kostenlos in jQuery ein? <\/h3>\r\n\r\n\t\t\t\t\t\t<div class=\"faq-item-question-icon\"><\/div>\r\n\t\t\t\t\t<\/div>\r\n\r\n\t\t\t\t\t<div class=\"faq-item-answer\">\r\n\t\t\t\t\t\t<div class=\"faq-item-answer-text\"><p>Um das LinkedIn-Feed-Widget kostenlos zu Ihrer jQuery-Website hinzuzuf\u00fcgen, f\u00fchren Sie die folgenden Schritte aus: <\/p> <ol><li>Passen Sie das Aussehen des codefreien LinkedIn-Feed-Plugins an Ihre \u00c4sthetik an. <\/li><li>Melden Sie sich bei Ihrem Elfsight-Dashboard an oder erstellen Sie ein kostenloses Konto. <\/li><li>Besorgen Sie sich den eindeutigen Einbettungscode zum Hinzuf\u00fcgen. <\/li><li>Gehen Sie zu Ihrer jQuery-Website. <\/li><li>F\u00fcgen Sie den Code in Ihren jQuery-Website-Builder ein, um das LinkedIn-Feed-Widget hinzuzuf\u00fcgen. So einfach ist das! <\/li><\/ol><p>Wie aus dem Kontext hervorgeht, besteht keine Notwendigkeit, sich beim Schreiben von Code zum Einbetten des Plugins hervorzutun. Erstellen Sie ganz einfach ein LinkedIn-Feed-Widget f\u00fcr eine jQuery-Website und genie\u00dfen Sie alle damit verbundenen Vorteile, w\u00e4hrend Sie gleichzeitig Ihr Publikum erweitern. <\/p><\/div>\r\n\t\t\t\t\t<\/div>\r\n\t\t\t\t<\/div><div class=\"faq-item\">\r\n\t\t\t\t\t<div class=\"faq-item-question\">\r\n\t\t\t\t\t\t<h3 class=\"faq-item-question-text\">Muss ich programmieren k\u00f6nnen oder \u00fcber Programmierkenntnisse verf\u00fcgen, um das LinkedIn-Feed-Plugin zur jQuery-Website hinzuzuf\u00fcgen? <\/h3>\r\n\r\n\t\t\t\t\t\t<div class=\"faq-item-question-icon\"><\/div>\r\n\t\t\t\t\t<\/div>\r\n\r\n\t\t\t\t\t<div class=\"faq-item-answer\">\r\n\t\t\t\t\t\t<div class=\"faq-item-answer-text\"><p>\u00dcberhaupt nicht. Programmierkenntnisse sind kein Muss. Sie k\u00f6nnen das LinkedIn-Feed-Plugin ganz einfach erstellen und zu Ihrer jQuery-Website hinzuf\u00fcgen, unabh\u00e4ngig von Ihrer Vertrautheit oder Erfahrung mit dem Programmieren. <\/p> <\/div>\r\n\t\t\t\t\t<\/div>\r\n\t\t\t\t<\/div><\/div><div class=\"application-platform-content-item-features application-platform-content-item\" id=\"features\" data-nav-section=\"features\"><\/div> <h2>Entdecken Sie die Liste der n\u00fctzlichsten Widget-Funktionen: <\/h2> <ul><li>Zeigen Sie verschiedene Arten von LinkedIn-Inhalten an: Blogbeitr\u00e4ge, Fotos, Videos usw. <\/li><li>Filtern Sie Feedbeitr\u00e4ge nach Schl\u00fcsselw\u00f6rtern, Hashtags oder URLs. <\/li><li>Call-to-Action-Buttons zur Steigerung des Engagements im LinkedIn-Feed Ihres Unternehmens. <\/li><li>Dynamischer Popup-Effekt, um die Aufmerksamkeit auf Ihre LinkedIn-Inhalte zu lenken. <\/li><li>Codefreie Anpassung mit erweiterten Designeinstellungen: vorgefertigte Vorlagen, Farbschemagenerator, mehrere Layoutdesigns, Beitragsstile, benutzerdefiniertes CSS und mehr. <\/li><\/ul><p><a href=\"#demo\">Testen Sie alle Personalisierungsfunktionen in der Widget-Demo mit vollem Funktionsumfang<\/a><\/p> <\/div> <div class=\"application-platform-content-item-installation  application-platform-content-item\" id=\"installation \" data-nav-section=\"installation \"> <h2>Wie f\u00fcge ich einen LinkedIn-Feed zu meiner jQuery-Website hinzu? <\/h2> <p>Um das LinkedIn-Feed-Plugin zu Ihrer jQuery-Website hinzuzuf\u00fcgen, f\u00fchren Sie die folgenden Aktionen aus: <\/p> <ol><li><b>Nutzen Sie unsere kostenlose Demo und beginnen Sie mit der Erstellung Ihres codefreien LinkedIn Feed-Plugin. <\/b><br> W\u00e4hlen Sie das gew\u00fcnschte Layout und die gew\u00fcnschten Spezifikationen des Widgets und speichern Sie die Korrekturen. <\/li> <li><b>Holen Sie sich den eindeutigen Code, der im Fenster von Elfsight Apps angezeigt wird. <\/b><br> Wenn die Erstellung Ihres pers\u00f6nlichen Plugins abgeschlossen ist, kopieren Sie den exklusiven Code im Popup und speichern Sie ihn zur weiteren Verwendung. <\/li> <li><b>Erste Schritte mit der Verwendung des Widgets auf Ihrer jQuery-Website. <\/b><br> Betten Sie den k\u00fcrzlich gespeicherten Code auf Ihrer Website ein und \u00fcbernehmen Sie die \u00c4nderungen. <\/li> <li><b>Das Setup wurde erfolgreich durchgef\u00fchrt. <\/b><br> Besuchen Sie Ihre Website, um zu sehen, wie das LinkedIn-Feed-Widget funktioniert. <\/li><\/ol> <p>Wenn Sie Fragen haben oder Probleme beim Hinzuf\u00fcgen des Widgets haben, wenden Sie sich bitte an unser Support-Team. Unsere Mitarbeiter helfen Ihnen gerne bei all Ihren Problemen mit dem codefreien LinkedIn-Feed-Plugin f\u00fcr jQuery-Websites.<\/p> <\/div>","protected":false},"excerpt":{"rendered":"","protected":false},"author":9,"featured_media":0,"parent":7448,"menu_order":0,"comment_status":"closed","ping_status":"closed","template":"templates\/template-application-platform.php","meta":{"publish_to_discourse":"","publish_post_category":"","wpdc_auto_publish_overridden":"","wpdc_topic_tags":"","wpdc_pin_topic":"","wpdc_pin_until":"","discourse_post_id":"","discourse_permalink":"","wpdc_publishing_response":"","wpdc_publishing_error":"","footnotes":""},"class_list":["post-20749","page","type-page","status-publish","hentry"],"yoast_head":"<!-- This site is optimized with the Yoast SEO plugin v25.3.1 - https:\/\/yoast.com\/wordpress\/plugins\/seo\/ -->\n<title>LinkedIn Feed \u2013 Feed-Plugin zu jQuery hinzuf\u00fcgen [kostenlos!]<\/title>\n<meta name=\"description\" content=\"Betten Sie das programmierungsfreie LinkedIn-Feed-Plugin in Ihre jQuery-Website ein. Erstellen Sie Ihr Widget mithilfe einer Live-Demo und vorgefertigten Vorlagen, um einen starken Social Proof zu erzielen.\" \/>\n<meta name=\"robots\" content=\"index, follow, max-snippet:-1, max-image-preview:large, max-video-preview:-1\" \/>\n<link rel=\"canonical\" href=\"https:\/\/elfsight.com\/de\/linkedin-feed-widget\/jquery\/\" \/>\n<meta property=\"og:locale\" content=\"de_DE\" \/>\n<meta property=\"og:type\" content=\"article\" \/>\n<meta property=\"og:title\" content=\"LinkedIn Feed \u2013 Feed-Plugin zu jQuery hinzuf\u00fcgen [kostenlos!]\" \/>\n<meta property=\"og:description\" content=\"Betten Sie das programmierungsfreie LinkedIn-Feed-Plugin in Ihre jQuery-Website ein. Erstellen Sie Ihr Widget mithilfe einer Live-Demo und vorgefertigten Vorlagen, um einen starken Social Proof zu erzielen.\" \/>\n<meta property=\"og:url\" content=\"https:\/\/elfsight.com\/de\/linkedin-feed-widget\/jquery\/\" \/>\n<meta property=\"og:site_name\" content=\"Elfsight DE\" \/>\n<meta property=\"article:modified_time\" content=\"2025-07-08T10:54:17+00:00\" \/>\n<meta name=\"twitter:card\" content=\"summary_large_image\" \/>\n<meta name=\"twitter:label1\" content=\"Gesch\u00e4tzte Lesezeit\" \/>\n\t<meta name=\"twitter:data1\" content=\"4\u00a0Minuten\" \/>\n<!-- \/ Yoast SEO plugin. -->","yoast_head_json":{"title":"LinkedIn Feed \u2013 Feed-Plugin zu jQuery hinzuf\u00fcgen [kostenlos!]","description":"Betten Sie das programmierungsfreie LinkedIn-Feed-Plugin in Ihre jQuery-Website ein. Erstellen Sie Ihr Widget mithilfe einer Live-Demo und vorgefertigten Vorlagen, um einen starken Social Proof zu erzielen.","robots":{"index":"index","follow":"follow","max-snippet":"max-snippet:-1","max-image-preview":"max-image-preview:large","max-video-preview":"max-video-preview:-1"},"canonical":"https:\/\/elfsight.com\/de\/linkedin-feed-widget\/jquery\/","og_locale":"de_DE","og_type":"article","og_title":"LinkedIn Feed \u2013 Feed-Plugin zu jQuery hinzuf\u00fcgen [kostenlos!]","og_description":"Betten Sie das programmierungsfreie LinkedIn-Feed-Plugin in Ihre jQuery-Website ein. Erstellen Sie Ihr Widget mithilfe einer Live-Demo und vorgefertigten Vorlagen, um einen starken Social Proof zu erzielen.","og_url":"https:\/\/elfsight.com\/de\/linkedin-feed-widget\/jquery\/","og_site_name":"Elfsight DE","article_modified_time":"2025-07-08T10:54:17+00:00","twitter_card":"summary_large_image","twitter_misc":{"Gesch\u00e4tzte Lesezeit":"4\u00a0Minuten"},"schema":{"@context":"https:\/\/schema.org","@graph":[{"@type":"WebPage","@id":"https:\/\/elfsight.com\/de\/linkedin-feed-widget\/jquery\/","url":"https:\/\/elfsight.com\/de\/linkedin-feed-widget\/jquery\/","name":"LinkedIn Feed \u2013 Feed-Plugin zu jQuery hinzuf\u00fcgen [kostenlos!]","isPartOf":{"@id":"https:\/\/elfsight.com\/de\/#website"},"datePublished":"2024-05-03T06:40:31+00:00","dateModified":"2025-07-08T10:54:17+00:00","description":"Betten Sie das programmierungsfreie LinkedIn-Feed-Plugin in Ihre jQuery-Website ein. Erstellen Sie Ihr Widget mithilfe einer Live-Demo und vorgefertigten Vorlagen, um einen starken Social Proof zu erzielen.","breadcrumb":{"@id":"https:\/\/elfsight.com\/de\/linkedin-feed-widget\/jquery\/#breadcrumb"},"inLanguage":"de","potentialAction":[{"@type":"ReadAction","target":["https:\/\/elfsight.com\/de\/linkedin-feed-widget\/jquery\/"]}]},{"@type":"BreadcrumbList","@id":"https:\/\/elfsight.com\/de\/linkedin-feed-widget\/jquery\/#breadcrumb","itemListElement":[{"@type":"ListItem","position":1,"name":"Home","item":"https:\/\/elfsight.com\/de\/"},{"@type":"ListItem","position":2,"name":"LinkedIn Feed","item":"https:\/\/elfsight.com\/de\/linkedin-feed-widget\/"},{"@type":"ListItem","position":3,"name":"LinkedIn Feed &#8211; jQuery"}]},{"@type":"WebSite","@id":"https:\/\/elfsight.com\/de\/#website","url":"https:\/\/elfsight.com\/de\/","name":"Elfsight DE","description":"Just another Elfsight Sites site","potentialAction":[{"@type":"SearchAction","target":{"@type":"EntryPoint","urlTemplate":"https:\/\/elfsight.com\/de\/?s={search_term_string}"},"query-input":{"@type":"PropertyValueSpecification","valueRequired":true,"valueName":"search_term_string"}}],"inLanguage":"de"}]}},"meta_box":{"industry":"","seo_heading":"","heading":"","description":"","cta_heading":"","cta_description":"","application":"7435","h1":"So betten Sie den LinkedIn-Feed kostenlos in jQuery ein!","h1_caption":"Zeigen Sie Beitr\u00e4ge aus Ihrem LinkedIn-Profil oder Ihrer Unternehmensseite auf Ihrer Website an und verbessern Sie so m\u00fchelos Ihre professionelle Online-Pr\u00e4senz auf Ihrer jQuery-Website.","application_category":[],"applications_title":"","applications_request_title":"","applications_request_button_text":"","hero_text":"","hero_video":"","hero_video_schema_markup":"","selling_points_title":"","selling_points_caption":"","selling_points":[],"selling_points_cta_text":"","features_title":"","features":"","ed_cta_examples_text":"","ed_cta_examples_hidden":"","ed_cta_demo_text":"","ed_cta_demo_hidden":"","why_caption":"","why_editor_title":"","why_editor_text":"","why_team_title":"","why_team_text":"","why_service_title":"","why_service_text":"","template_catalog_visible":"","template_catalog_title":"","template_catalog_text":"","template_catalog_categories_visible":"","demo_title":"Erstellen Sie Ihr LinkedIn-Feed-Plugin","demo_caption":"Konfigurieren Sie Ihren LinkedIn-Feed und f\u00fcgen Sie ihn kostenlos zu Ihrer jQuery-Website hinzu!","default_faq_hidden":"","app_template_category":[],"platform":"258","template_public_id":"","codecanyon_url":"","codecanyon_item_id":"","codecanyon_price":"","pricing_caption":"","pricing_elfsight_apps_hide_column":"","pricing_elfsight_apps_url":"","pricing_codecanyon_price_caption":"","integration_category":[],"integration_request_title":"","integration_request_cta":"","integration_platform":"","integrations":[],"platform_category":[],"video_schema_markup":"","price":"ab 0 $ \/ Monat","trial":"","benefits":[{"text":"Kostenlose Installationshilfe"},{"text":"Effektiver Kundenservice"},{"text":"14-t\u00e4gige R\u00fcckerstattungsgarantie"},{"text":"Zuk\u00fcnftige Updates"}],"button_url":"#demo","button_target_blank":"","button_nofollow":"","attributes":[{"name":"Installiert","content":"10,000 - 100,000"},{"name":"Reaktionsfreudig","content":"Ja"},{"name":"Kompatible Browser","content":"Firefox, Safari, Opera, Chrome, Edge"}],"tags":[],"tags_disable_links":"","hide_more_platforms":"","video_object":"","demo_hide_cta":"","demo_hide_cloud_options":"","pricing_title":"","pricing":[{"pricing_icon":"platform","pricing_title":"Elfsight Apps","pricing_title_caption":"Plattform\u00fcbergreifende Version, die zu jeder Website passt","pricing_price":"ab 0 $ \/ Monat","pricing_price_caption":"Beginnen Sie mit einem kostenlosen Plan","pricing_benefits":[{"text":"Unbegrenzte Websites"},{"text":"Support rund um die Uhr und gut dokumentiert"},{"text":"Kostenlose Installationsunterst\u00fctzung"},{"text":"Vollst\u00e4ndig anpassbar"}],"pricing_button_text":"Zur Website hinzuf\u00fcgen","pricing_button_url":"#demo"}],"related_apps_title":"","related_apps_hidden":"","author":"","image":[],"title":"","job":"","social_networks":[]},"_links":{"self":[{"href":"https:\/\/elfsight.com\/de\/wp-json\/wp\/v2\/pages\/20749","targetHints":{"allow":["GET"]}}],"collection":[{"href":"https:\/\/elfsight.com\/de\/wp-json\/wp\/v2\/pages"}],"about":[{"href":"https:\/\/elfsight.com\/de\/wp-json\/wp\/v2\/types\/page"}],"author":[{"embeddable":true,"href":"https:\/\/elfsight.com\/de\/wp-json\/wp\/v2\/users\/9"}],"replies":[{"embeddable":true,"href":"https:\/\/elfsight.com\/de\/wp-json\/wp\/v2\/comments?post=20749"}],"version-history":[{"count":1,"href":"https:\/\/elfsight.com\/de\/wp-json\/wp\/v2\/pages\/20749\/revisions"}],"predecessor-version":[{"id":20753,"href":"https:\/\/elfsight.com\/de\/wp-json\/wp\/v2\/pages\/20749\/revisions\/20753"}],"up":[{"embeddable":true,"href":"https:\/\/elfsight.com\/de\/wp-json\/wp\/v2\/pages\/7448"}],"wp:attachment":[{"href":"https:\/\/elfsight.com\/de\/wp-json\/wp\/v2\/media?parent=20749"}],"curies":[{"name":"wp","href":"https:\/\/api.w.org\/{rel}","templated":true}]}}