{"id":20741,"date":"2024-05-03T06:40:27","date_gmt":"2024-05-03T06:40:27","guid":{"rendered":"https:\/\/elfsight.com\/de\/?page_id=20741"},"modified":"2025-02-12T09:13:29","modified_gmt":"2025-02-12T09:13:29","slug":"magento","status":"publish","type":"page","link":"https:\/\/elfsight.com\/de\/linkedin-feed-widget\/magento\/","title":{"rendered":"LinkedIn Feed &#8211; Magento"},"content":{"rendered":"\n<div class=\"application-platform-content-item-description application-platform-content-item\" id=\"description\" data-nav-section=\"description\"> <h2>LinkedIn-Feed kostenlos in Magento einbetten!<\/h2> <p>Das codefreie LinkedIn-Feed-Plugin ist das perfekte Tool f\u00fcr Unternehmen Verbreiten und bewerben Sie ihre LinkedIn-Inhalte auf Magento-Websites: Zeigen Sie Beitr\u00e4ge, Bilder, Clips usw. an. Die Installation des Plugins erfolgt nahtlos \u2013 es sind keine Programmier- oder technischen Kenntnisse erforderlich.<\/p> <p>Erstellen Sie einen Look, der Ihren Website-Pr\u00e4ferenzen entspricht und bleiben Sie Ihrer Marke treu, indem Sie benutzerdefinierte Feed-Attribute, Vorlagen, Layouts und Beitragsstile ausprobieren. F\u00fcgen Sie einen Popup-Effekt als Post-Click-Aktion hinzu, um die Aufmerksamkeit der Benutzer zu erregen. Erleben Sie schlie\u00dflich eine erh\u00f6hte Glaubw\u00fcrdigkeit und mehr M\u00f6glichkeiten zur Markenbildung. <\/p> <ul><li><strong>Erweitern Sie Ihre Networking-Kan\u00e4le mit der LinkedIn-Unternehmensseite.<\/strong><br>K\u00f6nnen Sie neue Kontakte in der Welt des Handels kn\u00fcpfen und erh\u00f6hen Sie die Lead-Anzahl mit Inhalten aus Ihrem LinkedIn-Profil. <\/li><li><strong>Erweitern Sie Ihre LinkedIn-Zielgruppenbasis.<\/strong> <br>Stellen Sie Ihre LinkedIn-Pr\u00e4senz innerhalb der Magento-Website-Community ins Rampenlicht und wecken Sie gro\u00dfes Interesse an Ihren Angeboten. <\/li><li><strong>Steigern Sie die Authentizit\u00e4t Ihres Unternehmens.<\/strong> <br>Geben Sie Ihrer Marke einen zus\u00e4tzlichen Glaubw\u00fcrdigkeitsschub und erh\u00f6hen Sie die Vertrauensw\u00fcrdigkeit, indem Sie die neuesten LinkedIn-Aktivit\u00e4ten direkt auf der Website-Seite integrieren. <\/li><\/ul><p><b>F\u00fcgen Sie das LinkedIn-Feed-Plugin zur Magento-Website hinzu, um Glaubw\u00fcrdigkeit und Echtheit zu f\u00f6rdern und Ihr Netzwerk zu erweitern, indem Sie \u00fcberzeugende soziale Beweise nutzen.<\/b><\/p> <div class=\"faq\" data-component=\"FAQ\"><div class=\"faq-item\">\r\n\t\t\t\t\t<div class=\"faq-item-question\">\r\n\t\t\t\t\t\t<h3 class=\"faq-item-question-text\">Gibt es noch andere Tools f\u00fcr Magento, die ich auf meiner Website verwenden kann? <\/h3>\r\n\r\n\t\t\t\t\t\t<div class=\"faq-item-question-icon\"><\/div>\r\n\t\t\t\t\t<\/div>\r\n\r\n\t\t\t\t\t<div class=\"faq-item-answer\">\r\n\t\t\t\t\t\t<div class=\"faq-item-answer-text\"><p>Ja, absolut! Als Benutzer einer Magento-Website k\u00f6nnen Sie Dutzende codefreier Tools von Elfsight erhalten, und das LinkedIn-Feed-Plugin ist nur eines dieser Angebote. Unabh\u00e4ngig von der Art Ihres Unternehmens oder Ihrer Nische in der Branche ist es immer von Vorteil, nach M\u00f6glichkeiten zu suchen, Ihre St\u00e4rken unter Beweis zu stellen. Zum Beispiel: <\/p><ul><li>Um eine andere Social-Media-App f\u00fcr Ihre Magento-Website zu erstellen, wie zum Beispiel das codefreie LinkedIn-Feed-Plugin, sollten Sie mit <a href=\"https:\/\/elfsight.com\/de\/pinterest-feed-widget\/\">Pinterest-Feed<\/a> oder <a href=\"https:\/\/elfsight.com\/instagram-feed-instashow\/\">Instagram-Feed<\/a>-Widget. <\/li><li>Holen Sie sich die <a href=\"https:\/\/elfsight.com\/all-in-one-reviews-widget\/\">All-in-One-Bewertungen<\/a> oder <a href=\"\/\/elfsight.com\/google-reviews-widget\/\">Google Reviews<\/a>-Plugin zur Anzeige von Kundenfeedback. <\/li><li>Betten Sie das <a href=\"https:\/\/elfsight.com\/online-form-builder\/\">Form Builder<\/a>-Widget ein, um Antworten zu sammeln und Benutzerinteraktionen auf Ihrer Magento-Website zu erm\u00f6glichen. <\/li> <li>F\u00fcgen Sie den <a href=\"https:\/\/elfsight.com\/countdown-timer-widget\/\">Countdown-Timer<\/a> hinzu, um Vorfreude zu wecken und beim Publikum ein Gef\u00fchl der Knappheit zu erzeugen. <\/li><\/ul><p>Und denken Sie daran, dies sind nur einige Beispiele aus einer langen Liste von Erg\u00e4nzungen, die Ihre Gesch\u00e4ftsanforderungen abdecken k\u00f6nnen. Beginnen Sie mit LinkedIn Feed und tauchen Sie tiefer in unseren Katalog ein, um weitere Widget-L\u00f6sungen hinzuzuf\u00fcgen! <\/p><\/div>\r\n\t\t\t\t\t<\/div>\r\n\t\t\t\t<\/div><div class=\"faq-item\">\r\n\t\t\t\t\t<div class=\"faq-item-question\">\r\n\t\t\t\t\t\t<h3 class=\"faq-item-question-text\">Wie bette ich den LinkedIn-Feed kostenlos in Magento ein? <\/h3>\r\n\r\n\t\t\t\t\t\t<div class=\"faq-item-question-icon\"><\/div>\r\n\t\t\t\t\t<\/div>\r\n\r\n\t\t\t\t\t<div class=\"faq-item-answer\">\r\n\t\t\t\t\t\t<div class=\"faq-item-answer-text\"><p>Um das codefreie LinkedIn-Feed-Plugin kostenlos zu Ihrer Magento-Website hinzuzuf\u00fcgen, f\u00fchren Sie die folgenden Schritte aus: <\/p> <ol><li>Passen Sie das Erscheinungsbild des LinkedIn-Feed-Widgets nach Ihren W\u00fcnschen an. <\/li><li>Melden Sie sich in Ihrem Elfsight-Admin-Panel an oder registrieren Sie ein kostenloses Profil. <\/li><li>Erhalten Sie den eindeutigen Installationscode zum Einbetten. <\/li><li>Gehen Sie zu Ihrer Magento-Website. <\/li><li>F\u00fcgen Sie den Code in Ihren Magento-Website-Builder ein, um das LinkedIn-Feed-Plugin hinzuzuf\u00fcgen. Sie sind fertig! <\/li><\/ol><p>Es ist offensichtlich, dass es nicht erforderlich ist, das Schreiben von Code zu beherrschen, um das Plugin einzubetten. Erstellen Sie ganz einfach das LinkedIn-Feed-Widget f\u00fcr eine Magento-Website und erleben Sie alle Vorteile, die sich auf dem Weg zur Erweiterung Ihres Publikums ergeben. <\/p><\/div>\r\n\t\t\t\t\t<\/div>\r\n\t\t\t\t<\/div><div class=\"faq-item\">\r\n\t\t\t\t\t<div class=\"faq-item-question\">\r\n\t\t\t\t\t\t<h3 class=\"faq-item-question-text\">Muss ich programmieren k\u00f6nnen oder \u00fcber Programmierkenntnisse verf\u00fcgen, um das LinkedIn-Feed-Widget zur Magento-Website hinzuzuf\u00fcgen? <\/h3>\r\n\r\n\t\t\t\t\t\t<div class=\"faq-item-question-icon\"><\/div>\r\n\t\t\t\t\t<\/div>\r\n\r\n\t\t\t\t\t<div class=\"faq-item-answer\">\r\n\t\t\t\t\t\t<div class=\"faq-item-answer-text\"><p>\u00dcberhaupt nicht. Es ist absolut unn\u00f6tig, \u00fcber Programmierkenntnisse zu verf\u00fcgen. Sie k\u00f6nnen das LinkedIn-Feed-Plugin erstellen und zu Ihrer Magento-Website hinzuf\u00fcgen, unabh\u00e4ngig von Ihrem bisherigen Hintergrund oder Ihren Code-Kenntnissen. <\/p> <\/div>\r\n\t\t\t\t\t<\/div>\r\n\t\t\t\t<\/div><\/div><div class=\"application-platform-content-item-features application-platform-content-item\" id=\"features\" data-nav-section=\"features\"><\/div> <h2>Im Folgenden sind die Hauptfunktionen des Widgets aufgef\u00fchrt: <\/h2> <ul><li>Zeigen Sie verschiedene Arten von LinkedIn-Inhalten an: Blogbeitr\u00e4ge , Bilder, Videos usw. <\/li><li>Filtern Sie Feedbeitr\u00e4ge nach Schl\u00fcsselw\u00f6rtern, Hashtags oder URLs. <\/li><li>CTA-Schaltfl\u00e4chen zur Verbesserung der Sichtbarkeit des LinkedIn-Feeds Ihres Unternehmens. <\/li><li>Dynamischer Popup-Effekt, um die Aufmerksamkeit der Leute auf Ihre LinkedIn-Inhalte zu lenken. <\/li><li>Erweiterte Anpassung ohne Programmieraufwand: vorgefertigte Vorlagen, Farbschemagenerator, Layoutdesigns, Beitragsstile, benutzerdefiniertes CSS und mehr. <\/li><\/ul><p><a href=\"#demo\">Die vollst\u00e4ndigen Funktionen des Widgets erfahren Sie in der Demo auf dieser Seite<\/a><\/p> <\/div> <div class=\"application-platform-content-item-installation application-platform-content-item\" id=\"installation\" data-nav-section=\"installation\"> <h2>Wie f\u00fcge ich einen LinkedIn-Feed zu meiner Magento-Website hinzu? <\/h2> <p>Um das codefreie LinkedIn-Feed-Widget in Ihre Magento-Website einzubetten, gehen Sie wie folgt vor: <\/p> <ol><li><b>Verwenden Sie unseren kostenlosen Editor und beginnen Sie mit der Erstellung Ihres individuellen LinkedIn-Feed-Widgets. <\/b><br> Geben Sie das benutzerdefinierte Aussehen und die Eigenschaften des Plugins an und speichern Sie die Korrekturen. <\/li> <li><b>Erhalten Sie den pers\u00f6nlichen Code, der in der speziellen Form auf Elfsight Apps angezeigt wird. <\/b><br> Direkt nachdem die Anpassung Ihres Plugins abgeschlossen ist, kopieren Sie den einzelnen Code im erscheinenden Fenster und speichern Sie ihn f\u00fcr die zuk\u00fcnftige Verwendung. <\/li> <li><b>Beginnen Sie mit der Nutzung des Widgets auf Ihrer Magento-Website. <\/b><br> F\u00fcgen Sie den k\u00fcrzlich auf Ihrer Website gespeicherten Code hinzu und speichern Sie die \u00c4nderungen. <\/li> <li><b>Fertig! Der Einbettungsvorgang wurde erfolgreich durchgef\u00fchrt. <\/b><br> Besuchen Sie Ihre Website, um die Leistung des LinkedIn-Feed-Widgets zu \u00fcberpr\u00fcfen. <\/li><\/ol> <p>Wenn Sie Schwierigkeiten beim Hinzuf\u00fcgen des Widgets haben, scheuen Sie sich nicht, unseren Support-Mitarbeitern zu schreiben. Unsere Spezialisten helfen Ihnen gerne bei allen Problemen mit dem codefreien LinkedIn-Feed-Plugin f\u00fcr Magento-Websites. <\/p> <\/div>\n","protected":false},"excerpt":{"rendered":"","protected":false},"author":9,"featured_media":0,"parent":7448,"menu_order":0,"comment_status":"closed","ping_status":"closed","template":"templates\/template-application-platform.php","meta":{"publish_to_discourse":"","publish_post_category":"","wpdc_auto_publish_overridden":"","wpdc_topic_tags":"","wpdc_pin_topic":"","wpdc_pin_until":"","discourse_post_id":"","discourse_permalink":"","wpdc_publishing_response":"","wpdc_publishing_error":"","footnotes":""},"class_list":["post-20741","page","type-page","status-publish","hentry"],"yoast_head":"<!-- This site is optimized with the Yoast SEO plugin v25.3.1 - https:\/\/yoast.com\/wordpress\/plugins\/seo\/ -->\n<title>LinkedIn Feed \u2013 Feed-Erweiterung zu Magento hinzuf\u00fcgen [kostenlos!]<\/title>\n<meta name=\"description\" content=\"Betten Sie die programmierungsfreie LinkedIn-Feed-Erweiterung in Ihre Magento-Website ein. Erstellen Sie Ihr Widget mithilfe einer Live-Demo und vorgefertigten Vorlagen, um einen starken Social Proof zu erzielen.\" \/>\n<meta name=\"robots\" content=\"index, follow, max-snippet:-1, max-image-preview:large, max-video-preview:-1\" \/>\n<link rel=\"canonical\" href=\"https:\/\/elfsight.com\/de\/linkedin-feed-widget\/magento\/\" \/>\n<meta property=\"og:locale\" content=\"de_DE\" \/>\n<meta property=\"og:type\" content=\"article\" \/>\n<meta property=\"og:title\" content=\"LinkedIn Feed \u2013 Feed-Erweiterung zu Magento hinzuf\u00fcgen [kostenlos!]\" \/>\n<meta property=\"og:description\" content=\"Betten Sie die programmierungsfreie LinkedIn-Feed-Erweiterung in Ihre Magento-Website ein. Erstellen Sie Ihr Widget mithilfe einer Live-Demo und vorgefertigten Vorlagen, um einen starken Social Proof zu erzielen.\" \/>\n<meta property=\"og:url\" content=\"https:\/\/elfsight.com\/de\/linkedin-feed-widget\/magento\/\" \/>\n<meta property=\"og:site_name\" content=\"Elfsight DE\" \/>\n<meta property=\"article:modified_time\" content=\"2025-02-12T09:13:29+00:00\" \/>\n<meta name=\"twitter:card\" content=\"summary_large_image\" \/>\n<meta name=\"twitter:label1\" content=\"Gesch\u00e4tzte Lesezeit\" \/>\n\t<meta name=\"twitter:data1\" content=\"5\u00a0Minuten\" \/>\n<!-- \/ Yoast SEO plugin. -->","yoast_head_json":{"title":"LinkedIn Feed \u2013 Feed-Erweiterung zu Magento hinzuf\u00fcgen [kostenlos!]","description":"Betten Sie die programmierungsfreie LinkedIn-Feed-Erweiterung in Ihre Magento-Website ein. Erstellen Sie Ihr Widget mithilfe einer Live-Demo und vorgefertigten Vorlagen, um einen starken Social Proof zu erzielen.","robots":{"index":"index","follow":"follow","max-snippet":"max-snippet:-1","max-image-preview":"max-image-preview:large","max-video-preview":"max-video-preview:-1"},"canonical":"https:\/\/elfsight.com\/de\/linkedin-feed-widget\/magento\/","og_locale":"de_DE","og_type":"article","og_title":"LinkedIn Feed \u2013 Feed-Erweiterung zu Magento hinzuf\u00fcgen [kostenlos!]","og_description":"Betten Sie die programmierungsfreie LinkedIn-Feed-Erweiterung in Ihre Magento-Website ein. Erstellen Sie Ihr Widget mithilfe einer Live-Demo und vorgefertigten Vorlagen, um einen starken Social Proof zu erzielen.","og_url":"https:\/\/elfsight.com\/de\/linkedin-feed-widget\/magento\/","og_site_name":"Elfsight DE","article_modified_time":"2025-02-12T09:13:29+00:00","twitter_card":"summary_large_image","twitter_misc":{"Gesch\u00e4tzte Lesezeit":"5\u00a0Minuten"},"schema":{"@context":"https:\/\/schema.org","@graph":[{"@type":"WebPage","@id":"https:\/\/elfsight.com\/de\/linkedin-feed-widget\/magento\/","url":"https:\/\/elfsight.com\/de\/linkedin-feed-widget\/magento\/","name":"LinkedIn Feed \u2013 Feed-Erweiterung zu Magento hinzuf\u00fcgen [kostenlos!]","isPartOf":{"@id":"https:\/\/elfsight.com\/de\/#website"},"datePublished":"2024-05-03T06:40:27+00:00","dateModified":"2025-02-12T09:13:29+00:00","description":"Betten Sie die programmierungsfreie LinkedIn-Feed-Erweiterung in Ihre Magento-Website ein. Erstellen Sie Ihr Widget mithilfe einer Live-Demo und vorgefertigten Vorlagen, um einen starken Social Proof zu erzielen.","breadcrumb":{"@id":"https:\/\/elfsight.com\/de\/linkedin-feed-widget\/magento\/#breadcrumb"},"inLanguage":"de","potentialAction":[{"@type":"ReadAction","target":["https:\/\/elfsight.com\/de\/linkedin-feed-widget\/magento\/"]}]},{"@type":"BreadcrumbList","@id":"https:\/\/elfsight.com\/de\/linkedin-feed-widget\/magento\/#breadcrumb","itemListElement":[{"@type":"ListItem","position":1,"name":"Home","item":"https:\/\/elfsight.com\/de\/"},{"@type":"ListItem","position":2,"name":"LinkedIn Feed","item":"https:\/\/elfsight.com\/de\/linkedin-feed-widget\/"},{"@type":"ListItem","position":3,"name":"LinkedIn Feed &#8211; Magento"}]},{"@type":"WebSite","@id":"https:\/\/elfsight.com\/de\/#website","url":"https:\/\/elfsight.com\/de\/","name":"Elfsight DE","description":"Just another Elfsight Sites site","potentialAction":[{"@type":"SearchAction","target":{"@type":"EntryPoint","urlTemplate":"https:\/\/elfsight.com\/de\/?s={search_term_string}"},"query-input":{"@type":"PropertyValueSpecification","valueRequired":true,"valueName":"search_term_string"}}],"inLanguage":"de"}]}},"meta_box":{"industry":"","seo_heading":"","heading":"","description":"","cta_heading":"","cta_description":"","application":"7435","h1":"So betten Sie den LinkedIn-Feed kostenlos auf Magento ein!","h1_caption":"Zeigen Sie Beitr\u00e4ge aus Ihrem LinkedIn-Profil oder Ihrer Unternehmensseite auf Ihrer Website an und verbessern Sie so m\u00fchelos Ihre professionelle Online-Pr\u00e4senz auf Ihrer Magento-Website.","application_category":[],"applications_title":"","applications_request_title":"","applications_request_button_text":"","hero_text":"","hero_video":"","hero_video_schema_markup":"","selling_points_title":"","selling_points_caption":"","selling_points":[],"selling_points_cta_text":"","features_title":"","features":"","ed_cta_examples_text":"","ed_cta_examples_hidden":"","ed_cta_demo_text":"","ed_cta_demo_hidden":"","why_caption":"","why_editor_title":"","why_editor_text":"","why_team_title":"","why_team_text":"","why_service_title":"","why_service_text":"","template_catalog_visible":"0","template_catalog_title":"","template_catalog_text":"","template_catalog_categories_visible":"","demo_title":"Erstellen Sie Ihre LinkedIn-Feed-Erweiterung","demo_caption":"Konfigurieren Sie Ihren LinkedIn-Feed und f\u00fcgen Sie ihn kostenlos zu Ihrer Magento-Website hinzu!","default_faq_hidden":"","app_template_category":[],"platform":"256","template_public_id":"","codecanyon_url":"","codecanyon_item_id":"","codecanyon_price":"","pricing_caption":"","pricing_elfsight_apps_hide_column":"","pricing_elfsight_apps_url":"","pricing_codecanyon_price_caption":"","integration_category":[],"integration_request_title":"","integration_request_cta":"","integration_platform":"","integrations":[],"platform_category":[],"video_schema_markup":"","price":"ab 0 $ \/ Monat","trial":"","benefits":[{"text":"Kostenlose Installationsunterst\u00fctzung"},{"text":"Effektiver Kundenservice"},{"text":"14-t\u00e4gige Geld-zur\u00fcck-Garantie"},{"text":"St\u00e4ndige Aktualisierung"}],"button_url":"#demo","button_target_blank":"0","button_nofollow":"0","attributes":[{"name":"Installiert","content":"10,000 - 100,000"},{"name":"Reaktionsfreudig","content":"Ja"},{"name":"Kompatible Browser","content":"Firefox, Safari, Opera, Chrome, Edge"}],"tags":[],"tags_disable_links":"0","hide_more_platforms":"0","video_object":"","demo_hide_cta":"0","demo_hide_cloud_options":"0","pricing_title":"","pricing":[{"pricing_icon":"platform","pricing_title":"Elfsight Apps","pricing_title_caption":"Plattformunabh\u00e4ngige digitale L\u00f6sung, die auf jeder Website funktioniert","pricing_price":"ab 0 $ \/ Monat","pricing_price_caption":"Beginnen Sie mit einem kostenlosen Plan","pricing_benefits":[{"text":"Unbegrenzte Websites"},{"text":"Kundensupport rund um die Uhr"},{"text":"Kostenloser Installationssupport"},{"text":"Flexibles Design"}],"pricing_button_text":"Zur Website hinzuf\u00fcgen","pricing_button_url":"#demo"}],"related_apps_title":"","related_apps_hidden":"0","author":"","image":[],"title":"","job":"","social_networks":[]},"_links":{"self":[{"href":"https:\/\/elfsight.com\/de\/wp-json\/wp\/v2\/pages\/20741","targetHints":{"allow":["GET"]}}],"collection":[{"href":"https:\/\/elfsight.com\/de\/wp-json\/wp\/v2\/pages"}],"about":[{"href":"https:\/\/elfsight.com\/de\/wp-json\/wp\/v2\/types\/page"}],"author":[{"embeddable":true,"href":"https:\/\/elfsight.com\/de\/wp-json\/wp\/v2\/users\/9"}],"replies":[{"embeddable":true,"href":"https:\/\/elfsight.com\/de\/wp-json\/wp\/v2\/comments?post=20741"}],"version-history":[{"count":2,"href":"https:\/\/elfsight.com\/de\/wp-json\/wp\/v2\/pages\/20741\/revisions"}],"predecessor-version":[{"id":23980,"href":"https:\/\/elfsight.com\/de\/wp-json\/wp\/v2\/pages\/20741\/revisions\/23980"}],"up":[{"embeddable":true,"href":"https:\/\/elfsight.com\/de\/wp-json\/wp\/v2\/pages\/7448"}],"wp:attachment":[{"href":"https:\/\/elfsight.com\/de\/wp-json\/wp\/v2\/media?parent=20741"}],"curies":[{"name":"wp","href":"https:\/\/api.w.org\/{rel}","templated":true}]}}