{"id":20739,"date":"2024-05-03T06:40:25","date_gmt":"2024-05-03T06:40:25","guid":{"rendered":"https:\/\/elfsight.com\/de\/?page_id=20739"},"modified":"2025-02-12T08:46:56","modified_gmt":"2025-02-12T08:46:56","slug":"blogger","status":"publish","type":"page","link":"https:\/\/elfsight.com\/de\/linkedin-feed-widget\/blogger\/","title":{"rendered":"LinkedIn Feed &#8211; Blogger"},"content":{"rendered":"\n<div class=\"application-platform-content-item-description application-platform-content-item\" id=\"description\" data-nav-section=\"description\"> <h2>LinkedIn-Feed kostenlos in Blogger einbetten!<\/h2> <p>Das LinkedIn-Feed-Plugin ist das beste Tool f\u00fcr Unternehmen zur Pr\u00e4sentation und Werbung Ihre LinkedIn-Inhalte auf Blogger-Websites anzeigen: Beitr\u00e4ge, Bilder, Videos usw. anzeigen. Die Installation des Plugins erfordert ein paar Klicks auf eine Schaltfl\u00e4che \u2013 es sind keine Programmier- oder Programmierkenntnisse erforderlich. <\/p> <p>Erstellen Sie einen Look, der zur \u00c4sthetik Ihrer Website passt, und bleiben Sie Ihrer Marke treu, indem Sie benutzerdefinierte Feed-Elemente, Widget-Vorlagen, Layouts und Beitragsstile kombinieren. F\u00fcgen Sie einen Popup-Effekt als Post-Click-Aktion hinzu, um die Aufmerksamkeit der Benutzer zu erregen. Erleben Sie schlie\u00dflich eine erh\u00f6hte Glaubw\u00fcrdigkeit und eine bessere Engagement-Rate. <\/p> <ul><li><strong>St\u00e4rken Sie Ihre Networking-F\u00e4higkeiten mit der LinkedIn-Unternehmensseite.<\/strong><br>Schaffen Sie neue Kontakte in der Welt des Handels und erh\u00f6hen Sie die Anzahl der Leads mit Inhalten aus Ihrem LinkedIn-Profil . <\/li><li><strong>Erh\u00f6hen Sie Ihre LinkedIn-Fangemeinde.<\/strong> <br>Heben Sie Ihre LinkedIn-Pr\u00e4senz bei den Nutzern der Blogger-Website hervor und wecken Sie gro\u00dfes Interesse an Ihren Angeboten.<\/li><li><strong>Verbessern die Authentizit\u00e4t Ihres Unternehmens.<\/strong> <br>Verleihen Sie Ihrer Marke eine zus\u00e4tzliche Ebene der Glaubw\u00fcrdigkeit und Vertrauensw\u00fcrdigkeit, indem Sie die neuesten LinkedIn-Aktivit\u00e4ten direkt auf der Website-Seite pr\u00e4sentieren.<\/li><\/ul><p><b>F\u00fcgen Sie das codefreie LinkedIn-Feed-Widget zur Blogger-Website hinzu, um Vertrauen aufzubauen, Authentizit\u00e4t zu f\u00f6rdern und die Vernetzung durch solide soziale Beweise zu erweitern. <\/b><\/p> <div class=\"faq\" data-component=\"FAQ\"><div class=\"faq-item\">\r\n\t\t\t\t\t<div class=\"faq-item-question\">\r\n\t\t\t\t\t\t<h3 class=\"faq-item-question-text\">Gibt es noch andere Tools f\u00fcr Blogger, die ich auf meiner Website verwenden kann? <\/h3>\r\n\r\n\t\t\t\t\t\t<div class=\"faq-item-question-icon\"><\/div>\r\n\t\t\t\t\t<\/div>\r\n\r\n\t\t\t\t\t<div class=\"faq-item-answer\">\r\n\t\t\t\t\t\t<div class=\"faq-item-answer-text\"><p>Ja, auf jeden Fall! Als Blogger-Benutzer stehen Ihnen unz\u00e4hlige codefreie Tools von Elfsight zur Verf\u00fcgung, und das LinkedIn-Feed-Plugin ist nur eine von vielen verf\u00fcgbaren Optionen. Unabh\u00e4ngig von Ihrer Gesch\u00e4ftsnische oder Branche ist es immer von Vorteil, nach M\u00f6glichkeiten zu suchen, Ihre St\u00e4rken unter Beweis zu stellen. Hier sind ein paar M\u00f6glichkeiten: <\/p><ul><li>Um eine andere Social-Media-App f\u00fcr Ihre Blogger-Website zu erstellen, die dem LinkedIn-Feed \u00e4hnelt, sollten Sie die <a href=\"https:\/\/elfsight.com\/pinterest-Feed-widget\/\">Pinterest-Feed<\/a> oder <a href=\"https:\/\/elfsight.com\/instagram-feed-instashow\/\">Instagram-Feed<\/a>-Widget. <\/li><li>Nutzen Sie die <a href=\"https:\/\/elfsight.com\/all-in-one-reviews-widget\/\">All-in-One-Bewertungen<\/a> oder <a href=\"https:\/\/elfsight.com\/google-reviews-widget\/\">Google Reviews<\/a>-Plugin zur Anzeige wertvoller Kundenfeedbacks. <\/li><li>Betten Sie den <a href=\"https:\/\/elfsight.com\/online-form-builder\/\">Form Builder<\/a> ein, um die Antworterfassung zu optimieren und den Benutzern Ihrer Blogger-Website die Kontaktaufnahme mit Ihnen zu erm\u00f6glichen. <\/li> <li>F\u00fcgen Sie den <a href=\"https:\/\/elfsight.com\/countdown-timer-widget\/\">Countdown-Timer<\/a> hinzu, um Engagement zu generieren und bei Ihrem Publikum ein Gef\u00fchl der Knappheit zu erzeugen. <\/li><\/ul><p>Und denken Sie daran, diese Vorschl\u00e4ge sind nur der Anfang. Entdecken Sie den Rest unseres Widget-Katalogs, den Sie nach der Implementierung des LinkedIn-Feed-Plugins auf Ihrer Website hinzuf\u00fcgen k\u00f6nnen, um noch mehr M\u00f6glichkeiten zu entdecken, Ihre spezifischen Gesch\u00e4ftsanforderungen abzudecken! <\/p><\/div>\r\n\t\t\t\t\t<\/div>\r\n\t\t\t\t<\/div><div class=\"faq-item\">\r\n\t\t\t\t\t<div class=\"faq-item-question\">\r\n\t\t\t\t\t\t<h3 class=\"faq-item-question-text\">Wie bette ich den LinkedIn-Feed kostenlos auf Blogger ein? <\/h3>\r\n\r\n\t\t\t\t\t\t<div class=\"faq-item-question-icon\"><\/div>\r\n\t\t\t\t\t<\/div>\r\n\r\n\t\t\t\t\t<div class=\"faq-item-answer\">\r\n\t\t\t\t\t\t<div class=\"faq-item-answer-text\"><p>Wenn Sie das codefreie LinkedIn-Feed-Plugin kostenlos zu Ihrer Blogger-Website hinzuf\u00fcgen m\u00f6chten, f\u00fchren Sie diese Schritte aus unten: <\/p> <ol><li>Passen Sie das Erscheinungsbild des LinkedIn-Feed-Widgets an, um die Designauswahl Ihrer Website widerzuspiegeln. <\/li><li>Melden Sie sich bei Ihrem Elfsight-Dashboard an oder richten Sie ein kostenloses Profil ein. <\/li><li>Erhalten Sie den automatisch generierten Einbettungscode, den Sie Ihrer Website hinzuf\u00fcgen k\u00f6nnen. <\/li><li>Greifen Sie auf Ihre Blogger-Website zu. <\/li><li>F\u00fcgen Sie den Code in den Editor Ihrer Blogger-Website ein, um das LinkedIn-Feed-Widget hinzuzuf\u00fcgen. Du bist fertig! <\/li><\/ol><p>Es ist offensichtlich, dass es nicht erforderlich ist, das Schreiben von Code zu beherrschen, um das Plugin einzubetten. Erstellen Sie ganz einfach das codefreie LinkedIn-Feed-Widget f\u00fcr eine Blogger-Website und genie\u00dfen Sie die verschiedenen Vorteile, die sich auf dem Weg zur Erweiterung Ihres Publikums ergeben. <\/p><\/div>\r\n\t\t\t\t\t<\/div>\r\n\t\t\t\t<\/div><div class=\"faq-item\">\r\n\t\t\t\t\t<div class=\"faq-item-question\">\r\n\t\t\t\t\t\t<h3 class=\"faq-item-question-text\">Muss ich programmieren k\u00f6nnen oder \u00fcber Programmierkenntnisse verf\u00fcgen, um das LinkedIn-Feed-Plugin zu Blogger hinzuzuf\u00fcgen? <\/h3>\r\n\r\n\t\t\t\t\t\t<div class=\"faq-item-question-icon\"><\/div>\r\n\t\t\t\t\t<\/div>\r\n\r\n\t\t\t\t\t<div class=\"faq-item-answer\">\r\n\t\t\t\t\t\t<div class=\"faq-item-answer-text\"><p>Nein, Sie sind nicht dazu verpflichtet. Programmierkenntnisse sind nicht erforderlich. Sie haben die volle M\u00f6glichkeit, das LinkedIn-Feed-Plugin zu erstellen und zu Ihrer Blogger-Website hinzuzuf\u00fcgen, auch ohne spezielle Kenntnisse oder vorherige Code-Erfahrung. <\/p> <\/div>\r\n\t\t\t\t\t<\/div>\r\n\t\t\t\t<\/div><\/div><div class=\"application-platform-content-item-features application-platform-content-item\" id=\"features\" data-nav-section=\"features\"><\/div> <h2>Die wertvollsten Widget-Funktionen enthalten<\/h2> <ul><li>Zeigen Sie eine Vielzahl von LinkedIn-Inhalten an: Blogbeitr\u00e4ge, Fotos , Videos usw. <\/li><li>Gruppieren Sie Feedbeitr\u00e4ge nach Schl\u00fcsselw\u00f6rtern, Hashtags oder URL-Filtern. <\/li><li>F\u00fcgen Sie die Call-to-Action-Schaltfl\u00e4chen hinzu, um das Engagement in Ihrem LinkedIn-Unternehmens-Feed zu steigern. <\/li><li>Auff\u00e4lliger Popup-Effekt, um die Aufmerksamkeit auf Ihre LinkedIn-Inhalte zu lenken. <\/li><li>Erweiterte Anpassung ohne Programmieraufwand: vorgefertigte Vorlagen, Farbschema-Ersteller, mehrere Layout-Designs, Beitragsstile, benutzerdefiniertes CSS usw. <\/li><\/ul><p><a href=\"#demo\">Erkunden Sie alle Einstellungen in der voll funktionsf\u00e4higen Widget-Demo<\/a><\/p> <\/div> <div class=\"application-platform-content-item-installation application-platform-content-item\" id=\"installation\" data-nav-section=\"installation\"> <h2>Wie kann ich LinkedIn-Feed in meine Blogger-Website einbetten? <\/h2> <p>Um den codefreien LinkedIn-Feed zu Ihrer Blogger-Website hinzuzuf\u00fcgen, befolgen Sie diese Anweisungen: <\/p> <ol><li><b>Verwalten Sie unsere kostenlose Demo und beginnen Sie mit der Gestaltung Ihres einzigartigen LinkedIn-Feed-Widgets. <\/b><br> W\u00e4hlen Sie die bevorzugte Schnittstelle und die Funktionsmerkmale des Plugins und speichern Sie die Korrekturen. <\/li> <li><b>Kopieren Sie Ihren individuellen Code, der in der speziellen Form auf Elfsight Apps angezeigt wird. <\/b><br> Wenn die Konfiguration Ihres pers\u00f6nlichen Plugins abgeschlossen ist, kopieren Sie den exklusiven Code aus der angezeigten Box und bewahren Sie ihn f\u00fcr den weiteren Bedarf auf. <\/li> <li><b>Erste Schritte mit der Verwendung des Widgets auf Ihrer Blogger-Website. <\/b><br> Betten Sie den Code, den Sie k\u00fcrzlich kopiert haben, in Ihre Website ein und speichern Sie die Korrekturen. <\/li> <li><b>Fertig! Die Einrichtung ist erfolgreich abgeschlossen. <\/b><br> Gehen Sie auf Ihre Website, um zu sehen, wie das LinkedIn-Feed-Plugin funktioniert. <\/li><\/ol> <p>Wenn Sie beim Hinzuf\u00fcgen des Widgets auf Hindernisse sto\u00dfen, wenden Sie sich bitte an unsere Support-Mitarbeiter. Unsere Berater helfen Ihnen gerne bei allen Fragen zum codefreien LinkedIn-Feed-Plugin f\u00fcr Blogger-Websites. <\/p> <\/div>\n","protected":false},"excerpt":{"rendered":"","protected":false},"author":9,"featured_media":0,"parent":7448,"menu_order":0,"comment_status":"closed","ping_status":"closed","template":"templates\/template-application-platform.php","meta":{"publish_to_discourse":"","publish_post_category":"","wpdc_auto_publish_overridden":"","wpdc_topic_tags":"","wpdc_pin_topic":"","wpdc_pin_until":"","discourse_post_id":"","discourse_permalink":"","wpdc_publishing_response":"","wpdc_publishing_error":"","footnotes":""},"class_list":["post-20739","page","type-page","status-publish","hentry"],"yoast_head":"<!-- This site is optimized with the Yoast SEO plugin v25.3.1 - https:\/\/yoast.com\/wordpress\/plugins\/seo\/ -->\n<title>LinkedIn Feed \u2013 Feed-Widget zu Blogger hinzuf\u00fcgen [kostenlos!]<\/title>\n<meta name=\"description\" content=\"Betten Sie das programmierungsfreie LinkedIn-Feed-Widget in Ihre Blogger-Website ein. Erstellen Sie Ihr Plugin mithilfe einer Live-Demo und vorgefertigten Vorlagen, um einen starken Social Proof zu erzielen.\" \/>\n<meta name=\"robots\" content=\"index, follow, max-snippet:-1, max-image-preview:large, max-video-preview:-1\" \/>\n<link rel=\"canonical\" href=\"https:\/\/elfsight.com\/de\/linkedin-feed-widget\/blogger\/\" \/>\n<meta property=\"og:locale\" content=\"de_DE\" \/>\n<meta property=\"og:type\" content=\"article\" \/>\n<meta property=\"og:title\" content=\"LinkedIn Feed \u2013 Feed-Widget zu Blogger hinzuf\u00fcgen [kostenlos!]\" \/>\n<meta property=\"og:description\" content=\"Betten Sie das programmierungsfreie LinkedIn-Feed-Widget in Ihre Blogger-Website ein. Erstellen Sie Ihr Plugin mithilfe einer Live-Demo und vorgefertigten Vorlagen, um einen starken Social Proof zu erzielen.\" \/>\n<meta property=\"og:url\" content=\"https:\/\/elfsight.com\/de\/linkedin-feed-widget\/blogger\/\" \/>\n<meta property=\"og:site_name\" content=\"Elfsight DE\" \/>\n<meta property=\"article:modified_time\" content=\"2025-02-12T08:46:56+00:00\" \/>\n<meta name=\"twitter:card\" content=\"summary_large_image\" \/>\n<meta name=\"twitter:label1\" content=\"Gesch\u00e4tzte Lesezeit\" \/>\n\t<meta name=\"twitter:data1\" content=\"5\u00a0Minuten\" \/>\n<!-- \/ Yoast SEO plugin. -->","yoast_head_json":{"title":"LinkedIn Feed \u2013 Feed-Widget zu Blogger hinzuf\u00fcgen [kostenlos!]","description":"Betten Sie das programmierungsfreie LinkedIn-Feed-Widget in Ihre Blogger-Website ein. Erstellen Sie Ihr Plugin mithilfe einer Live-Demo und vorgefertigten Vorlagen, um einen starken Social Proof zu erzielen.","robots":{"index":"index","follow":"follow","max-snippet":"max-snippet:-1","max-image-preview":"max-image-preview:large","max-video-preview":"max-video-preview:-1"},"canonical":"https:\/\/elfsight.com\/de\/linkedin-feed-widget\/blogger\/","og_locale":"de_DE","og_type":"article","og_title":"LinkedIn Feed \u2013 Feed-Widget zu Blogger hinzuf\u00fcgen [kostenlos!]","og_description":"Betten Sie das programmierungsfreie LinkedIn-Feed-Widget in Ihre Blogger-Website ein. Erstellen Sie Ihr Plugin mithilfe einer Live-Demo und vorgefertigten Vorlagen, um einen starken Social Proof zu erzielen.","og_url":"https:\/\/elfsight.com\/de\/linkedin-feed-widget\/blogger\/","og_site_name":"Elfsight DE","article_modified_time":"2025-02-12T08:46:56+00:00","twitter_card":"summary_large_image","twitter_misc":{"Gesch\u00e4tzte Lesezeit":"5\u00a0Minuten"},"schema":{"@context":"https:\/\/schema.org","@graph":[{"@type":"WebPage","@id":"https:\/\/elfsight.com\/de\/linkedin-feed-widget\/blogger\/","url":"https:\/\/elfsight.com\/de\/linkedin-feed-widget\/blogger\/","name":"LinkedIn Feed \u2013 Feed-Widget zu Blogger hinzuf\u00fcgen [kostenlos!]","isPartOf":{"@id":"https:\/\/elfsight.com\/de\/#website"},"datePublished":"2024-05-03T06:40:25+00:00","dateModified":"2025-02-12T08:46:56+00:00","description":"Betten Sie das programmierungsfreie LinkedIn-Feed-Widget in Ihre Blogger-Website ein. Erstellen Sie Ihr Plugin mithilfe einer Live-Demo und vorgefertigten Vorlagen, um einen starken Social Proof zu erzielen.","breadcrumb":{"@id":"https:\/\/elfsight.com\/de\/linkedin-feed-widget\/blogger\/#breadcrumb"},"inLanguage":"de","potentialAction":[{"@type":"ReadAction","target":["https:\/\/elfsight.com\/de\/linkedin-feed-widget\/blogger\/"]}]},{"@type":"BreadcrumbList","@id":"https:\/\/elfsight.com\/de\/linkedin-feed-widget\/blogger\/#breadcrumb","itemListElement":[{"@type":"ListItem","position":1,"name":"Home","item":"https:\/\/elfsight.com\/de\/"},{"@type":"ListItem","position":2,"name":"LinkedIn Feed","item":"https:\/\/elfsight.com\/de\/linkedin-feed-widget\/"},{"@type":"ListItem","position":3,"name":"LinkedIn Feed &#8211; Blogger"}]},{"@type":"WebSite","@id":"https:\/\/elfsight.com\/de\/#website","url":"https:\/\/elfsight.com\/de\/","name":"Elfsight DE","description":"Just another Elfsight Sites site","potentialAction":[{"@type":"SearchAction","target":{"@type":"EntryPoint","urlTemplate":"https:\/\/elfsight.com\/de\/?s={search_term_string}"},"query-input":{"@type":"PropertyValueSpecification","valueRequired":true,"valueName":"search_term_string"}}],"inLanguage":"de"}]}},"meta_box":{"industry":"","seo_heading":"","heading":"","description":"","cta_heading":"","cta_description":"","application":"7435","h1":"So betten Sie den LinkedIn-Feed kostenlos auf Blogger ein!","h1_caption":"Zeigen Sie Beitr\u00e4ge aus Ihrem LinkedIn-Profil oder Ihrer Unternehmensseite auf Ihrer Website an und verbessern Sie so m\u00fchelos Ihre professionelle Online-Pr\u00e4senz auf Ihrer Blogger-Website.","application_category":[],"applications_title":"","applications_request_title":"","applications_request_button_text":"","hero_text":"","hero_video":"","hero_video_schema_markup":"","selling_points_title":"","selling_points_caption":"","selling_points":[],"selling_points_cta_text":"","features_title":"","features":"","ed_cta_examples_text":"","ed_cta_examples_hidden":"","ed_cta_demo_text":"","ed_cta_demo_hidden":"","why_caption":"","why_editor_title":"","why_editor_text":"","why_team_title":"","why_team_text":"","why_service_title":"","why_service_text":"","template_catalog_visible":"0","template_catalog_title":"","template_catalog_text":"","template_catalog_categories_visible":"","demo_title":"Erstellen Sie Ihr LinkedIn-Feed-Widget","demo_caption":"Konfigurieren Sie Ihren LinkedIn-Feed und f\u00fcgen Sie ihn kostenlos zu Ihrer Blogger-Website hinzu!","default_faq_hidden":"","app_template_category":[],"platform":"262","template_public_id":"","codecanyon_url":"","codecanyon_item_id":"","codecanyon_price":"","pricing_caption":"","pricing_elfsight_apps_hide_column":"","pricing_elfsight_apps_url":"","pricing_codecanyon_price_caption":"","integration_category":[],"integration_request_title":"","integration_request_cta":"","integration_platform":"","integrations":[],"platform_category":[],"video_schema_markup":"","price":"ab 0 $ \/ Monat","trial":"","benefits":[{"text":"Kostenloser Installationsservice"},{"text":"Erfahrener Kundensupport"},{"text":"14-t\u00e4gige R\u00fcckerstattungsgarantie"},{"text":"St\u00e4ndige Aktualisierung"}],"button_url":"#demo","button_target_blank":"0","button_nofollow":"0","attributes":[{"name":"Installiert","content":"10,000 - 100,000"},{"name":"Reaktionsfreudig","content":"Ja"},{"name":"Kompatible Browser","content":"Firefox, Safari, Opera, Chrome, Edge"}],"tags":[],"tags_disable_links":"0","hide_more_platforms":"0","video_object":"","demo_hide_cta":"0","demo_hide_cloud_options":"0","pricing_title":"","pricing":[{"pricing_icon":"platform","pricing_title":"Elfsight Apps","pricing_title_caption":"Plattform\u00fcbergreifende digitale L\u00f6sung, die zu jeder Website passt","pricing_price":"ab 0 $ \/ Monat","pricing_price_caption":"Beginnen Sie mit einem kostenlosen Plan","pricing_benefits":[{"text":"Unbegrenzte Websites"},{"text":"Professionelle Unterst\u00fctzung und gut dokumentiert"},{"text":"Kostenloser Installationsservice"},{"text":"Flexibles Design"}],"pricing_button_text":"Zur Website hinzuf\u00fcgen","pricing_button_url":"#demo"}],"related_apps_title":"","related_apps_hidden":"0","author":"","image":[],"title":"","job":"","social_networks":[]},"_links":{"self":[{"href":"https:\/\/elfsight.com\/de\/wp-json\/wp\/v2\/pages\/20739","targetHints":{"allow":["GET"]}}],"collection":[{"href":"https:\/\/elfsight.com\/de\/wp-json\/wp\/v2\/pages"}],"about":[{"href":"https:\/\/elfsight.com\/de\/wp-json\/wp\/v2\/types\/page"}],"author":[{"embeddable":true,"href":"https:\/\/elfsight.com\/de\/wp-json\/wp\/v2\/users\/9"}],"replies":[{"embeddable":true,"href":"https:\/\/elfsight.com\/de\/wp-json\/wp\/v2\/comments?post=20739"}],"version-history":[{"count":2,"href":"https:\/\/elfsight.com\/de\/wp-json\/wp\/v2\/pages\/20739\/revisions"}],"predecessor-version":[{"id":23973,"href":"https:\/\/elfsight.com\/de\/wp-json\/wp\/v2\/pages\/20739\/revisions\/23973"}],"up":[{"embeddable":true,"href":"https:\/\/elfsight.com\/de\/wp-json\/wp\/v2\/pages\/7448"}],"wp:attachment":[{"href":"https:\/\/elfsight.com\/de\/wp-json\/wp\/v2\/media?parent=20739"}],"curies":[{"name":"wp","href":"https:\/\/api.w.org\/{rel}","templated":true}]}}