{"id":20734,"date":"2024-05-03T06:40:24","date_gmt":"2024-05-03T06:40:24","guid":{"rendered":"https:\/\/elfsight.com\/de\/?page_id=20734"},"modified":"2025-01-23T16:25:54","modified_gmt":"2025-01-23T16:25:54","slug":"bigcommerce","status":"publish","type":"page","link":"https:\/\/elfsight.com\/de\/linkedin-feed-widget\/bigcommerce\/","title":{"rendered":"LinkedIn Feed &#8211; BigCommerce"},"content":{"rendered":"<div class=\"application-platform-content-item-description application-platform-content-item\" id=\"description\" data-nav-section=\"description\"> <h2>LinkedIn-Feed kostenlos auf BigCommerce einbetten!<\/h2> <p>Das LinkedIn-Feed-Plugin bietet Unternehmen eine hervorragende M\u00f6glichkeit zum Teilen und Bewerben ihre LinkedIn-Inhalte auf BigCommerce-Websites: Zeigen Sie Beitr\u00e4ge, Bilder, Videos usw. an. Die Installation des Plugins dauert Sekunden \u2013 ohne dass Programmier- oder Programmierkenntnisse erforderlich sind.<\/p> <p>Erstellen Sie einen Look, der die Anforderungen Ihrer Website widerspiegelt, und bleiben Sie Ihrer Marke treu durch das Testen benutzerdefinierter Feed-Elemente, Vorlagen, Layouts und Beitragsstile. F\u00fcgen Sie einen Popup-Modus als Post-Click-Aktion hinzu, um die Aufmerksamkeit der Benutzer zu erregen. Genie\u00dfen Sie schlie\u00dflich das gesteigerte Vertrauen und das prominent etablierte Branding in der Branche.<\/p> <ul><li><strong>Erweitern Sie Ihre Netzwerkreichweite mit der LinkedIn-Unternehmensseite.<\/strong><br>Schaffen Sie neue Kontakte im Unternehmen Welt und steigern Sie die Lead-Anzahl mit Inhalten aus Ihrem LinkedIn-Profil. <\/li><li><strong>Erweitern Sie die Gr\u00f6\u00dfe Ihres LinkedIn-Publikums.<\/strong> <br>Heben Sie Ihre LinkedIn-Pr\u00e4senz innerhalb der BigCommerce-Website-Community hervor und wecken Sie starkes Interesse an Ihren Dienstleistungen.<\/li><li><strong>Machen Sie Ihr Unternehmen authentischer.<\/strong> <br>Verleihen Sie Ihrer Marke einen zus\u00e4tzlichen Schub an Glaubw\u00fcrdigkeit und Vertrauensw\u00fcrdigkeit, indem Sie die neuesten LinkedIn-Aktivit\u00e4ten direkt auf der Website-Seite pr\u00e4sentieren.<\/li><\/ul><p><b>F\u00fcgen Sie das codefreie LinkedIn-Feed-Widget zur BigCommerce-Website hinzu, um Glaubw\u00fcrdigkeit aufzubauen, Authentizit\u00e4t zu verst\u00e4rken und Arbeitsbeziehungen zu erweitern, indem Sie \u00fcberzeugende soziale Beweise nutzen.<\/b><\/p> <div class=\"faq\" data-component=\"FAQ\"><div class=\"faq-item\">\r\n\t\t\t\t\t<div class=\"faq-item-question\">\r\n\t\t\t\t\t\t<h3 class=\"faq-item-question-text\">Gibt es welche? andere Tools f\u00fcr BigCommerce, die ich auf meiner Website verwenden kann? <\/h3>\r\n\r\n\t\t\t\t\t\t<div class=\"faq-item-question-icon\"><\/div>\r\n\t\t\t\t\t<\/div>\r\n\r\n\t\t\t\t\t<div class=\"faq-item-answer\">\r\n\t\t\t\t\t\t<div class=\"faq-item-answer-text\"><p>Ja, nat\u00fcrlich! Als Benutzer einer BigCommerce-Website k\u00f6nnen Sie Dutzende codefreier Tools von Elfsight erhalten, und das LinkedIn-Feed-Plugin ist nur eines davon. Ganz gleich, um welche Art von Unternehmen es sich handelt und welche Nische in der Branche Sie besetzen \u2013 Sie k\u00f6nnen immer nach M\u00f6glichkeiten Ausschau halten, Ihre St\u00e4rken unter Beweis zu stellen. Beispiel: <\/p><ul><li>Um eine andere Social-Media-App f\u00fcr Ihre BigCommerce-Website zu erstellen, sollten Sie mit <a href=\"https:\/\/elfsight.com\/pinterest-feed-widget\/\"> experimentieren Pinterest-Feed<\/a> oder <a href=\"https:\/\/elfsight.com\/instagram-feed-instashow\/\">Instagram-Feed<\/a>-Widget neben dem LinkedIn-Feed. <\/li><li>Entscheiden Sie sich f\u00fcr die <a href=\"https:\/\/elfsight.com\/all-in-one-reviews-widget\/\">All-in-One-Bewertungen<\/a> oder <a href=\"\/\/elfsight.com\/google-reviews-widget\/\">Google Reviews<\/a>-Plugin zur Anzeige von Kundenfeedback. <\/li><li>Betten Sie das <a href=\"https:\/\/elfsight.com\/online-form-builder\/\">Form Builder<\/a>-Plugin ein, um die Antworterfassung zu optimieren und Benutzerinteraktionen auf Ihrer BigCommerce-Website zu erm\u00f6glichen. <\/li> <li>F\u00fcgen Sie das <a href=\"https:\/\/elfsight.com\/countdown-timer-widget\/\">Countdown-Timer<\/a>-Widget hinzu, um Spannung zu erzeugen und beim Publikum ein Gef\u00fchl der Dringlichkeit zu erzeugen. <\/li><\/ul><p>Und denken Sie daran, dies sind nur einige Beispiele. Entdecken Sie den Rest unseres Widget-Katalogs, den Sie nach der Implementierung des codefreien LinkedIn-Feed-Plugins hinzuf\u00fcgen k\u00f6nnen, um noch mehr M\u00f6glichkeiten zu entdecken, Ihre spezifischen Gesch\u00e4ftsanforderungen abzudecken! <\/p><\/div>\r\n\t\t\t\t\t<\/div>\r\n\t\t\t\t<\/div><div class=\"faq-item\">\r\n\t\t\t\t\t<div class=\"faq-item-question\">\r\n\t\t\t\t\t\t<h3 class=\"faq-item-question-text\">Wie bette ich den LinkedIn-Feed kostenlos in BigCommerce ein? <\/h3>\r\n\r\n\t\t\t\t\t\t<div class=\"faq-item-question-icon\"><\/div>\r\n\t\t\t\t\t<\/div>\r\n\r\n\t\t\t\t\t<div class=\"faq-item-answer\">\r\n\t\t\t\t\t\t<div class=\"faq-item-answer-text\"><p>Um das LinkedIn-Feed-Widget kostenlos zu Ihrer BigCommerce-Website hinzuzuf\u00fcgen, befolgen Sie diese Anweisungen: <\/p> <ol><li>Passen Sie das Erscheinungsbild des LinkedIn-Feed-Plugins an Ihren Geschmack an. <\/li><li>Melden Sie sich bei Ihrem Elfsight-Dashboard an oder erstellen Sie ein kostenloses Benutzerprofil. <\/li><li>Holen Sie sich den generierten Einbettungscode. <\/li><li>Navigieren Sie zu Ihrer BigCommerce-Website. <\/li><li>F\u00fcgen Sie den Code in Ihren BigCommerce-Website-Editor ein, um das LinkedIn-Feed-Plugin hinzuzuf\u00fcgen. Voila! <\/li><\/ol><p>Wie man sieht, ist es nicht erforderlich, das Schreiben von Code zu beherrschen, um das Plugin einzubetten. Erstellen Sie ganz einfach das codefreie LinkedIn-Feed-Widget f\u00fcr eine BigCommerce-Website und genie\u00dfen Sie alle Vorteile, die sich auf dem Weg zur Vergr\u00f6\u00dferung Ihrer Reichweite ergeben. <\/p><\/div>\r\n\t\t\t\t\t<\/div>\r\n\t\t\t\t<\/div><div class=\"faq-item\">\r\n\t\t\t\t\t<div class=\"faq-item-question\">\r\n\t\t\t\t\t\t<h3 class=\"faq-item-question-text\">Muss ich programmieren k\u00f6nnen oder \u00fcber Programmierkenntnisse verf\u00fcgen, um das LinkedIn-Feed-Widget zur BigCommerce-Website hinzuzuf\u00fcgen? <\/h3>\r\n\r\n\t\t\t\t\t\t<div class=\"faq-item-question-icon\"><\/div>\r\n\t\t\t\t\t<\/div>\r\n\r\n\t\t\t\t\t<div class=\"faq-item-answer\">\r\n\t\t\t\t\t\t<div class=\"faq-item-answer-text\"><p>Nein, das brauchen Sie nicht. Programmierkenntnisse sind keine Voraussetzung. Sie k\u00f6nnen das LinkedIn-Feed-Widget ganz einfach erstellen und zu Ihrer BigCommerce-Website hinzuf\u00fcgen, unabh\u00e4ngig von Ihrem bisherigen Hintergrund oder Ihrer Code-Erfahrung. <\/p> <\/div>\r\n\t\t\t\t\t<\/div>\r\n\t\t\t\t<\/div><\/div><div class=\"application-platform-content-item-features application-platform-content-item\" id=\"features\" data-nav-section=\"features\"><\/div> <h2>Hier sind die grundlegenden Funktionen des Widgets: <\/h2> <ul><li>\u00dcbertragen Sie verschiedene Arten von Inhalten: Blogbeitr\u00e4ge , Fotos, Videos usw. <\/li><li>Feed-Inhalte anhand von Schl\u00fcsselw\u00f6rtern, Hashtags oder URL-Filtern eingrenzen. <\/li><li>CTA-Schaltfl\u00e4chen zur Verbesserung der Sichtbarkeit Ihres LinkedIn-Unternehmens-Feeds. <\/li><li>F\u00fcgen Sie einen dynamischen Popup-Modus hinzu, um die Aufmerksamkeit auf Ihre LinkedIn-Inhalte zu lenken. <\/li><li>Codefreie Anpassung mit erweiterten Designeinstellungen: vorgefertigte Vorlagen, Farbschema-Ersteller, Layout-Designs, Beitragsstile, benutzerdefiniertes CSS usw. <\/li><\/ul><p><a href=\"#demo\">Untersuchen Sie alle Anpassungsoptionen in einer Demo mit vollem Funktionsumfang<\/a><\/p> <\/div> <div class=\"application-platform-content-item-installation application-platform-content-item\" id=\"installation\" data-nav-section=\"installation\"> <h2>Wie bette ich den LinkedIn-Feed auf meiner BigCommerce-Website ein? <\/h2> <p>Wenn Sie den codefreien LinkedIn-Feed in Ihre BigCommerce-Website einbetten m\u00f6chten, f\u00fchren Sie die folgenden Schritte aus: <\/p> <ol><li><b>Nutzen Sie unseren kostenlosen Editor und beginnen Sie mit der Erstellung Ihr eigenes LinkedIn-Feed-Plugin. <\/b><br> Geben Sie das bevorzugte Layout und die bevorzugten Aspekte des Widgets an und speichern Sie die \u00c4nderungen. <\/li> <li><b>Erhalten Sie den pers\u00f6nlichen Code, der im Fenster von Elfsight Apps angezeigt wird. <\/b><br> Kopieren Sie direkt nach Abschluss der Einrichtung Ihres Widgets den pers\u00f6nlichen Code im angezeigten Fenster und speichern Sie ihn f\u00fcr die zuk\u00fcnftige Verwendung. <\/li> <li><b>Betten Sie das Plugin mithilfe des Codes in Ihre BigCommerce-Website ein. <\/b><br> F\u00fcgen Sie den Code, den Sie k\u00fcrzlich gespeichert haben, zu Ihrer Website hinzu und \u00fcbernehmen Sie die \u00c4nderungen. <\/li> <li><b>Das Setup ist vollst\u00e4ndig durchgef\u00fchrt. <\/b><br> Besuchen Sie Ihre Website, um die Funktionsweise des LinkedIn-Feed-Plugins zu beobachten. <\/li><\/ol> <p>Wenn Sie Fragen haben oder beim Hinzuf\u00fcgen des Widgets auf Komplikationen sto\u00dfen, z\u00f6gern Sie nicht, unseren Kundendienstmitarbeitern zu schreiben. Unsere Spezialisten l\u00f6sen gerne alle Schwierigkeiten, die Sie mit dem codefreien LinkedIn-Feed-Plugin f\u00fcr BigCommerce-Websites haben k\u00f6nnten. <\/p> <\/div>","protected":false},"excerpt":{"rendered":"","protected":false},"author":9,"featured_media":0,"parent":7448,"menu_order":0,"comment_status":"closed","ping_status":"closed","template":"templates\/template-application-platform.php","meta":{"publish_to_discourse":"","publish_post_category":"","wpdc_auto_publish_overridden":"","wpdc_topic_tags":"","wpdc_pin_topic":"","wpdc_pin_until":"","discourse_post_id":"","discourse_permalink":"","wpdc_publishing_response":"","wpdc_publishing_error":"","footnotes":""},"class_list":["post-20734","page","type-page","status-publish","hentry"],"yoast_head":"<!-- This site is optimized with the Yoast SEO plugin v25.3.1 - https:\/\/yoast.com\/wordpress\/plugins\/seo\/ -->\n<title>LinkedIn Feed \u2013 Feed-App zu BigCommerce hinzuf\u00fcgen [kostenlos!]<\/title>\n<meta name=\"description\" content=\"Betten Sie die programmierungsfreie LinkedIn-Feed-App in Ihre BigCommerce-Website ein. Erstellen Sie Ihr Widget mithilfe einer Live-Demo und vorgefertigten Vorlagen, um einen starken Social Proof zu erzielen.\" \/>\n<meta name=\"robots\" content=\"index, follow, max-snippet:-1, max-image-preview:large, max-video-preview:-1\" \/>\n<link rel=\"canonical\" href=\"https:\/\/elfsight.com\/de\/linkedin-feed-widget\/bigcommerce\/\" \/>\n<meta property=\"og:locale\" content=\"de_DE\" \/>\n<meta property=\"og:type\" content=\"article\" \/>\n<meta property=\"og:title\" content=\"LinkedIn Feed \u2013 Feed-App zu BigCommerce hinzuf\u00fcgen [kostenlos!]\" \/>\n<meta property=\"og:description\" content=\"Betten Sie die programmierungsfreie LinkedIn-Feed-App in Ihre BigCommerce-Website ein. Erstellen Sie Ihr Widget mithilfe einer Live-Demo und vorgefertigten Vorlagen, um einen starken Social Proof zu erzielen.\" \/>\n<meta property=\"og:url\" content=\"https:\/\/elfsight.com\/de\/linkedin-feed-widget\/bigcommerce\/\" \/>\n<meta property=\"og:site_name\" content=\"Elfsight DE\" \/>\n<meta property=\"article:modified_time\" content=\"2025-01-23T16:25:54+00:00\" \/>\n<meta name=\"twitter:card\" content=\"summary_large_image\" \/>\n<meta name=\"twitter:label1\" content=\"Gesch\u00e4tzte Lesezeit\" \/>\n\t<meta name=\"twitter:data1\" content=\"5\u00a0Minuten\" \/>\n<!-- \/ Yoast SEO plugin. -->","yoast_head_json":{"title":"LinkedIn Feed \u2013 Feed-App zu BigCommerce hinzuf\u00fcgen [kostenlos!]","description":"Betten Sie die programmierungsfreie LinkedIn-Feed-App in Ihre BigCommerce-Website ein. Erstellen Sie Ihr Widget mithilfe einer Live-Demo und vorgefertigten Vorlagen, um einen starken Social Proof zu erzielen.","robots":{"index":"index","follow":"follow","max-snippet":"max-snippet:-1","max-image-preview":"max-image-preview:large","max-video-preview":"max-video-preview:-1"},"canonical":"https:\/\/elfsight.com\/de\/linkedin-feed-widget\/bigcommerce\/","og_locale":"de_DE","og_type":"article","og_title":"LinkedIn Feed \u2013 Feed-App zu BigCommerce hinzuf\u00fcgen [kostenlos!]","og_description":"Betten Sie die programmierungsfreie LinkedIn-Feed-App in Ihre BigCommerce-Website ein. Erstellen Sie Ihr Widget mithilfe einer Live-Demo und vorgefertigten Vorlagen, um einen starken Social Proof zu erzielen.","og_url":"https:\/\/elfsight.com\/de\/linkedin-feed-widget\/bigcommerce\/","og_site_name":"Elfsight DE","article_modified_time":"2025-01-23T16:25:54+00:00","twitter_card":"summary_large_image","twitter_misc":{"Gesch\u00e4tzte Lesezeit":"5\u00a0Minuten"},"schema":{"@context":"https:\/\/schema.org","@graph":[{"@type":"WebPage","@id":"https:\/\/elfsight.com\/de\/linkedin-feed-widget\/bigcommerce\/","url":"https:\/\/elfsight.com\/de\/linkedin-feed-widget\/bigcommerce\/","name":"LinkedIn Feed \u2013 Feed-App zu BigCommerce hinzuf\u00fcgen [kostenlos!]","isPartOf":{"@id":"https:\/\/elfsight.com\/de\/#website"},"datePublished":"2024-05-03T06:40:24+00:00","dateModified":"2025-01-23T16:25:54+00:00","description":"Betten Sie die programmierungsfreie LinkedIn-Feed-App in Ihre BigCommerce-Website ein. Erstellen Sie Ihr Widget mithilfe einer Live-Demo und vorgefertigten Vorlagen, um einen starken Social Proof zu erzielen.","breadcrumb":{"@id":"https:\/\/elfsight.com\/de\/linkedin-feed-widget\/bigcommerce\/#breadcrumb"},"inLanguage":"de","potentialAction":[{"@type":"ReadAction","target":["https:\/\/elfsight.com\/de\/linkedin-feed-widget\/bigcommerce\/"]}]},{"@type":"BreadcrumbList","@id":"https:\/\/elfsight.com\/de\/linkedin-feed-widget\/bigcommerce\/#breadcrumb","itemListElement":[{"@type":"ListItem","position":1,"name":"Home","item":"https:\/\/elfsight.com\/de\/"},{"@type":"ListItem","position":2,"name":"LinkedIn Feed","item":"https:\/\/elfsight.com\/de\/linkedin-feed-widget\/"},{"@type":"ListItem","position":3,"name":"LinkedIn Feed &#8211; BigCommerce"}]},{"@type":"WebSite","@id":"https:\/\/elfsight.com\/de\/#website","url":"https:\/\/elfsight.com\/de\/","name":"Elfsight DE","description":"Just another Elfsight Sites site","potentialAction":[{"@type":"SearchAction","target":{"@type":"EntryPoint","urlTemplate":"https:\/\/elfsight.com\/de\/?s={search_term_string}"},"query-input":{"@type":"PropertyValueSpecification","valueRequired":true,"valueName":"search_term_string"}}],"inLanguage":"de"}]}},"meta_box":{"industry":"","seo_heading":"","heading":"","description":"","cta_heading":"","cta_description":"","application":"7435","h1":"So betten Sie den LinkedIn-Feed kostenlos auf BigCommerce ein!","h1_caption":"Zeigen Sie Beitr\u00e4ge aus Ihrem LinkedIn-Profil oder Ihrer Unternehmensseite auf Ihrer Website an und verbessern Sie so m\u00fchelos Ihre professionelle Online-Pr\u00e4senz auf Ihrer BigCommerce-Website.","application_category":[],"applications_title":"","applications_request_title":"","applications_request_button_text":"","hero_text":"","hero_video":"","hero_video_schema_markup":"","selling_points_title":"","selling_points_caption":"","selling_points":[],"selling_points_cta_text":"","features_title":"","features":"","ed_cta_examples_text":"","ed_cta_examples_hidden":"","ed_cta_demo_text":"","ed_cta_demo_hidden":"","why_caption":"","why_editor_title":"","why_editor_text":"","why_team_title":"","why_team_text":"","why_service_title":"","why_service_text":"","template_catalog_visible":"0","template_catalog_title":"","template_catalog_text":"","template_catalog_categories_visible":"","demo_title":"Erstellen Sie Ihre LinkedIn-Feed-App","demo_caption":"Konfigurieren Sie Ihren LinkedIn-Feed und f\u00fcgen Sie ihn kostenlos zu Ihrer BigCommerce-Website hinzu!","default_faq_hidden":"","app_template_category":[],"platform":"268","template_public_id":"","codecanyon_url":"","codecanyon_item_id":"","codecanyon_price":"","pricing_caption":"","pricing_elfsight_apps_hide_column":"","pricing_elfsight_apps_url":"","pricing_codecanyon_price_caption":"","integration_category":[],"integration_request_title":"","integration_request_cta":"","integration_platform":"","integrations":[],"platform_category":[],"video_schema_markup":"","price":"ab 0 $ \/ Monat","trial":"","benefits":[{"text":"Kostenlose Installationshilfe"},{"text":"Kompetenter Kundenservice"},{"text":"14-t\u00e4gige R\u00fcckerstattungsgarantie"},{"text":"St\u00e4ndige Aktualisierung"}],"button_url":"#demo","button_target_blank":"0","button_nofollow":"0","attributes":[{"name":"Installiert","content":"10,000 - 100,000"},{"name":"Reaktionsfreudig","content":"Ja"},{"name":"Kompatible Browser","content":"Firefox, Safari, Opera, Chrome, Edge"}],"tags":[],"tags_disable_links":"0","hide_more_platforms":"","video_object":"","demo_hide_cta":"0","demo_hide_cloud_options":"0","pricing_title":"","pricing":[{"pricing_icon":"platform","pricing_title":"Elfsight Apps","pricing_title_caption":"Plattform\u00fcbergreifende digitale L\u00f6sung, die zu jeder Website passt","pricing_price":"ab 0 $ \/ Monat","pricing_price_caption":"Beginnen Sie mit einem kostenlosen Plan","pricing_benefits":[{"text":"Unbegrenzte Websites"},{"text":"Kostenloser Kundensupport und gut dokumentiert"},{"text":"Kostenloser Installationssupport"},{"text":"Vollst\u00e4ndig anpassbar"}],"pricing_button_text":"Zur Website hinzuf\u00fcgen","pricing_button_url":"#demo"}],"related_apps_title":"","related_apps_hidden":"0","author":"","image":[],"title":"","job":"","social_networks":[]},"_links":{"self":[{"href":"https:\/\/elfsight.com\/de\/wp-json\/wp\/v2\/pages\/20734","targetHints":{"allow":["GET"]}}],"collection":[{"href":"https:\/\/elfsight.com\/de\/wp-json\/wp\/v2\/pages"}],"about":[{"href":"https:\/\/elfsight.com\/de\/wp-json\/wp\/v2\/types\/page"}],"author":[{"embeddable":true,"href":"https:\/\/elfsight.com\/de\/wp-json\/wp\/v2\/users\/9"}],"replies":[{"embeddable":true,"href":"https:\/\/elfsight.com\/de\/wp-json\/wp\/v2\/comments?post=20734"}],"version-history":[{"count":2,"href":"https:\/\/elfsight.com\/de\/wp-json\/wp\/v2\/pages\/20734\/revisions"}],"predecessor-version":[{"id":23896,"href":"https:\/\/elfsight.com\/de\/wp-json\/wp\/v2\/pages\/20734\/revisions\/23896"}],"up":[{"embeddable":true,"href":"https:\/\/elfsight.com\/de\/wp-json\/wp\/v2\/pages\/7448"}],"wp:attachment":[{"href":"https:\/\/elfsight.com\/de\/wp-json\/wp\/v2\/media?parent=20734"}],"curies":[{"name":"wp","href":"https:\/\/api.w.org\/{rel}","templated":true}]}}