{"id":20733,"date":"2024-05-03T06:40:23","date_gmt":"2024-05-03T06:40:23","guid":{"rendered":"https:\/\/elfsight.com\/de\/?page_id=20733"},"modified":"2025-01-23T18:09:31","modified_gmt":"2025-01-23T18:09:31","slug":"facebook","status":"publish","type":"page","link":"https:\/\/elfsight.com\/de\/linkedin-feed-widget\/facebook\/","title":{"rendered":"LinkedIn Feed &#8211; Facebook Page"},"content":{"rendered":"<div class=\"application-platform-content-item-description application-platform-content-item\" id=\"description\" data-nav-section=\"description\"> <h2>LinkedIn-Feed kostenlos auf Facebook-Seite einbetten!<\/h2> <p>Das codefreie LinkedIn-Feed-Widget ist die ideale L\u00f6sung f\u00fcr Unternehmen um ihre LinkedIn-Inhalte auf Facebook-Seiten-Websites zu pr\u00e4sentieren und zu bewerben: Beitr\u00e4ge, Bilder, Clips usw. anzeigen. Die Einrichtung des Plugins ist nahtlos \u2013 es sind keine Programmier- oder technischen Kenntnisse erforderlich. <\/p> <p>Erstellen Sie einen Feed-Stil, der der \u00c4sthetik Ihrer Website entspricht, und experimentieren Sie, indem Sie benutzerdefinierte Attribute, Vorlagen, Layouts und Beitragsstile kombinieren. F\u00fcgen Sie einen Popup-Effekt als Post-Click-Aktion hinzu, um die Aufmerksamkeit der Benutzer zu erregen. Und schlie\u00dflich genie\u00dfen Sie das erh\u00f6hte Vertrauen und die bessere Engagement-Rate.<\/p> <ul><li><strong>Steigern Sie Ihre Networking-F\u00e4higkeiten mit der LinkedIn-Unternehmensseite.<\/strong><br>Entfachen Sie neue Beziehungen in der Welt des Handels und erweitern Sie die Lead-Generierung durch die Nutzung von Inhalten aus Ihrem LinkedIn-Profil. <\/li><li><strong>Erweitern Sie die Gr\u00f6\u00dfe Ihres LinkedIn-Publikums.<\/strong> <br>Machen Sie Ihre LinkedIn-Pr\u00e4senz in der Benutzergemeinschaft der Facebook-Seite bekannt und wecken Sie erhebliches Interesse an Ihren Angeboten.<\/li> <li><strong>Verst\u00e4rken Sie die Authentizit\u00e4t Ihres Unternehmens.<\/strong> <br>Verleihen Sie Ihrer Marke eine zus\u00e4tzliche Ebene an Glaubw\u00fcrdigkeit und Vertrauensw\u00fcrdigkeit, indem Sie die neuesten LinkedIn-Aktivit\u00e4ten direkt auf der Website-Seite teilen. <\/li><\/ul><p><b>F\u00fcgen Sie Ihr LinkedIn-Feed-Plugin zur Facebook-Seiten-Website hinzu, um die Glaubw\u00fcrdigkeit zu st\u00e4rken, Authentizit\u00e4t zu verk\u00f6rpern und Ihr Netzwerk zu erweitern, indem Sie eine solide soziale Best\u00e4tigung nutzen. <\/b><\/p> <div class=\"faq\" data-component=\"FAQ\"><div class=\"faq-item\">\r\n\t\t\t\t\t<div class=\"faq-item-question\">\r\n\t\t\t\t\t\t<h3 class=\"faq-item-question-text\">Gibt es noch andere Tools f\u00fcr Facebook-Seiten, die ich auf meiner Website verwenden kann? <\/h3>\r\n\r\n\t\t\t\t\t\t<div class=\"faq-item-question-icon\"><\/div>\r\n\t\t\t\t\t<\/div>\r\n\r\n\t\t\t\t\t<div class=\"faq-item-answer\">\r\n\t\t\t\t\t\t<div class=\"faq-item-answer-text\"><p>Ja, absolut! Als Benutzer einer Facebook-Seite bietet Ihnen Elfsight eine gro\u00dfe Auswahl an Tools ohne Code, und das LinkedIn-Feed-Plugin ist nur eine von vielen Optionen, die Sie zur Website hinzuf\u00fcgen k\u00f6nnen. Ganz gleich, um welche Art von Unternehmen es sich handelt oder in welcher spezifischen Nische Sie t\u00e4tig sind, es gibt immer M\u00f6glichkeiten, Ihre St\u00e4rken unter Beweis zu stellen. Hier sind einige Ideen: <\/p><ul><li>Um eine andere Social-Media-App f\u00fcr Ihre Facebook-Seiten-Website zu erstellen, wie z. B. LinkedIn Feed, probieren Sie <a href=\"https:\/\/elfsight.com\/pinterest-feed-widget\">Pinterest-Feed<\/a> oder <a href=\"https:\/\/elfsight.com\/instagram-feed-instashow\/\">Instagram-Feed<\/a>-Widget. <\/li><li>Entscheiden Sie sich f\u00fcr die <a href=\"https:\/\/elfsight.com\/all-in-one-reviews-widget\/\">All-in-One-Bewertungen<\/a> oder <a href=\"\/\/elfsight.com\/google-reviews-widget\/\">Google Reviews<\/a>-Plugin zur Anzeige wertvollen Kundenfeedbacks. <\/li><li>Betten Sie das <a href=\"https:\/\/elfsight.com\/online-form-builder\/\">Form Builder<\/a>-Widget ein, um Antworten zu sammeln und die Kommunikation mit den Benutzern Ihrer Facebook-Seite zu erleichtern. <\/li> <li>F\u00fcgen Sie das <a href=\"https:\/\/elfsight.com\/countdown-timer-widget\/\">Countdown-Timer<\/a>-Plugin hinzu, um das Engagement zu f\u00f6rdern und bei Ihrem Publikum ein Gef\u00fchl der Knappheit zu erzeugen. <\/li><\/ul><p>Diese Beispiele kratzen nur an der Oberfl\u00e4che der gro\u00dfen Auswahl an Erg\u00e4nzungen, die Ihren Gesch\u00e4ftsanforderungen gerecht werden k\u00f6nnen. Beginnen Sie mit dem codefreien LinkedIn-Feed-Plugin, um sp\u00e4ter wiederzukommen und die verbleibende Auswahl an Widgets in unserem Katalog zu erkunden, die Sie Ihrer Website-Seite hinzuf\u00fcgen k\u00f6nnen! <\/p><\/div>\r\n\t\t\t\t\t<\/div>\r\n\t\t\t\t<\/div><div class=\"faq-item\">\r\n\t\t\t\t\t<div class=\"faq-item-question\">\r\n\t\t\t\t\t\t<h3 class=\"faq-item-question-text\">Wie bette ich den LinkedIn-Feed kostenlos auf einer Facebook-Seite ein? <\/h3>\r\n\r\n\t\t\t\t\t\t<div class=\"faq-item-question-icon\"><\/div>\r\n\t\t\t\t\t<\/div>\r\n\r\n\t\t\t\t\t<div class=\"faq-item-answer\">\r\n\t\t\t\t\t\t<div class=\"faq-item-answer-text\"><p>Wenn Sie das LinkedIn-Feed-Plugin kostenlos zu Ihrer Facebook-Seite hinzuf\u00fcgen m\u00f6chten, befolgen Sie diese Schritte: <\/p> <ol><li>Passen Sie das Aussehen des LinkedIn-Feed-Widgets an den Designstil Ihrer Website an. <\/li><li>Melden Sie sich in Ihrem Elfsight-Admin-Panel an oder erstellen Sie ein kostenloses Profil. <\/li><li>Besorgen Sie sich den automatisch generierten Installationscode zum Einbetten. <\/li><li>Greifen Sie auf die Website Ihrer Facebook-Seite zu. <\/li><li>F\u00fcgen Sie den Code in den Website-Builder f\u00fcr Ihre Facebook-Seite ein, um das LinkedIn-Feed-Widget hinzuzuf\u00fcgen. Sie sind fertig! <\/li><\/ol><p>Wie aus dem Kontext hervorgeht, ist es nicht erforderlich, \u00fcber Fachkenntnisse im Schreiben von Code zum Einbetten des Plugins zu verf\u00fcgen. Erstellen Sie ganz einfach das codefreie LinkedIn-Feed-Widget f\u00fcr Ihre Facebook-Seite und genie\u00dfen Sie zahlreiche Vorteile, die den Prozess der Erweiterung Ihres Publikums begleiten. <\/p><\/div>\r\n\t\t\t\t\t<\/div>\r\n\t\t\t\t<\/div><div class=\"faq-item\">\r\n\t\t\t\t\t<div class=\"faq-item-question\">\r\n\t\t\t\t\t\t<h3 class=\"faq-item-question-text\">Muss ich programmieren k\u00f6nnen oder \u00fcber Programmierkenntnisse verf\u00fcgen, um den LinkedIn-Feed auf der Facebook-Seite einzubetten? <\/h3>\r\n\r\n\t\t\t\t\t\t<div class=\"faq-item-question-icon\"><\/div>\r\n\t\t\t\t\t<\/div>\r\n\r\n\t\t\t\t\t<div class=\"faq-item-answer\">\r\n\t\t\t\t\t\t<div class=\"faq-item-answer-text\"><p>Nein. Es ist nicht erforderlich, dass Sie \u00fcber Programmierkenntnisse verf\u00fcgen. Sie haben die volle M\u00f6glichkeit, das codefreie LinkedIn-Feed-Plugin zu erstellen und zu Ihrer Facebook-Seiten-Website hinzuzuf\u00fcgen, unabh\u00e4ngig von Ihrer Vertrautheit oder Erfahrung im Schreiben von Code. <\/p> <\/div>\r\n\t\t\t\t\t<\/div>\r\n\t\t\t\t<\/div><\/div><div class=\"application-platform-content-item-features application-platform-content-item\" id=\"features\" data-nav-section=\"features\"><\/div> <h2>Dies sind nur einige der zahlreichen Widget-Funktionen: <\/h2> <ul><li>Verschiedene Formen von Inhalten hinzuf\u00fcgen: Blogbeitr\u00e4ge, Bilder, Clips usw. <\/li><li>Filtern Sie Feedbeitr\u00e4ge nach Schl\u00fcsselw\u00f6rtern, Hashtags oder URLs. <\/li><li>Call-to-Action-Buttons zur Steigerung der Zahlen im LinkedIn-Feed Ihres Unternehmens. <\/li><li>Auff\u00e4lliger Popup-Effekt, um die Aufmerksamkeit der Leute auf Ihre LinkedIn-Inhalte zu lenken. <\/li><li>Einfache Anpassungsoptionen, ohne dass Code geschrieben werden muss: vorgefertigte Vorlagen, Farbschemagenerator, f\u00fcnf Layoutdesigns, Beitragsstile, benutzerdefiniertes CSS und mehr. <\/li><\/ul><p><a href=\"#demo\">Schauen Sie sich einfach diese Demo an, um zu sehen, was das Widget wert ist<\/a><\/p> <\/div> <div class=\"application-platform-content-item-installation application-platform-content-item\" id=\"installation\" data-nav-section=\"installation\"> <h2>Wie kann ich einen LinkedIn-Feed zu meiner Facebook-Seiten-Website hinzuf\u00fcgen? <\/h2> <p>Um das LinkedIn-Feed-Plugin zu Ihrer Facebook-Seite hinzuzuf\u00fcgen, f\u00fchren Sie die folgenden Schritte aus: <\/p> <ol><li><b>\u00d6ffnen Sie unseren kostenlosen Editor und beginnen Sie mit der Gestaltung Ihres personalisierten LinkedIn-Feed-Plugins. <\/b><br> W\u00e4hlen Sie das benutzerdefinierte Formular und die Optionen des Tools aus und \u00fcbernehmen Sie die \u00c4nderungen. <\/li> <li><b>Kopieren Sie Ihren individuellen Code, der in der Box auf Elfsight Apps angezeigt wird. <\/b><br> Nachdem die Anpassung Ihres pers\u00f6nlichen Plugins abgeschlossen ist, kopieren Sie den exklusiven Code im angezeigten Fenster und bewahren Sie ihn f\u00fcr den weiteren Bedarf auf. <\/li> <li><b>Initiieren Sie den Einsatz des Widgets auf Ihrer Facebook-Seite. <\/b><br> Betten Sie den zuvor kopierten Code auf Ihrer Website ein und speichern Sie die Anpassungen. <\/li> <li><b>Fertig! Die Integration wurde erfolgreich durchgef\u00fchrt. <\/b><br> Besuchen Sie Ihre Website, um zu sehen, wie das LinkedIn-Feed-Widget funktioniert. <\/li><\/ol> <p>Wenn Sie Schwierigkeiten beim Hinzuf\u00fcgen des Widgets haben, wenden Sie sich bitte an unser Support-Team. Unsere Spezialisten helfen Ihnen gerne bei allen Problemen, die Sie mit dem codefreien LinkedIn-Feed-Plugin f\u00fcr Facebook-Seiten-Websites haben k\u00f6nnten. <\/p> <\/div>","protected":false},"excerpt":{"rendered":"","protected":false},"author":9,"featured_media":0,"parent":7448,"menu_order":0,"comment_status":"closed","ping_status":"closed","template":"templates\/template-application-platform.php","meta":{"publish_to_discourse":"","publish_post_category":"","wpdc_auto_publish_overridden":"","wpdc_topic_tags":"","wpdc_pin_topic":"","wpdc_pin_until":"","discourse_post_id":"","discourse_permalink":"","wpdc_publishing_response":"","wpdc_publishing_error":"","footnotes":""},"class_list":["post-20733","page","type-page","status-publish","hentry"],"yoast_head":"<!-- This site is optimized with the Yoast SEO plugin v25.3.1 - https:\/\/yoast.com\/wordpress\/plugins\/seo\/ -->\n<title>LinkedIn Feed \u2013 Feed-Plugin zur Facebook-Seite hinzuf\u00fcgen [kostenlos!]<\/title>\n<meta name=\"description\" content=\"Betten Sie das programmierungsfreie LinkedIn-Feed-Plugin in Ihre Facebook-Seiten-Website ein. Erstellen Sie Ihr Widget mithilfe einer Live-Demo und vorgefertigten Vorlagen, um einen starken Social Proof zu erzielen.\" \/>\n<meta name=\"robots\" content=\"index, follow, max-snippet:-1, max-image-preview:large, max-video-preview:-1\" \/>\n<link rel=\"canonical\" href=\"https:\/\/elfsight.com\/de\/linkedin-feed-widget\/facebook\/\" \/>\n<meta property=\"og:locale\" content=\"de_DE\" \/>\n<meta property=\"og:type\" content=\"article\" \/>\n<meta property=\"og:title\" content=\"LinkedIn Feed \u2013 Feed-Plugin zur Facebook-Seite hinzuf\u00fcgen [kostenlos!]\" \/>\n<meta property=\"og:description\" content=\"Betten Sie das programmierungsfreie LinkedIn-Feed-Plugin in Ihre Facebook-Seiten-Website ein. Erstellen Sie Ihr Widget mithilfe einer Live-Demo und vorgefertigten Vorlagen, um einen starken Social Proof zu erzielen.\" \/>\n<meta property=\"og:url\" content=\"https:\/\/elfsight.com\/de\/linkedin-feed-widget\/facebook\/\" \/>\n<meta property=\"og:site_name\" content=\"Elfsight DE\" \/>\n<meta property=\"article:modified_time\" content=\"2025-01-23T18:09:31+00:00\" \/>\n<meta name=\"twitter:card\" content=\"summary_large_image\" \/>\n<meta name=\"twitter:label1\" content=\"Gesch\u00e4tzte Lesezeit\" \/>\n\t<meta name=\"twitter:data1\" content=\"5\u00a0Minuten\" \/>\n<!-- \/ Yoast SEO plugin. -->","yoast_head_json":{"title":"LinkedIn Feed \u2013 Feed-Plugin zur Facebook-Seite hinzuf\u00fcgen [kostenlos!]","description":"Betten Sie das programmierungsfreie LinkedIn-Feed-Plugin in Ihre Facebook-Seiten-Website ein. Erstellen Sie Ihr Widget mithilfe einer Live-Demo und vorgefertigten Vorlagen, um einen starken Social Proof zu erzielen.","robots":{"index":"index","follow":"follow","max-snippet":"max-snippet:-1","max-image-preview":"max-image-preview:large","max-video-preview":"max-video-preview:-1"},"canonical":"https:\/\/elfsight.com\/de\/linkedin-feed-widget\/facebook\/","og_locale":"de_DE","og_type":"article","og_title":"LinkedIn Feed \u2013 Feed-Plugin zur Facebook-Seite hinzuf\u00fcgen [kostenlos!]","og_description":"Betten Sie das programmierungsfreie LinkedIn-Feed-Plugin in Ihre Facebook-Seiten-Website ein. Erstellen Sie Ihr Widget mithilfe einer Live-Demo und vorgefertigten Vorlagen, um einen starken Social Proof zu erzielen.","og_url":"https:\/\/elfsight.com\/de\/linkedin-feed-widget\/facebook\/","og_site_name":"Elfsight DE","article_modified_time":"2025-01-23T18:09:31+00:00","twitter_card":"summary_large_image","twitter_misc":{"Gesch\u00e4tzte Lesezeit":"5\u00a0Minuten"},"schema":{"@context":"https:\/\/schema.org","@graph":[{"@type":"WebPage","@id":"https:\/\/elfsight.com\/de\/linkedin-feed-widget\/facebook\/","url":"https:\/\/elfsight.com\/de\/linkedin-feed-widget\/facebook\/","name":"LinkedIn Feed \u2013 Feed-Plugin zur Facebook-Seite hinzuf\u00fcgen [kostenlos!]","isPartOf":{"@id":"https:\/\/elfsight.com\/de\/#website"},"datePublished":"2024-05-03T06:40:23+00:00","dateModified":"2025-01-23T18:09:31+00:00","description":"Betten Sie das programmierungsfreie LinkedIn-Feed-Plugin in Ihre Facebook-Seiten-Website ein. Erstellen Sie Ihr Widget mithilfe einer Live-Demo und vorgefertigten Vorlagen, um einen starken Social Proof zu erzielen.","breadcrumb":{"@id":"https:\/\/elfsight.com\/de\/linkedin-feed-widget\/facebook\/#breadcrumb"},"inLanguage":"de","potentialAction":[{"@type":"ReadAction","target":["https:\/\/elfsight.com\/de\/linkedin-feed-widget\/facebook\/"]}]},{"@type":"BreadcrumbList","@id":"https:\/\/elfsight.com\/de\/linkedin-feed-widget\/facebook\/#breadcrumb","itemListElement":[{"@type":"ListItem","position":1,"name":"Home","item":"https:\/\/elfsight.com\/de\/"},{"@type":"ListItem","position":2,"name":"LinkedIn Feed","item":"https:\/\/elfsight.com\/de\/linkedin-feed-widget\/"},{"@type":"ListItem","position":3,"name":"LinkedIn Feed &#8211; Facebook Page"}]},{"@type":"WebSite","@id":"https:\/\/elfsight.com\/de\/#website","url":"https:\/\/elfsight.com\/de\/","name":"Elfsight DE","description":"Just another Elfsight Sites site","potentialAction":[{"@type":"SearchAction","target":{"@type":"EntryPoint","urlTemplate":"https:\/\/elfsight.com\/de\/?s={search_term_string}"},"query-input":{"@type":"PropertyValueSpecification","valueRequired":true,"valueName":"search_term_string"}}],"inLanguage":"de"}]}},"meta_box":{"industry":"","seo_heading":"","heading":"","description":"","cta_heading":"","cta_description":"","application":"7435","h1":"So betten Sie den LinkedIn-Feed kostenlos auf einer Facebook-Seite ein!","h1_caption":"Zeigen Sie Beitr\u00e4ge aus Ihrem LinkedIn-Profil oder Ihrer Unternehmensseite auf Ihrer Website an und verbessern Sie so m\u00fchelos Ihre professionelle Online-Pr\u00e4senz auf Ihrer Facebook-Seite.","application_category":[],"applications_title":"","applications_request_title":"","applications_request_button_text":"","hero_text":"","hero_video":"","hero_video_schema_markup":"","selling_points_title":"","selling_points_caption":"","selling_points":[],"selling_points_cta_text":"","features_title":"","features":"","ed_cta_examples_text":"","ed_cta_examples_hidden":"","ed_cta_demo_text":"","ed_cta_demo_hidden":"","why_caption":"","why_editor_title":"","why_editor_text":"","why_team_title":"","why_team_text":"","why_service_title":"","why_service_text":"","template_catalog_visible":"0","template_catalog_title":"","template_catalog_text":"","template_catalog_categories_visible":"","demo_title":"Erstellen Sie Ihr LinkedIn-Feed-Widget","demo_caption":"Konfigurieren Sie Ihren LinkedIn-Feed und f\u00fcgen Sie ihn kostenlos Ihrer Facebook-Seite hinzu!","default_faq_hidden":"","app_template_category":[],"platform":"216","template_public_id":"","codecanyon_url":"","codecanyon_item_id":"","codecanyon_price":"","pricing_caption":"","pricing_elfsight_apps_hide_column":"","pricing_elfsight_apps_url":"","pricing_codecanyon_price_caption":"","integration_category":[],"integration_request_title":"","integration_request_cta":"","integration_platform":"","integrations":[],"platform_category":[],"video_schema_markup":"","price":"ab 0 $ \/ Monat","trial":"","benefits":[{"text":"Kostenloser Installationsservice"},{"text":"Effektiver Kundenservice"},{"text":"14-t\u00e4gige Geld-zur\u00fcck-Garantie"},{"text":"Zuk\u00fcnftige Updates"}],"button_url":"#demo","button_target_blank":"0","button_nofollow":"0","attributes":[{"name":"Installiert","content":"10,000 - 100,000"},{"name":"Reaktionsfreudig","content":"Ja"},{"name":"Kompatible Browser","content":"Firefox, Safari, Opera, Chrome, Edge"}],"tags":[],"tags_disable_links":"0","hide_more_platforms":"","video_object":"","demo_hide_cta":"0","demo_hide_cloud_options":"0","pricing_title":"","pricing":[{"pricing_icon":"platform","pricing_title":"Elfsight Apps","pricing_title_caption":"Multiplattform-L\u00f6sung, die auf jeder Website funktioniert","pricing_price":"ab 0 $ \/ Monat","pricing_price_caption":"Beginnen Sie mit einem kostenlosen Plan","pricing_benefits":[{"text":"Unbegrenzte Websites"},{"text":"Support rund um die Uhr"},{"text":"Kostenloser Installationsservice"},{"text":"Vollst\u00e4ndig anpassbar"}],"pricing_button_text":"Zur Website hinzuf\u00fcgen","pricing_button_url":"#demo"}],"related_apps_title":"","related_apps_hidden":"0","author":"","image":[],"title":"","job":"","social_networks":[]},"_links":{"self":[{"href":"https:\/\/elfsight.com\/de\/wp-json\/wp\/v2\/pages\/20733","targetHints":{"allow":["GET"]}}],"collection":[{"href":"https:\/\/elfsight.com\/de\/wp-json\/wp\/v2\/pages"}],"about":[{"href":"https:\/\/elfsight.com\/de\/wp-json\/wp\/v2\/types\/page"}],"author":[{"embeddable":true,"href":"https:\/\/elfsight.com\/de\/wp-json\/wp\/v2\/users\/9"}],"replies":[{"embeddable":true,"href":"https:\/\/elfsight.com\/de\/wp-json\/wp\/v2\/comments?post=20733"}],"version-history":[{"count":3,"href":"https:\/\/elfsight.com\/de\/wp-json\/wp\/v2\/pages\/20733\/revisions"}],"predecessor-version":[{"id":23899,"href":"https:\/\/elfsight.com\/de\/wp-json\/wp\/v2\/pages\/20733\/revisions\/23899"}],"up":[{"embeddable":true,"href":"https:\/\/elfsight.com\/de\/wp-json\/wp\/v2\/pages\/7448"}],"wp:attachment":[{"href":"https:\/\/elfsight.com\/de\/wp-json\/wp\/v2\/media?parent=20733"}],"curies":[{"name":"wp","href":"https:\/\/api.w.org\/{rel}","templated":true}]}}