{"id":20732,"date":"2024-05-03T06:40:22","date_gmt":"2024-05-03T06:40:22","guid":{"rendered":"https:\/\/elfsight.com\/de\/?page_id=20732"},"modified":"2025-01-23T18:54:13","modified_gmt":"2025-01-23T18:54:13","slug":"weebly","status":"publish","type":"page","link":"https:\/\/elfsight.com\/de\/linkedin-feed-widget\/weebly\/","title":{"rendered":"LinkedIn Feed &#8211; Weebly"},"content":{"rendered":"\n<div class=\"application-platform-content-item-description application-platform-content-item\" id=\"description\" data-nav-section=\"description\"> <h2>LinkedIn-Feed kostenlos auf Weebly einbetten!<\/h2> <p>Das LinkedIn-Feed-Plugin bietet eine hochmoderne M\u00f6glichkeit f\u00fcr Unternehmen, sich zu pr\u00e4sentieren und bewerben Sie ihre LinkedIn-Inhalte auf Weebly-Websites: Zeigen Sie Beitr\u00e4ge, Fotos, Clips usw. an. Die Einrichtung des Widgets ist unkompliziert \u2013 es sind keine Programmier- oder Programmierkenntnisse erforderlich. <\/p> <p>Erstellen Sie einen Feed-Stil, der die Anforderungen Ihrer Website widerspiegelt, und bleiben Sie Ihrer Marke treu, indem Sie mit benutzerdefinierten Elementen, Vorlagen, Layouts und Beitragsstilen experimentieren. F\u00fcgen Sie einen Popup-Effekt als Post-Click-Aktion hinzu, um die Aufmerksamkeit der Benutzer zu erregen. Genie\u00dfen Sie schlie\u00dflich das geweckte Vertrauen und die prominent etablierte Marke in der Branche.<\/p> <ul><li><strong>St\u00e4rken Sie Ihre Networking-Kan\u00e4le mit der LinkedIn-Unternehmensseite.<\/strong><br>Entfachen Sie neue Beziehungen im Unternehmen Realisieren und steigern Sie die Anzahl Ihrer Leads, indem Sie Inhalte aus Ihrem LinkedIn-Profil nutzen. <\/li><li><strong>Erweitern Sie Ihre LinkedIn-Publikumsbasis.<\/strong> <br>Machen Sie Ihre Pr\u00e4senz auf LinkedIn bei den Weebly-Benutzern sichtbar und wecken Sie gro\u00dfes Interesse an Ihren Dienstleistungen.<\/li><li><strong> Lassen Sie Ihr Unternehmen authentischer erscheinen.<\/strong> <br>F\u00fcgen Sie Ihrer Marke eine zus\u00e4tzliche Ebene der Glaubw\u00fcrdigkeit und Vertrauensw\u00fcrdigkeit hinzu, indem Sie die neuesten LinkedIn-Aktivit\u00e4ten direkt auf der Website-Seite integrieren.<\/li><\/ul><p><b>F\u00fcgen Sie das codefreie LinkedIn-Feed-Widget auf der Weebly-Website hinzu, um Vertrauen zu st\u00e4rken, Authentizit\u00e4t zu demonstrieren und die Vernetzung durch starke soziale Best\u00e4tigung zu erweitern. <\/b><\/p> <div class=\"faq\" data-component=\"FAQ\"><div class=\"faq-item\">\r\n\t\t\t\t\t<div class=\"faq-item-question\">\r\n\t\t\t\t\t\t<h3 class=\"faq-item-question-text\">Gibt es noch andere Tools f\u00fcr Weebly, die ich auf meiner Website verwenden kann? <\/h3>\r\n\r\n\t\t\t\t\t\t<div class=\"faq-item-question-icon\"><\/div>\r\n\t\t\t\t\t<\/div>\r\n\r\n\t\t\t\t\t<div class=\"faq-item-answer\">\r\n\t\t\t\t\t\t<div class=\"faq-item-answer-text\"><p>Ja, tats\u00e4chlich! Als Weebly-Benutzer erhalten Sie eine gro\u00dfe Auswahl an codefreien Tools von Elfsight, einschlie\u00dflich des LinkedIn-Feed-Plugins. Unabh\u00e4ngig von der Art Ihres Unternehmens oder Ihrer Nische in der Branche gibt es immer M\u00f6glichkeiten, Ihre St\u00e4rken unter Beweis zu stellen. Erw\u00e4gen Sie die folgenden M\u00f6glichkeiten: <\/p><ul><li>Um eine andere Social-Media-App f\u00fcr Ihre Weebly-Website zu erstellen, die dem LinkedIn-Feed \u00e4hnelt, sollten Sie mit <a href=\"https:\/\/elfsight.com\/pinterest-feed-widget\/\">Pinterest-Feed<\/a> oder <a href=\"https:\/\/elfsight.com\/instagram-feed-instashow\/\">Instagram-Feed<\/a>-Widget. <\/li><li>Holen Sie sich die <a href=\"https:\/\/elfsight.com\/all-in-one-reviews-widget\/\">All-in-One-Bewertungen<\/a> oder <a href=\"\/\/elfsight.com\/google-reviews-widget\/\">Google Reviews<\/a>-Plugin zur Anzeige wertvollen Kundenfeedbacks. <\/li><li>Betten Sie das <a href=\"https:\/\/elfsight.com\/online-form-builder\/\">Form Builder<\/a>-Plugin ein, um die Antworterfassung zu optimieren und Benutzerinteraktionen auf Ihrer Weebly-Website zu erm\u00f6glichen. <\/li> <li>F\u00fcgen Sie das <a href=\"https:\/\/elfsight.com\/countdown-timer-widget\/\">Countdown-Timer<\/a>-Plugin hinzu, um Vorfreude zu wecken und bei Ihrem Publikum ein Gef\u00fchl der Knappheit zu erzeugen. <\/li><\/ul><p>Und denken Sie daran, diese Einbettungsvorschl\u00e4ge sind nur der Anfang. Entdecken Sie nach der Implementierung des codefreien LinkedIn-Feed-Plugins unseren umfangreichen Widget-Katalog, um noch mehr M\u00f6glichkeiten zu entdecken, um auf Ihre Gesch\u00e4ftsanforderungen einzugehen! <\/p><\/div>\r\n\t\t\t\t\t<\/div>\r\n\t\t\t\t<\/div><div class=\"faq-item\">\r\n\t\t\t\t\t<div class=\"faq-item-question\">\r\n\t\t\t\t\t\t<h3 class=\"faq-item-question-text\">Wie bette ich den LinkedIn-Feed kostenlos auf Weebly ein? <\/h3>\r\n\r\n\t\t\t\t\t\t<div class=\"faq-item-question-icon\"><\/div>\r\n\t\t\t\t\t<\/div>\r\n\r\n\t\t\t\t\t<div class=\"faq-item-answer\">\r\n\t\t\t\t\t\t<div class=\"faq-item-answer-text\"><p>Um das LinkedIn-Feed-Widget kostenlos in Ihre Weebly-Website einzubinden, gehen Sie wie folgt vor: <\/p> <ol><li>Personalisieren Sie das Aussehen des LinkedIn-Feed-Plugins, um es an Ihre \u00c4sthetik anzupassen und ihm etwas W\u00fcrze zu verleihen. <\/li><li>Melden Sie sich bei Ihrem Elfsight-Dashboard an oder richten Sie ein kostenloses Benutzerprofil ein. <\/li><li>Erhalten Sie den eindeutigen Installationscode zum Einbetten. <\/li><li>Gehen Sie zu Ihrer Weebly-Website. <\/li><li>F\u00fcgen Sie den Code in Ihren Weebly-Website-Editor ein, um das LinkedIn-Feed-Plugin hinzuzuf\u00fcgen. Erledigt! <\/li><\/ol><p>Wie Sie sehen k\u00f6nnen, ist es nicht erforderlich, sich mit dem Schreiben von Code auskennen zu k\u00f6nnen, um das Plugin einzubetten. Zeigen Sie das codefreie LinkedIn-Feed-Widget ganz einfach auf einer Weebly-Website an und erleben Sie alle Vorteile, die sich daraus ergeben, w\u00e4hrend Sie Ihr Publikum erweitern. <\/p><\/div>\r\n\t\t\t\t\t<\/div>\r\n\t\t\t\t<\/div><div class=\"faq-item\">\r\n\t\t\t\t\t<div class=\"faq-item-question\">\r\n\t\t\t\t\t\t<h3 class=\"faq-item-question-text\">Muss ich programmieren k\u00f6nnen oder \u00fcber Programmierkenntnisse verf\u00fcgen, um das LinkedIn-Feed-Widget auf Weebly einzubetten? <\/h3>\r\n\r\n\t\t\t\t\t\t<div class=\"faq-item-question-icon\"><\/div>\r\n\t\t\t\t\t<\/div>\r\n\r\n\t\t\t\t\t<div class=\"faq-item-answer\">\r\n\t\t\t\t\t\t<div class=\"faq-item-answer-text\"><p>\u00dcberhaupt nicht. Programmierkenntnisse sind \u00fcberhaupt nicht erforderlich. Sie k\u00f6nnen das LinkedIn-Feed-Widget ganz einfach erstellen und zu Ihrer Weebly-Website hinzuf\u00fcgen, ohne dass Sie \u00fcber spezielle Hintergrundkenntnisse oder Code-Vorkenntnisse verf\u00fcgen m\u00fcssen. <\/p> <\/div>\r\n\t\t\t\t\t<\/div>\r\n\t\t\t\t<\/div><\/div><div class=\"application-platform-content-item-features application-platform-content-item\" id=\"features\" data-nav-section=\"features\"><\/div> <h2>Wir bieten praktische und unkomplizierte Funktionen, sehen Sie sich einige davon an: <\/h2> <ul><li>Teilen Sie alle Arten von Inhalten : Blog-Beitr\u00e4ge, Fotos, Videos usw. <\/li><li>Filtern Sie Feed-Beitr\u00e4ge nach Schl\u00fcsselw\u00f6rtern, Hashtags oder URLs. <\/li><li>F\u00fcgen Sie die CTA-Schaltfl\u00e4chen hinzu, um das Engagement im LinkedIn-Feed Ihres Unternehmens zu steigern. <\/li><li>Dynamischer Popup-Modus, um die Aufmerksamkeit der Leute auf Ihre LinkedIn-Inhalte zu lenken. <\/li><li>Erweiterte Anpassung ohne Programmieraufwand: vorgefertigte Vorlagen, Farbschemagenerator, Layouts, Beitragsstile, benutzerdefiniertes CSS usw. <\/li><\/ul><p><a href=\" #demo\">Sie k\u00f6nnen sehen, was das Widget bietet, indem Sie die Demo ausprobieren<\/a><\/p> <\/div> <div class=\"application-platform-content-item-installation application-platform-content-item\" id=\"installation\" data-nav-section=\"installation\"> <h2>Wie f\u00fcge ich LinkedIn-Feed zu meiner Weebly-Website hinzu? <\/h2> <p>Wenn Sie den codefreien LinkedIn-Feed zu Ihrer Weebly-Website hinzuf\u00fcgen m\u00f6chten, f\u00fchren Sie diese Schritte aus: <\/p> <ol><li><b>F\u00fchren Sie unsere kostenlose Demo durch und beginnen Sie mit der Erstellung Ihres individuellen LinkedIn Feed-Plugin. <\/b><br> Finden Sie das passende Aussehen und die passende Funktionalit\u00e4t des Widgets und speichern Sie die \u00c4nderungen. <\/li> <li><b>Erhalten Sie Ihren pers\u00f6nlichen Code, der im Fenster von Elfsight Apps angezeigt wird. <\/b><br> Sobald die Einrichtung Ihres Tools abgeschlossen ist, kopieren Sie den pers\u00f6nlichen Code aus dem erscheinenden Popup und bewahren Sie ihn f\u00fcr die sp\u00e4tere Verwendung auf. <\/li> <li><b>Beginnen Sie mit der Verwendung des Widgets auf Ihrer Weebly-Website. <\/b><br> F\u00fcgen Sie den Code, den Sie k\u00fcrzlich kopiert haben, zu Ihrer Website hinzu und speichern Sie die \u00c4nderungen. <\/li> <li><b>Du bist fertig! Der Einbettungsvorgang wurde erfolgreich abgeschlossen. <\/b><br> Besuchen Sie Ihre Website, um die Funktion des LinkedIn Feed-Plugins zu \u00fcberpr\u00fcfen. <\/li><\/ol> <p>Falls Sie beim Hinzuf\u00fcgen des Widgets auf Schwierigkeiten sto\u00dfen, wenden Sie sich bitte an unser Kundendienstteam. Unsere Berater sind bestrebt, alle Schwierigkeiten zu l\u00f6sen, die Sie mit dem codefreien LinkedIn-Feed-Plugin f\u00fcr Weebly-Websites haben k\u00f6nnten.<\/p> <\/div>\n","protected":false},"excerpt":{"rendered":"","protected":false},"author":9,"featured_media":0,"parent":7448,"menu_order":0,"comment_status":"closed","ping_status":"closed","template":"templates\/template-application-platform.php","meta":{"publish_to_discourse":"","publish_post_category":"","wpdc_auto_publish_overridden":"","wpdc_topic_tags":"","wpdc_pin_topic":"","wpdc_pin_until":"","discourse_post_id":"","discourse_permalink":"","wpdc_publishing_response":"","wpdc_publishing_error":"","footnotes":""},"class_list":["post-20732","page","type-page","status-publish","hentry"],"yoast_head":"<!-- This site is optimized with the Yoast SEO plugin v25.3.1 - https:\/\/yoast.com\/wordpress\/plugins\/seo\/ -->\n<title>LinkedIn Feed \u2013 Feed-App zu Weebly hinzuf\u00fcgen [kostenlos!]<\/title>\n<meta name=\"description\" content=\"Betten Sie die programmierungsfreie LinkedIn-Feed-App in Ihre Weebly-Website ein. Erstellen Sie Ihr Widget mithilfe einer Live-Demo und vorgefertigten Vorlagen, um einen starken Social Proof zu erzielen.\" \/>\n<meta name=\"robots\" content=\"index, follow, max-snippet:-1, max-image-preview:large, max-video-preview:-1\" \/>\n<link rel=\"canonical\" href=\"https:\/\/elfsight.com\/de\/linkedin-feed-widget\/weebly\/\" \/>\n<meta property=\"og:locale\" content=\"de_DE\" \/>\n<meta property=\"og:type\" content=\"article\" \/>\n<meta property=\"og:title\" content=\"LinkedIn Feed \u2013 Feed-App zu Weebly hinzuf\u00fcgen [kostenlos!]\" \/>\n<meta property=\"og:description\" content=\"Betten Sie die programmierungsfreie LinkedIn-Feed-App in Ihre Weebly-Website ein. Erstellen Sie Ihr Widget mithilfe einer Live-Demo und vorgefertigten Vorlagen, um einen starken Social Proof zu erzielen.\" \/>\n<meta property=\"og:url\" content=\"https:\/\/elfsight.com\/de\/linkedin-feed-widget\/weebly\/\" \/>\n<meta property=\"og:site_name\" content=\"Elfsight DE\" \/>\n<meta property=\"article:modified_time\" content=\"2025-01-23T18:54:13+00:00\" \/>\n<meta name=\"twitter:card\" content=\"summary_large_image\" \/>\n<meta name=\"twitter:label1\" content=\"Gesch\u00e4tzte Lesezeit\" \/>\n\t<meta name=\"twitter:data1\" content=\"5\u00a0Minuten\" \/>\n<!-- \/ Yoast SEO plugin. -->","yoast_head_json":{"title":"LinkedIn Feed \u2013 Feed-App zu Weebly hinzuf\u00fcgen [kostenlos!]","description":"Betten Sie die programmierungsfreie LinkedIn-Feed-App in Ihre Weebly-Website ein. Erstellen Sie Ihr Widget mithilfe einer Live-Demo und vorgefertigten Vorlagen, um einen starken Social Proof zu erzielen.","robots":{"index":"index","follow":"follow","max-snippet":"max-snippet:-1","max-image-preview":"max-image-preview:large","max-video-preview":"max-video-preview:-1"},"canonical":"https:\/\/elfsight.com\/de\/linkedin-feed-widget\/weebly\/","og_locale":"de_DE","og_type":"article","og_title":"LinkedIn Feed \u2013 Feed-App zu Weebly hinzuf\u00fcgen [kostenlos!]","og_description":"Betten Sie die programmierungsfreie LinkedIn-Feed-App in Ihre Weebly-Website ein. Erstellen Sie Ihr Widget mithilfe einer Live-Demo und vorgefertigten Vorlagen, um einen starken Social Proof zu erzielen.","og_url":"https:\/\/elfsight.com\/de\/linkedin-feed-widget\/weebly\/","og_site_name":"Elfsight DE","article_modified_time":"2025-01-23T18:54:13+00:00","twitter_card":"summary_large_image","twitter_misc":{"Gesch\u00e4tzte Lesezeit":"5\u00a0Minuten"},"schema":{"@context":"https:\/\/schema.org","@graph":[{"@type":"WebPage","@id":"https:\/\/elfsight.com\/de\/linkedin-feed-widget\/weebly\/","url":"https:\/\/elfsight.com\/de\/linkedin-feed-widget\/weebly\/","name":"LinkedIn Feed \u2013 Feed-App zu Weebly hinzuf\u00fcgen [kostenlos!]","isPartOf":{"@id":"https:\/\/elfsight.com\/de\/#website"},"datePublished":"2024-05-03T06:40:22+00:00","dateModified":"2025-01-23T18:54:13+00:00","description":"Betten Sie die programmierungsfreie LinkedIn-Feed-App in Ihre Weebly-Website ein. Erstellen Sie Ihr Widget mithilfe einer Live-Demo und vorgefertigten Vorlagen, um einen starken Social Proof zu erzielen.","breadcrumb":{"@id":"https:\/\/elfsight.com\/de\/linkedin-feed-widget\/weebly\/#breadcrumb"},"inLanguage":"de","potentialAction":[{"@type":"ReadAction","target":["https:\/\/elfsight.com\/de\/linkedin-feed-widget\/weebly\/"]}]},{"@type":"BreadcrumbList","@id":"https:\/\/elfsight.com\/de\/linkedin-feed-widget\/weebly\/#breadcrumb","itemListElement":[{"@type":"ListItem","position":1,"name":"Home","item":"https:\/\/elfsight.com\/de\/"},{"@type":"ListItem","position":2,"name":"LinkedIn Feed","item":"https:\/\/elfsight.com\/de\/linkedin-feed-widget\/"},{"@type":"ListItem","position":3,"name":"LinkedIn Feed &#8211; Weebly"}]},{"@type":"WebSite","@id":"https:\/\/elfsight.com\/de\/#website","url":"https:\/\/elfsight.com\/de\/","name":"Elfsight DE","description":"Just another Elfsight Sites site","potentialAction":[{"@type":"SearchAction","target":{"@type":"EntryPoint","urlTemplate":"https:\/\/elfsight.com\/de\/?s={search_term_string}"},"query-input":{"@type":"PropertyValueSpecification","valueRequired":true,"valueName":"search_term_string"}}],"inLanguage":"de"}]}},"meta_box":{"industry":"","seo_heading":"","heading":"","description":"","cta_heading":"","cta_description":"","application":"7435","h1":"So betten Sie den LinkedIn-Feed kostenlos auf Weebly ein!","h1_caption":"Zeigen Sie Beitr\u00e4ge aus Ihrem LinkedIn-Profil oder Ihrer Unternehmensseite auf Ihrer Website an und verbessern Sie so m\u00fchelos Ihre professionelle Online-Pr\u00e4senz auf Ihrer Weebly-Website.","application_category":[],"applications_title":"","applications_request_title":"","applications_request_button_text":"","hero_text":"","hero_video":"","hero_video_schema_markup":"","selling_points_title":"","selling_points_caption":"","selling_points":[],"selling_points_cta_text":"","features_title":"","features":"","ed_cta_examples_text":"","ed_cta_examples_hidden":"","ed_cta_demo_text":"","ed_cta_demo_hidden":"","why_caption":"","why_editor_title":"","why_editor_text":"","why_team_title":"","why_team_text":"","why_service_title":"","why_service_text":"","template_catalog_visible":"0","template_catalog_title":"","template_catalog_text":"","template_catalog_categories_visible":"","demo_title":"Erstellen Sie Ihre LinkedIn-Feed-App","demo_caption":"Konfigurieren Sie Ihren LinkedIn-Feed und f\u00fcgen Sie ihn kostenlos zu Ihrer Weebly-Website hinzu!","default_faq_hidden":"","app_template_category":[],"platform":"249","template_public_id":"","codecanyon_url":"","codecanyon_item_id":"","codecanyon_price":"","pricing_caption":"","pricing_elfsight_apps_hide_column":"","pricing_elfsight_apps_url":"","pricing_codecanyon_price_caption":"","integration_category":[],"integration_request_title":"","integration_request_cta":"","integration_platform":"","integrations":[],"platform_category":[],"video_schema_markup":"","price":"ab 0 $ \/ Monat","trial":"","benefits":[{"text":"Kostenlose Installationshilfe"},{"text":"Premium-Support"},{"text":"14-t\u00e4gige R\u00fcckerstattungsgarantie"},{"text":"Regelm\u00e4\u00dfige kostenlose Verbesserungen"}],"button_url":"#demo","button_target_blank":"0","button_nofollow":"0","attributes":[{"name":"Installiert","content":"10,000 - 100,000"},{"name":"Reaktionsfreudig","content":"Ja"},{"name":"Kompatible Browser","content":"Firefox, Safari, Opera, Chrome, Edge"}],"tags":[],"tags_disable_links":"0","hide_more_platforms":"","video_object":"","demo_hide_cta":"0","demo_hide_cloud_options":"0","pricing_title":"","pricing":[{"pricing_icon":"platform","pricing_title":"Elfsight Apps","pricing_title_caption":"Plattformunabh\u00e4ngige Software, die auf jeder Website funktioniert","pricing_price":"ab 0 $ \/ Monat","pricing_price_caption":"Beginnen Sie mit einem kostenlosen Plan","pricing_benefits":[{"text":"Unbegrenzte Websites"},{"text":"Premium-Unternehmensunterst\u00fctzung"},{"text":"Kostenlose Installationsunterst\u00fctzung"},{"text":"Flexibles Design"}],"pricing_button_text":"Zur Website hinzuf\u00fcgen","pricing_button_url":"#demo"}],"related_apps_title":"","related_apps_hidden":"0","author":"","image":[],"title":"","job":"","social_networks":[]},"_links":{"self":[{"href":"https:\/\/elfsight.com\/de\/wp-json\/wp\/v2\/pages\/20732","targetHints":{"allow":["GET"]}}],"collection":[{"href":"https:\/\/elfsight.com\/de\/wp-json\/wp\/v2\/pages"}],"about":[{"href":"https:\/\/elfsight.com\/de\/wp-json\/wp\/v2\/types\/page"}],"author":[{"embeddable":true,"href":"https:\/\/elfsight.com\/de\/wp-json\/wp\/v2\/users\/9"}],"replies":[{"embeddable":true,"href":"https:\/\/elfsight.com\/de\/wp-json\/wp\/v2\/comments?post=20732"}],"version-history":[{"count":3,"href":"https:\/\/elfsight.com\/de\/wp-json\/wp\/v2\/pages\/20732\/revisions"}],"predecessor-version":[{"id":23904,"href":"https:\/\/elfsight.com\/de\/wp-json\/wp\/v2\/pages\/20732\/revisions\/23904"}],"up":[{"embeddable":true,"href":"https:\/\/elfsight.com\/de\/wp-json\/wp\/v2\/pages\/7448"}],"wp:attachment":[{"href":"https:\/\/elfsight.com\/de\/wp-json\/wp\/v2\/media?parent=20732"}],"curies":[{"name":"wp","href":"https:\/\/api.w.org\/{rel}","templated":true}]}}