{"id":20726,"date":"2024-05-03T06:40:20","date_gmt":"2024-05-03T06:40:20","guid":{"rendered":"https:\/\/elfsight.com\/de\/?page_id=20726"},"modified":"2025-02-19T09:53:32","modified_gmt":"2025-02-19T09:53:32","slug":"wordpress","status":"publish","type":"page","link":"https:\/\/elfsight.com\/de\/line-chat-widget\/wordpress\/","title":{"rendered":"Line Chat &#8211; WordPress"},"content":{"rendered":"\n<div class=\"application-platform-content-item-description application-platform-content-item\" id=\"description\" data-nav-section=\"description\"><h2>Verbessern Sie Ihre WordPress-Website mit dem Elfsight Line Chat-Plugin<\/h2><p>Elfsight Line Chat f\u00fcr WordPress ist die ultimative L\u00f6sung zur Verbesserung Ihrer Website Kommunikations- und Kundensupportfunktionen. Mit diesem leistungsstarken Plugin k\u00f6nnen Sie Line Chat nahtlos in Ihre WordPress-Website einbetten und Ihren Besuchern eine bequeme und direkte M\u00f6glichkeit bieten, mit Ihnen in Kontakt zu treten. Unabh\u00e4ngig davon, ob Sie einen Blog, einen Online-Shop oder eine andere Art von Website betreiben, ist dieses Widget ein entscheidender Faktor, wenn es darum geht, mit Ihrem Publikum in Verbindung zu bleiben. Lassen Sie uns tiefer in die Funktionen und den Installationsprozess eintauchen, die Elfsight Line Chat zu einem Muss f\u00fcr Ihre WordPress-Site machen.<\/p><div class=\"faq\" data-component=\"FAQ\"><div class=\"faq-item\">\r\n\t\t\t\t\t<div class=\"faq-item-question\">\r\n\t\t\t\t\t\t<h3 class=\"faq-item-question-text\">Warum Sie sich f\u00fcr Elfsight Line Chat entscheiden sollten WordPress?<\/h3>\r\n\r\n\t\t\t\t\t\t<div class=\"faq-item-question-icon\"><\/div>\r\n\t\t\t\t\t<\/div>\r\n\r\n\t\t\t\t\t<div class=\"faq-item-answer\">\r\n\t\t\t\t\t\t<div class=\"faq-item-answer-text\"><p>Elfsight Line Chat ist die erste Wahl f\u00fcr WordPress-Websitebesitzer, die einen au\u00dfergew\u00f6hnlichen Kundenservice bieten m\u00f6chten. Hier sind einige wichtige Gr\u00fcnde, warum Sie sich f\u00fcr dieses Widget entscheiden sollten:<\/p><ul> <li>Nahtlose Integration: Das Hinzuf\u00fcgen von Line Chat zu Ihrer WordPress-Website ist ein Kinderspiel. Sie ben\u00f6tigen keine Programmierkenntnisse; Es ist so einfach wie Kopieren und Einf\u00fcgen.<\/li> <li>Anpassungsoptionen: Passen Sie Ihr Line-Chat-Widget an den Stil und das Branding Ihrer Website an. W\u00e4hlen Sie aus verschiedenen Themen, Symbolen und Chat-Fensterpositionen.<\/li> <li>Echtzeitkommunikation: Halten Sie die Konversation am Laufen, indem Sie Ihre Besucher im Line-Chat mit Ihnen verbinden und sicherstellen, dass Sie ihnen jederzeit zur Verf\u00fcgung stehen, wenn sie Hilfe ben\u00f6tigen .<\/li> <li>Besuchereinblicke: Erhalten Sie wertvolle Einblicke in die Vorlieben und Verhaltensweisen Ihrer Besucher, indem Sie deren Interaktionen mit dem Line-Chat-Widget verfolgen.<\/li> <li>Mehr Besucher einbeziehen: Durch die Bereitstellung eines direkten Line-Chat-Kanals Sie binden mehr Besucher ein, was zu h\u00f6herer Kundenzufriedenheit und Conversions f\u00fchrt.<\/li><\/ul><p>Mit Elfsight Line Chat f\u00fcr WordPress k\u00f6nnen Sie das Benutzererlebnis Ihrer Website erheblich verbessern und sie interaktiver und benutzerfreundlicher machen .<\/p><\/div>\r\n\t\t\t\t\t<\/div>\r\n\t\t\t\t<\/div><div class=\"faq-item\">\r\n\t\t\t\t\t<div class=\"faq-item-question\">\r\n\t\t\t\t\t\t<h3 class=\"faq-item-question-text\">Wie f\u00fcge ich Elfsight Line Chat zu Ihrer WordPress-Website hinzu?<\/h3>\r\n\r\n\t\t\t\t\t\t<div class=\"faq-item-question-icon\"><\/div>\r\n\t\t\t\t\t<\/div>\r\n\r\n\t\t\t\t\t<div class=\"faq-item-answer\">\r\n\t\t\t\t\t\t<div class=\"faq-item-answer-text\"><p>Die Integration von Elfsight Line Chat in Ihre WordPress-Website ist ein schneller und unkomplizierter Vorgang. Befolgen Sie diese Schritte, um loszulegen:<\/p><ol> <li><strong>Widget-Anpassung:<\/strong> Beginnen Sie mit der Anpassung Ihres Line-Chat-Widgets mit unserem kostenlosen Konfigurator. Sie k\u00f6nnen Ihr bevorzugtes Layout, Design und andere Einstellungen ausw\u00e4hlen.<\/li> <li><strong>Installationscode:<\/strong> Nachdem Sie Ihr Widget angepasst haben, erhalten Sie einen eindeutigen Installationscode. Kopieren Sie diesen Code, da Sie ihn f\u00fcr den n\u00e4chsten Schritt ben\u00f6tigen.<\/li> <li><strong>Website-Integration:<\/strong> Gehen Sie zum Backend Ihrer WordPress-Website und f\u00fcgen Sie den Installationscode an der erforderlichen Stelle ein. Speichern Sie die \u00c4nderungen.<\/li> <li><strong>Viel Spa\u00df mit Line Chat:<\/strong> Ihr Line Chat-Widget ist jetzt erfolgreich in Ihre Website integriert. Besuchen Sie Ihre Website, um zu sehen, wie es funktioniert.<\/li><\/ol><p>Das war&#8217;s! Sie haben Elfsight Line Chat erfolgreich zu Ihrer WordPress-Website hinzugef\u00fcgt und sind bereit, Ihren Besuchern erstklassigen Support zu bieten.<\/p><\/div>\r\n\t\t\t\t\t<\/div>\r\n\t\t\t\t<\/div><div class=\"faq-item\">\r\n\t\t\t\t\t<div class=\"faq-item-question\">\r\n\t\t\t\t\t\t<h3 class=\"faq-item-question-text\">Erleben Sie den Look des Widgets mit unserer Live-Demo<\/h3>\r\n\r\n\t\t\t\t\t\t<div class=\"faq-item-question-icon\"><\/div>\r\n\t\t\t\t\t<\/div>\r\n\r\n\t\t\t\t\t<div class=\"faq-item-answer\">\r\n\t\t\t\t\t\t<div class=\"faq-item-answer-text\"><p>Sie fragen sich, wie das Line-Chat-Widget auf Ihrer WordPress-Website angezeigt wird? Sie k\u00f6nnen eine Vorschau anzeigen, bevor Sie es Ihrer Website hinzuf\u00fcgen. W\u00e4hrend Sie das Widget im Online-Builder anpassen, k\u00f6nnen Sie auf der rechten Seite \u00c4nderungen in Echtzeit sehen. So k\u00f6nnen Sie sicherstellen, dass die Chatbox perfekt zum Stil Ihrer WordPress-Site passt.<\/p><p><a href=\"https:\/\/elfsight.com\/line-chat-widget\/#demo\">Versuchen Sie es Jetzt die Live-Demo<\/a><\/p><\/div>\r\n\t\t\t\t\t<\/div>\r\n\t\t\t\t<\/div><\/div><\/div><div class=\"application-platform-content-item-features application-platform-content-item\" id=\"features\" data-nav-section=\"features\"><h2>Enth\u00fcllung der leistungsstarken Funktionen von Elfsight Line Chat f\u00fcr WordPress<\/h2><p>Elfsight Line Chat ist vollgepackt mit einer Reihe von Funktionen, die die Art und Weise, wie Sie mit Ihrem Publikum in Kontakt treten, revolutionieren werden. Hier sind die Hauptfunktionen, die dieses Plugin zu einem unverzichtbaren Werkzeug f\u00fcr Ihre WordPress-Website machen:<\/p><ul> <li>Einfache Integration: Integrieren Sie Line Chat m\u00fchelos in Ihre WordPress-Website und verbessern Sie so das Kommunikationserlebnis Ihrer Besucher.<\/li> <li>Echtzeit-Messaging: Halten Sie die Konversation mit Ihrem Publikum direkt von Ihrer WordPress-Seite aus am Laufen.<\/li> <li>Chat-Standortoptionen: W\u00e4hlen Sie aus drei Chat-Standorteinstellungen \u2013 schwebende Blase, eingebettete Blase oder eingebettetes Chat-Fenster \u2013 passend zum Layout Ihrer Website.<\/li> <li>Symbolauswahl: Entdecken Sie eine vielf\u00e4ltige Sammlung von Blasensymbolen und w\u00e4hlen Sie das Symbol aus, das am besten zum Design Ihrer Website passt.<\/li> <li>Anpassbarer Text: Personalisieren Sie den zu erstellenden Blasentext eine einladende und ansprechende Nachricht f\u00fcr Ihre Besucher.<\/li><\/ul><p>Mit diesen Funktionen stellt Elfsight Line Chat f\u00fcr WordPress sicher, dass Sie erstklassigen Support bieten, Ihre Besucher einbeziehen und Ihre Website interaktiver gestalten k\u00f6nnen. <\/p><p><a href=\"https:\/\/elfsight.com\/line-chat-widget\/#demo\">Um diese Funktionen weiter zu erkunden, probieren Sie unsere Live-Demo aus<\/a><\/p><\/div><div class=\"application-platform-content-item-installation application-platform-content-item\" id=\"installation\" data-nav-section=\"installation\"><h2>Installieren des Elfsight Line Chat-Plugins auf Ihrer WordPress-Website<\/h2><p>Das Hinzuf\u00fcgen von Elfsight Line Chat zu Ihrer WordPress-Website ist ein unkomplizierter Vorgang, der keine Programmierkenntnisse erfordert. Befolgen Sie diese einfachen Schritte, um loszulegen:<\/p><ol> <li><b>Widget-Anpassung:<\/b> Beginnen Sie mit der Anpassung Ihres Line-Chat-Widgets in unserem kostenlosen Konfigurator. W\u00e4hlen Sie Ihr bevorzugtes Layout und Ihre bevorzugten Einstellungen und speichern Sie Ihre Anpassungen.<\/li> <li><b>Holen Sie sich Ihren Installationscode:<\/b> Nachdem Sie Ihr Widget angepasst haben, erhalten Sie einen eindeutigen Installationscode. Kopiere diesen Code; Sie ben\u00f6tigen es im n\u00e4chsten Schritt.<\/li> <li><b>Website-Integration:<\/b> Greifen Sie auf das Backend Ihrer WordPress-Website zu und f\u00fcgen Sie den Installationscode an der angegebenen Stelle ein. Speichern Sie die vorgenommenen \u00c4nderungen.<\/li> <li><b>Viel Spa\u00df mit Line Chat:<\/b> Ihr Elfsight Line Chat-Widget ist jetzt erfolgreich in Ihre Website integriert. Besuchen Sie Ihre Website, um es in Aktion zu erleben.<\/li><\/ol><p>Das ist alles! Sie haben die Installation abgeschlossen und Ihre WordPress-Website ist jetzt mit Elfsight Line Chat ausgestattet. Sie k\u00f6nnen beginnen, mit Ihren Besuchern in Kontakt zu treten und au\u00dfergew\u00f6hnlichen Support zu leisten.<\/p><p>Wenn Sie w\u00e4hrend der Installation auf Schwierigkeiten sto\u00dfen oder Fragen haben, ist unser Kundenservice nur eine Anfrage entfernt und hilft Ihnen bei allen Anliegen weiter.<\/p><\/div>\n\n\n\n<p><\/p>\n","protected":false},"excerpt":{"rendered":"","protected":false},"author":9,"featured_media":0,"parent":3644,"menu_order":0,"comment_status":"closed","ping_status":"closed","template":"templates\/template-application-platform.php","meta":{"publish_to_discourse":"","publish_post_category":"","wpdc_auto_publish_overridden":"","wpdc_topic_tags":"","wpdc_pin_topic":"","wpdc_pin_until":"","discourse_post_id":"","discourse_permalink":"","wpdc_publishing_response":"","wpdc_publishing_error":"","footnotes":""},"class_list":["post-20726","page","type-page","status-publish","hentry"],"yoast_head":"<!-- This site is optimized with the Yoast SEO plugin v25.3.1 - https:\/\/yoast.com\/wordpress\/plugins\/seo\/ -->\n<title>Verbessern Sie die WordPress-Kommunikation mit dem Elfsight Line Chat Plugin<\/title>\n<meta name=\"description\" content=\"Entdecken Sie, wie Elfsight Line Chat f\u00fcr WordPress die Kommunikations- und Supportfunktionen Ihrer Website revolutionieren kann. Integrieren Sie Line Chat nahtlos, binden Sie Ihre Besucher ein und bieten Sie au\u00dfergew\u00f6hnlichen Support mit unserem benutzerfreundlichen Plugin.\" \/>\n<meta name=\"robots\" content=\"index, follow, max-snippet:-1, max-image-preview:large, max-video-preview:-1\" \/>\n<link rel=\"canonical\" href=\"https:\/\/elfsight.com\/de\/line-chat-widget\/wordpress\/\" \/>\n<meta property=\"og:locale\" content=\"de_DE\" \/>\n<meta property=\"og:type\" content=\"article\" \/>\n<meta property=\"og:title\" content=\"Verbessern Sie die WordPress-Kommunikation mit dem Elfsight Line Chat Plugin\" \/>\n<meta property=\"og:description\" content=\"Entdecken Sie, wie Elfsight Line Chat f\u00fcr WordPress die Kommunikations- und Supportfunktionen Ihrer Website revolutionieren kann. Integrieren Sie Line Chat nahtlos, binden Sie Ihre Besucher ein und bieten Sie au\u00dfergew\u00f6hnlichen Support mit unserem benutzerfreundlichen Plugin.\" \/>\n<meta property=\"og:url\" content=\"https:\/\/elfsight.com\/de\/line-chat-widget\/wordpress\/\" \/>\n<meta property=\"og:site_name\" content=\"Elfsight DE\" \/>\n<meta property=\"article:modified_time\" content=\"2025-02-19T09:53:32+00:00\" \/>\n<meta name=\"twitter:card\" content=\"summary_large_image\" \/>\n<meta name=\"twitter:label1\" content=\"Gesch\u00e4tzte Lesezeit\" \/>\n\t<meta name=\"twitter:data1\" content=\"5\u00a0Minuten\" \/>\n<!-- \/ Yoast SEO plugin. -->","yoast_head_json":{"title":"Verbessern Sie die WordPress-Kommunikation mit dem Elfsight Line Chat Plugin","description":"Entdecken Sie, wie Elfsight Line Chat f\u00fcr WordPress die Kommunikations- und Supportfunktionen Ihrer Website revolutionieren kann. Integrieren Sie Line Chat nahtlos, binden Sie Ihre Besucher ein und bieten Sie au\u00dfergew\u00f6hnlichen Support mit unserem benutzerfreundlichen Plugin.","robots":{"index":"index","follow":"follow","max-snippet":"max-snippet:-1","max-image-preview":"max-image-preview:large","max-video-preview":"max-video-preview:-1"},"canonical":"https:\/\/elfsight.com\/de\/line-chat-widget\/wordpress\/","og_locale":"de_DE","og_type":"article","og_title":"Verbessern Sie die WordPress-Kommunikation mit dem Elfsight Line Chat Plugin","og_description":"Entdecken Sie, wie Elfsight Line Chat f\u00fcr WordPress die Kommunikations- und Supportfunktionen Ihrer Website revolutionieren kann. Integrieren Sie Line Chat nahtlos, binden Sie Ihre Besucher ein und bieten Sie au\u00dfergew\u00f6hnlichen Support mit unserem benutzerfreundlichen Plugin.","og_url":"https:\/\/elfsight.com\/de\/line-chat-widget\/wordpress\/","og_site_name":"Elfsight DE","article_modified_time":"2025-02-19T09:53:32+00:00","twitter_card":"summary_large_image","twitter_misc":{"Gesch\u00e4tzte Lesezeit":"5\u00a0Minuten"},"schema":{"@context":"https:\/\/schema.org","@graph":[{"@type":"WebPage","@id":"https:\/\/elfsight.com\/de\/line-chat-widget\/wordpress\/","url":"https:\/\/elfsight.com\/de\/line-chat-widget\/wordpress\/","name":"Verbessern Sie die WordPress-Kommunikation mit dem Elfsight Line Chat Plugin","isPartOf":{"@id":"https:\/\/elfsight.com\/de\/#website"},"datePublished":"2024-05-03T06:40:20+00:00","dateModified":"2025-02-19T09:53:32+00:00","description":"Entdecken Sie, wie Elfsight Line Chat f\u00fcr WordPress die Kommunikations- und Supportfunktionen Ihrer Website revolutionieren kann. Integrieren Sie Line Chat nahtlos, binden Sie Ihre Besucher ein und bieten Sie au\u00dfergew\u00f6hnlichen Support mit unserem benutzerfreundlichen Plugin.","breadcrumb":{"@id":"https:\/\/elfsight.com\/de\/line-chat-widget\/wordpress\/#breadcrumb"},"inLanguage":"de","potentialAction":[{"@type":"ReadAction","target":["https:\/\/elfsight.com\/de\/line-chat-widget\/wordpress\/"]}]},{"@type":"BreadcrumbList","@id":"https:\/\/elfsight.com\/de\/line-chat-widget\/wordpress\/#breadcrumb","itemListElement":[{"@type":"ListItem","position":1,"name":"Home","item":"https:\/\/elfsight.com\/de\/"},{"@type":"ListItem","position":2,"name":"Line Chat","item":"https:\/\/elfsight.com\/de\/line-chat-widget\/"},{"@type":"ListItem","position":3,"name":"Line Chat &#8211; WordPress"}]},{"@type":"WebSite","@id":"https:\/\/elfsight.com\/de\/#website","url":"https:\/\/elfsight.com\/de\/","name":"Elfsight DE","description":"Just another Elfsight Sites site","potentialAction":[{"@type":"SearchAction","target":{"@type":"EntryPoint","urlTemplate":"https:\/\/elfsight.com\/de\/?s={search_term_string}"},"query-input":{"@type":"PropertyValueSpecification","valueRequired":true,"valueName":"search_term_string"}}],"inLanguage":"de"}]}},"meta_box":{"industry":"","seo_heading":"","heading":"","description":"","cta_heading":"","cta_description":"","application":"3643","h1":"So betten Sie Line Chat in eine WordPress-Website ein","h1_caption":"Erm\u00f6glichen Sie Besuchern, direkt von Ihrer Website aus per Leitung mit Ihnen zu chatten, und stellen Sie so eine weitere praktische Messaging-Option m\u00fchelos auf Ihrer WordPress-Website bereit.","application_category":[],"applications_title":"","applications_request_title":"","applications_request_button_text":"","hero_text":"","hero_video":"","hero_video_schema_markup":"","selling_points_title":"","selling_points_caption":"","selling_points":[],"selling_points_cta_text":"","features_title":"","features":"","ed_cta_examples_text":"","ed_cta_examples_hidden":"","ed_cta_demo_text":"","ed_cta_demo_hidden":"","why_caption":"","why_editor_title":"","why_editor_text":"","why_team_title":"","why_team_text":"","why_service_title":"","why_service_text":"","template_catalog_visible":"0","template_catalog_title":"","template_catalog_text":"","template_catalog_categories_visible":"","demo_title":"Erstellen Sie Ihr Line-Chat-Plugin","demo_caption":"Konfigurieren Sie Ihren Line Chat und f\u00fcgen Sie ihn kostenlos zu Ihrer WordPress-Website hinzu!","default_faq_hidden":"","app_template_category":[],"platform":"266","template_public_id":"","codecanyon_url":"","codecanyon_item_id":"","codecanyon_price":"","pricing_caption":"","pricing_elfsight_apps_hide_column":"","pricing_elfsight_apps_url":"","pricing_codecanyon_price_caption":"","integration_category":[],"integration_request_title":"","integration_request_cta":"","integration_platform":"","integrations":[],"platform_category":[],"video_schema_markup":"","price":"ab 0 $ \/ Monat","trial":"","benefits":[{"text":"Kostenlose Installationsunterst\u00fctzung"},{"text":"Professioneller Kundenservice"},{"text":"14-t\u00e4gige R\u00fcckerstattungsgarantie"},{"text":"Regelm\u00e4\u00dfige kostenlose Verbesserungen"}],"button_url":"#demo","button_target_blank":"0","button_nofollow":"0","attributes":[{"name":"Installiert","content":"10,000 - 100,000"},{"name":"Reaktionsfreudig","content":"Ja"},{"name":"Kompatible Browser","content":"Firefox, Safari, Opera, Chrome, Edge"}],"tags":[],"tags_disable_links":"0","hide_more_platforms":"0","video_object":"","demo_hide_cta":"0","demo_hide_cloud_options":"0","pricing_title":"","pricing":[{"pricing_icon":"platform","pricing_title":"Elfsight Apps","pricing_title_caption":"Multiplattform-Software","pricing_price":"ab 0 $ \/ Monat","pricing_price_caption":"Beginnen Sie mit einem kostenlosen Plan","pricing_benefits":[{"text":"Unbegrenzte Domains"},{"text":"Kundensupport rund um die Uhr"},{"text":"Kostenloser Installationsservice"},{"text":"Tolles Angebot f\u00fcr mehrere Apps"}],"pricing_button_text":"Zur Website hinzuf\u00fcgen","pricing_button_url":"#demo"}],"related_apps_title":"","related_apps_hidden":"0","author":"","image":[],"title":"","job":"","social_networks":[]},"_links":{"self":[{"href":"https:\/\/elfsight.com\/de\/wp-json\/wp\/v2\/pages\/20726","targetHints":{"allow":["GET"]}}],"collection":[{"href":"https:\/\/elfsight.com\/de\/wp-json\/wp\/v2\/pages"}],"about":[{"href":"https:\/\/elfsight.com\/de\/wp-json\/wp\/v2\/types\/page"}],"author":[{"embeddable":true,"href":"https:\/\/elfsight.com\/de\/wp-json\/wp\/v2\/users\/9"}],"replies":[{"embeddable":true,"href":"https:\/\/elfsight.com\/de\/wp-json\/wp\/v2\/comments?post=20726"}],"version-history":[{"count":3,"href":"https:\/\/elfsight.com\/de\/wp-json\/wp\/v2\/pages\/20726\/revisions"}],"predecessor-version":[{"id":24411,"href":"https:\/\/elfsight.com\/de\/wp-json\/wp\/v2\/pages\/20726\/revisions\/24411"}],"up":[{"embeddable":true,"href":"https:\/\/elfsight.com\/de\/wp-json\/wp\/v2\/pages\/3644"}],"wp:attachment":[{"href":"https:\/\/elfsight.com\/de\/wp-json\/wp\/v2\/media?parent=20726"}],"curies":[{"name":"wp","href":"https:\/\/api.w.org\/{rel}","templated":true}]}}