{"id":20723,"date":"2024-05-03T06:40:17","date_gmt":"2024-05-03T06:40:17","guid":{"rendered":"https:\/\/elfsight.com\/de\/?page_id=20723"},"modified":"2025-02-21T09:31:08","modified_gmt":"2025-02-21T09:31:08","slug":"blogger","status":"publish","type":"page","link":"https:\/\/elfsight.com\/de\/job-board-widget\/blogger\/","title":{"rendered":"Job Board &#8211; Blogger"},"content":{"rendered":"\n<div class=\"application-platform-content-item-description application-platform-content-item\" id=\"description\" data-nav-section=\"description\"> <h2>Beschreibung<\/h2> <p>Die Jobb\u00f6rse f\u00fcr Blogger ist ein au\u00dfergew\u00f6hnliches Widget, mit dem Sie offene Stellen anzeigen und Lebensl\u00e4ufe von Kandidaten direkt erhalten k\u00f6nnen auf Ihrer Website am einfachsten. Mit unserem neuen Tool k\u00f6nnen Sie \u00fcber Ihr Unternehmen berichten, Informationen \u00fcber offene Stellen ver\u00f6ffentlichen und Lebensl\u00e4ufe sammeln. Mit dem Widget k\u00f6nnen Sie eine Jobkarte mit einer ausf\u00fchrlichen Beschreibung und der Schaltfl\u00e4che \u201eBewerben\u201c erstellen. Mit der Jobb\u00f6rse k\u00f6nnen Sie den Rekrutierungsprozess vereinfachen und mit einem Klick Antworten auf Stellenangebote erhalten. <\/p> <p><b>Erstellen Sie ganz einfach die attraktivsten Stellenbeschreibungen und CTA-Schaltfl\u00e4chen, um mehr potenzielle Neueinstellungen f\u00fcr die Zusammenarbeit mit Ihnen zu gewinnen<\/b><\/p> <\/div> <div class=\"application-platform-content-item-features application-platform-content-item\" id=\"features\" data-nav-section=\"features\"> <h2>Im Folgenden sind grundlegende Funktionen des Widgets aufgef\u00fchrt: <\/h2> <ul><li>F\u00fcgen Sie einen Bewerbungslink hinzu, um potenzielle Mitarbeiter auf die Seite zu leiten, auf der Lebensl\u00e4ufe gesammelt werden<\/li><li>Pr\u00e4sentieren Sie Stellenausschreibungen auf faszinierende Weise<\/li><li>F\u00fcgen Sie so viele Jobs hinzu, wie Sie m\u00f6chten<\/li><li>F\u00fcgen Sie zahlreiche Details zum Job hinzu: Berufsbezeichnung, erforderliche F\u00e4higkeiten und Gehalt<\/li><li>Geben Sie Informationen zu Ihrem Unternehmen an: Abteilung, Standort und seinen Namen<\/li><\/ul><p><a href=\"#demo\">Sie k\u00f6nnen die volle Funktionalit\u00e4t des Widgets in der Demo gleich hier ausprobieren<\/a><\/p> <\/div> <div class=\"application-platform-content-item-installation application-platform-content-item\" id=\"installation\" data-nav-section=\"installation\"> <h2>Wie bette ich eine Jobb\u00f6rse in meine Blogger-Website ein? <\/h2> <p>Befolgen Sie einfach die nachstehenden Anweisungen, um mit der Arbeit mit dem Widget zu beginnen. <\/p> <ol><li><b>Nutzen Sie unseren kostenlosen Konfigurator und beginnen Sie mit der Erstellung Ihres ma\u00dfgeschneiderten Widgets. <\/b><br> Geben Sie die bevorzugten Design- und Funktionsmerkmale des Widgets an und speichern Sie die \u00c4nderungen. <\/li> <li><b>Lassen Sie sich Ihren pers\u00f6nlichen Code im Fenster von Elfsight Apps anzeigen. <\/b><br> Wenn die Einrichtung Ihres Plugins abgeschlossen ist, kopieren Sie den pers\u00f6nlichen Code im angezeigten Popup und speichern Sie ihn f\u00fcr die zuk\u00fcnftige Verwendung. <\/li> <li><b>Initiieren Sie die Nutzung des Plugins auf der Blogger-Website. <\/b><br> F\u00fcgen Sie den k\u00fcrzlich kopierten Code in Ihre Seite ein und wenden Sie die Verbesserungen an. <\/li> <li><b>Du bist fertig! Die Einrichtung ist erfolgreich abgeschlossen. <\/b><br> Besuchen Sie Ihre Webseite, um die Funktion des Tools zu \u00fcberpr\u00fcfen. <\/li><\/ol> <p>Falls es zu Komplikationen kommt, k\u00f6nnen Sie sich gerne an unseren Support wenden. Unsere Spezialisten beantworten gerne alle Fragen, die Sie zum Plugin haben. <\/p> <div class=\"faq\" data-component=\"FAQ\"><div class=\"faq-item\">\r\n\t\t\t\t\t<div class=\"faq-item-question\">\r\n\t\t\t\t\t\t<h3 class=\"faq-item-question-text\">Wie binde ich eine Jobb\u00f6rse in meinen Blogger ein, ohne zu programmieren?<\/h3>\r\n\r\n\t\t\t\t\t\t<div class=\"faq-item-question-icon\"><\/div>\r\n\t\t\t\t\t<\/div>\r\n\r\n\t\t\t\t\t<div class=\"faq-item-answer\">\r\n\t\t\t\t\t\t<div class=\"faq-item-answer-text\"> <p>Das Unternehmen Elfsight bietet eine L\u00f6sung, mit der Sie selbst einen Jobboard-Bereich erstellen k\u00f6nnen. Entdecken Sie die einfachen Schritte: Beginnen Sie direkt im Online-Editor mit der Arbeit, um einen Stellenb\u00f6rsenbereich einzurichten, den Sie gerne auf der Blogger-Website sehen m\u00f6chten. Klicken Sie auf eine der vorgefertigten Vorlagen und \u00e4ndern Sie die Jobboard-Einstellungen, \u00e4ndern Sie das Layout und das Farbschema und aktualisieren Sie Ihre Inhalte \u2013 ganz ohne Programmierkenntnisse. Speichern Sie die Einstellungen, die Sie in der Jobb\u00f6rse vorgenommen haben, und erhalten Sie den Installationscode, den Sie problemlos in die Blogger-Website einf\u00fcgen k\u00f6nnen, ohne eine kostenpflichtige Version kaufen zu m\u00fcssen. Mit Hilfe des benutzerfreundlichen Editors kann jeder Webbenutzer online eine Jobb\u00f6rsen-App erstellen und diese problemlos in die Blogger-Site einf\u00fcgen. Sie d\u00fcrfen weder bezahlen noch Ihre Kartendaten einreichen, um den Elfsight-Dienst in Anspruch zu nehmen. Wenn Sie auf Probleme jeglicher Art sto\u00dfen, wenden Sie sich bitte an unser technisches Support-Team.<\/p> <\/div>\r\n\t\t\t\t\t<\/div>\r\n\t\t\t\t<\/div> <\/div><\/div>\n","protected":false},"excerpt":{"rendered":"","protected":false},"author":9,"featured_media":0,"parent":3996,"menu_order":0,"comment_status":"closed","ping_status":"closed","template":"templates\/template-application-platform.php","meta":{"publish_to_discourse":"","publish_post_category":"","wpdc_auto_publish_overridden":"","wpdc_topic_tags":"","wpdc_pin_topic":"","wpdc_pin_until":"","discourse_post_id":"","discourse_permalink":"","wpdc_publishing_response":"","wpdc_publishing_error":"","footnotes":""},"class_list":["post-20723","page","type-page","status-publish","hentry"],"yoast_head":"<!-- This site is optimized with the Yoast SEO plugin v25.3.1 - https:\/\/yoast.com\/wordpress\/plugins\/seo\/ -->\n<title>Blogger-Jobb\u00f6rsen-Widget \u2013 Stellenangebote zu Blogger hinzuf\u00fcgen (2025)<\/title>\n<meta name=\"description\" content=\"F\u00fcgen Sie ein responsives Jobboard-Widget auf Ihrer Blogger-Website hinzu und zeigen Sie Ihren potenziellen Arbeitskr\u00e4ften die offenen Stellen!\" \/>\n<meta name=\"robots\" content=\"index, follow, max-snippet:-1, max-image-preview:large, max-video-preview:-1\" \/>\n<link rel=\"canonical\" href=\"https:\/\/elfsight.com\/de\/job-board-widget\/blogger\/\" \/>\n<meta property=\"og:locale\" content=\"de_DE\" \/>\n<meta property=\"og:type\" content=\"article\" \/>\n<meta property=\"og:title\" content=\"Blogger-Jobb\u00f6rsen-Widget \u2013 Stellenangebote zu Blogger hinzuf\u00fcgen (2025)\" \/>\n<meta property=\"og:description\" content=\"F\u00fcgen Sie ein responsives Jobboard-Widget auf Ihrer Blogger-Website hinzu und zeigen Sie Ihren potenziellen Arbeitskr\u00e4ften die offenen Stellen!\" \/>\n<meta property=\"og:url\" content=\"https:\/\/elfsight.com\/de\/job-board-widget\/blogger\/\" \/>\n<meta property=\"og:site_name\" content=\"Elfsight DE\" \/>\n<meta property=\"article:modified_time\" content=\"2025-02-21T09:31:08+00:00\" \/>\n<meta name=\"twitter:card\" content=\"summary_large_image\" \/>\n<meta name=\"twitter:label1\" content=\"Gesch\u00e4tzte Lesezeit\" \/>\n\t<meta name=\"twitter:data1\" content=\"3\u00a0Minuten\" \/>\n<!-- \/ Yoast SEO plugin. -->","yoast_head_json":{"title":"Blogger-Jobb\u00f6rsen-Widget \u2013 Stellenangebote zu Blogger hinzuf\u00fcgen (2025)","description":"F\u00fcgen Sie ein responsives Jobboard-Widget auf Ihrer Blogger-Website hinzu und zeigen Sie Ihren potenziellen Arbeitskr\u00e4ften die offenen Stellen!","robots":{"index":"index","follow":"follow","max-snippet":"max-snippet:-1","max-image-preview":"max-image-preview:large","max-video-preview":"max-video-preview:-1"},"canonical":"https:\/\/elfsight.com\/de\/job-board-widget\/blogger\/","og_locale":"de_DE","og_type":"article","og_title":"Blogger-Jobb\u00f6rsen-Widget \u2013 Stellenangebote zu Blogger hinzuf\u00fcgen (2025)","og_description":"F\u00fcgen Sie ein responsives Jobboard-Widget auf Ihrer Blogger-Website hinzu und zeigen Sie Ihren potenziellen Arbeitskr\u00e4ften die offenen Stellen!","og_url":"https:\/\/elfsight.com\/de\/job-board-widget\/blogger\/","og_site_name":"Elfsight DE","article_modified_time":"2025-02-21T09:31:08+00:00","twitter_card":"summary_large_image","twitter_misc":{"Gesch\u00e4tzte Lesezeit":"3\u00a0Minuten"},"schema":{"@context":"https:\/\/schema.org","@graph":[{"@type":"WebPage","@id":"https:\/\/elfsight.com\/de\/job-board-widget\/blogger\/","url":"https:\/\/elfsight.com\/de\/job-board-widget\/blogger\/","name":"Blogger-Jobb\u00f6rsen-Widget \u2013 Stellenangebote zu Blogger hinzuf\u00fcgen (2025)","isPartOf":{"@id":"https:\/\/elfsight.com\/de\/#website"},"datePublished":"2024-05-03T06:40:17+00:00","dateModified":"2025-02-21T09:31:08+00:00","description":"F\u00fcgen Sie ein responsives Jobboard-Widget auf Ihrer Blogger-Website hinzu und zeigen Sie Ihren potenziellen Arbeitskr\u00e4ften die offenen Stellen!","breadcrumb":{"@id":"https:\/\/elfsight.com\/de\/job-board-widget\/blogger\/#breadcrumb"},"inLanguage":"de","potentialAction":[{"@type":"ReadAction","target":["https:\/\/elfsight.com\/de\/job-board-widget\/blogger\/"]}]},{"@type":"BreadcrumbList","@id":"https:\/\/elfsight.com\/de\/job-board-widget\/blogger\/#breadcrumb","itemListElement":[{"@type":"ListItem","position":1,"name":"Home","item":"https:\/\/elfsight.com\/de\/"},{"@type":"ListItem","position":2,"name":"Job Board","item":"https:\/\/elfsight.com\/de\/job-board-widget\/"},{"@type":"ListItem","position":3,"name":"Job Board &#8211; Blogger"}]},{"@type":"WebSite","@id":"https:\/\/elfsight.com\/de\/#website","url":"https:\/\/elfsight.com\/de\/","name":"Elfsight DE","description":"Just another Elfsight Sites site","potentialAction":[{"@type":"SearchAction","target":{"@type":"EntryPoint","urlTemplate":"https:\/\/elfsight.com\/de\/?s={search_term_string}"},"query-input":{"@type":"PropertyValueSpecification","valueRequired":true,"valueName":"search_term_string"}}],"inLanguage":"de"}]}},"meta_box":{"industry":"","seo_heading":"","heading":"","description":"","cta_heading":"","cta_description":"","application":"3995","h1":"Widget \u201eBlogger-Jobb\u00f6rse\u201c","h1_caption":"Erstellen Sie eine Jobb\u00f6rse zur Auflistung offener Stellen auf Ihrer Website und locken Sie potenzielle Kandidaten m\u00fchelos auf Ihre Blogger-Website.","application_category":[],"applications_title":"","applications_request_title":"","applications_request_button_text":"","hero_text":"","hero_video":"","hero_video_schema_markup":"","selling_points_title":"","selling_points_caption":"","selling_points":[],"selling_points_cta_text":"","features_title":"","features":"","ed_cta_examples_text":"","ed_cta_examples_hidden":"","ed_cta_demo_text":"","ed_cta_demo_hidden":"","why_caption":"","why_editor_title":"","why_editor_text":"","why_team_title":"","why_team_text":"","why_service_title":"","why_service_text":"","template_catalog_visible":"0","template_catalog_title":"","template_catalog_text":"","template_catalog_categories_visible":"","demo_title":"Erstellen Sie Ihr Jobboard-Widget","demo_caption":"Konfigurieren Sie Ihre Jobb\u00f6rse und f\u00fcgen Sie sie kostenlos zu Ihrer Blogger-Website hinzu!","default_faq_hidden":"","app_template_category":[],"platform":"262","template_public_id":"","codecanyon_url":"","codecanyon_item_id":"","codecanyon_price":"","pricing_caption":"","pricing_elfsight_apps_hide_column":"","pricing_elfsight_apps_url":"","pricing_codecanyon_price_caption":"","integration_category":[],"integration_request_title":"","integration_request_cta":"","integration_platform":"","integrations":[],"platform_category":[],"video_schema_markup":"","price":"ab 0 $ \/ Monat","trial":"","benefits":[{"text":"Kostenloser Installationsservice"},{"text":"Erfahrener Kundensupport"},{"text":"14-t\u00e4gige R\u00fcckerstattungsgarantie"},{"text":"Zuk\u00fcnftige kostenlose Updates"}],"button_url":"#demo","button_target_blank":"0","button_nofollow":"0","attributes":[{"name":"Installiert","content":"10,000 - 100,000"},{"name":"Reaktionsfreudig","content":"Ja"},{"name":"Kompatible Browser","content":"Firefox, Safari, Opera, Chrome, Edge"}],"tags":[],"tags_disable_links":"0","hide_more_platforms":"0","video_object":"","demo_hide_cta":"0","demo_hide_cloud_options":"0","pricing_title":"","pricing":[{"pricing_icon":"platform","pricing_title":"Elfsight Apps","pricing_title_caption":"Plattform\u00fcbergreifende Version","pricing_price":"ab 0 $ \/ Monat","pricing_price_caption":"Beginnen Sie mit einem kostenlosen Plan","pricing_benefits":[{"text":"Unbegrenzte Domains"},{"text":"Professionelle und p\u00fcnktliche Unterst\u00fctzung"},{"text":"Kostenloser Installationsservice"},{"text":"Flexibles Design"}],"pricing_button_text":"Zur Website hinzuf\u00fcgen","pricing_button_url":"#demo"}],"related_apps_title":"","related_apps_hidden":"0","author":"","image":[],"title":"","job":"","social_networks":[]},"_links":{"self":[{"href":"https:\/\/elfsight.com\/de\/wp-json\/wp\/v2\/pages\/20723","targetHints":{"allow":["GET"]}}],"collection":[{"href":"https:\/\/elfsight.com\/de\/wp-json\/wp\/v2\/pages"}],"about":[{"href":"https:\/\/elfsight.com\/de\/wp-json\/wp\/v2\/types\/page"}],"author":[{"embeddable":true,"href":"https:\/\/elfsight.com\/de\/wp-json\/wp\/v2\/users\/9"}],"replies":[{"embeddable":true,"href":"https:\/\/elfsight.com\/de\/wp-json\/wp\/v2\/comments?post=20723"}],"version-history":[{"count":2,"href":"https:\/\/elfsight.com\/de\/wp-json\/wp\/v2\/pages\/20723\/revisions"}],"predecessor-version":[{"id":24692,"href":"https:\/\/elfsight.com\/de\/wp-json\/wp\/v2\/pages\/20723\/revisions\/24692"}],"up":[{"embeddable":true,"href":"https:\/\/elfsight.com\/de\/wp-json\/wp\/v2\/pages\/3996"}],"wp:attachment":[{"href":"https:\/\/elfsight.com\/de\/wp-json\/wp\/v2\/media?parent=20723"}],"curies":[{"name":"wp","href":"https:\/\/api.w.org\/{rel}","templated":true}]}}