{"id":20718,"date":"2024-05-03T06:40:16","date_gmt":"2024-05-03T06:40:16","guid":{"rendered":"https:\/\/elfsight.com\/de\/?page_id=20718"},"modified":"2025-07-08T10:52:09","modified_gmt":"2025-07-08T10:52:09","slug":"drupal","status":"publish","type":"page","link":"https:\/\/elfsight.com\/de\/job-board-widget\/drupal\/","title":{"rendered":"Job Board &#8211; Drupal"},"content":{"rendered":"<div class=\"application-platform-content-item-description application-platform-content-item\" id=\"description\" data-nav-section=\"description\"> <h2>Beschreibung<\/h2> <p>Unsere Jobb\u00f6rse f\u00fcr Drupalis ist ein auff\u00e4lliges Modul, das Ihnen die M\u00f6glichkeit gibt, offene Stellen anzuzeigen und Lebensl\u00e4ufe von zu erhalten Bewerber direkt auf Ihrer Website auf einfachste Weise. Mit unserem neuen Tool k\u00f6nnen Sie Ihr Unternehmen vorstellen, Informationen \u00fcber offene Stellen ver\u00f6ffentlichen und Lebensl\u00e4ufe erhalten. Das Widget bietet Ihnen die M\u00f6glichkeit, eine Jobkarte mit einer genauen Beschreibung und der Schaltfl\u00e4che \u201eBewerben\u201c zu erstellen. Durch die Nutzung des Elfsight Job Boards k\u00f6nnen Sie den Rekrutierungsprozess optimieren und in 1-2-3 Sekunden Antworten auf Stellenausschreibungen erhalten! <\/p> <p><b>Erstellen Sie schnell die attraktivsten Stellenbeschreibungen und Handlungsaufforderungen, um mehr potenzielle Mitarbeiter zur Zusammenarbeit mit Ihnen zu bewegen<\/b><\/p> <\/div> <div class=\"application-platform-content-item-features  application-platform-content-item\" id=\"features \" data-nav-section=\"features \"> <h2>Wir bieten praktische und einfache Funktionen, hier sind einige davon: <\/h2> <ul><li>F\u00fcgen Sie einen Bewerbungslink hinzu, um potenzielle Kandidaten auf die Seite zu leiten, auf der Lebensl\u00e4ufe gesammelt werden<\/li><li>Pr\u00e4sentieren \u00d6ffnen Sie offene Stellen auf die ansprechendste Art und Weise<\/li><li>F\u00fcgen Sie so viele offene Stellen hinzu, wie Sie m\u00f6chten<\/li><li>F\u00fcgen Sie Informationen \u00fcber die Stelle hinzu: erforderliche F\u00e4higkeiten, Berufsbezeichnung und Gehalt<\/li><li> Erz\u00e4hlen Sie etwas \u00fcber Ihr Unternehmen: seinen Namen, seine Abteilung und seinen Standort<\/li><\/ul><p><a href=\"#demo\">Sie k\u00f6nnen die volle Funktionalit\u00e4t des Moduls in der Demo ausprobieren <\/a><\/p> <\/div> <div class=\"application-platform-content-item-installation application-platform-content-item\" id=\"installation\" data-nav-section=\"installation\"> <h2>Wie bette ich eine Jobb\u00f6rse in meine Drupal-Website ein? <\/h2> <p>Befolgen Sie einfach die nachstehenden Anweisungen, um das Widget zu integrieren. <\/p> <ol><li><b>\u00d6ffnen Sie unseren kostenlosen Konfigurator und beginnen Sie mit der Erstellung Ihres eigenen Moduls. <\/b><br> Geben Sie die gew\u00fcnschte Form und Parameter des Werkzeugs an und speichern Sie die Korrekturen. <\/li> <li><b>Erhalten Sie Ihren pers\u00f6nlichen Code in einem speziellen Formular auf Elfsight Apps. <\/b><br> Wenn die Konfiguration Ihres Plugins abgeschlossen ist, kopieren Sie den einzelnen Code aus dem angezeigten Fenster und bewahren Sie ihn f\u00fcr die sp\u00e4tere Verwendung auf. <\/li> <li><b>Initiieren Sie die Nutzung des Widgets auf Ihrer Drupal-Homepage. <\/b><br> F\u00fcgen Sie den Code, den Sie k\u00fcrzlich kopiert haben, in Ihre Website ein und \u00fcbernehmen Sie die \u00c4nderungen. <\/li> <li><b>Fertig! Die Integration ist vollst\u00e4ndig durchgef\u00fchrt. <\/b><br> Besuchen Sie Ihre Website, um die Funktion des Moduls zu \u00fcberpr\u00fcfen. <\/li><\/ol> <p>Wenn Sie Anfragen bearbeiten oder auf Probleme sto\u00dfen, scheuen Sie sich nicht, sich an unser Support-Team zu wenden. Unsere Spezialisten helfen Ihnen gerne bei allen Fragen rund um das Tool weiter. <\/p> <div class=\"faq\" data-component=\"FAQ\"><div class=\"faq-item\">\r\n\t\t\t\t\t<div class=\"faq-item-question\">\r\n\t\t\t\t\t\t<h3 class=\"faq-item-question-text\">Gibt es eine M\u00f6glichkeit, ohne Codierung eine Jobb\u00f6rse zu meiner Drupal-Website hinzuzuf\u00fcgen?<\/h3>\r\n\r\n\t\t\t\t\t\t<div class=\"faq-item-question-icon\"><\/div>\r\n\t\t\t\t\t<\/div>\r\n\r\n\t\t\t\t\t<div class=\"faq-item-answer\">\r\n\t\t\t\t\t\t<div class=\"faq-item-answer-text\"> <p>Das Unternehmen Elfsight bietet eine L\u00f6sung, mit der Benutzer selbst ein Jobboard-Plugin einrichten k\u00f6nnen. Sehen Sie sich das an So einfach ist es: Gehen Sie zur Online-Demo, um einen Jobb\u00f6rsenbereich zu erstellen, der auf Ihrer Drupal-Website erscheinen soll. W\u00e4hlen Sie eine der vielen vorgefertigten Vorlagen aus und passen Sie die Jobboard-Einstellungen an, aktualisieren Sie Ihre Inhalte, \u00e4ndern Sie das Layout und das Farbschema ohne Programmierkenntnisse. Speichern Sie die Einstellungen, die Sie in der Jobb\u00f6rse vorgenommen haben, und erhalten Sie den Code des Widgets zur Installation, der m\u00fchelos in Ihre Drupal-Site eingebunden werden kann, ohne dass Sie eine kostenpflichtige Version kaufen m\u00fcssen. Mit dem unkomplizierten Konfigurator kann jeder Webbenutzer eine Jobb\u00f6rsen-App erstellen und diese m\u00fchelos in seine Drupal-Website einf\u00fcgen. F\u00fcr den Zugriff auf den Elfsight-Dienst ist es nicht erforderlich, zu bezahlen oder Ihre Kartendaten preiszugeben. Wenn Sie auf Probleme jeglicher Art sto\u00dfen, wenden Sie sich bitte an unsere Mitarbeiter des technischen Supports.<\/p> <\/div>\r\n\t\t\t\t\t<\/div>\r\n\t\t\t\t<\/div> <\/div><\/div>","protected":false},"excerpt":{"rendered":"","protected":false},"author":9,"featured_media":0,"parent":3996,"menu_order":0,"comment_status":"closed","ping_status":"closed","template":"templates\/template-application-platform.php","meta":{"publish_to_discourse":"","publish_post_category":"","wpdc_auto_publish_overridden":"","wpdc_topic_tags":"","wpdc_pin_topic":"","wpdc_pin_until":"","discourse_post_id":"","discourse_permalink":"","wpdc_publishing_response":"","wpdc_publishing_error":"","footnotes":""},"class_list":["post-20718","page","type-page","status-publish","hentry"],"yoast_head":"<!-- This site is optimized with the Yoast SEO plugin v25.3.1 - https:\/\/yoast.com\/wordpress\/plugins\/seo\/ -->\n<title>Drupal Job Board-Modul \u2013 Stellenangebote zu Drupal hinzuf\u00fcgen (2025)<\/title>\n<meta name=\"description\" content=\"Integrieren Sie ein responsives Jobboard-Modul in Ihre Drupal-Site und lassen Sie potenzielle Mitarbeiter die Stellenangebote erkunden!\" \/>\n<meta name=\"robots\" content=\"index, follow, max-snippet:-1, max-image-preview:large, max-video-preview:-1\" \/>\n<link rel=\"canonical\" href=\"https:\/\/elfsight.com\/de\/job-board-widget\/drupal\/\" \/>\n<meta property=\"og:locale\" content=\"de_DE\" \/>\n<meta property=\"og:type\" content=\"article\" \/>\n<meta property=\"og:title\" content=\"Drupal Job Board-Modul \u2013 Stellenangebote zu Drupal hinzuf\u00fcgen (2025)\" \/>\n<meta property=\"og:description\" content=\"Integrieren Sie ein responsives Jobboard-Modul in Ihre Drupal-Site und lassen Sie potenzielle Mitarbeiter die Stellenangebote erkunden!\" \/>\n<meta property=\"og:url\" content=\"https:\/\/elfsight.com\/de\/job-board-widget\/drupal\/\" \/>\n<meta property=\"og:site_name\" content=\"Elfsight DE\" \/>\n<meta property=\"article:modified_time\" content=\"2025-07-08T10:52:09+00:00\" \/>\n<meta name=\"twitter:card\" content=\"summary_large_image\" \/>\n<meta name=\"twitter:label1\" content=\"Gesch\u00e4tzte Lesezeit\" \/>\n\t<meta name=\"twitter:data1\" content=\"3\u00a0Minuten\" \/>\n<!-- \/ Yoast SEO plugin. -->","yoast_head_json":{"title":"Drupal Job Board-Modul \u2013 Stellenangebote zu Drupal hinzuf\u00fcgen (2025)","description":"Integrieren Sie ein responsives Jobboard-Modul in Ihre Drupal-Site und lassen Sie potenzielle Mitarbeiter die Stellenangebote erkunden!","robots":{"index":"index","follow":"follow","max-snippet":"max-snippet:-1","max-image-preview":"max-image-preview:large","max-video-preview":"max-video-preview:-1"},"canonical":"https:\/\/elfsight.com\/de\/job-board-widget\/drupal\/","og_locale":"de_DE","og_type":"article","og_title":"Drupal Job Board-Modul \u2013 Stellenangebote zu Drupal hinzuf\u00fcgen (2025)","og_description":"Integrieren Sie ein responsives Jobboard-Modul in Ihre Drupal-Site und lassen Sie potenzielle Mitarbeiter die Stellenangebote erkunden!","og_url":"https:\/\/elfsight.com\/de\/job-board-widget\/drupal\/","og_site_name":"Elfsight DE","article_modified_time":"2025-07-08T10:52:09+00:00","twitter_card":"summary_large_image","twitter_misc":{"Gesch\u00e4tzte Lesezeit":"3\u00a0Minuten"},"schema":{"@context":"https:\/\/schema.org","@graph":[{"@type":"WebPage","@id":"https:\/\/elfsight.com\/de\/job-board-widget\/drupal\/","url":"https:\/\/elfsight.com\/de\/job-board-widget\/drupal\/","name":"Drupal Job Board-Modul \u2013 Stellenangebote zu Drupal hinzuf\u00fcgen (2025)","isPartOf":{"@id":"https:\/\/elfsight.com\/de\/#website"},"datePublished":"2024-05-03T06:40:16+00:00","dateModified":"2025-07-08T10:52:09+00:00","description":"Integrieren Sie ein responsives Jobboard-Modul in Ihre Drupal-Site und lassen Sie potenzielle Mitarbeiter die Stellenangebote erkunden!","breadcrumb":{"@id":"https:\/\/elfsight.com\/de\/job-board-widget\/drupal\/#breadcrumb"},"inLanguage":"de","potentialAction":[{"@type":"ReadAction","target":["https:\/\/elfsight.com\/de\/job-board-widget\/drupal\/"]}]},{"@type":"BreadcrumbList","@id":"https:\/\/elfsight.com\/de\/job-board-widget\/drupal\/#breadcrumb","itemListElement":[{"@type":"ListItem","position":1,"name":"Home","item":"https:\/\/elfsight.com\/de\/"},{"@type":"ListItem","position":2,"name":"Job Board","item":"https:\/\/elfsight.com\/de\/job-board-widget\/"},{"@type":"ListItem","position":3,"name":"Job Board &#8211; Drupal"}]},{"@type":"WebSite","@id":"https:\/\/elfsight.com\/de\/#website","url":"https:\/\/elfsight.com\/de\/","name":"Elfsight DE","description":"Just another Elfsight Sites site","potentialAction":[{"@type":"SearchAction","target":{"@type":"EntryPoint","urlTemplate":"https:\/\/elfsight.com\/de\/?s={search_term_string}"},"query-input":{"@type":"PropertyValueSpecification","valueRequired":true,"valueName":"search_term_string"}}],"inLanguage":"de"}]}},"meta_box":{"industry":"","seo_heading":"","heading":"","description":"","cta_heading":"","cta_description":"","application":"3995","h1":"Drupal Job Board-Modul","h1_caption":"Erstellen Sie eine Jobb\u00f6rse zur Auflistung offener Stellen auf Ihrer Website und locken Sie potenzielle Kandidaten m\u00fchelos auf Ihre Drupal-Website.","application_category":[],"applications_title":"","applications_request_title":"","applications_request_button_text":"","hero_text":"","hero_video":"","hero_video_schema_markup":"","selling_points_title":"","selling_points_caption":"","selling_points":[],"selling_points_cta_text":"","features_title":"","features":"","ed_cta_examples_text":"","ed_cta_examples_hidden":"","ed_cta_demo_text":"","ed_cta_demo_hidden":"","why_caption":"","why_editor_title":"","why_editor_text":"","why_team_title":"","why_team_text":"","why_service_title":"","why_service_text":"","template_catalog_visible":"","template_catalog_title":"","template_catalog_text":"","template_catalog_categories_visible":"","demo_title":"Erstellen Sie Ihr Jobboard-Modul","demo_caption":"Konfigurieren Sie Ihre Jobb\u00f6rse und f\u00fcgen Sie sie kostenlos zu Ihrer Drupal-Website hinzu!","default_faq_hidden":"","app_template_category":[],"platform":"261","template_public_id":"","codecanyon_url":"","codecanyon_item_id":"","codecanyon_price":"","pricing_caption":"","pricing_elfsight_apps_hide_column":"","pricing_elfsight_apps_url":"","pricing_codecanyon_price_caption":"","integration_category":[],"integration_request_title":"","integration_request_cta":"","integration_platform":"","integrations":[],"platform_category":[],"video_schema_markup":"","price":"ab 0 $ \/ Monat","trial":"","benefits":[{"text":"Kostenloser Installationsservice"},{"text":"Professioneller Kundenservice"},{"text":"14-t\u00e4gige Geld-zur\u00fcck-Garantie"},{"text":"St\u00e4ndige Aktualisierung"}],"button_url":"#demo","button_target_blank":"","button_nofollow":"","attributes":[{"name":"Installiert","content":"10,000 - 100,000"},{"name":"Reaktionsfreudig","content":"Ja"},{"name":"Kompatible Browser","content":"Firefox, Safari, Opera, Chrome, Edge"}],"tags":[],"tags_disable_links":"","hide_more_platforms":"","video_object":"","demo_hide_cta":"","demo_hide_cloud_options":"","pricing_title":"","pricing":[{"pricing_icon":"platform","pricing_title":"Elfsight Apps","pricing_title_caption":"Multiplattform-L\u00f6sung, die f\u00fcr jede Website geeignet ist","pricing_price":"ab 0 $ \/ Monat","pricing_price_caption":"Beginnen Sie mit einem kostenlosen Plan","pricing_benefits":[{"text":"Unbegrenzte Domains"},{"text":"Engagierte Unternehmensunterst\u00fctzung"},{"text":"Kostenloser Installationssupport"},{"text":"Vollst\u00e4ndig anpassbar"}],"pricing_button_text":"Zur Website hinzuf\u00fcgen","pricing_button_url":"#demo"}],"related_apps_title":"","related_apps_hidden":"","author":"","image":[],"title":"","job":"","social_networks":[]},"_links":{"self":[{"href":"https:\/\/elfsight.com\/de\/wp-json\/wp\/v2\/pages\/20718","targetHints":{"allow":["GET"]}}],"collection":[{"href":"https:\/\/elfsight.com\/de\/wp-json\/wp\/v2\/pages"}],"about":[{"href":"https:\/\/elfsight.com\/de\/wp-json\/wp\/v2\/types\/page"}],"author":[{"embeddable":true,"href":"https:\/\/elfsight.com\/de\/wp-json\/wp\/v2\/users\/9"}],"replies":[{"embeddable":true,"href":"https:\/\/elfsight.com\/de\/wp-json\/wp\/v2\/comments?post=20718"}],"version-history":[{"count":1,"href":"https:\/\/elfsight.com\/de\/wp-json\/wp\/v2\/pages\/20718\/revisions"}],"predecessor-version":[{"id":20722,"href":"https:\/\/elfsight.com\/de\/wp-json\/wp\/v2\/pages\/20718\/revisions\/20722"}],"up":[{"embeddable":true,"href":"https:\/\/elfsight.com\/de\/wp-json\/wp\/v2\/pages\/3996"}],"wp:attachment":[{"href":"https:\/\/elfsight.com\/de\/wp-json\/wp\/v2\/media?parent=20718"}],"curies":[{"name":"wp","href":"https:\/\/api.w.org\/{rel}","templated":true}]}}