{"id":20717,"date":"2024-05-03T06:40:15","date_gmt":"2024-05-03T06:40:15","guid":{"rendered":"https:\/\/elfsight.com\/de\/?page_id=20717"},"modified":"2025-07-08T10:52:14","modified_gmt":"2025-07-08T10:52:14","slug":"facebook","status":"publish","type":"page","link":"https:\/\/elfsight.com\/de\/job-board-widget\/facebook\/","title":{"rendered":"Job Board &#8211; Facebook Page"},"content":{"rendered":"<div class=\"application-platform-content-item-description application-platform-content-item\" id=\"description\" data-nav-section=\"description\"> <h2>Beschreibung<\/h2> <p>Elfsight Job Board f\u00fcr Facebook ist ein auff\u00e4lliges Widget, das Ihnen die M\u00f6glichkeit gibt, offene Stellen anzuzeigen und Lebensl\u00e4ufe von zu erhalten Kandidaten auf Ihre Website zu bringen. Mit unserem neuen Widget k\u00f6nnen Sie Informationen \u00fcber Ihr Unternehmen ver\u00f6ffentlichen, Informationen zu Stellenangeboten ver\u00f6ffentlichen und Lebensl\u00e4ufe sammeln. Das Widget bietet Ihnen die M\u00f6glichkeit, eine Jobkarte mit einer detaillierten Darstellung und der Schaltfl\u00e4che \u201eBewerben\u201c zu erstellen. Mit Elfsight Job Board k\u00f6nnen Sie den Rekrutierungsprozess optimieren und die Antworten auf Stellenangebote mit einem Klick erhalten. <\/p> <p><b>Erstellen Sie ganz einfach die verlockendsten Stellenbeschreibungen und CTA-Schaltfl\u00e4chen, um mehr potenzielle Mitarbeiter zur Zusammenarbeit mit Ihnen zu inspirieren<\/b><\/p> <\/div> <div class=\"application-platform-content-item-features application-platform-content-item\" id=\"features\" data-nav-section=\"features\"> <h2>Im Folgenden sind die zentralen Funktionen des Widgets aufgef\u00fchrt: <\/h2> <ul><li>Integrieren Sie einen Bewerbungslink, um potenzielle Mitarbeiter auf die Seite zu leiten, auf der Lebensl\u00e4ufe gesammelt werden<\/li><li>Stellenangebote auf detaillierteste Weise pr\u00e4sentieren<\/li><li>F\u00fcgen Sie so viele Jobs hinzu, wie Sie m\u00f6chten<\/li><li>Beschreiben Sie den Job ausf\u00fchrlich und geben Sie an: Gehalt, erforderliche F\u00e4higkeiten und Berufsbezeichnung<\/li><li>Hinterlassen Sie Kontaktdaten: Abteilung, die Name Ihres Unternehmens, Name und Standort<\/li><\/ul><p><a href=\"#demo\">Probieren Sie einfach diese Demo aus, um sich einen vollst\u00e4ndigen \u00dcberblick zu verschaffen<\/a><\/p> <\/div> <div class=\"application-platform-content-item-installation application-platform-content-item\" id=\"installation\" data-nav-section=\"installation\"> <h2>Wie bette ich eine Jobb\u00f6rse auf meiner Facebook-Website ein? <\/h2> <p>Befolgen Sie einfach die unten aufgef\u00fchrten Schritte, um das Widget einzuf\u00fcgen. <\/p> <ol><li><b>Starten Sie unseren kostenlosen Konfigurator und beginnen Sie mit der Gestaltung Ihres ma\u00dfgeschneiderten Instruments. <\/b><br> Geben Sie das gew\u00fcnschte Layout und die Funktionsmerkmale des Widgets an und speichern Sie die \u00c4nderungen. <\/li> <li><b>Erwerben Sie den einzigartigen Code, der im speziellen Formular auf Elfsight Apps angezeigt wird. <\/b><br> Kopieren Sie unmittelbar nach Abschluss der Anpassung Ihres Widgets den einzelnen Code in das angezeigte Feld und speichern Sie ihn f\u00fcr die zuk\u00fcnftige Verwendung. <\/li> <li><b>Initiieren Sie die Nutzung des Widgets auf Ihrer Facebook-Website. <\/b><br> Integrieren Sie den zuvor gespeicherten Code in Ihre Webseite und speichern Sie die \u00c4nderungen. <\/li> <li><b>Das Setup wurde erfolgreich durchgef\u00fchrt. <\/b><br> Besuchen Sie Ihre Webseite, um die Funktion des Widgets zu \u00fcberpr\u00fcfen. <\/li><\/ol> <p>Wenn Sie auf Probleme sto\u00dfen, scheuen Sie sich nicht, Hilfe von unserem Support-Personal in Anspruch zu nehmen. Unsere Mitarbeiter helfen Ihnen gerne bei allen Fragen, die Sie zum Tool haben. <\/p><div class=\"faq\" data-component=\"FAQ\"><div class=\"faq-item\">\r\n\t\t\t\t\t<div class=\"faq-item-question\">\r\n\t\t\t\t\t\t<h3 class=\"faq-item-question-text\">Wie ist es m\u00f6glich, ohne Programmierkenntnisse eine Jobb\u00f6rse zu meiner Facebook-Seite hinzuzuf\u00fcgen?<\/h3>\r\n\r\n\t\t\t\t\t\t<div class=\"faq-item-question-icon\"><\/div>\r\n\t\t\t\t\t<\/div>\r\n\r\n\t\t\t\t\t<div class=\"faq-item-answer\">\r\n\t\t\t\t\t\t<div class=\"faq-item-answer-text\"> <p>Das Unternehmen Elfsight bietet eine SaaS-L\u00f6sung an, mit der Sie eine Jobb\u00f6rse erstellen k\u00f6nnen Erstellen Sie selbst einen Abschnitt und sehen Sie, wie einfach es ist: Gehen Sie zum Live-Editor, um eine Jobb\u00f6rsen-App zu erstellen, die Sie auf der Facebook-Seiten-Webseite einbinden m\u00f6chten. Entscheiden Sie sich f\u00fcr eine der vorgefertigten Vorlagen und \u00e4ndern Sie die Jobboard-Einstellungen, \u00e4ndern Sie das Layout und die Farben und f\u00fcgen Sie Ihre Inhalte hinzu \u2013 ohne Programmierkenntnisse. Klicken Sie hier, um die Einstellungen, die Sie in der Jobb\u00f6rse vorgenommen haben, zu speichern und den Plugin-Code zur Installation zu erhalten, den Sie problemlos in die Facebook-Seiten-Website einbetten k\u00f6nnen, ohne einen kostenpflichtigen Plan zu kaufen. Mit unserem benutzerfreundlichen Editor kann jeder Webbenutzer online eine Jobb\u00f6rse erstellen und diese einfach in seine Facebook-Seite einf\u00fcgen. Sie sollten kein kostenpflichtiges Abonnement abschlie\u00dfen oder Ihre Kartendaten angeben, um an unserem Service teilzunehmen. Sollten bei irgendeinem Schritt Probleme auftreten, wenden Sie sich bitte an unseren technischen Kundensupport.<\/p> <\/div>\r\n\t\t\t\t\t<\/div>\r\n\t\t\t\t<\/div> <\/div> <\/div>","protected":false},"excerpt":{"rendered":"","protected":false},"author":9,"featured_media":0,"parent":3996,"menu_order":0,"comment_status":"closed","ping_status":"closed","template":"templates\/template-application-platform.php","meta":{"publish_to_discourse":"","publish_post_category":"","wpdc_auto_publish_overridden":"","wpdc_topic_tags":"","wpdc_pin_topic":"","wpdc_pin_until":"","discourse_post_id":"","discourse_permalink":"","wpdc_publishing_response":"","wpdc_publishing_error":"","footnotes":""},"class_list":["post-20717","page","type-page","status-publish","hentry"],"yoast_head":"<!-- This site is optimized with the Yoast SEO plugin v25.3.1 - https:\/\/yoast.com\/wordpress\/plugins\/seo\/ -->\n<title>Facebook-Jobb\u00f6rsen-Widget \u2013 Stellenangebote zu Facebook hinzuf\u00fcgen (2025)<\/title>\n<meta name=\"description\" content=\"Integrieren Sie ein responsives Jobboard-Widget auf Ihrer Facebook-Website und lassen Sie potenzielle Arbeitnehmer die Stellenangebote erkunden!\" \/>\n<meta name=\"robots\" content=\"index, follow, max-snippet:-1, max-image-preview:large, max-video-preview:-1\" \/>\n<link rel=\"canonical\" href=\"https:\/\/elfsight.com\/de\/job-board-widget\/facebook\/\" \/>\n<meta property=\"og:locale\" content=\"de_DE\" \/>\n<meta property=\"og:type\" content=\"article\" \/>\n<meta property=\"og:title\" content=\"Facebook-Jobb\u00f6rsen-Widget \u2013 Stellenangebote zu Facebook hinzuf\u00fcgen (2025)\" \/>\n<meta property=\"og:description\" content=\"Integrieren Sie ein responsives Jobboard-Widget auf Ihrer Facebook-Website und lassen Sie potenzielle Arbeitnehmer die Stellenangebote erkunden!\" \/>\n<meta property=\"og:url\" content=\"https:\/\/elfsight.com\/de\/job-board-widget\/facebook\/\" \/>\n<meta property=\"og:site_name\" content=\"Elfsight DE\" \/>\n<meta property=\"article:modified_time\" content=\"2025-07-08T10:52:14+00:00\" \/>\n<meta name=\"twitter:card\" content=\"summary_large_image\" \/>\n<meta name=\"twitter:label1\" content=\"Gesch\u00e4tzte Lesezeit\" \/>\n\t<meta name=\"twitter:data1\" content=\"3\u00a0Minuten\" \/>\n<!-- \/ Yoast SEO plugin. -->","yoast_head_json":{"title":"Facebook-Jobb\u00f6rsen-Widget \u2013 Stellenangebote zu Facebook hinzuf\u00fcgen (2025)","description":"Integrieren Sie ein responsives Jobboard-Widget auf Ihrer Facebook-Website und lassen Sie potenzielle Arbeitnehmer die Stellenangebote erkunden!","robots":{"index":"index","follow":"follow","max-snippet":"max-snippet:-1","max-image-preview":"max-image-preview:large","max-video-preview":"max-video-preview:-1"},"canonical":"https:\/\/elfsight.com\/de\/job-board-widget\/facebook\/","og_locale":"de_DE","og_type":"article","og_title":"Facebook-Jobb\u00f6rsen-Widget \u2013 Stellenangebote zu Facebook hinzuf\u00fcgen (2025)","og_description":"Integrieren Sie ein responsives Jobboard-Widget auf Ihrer Facebook-Website und lassen Sie potenzielle Arbeitnehmer die Stellenangebote erkunden!","og_url":"https:\/\/elfsight.com\/de\/job-board-widget\/facebook\/","og_site_name":"Elfsight DE","article_modified_time":"2025-07-08T10:52:14+00:00","twitter_card":"summary_large_image","twitter_misc":{"Gesch\u00e4tzte Lesezeit":"3\u00a0Minuten"},"schema":{"@context":"https:\/\/schema.org","@graph":[{"@type":"WebPage","@id":"https:\/\/elfsight.com\/de\/job-board-widget\/facebook\/","url":"https:\/\/elfsight.com\/de\/job-board-widget\/facebook\/","name":"Facebook-Jobb\u00f6rsen-Widget \u2013 Stellenangebote zu Facebook hinzuf\u00fcgen (2025)","isPartOf":{"@id":"https:\/\/elfsight.com\/de\/#website"},"datePublished":"2024-05-03T06:40:15+00:00","dateModified":"2025-07-08T10:52:14+00:00","description":"Integrieren Sie ein responsives Jobboard-Widget auf Ihrer Facebook-Website und lassen Sie potenzielle Arbeitnehmer die Stellenangebote erkunden!","breadcrumb":{"@id":"https:\/\/elfsight.com\/de\/job-board-widget\/facebook\/#breadcrumb"},"inLanguage":"de","potentialAction":[{"@type":"ReadAction","target":["https:\/\/elfsight.com\/de\/job-board-widget\/facebook\/"]}]},{"@type":"BreadcrumbList","@id":"https:\/\/elfsight.com\/de\/job-board-widget\/facebook\/#breadcrumb","itemListElement":[{"@type":"ListItem","position":1,"name":"Home","item":"https:\/\/elfsight.com\/de\/"},{"@type":"ListItem","position":2,"name":"Job Board","item":"https:\/\/elfsight.com\/de\/job-board-widget\/"},{"@type":"ListItem","position":3,"name":"Job Board &#8211; Facebook Page"}]},{"@type":"WebSite","@id":"https:\/\/elfsight.com\/de\/#website","url":"https:\/\/elfsight.com\/de\/","name":"Elfsight DE","description":"Just another Elfsight Sites site","potentialAction":[{"@type":"SearchAction","target":{"@type":"EntryPoint","urlTemplate":"https:\/\/elfsight.com\/de\/?s={search_term_string}"},"query-input":{"@type":"PropertyValueSpecification","valueRequired":true,"valueName":"search_term_string"}}],"inLanguage":"de"}]}},"meta_box":{"industry":"","seo_heading":"","heading":"","description":"","cta_heading":"","cta_description":"","application":"3995","h1":"Facebook-Jobb\u00f6rsen-Widget","h1_caption":"Erstellen Sie eine Jobb\u00f6rse zur Auflistung offener Stellen auf Ihrer Website und locken Sie potenzielle Kandidaten m\u00fchelos auf Ihre Facebook-Seite.","application_category":[],"applications_title":"","applications_request_title":"","applications_request_button_text":"","hero_text":"","hero_video":"","hero_video_schema_markup":"","selling_points_title":"","selling_points_caption":"","selling_points":[],"selling_points_cta_text":"","features_title":"","features":"","ed_cta_examples_text":"","ed_cta_examples_hidden":"","ed_cta_demo_text":"","ed_cta_demo_hidden":"","why_caption":"","why_editor_title":"","why_editor_text":"","why_team_title":"","why_team_text":"","why_service_title":"","why_service_text":"","template_catalog_visible":"","template_catalog_title":"","template_catalog_text":"","template_catalog_categories_visible":"","demo_title":"Erstellen Sie Ihr Jobboard-Widget","demo_caption":"Konfigurieren Sie Ihre Jobb\u00f6rse und f\u00fcgen Sie sie kostenlos zu Ihrer Facebook-Seite hinzu!","default_faq_hidden":"","app_template_category":[],"platform":"216","template_public_id":"","codecanyon_url":"","codecanyon_item_id":"","codecanyon_price":"","pricing_caption":"","pricing_elfsight_apps_hide_column":"","pricing_elfsight_apps_url":"","pricing_codecanyon_price_caption":"","integration_category":[],"integration_request_title":"","integration_request_cta":"","integration_platform":"","integrations":[],"platform_category":[],"video_schema_markup":"","price":"ab 0 $ \/ Monat","trial":"","benefits":[{"text":"Kostenlose Installationshilfe"},{"text":"Professioneller Kundenservice"},{"text":"14-t\u00e4gige Geld-zur\u00fcck-Garantie"},{"text":"St\u00e4ndige Aktualisierung"}],"button_url":"#demo","button_target_blank":"","button_nofollow":"","attributes":[{"name":"Installiert","content":"10,000 - 100,000"},{"name":"Reaktionsfreudig","content":"Ja"},{"name":"Kompatible Browser","content":"Firefox, Safari, Opera, Chrome, Edge"}],"tags":[],"tags_disable_links":"","hide_more_platforms":"","video_object":"","demo_hide_cta":"","demo_hide_cloud_options":"","pricing_title":"","pricing":[{"pricing_icon":"platform","pricing_title":"Elfsight Apps","pricing_title_caption":"Plattformunabh\u00e4ngige L\u00f6sung","pricing_price":"ab 0 $ \/ Monat","pricing_price_caption":"Beginnen Sie mit einem kostenlosen Plan","pricing_benefits":[{"text":"Unbegrenzte Websites"},{"text":"Erstklassiger Kundensupport und gut dokumentiert"},{"text":"Kostenloser Installationsservice"},{"text":"100 % anpassbar"}],"pricing_button_text":"Zur Website hinzuf\u00fcgen","pricing_button_url":"#demo"}],"related_apps_title":"","related_apps_hidden":"","author":"","image":[],"title":"","job":"","social_networks":[]},"_links":{"self":[{"href":"https:\/\/elfsight.com\/de\/wp-json\/wp\/v2\/pages\/20717","targetHints":{"allow":["GET"]}}],"collection":[{"href":"https:\/\/elfsight.com\/de\/wp-json\/wp\/v2\/pages"}],"about":[{"href":"https:\/\/elfsight.com\/de\/wp-json\/wp\/v2\/types\/page"}],"author":[{"embeddable":true,"href":"https:\/\/elfsight.com\/de\/wp-json\/wp\/v2\/users\/9"}],"replies":[{"embeddable":true,"href":"https:\/\/elfsight.com\/de\/wp-json\/wp\/v2\/comments?post=20717"}],"version-history":[{"count":1,"href":"https:\/\/elfsight.com\/de\/wp-json\/wp\/v2\/pages\/20717\/revisions"}],"predecessor-version":[{"id":20721,"href":"https:\/\/elfsight.com\/de\/wp-json\/wp\/v2\/pages\/20717\/revisions\/20721"}],"up":[{"embeddable":true,"href":"https:\/\/elfsight.com\/de\/wp-json\/wp\/v2\/pages\/3996"}],"wp:attachment":[{"href":"https:\/\/elfsight.com\/de\/wp-json\/wp\/v2\/media?parent=20717"}],"curies":[{"name":"wp","href":"https:\/\/api.w.org\/{rel}","templated":true}]}}