{"id":20716,"date":"2024-05-03T06:40:14","date_gmt":"2024-05-03T06:40:14","guid":{"rendered":"https:\/\/elfsight.com\/de\/?page_id=20716"},"modified":"2025-02-21T09:32:48","modified_gmt":"2025-02-21T09:32:48","slug":"elementor","status":"publish","type":"page","link":"https:\/\/elfsight.com\/de\/job-board-widget\/elementor\/","title":{"rendered":"Job Board &#8211; Elementor"},"content":{"rendered":"\n<div class=\"application-platform-content-item-description application-platform-content-item\" id=\"description\" data-nav-section=\"description\"> <h2>Betten Sie die Jobb\u00f6rse auf Elementor mit dem Elfsight-Widget ein<\/h2> <p>Die Jobb\u00f6rse f\u00fcr Elementor ist ein beeindruckendes Widget, mit dem Sie Ihre Bewerbung ver\u00f6ffentlichen k\u00f6nnen Informieren Sie sich \u00fcber offene Stellen und erhalten Sie Lebensl\u00e4ufe von Bewerbern direkt auf Ihrer Website \u2013 ganz einfach. Mit unserem neuen Tool k\u00f6nnen Sie Informationen \u00fcber Ihr Unternehmen preisgeben, Informationen zu Stellenangeboten ver\u00f6ffentlichen und Lebensl\u00e4ufe sammeln. Das Widget bietet Ihnen die M\u00f6glichkeit, eine Jobkarte mit einer detaillierten Beschreibung und der Schaltfl\u00e4che \u201eBewerben\u201c zu erstellen. Mit der Jobb\u00f6rse k\u00f6nnen Sie den Rekrutierungsprozess optimieren und in 1-2-3 Sekunden Antworten auf offene Stellen erhalten! <\/p> <p><b>Erstellen Sie ganz einfach die verlockendsten Stellenbeschreibungen und Handlungsaufforderungen, um mehr potenzielle Mitarbeiter zur Zusammenarbeit mit Ihnen zu motivieren<\/b><\/p> <\/div> <div class=\"application-platform-content-item-features  application-platform-content-item\" id=\"features \" data-nav-section=\"features \"> <h2>Nachfolgend finden Sie die zentralen Funktionen des Widgets: <\/h2> <ul><li>Integrieren Sie einen Bewerbungslink, um Website-Benutzer auf die Seite mit Lebensl\u00e4ufen zu leiten<\/li><li>Pr\u00e4sentieren Sie offene Stellen auf faszinierende Weise So<\/li><li>Die Anzahl der Jobs, die Sie hinzuf\u00fcgen k\u00f6nnen, ist unbegrenzt<\/li><li>F\u00fcgen Sie zahlreiche Details zum Job hinzu: Gehalt, erforderliche F\u00e4higkeiten und Berufsbezeichnung<\/li><li>Hinterlassen Sie Kontaktinformationen: den Namen Ihres Unternehmens, den Namen Ihrer Abteilung und Ihren Standort<\/li><\/ul><p><a href=\"#demo\">Sie k\u00f6nnen anhand der Demo \u00fcberpr\u00fcfen, welchen Wert das Widget hat<\/a><\/p> <\/div> <div class=\"application-platform-content-item-installation application-platform-content-item\" id=\"installation\" data-nav-section=\"installation\"> <h2>Wie bette ich eine Jobb\u00f6rse in meine Elementor-Website ein? <\/h2> <p>Befolgen Sie einfach die unten aufgef\u00fchrten Schritte, um das Widget einzubetten. <\/p> <ol><li><b>Nutzen Sie unseren kostenlosen Editor und beginnen Sie mit der Erstellung Ihres individuellen Widgets. <\/b><br> Bestimmen Sie die bevorzugte Form und Parameter des Werkzeugs und wenden Sie die \u00c4nderungen an. <\/li> <li><b>Erhalten Sie Ihren pers\u00f6nlichen Code, der im Fenster von Elfsight Apps angezeigt wird. <\/b><br> Wenn die Einrichtung Ihres pers\u00f6nlichen Plugins abgeschlossen ist, kopieren Sie den einzelnen Code aus dem angezeigten Feld und bewahren Sie ihn f\u00fcr zuk\u00fcnftige Gelegenheiten auf. <\/li> <li><b>Initiieren Sie die Anwendung des Plugins auf Ihrer Elementor-Site. <\/b><br> F\u00fcgen Sie den zuvor kopierten Code in Ihre Website ein und \u00fcbernehmen Sie die \u00c4nderungen. <\/li> <li><b>Du bist fertig! Die Integration wurde erfolgreich abgeschlossen. <\/b><br> Besuchen Sie Ihre Website, um die Leistung des Tools zu \u00fcberpr\u00fcfen. <\/li><\/ol> <p>Wenn Sie auf Hindernisse sto\u00dfen, z\u00f6gern Sie nicht, unserem Kundenservice-Team zu schreiben. Unsere Berater beantworten gerne alle Fragen, die Sie zum Plugin haben. <\/p> <div class=\"faq\" data-component=\"FAQ\"><div class=\"faq-item\">\r\n\t\t\t\t\t<div class=\"faq-item-question\">\r\n\t\t\t\t\t\t<h3 class=\"faq-item-question-text\">Wie kann ich ohne Programmierkenntnisse eine Jobb\u00f6rse in meine Elementor-Website einbetten?<\/h3>\r\n\r\n\t\t\t\t\t\t<div class=\"faq-item-question-icon\"><\/div>\r\n\t\t\t\t\t<\/div>\r\n\r\n\t\t\t\t\t<div class=\"faq-item-answer\">\r\n\t\t\t\t\t\t<div class=\"faq-item-answer-text\"> <p>Das Unternehmen Elfsight bietet eine L\u00f6sung, die es einem breiten Publikum erm\u00f6glicht, selbst einen Jobb\u00f6rsenbereich zu erstellen Entdecken Sie, wie einfach der Vorgang ist: Gehen Sie zur Live-Demo, um ein Jobboard-Widget zu erstellen, das Sie in Ihren Elementor integrieren m\u00f6chten. W\u00e4hlen Sie eine der vorgefertigten Vorlagen aus und passen Sie die Jobboard-Einstellungen an, f\u00fcgen Sie Ihre Inhalte hinzu, \u00e4ndern Sie das Layout und die Farben ohne Codierung. Klicken Sie, um die Jobb\u00f6rse zu speichern und den Code zum Einbetten zu erhalten, der problemlos in jede Elementor-Homepage im Rahmen eines kostenlosen Plans eingef\u00fcgt werden kann. Mit Hilfe des benutzerfreundlichen Konfigurators kann jeder Internetnutzer online eine Jobb\u00f6rse erstellen und diese zu jeder Elementor-Webseite hinzuf\u00fcgen. Um unseren Service nutzen zu k\u00f6nnen, m\u00fcssen Sie weder bezahlen noch Ihre Kartendaten preisgeben. Sollten Sie bei irgendeinem Schritt auf Hindernisse sto\u00dfen, z\u00f6gern Sie nicht, sich an unsere Mitarbeiter des technischen Supports zu wenden.<\/p> <\/div>\r\n\t\t\t\t\t<\/div>\r\n\t\t\t\t<\/div> <\/div><\/div>\n","protected":false},"excerpt":{"rendered":"","protected":false},"author":9,"featured_media":0,"parent":3996,"menu_order":0,"comment_status":"closed","ping_status":"closed","template":"templates\/template-application-platform.php","meta":{"publish_to_discourse":"","publish_post_category":"","wpdc_auto_publish_overridden":"","wpdc_topic_tags":"","wpdc_pin_topic":"","wpdc_pin_until":"","discourse_post_id":"","discourse_permalink":"","wpdc_publishing_response":"","wpdc_publishing_error":"","footnotes":""},"class_list":["post-20716","page","type-page","status-publish","hentry"],"yoast_head":"<!-- This site is optimized with the Yoast SEO plugin v25.3.1 - https:\/\/yoast.com\/wordpress\/plugins\/seo\/ -->\n<title>Elementor Job Board-Widget \u2013 Stellenangebote zu Elementor hinzuf\u00fcgen (2025)<\/title>\n<meta name=\"description\" content=\"F\u00fcgen Sie ein responsives Jobboard-Widget auf Ihrer Elementor-Website ein und lassen Sie Ihre potenziellen Mitarbeiter die offenen Stellen erkunden!\" \/>\n<meta name=\"robots\" content=\"index, follow, max-snippet:-1, max-image-preview:large, max-video-preview:-1\" \/>\n<link rel=\"canonical\" href=\"https:\/\/elfsight.com\/de\/job-board-widget\/elementor\/\" \/>\n<meta property=\"og:locale\" content=\"de_DE\" \/>\n<meta property=\"og:type\" content=\"article\" \/>\n<meta property=\"og:title\" content=\"Elementor Job Board-Widget \u2013 Stellenangebote zu Elementor hinzuf\u00fcgen (2025)\" \/>\n<meta property=\"og:description\" content=\"F\u00fcgen Sie ein responsives Jobboard-Widget auf Ihrer Elementor-Website ein und lassen Sie Ihre potenziellen Mitarbeiter die offenen Stellen erkunden!\" \/>\n<meta property=\"og:url\" content=\"https:\/\/elfsight.com\/de\/job-board-widget\/elementor\/\" \/>\n<meta property=\"og:site_name\" content=\"Elfsight DE\" \/>\n<meta property=\"article:modified_time\" content=\"2025-02-21T09:32:48+00:00\" \/>\n<meta name=\"twitter:card\" content=\"summary_large_image\" \/>\n<meta name=\"twitter:label1\" content=\"Gesch\u00e4tzte Lesezeit\" \/>\n\t<meta name=\"twitter:data1\" content=\"3\u00a0Minuten\" \/>\n<!-- \/ Yoast SEO plugin. -->","yoast_head_json":{"title":"Elementor Job Board-Widget \u2013 Stellenangebote zu Elementor hinzuf\u00fcgen (2025)","description":"F\u00fcgen Sie ein responsives Jobboard-Widget auf Ihrer Elementor-Website ein und lassen Sie Ihre potenziellen Mitarbeiter die offenen Stellen erkunden!","robots":{"index":"index","follow":"follow","max-snippet":"max-snippet:-1","max-image-preview":"max-image-preview:large","max-video-preview":"max-video-preview:-1"},"canonical":"https:\/\/elfsight.com\/de\/job-board-widget\/elementor\/","og_locale":"de_DE","og_type":"article","og_title":"Elementor Job Board-Widget \u2013 Stellenangebote zu Elementor hinzuf\u00fcgen (2025)","og_description":"F\u00fcgen Sie ein responsives Jobboard-Widget auf Ihrer Elementor-Website ein und lassen Sie Ihre potenziellen Mitarbeiter die offenen Stellen erkunden!","og_url":"https:\/\/elfsight.com\/de\/job-board-widget\/elementor\/","og_site_name":"Elfsight DE","article_modified_time":"2025-02-21T09:32:48+00:00","twitter_card":"summary_large_image","twitter_misc":{"Gesch\u00e4tzte Lesezeit":"3\u00a0Minuten"},"schema":{"@context":"https:\/\/schema.org","@graph":[{"@type":"WebPage","@id":"https:\/\/elfsight.com\/de\/job-board-widget\/elementor\/","url":"https:\/\/elfsight.com\/de\/job-board-widget\/elementor\/","name":"Elementor Job Board-Widget \u2013 Stellenangebote zu Elementor hinzuf\u00fcgen (2025)","isPartOf":{"@id":"https:\/\/elfsight.com\/de\/#website"},"datePublished":"2024-05-03T06:40:14+00:00","dateModified":"2025-02-21T09:32:48+00:00","description":"F\u00fcgen Sie ein responsives Jobboard-Widget auf Ihrer Elementor-Website ein und lassen Sie Ihre potenziellen Mitarbeiter die offenen Stellen erkunden!","breadcrumb":{"@id":"https:\/\/elfsight.com\/de\/job-board-widget\/elementor\/#breadcrumb"},"inLanguage":"de","potentialAction":[{"@type":"ReadAction","target":["https:\/\/elfsight.com\/de\/job-board-widget\/elementor\/"]}]},{"@type":"BreadcrumbList","@id":"https:\/\/elfsight.com\/de\/job-board-widget\/elementor\/#breadcrumb","itemListElement":[{"@type":"ListItem","position":1,"name":"Home","item":"https:\/\/elfsight.com\/de\/"},{"@type":"ListItem","position":2,"name":"Job Board","item":"https:\/\/elfsight.com\/de\/job-board-widget\/"},{"@type":"ListItem","position":3,"name":"Job Board &#8211; Elementor"}]},{"@type":"WebSite","@id":"https:\/\/elfsight.com\/de\/#website","url":"https:\/\/elfsight.com\/de\/","name":"Elfsight DE","description":"Just another Elfsight Sites site","potentialAction":[{"@type":"SearchAction","target":{"@type":"EntryPoint","urlTemplate":"https:\/\/elfsight.com\/de\/?s={search_term_string}"},"query-input":{"@type":"PropertyValueSpecification","valueRequired":true,"valueName":"search_term_string"}}],"inLanguage":"de"}]}},"meta_box":{"industry":"","seo_heading":"","heading":"","description":"","cta_heading":"","cta_description":"","application":"3995","h1":"Elementor Job Board-Widget","h1_caption":"Erstellen Sie eine Jobb\u00f6rse, um offene Stellen auf Ihrer Website aufzulisten und potenzielle Kandidaten m\u00fchelos auf Ihre Elementor-Website zu locken.","application_category":[],"applications_title":"","applications_request_title":"","applications_request_button_text":"","hero_text":"","hero_video":"","hero_video_schema_markup":"","selling_points_title":"","selling_points_caption":"","selling_points":[],"selling_points_cta_text":"","features_title":"","features":"","ed_cta_examples_text":"","ed_cta_examples_hidden":"","ed_cta_demo_text":"","ed_cta_demo_hidden":"","why_caption":"","why_editor_title":"","why_editor_text":"","why_team_title":"","why_team_text":"","why_service_title":"","why_service_text":"","template_catalog_visible":"0","template_catalog_title":"","template_catalog_text":"","template_catalog_categories_visible":"","demo_title":"Erstellen Sie Ihr Jobboard-Widget","demo_caption":"Konfigurieren Sie Ihre Jobb\u00f6rse und f\u00fcgen Sie sie kostenlos zu Ihrer Elementor-Website hinzu!","default_faq_hidden":"","app_template_category":[],"platform":"223","template_public_id":"","codecanyon_url":"","codecanyon_item_id":"","codecanyon_price":"","pricing_caption":"","pricing_elfsight_apps_hide_column":"","pricing_elfsight_apps_url":"","pricing_codecanyon_price_caption":"","integration_category":[],"integration_request_title":"","integration_request_cta":"","integration_platform":"","integrations":[],"platform_category":[],"video_schema_markup":"","price":"ab 0 $ \/ Monat","trial":"","benefits":[{"text":"Kostenloser Installationsservice"},{"text":"Effektiver Kundenservice"},{"text":"14-t\u00e4gige Geld-zur\u00fcck-Garantie"},{"text":"Fortlaufende Entwicklung"}],"button_url":"#demo","button_target_blank":"0","button_nofollow":"0","attributes":[{"name":"Installiert","content":"10,000 - 100,000"},{"name":"Reaktionsfreudig","content":"Ja"},{"name":"Kompatible Browser","content":"Firefox, Safari, Opera, Chrome, Edge"}],"tags":[],"tags_disable_links":"0","hide_more_platforms":"0","video_object":"","demo_hide_cta":"0","demo_hide_cloud_options":"0","pricing_title":"","pricing":[{"pricing_icon":"platform","pricing_title":"Elfsight Apps","pricing_title_caption":"Plattform\u00fcbergreifende L\u00f6sung, die f\u00fcr jede Website geeignet ist","pricing_price":"ab 0 $ \/ Monat","pricing_price_caption":"Beginnen Sie mit einem kostenlosen Plan","pricing_benefits":[{"text":"Unbegrenzte Websites"},{"text":"Schnelle Unternehmensunterst\u00fctzung"},{"text":"Kostenloser Installationssupport"},{"text":"Vollst\u00e4ndig anpassbar"}],"pricing_button_text":"Zur Website hinzuf\u00fcgen","pricing_button_url":"#demo"}],"related_apps_title":"","related_apps_hidden":"0","author":"","image":[],"title":"","job":"","social_networks":[]},"_links":{"self":[{"href":"https:\/\/elfsight.com\/de\/wp-json\/wp\/v2\/pages\/20716","targetHints":{"allow":["GET"]}}],"collection":[{"href":"https:\/\/elfsight.com\/de\/wp-json\/wp\/v2\/pages"}],"about":[{"href":"https:\/\/elfsight.com\/de\/wp-json\/wp\/v2\/types\/page"}],"author":[{"embeddable":true,"href":"https:\/\/elfsight.com\/de\/wp-json\/wp\/v2\/users\/9"}],"replies":[{"embeddable":true,"href":"https:\/\/elfsight.com\/de\/wp-json\/wp\/v2\/comments?post=20716"}],"version-history":[{"count":2,"href":"https:\/\/elfsight.com\/de\/wp-json\/wp\/v2\/pages\/20716\/revisions"}],"predecessor-version":[{"id":24693,"href":"https:\/\/elfsight.com\/de\/wp-json\/wp\/v2\/pages\/20716\/revisions\/24693"}],"up":[{"embeddable":true,"href":"https:\/\/elfsight.com\/de\/wp-json\/wp\/v2\/pages\/3996"}],"wp:attachment":[{"href":"https:\/\/elfsight.com\/de\/wp-json\/wp\/v2\/media?parent=20716"}],"curies":[{"name":"wp","href":"https:\/\/api.w.org\/{rel}","templated":true}]}}