{"id":20715,"date":"2024-05-03T06:40:13","date_gmt":"2024-05-03T06:40:13","guid":{"rendered":"https:\/\/elfsight.com\/de\/?page_id=20715"},"modified":"2025-07-08T10:52:38","modified_gmt":"2025-07-08T10:52:38","slug":"joomla","status":"publish","type":"page","link":"https:\/\/elfsight.com\/de\/job-board-widget\/joomla\/","title":{"rendered":"Job Board &#8211; Joomla"},"content":{"rendered":"<div class=\"application-platform-content-item-description application-platform-content-item\" id=\"description\" data-nav-section=\"description\"> <h2>Beschreibung<\/h2> <p>Die Jobb\u00f6rse f\u00fcr Joomla ist eine au\u00dfergew\u00f6hnliche Erweiterung, mit der Sie Stellenangebote ver\u00f6ffentlichen und Lebensl\u00e4ufe von Kandidaten sammeln k\u00f6nnen Ihre Website auf die einfachste Art und Weise. Mit unserem neuen Tool k\u00f6nnen Sie Informationen \u00fcber Ihr Unternehmen offenlegen, Informationen \u00fcber offene Stellen ver\u00f6ffentlichen und Lebensl\u00e4ufe sammeln. Mit dem Widget k\u00f6nnen Sie eine Jobkarte mit einer ausf\u00fchrlichen Beschreibung und der Schaltfl\u00e4che \u201eBewerben\u201c erstellen. Mit Elfsight Job Board k\u00f6nnen Sie den Rekrutierungsprozess optimieren und die Antworten auf Stellenausschreibungen mit einem Klick erhalten. <\/p> <p><b>Erstellen Sie ganz einfach die verlockendsten Stellenbeschreibungen und CTA-Buttons, um mehr potenzielle Mitarbeiter f\u00fcr eine Zusammenarbeit zu begeistern<\/b><\/p> <\/div> <div class=\"application-platform-content-item-features application-platform-content-item\" id=\"features\" data-nav-section=\"features\"> <h2>Hier finden Sie die Grundfunktionen der Erweiterung: <\/h2> <ul><li>Erstellen Sie einen Bewerbungslink, um Website-Benutzer auf die Seite mit Lebensl\u00e4ufen zu leiten<\/li><li>Stellenanzeigen auf die ansprechendste Art und Weise anzeigen<\/li><li>Die Anzahl der Stellen, die Sie er\u00f6ffnen k\u00f6nnen, ist unbegrenzt<\/li><li>Beschreiben Sie die Stelle im Detail und machen Sie Angaben zu: Gehalt, Berufsbezeichnung und erforderlichen F\u00e4higkeiten<\/li><li>Kontaktinformationen hinterlassen: Abteilung , den Namen Ihres Unternehmens und den Standort<\/li><\/ul><p><a href=\"#demo\">Probieren Sie alle Einstellungen in einer Demo mit vollem Funktionsumfang aus<\/a><\/p> <\/div> <div class=\"application-platform-content-item-installation application-platform-content-item\" id=\"installation\" data-nav-section=\"installation\"> <h2>Wie bette ich eine Jobb\u00f6rse in meine Joomla-Webseite ein? <\/h2> <p>Befolgen Sie einfach die nachstehenden Anweisungen, um mit der Verwendung des Tools zu beginnen. <\/p> <ol><li><b>Starten Sie unseren kostenlosen Editor und beginnen Sie mit der Erstellung Ihrer individuellen Erweiterung. <\/b><br> Finden Sie das gew\u00fcnschte Design und die gew\u00fcnschten Funktionen des Plugins und speichern Sie die Korrekturen. <\/li> <li><b>Erhalten Sie den pers\u00f6nlichen Code, der im Fenster von Elfsight Apps angezeigt wird. <\/b><br> Wenn die Erstellung Ihres pers\u00f6nlichen Widgets abgeschlossen ist, kopieren Sie den individuellen Code aus dem angezeigten Fenster und speichern Sie ihn f\u00fcr zuk\u00fcnftige Gelegenheiten. <\/li> <li><b>Beginnen Sie mit der Nutzung des Tools auf Ihrer Joomla-Website. <\/b><br> F\u00fcgen Sie den k\u00fcrzlich kopierten Code in Ihre Website ein und \u00fcbernehmen Sie die \u00c4nderungen. <\/li> <li><b>Du bist fertig! Der Aufbau ist vollst\u00e4ndig abgeschlossen. <\/b><br> Besuchen Sie Ihre Website, um die Arbeit der Erweiterung zu \u00fcberpr\u00fcfen. <\/li><\/ol> <p>Z\u00f6gern Sie nicht, sich bei unserem Kundendienst zu bewerben, wenn Sie gerade Anfragen bearbeiten oder auf Schwierigkeiten sto\u00dfen. Unsere Berater sind bestrebt, alle Schwierigkeiten zu l\u00f6sen, die Sie m\u00f6glicherweise mit dem Tool haben. <\/p> <div class=\"faq\" data-component=\"FAQ\"><div class=\"faq-item\">\r\n\t\t\t\t\t<div class=\"faq-item-question\">\r\n\t\t\t\t\t\t<h3 class=\"faq-item-question-text\">Gibt es eine Methode, um ohne Programmierkenntnisse eine Jobb\u00f6rse zu meiner Joomla-Site hinzuzuf\u00fcgen?<\/h3>\r\n\r\n\t\t\t\t\t\t<div class=\"faq-item-question-icon\"><\/div>\r\n\t\t\t\t\t<\/div>\r\n\r\n\t\t\t\t\t<div class=\"faq-item-answer\">\r\n\t\t\t\t\t\t<div class=\"faq-item-answer-text\"> <p>Elfsight liefert eine SaaS-L\u00f6sung, die es Benutzern erm\u00f6glicht, selbst \u00fcber ein Jobboard-Widget zu verf\u00fcgen, Sehen Sie sich die einfachen Schritte an: Gehen Sie zum Live-Editor, um einen Jobb\u00f6rsenbereich zu erstellen, den Sie Ihrer Joomla-Webseite hinzuf\u00fcgen m\u00f6chten. W\u00e4hlen Sie eine der vorgefertigten Vorlagen aus und passen Sie die Jobboard-Einstellungen an, \u00e4ndern Sie das Layout und die Farbschemata, um Ihre Inhalte einzubinden, ohne Programmierkenntnisse. Speichern Sie die von Ihnen vorgenommenen Einstellungen in der Jobb\u00f6rse und erhalten Sie Installationscode, den Sie kostenlos in die Joomla-Homepage einf\u00fcgen k\u00f6nnen. Mit dem intuitiven Editor kann jeder Webbenutzer einen Jobb\u00f6rsenbereich erstellen und ihn einfach zu jeder Joomla-Site hinzuf\u00fcgen. Sie m\u00fcssen weder bezahlen noch Ihre Kartendaten \u00fcbermitteln, um den Service in Anspruch zu nehmen. Wenn Sie auf Hindernisse jeglicher Art sto\u00dfen, wenden Sie sich bitte an unseren technischen Kundensupport.<\/p> <\/div>\r\n\t\t\t\t\t<\/div>\r\n\t\t\t\t<\/div> <\/div><\/div>","protected":false},"excerpt":{"rendered":"","protected":false},"author":9,"featured_media":0,"parent":3996,"menu_order":0,"comment_status":"closed","ping_status":"closed","template":"templates\/template-application-platform.php","meta":{"publish_to_discourse":"","publish_post_category":"","wpdc_auto_publish_overridden":"","wpdc_topic_tags":"","wpdc_pin_topic":"","wpdc_pin_until":"","discourse_post_id":"","discourse_permalink":"","wpdc_publishing_response":"","wpdc_publishing_error":"","footnotes":""},"class_list":["post-20715","page","type-page","status-publish","hentry"],"yoast_head":"<!-- This site is optimized with the Yoast SEO plugin v25.3.1 - https:\/\/yoast.com\/wordpress\/plugins\/seo\/ -->\n<title>Joomla Job Board-Erweiterung \u2013 Stellenangebote zu Joomla hinzuf\u00fcgen (2025)<\/title>\n<meta name=\"description\" content=\"F\u00fcgen Sie eine responsive Job-Board-Erweiterung in Ihre Joomla-Website ein und lassen Sie potenzielle Arbeitskr\u00e4fte die offenen Stellen erkunden!\" \/>\n<meta name=\"robots\" content=\"index, follow, max-snippet:-1, max-image-preview:large, max-video-preview:-1\" \/>\n<link rel=\"canonical\" href=\"https:\/\/elfsight.com\/de\/job-board-widget\/joomla\/\" \/>\n<meta property=\"og:locale\" content=\"de_DE\" \/>\n<meta property=\"og:type\" content=\"article\" \/>\n<meta property=\"og:title\" content=\"Joomla Job Board-Erweiterung \u2013 Stellenangebote zu Joomla hinzuf\u00fcgen (2025)\" \/>\n<meta property=\"og:description\" content=\"F\u00fcgen Sie eine responsive Job-Board-Erweiterung in Ihre Joomla-Website ein und lassen Sie potenzielle Arbeitskr\u00e4fte die offenen Stellen erkunden!\" \/>\n<meta property=\"og:url\" content=\"https:\/\/elfsight.com\/de\/job-board-widget\/joomla\/\" \/>\n<meta property=\"og:site_name\" content=\"Elfsight DE\" \/>\n<meta property=\"article:modified_time\" content=\"2025-07-08T10:52:38+00:00\" \/>\n<meta name=\"twitter:card\" content=\"summary_large_image\" \/>\n<meta name=\"twitter:label1\" content=\"Gesch\u00e4tzte Lesezeit\" \/>\n\t<meta name=\"twitter:data1\" content=\"3\u00a0Minuten\" \/>\n<!-- \/ Yoast SEO plugin. -->","yoast_head_json":{"title":"Joomla Job Board-Erweiterung \u2013 Stellenangebote zu Joomla hinzuf\u00fcgen (2025)","description":"F\u00fcgen Sie eine responsive Job-Board-Erweiterung in Ihre Joomla-Website ein und lassen Sie potenzielle Arbeitskr\u00e4fte die offenen Stellen erkunden!","robots":{"index":"index","follow":"follow","max-snippet":"max-snippet:-1","max-image-preview":"max-image-preview:large","max-video-preview":"max-video-preview:-1"},"canonical":"https:\/\/elfsight.com\/de\/job-board-widget\/joomla\/","og_locale":"de_DE","og_type":"article","og_title":"Joomla Job Board-Erweiterung \u2013 Stellenangebote zu Joomla hinzuf\u00fcgen (2025)","og_description":"F\u00fcgen Sie eine responsive Job-Board-Erweiterung in Ihre Joomla-Website ein und lassen Sie potenzielle Arbeitskr\u00e4fte die offenen Stellen erkunden!","og_url":"https:\/\/elfsight.com\/de\/job-board-widget\/joomla\/","og_site_name":"Elfsight DE","article_modified_time":"2025-07-08T10:52:38+00:00","twitter_card":"summary_large_image","twitter_misc":{"Gesch\u00e4tzte Lesezeit":"3\u00a0Minuten"},"schema":{"@context":"https:\/\/schema.org","@graph":[{"@type":"WebPage","@id":"https:\/\/elfsight.com\/de\/job-board-widget\/joomla\/","url":"https:\/\/elfsight.com\/de\/job-board-widget\/joomla\/","name":"Joomla Job Board-Erweiterung \u2013 Stellenangebote zu Joomla hinzuf\u00fcgen (2025)","isPartOf":{"@id":"https:\/\/elfsight.com\/de\/#website"},"datePublished":"2024-05-03T06:40:13+00:00","dateModified":"2025-07-08T10:52:38+00:00","description":"F\u00fcgen Sie eine responsive Job-Board-Erweiterung in Ihre Joomla-Website ein und lassen Sie potenzielle Arbeitskr\u00e4fte die offenen Stellen erkunden!","breadcrumb":{"@id":"https:\/\/elfsight.com\/de\/job-board-widget\/joomla\/#breadcrumb"},"inLanguage":"de","potentialAction":[{"@type":"ReadAction","target":["https:\/\/elfsight.com\/de\/job-board-widget\/joomla\/"]}]},{"@type":"BreadcrumbList","@id":"https:\/\/elfsight.com\/de\/job-board-widget\/joomla\/#breadcrumb","itemListElement":[{"@type":"ListItem","position":1,"name":"Home","item":"https:\/\/elfsight.com\/de\/"},{"@type":"ListItem","position":2,"name":"Job Board","item":"https:\/\/elfsight.com\/de\/job-board-widget\/"},{"@type":"ListItem","position":3,"name":"Job Board &#8211; Joomla"}]},{"@type":"WebSite","@id":"https:\/\/elfsight.com\/de\/#website","url":"https:\/\/elfsight.com\/de\/","name":"Elfsight DE","description":"Just another Elfsight Sites site","potentialAction":[{"@type":"SearchAction","target":{"@type":"EntryPoint","urlTemplate":"https:\/\/elfsight.com\/de\/?s={search_term_string}"},"query-input":{"@type":"PropertyValueSpecification","valueRequired":true,"valueName":"search_term_string"}}],"inLanguage":"de"}]}},"meta_box":{"industry":"","seo_heading":"","heading":"","description":"","cta_heading":"","cta_description":"","application":"3995","h1":"Joomla Job Board-Erweiterung","h1_caption":"Erstellen Sie eine Jobb\u00f6rse zur Auflistung offener Stellen auf Ihrer Website und locken Sie potenzielle Kandidaten m\u00fchelos auf Ihre Joomla-Website.","application_category":[],"applications_title":"","applications_request_title":"","applications_request_button_text":"","hero_text":"","hero_video":"","hero_video_schema_markup":"","selling_points_title":"","selling_points_caption":"","selling_points":[],"selling_points_cta_text":"","features_title":"","features":"","ed_cta_examples_text":"","ed_cta_examples_hidden":"","ed_cta_demo_text":"","ed_cta_demo_hidden":"","why_caption":"","why_editor_title":"","why_editor_text":"","why_team_title":"","why_team_text":"","why_service_title":"","why_service_text":"","template_catalog_visible":"","template_catalog_title":"","template_catalog_text":"","template_catalog_categories_visible":"","demo_title":"Erstellen Sie Ihr Jobboard-Plugin","demo_caption":"Konfigurieren Sie Ihre Jobb\u00f6rse und f\u00fcgen Sie sie kostenlos zu Ihrer Joomla-Website hinzu!","default_faq_hidden":"","app_template_category":[],"platform":"259","template_public_id":"","codecanyon_url":"","codecanyon_item_id":"","codecanyon_price":"","pricing_caption":"","pricing_elfsight_apps_hide_column":"","pricing_elfsight_apps_url":"","pricing_codecanyon_price_caption":"","integration_category":[],"integration_request_title":"","integration_request_cta":"","integration_platform":"","integrations":[],"platform_category":[],"video_schema_markup":"","price":"ab 0 $ \/ Monat","trial":"","benefits":[{"text":"Kostenloser Installationsservice"},{"text":"Professioneller Kundenservice"},{"text":"14-t\u00e4gige Geld-zur\u00fcck-Garantie"},{"text":"Lebenslange kostenlose Updates"}],"button_url":"#demo","button_target_blank":"","button_nofollow":"","attributes":[{"name":"Installiert","content":"10,000 - 100,000"},{"name":"Reaktionsfreudig","content":"Ja"},{"name":"Kompatible Browser","content":"Firefox, Safari, Opera, Chrome, Edge"}],"tags":[],"tags_disable_links":"","hide_more_platforms":"","video_object":"","demo_hide_cta":"","demo_hide_cloud_options":"","pricing_title":"","pricing":[{"pricing_icon":"platform","pricing_title":"Elfsight Apps","pricing_title_caption":"Plattform\u00fcbergreifende L\u00f6sung, die f\u00fcr jede Website geeignet ist","pricing_price":"ab 0 $ \/ Monat","pricing_price_caption":"Beginnen Sie mit einem kostenlosen Plan","pricing_benefits":[{"text":"Unbegrenzte Domains"},{"text":"Kostenloser Unternehmenssupport"},{"text":"Kostenlose Installationsunterst\u00fctzung"},{"text":"100 % anpassbar"}],"pricing_button_text":"Zur Website hinzuf\u00fcgen","pricing_button_url":"#demo"}],"related_apps_title":"","related_apps_hidden":"","author":"","image":[],"title":"","job":"","social_networks":[]},"_links":{"self":[{"href":"https:\/\/elfsight.com\/de\/wp-json\/wp\/v2\/pages\/20715","targetHints":{"allow":["GET"]}}],"collection":[{"href":"https:\/\/elfsight.com\/de\/wp-json\/wp\/v2\/pages"}],"about":[{"href":"https:\/\/elfsight.com\/de\/wp-json\/wp\/v2\/types\/page"}],"author":[{"embeddable":true,"href":"https:\/\/elfsight.com\/de\/wp-json\/wp\/v2\/users\/9"}],"replies":[{"embeddable":true,"href":"https:\/\/elfsight.com\/de\/wp-json\/wp\/v2\/comments?post=20715"}],"version-history":[{"count":1,"href":"https:\/\/elfsight.com\/de\/wp-json\/wp\/v2\/pages\/20715\/revisions"}],"predecessor-version":[{"id":20719,"href":"https:\/\/elfsight.com\/de\/wp-json\/wp\/v2\/pages\/20715\/revisions\/20719"}],"up":[{"embeddable":true,"href":"https:\/\/elfsight.com\/de\/wp-json\/wp\/v2\/pages\/3996"}],"wp:attachment":[{"href":"https:\/\/elfsight.com\/de\/wp-json\/wp\/v2\/media?parent=20715"}],"curies":[{"name":"wp","href":"https:\/\/api.w.org\/{rel}","templated":true}]}}