{"id":20710,"date":"2024-05-03T06:40:12","date_gmt":"2024-05-03T06:40:12","guid":{"rendered":"https:\/\/elfsight.com\/de\/?page_id=20710"},"modified":"2025-07-08T10:52:42","modified_gmt":"2025-07-08T10:52:42","slug":"jquery","status":"publish","type":"page","link":"https:\/\/elfsight.com\/de\/job-board-widget\/jquery\/","title":{"rendered":"Job Board &#8211; jQuery"},"content":{"rendered":"<div class=\"application-platform-content-item-description application-platform-content-item\" id=\"description\" data-nav-section=\"description\"> <h2>Beschreibung<\/h2> <p>Unsere Jobb\u00f6rse f\u00fcr jQuery ist ein bemerkenswertes Plugin, das Ihnen die M\u00f6glichkeit bietet, offene Stellen zu ver\u00f6ffentlichen und Lebensl\u00e4ufe zu sammeln Bewerber direkt auf Ihrer Website auf die am besten zug\u00e4ngliche Weise zu erreichen. Mit unserem neuen Widget k\u00f6nnen Sie Ihr Unternehmen vorstellen, Informationen \u00fcber offene Stellen verteilen und Lebensl\u00e4ufe abrufen. Mit dem Widget k\u00f6nnen Sie eine Jobkarte zusammen mit einer genauen Beschreibung und der Schaltfl\u00e4che \u201eBewerben\u201c erstellen. Durch die Nutzung des Elfsight Job Board k\u00f6nnen Sie den Rekrutierungsprozess vereinfachen und mit einem Klick Antworten auf Stellenangebote erhalten. <\/p> <p><b>Erstellen Sie schnell die attraktivsten Stellenangebote und Call-to-Actions, um mehr potenzielle Mitarbeiter zur Zusammenarbeit mit Ihnen zu motivieren<\/b><\/p> <\/div> <div class=\"application-platform-content-item-features  application-platform-content-item\" id=\"features \" data-nav-section=\"features \"> <h2>Wir bieten n\u00fctzliche und unkomplizierte Funktionen, sehen Sie sich einige davon an: <\/h2> <ul><li>Erstellen Sie einen Bewerbungslink, um potenzielle Mitarbeiter auf die Seite mit Lebensl\u00e4ufen zu leiten<\/li><li>Stellenangebote pr\u00e4sentieren auf die faszinierendste Art und Weise<\/li><li>Die Anzahl der Jobs, die Sie hinzuf\u00fcgen k\u00f6nnen, ist unbegrenzt<\/li><li>F\u00fcgen Sie zahlreiche Details \u00fcber den Job hinzu: erforderliche F\u00e4higkeiten, Gehalt und Berufsbezeichnung<\/li><li> Hinterlassen Sie Kontaktinformationen: Abteilung, Name Ihres Unternehmens und Standort<\/li><\/ul><p><a href=\"#demo\">Sie k\u00f6nnen anhand der Demo \u00fcberpr\u00fcfen, ob das Plugin f\u00fcr Sie geeignet ist<\/a> <\/p> <\/div> <div class=\"application-platform-content-item-installation application-platform-content-item\" id=\"installation\" data-nav-section=\"installation\"> <h2>Wie bette ich eine Jobb\u00f6rse in meine jQuery-Website ein? <\/h2> <p>Befolgen Sie einfach die nachstehenden Anweisungen, um mit der Arbeit mit dem Tool zu beginnen. <\/p> <ol><li><b>Nutzen Sie unsere kostenlose Demo und beginnen Sie mit der Gestaltung Ihres ma\u00dfgeschneiderten Plugins. <\/b><br> Bestimmen Sie das ausgew\u00e4hlte Layout und die Optionen des Plugins und speichern Sie die Korrekturen. <\/li> <li><b>Kopieren Sie Ihren individuellen Code, der im speziellen Formular auf Elfsight Apps erscheint. <\/b><br> Nachdem Sie Ihr pers\u00f6nliches Widget erstellt haben, kopieren Sie den pers\u00f6nlichen Code aus dem angezeigten Feld und speichern Sie ihn f\u00fcr die zuk\u00fcnftige Verwendung. <\/li> <li><b>Initiieren Sie die Verwendung des Plugins auf Ihrer jQuery-Webseite. <\/b><br> Integrieren Sie den zuvor kopierten Code in Ihre Homepage und \u00fcbernehmen Sie die Anpassungen. <\/li> <li><b>Die Installation wurde erfolgreich abgeschlossen. <\/b><br> Gehen Sie zu Ihrer Seite, um die Leistung des Widgets zu \u00fcberpr\u00fcfen. <\/li><\/ol> <p>Sollten Sie auf Hindernisse sto\u00dfen, k\u00f6nnen Sie sich gerne an unseren Support wenden. Unsere Berater helfen Ihnen gerne bei allen Problemen, die Sie mit dem Plugin haben k\u00f6nnten. <\/p> <div class=\"faq\" data-component=\"FAQ\"><div class=\"faq-item\">\r\n\t\t\t\t\t<div class=\"faq-item-question\">\r\n\t\t\t\t\t\t<h3 class=\"faq-item-question-text\">Wie f\u00fcge ich ohne Programmierkenntnisse eine Jobb\u00f6rse zu meiner jQuery-Website hinzu?<\/h3>\r\n\r\n\t\t\t\t\t\t<div class=\"faq-item-question-icon\"><\/div>\r\n\t\t\t\t\t<\/div>\r\n\r\n\t\t\t\t\t<div class=\"faq-item-answer\">\r\n\t\t\t\t\t\t<div class=\"faq-item-answer-text\"> <p>Elfsight bietet eine SaaS-L\u00f6sung, mit der Sie selbst ein Jobboard-Widget erstellen k\u00f6nnen. Sehen Sie, wie einfach das ist Der Prozess ist: Arbeiten Sie direkt im Online-Editor, um ein Jobboard-Widget zu erstellen, das Sie auf Ihrer jQuery-Website sehen m\u00f6chten. W\u00e4hlen Sie eine der vorgefertigten Vorlagen aus und passen Sie die Jobboard-Einstellungen an, f\u00fcgen Sie Ihre Inhalte hinzu, \u00e4ndern Sie das Layout und die Farben ohne Programmierkenntnisse. Speichern Sie die Jobb\u00f6rse und kopieren Sie den Installationscode, damit Sie sie ganz einfach in Ihre jQuery-Website einf\u00fcgen k\u00f6nnen, ohne ein kostenpflichtiges Abonnement kaufen zu m\u00fcssen. Mit unserem intuitiven Editor kann jeder Internetnutzer online ein Jobboard-Widget erstellen und es einfach in seine jQuery-Website einbetten. Sie m\u00fcssen weder bezahlen noch Ihre Kartendaten eingeben, um auf den Service zuzugreifen. Sollten bei irgendeinem Schritt Probleme auftreten, wenden Sie sich bitte an unser technisches Support-Team.<\/p> <\/div>\r\n\t\t\t\t\t<\/div>\r\n\t\t\t\t<\/div> <\/div><\/div>","protected":false},"excerpt":{"rendered":"","protected":false},"author":9,"featured_media":0,"parent":3996,"menu_order":0,"comment_status":"closed","ping_status":"closed","template":"templates\/template-application-platform.php","meta":{"publish_to_discourse":"","publish_post_category":"","wpdc_auto_publish_overridden":"","wpdc_topic_tags":"","wpdc_pin_topic":"","wpdc_pin_until":"","discourse_post_id":"","discourse_permalink":"","wpdc_publishing_response":"","wpdc_publishing_error":"","footnotes":""},"class_list":["post-20710","page","type-page","status-publish","hentry"],"yoast_head":"<!-- This site is optimized with the Yoast SEO plugin v25.3.1 - https:\/\/yoast.com\/wordpress\/plugins\/seo\/ -->\n<title>jQuery Job Board-Plugin \u2013 Stellenangebote zu jQuery hinzuf\u00fcgen (2025)<\/title>\n<meta name=\"description\" content=\"Integrieren Sie ein responsives Jobboard-Plugin auf Ihrer jQuery-Website und lassen Sie potenzielle Mitarbeiter die offenen Stellen erkunden!\" \/>\n<meta name=\"robots\" content=\"index, follow, max-snippet:-1, max-image-preview:large, max-video-preview:-1\" \/>\n<link rel=\"canonical\" href=\"https:\/\/elfsight.com\/de\/job-board-widget\/jquery\/\" \/>\n<meta property=\"og:locale\" content=\"de_DE\" \/>\n<meta property=\"og:type\" content=\"article\" \/>\n<meta property=\"og:title\" content=\"jQuery Job Board-Plugin \u2013 Stellenangebote zu jQuery hinzuf\u00fcgen (2025)\" \/>\n<meta property=\"og:description\" content=\"Integrieren Sie ein responsives Jobboard-Plugin auf Ihrer jQuery-Website und lassen Sie potenzielle Mitarbeiter die offenen Stellen erkunden!\" \/>\n<meta property=\"og:url\" content=\"https:\/\/elfsight.com\/de\/job-board-widget\/jquery\/\" \/>\n<meta property=\"og:site_name\" content=\"Elfsight DE\" \/>\n<meta property=\"article:modified_time\" content=\"2025-07-08T10:52:42+00:00\" \/>\n<meta name=\"twitter:card\" content=\"summary_large_image\" \/>\n<meta name=\"twitter:label1\" content=\"Gesch\u00e4tzte Lesezeit\" \/>\n\t<meta name=\"twitter:data1\" content=\"3\u00a0Minuten\" \/>\n<!-- \/ Yoast SEO plugin. -->","yoast_head_json":{"title":"jQuery Job Board-Plugin \u2013 Stellenangebote zu jQuery hinzuf\u00fcgen (2025)","description":"Integrieren Sie ein responsives Jobboard-Plugin auf Ihrer jQuery-Website und lassen Sie potenzielle Mitarbeiter die offenen Stellen erkunden!","robots":{"index":"index","follow":"follow","max-snippet":"max-snippet:-1","max-image-preview":"max-image-preview:large","max-video-preview":"max-video-preview:-1"},"canonical":"https:\/\/elfsight.com\/de\/job-board-widget\/jquery\/","og_locale":"de_DE","og_type":"article","og_title":"jQuery Job Board-Plugin \u2013 Stellenangebote zu jQuery hinzuf\u00fcgen (2025)","og_description":"Integrieren Sie ein responsives Jobboard-Plugin auf Ihrer jQuery-Website und lassen Sie potenzielle Mitarbeiter die offenen Stellen erkunden!","og_url":"https:\/\/elfsight.com\/de\/job-board-widget\/jquery\/","og_site_name":"Elfsight DE","article_modified_time":"2025-07-08T10:52:42+00:00","twitter_card":"summary_large_image","twitter_misc":{"Gesch\u00e4tzte Lesezeit":"3\u00a0Minuten"},"schema":{"@context":"https:\/\/schema.org","@graph":[{"@type":"WebPage","@id":"https:\/\/elfsight.com\/de\/job-board-widget\/jquery\/","url":"https:\/\/elfsight.com\/de\/job-board-widget\/jquery\/","name":"jQuery Job Board-Plugin \u2013 Stellenangebote zu jQuery hinzuf\u00fcgen (2025)","isPartOf":{"@id":"https:\/\/elfsight.com\/de\/#website"},"datePublished":"2024-05-03T06:40:12+00:00","dateModified":"2025-07-08T10:52:42+00:00","description":"Integrieren Sie ein responsives Jobboard-Plugin auf Ihrer jQuery-Website und lassen Sie potenzielle Mitarbeiter die offenen Stellen erkunden!","breadcrumb":{"@id":"https:\/\/elfsight.com\/de\/job-board-widget\/jquery\/#breadcrumb"},"inLanguage":"de","potentialAction":[{"@type":"ReadAction","target":["https:\/\/elfsight.com\/de\/job-board-widget\/jquery\/"]}]},{"@type":"BreadcrumbList","@id":"https:\/\/elfsight.com\/de\/job-board-widget\/jquery\/#breadcrumb","itemListElement":[{"@type":"ListItem","position":1,"name":"Home","item":"https:\/\/elfsight.com\/de\/"},{"@type":"ListItem","position":2,"name":"Job Board","item":"https:\/\/elfsight.com\/de\/job-board-widget\/"},{"@type":"ListItem","position":3,"name":"Job Board &#8211; jQuery"}]},{"@type":"WebSite","@id":"https:\/\/elfsight.com\/de\/#website","url":"https:\/\/elfsight.com\/de\/","name":"Elfsight DE","description":"Just another Elfsight Sites site","potentialAction":[{"@type":"SearchAction","target":{"@type":"EntryPoint","urlTemplate":"https:\/\/elfsight.com\/de\/?s={search_term_string}"},"query-input":{"@type":"PropertyValueSpecification","valueRequired":true,"valueName":"search_term_string"}}],"inLanguage":"de"}]}},"meta_box":{"industry":"","seo_heading":"","heading":"","description":"","cta_heading":"","cta_description":"","application":"3995","h1":"jQuery Job Board-Plugin","h1_caption":"Erstellen Sie eine Jobb\u00f6rse zur Auflistung offener Stellen auf Ihrer Website und locken Sie potenzielle Kandidaten m\u00fchelos auf Ihre jQuery-Website.","application_category":[],"applications_title":"","applications_request_title":"","applications_request_button_text":"","hero_text":"","hero_video":"","hero_video_schema_markup":"","selling_points_title":"","selling_points_caption":"","selling_points":[],"selling_points_cta_text":"","features_title":"","features":"","ed_cta_examples_text":"","ed_cta_examples_hidden":"","ed_cta_demo_text":"","ed_cta_demo_hidden":"","why_caption":"","why_editor_title":"","why_editor_text":"","why_team_title":"","why_team_text":"","why_service_title":"","why_service_text":"","template_catalog_visible":"","template_catalog_title":"","template_catalog_text":"","template_catalog_categories_visible":"","demo_title":"Erstellen Sie Ihr Jobboard-Plugin","demo_caption":"Konfigurieren Sie Ihre Jobb\u00f6rse und f\u00fcgen Sie sie kostenlos zu Ihrer jQuery-Website hinzu!","default_faq_hidden":"","app_template_category":[],"platform":"258","template_public_id":"","codecanyon_url":"","codecanyon_item_id":"","codecanyon_price":"","pricing_caption":"","pricing_elfsight_apps_hide_column":"","pricing_elfsight_apps_url":"","pricing_codecanyon_price_caption":"","integration_category":[],"integration_request_title":"","integration_request_cta":"","integration_platform":"","integrations":[],"platform_category":[],"video_schema_markup":"","price":"ab 0 $ \/ Monat","trial":"","benefits":[{"text":"Kostenlose Installationshilfe"},{"text":"Erfahrener Kundensupport"},{"text":"14-t\u00e4gige Geld-zur\u00fcck-Garantie"},{"text":"Fortlaufende Entwicklung"}],"button_url":"#demo","button_target_blank":"","button_nofollow":"","attributes":[{"name":"Installiert","content":"10,000 - 100,000"},{"name":"Reaktionsfreudig","content":"Ja"},{"name":"Kompatible Browser","content":"Firefox, Safari, Opera, Chrome, Edge"}],"tags":[],"tags_disable_links":"","hide_more_platforms":"","video_object":"","demo_hide_cta":"","demo_hide_cloud_options":"","pricing_title":"","pricing":[{"pricing_icon":"platform","pricing_title":"Elfsight Apps","pricing_title_caption":"Plattformunabh\u00e4ngige Version","pricing_price":"ab 0 $ \/ Monat","pricing_price_caption":"Beginnen Sie mit einem kostenlosen Plan","pricing_benefits":[{"text":"Unbegrenzte Websites"},{"text":"Schneller Kundensupport und gut dokumentiert"},{"text":"Kostenlose Installationshilfe"},{"text":"Flexibles Design"}],"pricing_button_text":"Zur Website hinzuf\u00fcgen","pricing_button_url":"#demo"}],"related_apps_title":"","related_apps_hidden":"","author":"","image":[],"title":"","job":"","social_networks":[]},"_links":{"self":[{"href":"https:\/\/elfsight.com\/de\/wp-json\/wp\/v2\/pages\/20710","targetHints":{"allow":["GET"]}}],"collection":[{"href":"https:\/\/elfsight.com\/de\/wp-json\/wp\/v2\/pages"}],"about":[{"href":"https:\/\/elfsight.com\/de\/wp-json\/wp\/v2\/types\/page"}],"author":[{"embeddable":true,"href":"https:\/\/elfsight.com\/de\/wp-json\/wp\/v2\/users\/9"}],"replies":[{"embeddable":true,"href":"https:\/\/elfsight.com\/de\/wp-json\/wp\/v2\/comments?post=20710"}],"version-history":[{"count":1,"href":"https:\/\/elfsight.com\/de\/wp-json\/wp\/v2\/pages\/20710\/revisions"}],"predecessor-version":[{"id":20714,"href":"https:\/\/elfsight.com\/de\/wp-json\/wp\/v2\/pages\/20710\/revisions\/20714"}],"up":[{"embeddable":true,"href":"https:\/\/elfsight.com\/de\/wp-json\/wp\/v2\/pages\/3996"}],"wp:attachment":[{"href":"https:\/\/elfsight.com\/de\/wp-json\/wp\/v2\/media?parent=20710"}],"curies":[{"name":"wp","href":"https:\/\/api.w.org\/{rel}","templated":true}]}}