{"id":20708,"date":"2024-05-03T06:40:10","date_gmt":"2024-05-03T06:40:10","guid":{"rendered":"https:\/\/elfsight.com\/de\/?page_id=20708"},"modified":"2025-07-08T10:52:30","modified_gmt":"2025-07-08T10:52:30","slug":"iframe","status":"publish","type":"page","link":"https:\/\/elfsight.com\/de\/job-board-widget\/iframe\/","title":{"rendered":"Job Board &#8211; iFrame"},"content":{"rendered":"<div class=\"application-platform-content-item-description application-platform-content-item\" id=\"description\" data-nav-section=\"description\"> <h2>Jobboard mit dem Elfsight-Widget in iFrame einbetten<\/h2> <p>Das Jobboard f\u00fcr iFrame ist ein auff\u00e4lliges Widget, mit dem Sie ver\u00f6ffentlichen k\u00f6nnen \u00d6ffnen Sie offene Stellen und sammeln Sie Lebensl\u00e4ufe von Kandidaten direkt auf Ihrer Website \u2013 auf die leicht zug\u00e4ngliche Art und Weise. Mit unserem neuen Widget k\u00f6nnen Sie \u00fcber Ihr Unternehmen berichten, Informationen zu Stellenangeboten ver\u00f6ffentlichen und Lebensl\u00e4ufe sammeln. Das Widget bietet Ihnen die M\u00f6glichkeit, eine Jobkarte mit einer genauen Darstellung und der Schaltfl\u00e4che \u201eBewerben\u201c zu erstellen. Durch die Bewerbung auf der Jobb\u00f6rse k\u00f6nnen Sie den Rekrutierungsprozess vereinfachen und die Antworten auf Stellenangebote mit einem Klick erhalten. <\/p> <p><b>Formulieren Sie ganz einfach die verlockendsten Stellenbeschreibungen und Handlungsaufforderungen, um mehr potenzielle Mitarbeiter zur Zusammenarbeit mit Ihnen zu bewegen<\/b><\/p> <\/div> <div class=\"application-platform-content-item-features  application-platform-content-item\" id=\"features \" data-nav-section=\"features \"> <h2>Sehen Sie sich die Liste der besten Funktionen an: <\/h2> <ul><li>F\u00fcgen Sie einen Bewerbungslink hinzu, um Website-Benutzer auf die Seite mit Lebensl\u00e4ufen zu leiten<\/li><li>Pr\u00e4sentieren Sie Stellenausschreibungen m\u00f6glichst detailliert So<\/li><li>Die Anzahl der Jobs, die Sie hinzuf\u00fcgen k\u00f6nnen, ist unbegrenzt<\/li><li>F\u00fcgen Sie zahlreiche Details zum Job hinzu: Gehalt, erforderliche F\u00e4higkeiten und Berufsbezeichnung<\/li><li>Hinterlassen Sie Kontaktdaten: Standort, Abteilung und der Name Ihres Unternehmens<\/li><\/ul><p><a href=\"#demo\">Sie k\u00f6nnen die vollst\u00e4ndigen Funktionen des Widgets in der Demo auf dieser Seite testen<\/a><\/p> <\/div> <div class=\"application-platform-content-item-installation application-platform-content-item\" id=\"installation\" data-nav-section=\"installation\"> <h2>Wie kann ich eine Jobb\u00f6rse in meine iFrame-Website einbetten? <\/h2> <p>Befolgen Sie einfach die folgenden Richtlinien, um das Widget einzubetten. <\/p> <ol><li><b>Starten Sie unseren kostenlosen Konfigurator und beginnen Sie mit der Erstellung Ihres ma\u00dfgeschneiderten Instruments. <\/b><br> W\u00e4hlen Sie das benutzerdefinierte Design und die Aspekte des Plugins aus und \u00fcbernehmen Sie die \u00c4nderungen. <\/li> <li><b>Erhalten Sie Ihren pers\u00f6nlichen Code, der im Fenster von Elfsight Apps angezeigt wird. <\/b><br> Kopieren Sie unmittelbar nach Abschluss der Anpassung Ihres Widgets den exklusiven Code aus dem angezeigten Feld und bewahren Sie ihn zur weiteren Verwendung auf. <\/li> <li><b>Beginnen Sie mit der Verwendung des Tools auf der iFrame-Webseite. <\/b><br> Geben Sie den Code, den Sie zuvor kopiert haben, auf Ihrer Seite ein und \u00fcbernehmen Sie die Anpassungen. <\/li> <li><b>Du bist fertig! Die Einbettung ist erfolgreich abgeschlossen. <\/b><br> Gehen Sie zu Ihrer Seite, um in Aktion zu sehen, wie das Widget funktioniert. <\/li><\/ol> <p>Wenn Sie auf Schwierigkeiten sto\u00dfen, wenden Sie sich bitte an unsere Kundendienstmitarbeiter. Unsere Berater beantworten gerne alle Fragen, die Sie zum Produkt haben. <\/p> <div class=\"faq\" data-component=\"FAQ\"><div class=\"faq-item\">\r\n\t\t\t\t\t<div class=\"faq-item-question\">\r\n\t\t\t\t\t\t<h3 class=\"faq-item-question-text\">Gibt es eine Methode zum Einbetten einer Jobb\u00f6rse in meine iFrame-Website ohne Codierung?<\/h3>\r\n\r\n\t\t\t\t\t\t<div class=\"faq-item-question-icon\"><\/div>\r\n\t\t\t\t\t<\/div>\r\n\r\n\t\t\t\t\t<div class=\"faq-item-answer\">\r\n\t\t\t\t\t\t<div class=\"faq-item-answer-text\"> <p>Elfsight bietet eine SaaS-L\u00f6sung, mit der Websitebesitzer selbst ein Jobboard-Plugin erstellen k\u00f6nnen. Entdecken Sie die einfachen Schritte: Gehen Sie zur Online-Demo, um ein Jobboard-Widget zu erstellen, das Sie auf der iFrame-Homepage einbetten m\u00f6chten. W\u00e4hlen Sie eine unserer vorgefertigten Vorlagen und \u00e4ndern Sie die Jobboard-Einstellungen, das Layout und die Farbschemata einschlie\u00dflich Ihrer Inhalte, ohne Programmierkenntnisse. Speichern Sie die Jobb\u00f6rse und kopieren Sie den Installationscode des Widgets, den Sie m\u00fchelos und kostenlos in Ihre iFrame-Homepage integrieren k\u00f6nnen. Mit Hilfe des benutzerfreundlichen Konfigurators kann jeder Webbenutzer ein Jobboard-Widget erstellen und es m\u00fchelos zur iFrame-Website hinzuf\u00fcgen. Sie sollten keinen kostenpflichtigen Plan abschlie\u00dfen oder Ihre Kartendaten einreichen, um den Elfsight-Dienst in Anspruch zu nehmen. Wenn Sie bei irgendeinem Schritt auf Probleme sto\u00dfen, z\u00f6gern Sie nicht, sich an unser Support-Team zu wenden.<\/p> <\/div>\r\n\t\t\t\t\t<\/div>\r\n\t\t\t\t<\/div> <\/div><\/div>","protected":false},"excerpt":{"rendered":"","protected":false},"author":9,"featured_media":0,"parent":3996,"menu_order":0,"comment_status":"closed","ping_status":"closed","template":"templates\/template-application-platform.php","meta":{"publish_to_discourse":"","publish_post_category":"","wpdc_auto_publish_overridden":"","wpdc_topic_tags":"","wpdc_pin_topic":"","wpdc_pin_until":"","discourse_post_id":"","discourse_permalink":"","wpdc_publishing_response":"","wpdc_publishing_error":"","footnotes":""},"class_list":["post-20708","page","type-page","status-publish","hentry"],"yoast_head":"<!-- This site is optimized with the Yoast SEO plugin v25.3.1 - https:\/\/yoast.com\/wordpress\/plugins\/seo\/ -->\n<title>iFrame Job Board-Widget \u2013 Stellenangebote zu iFrame hinzuf\u00fcgen (2025)<\/title>\n<meta name=\"description\" content=\"F\u00fcgen Sie Ihrer iFrame-Site ein responsives Jobb\u00f6rsen-Widget hinzu und lassen Sie Ihre potenziellen Arbeitskr\u00e4fte die offenen Stellen erkunden!\" \/>\n<meta name=\"robots\" content=\"index, follow, max-snippet:-1, max-image-preview:large, max-video-preview:-1\" \/>\n<link rel=\"canonical\" href=\"https:\/\/elfsight.com\/de\/job-board-widget\/iframe\/\" \/>\n<meta property=\"og:locale\" content=\"de_DE\" \/>\n<meta property=\"og:type\" content=\"article\" \/>\n<meta property=\"og:title\" content=\"iFrame Job Board-Widget \u2013 Stellenangebote zu iFrame hinzuf\u00fcgen (2025)\" \/>\n<meta property=\"og:description\" content=\"F\u00fcgen Sie Ihrer iFrame-Site ein responsives Jobb\u00f6rsen-Widget hinzu und lassen Sie Ihre potenziellen Arbeitskr\u00e4fte die offenen Stellen erkunden!\" \/>\n<meta property=\"og:url\" content=\"https:\/\/elfsight.com\/de\/job-board-widget\/iframe\/\" \/>\n<meta property=\"og:site_name\" content=\"Elfsight DE\" \/>\n<meta property=\"article:modified_time\" content=\"2025-07-08T10:52:30+00:00\" \/>\n<meta name=\"twitter:card\" content=\"summary_large_image\" \/>\n<meta name=\"twitter:label1\" content=\"Gesch\u00e4tzte Lesezeit\" \/>\n\t<meta name=\"twitter:data1\" content=\"3\u00a0Minuten\" \/>\n<!-- \/ Yoast SEO plugin. -->","yoast_head_json":{"title":"iFrame Job Board-Widget \u2013 Stellenangebote zu iFrame hinzuf\u00fcgen (2025)","description":"F\u00fcgen Sie Ihrer iFrame-Site ein responsives Jobb\u00f6rsen-Widget hinzu und lassen Sie Ihre potenziellen Arbeitskr\u00e4fte die offenen Stellen erkunden!","robots":{"index":"index","follow":"follow","max-snippet":"max-snippet:-1","max-image-preview":"max-image-preview:large","max-video-preview":"max-video-preview:-1"},"canonical":"https:\/\/elfsight.com\/de\/job-board-widget\/iframe\/","og_locale":"de_DE","og_type":"article","og_title":"iFrame Job Board-Widget \u2013 Stellenangebote zu iFrame hinzuf\u00fcgen (2025)","og_description":"F\u00fcgen Sie Ihrer iFrame-Site ein responsives Jobb\u00f6rsen-Widget hinzu und lassen Sie Ihre potenziellen Arbeitskr\u00e4fte die offenen Stellen erkunden!","og_url":"https:\/\/elfsight.com\/de\/job-board-widget\/iframe\/","og_site_name":"Elfsight DE","article_modified_time":"2025-07-08T10:52:30+00:00","twitter_card":"summary_large_image","twitter_misc":{"Gesch\u00e4tzte Lesezeit":"3\u00a0Minuten"},"schema":{"@context":"https:\/\/schema.org","@graph":[{"@type":"WebPage","@id":"https:\/\/elfsight.com\/de\/job-board-widget\/iframe\/","url":"https:\/\/elfsight.com\/de\/job-board-widget\/iframe\/","name":"iFrame Job Board-Widget \u2013 Stellenangebote zu iFrame hinzuf\u00fcgen (2025)","isPartOf":{"@id":"https:\/\/elfsight.com\/de\/#website"},"datePublished":"2024-05-03T06:40:10+00:00","dateModified":"2025-07-08T10:52:30+00:00","description":"F\u00fcgen Sie Ihrer iFrame-Site ein responsives Jobb\u00f6rsen-Widget hinzu und lassen Sie Ihre potenziellen Arbeitskr\u00e4fte die offenen Stellen erkunden!","breadcrumb":{"@id":"https:\/\/elfsight.com\/de\/job-board-widget\/iframe\/#breadcrumb"},"inLanguage":"de","potentialAction":[{"@type":"ReadAction","target":["https:\/\/elfsight.com\/de\/job-board-widget\/iframe\/"]}]},{"@type":"BreadcrumbList","@id":"https:\/\/elfsight.com\/de\/job-board-widget\/iframe\/#breadcrumb","itemListElement":[{"@type":"ListItem","position":1,"name":"Home","item":"https:\/\/elfsight.com\/de\/"},{"@type":"ListItem","position":2,"name":"Job Board","item":"https:\/\/elfsight.com\/de\/job-board-widget\/"},{"@type":"ListItem","position":3,"name":"Job Board &#8211; iFrame"}]},{"@type":"WebSite","@id":"https:\/\/elfsight.com\/de\/#website","url":"https:\/\/elfsight.com\/de\/","name":"Elfsight DE","description":"Just another Elfsight Sites site","potentialAction":[{"@type":"SearchAction","target":{"@type":"EntryPoint","urlTemplate":"https:\/\/elfsight.com\/de\/?s={search_term_string}"},"query-input":{"@type":"PropertyValueSpecification","valueRequired":true,"valueName":"search_term_string"}}],"inLanguage":"de"}]}},"meta_box":{"industry":"","seo_heading":"","heading":"","description":"","cta_heading":"","cta_description":"","application":"3995","h1":"iFrame-Jobboard-Widget","h1_caption":"Erstellen Sie eine Jobb\u00f6rse zur Auflistung offener Stellen auf Ihrer Website und locken Sie potenzielle Kandidaten ganz einfach auf Ihre iFrame-Website.","application_category":[],"applications_title":"","applications_request_title":"","applications_request_button_text":"","hero_text":"","hero_video":"","hero_video_schema_markup":"","selling_points_title":"","selling_points_caption":"","selling_points":[],"selling_points_cta_text":"","features_title":"","features":"","ed_cta_examples_text":"","ed_cta_examples_hidden":"","ed_cta_demo_text":"","ed_cta_demo_hidden":"","why_caption":"","why_editor_title":"","why_editor_text":"","why_team_title":"","why_team_text":"","why_service_title":"","why_service_text":"","template_catalog_visible":"","template_catalog_title":"","template_catalog_text":"","template_catalog_categories_visible":"","demo_title":"Erstellen Sie Ihr Jobboard-Widget","demo_caption":"Konfigurieren Sie Ihre Jobb\u00f6rse und f\u00fcgen Sie sie kostenlos zu Ihrer iFrame-Website hinzu!","default_faq_hidden":"","app_template_category":[],"platform":"240","template_public_id":"","codecanyon_url":"","codecanyon_item_id":"","codecanyon_price":"","pricing_caption":"","pricing_elfsight_apps_hide_column":"","pricing_elfsight_apps_url":"","pricing_codecanyon_price_caption":"","integration_category":[],"integration_request_title":"","integration_request_cta":"","integration_platform":"","integrations":[],"platform_category":[],"video_schema_markup":"","price":"ab 0 $ \/ Monat","trial":"","benefits":[{"text":"Kostenlose Installationshilfe"},{"text":"Premium-Support"},{"text":"14-t\u00e4gige Geld-zur\u00fcck-Garantie"},{"text":"Fortlaufende Entwicklung"}],"button_url":"#demo","button_target_blank":"","button_nofollow":"","attributes":[{"name":"Installiert","content":"10,000 - 100,000"},{"name":"Reaktionsfreudig","content":"Ja"},{"name":"Kompatible Browser","content":"Firefox, Safari, Opera, Chrome, Edge"}],"tags":[],"tags_disable_links":"","hide_more_platforms":"","video_object":"","demo_hide_cta":"","demo_hide_cloud_options":"","pricing_title":"","pricing":[{"pricing_icon":"platform","pricing_title":"Elfsight Apps","pricing_title_caption":"Plattform\u00fcbergreifende Version, die f\u00fcr jede Website geeignet ist","pricing_price":"ab 0 $ \/ Monat","pricing_price_caption":"Beginnen Sie mit einem kostenlosen Plan","pricing_benefits":[{"text":"Unbegrenzte Domains"},{"text":"Premium-Kundensupport"},{"text":"Kostenloser Installationssupport"},{"text":"Vollst\u00e4ndig anpassbar"}],"pricing_button_text":"Zur Website hinzuf\u00fcgen","pricing_button_url":"#demo"}],"related_apps_title":"","related_apps_hidden":"","author":"","image":[],"title":"","job":"","social_networks":[]},"_links":{"self":[{"href":"https:\/\/elfsight.com\/de\/wp-json\/wp\/v2\/pages\/20708","targetHints":{"allow":["GET"]}}],"collection":[{"href":"https:\/\/elfsight.com\/de\/wp-json\/wp\/v2\/pages"}],"about":[{"href":"https:\/\/elfsight.com\/de\/wp-json\/wp\/v2\/types\/page"}],"author":[{"embeddable":true,"href":"https:\/\/elfsight.com\/de\/wp-json\/wp\/v2\/users\/9"}],"replies":[{"embeddable":true,"href":"https:\/\/elfsight.com\/de\/wp-json\/wp\/v2\/comments?post=20708"}],"version-history":[{"count":1,"href":"https:\/\/elfsight.com\/de\/wp-json\/wp\/v2\/pages\/20708\/revisions"}],"predecessor-version":[{"id":20712,"href":"https:\/\/elfsight.com\/de\/wp-json\/wp\/v2\/pages\/20708\/revisions\/20712"}],"up":[{"embeddable":true,"href":"https:\/\/elfsight.com\/de\/wp-json\/wp\/v2\/pages\/3996"}],"wp:attachment":[{"href":"https:\/\/elfsight.com\/de\/wp-json\/wp\/v2\/media?parent=20708"}],"curies":[{"name":"wp","href":"https:\/\/api.w.org\/{rel}","templated":true}]}}