{"id":20702,"date":"2024-05-03T06:40:08","date_gmt":"2024-05-03T06:40:08","guid":{"rendered":"https:\/\/elfsight.com\/de\/?page_id=20702"},"modified":"2025-02-21T09:34:26","modified_gmt":"2025-02-21T09:34:26","slug":"html","status":"publish","type":"page","link":"https:\/\/elfsight.com\/de\/job-board-widget\/html\/","title":{"rendered":"Job Board &#8211; HTML"},"content":{"rendered":"\n<div class=\"application-platform-content-item-description application-platform-content-item\" id=\"description\" data-nav-section=\"description\"> <h2>Beschreibung<\/h2> <p>Unsere Jobb\u00f6rse f\u00fcr HTML ist ein bemerkenswertes Widget, das Ihnen die M\u00f6glichkeit gibt, offene Stellen zu ver\u00f6ffentlichen und Lebensl\u00e4ufe zu erhalten Kandidaten auf Ihrer Website so zug\u00e4nglich wie m\u00f6glich zu pr\u00e4sentieren. Mit unserem neuen Tool k\u00f6nnen Sie Informationen \u00fcber Ihr Unternehmen preisgeben, Informationen zu Stellenangeboten ver\u00f6ffentlichen und Lebensl\u00e4ufe sammeln. Das Widget bietet Ihnen die M\u00f6glichkeit, eine Jobkarte mit einer detaillierten Darstellung und der Schaltfl\u00e4che \u201eBewerben\u201c zu erstellen. Durch die Nutzung des Elfsight Job Boards k\u00f6nnen Sie den Rekrutierungsprozess optimieren und in 1-2-3 Sekunden Antworten auf Stellenausschreibungen erhalten! <\/p> <p><b>Erstellen Sie schnell die attraktivsten Stellenbeschreibungen und CTA-Buttons, um mehr potenzielle Mitarbeiter zur Zusammenarbeit mit Ihnen zu inspirieren<\/b><\/p> <\/div> <div class=\"application-platform-content-item-features application-platform-content-item\" id=\"features\" data-nav-section=\"features\"> <h2>Sehen Sie sich die Liste der wichtigsten Funktionen an: <\/h2> <ul><li>Erstellen Sie einen Bewerbungslink, um Website-Benutzer auf die Seite zu leiten, auf der Lebensl\u00e4ufe gesammelt werden<\/li><li>Stellen Sie offene Stellen auf die ansprechendste Art und Weise dar<\/li><li>Die Anzahl der Jobkarten, die Sie hinzuf\u00fcgen k\u00f6nnen, ist unbegrenzt<\/li><li>F\u00fcgen Sie zahlreiche Details zum Job hinzu: Gehalt, erforderliche F\u00e4higkeiten und Berufsbezeichnung<\/li><li>Hinterlassen Sie Kontaktinformationen: der Name Ihres Unternehmens, Name, Standort und Abteilung<\/li><\/ul><p><a href=\"#demo\">Entdecken Sie alle Personalisierungsfunktionen in einer Demo mit vollem Funktionsumfang<\/a><\/p> <\/div> <div class=\"application-platform-content-item-installation application-platform-content-item\" id=\"installation\" data-nav-section=\"installation\"> <h2>Wie kann ich meiner HTML-Website eine Jobb\u00f6rse hinzuf\u00fcgen? <\/h2> <p>Befolgen Sie einfach die unten beschriebenen Schritte, um das Tool zu integrieren. <\/p> <ol><li><b>Starten Sie unseren kostenlosen Konfigurator und beginnen Sie mit der Erstellung Ihres personalisierten Widgets. <\/b><br> Geben Sie das gew\u00fcnschte Aussehen und die Funktionsmerkmale des Werkzeugs an und \u00fcbernehmen Sie die \u00c4nderungen. <\/li> <li><b>Erhalten Sie Ihren pers\u00f6nlichen Code im speziellen Formular auf Elfsight Apps. <\/b><br> Kopieren Sie direkt nach der Einrichtung Ihres pers\u00f6nlichen Tools den pers\u00f6nlichen Code aus dem erscheinenden Feld und speichern Sie ihn f\u00fcr die sp\u00e4tere Verwendung. <\/li> <li><b>Erste Schritte mit der Verwendung des Widgets auf Ihrer HTML-Website. <\/b><br> Integrieren Sie den zuvor gespeicherten Code in Ihre Homepage und \u00fcbernehmen Sie die \u00c4nderungen. <\/li> <li><b>Du bist fertig! Die Einbettung wurde erfolgreich beendet. <\/b><br> Besuchen Sie Ihre Website, um die Leistung des Plugins zu \u00fcberpr\u00fcfen. <\/li><\/ol> <p>Wenn Sie Fragen haben oder auf Probleme sto\u00dfen, z\u00f6gern Sie nicht, sich an unsere Kundendienstmitarbeiter zu wenden. Unsere Spezialisten helfen Ihnen gerne bei allen Fragen rund um das Produkt weiter. <\/p> <div class=\"faq\" data-component=\"FAQ\"><div class=\"faq-item\">\r\n\t\t\t\t\t<div class=\"faq-item-question\">\r\n\t\t\t\t\t\t<h3 class=\"faq-item-question-text\">Gibt es eine M\u00f6glichkeit, ohne Programmierkenntnisse eine Jobb\u00f6rse zu meiner HTML-Webseite hinzuzuf\u00fcgen?<\/h3>\r\n\r\n\t\t\t\t\t\t<div class=\"faq-item-question-icon\"><\/div>\r\n\t\t\t\t\t<\/div>\r\n\r\n\t\t\t\t\t<div class=\"faq-item-answer\">\r\n\t\t\t\t\t\t<div class=\"faq-item-answer-text\"> <p>Elfsight bietet eine Cloud-L\u00f6sung, die es Benutzern aus einem Jobb\u00f6rsenbereich selbst erm\u00f6glicht, Erfahren Sie, wie unkompliziert der Prozess ist: Beginnen Sie direkt in der Live-Demo mit der Erstellung eines Jobboard-Plugins, das Sie in Ihre HTML-Webseite einbetten m\u00f6chten. W\u00e4hlen Sie eine unserer vorgefertigten Vorlagen und passen Sie die Jobboard-Einstellungen an, \u00e4ndern Sie das Layout und die Farbe der Elemente und aktualisieren Sie Ihre Inhalte \u2013 ganz ohne Programmieraufwand. Speichern Sie die Jobb\u00f6rse und holen Sie sich den Installationscode des Plugins, der einfach und kostenlos in die HTML-Webseite eingebunden werden kann. Mit unserem intuitiven Editor kann jeder Internetnutzer einen Jobb\u00f6rsenbereich erstellen und ihn einfach in die HTML-Startseite einf\u00fcgen. Sie m\u00fcssen nicht bezahlen oder Ihre Kartendaten eingeben, um den Elfsight-Dienst in Anspruch zu nehmen. Wenn Sie auf Probleme jeglicher Art sto\u00dfen, z\u00f6gern Sie bitte nicht, sich an unser Support-Team zu wenden.<\/p> <\/div>\r\n\t\t\t\t\t<\/div>\r\n\t\t\t\t<\/div> <\/div><\/div><!-- \/wp:html - &gt; \/wp:html -->\n","protected":false},"excerpt":{"rendered":"","protected":false},"author":9,"featured_media":0,"parent":3996,"menu_order":0,"comment_status":"closed","ping_status":"closed","template":"templates\/template-application-platform.php","meta":{"publish_to_discourse":"","publish_post_category":"","wpdc_auto_publish_overridden":"","wpdc_topic_tags":"","wpdc_pin_topic":"","wpdc_pin_until":"","discourse_post_id":"","discourse_permalink":"","wpdc_publishing_response":"","wpdc_publishing_error":"","footnotes":""},"class_list":["post-20702","page","type-page","status-publish","hentry"],"yoast_head":"<!-- This site is optimized with the Yoast SEO plugin v25.3.1 - https:\/\/yoast.com\/wordpress\/plugins\/seo\/ -->\n<title>HTML-Jobboard-Widget \u2013 Stellenangebote zu HTML hinzuf\u00fcgen (2025)<\/title>\n<meta name=\"description\" content=\"F\u00fcgen Sie Ihrer HTML-Website ein responsives Jobboard-Widget hinzu und lassen Sie Ihre potenziellen Arbeitskr\u00e4fte nach offenen Stellen suchen!\" \/>\n<meta name=\"robots\" content=\"index, follow, max-snippet:-1, max-image-preview:large, max-video-preview:-1\" \/>\n<link rel=\"canonical\" href=\"https:\/\/elfsight.com\/de\/job-board-widget\/html\/\" \/>\n<meta property=\"og:locale\" content=\"de_DE\" \/>\n<meta property=\"og:type\" content=\"article\" \/>\n<meta property=\"og:title\" content=\"HTML-Jobboard-Widget \u2013 Stellenangebote zu HTML hinzuf\u00fcgen (2025)\" \/>\n<meta property=\"og:description\" content=\"F\u00fcgen Sie Ihrer HTML-Website ein responsives Jobboard-Widget hinzu und lassen Sie Ihre potenziellen Arbeitskr\u00e4fte nach offenen Stellen suchen!\" \/>\n<meta property=\"og:url\" content=\"https:\/\/elfsight.com\/de\/job-board-widget\/html\/\" \/>\n<meta property=\"og:site_name\" content=\"Elfsight DE\" \/>\n<meta property=\"article:modified_time\" content=\"2025-02-21T09:34:26+00:00\" \/>\n<meta name=\"twitter:card\" content=\"summary_large_image\" \/>\n<meta name=\"twitter:label1\" content=\"Gesch\u00e4tzte Lesezeit\" \/>\n\t<meta name=\"twitter:data1\" content=\"3\u00a0Minuten\" \/>\n<!-- \/ Yoast SEO plugin. -->","yoast_head_json":{"title":"HTML-Jobboard-Widget \u2013 Stellenangebote zu HTML hinzuf\u00fcgen (2025)","description":"F\u00fcgen Sie Ihrer HTML-Website ein responsives Jobboard-Widget hinzu und lassen Sie Ihre potenziellen Arbeitskr\u00e4fte nach offenen Stellen suchen!","robots":{"index":"index","follow":"follow","max-snippet":"max-snippet:-1","max-image-preview":"max-image-preview:large","max-video-preview":"max-video-preview:-1"},"canonical":"https:\/\/elfsight.com\/de\/job-board-widget\/html\/","og_locale":"de_DE","og_type":"article","og_title":"HTML-Jobboard-Widget \u2013 Stellenangebote zu HTML hinzuf\u00fcgen (2025)","og_description":"F\u00fcgen Sie Ihrer HTML-Website ein responsives Jobboard-Widget hinzu und lassen Sie Ihre potenziellen Arbeitskr\u00e4fte nach offenen Stellen suchen!","og_url":"https:\/\/elfsight.com\/de\/job-board-widget\/html\/","og_site_name":"Elfsight DE","article_modified_time":"2025-02-21T09:34:26+00:00","twitter_card":"summary_large_image","twitter_misc":{"Gesch\u00e4tzte Lesezeit":"3\u00a0Minuten"},"schema":{"@context":"https:\/\/schema.org","@graph":[{"@type":"WebPage","@id":"https:\/\/elfsight.com\/de\/job-board-widget\/html\/","url":"https:\/\/elfsight.com\/de\/job-board-widget\/html\/","name":"HTML-Jobboard-Widget \u2013 Stellenangebote zu HTML hinzuf\u00fcgen (2025)","isPartOf":{"@id":"https:\/\/elfsight.com\/de\/#website"},"datePublished":"2024-05-03T06:40:08+00:00","dateModified":"2025-02-21T09:34:26+00:00","description":"F\u00fcgen Sie Ihrer HTML-Website ein responsives Jobboard-Widget hinzu und lassen Sie Ihre potenziellen Arbeitskr\u00e4fte nach offenen Stellen suchen!","breadcrumb":{"@id":"https:\/\/elfsight.com\/de\/job-board-widget\/html\/#breadcrumb"},"inLanguage":"de","potentialAction":[{"@type":"ReadAction","target":["https:\/\/elfsight.com\/de\/job-board-widget\/html\/"]}]},{"@type":"BreadcrumbList","@id":"https:\/\/elfsight.com\/de\/job-board-widget\/html\/#breadcrumb","itemListElement":[{"@type":"ListItem","position":1,"name":"Home","item":"https:\/\/elfsight.com\/de\/"},{"@type":"ListItem","position":2,"name":"Job Board","item":"https:\/\/elfsight.com\/de\/job-board-widget\/"},{"@type":"ListItem","position":3,"name":"Job Board &#8211; HTML"}]},{"@type":"WebSite","@id":"https:\/\/elfsight.com\/de\/#website","url":"https:\/\/elfsight.com\/de\/","name":"Elfsight DE","description":"Just another Elfsight Sites site","potentialAction":[{"@type":"SearchAction","target":{"@type":"EntryPoint","urlTemplate":"https:\/\/elfsight.com\/de\/?s={search_term_string}"},"query-input":{"@type":"PropertyValueSpecification","valueRequired":true,"valueName":"search_term_string"}}],"inLanguage":"de"}]}},"meta_box":{"industry":"","seo_heading":"","heading":"","description":"","cta_heading":"","cta_description":"","application":"3995","h1":"HTML-Jobboard-Widget","h1_caption":"Erstellen Sie eine Jobb\u00f6rse zur Auflistung offener Stellen auf Ihrer Website und locken Sie potenzielle Kandidaten m\u00fchelos in Ihre HTML-Website.","application_category":[],"applications_title":"","applications_request_title":"","applications_request_button_text":"","hero_text":"","hero_video":"","hero_video_schema_markup":"","selling_points_title":"","selling_points_caption":"","selling_points":[],"selling_points_cta_text":"","features_title":"","features":"","ed_cta_examples_text":"","ed_cta_examples_hidden":"","ed_cta_demo_text":"","ed_cta_demo_hidden":"","why_caption":"","why_editor_title":"","why_editor_text":"","why_team_title":"","why_team_text":"","why_service_title":"","why_service_text":"","template_catalog_visible":"0","template_catalog_title":"","template_catalog_text":"","template_catalog_categories_visible":"","demo_title":"Erstellen Sie Ihr Jobboard-Widget","demo_caption":"Konfigurieren Sie Ihre Jobb\u00f6rse und f\u00fcgen Sie sie kostenlos zu Ihrer HTML-Website hinzu!","default_faq_hidden":"","app_template_category":[],"platform":"260","template_public_id":"","codecanyon_url":"","codecanyon_item_id":"","codecanyon_price":"","pricing_caption":"","pricing_elfsight_apps_hide_column":"","pricing_elfsight_apps_url":"","pricing_codecanyon_price_caption":"","integration_category":[],"integration_request_title":"","integration_request_cta":"","integration_platform":"","integrations":[],"platform_category":[],"video_schema_markup":"","price":"ab 0 $ \/ Monat","trial":"","benefits":[{"text":"Kostenlose Installationshilfe"},{"text":"Erfahrener Kundensupport"},{"text":"14-t\u00e4gige R\u00fcckerstattungsgarantie"},{"text":"Fortlaufende Entwicklung"}],"button_url":"#demo","button_target_blank":"0","button_nofollow":"0","attributes":[{"name":"Installiert","content":"10,000 - 100,000"},{"name":"Reaktionsfreudig","content":"Ja"},{"name":"Kompatible Browser","content":"Firefox, Safari, Opera, Chrome, Edge"}],"tags":[],"tags_disable_links":"0","hide_more_platforms":"0","video_object":"","demo_hide_cta":"0","demo_hide_cloud_options":"0","pricing_title":"","pricing":[{"pricing_icon":"platform","pricing_title":"Elfsight Apps","pricing_title_caption":"Multiplattform-L\u00f6sung, die f\u00fcr jede Website geeignet ist","pricing_price":"ab 0 $ \/ Monat","pricing_price_caption":"Beginnen Sie mit einem kostenlosen Plan","pricing_benefits":[{"text":"Unbegrenzte Websites"},{"text":"Erstklassiger und p\u00fcnktlicher Support und gut dokumentiert"},{"text":"Kostenloser Installationsservice"},{"text":"Flexibles Design"}],"pricing_button_text":"Zur Website hinzuf\u00fcgen","pricing_button_url":"#demo"}],"related_apps_title":"","related_apps_hidden":"0","author":"","image":[],"title":"","job":"","social_networks":[]},"_links":{"self":[{"href":"https:\/\/elfsight.com\/de\/wp-json\/wp\/v2\/pages\/20702","targetHints":{"allow":["GET"]}}],"collection":[{"href":"https:\/\/elfsight.com\/de\/wp-json\/wp\/v2\/pages"}],"about":[{"href":"https:\/\/elfsight.com\/de\/wp-json\/wp\/v2\/types\/page"}],"author":[{"embeddable":true,"href":"https:\/\/elfsight.com\/de\/wp-json\/wp\/v2\/users\/9"}],"replies":[{"embeddable":true,"href":"https:\/\/elfsight.com\/de\/wp-json\/wp\/v2\/comments?post=20702"}],"version-history":[{"count":2,"href":"https:\/\/elfsight.com\/de\/wp-json\/wp\/v2\/pages\/20702\/revisions"}],"predecessor-version":[{"id":24694,"href":"https:\/\/elfsight.com\/de\/wp-json\/wp\/v2\/pages\/20702\/revisions\/24694"}],"up":[{"embeddable":true,"href":"https:\/\/elfsight.com\/de\/wp-json\/wp\/v2\/pages\/3996"}],"wp:attachment":[{"href":"https:\/\/elfsight.com\/de\/wp-json\/wp\/v2\/media?parent=20702"}],"curies":[{"name":"wp","href":"https:\/\/api.w.org\/{rel}","templated":true}]}}