{"id":20700,"date":"2024-05-03T06:40:06","date_gmt":"2024-05-03T06:40:06","guid":{"rendered":"https:\/\/elfsight.com\/de\/?page_id=20700"},"modified":"2025-07-08T10:53:06","modified_gmt":"2025-07-08T10:53:06","slug":"opencart","status":"publish","type":"page","link":"https:\/\/elfsight.com\/de\/job-board-widget\/opencart\/","title":{"rendered":"Job Board &#8211; OpenCart"},"content":{"rendered":"<div class=\"application-platform-content-item-description application-platform-content-item\" id=\"description\" data-nav-section=\"description\"> <h2>Beschreibung<\/h2> <p>Elfsight Job Board f\u00fcr OpenCart ist eine beeindruckende Erweiterung, mit der Sie Stellenangebote ver\u00f6ffentlichen und Lebensl\u00e4ufe von Bewerbern richtig erstellen k\u00f6nnen auf Ihrer Website so zug\u00e4nglich wie m\u00f6glich zu gestalten. Mit unserem neuen Widget k\u00f6nnen Sie Ihr Unternehmen bekannt geben, Informationen zu offenen Stellen ver\u00f6ffentlichen und Lebensl\u00e4ufe erhalten. Mit dem Widget k\u00f6nnen Sie eine Jobkarte mit einer detaillierten Darstellung und der Schaltfl\u00e4che \u201eBewerben\u201c gestalten. Durch die Nutzung des Elfsight Job Board k\u00f6nnen Sie den Rekrutierungsprozess vereinfachen und mit einem Klick Antworten auf Stellenausschreibungen erhalten. <\/p> <p><b>Erstellen Sie ganz einfach die verlockendsten Stellenbeschreibungen und CTA-Buttons, um mehr m\u00f6gliche Mitarbeiter f\u00fcr eine Zusammenarbeit mit Ihnen zu begeistern<\/b><\/p> <\/div> <div class=\"application-platform-content-item-features application-platform-content-item\" id=\"features\" data-nav-section=\"features\"> <h2>Die wichtigsten Funktionen der Erweiterung umfassen<\/h2> <ul><li>Integration eines Bewerbungslinks, um Website-Benutzer auf die Seite zu leiten, auf der Lebensl\u00e4ufe gesammelt werden<\/li><li>Stellenangebote auf faszinierende Weise pr\u00e4sentieren<\/li><li>Die Anzahl der Stellen, die Sie er\u00f6ffnen k\u00f6nnen, ist unbegrenzt<\/li><li>Beschreiben Sie die Stelle ausf\u00fchrlich und erz\u00e4hlen Sie von: Gehalt, Berufsbezeichnung und erforderlichen F\u00e4higkeiten<\/li><li>Erz\u00e4hlen Sie von Ihrem Unternehmen: Abteilung, sein Name, und Ort<\/li><\/ul><p><a href=\"#demo\">Probieren Sie einfach diese Demo aus, um einen vollst\u00e4ndigen \u00dcberblick zu bekommen<\/a><\/p> <\/div> <div class=\"application-platform-content-item-installation application-platform-content-item\" id=\"installation\" data-nav-section=\"installation\"> <h2>Wie kann ich eine Jobb\u00f6rse in meine OpenCart-Site einbetten? <\/h2> <p>Befolgen Sie einfach die unten beschriebenen Schritte, um mit der Verwendung des Tools zu beginnen. <\/p> <ol><li><b>F\u00fchren Sie unseren kostenlosen Editor aus und beginnen Sie mit der Gestaltung Ihrer eigenen Erweiterung. <\/b><br> W\u00e4hlen Sie das ausgew\u00e4hlte Aussehen und die Funktionalit\u00e4t des Tools und speichern Sie die Korrekturen. <\/li> <li><b>Holen Sie sich Ihren einzigartigen Code, der im Fenster von Elfsight Apps angezeigt wird. <\/b><br> Wenn die Einrichtung Ihres pers\u00f6nlichen Tools abgeschlossen ist, kopieren Sie den individuellen Code im erscheinenden Popup und speichern Sie ihn zur sp\u00e4teren Verwendung. <\/li> <li><b>Geben Sie mit dem Tool auf Ihrer OpenCart-Site ein. <\/b><br> F\u00fcgen Sie den zuletzt gespeicherten Code auf Ihrer Seite ein und wenden Sie die Korrekturen an. <\/li> <li><b>Fertig! Das Setup ist vollst\u00e4ndig durchgef\u00fchrt. <\/b><br> Gehen Sie zu Ihrer Webseite, um die Leistung des Tools anzuzeigen. <\/li><\/ol> <p>Wenn Sie Fragen oder Probleme haben, wenden Sie sich bitte an unser Kundendienstteam. Unsere Berater beantworten gerne alle Fragen, die Sie zum Widget haben. <\/p> <div class=\"faq\" data-component=\"FAQ\"><div class=\"faq-item\">\r\n\t\t\t\t\t<div class=\"faq-item-question\">\r\n\t\t\t\t\t\t<h3 class=\"faq-item-question-text\">Wie f\u00fcge ich ohne Programmierkenntnisse eine Jobb\u00f6rse zu meiner OpenCart-Website hinzu?<\/h3>\r\n\r\n\t\t\t\t\t\t<div class=\"faq-item-question-icon\"><\/div>\r\n\t\t\t\t\t<\/div>\r\n\r\n\t\t\t\t\t<div class=\"faq-item-answer\">\r\n\t\t\t\t\t\t<div class=\"faq-item-answer-text\"> <p>Elfsight bietet eine SaaS-L\u00f6sung, mit der Sie selbst ein Jobboard-Widget erstellen k\u00f6nnen. Sehen Sie, wie einfach das ist Der Prozess ist: Arbeiten Sie direkt im Online-Editor, um ein Jobboard-Widget zu erstellen, das Sie auf Ihrer OpenCart-Website sehen m\u00f6chten. W\u00e4hlen Sie eine der vorgefertigten Vorlagen aus und passen Sie die Jobboard-Einstellungen an, f\u00fcgen Sie Ihre Inhalte hinzu, \u00e4ndern Sie das Layout und die Farben ohne Programmierkenntnisse. Speichern Sie die Jobb\u00f6rse und kopieren Sie den Installationscode, den Sie problemlos in Ihre OpenCart-Website einbetten k\u00f6nnen, ohne eine kostenpflichtige Version kaufen zu m\u00fcssen. Mit unserem intuitiven Editor kann jeder Internetnutzer online ein Jobboard-Widget erstellen und es einfach in seine OpenCart-Website einbetten. Sie m\u00fcssen weder bezahlen noch Ihre Kartendaten eingeben, um auf den Service zuzugreifen. Sollten bei irgendeinem Schritt Probleme auftreten, wenden Sie sich bitte an unser technisches Support-Team.<\/p> <\/div>\r\n\t\t\t\t\t<\/div>\r\n\t\t\t\t<\/div> <\/div><\/div>","protected":false},"excerpt":{"rendered":"","protected":false},"author":9,"featured_media":0,"parent":3996,"menu_order":0,"comment_status":"closed","ping_status":"closed","template":"templates\/template-application-platform.php","meta":{"publish_to_discourse":"","publish_post_category":"","wpdc_auto_publish_overridden":"","wpdc_topic_tags":"","wpdc_pin_topic":"","wpdc_pin_until":"","discourse_post_id":"","discourse_permalink":"","wpdc_publishing_response":"","wpdc_publishing_error":"","footnotes":""},"class_list":["post-20700","page","type-page","status-publish","hentry"],"yoast_head":"<!-- This site is optimized with the Yoast SEO plugin v25.3.1 - https:\/\/yoast.com\/wordpress\/plugins\/seo\/ -->\n<title>OpenCart Job Board-Erweiterung \u2013 Stellenangebote zu OpenCart hinzuf\u00fcgen (2025)<\/title>\n<meta name=\"description\" content=\"Betten Sie eine responsive Job-Board-Erweiterung in Ihre OpenCart-Website ein und lassen Sie potenzielle Mitarbeiter die Stellenangebote sehen!\" \/>\n<meta name=\"robots\" content=\"index, follow, max-snippet:-1, max-image-preview:large, max-video-preview:-1\" \/>\n<link rel=\"canonical\" href=\"https:\/\/elfsight.com\/de\/job-board-widget\/opencart\/\" \/>\n<meta property=\"og:locale\" content=\"de_DE\" \/>\n<meta property=\"og:type\" content=\"article\" \/>\n<meta property=\"og:title\" content=\"OpenCart Job Board-Erweiterung \u2013 Stellenangebote zu OpenCart hinzuf\u00fcgen (2025)\" \/>\n<meta property=\"og:description\" content=\"Betten Sie eine responsive Job-Board-Erweiterung in Ihre OpenCart-Website ein und lassen Sie potenzielle Mitarbeiter die Stellenangebote sehen!\" \/>\n<meta property=\"og:url\" content=\"https:\/\/elfsight.com\/de\/job-board-widget\/opencart\/\" \/>\n<meta property=\"og:site_name\" content=\"Elfsight DE\" \/>\n<meta property=\"article:modified_time\" content=\"2025-07-08T10:53:06+00:00\" \/>\n<meta name=\"twitter:card\" content=\"summary_large_image\" \/>\n<meta name=\"twitter:label1\" content=\"Gesch\u00e4tzte Lesezeit\" \/>\n\t<meta name=\"twitter:data1\" content=\"3\u00a0Minuten\" \/>\n<!-- \/ Yoast SEO plugin. -->","yoast_head_json":{"title":"OpenCart Job Board-Erweiterung \u2013 Stellenangebote zu OpenCart hinzuf\u00fcgen (2025)","description":"Betten Sie eine responsive Job-Board-Erweiterung in Ihre OpenCart-Website ein und lassen Sie potenzielle Mitarbeiter die Stellenangebote sehen!","robots":{"index":"index","follow":"follow","max-snippet":"max-snippet:-1","max-image-preview":"max-image-preview:large","max-video-preview":"max-video-preview:-1"},"canonical":"https:\/\/elfsight.com\/de\/job-board-widget\/opencart\/","og_locale":"de_DE","og_type":"article","og_title":"OpenCart Job Board-Erweiterung \u2013 Stellenangebote zu OpenCart hinzuf\u00fcgen (2025)","og_description":"Betten Sie eine responsive Job-Board-Erweiterung in Ihre OpenCart-Website ein und lassen Sie potenzielle Mitarbeiter die Stellenangebote sehen!","og_url":"https:\/\/elfsight.com\/de\/job-board-widget\/opencart\/","og_site_name":"Elfsight DE","article_modified_time":"2025-07-08T10:53:06+00:00","twitter_card":"summary_large_image","twitter_misc":{"Gesch\u00e4tzte Lesezeit":"3\u00a0Minuten"},"schema":{"@context":"https:\/\/schema.org","@graph":[{"@type":"WebPage","@id":"https:\/\/elfsight.com\/de\/job-board-widget\/opencart\/","url":"https:\/\/elfsight.com\/de\/job-board-widget\/opencart\/","name":"OpenCart Job Board-Erweiterung \u2013 Stellenangebote zu OpenCart hinzuf\u00fcgen (2025)","isPartOf":{"@id":"https:\/\/elfsight.com\/de\/#website"},"datePublished":"2024-05-03T06:40:06+00:00","dateModified":"2025-07-08T10:53:06+00:00","description":"Betten Sie eine responsive Job-Board-Erweiterung in Ihre OpenCart-Website ein und lassen Sie potenzielle Mitarbeiter die Stellenangebote sehen!","breadcrumb":{"@id":"https:\/\/elfsight.com\/de\/job-board-widget\/opencart\/#breadcrumb"},"inLanguage":"de","potentialAction":[{"@type":"ReadAction","target":["https:\/\/elfsight.com\/de\/job-board-widget\/opencart\/"]}]},{"@type":"BreadcrumbList","@id":"https:\/\/elfsight.com\/de\/job-board-widget\/opencart\/#breadcrumb","itemListElement":[{"@type":"ListItem","position":1,"name":"Home","item":"https:\/\/elfsight.com\/de\/"},{"@type":"ListItem","position":2,"name":"Job Board","item":"https:\/\/elfsight.com\/de\/job-board-widget\/"},{"@type":"ListItem","position":3,"name":"Job Board &#8211; OpenCart"}]},{"@type":"WebSite","@id":"https:\/\/elfsight.com\/de\/#website","url":"https:\/\/elfsight.com\/de\/","name":"Elfsight DE","description":"Just another Elfsight Sites site","potentialAction":[{"@type":"SearchAction","target":{"@type":"EntryPoint","urlTemplate":"https:\/\/elfsight.com\/de\/?s={search_term_string}"},"query-input":{"@type":"PropertyValueSpecification","valueRequired":true,"valueName":"search_term_string"}}],"inLanguage":"de"}]}},"meta_box":{"industry":"","seo_heading":"","heading":"","description":"","cta_heading":"","cta_description":"","application":"3995","h1":"OpenCart Job Board-Erweiterung","h1_caption":"Erstellen Sie eine Jobb\u00f6rse zur Auflistung offener Stellen auf Ihrer Website und locken Sie potenzielle Kandidaten m\u00fchelos auf Ihre Opencart-Website.","application_category":[],"applications_title":"","applications_request_title":"","applications_request_button_text":"","hero_text":"","hero_video":"","hero_video_schema_markup":"","selling_points_title":"","selling_points_caption":"","selling_points":[],"selling_points_cta_text":"","features_title":"","features":"","ed_cta_examples_text":"","ed_cta_examples_hidden":"","ed_cta_demo_text":"","ed_cta_demo_hidden":"","why_caption":"","why_editor_title":"","why_editor_text":"","why_team_title":"","why_team_text":"","why_service_title":"","why_service_text":"","template_catalog_visible":"","template_catalog_title":"","template_catalog_text":"","template_catalog_categories_visible":"","demo_title":"Erstellen Sie Ihre Jobboard-Erweiterung","demo_caption":"Konfigurieren Sie Ihre Jobb\u00f6rse und f\u00fcgen Sie sie kostenlos zu Ihrer OpenCart-Website hinzu!","default_faq_hidden":"","app_template_category":[],"platform":"254","template_public_id":"","codecanyon_url":"","codecanyon_item_id":"","codecanyon_price":"","pricing_caption":"","pricing_elfsight_apps_hide_column":"","pricing_elfsight_apps_url":"","pricing_codecanyon_price_caption":"","integration_category":[],"integration_request_title":"","integration_request_cta":"","integration_platform":"","integrations":[],"platform_category":[],"video_schema_markup":"","price":"ab 0 $ \/ Monat","trial":"","benefits":[{"text":"Kostenlose Installationsunterst\u00fctzung"},{"text":"Premium-Support"},{"text":"14-t\u00e4gige Geld-zur\u00fcck-Garantie"},{"text":"Laufende kostenlose Verbesserungen"}],"button_url":"#demo","button_target_blank":"","button_nofollow":"","attributes":[{"name":"Installiert","content":"10,000 - 100,000"},{"name":"Reaktionsfreudig","content":"Ja"},{"name":"Kompatible Browser","content":"Firefox, Safari, Opera, Chrome, Edge"}],"tags":[],"tags_disable_links":"","hide_more_platforms":"","video_object":"","demo_hide_cta":"","demo_hide_cloud_options":"","pricing_title":"","pricing":[{"pricing_icon":"platform","pricing_title":"Elfsight Apps","pricing_title_caption":"Multiplattform-Software, die auf jeder Site funktioniert","pricing_price":"ab 0 $ \/ Monat","pricing_price_caption":"Beginnen Sie mit einem kostenlosen Plan","pricing_benefits":[{"text":"Unbegrenzte Domains"},{"text":"Kostenloser Unternehmenssupport und gut dokumentiert"},{"text":"Kostenlose Installationsunterst\u00fctzung"},{"text":"Flexibles Design"}],"pricing_button_text":"Zur Website hinzuf\u00fcgen","pricing_button_url":"#demo"}],"related_apps_title":"","related_apps_hidden":"","author":"","image":[],"title":"","job":"","social_networks":[]},"_links":{"self":[{"href":"https:\/\/elfsight.com\/de\/wp-json\/wp\/v2\/pages\/20700","targetHints":{"allow":["GET"]}}],"collection":[{"href":"https:\/\/elfsight.com\/de\/wp-json\/wp\/v2\/pages"}],"about":[{"href":"https:\/\/elfsight.com\/de\/wp-json\/wp\/v2\/types\/page"}],"author":[{"embeddable":true,"href":"https:\/\/elfsight.com\/de\/wp-json\/wp\/v2\/users\/9"}],"replies":[{"embeddable":true,"href":"https:\/\/elfsight.com\/de\/wp-json\/wp\/v2\/comments?post=20700"}],"version-history":[{"count":1,"href":"https:\/\/elfsight.com\/de\/wp-json\/wp\/v2\/pages\/20700\/revisions"}],"predecessor-version":[{"id":20704,"href":"https:\/\/elfsight.com\/de\/wp-json\/wp\/v2\/pages\/20700\/revisions\/20704"}],"up":[{"embeddable":true,"href":"https:\/\/elfsight.com\/de\/wp-json\/wp\/v2\/pages\/3996"}],"wp:attachment":[{"href":"https:\/\/elfsight.com\/de\/wp-json\/wp\/v2\/media?parent=20700"}],"curies":[{"name":"wp","href":"https:\/\/api.w.org\/{rel}","templated":true}]}}