{"id":20699,"date":"2024-05-03T06:40:05","date_gmt":"2024-05-03T06:40:05","guid":{"rendered":"https:\/\/elfsight.com\/de\/?page_id=20699"},"modified":"2025-02-25T07:15:06","modified_gmt":"2025-02-25T07:15:06","slug":"shopify","status":"publish","type":"page","link":"https:\/\/elfsight.com\/de\/job-board-widget\/shopify\/","title":{"rendered":"Job Board &#8211; Shopify"},"content":{"rendered":"\n<div class=\"application-platform-content-item-description application-platform-content-item\" id=\"description\" data-nav-section=\"description\"> <h2>Job Board auf Shopify mit dem Elfsight-Widget einbetten<\/h2> <p>Elfsight Job Board f\u00fcr Shopify ist ein bemerkenswertes Tool, das Ihnen eine Chance bietet Stellenangebote zu ver\u00f6ffentlichen und Lebensl\u00e4ufe von Bewerbern auf einfachste Weise auf Ihrer Website zu sammeln. Mit unserem neuen Widget k\u00f6nnen Sie Ihr Unternehmen bekannt geben, Informationen zu offenen Stellen ver\u00f6ffentlichen und Lebensl\u00e4ufe erhalten. Mit dem Widget k\u00f6nnen Sie eine Jobkarte zusammen mit einer detaillierten Darstellung und der Schaltfl\u00e4che \u201eBewerben\u201c erstellen. Durch die Nutzung des Elfsight Job Board k\u00f6nnen Sie den Rekrutierungsprozess vereinfachen und mit einem Klick Antworten auf Stellenangebote erhalten. <\/p> <p><b>Erstellen Sie schnell die attraktivsten Stellenangebote und Handlungsaufforderungen, um mehr potenzielle Mitarbeiter zur Zusammenarbeit mit Ihnen zu motivieren<\/b><\/p> <\/div> <div class=\"application-platform-content-item-features  application-platform-content-item\" id=\"features \" data-nav-section=\"features \"> <h2>Hier sind die Grundfunktionen der App: <\/h2> <ul><li>F\u00fcgen Sie einen Bewerbungslink ein, um potenzielle Kandidaten auf die Seite zu leiten, auf der Lebensl\u00e4ufe gesammelt werden<\/li><li>Pr\u00e4sentieren Sie offene Stellen auf faszinierende Weise So<\/li><li>F\u00fcgen Sie so viele Stellenangebote hinzu, wie Sie m\u00f6chten<\/li><li>F\u00fcgen Sie Informationen \u00fcber die Stelle hinzu: erforderliche F\u00e4higkeiten, Gehalt und Berufsbezeichnung<\/li><li>Geben Sie Informationen \u00fcber Ihr Unternehmen an: Standort, Abteilung und deren Name<\/li><\/ul><p><a href=\"#demo\">Die volle Funktionalit\u00e4t der App erfahren Sie in der Demo <\/a><\/p> <\/div> <div class=\"application-platform-content-item-installation application-platform-content-item\" id=\"installation\" data-nav-section=\"installation\"> <h2>Wie kann ich eine Jobb\u00f6rse in meine Shopify-Site einbetten? <\/h2> <p>F\u00fchren Sie einfach die unten aufgef\u00fchrten Schritte aus, um mit der Arbeit mit der App zu beginnen. <\/p> <ol><li><b>Nutzen Sie unsere kostenlose Demo und beginnen Sie mit der Entwicklung Ihrer eigenen App. <\/b><br> Geben Sie das ausgew\u00e4hlte Aussehen und die ausgew\u00e4hlten Aspekte des Plugins an und \u00fcbernehmen Sie die \u00c4nderungen. <\/li> <li><b>Erhalten Sie den einzigartigen Code, der im Fenster von Elfsight Apps angezeigt wird. <\/b><br> Gleich nachdem die Erstellung Ihres pers\u00f6nlichen Widgets abgeschlossen ist, kopieren Sie den exklusiven Code im erscheinenden Fenster und speichern Sie ihn f\u00fcr die zuk\u00fcnftige Verwendung. <\/li> <li><b>Geben Sie mit der App auf Ihrer Shopify-Website ein. <\/b><br> Implementieren Sie den zuvor kopierten Code in Ihre Webseite und speichern Sie die Anpassungen. <\/li> <li><b>Die Installation wurde erfolgreich abgeschlossen. <\/b><br> Gehen Sie zu Ihrer Seite, um die Funktionsweise der App anzuzeigen. <\/li><\/ol> <p>Wenn Sie auf Hindernisse sto\u00dfen, k\u00f6nnen Sie sich gerne an unsere Support-Mitarbeiter wenden. Unsere Spezialisten helfen Ihnen gerne bei allen Problemen, die Sie mit dem Tool haben k\u00f6nnten. <\/p> <div class=\"faq\" data-component=\"FAQ\"><div class=\"faq-item\">\r\n\t\t\t\t\t<div class=\"faq-item-question\">\r\n\t\t\t\t\t\t<h3 class=\"faq-item-question-text\">Wie kann ich ohne Programmierkenntnisse eine Jobb\u00f6rse zu meiner Shopify-Website hinzuf\u00fcgen?<\/h3>\r\n\r\n\t\t\t\t\t\t<div class=\"faq-item-question-icon\"><\/div>\r\n\t\t\t\t\t<\/div>\r\n\r\n\t\t\t\t\t<div class=\"faq-item-answer\">\r\n\t\t\t\t\t\t<div class=\"faq-item-answer-text\"> <p>Elfsight bietet eine SaaS-L\u00f6sung, mit der Sie selbst ein Jobboard-Widget erstellen k\u00f6nnen. Sehen Sie, wie einfach es ist Der Prozess ist: Arbeiten Sie direkt im Online-Editor, um ein Jobboard-Widget zu erstellen, das Sie auf Ihrer Shopify-Website sehen m\u00f6chten. W\u00e4hlen Sie eine der vorgefertigten Vorlagen aus und passen Sie die Jobboard-Einstellungen an, f\u00fcgen Sie Ihre Inhalte hinzu, \u00e4ndern Sie das Layout und die Farben ohne Programmierkenntnisse. Speichern Sie die Jobb\u00f6rse und kopieren Sie den Installationscode, den Sie einfach in Ihre Shopify-Website einf\u00fcgen k\u00f6nnen, ohne einen kostenpflichtigen Plan kaufen zu m\u00fcssen. Mit unserem intuitiven Editor kann jeder Internetnutzer online ein Jobboard-Widget erstellen und es einfach in seine Shopify-Website einbetten. Sie m\u00fcssen weder bezahlen noch Ihre Kartendaten eingeben, um auf den Service zuzugreifen. Sollten bei irgendeinem Schritt Probleme auftreten, wenden Sie sich bitte an unser technisches Support-Team.<\/p> <\/div>\r\n\t\t\t\t\t<\/div>\r\n\t\t\t\t<\/div> <\/div><\/div>\n","protected":false},"excerpt":{"rendered":"","protected":false},"author":9,"featured_media":0,"parent":3996,"menu_order":0,"comment_status":"closed","ping_status":"closed","template":"templates\/template-application-platform.php","meta":{"publish_to_discourse":"","publish_post_category":"","wpdc_auto_publish_overridden":"","wpdc_topic_tags":"","wpdc_pin_topic":"","wpdc_pin_until":"","discourse_post_id":"","discourse_permalink":"","wpdc_publishing_response":"","wpdc_publishing_error":"","footnotes":""},"class_list":["post-20699","page","type-page","status-publish","hentry"],"yoast_head":"<!-- This site is optimized with the Yoast SEO plugin v25.3.1 - https:\/\/yoast.com\/wordpress\/plugins\/seo\/ -->\n<title>Shopify Job Board-App \u2013 Stellenangebote zu Shopify hinzuf\u00fcgen (2025)<\/title>\n<meta name=\"description\" content=\"F\u00fcgen Sie eine responsive Jobb\u00f6rsen-App auf Ihrer Shopify-Website ein und zeigen Sie Ihren potenziellen Mitarbeitern die offenen Stellen!\" \/>\n<meta name=\"robots\" content=\"index, follow, max-snippet:-1, max-image-preview:large, max-video-preview:-1\" \/>\n<link rel=\"canonical\" href=\"https:\/\/elfsight.com\/de\/job-board-widget\/shopify\/\" \/>\n<meta property=\"og:locale\" content=\"de_DE\" \/>\n<meta property=\"og:type\" content=\"article\" \/>\n<meta property=\"og:title\" content=\"Shopify Job Board-App \u2013 Stellenangebote zu Shopify hinzuf\u00fcgen (2025)\" \/>\n<meta property=\"og:description\" content=\"F\u00fcgen Sie eine responsive Jobb\u00f6rsen-App auf Ihrer Shopify-Website ein und zeigen Sie Ihren potenziellen Mitarbeitern die offenen Stellen!\" \/>\n<meta property=\"og:url\" content=\"https:\/\/elfsight.com\/de\/job-board-widget\/shopify\/\" \/>\n<meta property=\"og:site_name\" content=\"Elfsight DE\" \/>\n<meta property=\"article:modified_time\" content=\"2025-02-25T07:15:06+00:00\" \/>\n<meta name=\"twitter:card\" content=\"summary_large_image\" \/>\n<meta name=\"twitter:label1\" content=\"Gesch\u00e4tzte Lesezeit\" \/>\n\t<meta name=\"twitter:data1\" content=\"3\u00a0Minuten\" \/>\n<!-- \/ Yoast SEO plugin. -->","yoast_head_json":{"title":"Shopify Job Board-App \u2013 Stellenangebote zu Shopify hinzuf\u00fcgen (2025)","description":"F\u00fcgen Sie eine responsive Jobb\u00f6rsen-App auf Ihrer Shopify-Website ein und zeigen Sie Ihren potenziellen Mitarbeitern die offenen Stellen!","robots":{"index":"index","follow":"follow","max-snippet":"max-snippet:-1","max-image-preview":"max-image-preview:large","max-video-preview":"max-video-preview:-1"},"canonical":"https:\/\/elfsight.com\/de\/job-board-widget\/shopify\/","og_locale":"de_DE","og_type":"article","og_title":"Shopify Job Board-App \u2013 Stellenangebote zu Shopify hinzuf\u00fcgen (2025)","og_description":"F\u00fcgen Sie eine responsive Jobb\u00f6rsen-App auf Ihrer Shopify-Website ein und zeigen Sie Ihren potenziellen Mitarbeitern die offenen Stellen!","og_url":"https:\/\/elfsight.com\/de\/job-board-widget\/shopify\/","og_site_name":"Elfsight DE","article_modified_time":"2025-02-25T07:15:06+00:00","twitter_card":"summary_large_image","twitter_misc":{"Gesch\u00e4tzte Lesezeit":"3\u00a0Minuten"},"schema":{"@context":"https:\/\/schema.org","@graph":[{"@type":"WebPage","@id":"https:\/\/elfsight.com\/de\/job-board-widget\/shopify\/","url":"https:\/\/elfsight.com\/de\/job-board-widget\/shopify\/","name":"Shopify Job Board-App \u2013 Stellenangebote zu Shopify hinzuf\u00fcgen (2025)","isPartOf":{"@id":"https:\/\/elfsight.com\/de\/#website"},"datePublished":"2024-05-03T06:40:05+00:00","dateModified":"2025-02-25T07:15:06+00:00","description":"F\u00fcgen Sie eine responsive Jobb\u00f6rsen-App auf Ihrer Shopify-Website ein und zeigen Sie Ihren potenziellen Mitarbeitern die offenen Stellen!","breadcrumb":{"@id":"https:\/\/elfsight.com\/de\/job-board-widget\/shopify\/#breadcrumb"},"inLanguage":"de","potentialAction":[{"@type":"ReadAction","target":["https:\/\/elfsight.com\/de\/job-board-widget\/shopify\/"]}]},{"@type":"BreadcrumbList","@id":"https:\/\/elfsight.com\/de\/job-board-widget\/shopify\/#breadcrumb","itemListElement":[{"@type":"ListItem","position":1,"name":"Home","item":"https:\/\/elfsight.com\/de\/"},{"@type":"ListItem","position":2,"name":"Job Board","item":"https:\/\/elfsight.com\/de\/job-board-widget\/"},{"@type":"ListItem","position":3,"name":"Job Board &#8211; Shopify"}]},{"@type":"WebSite","@id":"https:\/\/elfsight.com\/de\/#website","url":"https:\/\/elfsight.com\/de\/","name":"Elfsight DE","description":"Just another Elfsight Sites site","potentialAction":[{"@type":"SearchAction","target":{"@type":"EntryPoint","urlTemplate":"https:\/\/elfsight.com\/de\/?s={search_term_string}"},"query-input":{"@type":"PropertyValueSpecification","valueRequired":true,"valueName":"search_term_string"}}],"inLanguage":"de"}]}},"meta_box":{"industry":"","seo_heading":"","heading":"","description":"","cta_heading":"","cta_description":"","application":"3995","h1":"Shopify Job Board-App","h1_caption":"Erstellen Sie eine Jobb\u00f6rse zur Auflistung offener Stellen auf Ihrer Website und locken Sie potenzielle Kandidaten m\u00fchelos auf Ihre Shopify-Website.","application_category":[],"applications_title":"","applications_request_title":"","applications_request_button_text":"","hero_text":"","hero_video":"","hero_video_schema_markup":"","selling_points_title":"","selling_points_caption":"","selling_points":[],"selling_points_cta_text":"","features_title":"","features":"","ed_cta_examples_text":"","ed_cta_examples_hidden":"","ed_cta_demo_text":"","ed_cta_demo_hidden":"","why_caption":"","why_editor_title":"","why_editor_text":"","why_team_title":"","why_team_text":"","why_service_title":"","why_service_text":"","template_catalog_visible":"0","template_catalog_title":"","template_catalog_text":"","template_catalog_categories_visible":"","demo_title":"Erstellen Sie Ihre Jobb\u00f6rsen-App","demo_caption":"Konfigurieren Sie Ihr Jobboard und f\u00fcgen Sie es kostenlos zu Ihrer Shopify-Website hinzu!","default_faq_hidden":"","app_template_category":[],"platform":"253","template_public_id":"","codecanyon_url":"","codecanyon_item_id":"","codecanyon_price":"","pricing_caption":"","pricing_elfsight_apps_hide_column":"","pricing_elfsight_apps_url":"","pricing_codecanyon_price_caption":"","integration_category":[],"integration_request_title":"","integration_request_cta":"","integration_platform":"","integrations":[],"platform_category":[],"video_schema_markup":"","price":"ab 0 $ \/ Monat","trial":"","benefits":[{"text":"Kostenlose Installationshilfe"},{"text":"Erfahrener Kundensupport"},{"text":"14-t\u00e4gige R\u00fcckerstattungsgarantie"},{"text":"St\u00e4ndige Aktualisierung"}],"button_url":"#demo","button_target_blank":"0","button_nofollow":"0","attributes":[{"name":"Installiert","content":"10,000 - 100,000"},{"name":"Reaktionsfreudig","content":"Ja"},{"name":"Kompatible Browser","content":"Firefox, Safari, Opera, Chrome, Edge"}],"tags":[],"tags_disable_links":"0","hide_more_platforms":"0","video_object":"","demo_hide_cta":"0","demo_hide_cloud_options":"0","pricing_title":"","pricing":[{"pricing_icon":"platform","pricing_title":"Elfsight Apps","pricing_title_caption":"Multiplattform-Version","pricing_price":"ab 0 $ \/ Monat","pricing_price_caption":"Beginnen Sie mit einem kostenlosen Plan","pricing_benefits":[{"text":"Unbegrenzte Websites"},{"text":"Schneller und p\u00fcnktlicher Support und gut dokumentiert"},{"text":"Kostenloser Installationsservice"},{"text":"Flexibles Design"}],"pricing_button_text":"Zur Website hinzuf\u00fcgen","pricing_button_url":"#demo"}],"related_apps_title":"","related_apps_hidden":"0","author":"","image":[],"title":"","job":"","social_networks":[]},"_links":{"self":[{"href":"https:\/\/elfsight.com\/de\/wp-json\/wp\/v2\/pages\/20699","targetHints":{"allow":["GET"]}}],"collection":[{"href":"https:\/\/elfsight.com\/de\/wp-json\/wp\/v2\/pages"}],"about":[{"href":"https:\/\/elfsight.com\/de\/wp-json\/wp\/v2\/types\/page"}],"author":[{"embeddable":true,"href":"https:\/\/elfsight.com\/de\/wp-json\/wp\/v2\/users\/9"}],"replies":[{"embeddable":true,"href":"https:\/\/elfsight.com\/de\/wp-json\/wp\/v2\/comments?post=20699"}],"version-history":[{"count":2,"href":"https:\/\/elfsight.com\/de\/wp-json\/wp\/v2\/pages\/20699\/revisions"}],"predecessor-version":[{"id":24916,"href":"https:\/\/elfsight.com\/de\/wp-json\/wp\/v2\/pages\/20699\/revisions\/24916"}],"up":[{"embeddable":true,"href":"https:\/\/elfsight.com\/de\/wp-json\/wp\/v2\/pages\/3996"}],"wp:attachment":[{"href":"https:\/\/elfsight.com\/de\/wp-json\/wp\/v2\/media?parent=20699"}],"curies":[{"name":"wp","href":"https:\/\/api.w.org\/{rel}","templated":true}]}}