{"id":20694,"date":"2024-05-03T06:40:04","date_gmt":"2024-05-03T06:40:04","guid":{"rendered":"https:\/\/elfsight.com\/de\/?page_id=20694"},"modified":"2025-02-21T09:36:47","modified_gmt":"2025-02-21T09:36:47","slug":"squarespace","status":"publish","type":"page","link":"https:\/\/elfsight.com\/de\/job-board-widget\/squarespace\/","title":{"rendered":"Job Board &#8211; Squarespace"},"content":{"rendered":"\n<div class=\"application-platform-content-item-description application-platform-content-item\" id=\"description\" data-nav-section=\"description\"> <h2>Job Board auf Squarespace mit dem Elfsight-Widget einbetten<\/h2> <p>Elfsight Job Board f\u00fcr Squarespace ist ein beeindruckendes Plugin, mit dem Sie Ihre Bewerbung ver\u00f6ffentlichen k\u00f6nnen \u00d6ffnen Sie offene Stellen und erhalten Sie Lebensl\u00e4ufe von Kandidaten auf einfachste Weise auf Ihrer Website. Mit unserem neuen Tool k\u00f6nnen Sie Informationen \u00fcber Ihr Unternehmen preisgeben, Informationen zu Stellenangeboten ver\u00f6ffentlichen und Lebensl\u00e4ufe abrufen. Mit dem Widget k\u00f6nnen Sie eine Jobkarte mit einer detaillierten Darstellung und der Schaltfl\u00e4che \u201eBewerben\u201c erstellen. Durch die Verwendung des Elfsight Job Board k\u00f6nnen Sie den Rekrutierungsprozess vereinfachen und mit einem Klick Antworten auf Stellenausschreibungen erhalten. <\/p> <p><b>Erstellen Sie schnell die verlockendsten Stellenangebote und CTA-Buttons, um mehr potenzielle Mitarbeiter zur Zusammenarbeit mit Ihnen zu inspirieren<\/b><\/p> <\/div> <div class=\"application-platform-content-item-features application-platform-content-item\" id=\"features\" data-nav-section=\"features\"> <h2>Das Widget bietet praktische und unkomplizierte Funktionen, sehen Sie sich einige davon an: <\/h2> <ul><li>Erstellen Sie einen Bewerbungslink, um Website-Benutzer auf die Seite zu leiten, auf der Lebensl\u00e4ufe gesammelt werden<\/li><li>Pr\u00e4sentieren Sie Stellenausschreibungen in Der detaillierteste Weg<\/li><li>F\u00fcgen Sie so viele Jobs hinzu, wie Sie m\u00f6chten<\/li><li>F\u00fcgen Sie Informationen \u00fcber den Job hinzu: Gehalt, Berufsbezeichnung und erforderliche F\u00e4higkeiten<\/li><li>Geben Sie Informationen \u00fcber Ihren Job an Gesch\u00e4ft: Abteilung, Name und Standort<\/li><\/ul><p><a href=\"#demo\">Sehen Sie sich einfach diese Demo an, um die Funktionalit\u00e4t des Plugins zu verstehen<\/a><\/p> <\/div> <div class=\"application-platform-content-item-installation application-platform-content-item\" id=\"installation\" data-nav-section=\"installation\"> <h2>Wie f\u00fcge ich eine Jobb\u00f6rse zu meiner Squarespace-Webseite hinzu? <\/h2> <p>Befolgen Sie einfach die unten beschriebenen Schritte, um mit der Verwendung des Plugins zu beginnen. <\/p> <ol><li><b>Nutzen Sie unseren kostenlosen Konfigurator und beginnen Sie mit der Gestaltung Ihres personalisierten Plugins. <\/b><br> Geben Sie das ausgew\u00e4hlte Aussehen und die Funktionsmerkmale des Werkzeugs an und wenden Sie die \u00c4nderungen an. <\/li> <li><b>Erhalten Sie den einzelnen Code, der im Fenster von Elfsight Apps angezeigt wird. <\/b><br> Sobald die Einrichtung Ihres Widgets abgeschlossen ist, kopieren Sie den exklusiven Code aus der angezeigten Box und bewahren Sie ihn f\u00fcr eine sp\u00e4tere Gelegenheit auf. <\/li> <li><b>Beginnen Sie mit der Anwendung des Tools auf Ihrer Squarespace-Website. <\/b><br> F\u00fcgen Sie den zuvor gespeicherten Code in Ihre Webseite ein und speichern Sie die Anpassungen. <\/li> <li><b>Du bist fertig! Die Einrichtung ist erfolgreich abgeschlossen. <\/b><br> Gehen Sie auf Ihre Seite, um einen Blick auf die Leistung des Plugins zu werfen. <\/li><\/ol> <p>Wenn Sie eine Anfrage bearbeiten oder auf Schwierigkeiten sto\u00dfen, z\u00f6gern Sie nicht, sich an unser Kundendienstteam zu wenden. Unsere Mitarbeiter helfen Ihnen gerne bei allen Schwierigkeiten, die Sie mit dem Plugin haben k\u00f6nnten. <\/p> <div class=\"faq\" data-component=\"FAQ\"><div class=\"faq-item\">\r\n\t\t\t\t\t<div class=\"faq-item-question\">\r\n\t\t\t\t\t\t<h3 class=\"faq-item-question-text\">Wie kann ich ohne Programmierkenntnisse eine Jobb\u00f6rse zu meiner Squarespace-Website hinzuf\u00fcgen?<\/h3>\r\n\r\n\t\t\t\t\t\t<div class=\"faq-item-question-icon\"><\/div>\r\n\t\t\t\t\t<\/div>\r\n\r\n\t\t\t\t\t<div class=\"faq-item-answer\">\r\n\t\t\t\t\t\t<div class=\"faq-item-answer-text\"> <p>Elfsight bietet eine SaaS-L\u00f6sung, mit der Sie selbst ein Jobboard-Widget erstellen k\u00f6nnen. Sehen Sie, wie einfach es ist Der Prozess ist: Arbeiten Sie direkt im Online-Editor, um ein Jobboard-Widget zu erstellen, das Sie auf Ihrer Squarespace-Website sehen m\u00f6chten. W\u00e4hlen Sie eine der vorgefertigten Vorlagen aus und passen Sie die Jobboard-Einstellungen an, f\u00fcgen Sie Ihre Inhalte hinzu, \u00e4ndern Sie das Layout und die Farben ohne Programmierkenntnisse. Speichern Sie die Jobb\u00f6rse und kopieren Sie den Installationscode, den Sie m\u00fchelos in Ihre Squarespace-Website einf\u00fcgen k\u00f6nnen, ohne einen kostenpflichtigen Plan kaufen zu m\u00fcssen. Mit unserem intuitiven Editor kann jeder Internetnutzer online ein Jobboard-Widget erstellen und es einfach in seine Squarespace-Website einbetten. Sie m\u00fcssen weder bezahlen noch Ihre Kartendaten eingeben, um auf den Service zuzugreifen. Sollten bei irgendeinem Schritt Probleme auftreten, wenden Sie sich bitte an unser technisches Support-Team.<\/p> <\/div>\r\n\t\t\t\t\t<\/div>\r\n\t\t\t\t<\/div> <\/div><\/div>\n","protected":false},"excerpt":{"rendered":"","protected":false},"author":9,"featured_media":0,"parent":3996,"menu_order":0,"comment_status":"closed","ping_status":"closed","template":"templates\/template-application-platform.php","meta":{"publish_to_discourse":"","publish_post_category":"","wpdc_auto_publish_overridden":"","wpdc_topic_tags":"","wpdc_pin_topic":"","wpdc_pin_until":"","discourse_post_id":"","discourse_permalink":"","wpdc_publishing_response":"","wpdc_publishing_error":"","footnotes":""},"class_list":["post-20694","page","type-page","status-publish","hentry"],"yoast_head":"<!-- This site is optimized with the Yoast SEO plugin v25.3.1 - https:\/\/yoast.com\/wordpress\/plugins\/seo\/ -->\n<title>Squarespace Job Board \u2013 Stellenangebote zu Squarespace hinzuf\u00fcgen (2025)<\/title>\n<meta name=\"description\" content=\"F\u00fcgen Sie ein responsives Jobboard-Plugin auf Ihrer Squarespace-Website hinzu und lassen Sie Ihre potenziellen Mitarbeiter die offenen Stellen erkunden!\" \/>\n<meta name=\"robots\" content=\"index, follow, max-snippet:-1, max-image-preview:large, max-video-preview:-1\" \/>\n<link rel=\"canonical\" href=\"https:\/\/elfsight.com\/de\/job-board-widget\/squarespace\/\" \/>\n<meta property=\"og:locale\" content=\"de_DE\" \/>\n<meta property=\"og:type\" content=\"article\" \/>\n<meta property=\"og:title\" content=\"Squarespace Job Board \u2013 Stellenangebote zu Squarespace hinzuf\u00fcgen (2025)\" \/>\n<meta property=\"og:description\" content=\"F\u00fcgen Sie ein responsives Jobboard-Plugin auf Ihrer Squarespace-Website hinzu und lassen Sie Ihre potenziellen Mitarbeiter die offenen Stellen erkunden!\" \/>\n<meta property=\"og:url\" content=\"https:\/\/elfsight.com\/de\/job-board-widget\/squarespace\/\" \/>\n<meta property=\"og:site_name\" content=\"Elfsight DE\" \/>\n<meta property=\"article:modified_time\" content=\"2025-02-21T09:36:47+00:00\" \/>\n<meta name=\"twitter:card\" content=\"summary_large_image\" \/>\n<meta name=\"twitter:label1\" content=\"Gesch\u00e4tzte Lesezeit\" \/>\n\t<meta name=\"twitter:data1\" content=\"3\u00a0Minuten\" \/>\n<!-- \/ Yoast SEO plugin. -->","yoast_head_json":{"title":"Squarespace Job Board \u2013 Stellenangebote zu Squarespace hinzuf\u00fcgen (2025)","description":"F\u00fcgen Sie ein responsives Jobboard-Plugin auf Ihrer Squarespace-Website hinzu und lassen Sie Ihre potenziellen Mitarbeiter die offenen Stellen erkunden!","robots":{"index":"index","follow":"follow","max-snippet":"max-snippet:-1","max-image-preview":"max-image-preview:large","max-video-preview":"max-video-preview:-1"},"canonical":"https:\/\/elfsight.com\/de\/job-board-widget\/squarespace\/","og_locale":"de_DE","og_type":"article","og_title":"Squarespace Job Board \u2013 Stellenangebote zu Squarespace hinzuf\u00fcgen (2025)","og_description":"F\u00fcgen Sie ein responsives Jobboard-Plugin auf Ihrer Squarespace-Website hinzu und lassen Sie Ihre potenziellen Mitarbeiter die offenen Stellen erkunden!","og_url":"https:\/\/elfsight.com\/de\/job-board-widget\/squarespace\/","og_site_name":"Elfsight DE","article_modified_time":"2025-02-21T09:36:47+00:00","twitter_card":"summary_large_image","twitter_misc":{"Gesch\u00e4tzte Lesezeit":"3\u00a0Minuten"},"schema":{"@context":"https:\/\/schema.org","@graph":[{"@type":"WebPage","@id":"https:\/\/elfsight.com\/de\/job-board-widget\/squarespace\/","url":"https:\/\/elfsight.com\/de\/job-board-widget\/squarespace\/","name":"Squarespace Job Board \u2013 Stellenangebote zu Squarespace hinzuf\u00fcgen (2025)","isPartOf":{"@id":"https:\/\/elfsight.com\/de\/#website"},"datePublished":"2024-05-03T06:40:04+00:00","dateModified":"2025-02-21T09:36:47+00:00","description":"F\u00fcgen Sie ein responsives Jobboard-Plugin auf Ihrer Squarespace-Website hinzu und lassen Sie Ihre potenziellen Mitarbeiter die offenen Stellen erkunden!","breadcrumb":{"@id":"https:\/\/elfsight.com\/de\/job-board-widget\/squarespace\/#breadcrumb"},"inLanguage":"de","potentialAction":[{"@type":"ReadAction","target":["https:\/\/elfsight.com\/de\/job-board-widget\/squarespace\/"]}]},{"@type":"BreadcrumbList","@id":"https:\/\/elfsight.com\/de\/job-board-widget\/squarespace\/#breadcrumb","itemListElement":[{"@type":"ListItem","position":1,"name":"Home","item":"https:\/\/elfsight.com\/de\/"},{"@type":"ListItem","position":2,"name":"Job Board","item":"https:\/\/elfsight.com\/de\/job-board-widget\/"},{"@type":"ListItem","position":3,"name":"Job Board &#8211; Squarespace"}]},{"@type":"WebSite","@id":"https:\/\/elfsight.com\/de\/#website","url":"https:\/\/elfsight.com\/de\/","name":"Elfsight DE","description":"Just another Elfsight Sites site","potentialAction":[{"@type":"SearchAction","target":{"@type":"EntryPoint","urlTemplate":"https:\/\/elfsight.com\/de\/?s={search_term_string}"},"query-input":{"@type":"PropertyValueSpecification","valueRequired":true,"valueName":"search_term_string"}}],"inLanguage":"de"}]}},"meta_box":{"industry":"","seo_heading":"","heading":"","description":"","cta_heading":"","cta_description":"","application":"3995","h1":"Squarespace Job Board-Plugin","h1_caption":"Erstellen Sie eine Jobb\u00f6rse zur Auflistung offener Stellen auf Ihrer Website und locken Sie potenzielle Kandidaten m\u00fchelos auf Ihre Squarespace-Website.","application_category":[],"applications_title":"","applications_request_title":"","applications_request_button_text":"","hero_text":"","hero_video":"","hero_video_schema_markup":"","selling_points_title":"","selling_points_caption":"","selling_points":[],"selling_points_cta_text":"","features_title":"","features":"","ed_cta_examples_text":"","ed_cta_examples_hidden":"","ed_cta_demo_text":"","ed_cta_demo_hidden":"","why_caption":"","why_editor_title":"","why_editor_text":"","why_team_title":"","why_team_text":"","why_service_title":"","why_service_text":"","template_catalog_visible":"0","template_catalog_title":"","template_catalog_text":"","template_catalog_categories_visible":"","demo_title":"Erstellen Sie Ihr Jobboard-Plugin","demo_caption":"Konfigurieren Sie Ihr Jobboard und f\u00fcgen Sie es kostenlos zu Ihrer Squarespace-Website hinzu!","default_faq_hidden":"","app_template_category":[],"platform":"252","template_public_id":"","codecanyon_url":"","codecanyon_item_id":"","codecanyon_price":"","pricing_caption":"","pricing_elfsight_apps_hide_column":"","pricing_elfsight_apps_url":"","pricing_codecanyon_price_caption":"","integration_category":[],"integration_request_title":"","integration_request_cta":"","integration_platform":"","integrations":[],"platform_category":[],"video_schema_markup":"","price":"ab 0 $ \/ Monat","trial":"","benefits":[{"text":"Kostenlose Installationsunterst\u00fctzung"},{"text":"Professioneller Kundenservice"},{"text":"14-t\u00e4gige Geld-zur\u00fcck-Garantie"},{"text":"St\u00e4ndige Aktualisierung"}],"button_url":"#demo","button_target_blank":"0","button_nofollow":"0","attributes":[{"name":"Installiert","content":"10,000 - 100,000"},{"name":"Reaktionsfreudig","content":"Ja"},{"name":"Kompatible Browser","content":"Firefox, Safari, Opera, Chrome, Edge"}],"tags":[],"tags_disable_links":"0","hide_more_platforms":"0","video_object":"","demo_hide_cta":"0","demo_hide_cloud_options":"0","pricing_title":"","pricing":[{"pricing_icon":"platform","pricing_title":"Elfsight Apps","pricing_title_caption":"Plattform\u00fcbergreifende Software, die f\u00fcr jede Website geeignet ist","pricing_price":"ab 0 $ \/ Monat","pricing_price_caption":"Beginnen Sie mit einem kostenlosen Plan","pricing_benefits":[{"text":"Unbegrenzte Websites"},{"text":"Professionelle und p\u00fcnktliche Unterst\u00fctzung und gut dokumentiert"},{"text":"Kostenlose Installationshilfe"},{"text":"Flexibles Design"}],"pricing_button_text":"Zur Website hinzuf\u00fcgen","pricing_button_url":"#demo"}],"related_apps_title":"","related_apps_hidden":"0","author":"","image":[],"title":"","job":"","social_networks":[]},"_links":{"self":[{"href":"https:\/\/elfsight.com\/de\/wp-json\/wp\/v2\/pages\/20694","targetHints":{"allow":["GET"]}}],"collection":[{"href":"https:\/\/elfsight.com\/de\/wp-json\/wp\/v2\/pages"}],"about":[{"href":"https:\/\/elfsight.com\/de\/wp-json\/wp\/v2\/types\/page"}],"author":[{"embeddable":true,"href":"https:\/\/elfsight.com\/de\/wp-json\/wp\/v2\/users\/9"}],"replies":[{"embeddable":true,"href":"https:\/\/elfsight.com\/de\/wp-json\/wp\/v2\/comments?post=20694"}],"version-history":[{"count":2,"href":"https:\/\/elfsight.com\/de\/wp-json\/wp\/v2\/pages\/20694\/revisions"}],"predecessor-version":[{"id":24695,"href":"https:\/\/elfsight.com\/de\/wp-json\/wp\/v2\/pages\/20694\/revisions\/24695"}],"up":[{"embeddable":true,"href":"https:\/\/elfsight.com\/de\/wp-json\/wp\/v2\/pages\/3996"}],"wp:attachment":[{"href":"https:\/\/elfsight.com\/de\/wp-json\/wp\/v2\/media?parent=20694"}],"curies":[{"name":"wp","href":"https:\/\/api.w.org\/{rel}","templated":true}]}}