{"id":20692,"date":"2024-05-03T06:40:02","date_gmt":"2024-05-03T06:40:02","guid":{"rendered":"https:\/\/elfsight.com\/de\/?page_id=20692"},"modified":"2025-07-08T10:53:40","modified_gmt":"2025-07-08T10:53:40","slug":"webnode","status":"publish","type":"page","link":"https:\/\/elfsight.com\/de\/job-board-widget\/webnode\/","title":{"rendered":"Job Board &#8211; Webnode"},"content":{"rendered":"<div class=\"application-platform-content-item-description application-platform-content-item\" id=\"description\" data-nav-section=\"description\"> <h2>Beschreibung<\/h2> <p>Elfsight Job Board f\u00fcr Webnode ist ein auff\u00e4lliges Widget, das Ihnen die M\u00f6glichkeit gibt, offene Stellen anzuzeigen und Lebensl\u00e4ufe zu erhalten Kandidaten auf Ihrer Website so zug\u00e4nglich wie m\u00f6glich zu pr\u00e4sentieren. Mit unserem neuen Widget k\u00f6nnen Sie Ihr Unternehmen bekannt geben, Informationen \u00fcber offene Stellen ver\u00f6ffentlichen und Lebensl\u00e4ufe abrufen. Mit dem Widget k\u00f6nnen Sie eine Jobkarte mit einem genauen Bild und der Schaltfl\u00e4che \u201eBewerben\u201c erstellen. Durch die Nutzung des Elfsight Job Boards k\u00f6nnen Sie den Rekrutierungsprozess vereinfachen und mit wenigen Klicks Antworten auf Stellenangebote erhalten. <\/p> <p><b>Erstellen Sie schnell die attraktivsten Stellenangebote und Call-to-Actions, um mehr m\u00f6gliche Mitarbeiter f\u00fcr eine Zusammenarbeit mit Ihnen zu begeistern<\/b><\/p> <\/div> <div class=\"application-platform-content-item-features  application-platform-content-item\" id=\"features \" data-nav-section=\"features \"> <h2>Hier sind die Grundfunktionen des Widgets: <\/h2> <ul><li>F\u00fcgen Sie einen Bewerbungslink hinzu, um Website-Benutzer auf die Seite mit Lebensl\u00e4ufen zu leiten<\/li><li>Pr\u00e4sentieren Sie Stellenausschreibungen m\u00f6glichst ansprechend So<\/li><li>F\u00fcgen Sie so viele Jobs hinzu, wie Sie m\u00f6chten<\/li><li>Beschreiben Sie die Stelle ausf\u00fchrlich und geben Sie Auskunft \u00fcber: Berufsbezeichnung, erforderliche F\u00e4higkeiten und Gehalt<\/li><li>Geben Sie Informationen \u00fcber Ihr Unternehmen an : Standort, Abteilung und ihr Name<\/li><\/ul><p><a href=\"#demo\">Mit Hilfe der Demo k\u00f6nnen Sie sehen, ob das Widget f\u00fcr Sie geeignet ist<\/a><\/p> <\/div> <div class=\"application-platform-content-item-installation application-platform-content-item\" id=\"installation\" data-nav-section=\"installation\"> <h2>Wie kann ich eine Jobb\u00f6rse auf meiner Webnode-Site hinzuf\u00fcgen? <\/h2> <p>Befolgen Sie einfach die unten aufgef\u00fchrten Schritte, um das Widget zu integrieren. <\/p> <ol><li><b>Verwalten Sie unseren kostenlosen Editor und beginnen Sie mit der Erstellung Ihres individuellen Widgets. <\/b><br> Geben Sie das benutzerdefinierte Design und die Parameter des Widgets an und \u00fcbernehmen Sie die \u00c4nderungen. <\/li> <li><b>Kopieren Sie Ihren eindeutigen Code, der im Fenster von Elfsight Apps angezeigt wird. <\/b><br> Kopieren Sie gleich nach Abschluss der Einrichtung Ihres Tools den einzelnen Code im angezeigten Fenster und speichern Sie ihn f\u00fcr den sp\u00e4teren Bedarf. <\/li> <li><b>Beginnen Sie mit der Verwendung des Plugins auf Ihrer Webnode-Site. <\/b><br> Geben Sie den zuvor kopierten Code auf Ihrer Homepage ein und speichern Sie die Korrekturen. <\/li> <li><b>Fertig! Der Aufbau ist vollst\u00e4ndig abgeschlossen. <\/b><br> Besuchen Sie Ihre Website, um einen Blick auf die Funktionsweise des Tools zu werfen. <\/li><\/ol> <p>Wenn Sie auf Probleme sto\u00dfen, schreiben Sie bitte an unseren Kundenservice. Unsere Mitarbeiter helfen Ihnen gerne bei allen Problemen, die Sie mit dem Tool haben. <\/p> <div class=\"faq\" data-component=\"FAQ\"><div class=\"faq-item\">\r\n\t\t\t\t\t<div class=\"faq-item-question\">\r\n\t\t\t\t\t\t<h3 class=\"faq-item-question-text\">Wie kann ich ohne Programmierkenntnisse eine Jobb\u00f6rse zu meiner Webnode-Website hinzuf\u00fcgen?<\/h3>\r\n\r\n\t\t\t\t\t\t<div class=\"faq-item-question-icon\"><\/div>\r\n\t\t\t\t\t<\/div>\r\n\r\n\t\t\t\t\t<div class=\"faq-item-answer\">\r\n\t\t\t\t\t\t<div class=\"faq-item-answer-text\"> <p>Elfsight bietet eine SaaS-L\u00f6sung, mit der Sie selbst ein Jobboard-Widget erstellen k\u00f6nnen. Sehen Sie, wie einfach es ist Der Prozess ist: Arbeiten Sie direkt im Online-Editor, um ein Jobboard-Widget zu erstellen, das Sie auf Ihrer Webnode-Website sehen m\u00f6chten. W\u00e4hlen Sie eine der vorgefertigten Vorlagen aus und passen Sie die Jobboard-Einstellungen an, f\u00fcgen Sie Ihre Inhalte hinzu, \u00e4ndern Sie das Layout und die Farben ohne Programmierkenntnisse. Speichern Sie die Jobb\u00f6rse und kopieren Sie den Installationscode, den Sie in Ihre Webnode-Website einbetten k\u00f6nnen, ohne einen kostenpflichtigen Plan zu kaufen. Mit unserem intuitiven Editor kann jeder Internetnutzer online ein Jobboard-Widget erstellen und es einfach in seine Webnode-Website einbetten. Sie m\u00fcssen weder bezahlen noch Ihre Kartendaten eingeben, um auf den Service zuzugreifen. Sollten bei irgendeinem Schritt Probleme auftreten, wenden Sie sich bitte an unser technisches Support-Team.<\/p> <\/div>\r\n\t\t\t\t\t<\/div>\r\n\t\t\t\t<\/div> <\/div><\/div>","protected":false},"excerpt":{"rendered":"","protected":false},"author":9,"featured_media":0,"parent":3996,"menu_order":0,"comment_status":"closed","ping_status":"closed","template":"templates\/template-application-platform.php","meta":{"publish_to_discourse":"","publish_post_category":"","wpdc_auto_publish_overridden":"","wpdc_topic_tags":"","wpdc_pin_topic":"","wpdc_pin_until":"","discourse_post_id":"","discourse_permalink":"","wpdc_publishing_response":"","wpdc_publishing_error":"","footnotes":""},"class_list":["post-20692","page","type-page","status-publish","hentry"],"yoast_head":"<!-- This site is optimized with the Yoast SEO plugin v25.3.1 - https:\/\/yoast.com\/wordpress\/plugins\/seo\/ -->\n<title>Webnode Job Board-Widget \u2013 Stellenangebote zu Webnode hinzuf\u00fcgen (2025)<\/title>\n<meta name=\"description\" content=\"Integrieren Sie ein responsives Jobboard-Widget auf Ihrer Webnode-Website und lassen Sie potenzielle Mitarbeiter die Stellenangebote erkunden!\" \/>\n<meta name=\"robots\" content=\"index, follow, max-snippet:-1, max-image-preview:large, max-video-preview:-1\" \/>\n<link rel=\"canonical\" href=\"https:\/\/elfsight.com\/de\/job-board-widget\/webnode\/\" \/>\n<meta property=\"og:locale\" content=\"de_DE\" \/>\n<meta property=\"og:type\" content=\"article\" \/>\n<meta property=\"og:title\" content=\"Webnode Job Board-Widget \u2013 Stellenangebote zu Webnode hinzuf\u00fcgen (2025)\" \/>\n<meta property=\"og:description\" content=\"Integrieren Sie ein responsives Jobboard-Widget auf Ihrer Webnode-Website und lassen Sie potenzielle Mitarbeiter die Stellenangebote erkunden!\" \/>\n<meta property=\"og:url\" content=\"https:\/\/elfsight.com\/de\/job-board-widget\/webnode\/\" \/>\n<meta property=\"og:site_name\" content=\"Elfsight DE\" \/>\n<meta property=\"article:modified_time\" content=\"2025-07-08T10:53:40+00:00\" \/>\n<meta name=\"twitter:card\" content=\"summary_large_image\" \/>\n<meta name=\"twitter:label1\" content=\"Gesch\u00e4tzte Lesezeit\" \/>\n\t<meta name=\"twitter:data1\" content=\"3\u00a0Minuten\" \/>\n<!-- \/ Yoast SEO plugin. -->","yoast_head_json":{"title":"Webnode Job Board-Widget \u2013 Stellenangebote zu Webnode hinzuf\u00fcgen (2025)","description":"Integrieren Sie ein responsives Jobboard-Widget auf Ihrer Webnode-Website und lassen Sie potenzielle Mitarbeiter die Stellenangebote erkunden!","robots":{"index":"index","follow":"follow","max-snippet":"max-snippet:-1","max-image-preview":"max-image-preview:large","max-video-preview":"max-video-preview:-1"},"canonical":"https:\/\/elfsight.com\/de\/job-board-widget\/webnode\/","og_locale":"de_DE","og_type":"article","og_title":"Webnode Job Board-Widget \u2013 Stellenangebote zu Webnode hinzuf\u00fcgen (2025)","og_description":"Integrieren Sie ein responsives Jobboard-Widget auf Ihrer Webnode-Website und lassen Sie potenzielle Mitarbeiter die Stellenangebote erkunden!","og_url":"https:\/\/elfsight.com\/de\/job-board-widget\/webnode\/","og_site_name":"Elfsight DE","article_modified_time":"2025-07-08T10:53:40+00:00","twitter_card":"summary_large_image","twitter_misc":{"Gesch\u00e4tzte Lesezeit":"3\u00a0Minuten"},"schema":{"@context":"https:\/\/schema.org","@graph":[{"@type":"WebPage","@id":"https:\/\/elfsight.com\/de\/job-board-widget\/webnode\/","url":"https:\/\/elfsight.com\/de\/job-board-widget\/webnode\/","name":"Webnode Job Board-Widget \u2013 Stellenangebote zu Webnode hinzuf\u00fcgen (2025)","isPartOf":{"@id":"https:\/\/elfsight.com\/de\/#website"},"datePublished":"2024-05-03T06:40:02+00:00","dateModified":"2025-07-08T10:53:40+00:00","description":"Integrieren Sie ein responsives Jobboard-Widget auf Ihrer Webnode-Website und lassen Sie potenzielle Mitarbeiter die Stellenangebote erkunden!","breadcrumb":{"@id":"https:\/\/elfsight.com\/de\/job-board-widget\/webnode\/#breadcrumb"},"inLanguage":"de","potentialAction":[{"@type":"ReadAction","target":["https:\/\/elfsight.com\/de\/job-board-widget\/webnode\/"]}]},{"@type":"BreadcrumbList","@id":"https:\/\/elfsight.com\/de\/job-board-widget\/webnode\/#breadcrumb","itemListElement":[{"@type":"ListItem","position":1,"name":"Home","item":"https:\/\/elfsight.com\/de\/"},{"@type":"ListItem","position":2,"name":"Job Board","item":"https:\/\/elfsight.com\/de\/job-board-widget\/"},{"@type":"ListItem","position":3,"name":"Job Board &#8211; Webnode"}]},{"@type":"WebSite","@id":"https:\/\/elfsight.com\/de\/#website","url":"https:\/\/elfsight.com\/de\/","name":"Elfsight DE","description":"Just another Elfsight Sites site","potentialAction":[{"@type":"SearchAction","target":{"@type":"EntryPoint","urlTemplate":"https:\/\/elfsight.com\/de\/?s={search_term_string}"},"query-input":{"@type":"PropertyValueSpecification","valueRequired":true,"valueName":"search_term_string"}}],"inLanguage":"de"}]}},"meta_box":{"industry":"","seo_heading":"","heading":"","description":"","cta_heading":"","cta_description":"","application":"3995","h1":"Webnode-Jobboard-Widget","h1_caption":"Erstellen Sie eine Jobb\u00f6rse zur Auflistung offener Stellen auf Ihrer Website und locken Sie potenzielle Kandidaten m\u00fchelos auf Ihre Webnode-Website.","application_category":[],"applications_title":"","applications_request_title":"","applications_request_button_text":"","hero_text":"","hero_video":"","hero_video_schema_markup":"","selling_points_title":"","selling_points_caption":"","selling_points":[],"selling_points_cta_text":"","features_title":"","features":"","ed_cta_examples_text":"","ed_cta_examples_hidden":"","ed_cta_demo_text":"","ed_cta_demo_hidden":"","why_caption":"","why_editor_title":"","why_editor_text":"","why_team_title":"","why_team_text":"","why_service_title":"","why_service_text":"","template_catalog_visible":"","template_catalog_title":"","template_catalog_text":"","template_catalog_categories_visible":"","demo_title":"Erstellen Sie Ihr Jobboard-Widget","demo_caption":"Konfigurieren Sie Ihre Jobb\u00f6rse und f\u00fcgen Sie sie kostenlos zu Ihrer Webnode-Website hinzu!","default_faq_hidden":"","app_template_category":[],"platform":"248","template_public_id":"","codecanyon_url":"","codecanyon_item_id":"","codecanyon_price":"","pricing_caption":"","pricing_elfsight_apps_hide_column":"","pricing_elfsight_apps_url":"","pricing_codecanyon_price_caption":"","integration_category":[],"integration_request_title":"","integration_request_cta":"","integration_platform":"","integrations":[],"platform_category":[],"video_schema_markup":"","price":"ab 0 $ \/ Monat","trial":"","benefits":[{"text":"Kostenloser Installationsservice"},{"text":"Erfahrener Kundensupport"},{"text":"14-t\u00e4gige R\u00fcckerstattungsgarantie"},{"text":"Kontinuierliche Verbesserungen"}],"button_url":"#demo","button_target_blank":"","button_nofollow":"","attributes":[{"name":"Installiert","content":"10,000 - 100,000"},{"name":"Reaktionsfreudig","content":"Ja"},{"name":"Kompatible Browser","content":"Firefox, Safari, Opera, Chrome, Edge"}],"tags":[],"tags_disable_links":"","hide_more_platforms":"","video_object":"","demo_hide_cta":"","demo_hide_cloud_options":"","pricing_title":"","pricing":[{"pricing_icon":"platform","pricing_title":"Elfsight Apps","pricing_title_caption":"Plattformunabh\u00e4ngige digitale L\u00f6sung, die auf jeder Website funktioniert","pricing_price":"ab 0 $ \/ Monat","pricing_price_caption":"Beginnen Sie mit einem kostenlosen Plan","pricing_benefits":[{"text":"Unbegrenzte Websites"},{"text":"Unternehmensunterst\u00fctzung rund um die Uhr"},{"text":"Kostenloser Installationssupport"},{"text":"Vollst\u00e4ndig anpassbar"}],"pricing_button_text":"Zur Website hinzuf\u00fcgen","pricing_button_url":"#demo"}],"related_apps_title":"","related_apps_hidden":"","author":"","image":[],"title":"","job":"","social_networks":[]},"_links":{"self":[{"href":"https:\/\/elfsight.com\/de\/wp-json\/wp\/v2\/pages\/20692","targetHints":{"allow":["GET"]}}],"collection":[{"href":"https:\/\/elfsight.com\/de\/wp-json\/wp\/v2\/pages"}],"about":[{"href":"https:\/\/elfsight.com\/de\/wp-json\/wp\/v2\/types\/page"}],"author":[{"embeddable":true,"href":"https:\/\/elfsight.com\/de\/wp-json\/wp\/v2\/users\/9"}],"replies":[{"embeddable":true,"href":"https:\/\/elfsight.com\/de\/wp-json\/wp\/v2\/comments?post=20692"}],"version-history":[{"count":1,"href":"https:\/\/elfsight.com\/de\/wp-json\/wp\/v2\/pages\/20692\/revisions"}],"predecessor-version":[{"id":20696,"href":"https:\/\/elfsight.com\/de\/wp-json\/wp\/v2\/pages\/20692\/revisions\/20696"}],"up":[{"embeddable":true,"href":"https:\/\/elfsight.com\/de\/wp-json\/wp\/v2\/pages\/3996"}],"wp:attachment":[{"href":"https:\/\/elfsight.com\/de\/wp-json\/wp\/v2\/media?parent=20692"}],"curies":[{"name":"wp","href":"https:\/\/api.w.org\/{rel}","templated":true}]}}