{"id":20691,"date":"2024-05-03T06:40:01","date_gmt":"2024-05-03T06:40:01","guid":{"rendered":"https:\/\/elfsight.com\/de\/?page_id=20691"},"modified":"2025-07-08T10:53:46","modified_gmt":"2025-07-08T10:53:46","slug":"weebly","status":"publish","type":"page","link":"https:\/\/elfsight.com\/de\/job-board-widget\/weebly\/","title":{"rendered":"Job Board &#8211; Weebly"},"content":{"rendered":"<div class=\"application-platform-content-item-description application-platform-content-item\" id=\"description\" data-nav-section=\"description\"> <h2>Beschreibung<\/h2> <p>Die Jobb\u00f6rse f\u00fcr Weebly ist ein bemerkenswertes Tool, das Ihnen die M\u00f6glichkeit gibt, offene Stellen zu ver\u00f6ffentlichen und Lebensl\u00e4ufe zu sammeln Bewerber direkt auf Ihrer Website auf einfachste Weise. Mit unserem neuen Widget k\u00f6nnen Sie Ihr Unternehmen vorstellen, Informationen \u00fcber offene Stellen ver\u00f6ffentlichen und Lebensl\u00e4ufe abrufen. Mit dem Widget k\u00f6nnen Sie eine Jobkarte mit einer ausf\u00fchrlichen Beschreibung und der Schaltfl\u00e4che \u201eBewerben\u201c erstellen. Durch die Nutzung des Elfsight Job Board k\u00f6nnen Sie den Rekrutierungsprozess optimieren und mit wenigen Klicks Antworten auf Stellenangebote erhalten. <\/p> <p><b>Erstellen Sie schnell die verlockendsten Stellenbeschreibungen und Handlungsaufforderungen, um mehr potenzielle Mitarbeiter zur Zusammenarbeit mit Ihnen zu bewegen<\/b><\/p> <\/div> <div class=\"application-platform-content-item-features  application-platform-content-item\" id=\"features \" data-nav-section=\"features \"> <h2>Das Widget verf\u00fcgt \u00fcber leistungsstarke und schnelle Funktionen, hier sind einige davon: <\/h2> <ul><li>F\u00fcgen Sie einen Bewerbungslink hinzu, um potenzielle Kandidaten auf die Seite mit Lebensl\u00e4ufen zu leiten<\/li><li>Showcase Stellenausschreibungen auf die faszinierendste Art und Weise<\/li><li>F\u00fcgen Sie so viele Stellenangebote hinzu, wie Sie m\u00f6chten<\/li><li>Beschreiben Sie die Stelle ausf\u00fchrlich und machen Sie Angaben zu: Gehalt, Berufsbezeichnung und erforderlichen F\u00e4higkeiten<\/li><li>Hinterlassen Sie Kontaktinformationen: den Namen Ihres Unternehmens, Ihre Abteilung und Ihren Standort.<\/li><\/ul><p><a href=\"#demo\">In der Demo k\u00f6nnen Sie alle Funktionen des Widgets kennenlernen <\/a><\/p> <\/div> <div class=\"application-platform-content-item-installation application-platform-content-item\" id=\"installation\" data-nav-section=\"installation\"> <h2>Wie f\u00fcge ich meiner Weebly-Site eine Jobb\u00f6rse hinzu? <\/h2> <p>Befolgen Sie einfach die unten beschriebenen Schritte, um mit der Arbeit mit der App zu beginnen. <\/p> <ol><li><b>F\u00fchren Sie unsere kostenlose Demo durch und beginnen Sie mit der Erstellung Ihrer individuellen App. <\/b><br> Geben Sie das gew\u00fcnschte Layout und die gew\u00fcnschten Eigenschaften des Tools an und wenden Sie die \u00c4nderungen an. <\/li> <li><b>Erhalten Sie den individuellen Code, der im speziellen Formular auf Elfsight Apps angezeigt wird. <\/b><br> Nachdem die Generierung Ihres Plugins abgeschlossen ist, kopieren Sie den exklusiven Code aus dem angezeigten Popup und speichern Sie ihn f\u00fcr die zuk\u00fcnftige Verwendung. <\/li> <li><b>Initiieren Sie die Nutzung des Widgets auf Ihrer Weebly-Website. <\/b><br> Integrieren Sie den zuvor kopierten Code in Ihre Website und \u00fcbernehmen Sie die Korrekturen. <\/li> <li><b>Du bist fertig! Die Einbettung ist vollst\u00e4ndig abgeschlossen. <\/b><br> Besuchen Sie Ihre Website, um zu pr\u00fcfen, wie das Tool funktioniert. <\/li><\/ol> <p>Wenn Sie mit Fragen konfrontiert werden oder auf Probleme sto\u00dfen, scheuen Sie sich nicht, Hilfe von unserem Support-Team in Anspruch zu nehmen. Unsere Berater helfen Ihnen gerne bei der L\u00f6sung aller Schwierigkeiten, die Sie mit dem Plugin haben k\u00f6nnten. <\/p> <div class=\"faq\" data-component=\"FAQ\"><div class=\"faq-item\">\r\n\t\t\t\t\t<div class=\"faq-item-question\">\r\n\t\t\t\t\t\t<h3 class=\"faq-item-question-text\">Wie binde ich eine Jobb\u00f6rse ohne Programmierkenntnisse in meine Weebly-Homepage ein?<\/h3>\r\n\r\n\t\t\t\t\t\t<div class=\"faq-item-question-icon\"><\/div>\r\n\t\t\t\t\t<\/div>\r\n\r\n\t\t\t\t\t<div class=\"faq-item-answer\">\r\n\t\t\t\t\t\t<div class=\"faq-item-answer-text\"> <p>Das Unternehmen Elfsight bietet eine L\u00f6sung, mit der Benutzer selbst ein Jobboard-Plugin erstellen k\u00f6nnen. \u00dcberpr\u00fcfen Sie, wie einfach das ist ist: Gehen Sie zur Live-Demo, um ein Jobboard-Widget zu erstellen, das Sie auf der Weebly-Website einbetten m\u00f6chten. Klicken Sie auf eine der vielen vorgefertigten Vorlagen und \u00e4ndern Sie die Jobboard-Einstellungen, f\u00fcgen Sie Ihre Inhalte ein, \u00e4ndern Sie das Layout und die Farbe der Elemente, ohne Programmiererfahrung zu haben. Klicken Sie, um die Jobb\u00f6rse zu speichern und den Installationscode zu erhalten, den Sie m\u00fchelos und kostenlos in die Weebly-Homepage einf\u00fcgen k\u00f6nnen. Mit unserem intuitiven Konfigurator kann jeder Internetnutzer ein Jobboard-Plugin erstellen und es einfach in die Weebly-Website einbetten. Sie m\u00fcssen kein kostenpflichtiges Abonnement abschlie\u00dfen oder Ihre Kartendaten angeben, um auf den Editor zuzugreifen. Wenn Sie bei irgendeinem Schritt auf Probleme sto\u00dfen, wenden Sie sich bitte an unsere Support-Mitarbeiter.<\/p> <\/div>\r\n\t\t\t\t\t<\/div>\r\n\t\t\t\t<\/div> <\/div><\/div>","protected":false},"excerpt":{"rendered":"","protected":false},"author":9,"featured_media":0,"parent":3996,"menu_order":0,"comment_status":"closed","ping_status":"closed","template":"templates\/template-application-platform.php","meta":{"publish_to_discourse":"","publish_post_category":"","wpdc_auto_publish_overridden":"","wpdc_topic_tags":"","wpdc_pin_topic":"","wpdc_pin_until":"","discourse_post_id":"","discourse_permalink":"","wpdc_publishing_response":"","wpdc_publishing_error":"","footnotes":""},"class_list":["post-20691","page","type-page","status-publish","hentry"],"yoast_head":"<!-- This site is optimized with the Yoast SEO plugin v25.3.1 - https:\/\/yoast.com\/wordpress\/plugins\/seo\/ -->\n<title>Weebly Job Board-App \u2013 Stellenangebote zu Weebly hinzuf\u00fcgen (2025)<\/title>\n<meta name=\"description\" content=\"F\u00fcgen Sie eine responsive Jobb\u00f6rsen-App auf Ihrer Weebly-Website hinzu und lassen Sie Ihre potenziellen Mitarbeiter die offenen Stellen erkunden!\" \/>\n<meta name=\"robots\" content=\"index, follow, max-snippet:-1, max-image-preview:large, max-video-preview:-1\" \/>\n<link rel=\"canonical\" href=\"https:\/\/elfsight.com\/de\/job-board-widget\/weebly\/\" \/>\n<meta property=\"og:locale\" content=\"de_DE\" \/>\n<meta property=\"og:type\" content=\"article\" \/>\n<meta property=\"og:title\" content=\"Weebly Job Board-App \u2013 Stellenangebote zu Weebly hinzuf\u00fcgen (2025)\" \/>\n<meta property=\"og:description\" content=\"F\u00fcgen Sie eine responsive Jobb\u00f6rsen-App auf Ihrer Weebly-Website hinzu und lassen Sie Ihre potenziellen Mitarbeiter die offenen Stellen erkunden!\" \/>\n<meta property=\"og:url\" content=\"https:\/\/elfsight.com\/de\/job-board-widget\/weebly\/\" \/>\n<meta property=\"og:site_name\" content=\"Elfsight DE\" \/>\n<meta property=\"article:modified_time\" content=\"2025-07-08T10:53:46+00:00\" \/>\n<meta name=\"twitter:card\" content=\"summary_large_image\" \/>\n<meta name=\"twitter:label1\" content=\"Gesch\u00e4tzte Lesezeit\" \/>\n\t<meta name=\"twitter:data1\" content=\"3\u00a0Minuten\" \/>\n<!-- \/ Yoast SEO plugin. -->","yoast_head_json":{"title":"Weebly Job Board-App \u2013 Stellenangebote zu Weebly hinzuf\u00fcgen (2025)","description":"F\u00fcgen Sie eine responsive Jobb\u00f6rsen-App auf Ihrer Weebly-Website hinzu und lassen Sie Ihre potenziellen Mitarbeiter die offenen Stellen erkunden!","robots":{"index":"index","follow":"follow","max-snippet":"max-snippet:-1","max-image-preview":"max-image-preview:large","max-video-preview":"max-video-preview:-1"},"canonical":"https:\/\/elfsight.com\/de\/job-board-widget\/weebly\/","og_locale":"de_DE","og_type":"article","og_title":"Weebly Job Board-App \u2013 Stellenangebote zu Weebly hinzuf\u00fcgen (2025)","og_description":"F\u00fcgen Sie eine responsive Jobb\u00f6rsen-App auf Ihrer Weebly-Website hinzu und lassen Sie Ihre potenziellen Mitarbeiter die offenen Stellen erkunden!","og_url":"https:\/\/elfsight.com\/de\/job-board-widget\/weebly\/","og_site_name":"Elfsight DE","article_modified_time":"2025-07-08T10:53:46+00:00","twitter_card":"summary_large_image","twitter_misc":{"Gesch\u00e4tzte Lesezeit":"3\u00a0Minuten"},"schema":{"@context":"https:\/\/schema.org","@graph":[{"@type":"WebPage","@id":"https:\/\/elfsight.com\/de\/job-board-widget\/weebly\/","url":"https:\/\/elfsight.com\/de\/job-board-widget\/weebly\/","name":"Weebly Job Board-App \u2013 Stellenangebote zu Weebly hinzuf\u00fcgen (2025)","isPartOf":{"@id":"https:\/\/elfsight.com\/de\/#website"},"datePublished":"2024-05-03T06:40:01+00:00","dateModified":"2025-07-08T10:53:46+00:00","description":"F\u00fcgen Sie eine responsive Jobb\u00f6rsen-App auf Ihrer Weebly-Website hinzu und lassen Sie Ihre potenziellen Mitarbeiter die offenen Stellen erkunden!","breadcrumb":{"@id":"https:\/\/elfsight.com\/de\/job-board-widget\/weebly\/#breadcrumb"},"inLanguage":"de","potentialAction":[{"@type":"ReadAction","target":["https:\/\/elfsight.com\/de\/job-board-widget\/weebly\/"]}]},{"@type":"BreadcrumbList","@id":"https:\/\/elfsight.com\/de\/job-board-widget\/weebly\/#breadcrumb","itemListElement":[{"@type":"ListItem","position":1,"name":"Home","item":"https:\/\/elfsight.com\/de\/"},{"@type":"ListItem","position":2,"name":"Job Board","item":"https:\/\/elfsight.com\/de\/job-board-widget\/"},{"@type":"ListItem","position":3,"name":"Job Board &#8211; Weebly"}]},{"@type":"WebSite","@id":"https:\/\/elfsight.com\/de\/#website","url":"https:\/\/elfsight.com\/de\/","name":"Elfsight DE","description":"Just another Elfsight Sites site","potentialAction":[{"@type":"SearchAction","target":{"@type":"EntryPoint","urlTemplate":"https:\/\/elfsight.com\/de\/?s={search_term_string}"},"query-input":{"@type":"PropertyValueSpecification","valueRequired":true,"valueName":"search_term_string"}}],"inLanguage":"de"}]}},"meta_box":{"industry":"","seo_heading":"","heading":"","description":"","cta_heading":"","cta_description":"","application":"3995","h1":"Weebly Job Board-App","h1_caption":"Erstellen Sie eine Jobb\u00f6rse zur Auflistung offener Stellen auf Ihrer Website und locken Sie potenzielle Kandidaten m\u00fchelos auf Ihre Weebly-Website.","application_category":[],"applications_title":"","applications_request_title":"","applications_request_button_text":"","hero_text":"","hero_video":"","hero_video_schema_markup":"","selling_points_title":"","selling_points_caption":"","selling_points":[],"selling_points_cta_text":"","features_title":"","features":"","ed_cta_examples_text":"","ed_cta_examples_hidden":"","ed_cta_demo_text":"","ed_cta_demo_hidden":"","why_caption":"","why_editor_title":"","why_editor_text":"","why_team_title":"","why_team_text":"","why_service_title":"","why_service_text":"","template_catalog_visible":"","template_catalog_title":"","template_catalog_text":"","template_catalog_categories_visible":"","demo_title":"Erstellen Sie Ihre Jobb\u00f6rsen-App","demo_caption":"Konfigurieren Sie Ihre Jobb\u00f6rse und f\u00fcgen Sie sie kostenlos zu Ihrer Weebly-Website hinzu!","default_faq_hidden":"","app_template_category":[],"platform":"249","template_public_id":"","codecanyon_url":"","codecanyon_item_id":"","codecanyon_price":"","pricing_caption":"","pricing_elfsight_apps_hide_column":"","pricing_elfsight_apps_url":"","pricing_codecanyon_price_caption":"","integration_category":[],"integration_request_title":"","integration_request_cta":"","integration_platform":"","integrations":[],"platform_category":[],"video_schema_markup":"","price":"ab 0 $ \/ Monat","trial":"","benefits":[{"text":"Kostenlose Installationshilfe"},{"text":"Professioneller Kundenservice"},{"text":"14-t\u00e4gige Geld-zur\u00fcck-Garantie"},{"text":"Fortlaufende Entwicklung"}],"button_url":"#demo","button_target_blank":"","button_nofollow":"","attributes":[{"name":"Installiert","content":"10,000 - 100,000"},{"name":"Reaktionsfreudig","content":"Ja"},{"name":"Kompatible Browser","content":"Firefox, Safari, Opera, Chrome, Edge"}],"tags":[],"tags_disable_links":"","hide_more_platforms":"","video_object":"","demo_hide_cta":"","demo_hide_cloud_options":"","pricing_title":"","pricing":[{"pricing_icon":"platform","pricing_title":"Elfsight Apps","pricing_title_caption":"Plattform\u00fcbergreifende L\u00f6sung, die auf jeder Website funktioniert","pricing_price":"ab 0 $ \/ Monat","pricing_price_caption":"Beginnen Sie mit einem kostenlosen Plan","pricing_benefits":[{"text":"Unbegrenzte Domains"},{"text":"Unternehmensunterst\u00fctzung rund um die Uhr"},{"text":"Kostenlose Installationsunterst\u00fctzung"},{"text":"100 % anpassbar"}],"pricing_button_text":"Zur Website hinzuf\u00fcgen","pricing_button_url":"#demo"}],"related_apps_title":"","related_apps_hidden":"","author":"","image":[],"title":"","job":"","social_networks":[]},"_links":{"self":[{"href":"https:\/\/elfsight.com\/de\/wp-json\/wp\/v2\/pages\/20691","targetHints":{"allow":["GET"]}}],"collection":[{"href":"https:\/\/elfsight.com\/de\/wp-json\/wp\/v2\/pages"}],"about":[{"href":"https:\/\/elfsight.com\/de\/wp-json\/wp\/v2\/types\/page"}],"author":[{"embeddable":true,"href":"https:\/\/elfsight.com\/de\/wp-json\/wp\/v2\/users\/9"}],"replies":[{"embeddable":true,"href":"https:\/\/elfsight.com\/de\/wp-json\/wp\/v2\/comments?post=20691"}],"version-history":[{"count":1,"href":"https:\/\/elfsight.com\/de\/wp-json\/wp\/v2\/pages\/20691\/revisions"}],"predecessor-version":[{"id":20695,"href":"https:\/\/elfsight.com\/de\/wp-json\/wp\/v2\/pages\/20691\/revisions\/20695"}],"up":[{"embeddable":true,"href":"https:\/\/elfsight.com\/de\/wp-json\/wp\/v2\/pages\/3996"}],"wp:attachment":[{"href":"https:\/\/elfsight.com\/de\/wp-json\/wp\/v2\/media?parent=20691"}],"curies":[{"name":"wp","href":"https:\/\/api.w.org\/{rel}","templated":true}]}}