{"id":20686,"date":"2024-05-03T06:40:00","date_gmt":"2024-05-03T06:40:00","guid":{"rendered":"https:\/\/elfsight.com\/de\/?page_id=20686"},"modified":"2025-07-08T10:53:51","modified_gmt":"2025-07-08T10:53:51","slug":"wix","status":"publish","type":"page","link":"https:\/\/elfsight.com\/de\/job-board-widget\/wix\/","title":{"rendered":"Job Board &#8211; Wix"},"content":{"rendered":"<div class=\"application-platform-content-item-description application-platform-content-item\" id=\"description\" data-nav-section=\"description\"> <h2>Beschreibung<\/h2> <p>Das Job Board f\u00fcr Wix ist eine beeindruckende App, die Ihnen die M\u00f6glichkeit gibt, offene Stellen anzuzeigen und Lebensl\u00e4ufe von zu erhalten Bewerber direkt auf Ihrer Website auf die einfachste Art und Weise. Mit unserem neuen Tool k\u00f6nnen Sie Ihr Unternehmen offenlegen, Informationen zu offenen Stellen ver\u00f6ffentlichen und Lebensl\u00e4ufe erhalten. Das Widget bietet Ihnen die M\u00f6glichkeit, eine Jobkarte mit einer genauen Darstellung und der Schaltfl\u00e4che \u201eBewerben\u201c zu erstellen. Mit Elfsight Job Board k\u00f6nnen Sie den Rekrutierungsprozess optimieren und mit einem Klick Antworten auf offene Stellen erhalten. <\/p> <p><b>Erstellen Sie ganz einfach die verlockendsten Stellenangebote und CTA-Buttons, um mehr potenzielle Mitarbeiter zur Zusammenarbeit mit Ihnen zu motivieren<\/b><\/p> <\/div> <div class=\"application-platform-content-item-features application-platform-content-item\" id=\"features\" data-nav-section=\"features\"> <h2>Das Widget enth\u00e4lt n\u00fctzliche und schnelle Funktionen, sehen Sie sich einige davon an: <\/h2> <ul><li>Erstellen Sie einen Bewerbungslink, um potenzielle Mitarbeiter auf die Seite zu leiten, auf der Lebensl\u00e4ufe gesammelt werden<\/li><li>Stellen Sie offene Stellen im vor Der attraktivste Weg<\/li><li>F\u00fcgen Sie so viele Jobs hinzu, wie Sie m\u00f6chten<\/li><li>F\u00fcgen Sie Informationen \u00fcber den Job hinzu: ben\u00f6tigte F\u00e4higkeiten, Gehalt und Berufsbezeichnung<\/li><li>Hinterlassen Sie Kontaktdaten: Abteilung , den Namen Ihres Unternehmens und den Standort<\/li><\/ul><p><a href=\"#demo\">Was das Widget wert ist, k\u00f6nnen Sie mithilfe der Demo pr\u00fcfen<\/a><\/p> <\/div> <div class=\"application-platform-content-item-installation application-platform-content-item\" id=\"installation\" data-nav-section=\"installation\"> <h2>Wie kann ich eine Jobb\u00f6rse in meine Wix-Website einbetten? <\/h2> <p>Befolgen Sie einfach die unten aufgef\u00fchrten Schritte, um mit der Arbeit mit der App zu beginnen. <\/p> <ol><li><b>Starten Sie unseren kostenlosen Konfigurator und beginnen Sie mit der Gestaltung Ihrer personalisierten App. <\/b><br> Geben Sie die passende Form und Funktionalit\u00e4t des Plugins an und wenden Sie die Korrekturen an. <\/li> <li><b>Erhalten Sie den pers\u00f6nlichen Code, der in der speziellen Form auf Elfsight Apps angezeigt wird. <\/b><br> Sobald die Konfiguration Ihrer pers\u00f6nlichen App abgeschlossen ist, kopieren Sie den exklusiven Code im angezeigten Fenster und bewahren Sie ihn f\u00fcr die zuk\u00fcnftige Verwendung auf. <\/li> <li><b>Initiieren Sie die Anwendung der App auf Ihrer Wix-Website. <\/b><br> Betten Sie den k\u00fcrzlich gespeicherten Code in Ihre Webseite ein und \u00fcbernehmen Sie die \u00c4nderungen. <\/li> <li><b>Die Installation ist vollst\u00e4ndig abgeschlossen. <\/b><br> Besuchen Sie Ihre Webseite, um einen Blick auf die Funktionsweise der App zu werfen. <\/li><\/ol> <p>Scheuen Sie sich nicht, sich an unser Kundendienstteam zu wenden, wenn Sie mit Anfragen oder Problemen konfrontiert werden. Unsere Mitarbeiter sind bestrebt, alle Ihre Fragen zum Widget zu beantworten. <\/p> <div class=\"faq\" data-component=\"FAQ\"><div class=\"faq-item\">\r\n\t\t\t\t\t<div class=\"faq-item-question\">\r\n\t\t\t\t\t\t<h3 class=\"faq-item-question-text\">Wie kann ich ohne Programmiererfahrung eine Jobb\u00f6rse zu meiner Website von Wix hinzuf\u00fcgen?<\/h3>\r\n\r\n\t\t\t\t\t\t<div class=\"faq-item-question-icon\"><\/div>\r\n\t\t\t\t\t<\/div>\r\n\r\n\t\t\t\t\t<div class=\"faq-item-answer\">\r\n\t\t\t\t\t\t<div class=\"faq-item-answer-text\"> <p>Elfsight bietet eine Cloud-L\u00f6sung, mit der Benutzer selbst eine Jobb\u00f6rsen-App erstellen k\u00f6nnen. Entdecken Sie, wie einfach der Prozess ist: Arbeiten Sie direkt im Live-Editor, um eine Jobb\u00f6rsen-App zu erstellen, die Sie auf Ihrer Website von Wix einbetten m\u00f6chten. W\u00e4hlen Sie eine der vielen vorgefertigten Vorlagen aus und \u00e4ndern Sie die Jobboard-Einstellungen, f\u00fcgen Sie Ihre Inhalte hinzu, \u00e4ndern Sie das Layout und das Farbschema \u2013 ganz ohne Programmierkenntnisse. Klicken Sie hier, um die Einstellungen, die Sie in der Jobb\u00f6rse vorgenommen haben, zu speichern und den Installationscode zu erhalten, der problemlos in jede Website von Wix eingebettet werden kann, ohne ein kostenpflichtiges Abonnement zu kaufen. Mit unserem benutzerfreundlichen Editor kann jeder Internetnutzer ein Jobboard-Widget erstellen und es problemlos zu jeder Wix-Webseite hinzuf\u00fcgen. Sie m\u00fcssen kein kostenpflichtiges Abonnement abschlie\u00dfen oder Ihre Kartendaten eingeben, um auf den Elfsight Editor zuzugreifen. Wenn Sie auf Probleme jeglicher Art sto\u00dfen, wenden Sie sich bitte an unser technisches Support-Team.<\/p> <\/div>\r\n\t\t\t\t\t<\/div>\r\n\t\t\t\t<\/div> <\/div><\/div>","protected":false},"excerpt":{"rendered":"","protected":false},"author":9,"featured_media":0,"parent":3996,"menu_order":0,"comment_status":"closed","ping_status":"closed","template":"templates\/template-application-platform.php","meta":{"publish_to_discourse":"","publish_post_category":"","wpdc_auto_publish_overridden":"","wpdc_topic_tags":"","wpdc_pin_topic":"","wpdc_pin_until":"","discourse_post_id":"","discourse_permalink":"","wpdc_publishing_response":"","wpdc_publishing_error":"","footnotes":""},"class_list":["post-20686","page","type-page","status-publish","hentry"],"yoast_head":"<!-- This site is optimized with the Yoast SEO plugin v25.3.1 - https:\/\/yoast.com\/wordpress\/plugins\/seo\/ -->\n<title>Wix Job Board-App \u2013 Stellenangebote zu Wix hinzuf\u00fcgen (2025)<\/title>\n<meta name=\"description\" content=\"Integrieren Sie eine responsive Jobb\u00f6rsen-App auf Ihrer Wix-Website und lassen Sie potenzielle Mitarbeiter schnell die offenen Stellen sehen!\" \/>\n<meta name=\"robots\" content=\"index, follow, max-snippet:-1, max-image-preview:large, max-video-preview:-1\" \/>\n<link rel=\"canonical\" href=\"https:\/\/elfsight.com\/de\/job-board-widget\/wix\/\" \/>\n<meta property=\"og:locale\" content=\"de_DE\" \/>\n<meta property=\"og:type\" content=\"article\" \/>\n<meta property=\"og:title\" content=\"Wix Job Board-App \u2013 Stellenangebote zu Wix hinzuf\u00fcgen (2025)\" \/>\n<meta property=\"og:description\" content=\"Integrieren Sie eine responsive Jobb\u00f6rsen-App auf Ihrer Wix-Website und lassen Sie potenzielle Mitarbeiter schnell die offenen Stellen sehen!\" \/>\n<meta property=\"og:url\" content=\"https:\/\/elfsight.com\/de\/job-board-widget\/wix\/\" \/>\n<meta property=\"og:site_name\" content=\"Elfsight DE\" \/>\n<meta property=\"article:modified_time\" content=\"2025-07-08T10:53:51+00:00\" \/>\n<meta name=\"twitter:card\" content=\"summary_large_image\" \/>\n<meta name=\"twitter:label1\" content=\"Gesch\u00e4tzte Lesezeit\" \/>\n\t<meta name=\"twitter:data1\" content=\"3\u00a0Minuten\" \/>\n<!-- \/ Yoast SEO plugin. -->","yoast_head_json":{"title":"Wix Job Board-App \u2013 Stellenangebote zu Wix hinzuf\u00fcgen (2025)","description":"Integrieren Sie eine responsive Jobb\u00f6rsen-App auf Ihrer Wix-Website und lassen Sie potenzielle Mitarbeiter schnell die offenen Stellen sehen!","robots":{"index":"index","follow":"follow","max-snippet":"max-snippet:-1","max-image-preview":"max-image-preview:large","max-video-preview":"max-video-preview:-1"},"canonical":"https:\/\/elfsight.com\/de\/job-board-widget\/wix\/","og_locale":"de_DE","og_type":"article","og_title":"Wix Job Board-App \u2013 Stellenangebote zu Wix hinzuf\u00fcgen (2025)","og_description":"Integrieren Sie eine responsive Jobb\u00f6rsen-App auf Ihrer Wix-Website und lassen Sie potenzielle Mitarbeiter schnell die offenen Stellen sehen!","og_url":"https:\/\/elfsight.com\/de\/job-board-widget\/wix\/","og_site_name":"Elfsight DE","article_modified_time":"2025-07-08T10:53:51+00:00","twitter_card":"summary_large_image","twitter_misc":{"Gesch\u00e4tzte Lesezeit":"3\u00a0Minuten"},"schema":{"@context":"https:\/\/schema.org","@graph":[{"@type":"WebPage","@id":"https:\/\/elfsight.com\/de\/job-board-widget\/wix\/","url":"https:\/\/elfsight.com\/de\/job-board-widget\/wix\/","name":"Wix Job Board-App \u2013 Stellenangebote zu Wix hinzuf\u00fcgen (2025)","isPartOf":{"@id":"https:\/\/elfsight.com\/de\/#website"},"datePublished":"2024-05-03T06:40:00+00:00","dateModified":"2025-07-08T10:53:51+00:00","description":"Integrieren Sie eine responsive Jobb\u00f6rsen-App auf Ihrer Wix-Website und lassen Sie potenzielle Mitarbeiter schnell die offenen Stellen sehen!","breadcrumb":{"@id":"https:\/\/elfsight.com\/de\/job-board-widget\/wix\/#breadcrumb"},"inLanguage":"de","potentialAction":[{"@type":"ReadAction","target":["https:\/\/elfsight.com\/de\/job-board-widget\/wix\/"]}]},{"@type":"BreadcrumbList","@id":"https:\/\/elfsight.com\/de\/job-board-widget\/wix\/#breadcrumb","itemListElement":[{"@type":"ListItem","position":1,"name":"Home","item":"https:\/\/elfsight.com\/de\/"},{"@type":"ListItem","position":2,"name":"Job Board","item":"https:\/\/elfsight.com\/de\/job-board-widget\/"},{"@type":"ListItem","position":3,"name":"Job Board &#8211; Wix"}]},{"@type":"WebSite","@id":"https:\/\/elfsight.com\/de\/#website","url":"https:\/\/elfsight.com\/de\/","name":"Elfsight DE","description":"Just another Elfsight Sites site","potentialAction":[{"@type":"SearchAction","target":{"@type":"EntryPoint","urlTemplate":"https:\/\/elfsight.com\/de\/?s={search_term_string}"},"query-input":{"@type":"PropertyValueSpecification","valueRequired":true,"valueName":"search_term_string"}}],"inLanguage":"de"}]}},"meta_box":{"industry":"","seo_heading":"","heading":"","description":"","cta_heading":"","cta_description":"","application":"3995","h1":"Wix Job Board-App","h1_caption":"Erstellen Sie eine Jobb\u00f6rse zur Auflistung offener Stellen auf Ihrer Website und locken Sie potenzielle Kandidaten m\u00fchelos auf Ihre Wix-Website.","application_category":[],"applications_title":"","applications_request_title":"","applications_request_button_text":"","hero_text":"","hero_video":"","hero_video_schema_markup":"","selling_points_title":"","selling_points_caption":"","selling_points":[],"selling_points_cta_text":"","features_title":"","features":"","ed_cta_examples_text":"","ed_cta_examples_hidden":"","ed_cta_demo_text":"","ed_cta_demo_hidden":"","why_caption":"","why_editor_title":"","why_editor_text":"","why_team_title":"","why_team_text":"","why_service_title":"","why_service_text":"","template_catalog_visible":"","template_catalog_title":"","template_catalog_text":"","template_catalog_categories_visible":"","demo_title":"Erstellen Sie Ihre Jobb\u00f6rsen-App","demo_caption":"Konfigurieren Sie Ihr Jobboard und f\u00fcgen Sie es kostenlos zu Ihrer Wix-Website hinzu!","default_faq_hidden":"","app_template_category":[],"platform":"265","template_public_id":"","codecanyon_url":"","codecanyon_item_id":"","codecanyon_price":"","pricing_caption":"","pricing_elfsight_apps_hide_column":"","pricing_elfsight_apps_url":"","pricing_codecanyon_price_caption":"","integration_category":[],"integration_request_title":"","integration_request_cta":"","integration_platform":"","integrations":[],"platform_category":[],"video_schema_markup":"","price":"ab 0 $ \/ Monat","trial":"","benefits":[{"text":"Kostenloser Installationsservice"},{"text":"Effektiver Kundenservice"},{"text":"14-t\u00e4gige Geld-zur\u00fcck-Garantie"},{"text":"Zuk\u00fcnftige Verbesserungen"}],"button_url":"#demo","button_target_blank":"","button_nofollow":"","attributes":[{"name":"Installiert","content":"10,000 - 100,000"},{"name":"Reaktionsfreudig","content":"Ja"},{"name":"Kompatible Browser","content":"Firefox, Safari, Opera, Chrome, Edge"}],"tags":[],"tags_disable_links":"","hide_more_platforms":"","video_object":"","demo_hide_cta":"","demo_hide_cloud_options":"","pricing_title":"","pricing":[{"pricing_icon":"platform","pricing_title":"Elfsight Apps","pricing_title_caption":"Multiplattform-Version","pricing_price":"ab 0 $ \/ Monat","pricing_price_caption":"Beginnen Sie mit einem kostenlosen Plan","pricing_benefits":[{"text":"Unbegrenzte Domains"},{"text":"Professionelle Unterst\u00fctzung und gut dokumentiert"},{"text":"Kostenlose Installationsunterst\u00fctzung"},{"text":"100 % anpassbar"}],"pricing_button_text":"Zur Website hinzuf\u00fcgen","pricing_button_url":"#demo"}],"related_apps_title":"","related_apps_hidden":"","author":"","image":[],"title":"","job":"","social_networks":[]},"_links":{"self":[{"href":"https:\/\/elfsight.com\/de\/wp-json\/wp\/v2\/pages\/20686","targetHints":{"allow":["GET"]}}],"collection":[{"href":"https:\/\/elfsight.com\/de\/wp-json\/wp\/v2\/pages"}],"about":[{"href":"https:\/\/elfsight.com\/de\/wp-json\/wp\/v2\/types\/page"}],"author":[{"embeddable":true,"href":"https:\/\/elfsight.com\/de\/wp-json\/wp\/v2\/users\/9"}],"replies":[{"embeddable":true,"href":"https:\/\/elfsight.com\/de\/wp-json\/wp\/v2\/comments?post=20686"}],"version-history":[{"count":1,"href":"https:\/\/elfsight.com\/de\/wp-json\/wp\/v2\/pages\/20686\/revisions"}],"predecessor-version":[{"id":20690,"href":"https:\/\/elfsight.com\/de\/wp-json\/wp\/v2\/pages\/20686\/revisions\/20690"}],"up":[{"embeddable":true,"href":"https:\/\/elfsight.com\/de\/wp-json\/wp\/v2\/pages\/3996"}],"wp:attachment":[{"href":"https:\/\/elfsight.com\/de\/wp-json\/wp\/v2\/media?parent=20686"}],"curies":[{"name":"wp","href":"https:\/\/api.w.org\/{rel}","templated":true}]}}