{"id":20684,"date":"2024-05-03T06:39:57","date_gmt":"2024-05-03T06:39:57","guid":{"rendered":"https:\/\/elfsight.com\/de\/?page_id=20684"},"modified":"2025-07-08T10:52:25","modified_gmt":"2025-07-08T10:52:25","slug":"google-sites","status":"publish","type":"page","link":"https:\/\/elfsight.com\/de\/job-board-widget\/google-sites\/","title":{"rendered":"Job Board &#8211; Google Sites"},"content":{"rendered":"<div class=\"application-platform-content-item-description application-platform-content-item\" id=\"description\" data-nav-section=\"description\"> <h2>Einbetten einer Jobb\u00f6rse in Google Sites mit dem Elfsight-Widget<\/h2> <p>Unsere Jobb\u00f6rse f\u00fcr Google Sites ist ein au\u00dfergew\u00f6hnliches Plugin, das Ihnen Sicherheit bietet mit der M\u00f6glichkeit, offene Stellen zu ver\u00f6ffentlichen und Lebensl\u00e4ufe von Kandidaten direkt auf Ihrer Website zu erhalten, und zwar auf die leicht zug\u00e4ngliche Art und Weise. Mit unserem neuen Tool k\u00f6nnen Sie Ihr Unternehmen vorstellen, Informationen \u00fcber offene Stellen verteilen und Lebensl\u00e4ufe sammeln. Mit dem Widget k\u00f6nnen Sie eine Jobkarte mit einer genauen Darstellung und der Schaltfl\u00e4che \u201e\u00dcbernehmen\u201c gestalten. Durch die Nutzung des Elfsight Job Boards k\u00f6nnen Sie den Rekrutierungsprozess vereinfachen und mit wenigen Klicks Antworten auf Stellenausschreibungen erhalten. <\/p> <p><b>Erstellen Sie ganz einfach die verlockendsten Stellenangebote und CTA-Buttons, um mehr potenzielle Mitarbeiter zur Zusammenarbeit mit Ihnen zu bewegen<\/b><\/p> <\/div> <div class=\"application-platform-content-item-features application-platform-content-item\" id=\"features\" data-nav-section=\"features\"> <h2>Dies sind nur einige der zahlreichen Plugin-Funktionen: <\/h2> <ul><li>Erstellen Sie einen Bewerbungslink, um potenzielle Kandidaten auf die Seite mit Lebensl\u00e4ufen zu leiten<\/li><li>Pr\u00e4sentieren Sie offene Stellen auf die ansprechendste Art und Weise<\/li><li>F\u00fcgen Sie so viele Stellenangebote hinzu, wie Sie m\u00f6chten<\/li><li>F\u00fcgen Sie zahlreiche Details zur Stelle hinzu: erforderliche F\u00e4higkeiten, Gehalt und Berufsbezeichnung<\/li><li>Geben Sie Informationen \u00fcber das Unternehmen an: Abteilung , seinen Namen und seinen Speicherort<\/li><\/ul><p><a href=\"#demo\">Probieren Sie einfach diese Demo aus, um die Funktionalit\u00e4t des Plugins zu verstehen<\/a><\/p> <\/div> <div class=\"application-platform-content-item-installation application-platform-content-item\" id=\"installation\" data-nav-section=\"installation\"> <h2>Wie bette ich eine Jobb\u00f6rse in meine Google Sites-Website ein? <\/h2> <p>Befolgen Sie einfach die unten beschriebenen Schritte, um mit der Verwendung des Plugins zu beginnen. <\/p> <ol><li><b>Nutzen Sie unseren kostenlosen Konfigurator und beginnen Sie mit der Gestaltung Ihres individuellen Plugins. <\/b><br> Finden Sie das gew\u00fcnschte Design und die gew\u00fcnschten Eigenschaften des Plugins und speichern Sie die Korrekturen. <\/li> <li><b>Sie erhalten den individuellen Code, der im speziellen Formular auf Elfsight Apps angezeigt wird. <\/b><br> Kopieren Sie unmittelbar nach Abschluss der Konfiguration Ihres pers\u00f6nlichen Tools den einzelnen Code im angezeigten Popup und bewahren Sie ihn f\u00fcr einen sp\u00e4teren Bedarf auf. <\/li> <li><b>Beginnen Sie mit der Verwendung des Plugins auf Ihrer Google Sites-Website. <\/b><br> F\u00fcgen Sie den zuvor kopierten Code in Ihre Webseite ein und speichern Sie die Anpassungen. <\/li> <li><b>Das Setup ist vollst\u00e4ndig abgeschlossen. <\/b><br> Besuchen Sie Ihre Website, um die Arbeit des Plugins in Aktion zu sehen. <\/li><\/ol> <div class=\"tip-yellow tip\"><b>Aufgrund der Besonderheiten der Google Sites-Funktion sieht das Widget m\u00f6glicherweise anders aus als die Online-Demo. Wir entschuldigen uns f\u00fcr etwaige Unannehmlichkeiten.<\/b><\/div><p>Wenn Sie auf Hindernisse sto\u00dfen, z\u00f6gern Sie nicht, unserem Support-Team zu schreiben. Unsere Mitarbeiter sind bestrebt, alle Fragen zu beantworten, die Sie m\u00f6glicherweise zu dem Produkt haben. <\/p> <div class=\"faq\" data-component=\"FAQ\"><div class=\"faq-item\">\r\n\t\t\t\t\t<div class=\"faq-item-question\">\r\n\t\t\t\t\t\t<h3 class=\"faq-item-question-text\">Gibt es eine M\u00f6glichkeit, ohne Programmierkenntnisse eine Jobb\u00f6rse zu meiner Google Sites-Website hinzuzuf\u00fcgen?<\/h3>\r\n\r\n\t\t\t\t\t\t<div class=\"faq-item-question-icon\"><\/div>\r\n\t\t\t\t\t<\/div>\r\n\r\n\t\t\t\t\t<div class=\"faq-item-answer\">\r\n\t\t\t\t\t\t<div class=\"faq-item-answer-text\"> <p>Elfsight bietet eine L\u00f6sung, mit der Sie selbst ein Jobboard-Plugin erstellen k\u00f6nnen. Sehen Sie, wie unkompliziert der Prozess ist: Arbeiten Sie direkt im Live-Editor, um ein Jobboard-Widget zu erstellen, das Sie in Ihre Google Sites-Website einbinden m\u00f6chten. Klicken Sie auf eine unserer vorgefertigten Vorlagen und \u00e4ndern Sie die Jobboard-Einstellungen, \u00e4ndern Sie das Layout und die Farben und f\u00fcgen Sie Ihre Inhalte hinzu \u2013 ganz ohne Programmieraufwand. Klicken Sie hier, um die Einstellungen, die Sie in der Jobb\u00f6rse vorgenommen haben, zu speichern und den Code zum Einbetten zu erhalten, der kostenlos in die Google Sites-Startseite eingebettet werden kann. Mit dem unkomplizierten Konfigurator kann jeder Webnutzer einen Jobb\u00f6rsenbereich erstellen und ihn problemlos in jede Google Sites-Website einbinden. Sie m\u00fcssen kein kostenpflichtiges Abonnement abschlie\u00dfen oder Ihre Kartendaten angeben, um auf den Elfsight Editor zuzugreifen. Wenn Sie auf Hindernisse jeglicher Art sto\u00dfen, z\u00f6gern Sie nicht, sich an unsere Support-Mitarbeiter zu wenden.<\/p> <\/div>\r\n\t\t\t\t\t<\/div>\r\n\t\t\t\t<\/div> <\/div><\/div>","protected":false},"excerpt":{"rendered":"","protected":false},"author":9,"featured_media":0,"parent":3996,"menu_order":0,"comment_status":"closed","ping_status":"closed","template":"templates\/template-application-platform.php","meta":{"publish_to_discourse":"","publish_post_category":"","wpdc_auto_publish_overridden":"","wpdc_topic_tags":"","wpdc_pin_topic":"","wpdc_pin_until":"","discourse_post_id":"","discourse_permalink":"","wpdc_publishing_response":"","wpdc_publishing_error":"","footnotes":""},"class_list":["post-20684","page","type-page","status-publish","hentry"],"yoast_head":"<!-- This site is optimized with the Yoast SEO plugin v25.3.1 - https:\/\/yoast.com\/wordpress\/plugins\/seo\/ -->\n<title>Google Sites Job Board-Plugin \u2013 Stellenangebote zu Ihrer Website hinzuf\u00fcgen (2025)<\/title>\n<meta name=\"description\" content=\"F\u00fcgen Sie ein responsives Jobboard-Plugin auf Ihrer Google Sites-Website ein und lassen Sie Ihre potenziellen Mitarbeiter die Stellenangebote erkunden!\" \/>\n<meta name=\"robots\" content=\"index, follow, max-snippet:-1, max-image-preview:large, max-video-preview:-1\" \/>\n<link rel=\"canonical\" href=\"https:\/\/elfsight.com\/de\/job-board-widget\/google-sites\/\" \/>\n<meta property=\"og:locale\" content=\"de_DE\" \/>\n<meta property=\"og:type\" content=\"article\" \/>\n<meta property=\"og:title\" content=\"Google Sites Job Board-Plugin \u2013 Stellenangebote zu Ihrer Website hinzuf\u00fcgen (2025)\" \/>\n<meta property=\"og:description\" content=\"F\u00fcgen Sie ein responsives Jobboard-Plugin auf Ihrer Google Sites-Website ein und lassen Sie Ihre potenziellen Mitarbeiter die Stellenangebote erkunden!\" \/>\n<meta property=\"og:url\" content=\"https:\/\/elfsight.com\/de\/job-board-widget\/google-sites\/\" \/>\n<meta property=\"og:site_name\" content=\"Elfsight DE\" \/>\n<meta property=\"article:modified_time\" content=\"2025-07-08T10:52:25+00:00\" \/>\n<meta name=\"twitter:card\" content=\"summary_large_image\" \/>\n<meta name=\"twitter:label1\" content=\"Gesch\u00e4tzte Lesezeit\" \/>\n\t<meta name=\"twitter:data1\" content=\"3\u00a0Minuten\" \/>\n<!-- \/ Yoast SEO plugin. -->","yoast_head_json":{"title":"Google Sites Job Board-Plugin \u2013 Stellenangebote zu Ihrer Website hinzuf\u00fcgen (2025)","description":"F\u00fcgen Sie ein responsives Jobboard-Plugin auf Ihrer Google Sites-Website ein und lassen Sie Ihre potenziellen Mitarbeiter die Stellenangebote erkunden!","robots":{"index":"index","follow":"follow","max-snippet":"max-snippet:-1","max-image-preview":"max-image-preview:large","max-video-preview":"max-video-preview:-1"},"canonical":"https:\/\/elfsight.com\/de\/job-board-widget\/google-sites\/","og_locale":"de_DE","og_type":"article","og_title":"Google Sites Job Board-Plugin \u2013 Stellenangebote zu Ihrer Website hinzuf\u00fcgen (2025)","og_description":"F\u00fcgen Sie ein responsives Jobboard-Plugin auf Ihrer Google Sites-Website ein und lassen Sie Ihre potenziellen Mitarbeiter die Stellenangebote erkunden!","og_url":"https:\/\/elfsight.com\/de\/job-board-widget\/google-sites\/","og_site_name":"Elfsight DE","article_modified_time":"2025-07-08T10:52:25+00:00","twitter_card":"summary_large_image","twitter_misc":{"Gesch\u00e4tzte Lesezeit":"3\u00a0Minuten"},"schema":{"@context":"https:\/\/schema.org","@graph":[{"@type":"WebPage","@id":"https:\/\/elfsight.com\/de\/job-board-widget\/google-sites\/","url":"https:\/\/elfsight.com\/de\/job-board-widget\/google-sites\/","name":"Google Sites Job Board-Plugin \u2013 Stellenangebote zu Ihrer Website hinzuf\u00fcgen (2025)","isPartOf":{"@id":"https:\/\/elfsight.com\/de\/#website"},"datePublished":"2024-05-03T06:39:57+00:00","dateModified":"2025-07-08T10:52:25+00:00","description":"F\u00fcgen Sie ein responsives Jobboard-Plugin auf Ihrer Google Sites-Website ein und lassen Sie Ihre potenziellen Mitarbeiter die Stellenangebote erkunden!","breadcrumb":{"@id":"https:\/\/elfsight.com\/de\/job-board-widget\/google-sites\/#breadcrumb"},"inLanguage":"de","potentialAction":[{"@type":"ReadAction","target":["https:\/\/elfsight.com\/de\/job-board-widget\/google-sites\/"]}]},{"@type":"BreadcrumbList","@id":"https:\/\/elfsight.com\/de\/job-board-widget\/google-sites\/#breadcrumb","itemListElement":[{"@type":"ListItem","position":1,"name":"Home","item":"https:\/\/elfsight.com\/de\/"},{"@type":"ListItem","position":2,"name":"Job Board","item":"https:\/\/elfsight.com\/de\/job-board-widget\/"},{"@type":"ListItem","position":3,"name":"Job Board &#8211; Google Sites"}]},{"@type":"WebSite","@id":"https:\/\/elfsight.com\/de\/#website","url":"https:\/\/elfsight.com\/de\/","name":"Elfsight DE","description":"Just another Elfsight Sites site","potentialAction":[{"@type":"SearchAction","target":{"@type":"EntryPoint","urlTemplate":"https:\/\/elfsight.com\/de\/?s={search_term_string}"},"query-input":{"@type":"PropertyValueSpecification","valueRequired":true,"valueName":"search_term_string"}}],"inLanguage":"de"}]}},"meta_box":{"industry":"","seo_heading":"","heading":"","description":"","cta_heading":"","cta_description":"","application":"3995","h1":"Google Sites-Jobb\u00f6rsen-Plugin","h1_caption":"Erstellen Sie eine Jobb\u00f6rse zur Auflistung offener Stellen auf Ihrer Website und locken Sie potenzielle Kandidaten m\u00fchelos in Ihre Google Sites.","application_category":[],"applications_title":"","applications_request_title":"","applications_request_button_text":"","hero_text":"","hero_video":"","hero_video_schema_markup":"","selling_points_title":"","selling_points_caption":"","selling_points":[],"selling_points_cta_text":"","features_title":"","features":"","ed_cta_examples_text":"","ed_cta_examples_hidden":"","ed_cta_demo_text":"","ed_cta_demo_hidden":"","why_caption":"","why_editor_title":"","why_editor_text":"","why_team_title":"","why_team_text":"","why_service_title":"","why_service_text":"","template_catalog_visible":"","template_catalog_title":"","template_catalog_text":"","template_catalog_categories_visible":"","demo_title":"Erstellen Sie Ihr Jobboard-Widget","demo_caption":"Konfigurieren Sie Ihre Jobb\u00f6rse und f\u00fcgen Sie sie kostenlos zu Ihrer Google Sites-Website hinzu!","default_faq_hidden":"","app_template_category":[],"platform":"3000","template_public_id":"","codecanyon_url":"","codecanyon_item_id":"","codecanyon_price":"","pricing_caption":"","pricing_elfsight_apps_hide_column":"","pricing_elfsight_apps_url":"","pricing_codecanyon_price_caption":"","integration_category":[],"integration_request_title":"","integration_request_cta":"","integration_platform":"","integrations":[],"platform_category":[],"video_schema_markup":"","price":"ab 0 $ \/ Monat","trial":"","benefits":[{"text":"Kostenloser Installationsservice"},{"text":"Au\u00dfergew\u00f6hnlicher Support"},{"text":"14-t\u00e4gige Geld-zur\u00fcck-Garantie"},{"text":"Fortlaufende Entwicklung"}],"button_url":"#demo","button_target_blank":"","button_nofollow":"","attributes":[{"name":"Installiert","content":"10,000 - 100,000"},{"name":"Reaktionsfreudig","content":"Ja"},{"name":"Kompatible Browser","content":"Firefox, Safari, Opera, Chrome, Edge"}],"tags":[],"tags_disable_links":"","hide_more_platforms":"","video_object":"","demo_hide_cta":"","demo_hide_cloud_options":"","pricing_title":"","pricing":[{"pricing_icon":"platform","pricing_title":"Elfsight Apps","pricing_title_caption":"Plattformunabh\u00e4ngige Software","pricing_price":"ab 0 $ \/ Monat","pricing_price_caption":"Beginnen Sie mit einem kostenlosen Plan","pricing_benefits":[{"text":"Unbegrenzte Websites"},{"text":"Engagierter und p\u00fcnktlicher Support"},{"text":"Kostenlose Installationsunterst\u00fctzung"},{"text":"Vollst\u00e4ndig anpassbar"}],"pricing_button_text":"Zur Website hinzuf\u00fcgen","pricing_button_url":"#demo"}],"related_apps_title":"","related_apps_hidden":"","author":"","image":[],"title":"","job":"","social_networks":[]},"_links":{"self":[{"href":"https:\/\/elfsight.com\/de\/wp-json\/wp\/v2\/pages\/20684","targetHints":{"allow":["GET"]}}],"collection":[{"href":"https:\/\/elfsight.com\/de\/wp-json\/wp\/v2\/pages"}],"about":[{"href":"https:\/\/elfsight.com\/de\/wp-json\/wp\/v2\/types\/page"}],"author":[{"embeddable":true,"href":"https:\/\/elfsight.com\/de\/wp-json\/wp\/v2\/users\/9"}],"replies":[{"embeddable":true,"href":"https:\/\/elfsight.com\/de\/wp-json\/wp\/v2\/comments?post=20684"}],"version-history":[{"count":1,"href":"https:\/\/elfsight.com\/de\/wp-json\/wp\/v2\/pages\/20684\/revisions"}],"predecessor-version":[{"id":20688,"href":"https:\/\/elfsight.com\/de\/wp-json\/wp\/v2\/pages\/20684\/revisions\/20688"}],"up":[{"embeddable":true,"href":"https:\/\/elfsight.com\/de\/wp-json\/wp\/v2\/pages\/3996"}],"wp:attachment":[{"href":"https:\/\/elfsight.com\/de\/wp-json\/wp\/v2\/media?parent=20684"}],"curies":[{"name":"wp","href":"https:\/\/api.w.org\/{rel}","templated":true}]}}