{"id":20677,"date":"2024-05-03T06:39:54","date_gmt":"2024-05-03T06:39:54","guid":{"rendered":"https:\/\/elfsight.com\/de\/?page_id=20677"},"modified":"2025-02-21T09:40:09","modified_gmt":"2025-02-21T09:40:09","slug":"jimdo","status":"publish","type":"page","link":"https:\/\/elfsight.com\/de\/job-board-widget\/jimdo\/","title":{"rendered":"Job Board &#8211; Jimdo"},"content":{"rendered":"\n<div class=\"application-platform-content-item-description application-platform-content-item\" id=\"description\" data-nav-section=\"description\"> <h2>Beschreibung<\/h2> <p>Elfsight Job Board ist ein beeindruckendes Tool, mit dem Sie Stellenangebote ver\u00f6ffentlichen und Lebensl\u00e4ufe von Bewerbern direkt auf Ihrem Ger\u00e4t erhalten k\u00f6nnen Website am einfachsten. Mit unserem neuen Widget k\u00f6nnen Sie Ihr Unternehmen bekannt geben, Informationen \u00fcber offene Stellen ver\u00f6ffentlichen und Lebensl\u00e4ufe erhalten. Mit dem Widget k\u00f6nnen Sie eine Jobkarte zusammen mit einer detaillierten Beschreibung und der Schaltfl\u00e4che \u201eBewerben\u201c erstellen. Durch die Nutzung der Jobb\u00f6rse k\u00f6nnen Sie den Rekrutierungsprozess vereinfachen und mit wenigen Klicks Antworten auf Stellenausschreibungen erhalten. <\/p> <p><b>Stellen Sie mit der Jobb\u00f6rse einfacher Leute ein.<\/b><\/p> <\/div> <div class=\"application-platform-content-item-features application-platform-content-item\" id=\"features\" data-nav-section=\"features\"> <h2>Dies sind nur einige der vielen Widget-Funktionen: <\/h2> <ul><li>F\u00fcgen Sie so viele offene Stellen hinzu, wie Sie m\u00f6chten<\/li><li>Beschreiben Sie die Stelle im Detail und geben Sie Auskunft \u00fcber: Gehalt, Berufsbezeichnung und erforderliche F\u00e4higkeiten<\/li><li>Kontakt hinterlassen Details: Abteilung, Standort und Name Ihres Unternehmens<\/li><li>Weitere Informationen einf\u00fcgen, Schaltfl\u00e4che \u201eJetzt bewerben\u201c oder beides<\/li><li>Umschaltbare Popup-Konfigurationen<\/li><li>Lassen Sie Ihre Jobkarten in erscheinen einen Popup-Modus<\/li><\/ul><p><a href=\"#demo\">Mit der Demo k\u00f6nnen Sie testen, ob das Widget f\u00fcr Sie geeignet ist<\/a><\/p> <\/div> <div class=\"application-platform-content-item-installation application-platform-content-item\" id=\"installation\" data-nav-section=\"installation\"> <h2>Wie f\u00fcge ich eine Jobb\u00f6rse zu meiner Jimdo-Site hinzu? <\/h2> <p>F\u00fchren Sie einfach die folgenden Richtlinien aus, um das Tool hinzuzuf\u00fcgen. <\/p> <ol><li><b>Starten Sie unseren kostenlosen Konfigurator und beginnen Sie mit der Erstellung Ihres ma\u00dfgeschneiderten Instruments. <\/b><br> Geben Sie das ausgew\u00e4hlte Aussehen und die Funktionen des Tools an und wenden Sie die Korrekturen an. <\/li> <li><b>Erhalten Sie Ihren einzigartigen Code, der in der Box auf Elfsight Apps angezeigt wird. <\/b><br> Nachdem die Generierung Ihres pers\u00f6nlichen Tools abgeschlossen ist, kopieren Sie den exklusiven Code in der Box und bewahren Sie ihn f\u00fcr die zuk\u00fcnftige Verwendung auf. <\/li> <li><b>Beginne mit der Nutzung des Widgets auf der Jimdo-Website. <\/b><br> F\u00fcgen Sie den k\u00fcrzlich kopierten Code in Ihre Homepage ein und speichern Sie die Verbesserungen. <\/li> <li><b>Fertig! Die Integration wurde erfolgreich durchgef\u00fchrt. <\/b><br> Besuchen Sie Ihre Seite, um einen Blick auf die Funktionsweise des Tools zu werfen. <\/li><\/ol> <p>Bei Problemen k\u00f6nnen Sie sich gerne an unser Support-Team wenden. Unsere Mitarbeiter beantworten gerne alle Ihre Fragen zum Tool. <\/p> <div class=\"faq\" data-component=\"FAQ\"><div class=\"faq-item\">\r\n\t\t\t\t\t<div class=\"faq-item-question\">\r\n\t\t\t\t\t\t<h3 class=\"faq-item-question-text\">Gibt es eine M\u00f6glichkeit, eine Jobb\u00f6rse ohne Programmiererfahrung in meine Jimdo-Homepage einzubetten?<\/h3>\r\n\r\n\t\t\t\t\t\t<div class=\"faq-item-question-icon\"><\/div>\r\n\t\t\t\t\t<\/div>\r\n\r\n\t\t\t\t\t<div class=\"faq-item-answer\">\r\n\t\t\t\t\t\t<div class=\"faq-item-answer-text\"> <p>Elfsight stellt eine Cloud-L\u00f6sung vor, mit der Sie selbst ein Jobboard-Plugin erstellen k\u00f6nnen Entdecken Sie, wie einfach der Prozess ist: Gehen Sie zur Live-Demo, um eine Jobb\u00f6rsen-App zu erstellen, die Sie gerne auf der Jimdo-Website hinzuf\u00fcgen m\u00f6chten. W\u00e4hlen Sie eine der vielen vorgefertigten Vorlagen aus und \u00e4ndern Sie die Jobboard-Einstellungen, f\u00fcgen Sie Ihre Inhalte hinzu, \u00e4ndern Sie das Layout und das Farbschema ohne Programmierkenntnisse. Klicken Sie hier, um die Einstellungen, die Sie in der Jobb\u00f6rse vorgenommen haben, zu speichern und den Code f\u00fcr die Installation zu erhalten, der m\u00fchelos und kostenlos in Ihre Jimdo-Website eingef\u00fcgt werden kann. Mit Hilfe des unkomplizierten Editors kann jeder Internetnutzer online einen Jobb\u00f6rsenbereich erstellen und diesen problemlos in die Jimdo-Site einf\u00fcgen. Sie m\u00fcssen weder bezahlen noch Ihre Kartendaten eingeben, um an unserem Service teilzunehmen. Wenn Sie auf Probleme jeglicher Art sto\u00dfen, wenden Sie sich bitte an unser Support-Team.<\/p> <\/div>\r\n\t\t\t\t\t<\/div>\r\n\t\t\t\t<\/div> <\/div><\/div>\n","protected":false},"excerpt":{"rendered":"","protected":false},"author":9,"featured_media":0,"parent":3996,"menu_order":0,"comment_status":"closed","ping_status":"closed","template":"templates\/template-application-platform.php","meta":{"publish_to_discourse":"","publish_post_category":"","wpdc_auto_publish_overridden":"","wpdc_topic_tags":"","wpdc_pin_topic":"","wpdc_pin_until":"","discourse_post_id":"","discourse_permalink":"","wpdc_publishing_response":"","wpdc_publishing_error":"","footnotes":""},"class_list":["post-20677","page","type-page","status-publish","hentry"],"yoast_head":"<!-- This site is optimized with the Yoast SEO plugin v25.3.1 - https:\/\/yoast.com\/wordpress\/plugins\/seo\/ -->\n<title>Jimdo Jobb\u00f6rse \u2013 Stellenangebote zu Jimdo hinzuf\u00fcgen (2025)<\/title>\n<meta name=\"description\" content=\"F\u00fcgen Sie ein responsives Jobboard-Widget auf Ihrer Jimdo-Website hinzu und lassen Sie Ihre potenziellen Mitarbeiter die offenen Stellen erkunden!\" \/>\n<meta name=\"robots\" content=\"index, follow, max-snippet:-1, max-image-preview:large, max-video-preview:-1\" \/>\n<link rel=\"canonical\" href=\"https:\/\/elfsight.com\/de\/job-board-widget\/jimdo\/\" \/>\n<meta property=\"og:locale\" content=\"de_DE\" \/>\n<meta property=\"og:type\" content=\"article\" \/>\n<meta property=\"og:title\" content=\"Jimdo Jobb\u00f6rse \u2013 Stellenangebote zu Jimdo hinzuf\u00fcgen (2025)\" \/>\n<meta property=\"og:description\" content=\"F\u00fcgen Sie ein responsives Jobboard-Widget auf Ihrer Jimdo-Website hinzu und lassen Sie Ihre potenziellen Mitarbeiter die offenen Stellen erkunden!\" \/>\n<meta property=\"og:url\" content=\"https:\/\/elfsight.com\/de\/job-board-widget\/jimdo\/\" \/>\n<meta property=\"og:site_name\" content=\"Elfsight DE\" \/>\n<meta property=\"article:modified_time\" content=\"2025-02-21T09:40:09+00:00\" \/>\n<meta name=\"twitter:card\" content=\"summary_large_image\" \/>\n<meta name=\"twitter:label1\" content=\"Gesch\u00e4tzte Lesezeit\" \/>\n\t<meta name=\"twitter:data1\" content=\"3\u00a0Minuten\" \/>\n<!-- \/ Yoast SEO plugin. -->","yoast_head_json":{"title":"Jimdo Jobb\u00f6rse \u2013 Stellenangebote zu Jimdo hinzuf\u00fcgen (2025)","description":"F\u00fcgen Sie ein responsives Jobboard-Widget auf Ihrer Jimdo-Website hinzu und lassen Sie Ihre potenziellen Mitarbeiter die offenen Stellen erkunden!","robots":{"index":"index","follow":"follow","max-snippet":"max-snippet:-1","max-image-preview":"max-image-preview:large","max-video-preview":"max-video-preview:-1"},"canonical":"https:\/\/elfsight.com\/de\/job-board-widget\/jimdo\/","og_locale":"de_DE","og_type":"article","og_title":"Jimdo Jobb\u00f6rse \u2013 Stellenangebote zu Jimdo hinzuf\u00fcgen (2025)","og_description":"F\u00fcgen Sie ein responsives Jobboard-Widget auf Ihrer Jimdo-Website hinzu und lassen Sie Ihre potenziellen Mitarbeiter die offenen Stellen erkunden!","og_url":"https:\/\/elfsight.com\/de\/job-board-widget\/jimdo\/","og_site_name":"Elfsight DE","article_modified_time":"2025-02-21T09:40:09+00:00","twitter_card":"summary_large_image","twitter_misc":{"Gesch\u00e4tzte Lesezeit":"3\u00a0Minuten"},"schema":{"@context":"https:\/\/schema.org","@graph":[{"@type":"WebPage","@id":"https:\/\/elfsight.com\/de\/job-board-widget\/jimdo\/","url":"https:\/\/elfsight.com\/de\/job-board-widget\/jimdo\/","name":"Jimdo Jobb\u00f6rse \u2013 Stellenangebote zu Jimdo hinzuf\u00fcgen (2025)","isPartOf":{"@id":"https:\/\/elfsight.com\/de\/#website"},"datePublished":"2024-05-03T06:39:54+00:00","dateModified":"2025-02-21T09:40:09+00:00","description":"F\u00fcgen Sie ein responsives Jobboard-Widget auf Ihrer Jimdo-Website hinzu und lassen Sie Ihre potenziellen Mitarbeiter die offenen Stellen erkunden!","breadcrumb":{"@id":"https:\/\/elfsight.com\/de\/job-board-widget\/jimdo\/#breadcrumb"},"inLanguage":"de","potentialAction":[{"@type":"ReadAction","target":["https:\/\/elfsight.com\/de\/job-board-widget\/jimdo\/"]}]},{"@type":"BreadcrumbList","@id":"https:\/\/elfsight.com\/de\/job-board-widget\/jimdo\/#breadcrumb","itemListElement":[{"@type":"ListItem","position":1,"name":"Home","item":"https:\/\/elfsight.com\/de\/"},{"@type":"ListItem","position":2,"name":"Job Board","item":"https:\/\/elfsight.com\/de\/job-board-widget\/"},{"@type":"ListItem","position":3,"name":"Job Board &#8211; Jimdo"}]},{"@type":"WebSite","@id":"https:\/\/elfsight.com\/de\/#website","url":"https:\/\/elfsight.com\/de\/","name":"Elfsight DE","description":"Just another Elfsight Sites site","potentialAction":[{"@type":"SearchAction","target":{"@type":"EntryPoint","urlTemplate":"https:\/\/elfsight.com\/de\/?s={search_term_string}"},"query-input":{"@type":"PropertyValueSpecification","valueRequired":true,"valueName":"search_term_string"}}],"inLanguage":"de"}]}},"meta_box":{"industry":"","seo_heading":"","heading":"","description":"","cta_heading":"","cta_description":"","application":"3995","h1":"Jimdo-Jobb\u00f6rsen-Widget","h1_caption":"Erstellen Sie eine Jobb\u00f6rse zur Auflistung offener Stellen auf Ihrer Website und locken Sie potenzielle Kandidaten m\u00fchelos auf Ihre Jimdo-Website.","application_category":[],"applications_title":"","applications_request_title":"","applications_request_button_text":"","hero_text":"","hero_video":"","hero_video_schema_markup":"","selling_points_title":"","selling_points_caption":"","selling_points":[],"selling_points_cta_text":"","features_title":"","features":"","ed_cta_examples_text":"","ed_cta_examples_hidden":"","ed_cta_demo_text":"","ed_cta_demo_hidden":"","why_caption":"","why_editor_title":"","why_editor_text":"","why_team_title":"","why_team_text":"","why_service_title":"","why_service_text":"","template_catalog_visible":"0","template_catalog_title":"","template_catalog_text":"","template_catalog_categories_visible":"","demo_title":"Erstellen Sie Ihr Jobboard-Widget","demo_caption":"Konfigurieren Sie Ihre Jobb\u00f6rse und f\u00fcgen Sie sie kostenlos zu Ihrer Jimdo-Website hinzu!","default_faq_hidden":"","app_template_category":[],"platform":"239","template_public_id":"","codecanyon_url":"","codecanyon_item_id":"","codecanyon_price":"","pricing_caption":"","pricing_elfsight_apps_hide_column":"","pricing_elfsight_apps_url":"","pricing_codecanyon_price_caption":"","integration_category":[],"integration_request_title":"","integration_request_cta":"","integration_platform":"","integrations":[],"platform_category":[],"video_schema_markup":"","price":"ab 0 $ \/ Monat","trial":"","benefits":[{"text":"Kostenlose Installationsunterst\u00fctzung"},{"text":"Erfahrener Kundensupport"},{"text":"14-t\u00e4gige R\u00fcckerstattungsgarantie"},{"text":"St\u00e4ndige Aktualisierung"}],"button_url":"#demo","button_target_blank":"0","button_nofollow":"0","attributes":[{"name":"Installiert","content":"10,000 - 100,000"},{"name":"Reaktionsfreudig","content":"Ja"},{"name":"Kompatible Browser","content":"Firefox, Safari, Opera, Chrome, Edge"}],"tags":[],"tags_disable_links":"0","hide_more_platforms":"0","video_object":"","demo_hide_cta":"0","demo_hide_cloud_options":"0","pricing_title":"","pricing":[{"pricing_icon":"platform","pricing_title":"Elfsight Apps","pricing_title_caption":"Plattform\u00fcbergreifende Software","pricing_price":"ab 0 $ \/ Monat","pricing_price_caption":"Beginnen Sie mit einem kostenlosen Plan","pricing_benefits":[{"text":"Unbegrenzte Anzahl an Websites"},{"text":"Schneller Kundensupport"},{"text":"Kostenloser Installationsservice"},{"text":"100 % anpassbar"}],"pricing_button_text":"Zur Website hinzuf\u00fcgen","pricing_button_url":"#demo"}],"related_apps_title":"","related_apps_hidden":"0","author":"","image":[],"title":"","job":"","social_networks":[]},"_links":{"self":[{"href":"https:\/\/elfsight.com\/de\/wp-json\/wp\/v2\/pages\/20677","targetHints":{"allow":["GET"]}}],"collection":[{"href":"https:\/\/elfsight.com\/de\/wp-json\/wp\/v2\/pages"}],"about":[{"href":"https:\/\/elfsight.com\/de\/wp-json\/wp\/v2\/types\/page"}],"author":[{"embeddable":true,"href":"https:\/\/elfsight.com\/de\/wp-json\/wp\/v2\/users\/9"}],"replies":[{"embeddable":true,"href":"https:\/\/elfsight.com\/de\/wp-json\/wp\/v2\/comments?post=20677"}],"version-history":[{"count":2,"href":"https:\/\/elfsight.com\/de\/wp-json\/wp\/v2\/pages\/20677\/revisions"}],"predecessor-version":[{"id":24697,"href":"https:\/\/elfsight.com\/de\/wp-json\/wp\/v2\/pages\/20677\/revisions\/24697"}],"up":[{"embeddable":true,"href":"https:\/\/elfsight.com\/de\/wp-json\/wp\/v2\/pages\/3996"}],"wp:attachment":[{"href":"https:\/\/elfsight.com\/de\/wp-json\/wp\/v2\/media?parent=20677"}],"curies":[{"name":"wp","href":"https:\/\/api.w.org\/{rel}","templated":true}]}}