{"id":20669,"date":"2024-05-03T06:39:48","date_gmt":"2024-05-03T06:39:48","guid":{"rendered":"https:\/\/elfsight.com\/de\/?page_id=20669"},"modified":"2026-01-28T12:45:55","modified_gmt":"2026-01-28T12:45:55","slug":"shopify","status":"publish","type":"page","link":"https:\/\/elfsight.com\/de\/instagram-feed-instashow\/shopify\/","title":{"rendered":"Instagram Feed &#8211; Shopify"},"content":{"rendered":"<div class=\"application-platform-content-item-description application-platform-content-item\" id=\"description\" data-nav-section=\"description\"><h2>F\u00fcgen Sie Instagram zu Shopify mit einem Elfsight-Plugin hinzu<\/h2><p>InstaShow ist eine erstklassige Instagram-App, mit der Sie wundersch\u00f6ne Galerien daraus erstellen k\u00f6nnen Instagram-Bilder und -Videos. Es gibt unz\u00e4hlige Varianten der Personalisierung: alle Arten von Quellen, Vormoderation des Feeds, mehr als 70 anpassbare Einstellungen und 10 Darstellungsschemata, und es ist vollst\u00e4ndig an verschiedene Ger\u00e4te anpassbar.<\/p><p><b>Wenden Sie eine vollst\u00e4ndige Anpassung an reaktionsf\u00e4higes und effizientes Plugin, um die Besucher Ihrer Website im Handumdrehen anzusprechen.<\/b><\/p><div class=\"faq\" data-component=\"FAQ\"> <div class=\"faq-item\">\r\n\t\t\t\t\t<div class=\"faq-item-question\">\r\n\t\t\t\t\t\t<h3 class=\"faq-item-question-text\">Wie bette ich Instagram-Feeds kostenlos auf Shopify ein?<\/h3>\r\n\r\n\t\t\t\t\t\t<div class=\"faq-item-question-icon\"><\/div>\r\n\t\t\t\t\t<\/div>\r\n\r\n\t\t\t\t\t<div class=\"faq-item-answer\">\r\n\t\t\t\t\t\t<div class=\"faq-item-answer-text\"> <ol><p> Das Hinzuf\u00fcgen eines Instagram-Feeds zu Ihrem Shopify-Shop ist ein fantastischer Ansatz, um Ihre neuesten Beitr\u00e4ge hervorzuheben und die Kundeninteraktion zu steigern.<\/p><ol><li>An <a href=\"https:\/\/elfsight.com\/blog\/how-to-embed-instagram-feed-on-website\/\">Instagram-Feed<\/a> kostenlos auf Shopify einbetten, zur Elfsight-Website navigieren und ein kostenloses Konto erstellen.<\/li><li>Profitieren Sie von Instagram kostenloses Widget, indem Sie dessen Erscheinungsbild und Einstellungen \u00e4ndern, um den Stil Ihres Shopify-Shops zu erg\u00e4nzen.<\/li><li>Nachdem Sie Ihren Instagram-Feed kostenlos personalisiert haben, kopieren Sie den eindeutigen Einbettungscode und f\u00fcgen Sie ihn in den HTML-Code Ihres Shopify-Shops an der Stelle ein, an der Sie sich den Feed vorstellen angezeigt.<\/li><\/ol><p>Indem Sie Ihren Instagram-Feed in Ihrem Shopify-Shop platzieren, verst\u00e4rken Sie seinen visuellen Charme und f\u00f6rdern eine konsistente Kundenbindung. Entdecken Sie die Vorteile des Elfsight Instagram-Widgets ohne finanzielle Verpflichtung!<\/p><\/ol><\/div>\r\n\t\t\t\t\t<\/div>\r\n\t\t\t\t<\/div> <div class=\"faq-item\">\r\n\t\t\t\t\t<div class=\"faq-item-question\">\r\n\t\t\t\t\t\t<h3 class=\"faq-item-question-text\">Welche genauen anderen Tools f\u00fcr Shopify k\u00f6nnen meiner Website hinzugef\u00fcgt werden?<\/h3>\r\n\r\n\t\t\t\t\t\t<div class=\"faq-item-question-icon\"><\/div>\r\n\t\t\t\t\t<\/div>\r\n\r\n\t\t\t\t\t<div class=\"faq-item-answer\">\r\n\t\t\t\t\t\t<div class=\"faq-item-answer-text\"> <ol><p>Sie k\u00f6nnen gerne unz\u00e4hlige Apps f\u00fcr jeden Zweck auf Ihrer Website verwenden, unabh\u00e4ngig von Ihrem Unternehmen. W\u00e4hlen Sie Ihr Tool: <a href=\"https:\/\/elfsight.com\/slider-widget\/shopify\/\">Slider<\/a>, <a href=\"https:\/\/elfsight.com\/google-reviews-widget\/ shopify\/\">Google Bewertungen<\/a>, <a href=\"https:\/\/elfsight.com\/instagram-feed-instashow\/shopify\/\">Instagram-Feed<\/a>, <a href=\"https:\/\/ elfsight.com\/pdf-embed-widget\/shopify\/\">PDF-Feed<\/a>, <a href=\"https:\/\/elfsight.com\/logo-showcase-widget\/shopify\/\">Logo-Showcase<\/a> .<\/p> <\/ol><\/div>\r\n\t\t\t\t\t<\/div>\r\n\t\t\t\t<\/div> <\/div><\/div><div class=\"application-platform-content-item-features application-platform-content-item\" id=\"features\" data-nav-section=\"features\"><h2>Hauptfunktionen der Instagram-Feed-App<\/h2><p>Die herausragenden Eigenschaften von Unser Plugin, das es zum besten Shopify-Tool zum Einf\u00fcgen von Instagram macht:<\/p><ul><li>Anzeigen von Videos direkt auf der Seite;<\/li><li>2 Beitragsvorlagen: Tile und Classic;<\/li><li>7 umschaltbare Post-Elemente zum Ein- und Ausblenden;<\/li><li>Anpassbare Farben f\u00fcr Hintergrund, Text, Schaltfl\u00e4chen und mehr;<\/li><li>Instagram-Integration dauert Sekunden.<\/li><li>M\u00f6glichkeit, die Geschwindigkeit des Schiebeschalters anzupassen<\/li><li>Raster- oder Schieberegler-Layouts zur Anzeige des Instagram-Feeds auf Shopify<\/li><li>Umschaltbarer Benutzername, Ver\u00f6ffentlichungsdatum, Anzahl der Likes und Kommentare<\/li><li>Mehr als 10 vorgefertigte Farbschemata<\/li><li>Option, die Farben aller Elemente separat anzupassen.<\/li><li>Personalisierbare Schaltfl\u00e4che \u201eMehr laden\u201c<\/li><\/ul> <p>All diese Optionen helfen Ihnen dabei, das Engagement auf Webseiten zu steigern und die dort verbrachte Zeit zu erh\u00f6hen. Au\u00dferdem k\u00f6nnen Sie mithilfe eines CTA-Buttons neue Follower von einer Website direkt zu Ihrem Instagram-Profil f\u00fchren.<\/p><p><a href=\"#demo\">Weitere Funktionen in unserer Demo<\/a><\/p><\/div><div class=\"application-platform-content-item-installation application-platform-content-item\" id=\"installation\" data-nav-section=\"installation\"><h2>So f\u00fcgen Sie Instagram-Feed zu einer Shopify-Website hinzu<\/h2><div class=\"video-container\">\n  <iframe allowfullscreen=\"\" frameborder=\"0\" height=\"405\" src=\"https:\/\/www.youtube.com\/embed\/RTeznn3AdRs?si=zp64ckFbSyOv35tf\" width=\"720\"><\/iframe>\n<\/div><p>Lesen Sie unseren Express-Leitfaden zur Integration und Gestaltung der App. Die Installation dauert nur etwa 90 Sekunden, au\u00dferdem ben\u00f6tigen Sie keine Kenntnisse in Webprogrammierung.<\/p><ol><li><b>Verwalten Sie unsere kostenlose Demo und beginnen Sie mit der Erstellung Ihrer individuellen App. <\/b><br> Bestimmen Sie die ausgew\u00e4hlte Anordnung und Spezifikationen des Plugins und speichern Sie alle \u00c4nderungen. <\/li> <li><b>Lassen Sie sich Ihren pers\u00f6nlichen Code im Fenster von Elfsight Apps anzeigen. <\/b><br> Sobald die Anpassung Ihres pers\u00f6nlichen Plugins abgeschlossen ist, kopieren Sie den individuellen Code im erscheinenden Popup und speichern Sie ihn f\u00fcr die zuk\u00fcnftige Verwendung.<\/li> <li><b>Initiieren Sie die Nutzung der App Ihre Shopify-Webseite.<\/b><br> Betten Sie den k\u00fcrzlich kopierten Code in Ihre Webseite ein und speichern Sie die Verbesserungen.<\/li> <li><b>Die Installation ist vollst\u00e4ndig abgeschlossen!<\/b><br> \u00d6ffnen Besuchen Sie Ihre Webseite, um in Aktion zu sehen, wie die App funktioniert. <\/li><\/ol><p>Haben Sie Probleme beim Einf\u00fcgen der App oder beim Einrichten Ihres Instagram-Feeds? Senden Sie eine Nachricht an unseren Support.<\/p><\/div>\n","protected":false},"excerpt":{"rendered":"","protected":false},"author":9,"featured_media":0,"parent":29,"menu_order":0,"comment_status":"closed","ping_status":"closed","template":"templates\/template-application-platform.php","meta":{"publish_to_discourse":"","publish_post_category":"","wpdc_auto_publish_overridden":"","wpdc_topic_tags":"","wpdc_pin_topic":"","wpdc_pin_until":"","discourse_post_id":"","discourse_permalink":"","wpdc_publishing_response":"","wpdc_publishing_error":"","footnotes":""},"class_list":["post-20669","page","type-page","status-publish","hentry"],"yoast_head":"<!-- This site is optimized with the Yoast SEO plugin v25.3.1 - https:\/\/yoast.com\/wordpress\/plugins\/seo\/ -->\n<title>F\u00fcgen Sie kostenlos Instagram-Feed zur Shopify-Website hinzu \u2013 Instagram-App<\/title>\n<meta name=\"description\" content=\"Erfahren Sie, wie Sie kostenlos Instagram-Feeds zu Shopify hinzuf\u00fcgen. Nutzen Sie die beste Instagram Shopify-App f\u00fcr eine reibungslose Integration von Bildern und Videos.\" \/>\n<meta name=\"robots\" content=\"index, follow, max-snippet:-1, max-image-preview:large, max-video-preview:-1\" \/>\n<link rel=\"canonical\" href=\"https:\/\/elfsight.com\/de\/instagram-feed-instashow\/shopify\/\" \/>\n<meta property=\"og:locale\" content=\"de_DE\" \/>\n<meta property=\"og:type\" content=\"article\" \/>\n<meta property=\"og:title\" content=\"F\u00fcgen Sie kostenlos Instagram-Feed zur Shopify-Website hinzu \u2013 Instagram-App\" \/>\n<meta property=\"og:description\" content=\"Erfahren Sie, wie Sie kostenlos Instagram-Feeds zu Shopify hinzuf\u00fcgen. Nutzen Sie die beste Instagram Shopify-App f\u00fcr eine reibungslose Integration von Bildern und Videos.\" \/>\n<meta property=\"og:url\" content=\"https:\/\/elfsight.com\/de\/instagram-feed-instashow\/shopify\/\" \/>\n<meta property=\"og:site_name\" content=\"Elfsight DE\" \/>\n<meta property=\"article:modified_time\" content=\"2026-01-28T12:45:55+00:00\" \/>\n<meta name=\"twitter:card\" content=\"summary_large_image\" \/>\n<meta name=\"twitter:label1\" content=\"Gesch\u00e4tzte Lesezeit\" \/>\n\t<meta name=\"twitter:data1\" content=\"3\u00a0Minuten\" \/>\n<!-- \/ Yoast SEO plugin. -->","yoast_head_json":{"title":"F\u00fcgen Sie kostenlos Instagram-Feed zur Shopify-Website hinzu \u2013 Instagram-App","description":"Erfahren Sie, wie Sie kostenlos Instagram-Feeds zu Shopify hinzuf\u00fcgen. Nutzen Sie die beste Instagram Shopify-App f\u00fcr eine reibungslose Integration von Bildern und Videos.","robots":{"index":"index","follow":"follow","max-snippet":"max-snippet:-1","max-image-preview":"max-image-preview:large","max-video-preview":"max-video-preview:-1"},"canonical":"https:\/\/elfsight.com\/de\/instagram-feed-instashow\/shopify\/","og_locale":"de_DE","og_type":"article","og_title":"F\u00fcgen Sie kostenlos Instagram-Feed zur Shopify-Website hinzu \u2013 Instagram-App","og_description":"Erfahren Sie, wie Sie kostenlos Instagram-Feeds zu Shopify hinzuf\u00fcgen. Nutzen Sie die beste Instagram Shopify-App f\u00fcr eine reibungslose Integration von Bildern und Videos.","og_url":"https:\/\/elfsight.com\/de\/instagram-feed-instashow\/shopify\/","og_site_name":"Elfsight DE","article_modified_time":"2026-01-28T12:45:55+00:00","twitter_card":"summary_large_image","twitter_misc":{"Gesch\u00e4tzte Lesezeit":"3\u00a0Minuten"},"schema":{"@context":"https:\/\/schema.org","@graph":[{"@type":"WebPage","@id":"https:\/\/elfsight.com\/de\/instagram-feed-instashow\/shopify\/","url":"https:\/\/elfsight.com\/de\/instagram-feed-instashow\/shopify\/","name":"F\u00fcgen Sie kostenlos Instagram-Feed zur Shopify-Website hinzu \u2013 Instagram-App","isPartOf":{"@id":"https:\/\/elfsight.com\/de\/#website"},"datePublished":"2024-05-03T06:39:48+00:00","dateModified":"2026-01-28T12:45:55+00:00","description":"Erfahren Sie, wie Sie kostenlos Instagram-Feeds zu Shopify hinzuf\u00fcgen. Nutzen Sie die beste Instagram Shopify-App f\u00fcr eine reibungslose Integration von Bildern und Videos.","breadcrumb":{"@id":"https:\/\/elfsight.com\/de\/instagram-feed-instashow\/shopify\/#breadcrumb"},"inLanguage":"de","potentialAction":[{"@type":"ReadAction","target":["https:\/\/elfsight.com\/de\/instagram-feed-instashow\/shopify\/"]}]},{"@type":"BreadcrumbList","@id":"https:\/\/elfsight.com\/de\/instagram-feed-instashow\/shopify\/#breadcrumb","itemListElement":[{"@type":"ListItem","position":1,"name":"Home","item":"https:\/\/elfsight.com\/de\/"},{"@type":"ListItem","position":2,"name":"Instagram Feed","item":"https:\/\/elfsight.com\/de\/instagram-feed-instashow\/"},{"@type":"ListItem","position":3,"name":"Instagram Feed &#8211; Shopify"}]},{"@type":"WebSite","@id":"https:\/\/elfsight.com\/de\/#website","url":"https:\/\/elfsight.com\/de\/","name":"Elfsight DE","description":"Just another Elfsight Sites site","potentialAction":[{"@type":"SearchAction","target":{"@type":"EntryPoint","urlTemplate":"https:\/\/elfsight.com\/de\/?s={search_term_string}"},"query-input":{"@type":"PropertyValueSpecification","valueRequired":true,"valueName":"search_term_string"}}],"inLanguage":"de"}]}},"meta_box":{"industry":"","seo_heading":"","heading":"","description":"","cta_heading":"","cta_description":"","application":"14","h1":"Shopify Instagram Feed-App","h1_caption":"F\u00fcgen Sie Beitr\u00e4ge von Ihrem Instagram-Konto oder per Hashtag hinzu und bieten Sie so die beste M\u00f6glichkeit, m\u00fchelos einen dynamischen Instagram-Feed auf Ihrer Website auf Ihrer Shopify-Website zu pr\u00e4sentieren.","application_category":[],"applications_title":"","applications_request_title":"","applications_request_button_text":"","hero_text":"","hero_video":"","hero_video_schema_markup":"","selling_points_title":"","selling_points_caption":"","selling_points":[],"selling_points_cta_text":"","features_title":"","features":"","ed_cta_examples_text":"","ed_cta_examples_hidden":"","ed_cta_demo_text":"","ed_cta_demo_hidden":"","why_caption":"","why_editor_title":"","why_editor_text":"","why_team_title":"","why_team_text":"","why_service_title":"","why_service_text":"","template_catalog_visible":"0","template_catalog_title":"","template_catalog_text":"","template_catalog_categories_visible":"","demo_title":"Erstellen Sie Ihre Instagram-Feed-App","demo_caption":"Konfigurieren Sie Ihren Instagram-Feed und f\u00fcgen Sie ihn kostenlos zu Ihrer Shopify-Website hinzu!","default_faq_hidden":"","app_template_category":[],"platform":"253","template_public_id":"","codecanyon_url":"","codecanyon_item_id":"","codecanyon_price":"","pricing_caption":"","pricing_elfsight_apps_hide_column":"","pricing_elfsight_apps_url":"","pricing_codecanyon_price_caption":"","integration_category":[],"integration_request_title":"","integration_request_cta":"","integration_platform":"","integrations":[],"platform_category":[],"video_schema_markup":"","price":"ab 0 $ \/ Monat","trial":"","benefits":[{"text":"Kostenloser Installationsservice"},{"text":"Premium-Support"},{"text":"14-t\u00e4gige Geld-zur\u00fcck-Garantie"},{"text":"Kontinuierliche kostenlose Updates"}],"button_url":"#demo","button_target_blank":"0","button_nofollow":"0","attributes":[{"name":"Installiert","content":"100,000 - 500,000"},{"name":"Reaktionsfreudig","content":"Ja"},{"name":"Kompatible Browser","content":"Firefox, Safari, Opera, Chrome, Edge"}],"tags":[],"tags_disable_links":"0","hide_more_platforms":"0","video_object":"","demo_hide_cta":"0","demo_hide_cloud_options":"0","pricing_title":"","pricing":[{"pricing_icon":"platform","pricing_title":"Elfsight Apps","pricing_title_caption":"Plattform\u00fcbergreifende Version, die auf jeder Website funktioniert","pricing_price":"ab 0 $ \/ Monat","pricing_price_caption":"Beginnen Sie mit einem kostenlosen Plan","pricing_benefits":[{"text":"Unbegrenzte Websites"},{"text":"Premium-Support"},{"text":"Kostenloser Installationsservice"},{"text":"Sonderangebot f\u00fcr mehrere Apps"}],"pricing_button_text":"Zur Website hinzuf\u00fcgen","pricing_button_url":"#demo"}],"related_apps_title":"","related_apps_hidden":"0","author":"","image":[],"title":"","job":"","social_networks":[]},"_links":{"self":[{"href":"https:\/\/elfsight.com\/de\/wp-json\/wp\/v2\/pages\/20669","targetHints":{"allow":["GET"]}}],"collection":[{"href":"https:\/\/elfsight.com\/de\/wp-json\/wp\/v2\/pages"}],"about":[{"href":"https:\/\/elfsight.com\/de\/wp-json\/wp\/v2\/types\/page"}],"author":[{"embeddable":true,"href":"https:\/\/elfsight.com\/de\/wp-json\/wp\/v2\/users\/9"}],"replies":[{"embeddable":true,"href":"https:\/\/elfsight.com\/de\/wp-json\/wp\/v2\/comments?post=20669"}],"version-history":[{"count":5,"href":"https:\/\/elfsight.com\/de\/wp-json\/wp\/v2\/pages\/20669\/revisions"}],"predecessor-version":[{"id":25612,"href":"https:\/\/elfsight.com\/de\/wp-json\/wp\/v2\/pages\/20669\/revisions\/25612"}],"up":[{"embeddable":true,"href":"https:\/\/elfsight.com\/de\/wp-json\/wp\/v2\/pages\/29"}],"wp:attachment":[{"href":"https:\/\/elfsight.com\/de\/wp-json\/wp\/v2\/media?parent=20669"}],"curies":[{"name":"wp","href":"https:\/\/api.w.org\/{rel}","templated":true}]}}