{"id":20668,"date":"2024-05-03T06:39:47","date_gmt":"2024-05-03T06:39:47","guid":{"rendered":"https:\/\/elfsight.com\/de\/?page_id=20668"},"modified":"2025-07-08T10:51:38","modified_gmt":"2025-07-08T10:51:38","slug":"cornerstone","status":"publish","type":"page","link":"https:\/\/elfsight.com\/de\/instagram-feed-instashow\/cornerstone\/","title":{"rendered":"InstaShow Cornerstone"},"content":{"rendered":"<div class=\"application-platform-content-item-description application-platform-content-item\" id=\"description\" data-nav-section=\"description\"> <h2>Beschreibung<\/h2><p>InstaShow ist ein leistungsstarkes Instagram-Plugin, das es erm\u00f6glicht, wunderbare Sammlungen aus Instagram-Bildern und -Videos zu entwerfen . Eine unbegrenzte Anzahl an Variationen zur Personalisierung Ihrer pers\u00f6nlichen Seite: alle Arten von Quellen, Feed-Filter, mehr als 70 flexible Einstellungen und 10 Farbschemata sowie 100 % anpassungsf\u00e4hig f\u00fcr verschiedene Aufl\u00f6sungen. Wenden Sie ein v\u00f6llig reaktionsf\u00e4higes und effizientes Plugin an, um im Handumdrehen das Interesse der Benutzer Ihrer Website zu wecken. <\/p><ul><li><b>Erh\u00f6hen Sie den Conversion-Index<\/b><br>Erz\u00e4hlen Sie \u00fcber Ihre Produkte oder Dienstleistungen \u00fcber Bilder von Instagram mithilfe von Hashtags, Standorten, Konten oder \u00fcber eine erforderliche URL Verbessern Sie die Leistung Ihrer Website. <\/li> <li><b>Bewerben Sie Ihr Instagram-Profil<\/b><br>Steigern Sie Ihr Instagram-Profil \u00fcber die Website weiter, lassen Sie mehr Leser Sie kennenlernen und Ihre Fans werden.<\/li> <li> <b>St\u00e4rkeres Engagement der Besucher<\/b><br>Beeindrucken Sie Besucher und wecken Sie tiefe Emotionen bei den Benutzern mithilfe von Fotos von Instagram, um ein st\u00e4rkeres Engagement zu erreichen. <\/li><\/ul><\/div><div class=\"application-platform-content-item-features application-platform-content-item\" id=\"features\" data-nav-section=\"features\"><h2>Funktionen<\/h2><p>Die grundlegenden Funktionen unserer Erweiterung, die sie zur besten Cornerstone-Methode zum Hinzuf\u00fcgen von Instagram machen: <\/p><ul><li>Inhalte nach URL, Hashtags und Benutzernamen hinzuf\u00fcgen;<\/li><li>2 gebrauchsfertige Feed-Layouts: Slider und Grid;<\/li><li>Aufruf duplizieren und neu anordnen Aktionsschaltfl\u00e4chen;<\/li><li>11 \u00fcbermalbare Elemente;<\/li><li>Mobile Optimierungsoption f\u00fcr verschiedene Ger\u00e4te.<\/li><\/ul><p><a href=\"#demo\">Weitere Funktionen in unserem Editor<\/a><\/p><\/div><div class=\"application-platform-content-item-installation application-platform-content-item\" id=\"installation\" data-nav-section=\"installation\"><h2>Wie kann ich Instagram-Feed zu meiner Cornerstone-Webseite hinzuf\u00fcgen? <\/h2> <p>Befolgen Sie einfach die folgenden Richtlinien, um mit der Verwendung des Tools zu beginnen. <\/p> <ol><li><b>F\u00fchren Sie unsere kostenlose Demo durch und beginnen Sie mit dem Bau Ihres ma\u00dfgeschneiderten Instruments. <\/b><br> W\u00e4hlen Sie das bevorzugte Design und die Parameter des Widgets und nehmen Sie die Korrekturen vor. <\/li> <li><b>Erhalten Sie Ihren pers\u00f6nlichen Code, der im Fenster von Elfsight Apps angezeigt wird. <\/b><br> Sobald die Erstellung Ihres Tools abgeschlossen ist, kopieren Sie den exklusiven Code aus der entstandenen Box und bewahren Sie ihn f\u00fcr die sp\u00e4tere Verwendung auf. <\/li> <li><b>Geben Sie an, das Plugin auf Ihrer Cornerstone-Site zu verwenden. <\/b><br> F\u00fcgen Sie den zuvor gespeicherten Code in Ihre Homepage ein und \u00fcbernehmen Sie die Anpassungen. <\/li> <li><b>Fertig! Die Integration wurde erfolgreich durchgef\u00fchrt. <\/b><br> Besuchen Sie Ihre Website, um die Funktionsweise des Plugins zu sehen. <\/li><\/ol> <p>Wenn Sie Fragen haben oder auf Probleme sto\u00dfen, k\u00f6nnen Sie sich gerne an unseren Kundendienst wenden. Unsere Berater sind bestrebt, alle Schwierigkeiten zu l\u00f6sen, die Sie m\u00f6glicherweise mit dem Produkt haben. <\/p> <\/div>","protected":false},"excerpt":{"rendered":"","protected":false},"author":9,"featured_media":0,"parent":29,"menu_order":0,"comment_status":"closed","ping_status":"closed","template":"templates\/template-application-platform.php","meta":{"publish_to_discourse":"","publish_post_category":"","wpdc_auto_publish_overridden":"","wpdc_topic_tags":"","wpdc_pin_topic":"","wpdc_pin_until":"","discourse_post_id":"","discourse_permalink":"","wpdc_publishing_response":"","wpdc_publishing_error":"","footnotes":""},"class_list":["post-20668","page","type-page","status-publish","hentry"],"yoast_head":"<!-- This site is optimized with the Yoast SEO plugin v25.3.1 - https:\/\/yoast.com\/wordpress\/plugins\/seo\/ -->\n<title>Instagram-Feed-Cornerstone-Erweiterung \u2013 InstaShow<\/title>\n<meta name=\"description\" content=\"Spezielle Version von InstaShow \u2013 einer der besten Instagram-Feeds f\u00fcr Websites mit integriertem Cornerstone Page Builder. Hochbewertete Grundsteinerweiterung.\" \/>\n<meta name=\"robots\" content=\"index, follow, max-snippet:-1, max-image-preview:large, max-video-preview:-1\" \/>\n<link rel=\"canonical\" href=\"https:\/\/elfsight.com\/de\/instagram-feed-instashow\/cornerstone\/\" \/>\n<meta property=\"og:locale\" content=\"de_DE\" \/>\n<meta property=\"og:type\" content=\"article\" \/>\n<meta property=\"og:title\" content=\"Instagram-Feed-Cornerstone-Erweiterung \u2013 InstaShow\" \/>\n<meta property=\"og:description\" content=\"Spezielle Version von InstaShow \u2013 einer der besten Instagram-Feeds f\u00fcr Websites mit integriertem Cornerstone Page Builder. Hochbewertete Grundsteinerweiterung.\" \/>\n<meta property=\"og:url\" content=\"https:\/\/elfsight.com\/de\/instagram-feed-instashow\/cornerstone\/\" \/>\n<meta property=\"og:site_name\" content=\"Elfsight DE\" \/>\n<meta property=\"article:modified_time\" content=\"2025-07-08T10:51:38+00:00\" \/>\n<meta name=\"twitter:card\" content=\"summary_large_image\" \/>\n<meta name=\"twitter:label1\" content=\"Gesch\u00e4tzte Lesezeit\" \/>\n\t<meta name=\"twitter:data1\" content=\"2\u00a0Minuten\" \/>\n<!-- \/ Yoast SEO plugin. -->","yoast_head_json":{"title":"Instagram-Feed-Cornerstone-Erweiterung \u2013 InstaShow","description":"Spezielle Version von InstaShow \u2013 einer der besten Instagram-Feeds f\u00fcr Websites mit integriertem Cornerstone Page Builder. Hochbewertete Grundsteinerweiterung.","robots":{"index":"index","follow":"follow","max-snippet":"max-snippet:-1","max-image-preview":"max-image-preview:large","max-video-preview":"max-video-preview:-1"},"canonical":"https:\/\/elfsight.com\/de\/instagram-feed-instashow\/cornerstone\/","og_locale":"de_DE","og_type":"article","og_title":"Instagram-Feed-Cornerstone-Erweiterung \u2013 InstaShow","og_description":"Spezielle Version von InstaShow \u2013 einer der besten Instagram-Feeds f\u00fcr Websites mit integriertem Cornerstone Page Builder. Hochbewertete Grundsteinerweiterung.","og_url":"https:\/\/elfsight.com\/de\/instagram-feed-instashow\/cornerstone\/","og_site_name":"Elfsight DE","article_modified_time":"2025-07-08T10:51:38+00:00","twitter_card":"summary_large_image","twitter_misc":{"Gesch\u00e4tzte Lesezeit":"2\u00a0Minuten"},"schema":{"@context":"https:\/\/schema.org","@graph":[{"@type":"WebPage","@id":"https:\/\/elfsight.com\/de\/instagram-feed-instashow\/cornerstone\/","url":"https:\/\/elfsight.com\/de\/instagram-feed-instashow\/cornerstone\/","name":"Instagram-Feed-Cornerstone-Erweiterung \u2013 InstaShow","isPartOf":{"@id":"https:\/\/elfsight.com\/de\/#website"},"datePublished":"2024-05-03T06:39:47+00:00","dateModified":"2025-07-08T10:51:38+00:00","description":"Spezielle Version von InstaShow \u2013 einer der besten Instagram-Feeds f\u00fcr Websites mit integriertem Cornerstone Page Builder. Hochbewertete Grundsteinerweiterung.","breadcrumb":{"@id":"https:\/\/elfsight.com\/de\/instagram-feed-instashow\/cornerstone\/#breadcrumb"},"inLanguage":"de","potentialAction":[{"@type":"ReadAction","target":["https:\/\/elfsight.com\/de\/instagram-feed-instashow\/cornerstone\/"]}]},{"@type":"BreadcrumbList","@id":"https:\/\/elfsight.com\/de\/instagram-feed-instashow\/cornerstone\/#breadcrumb","itemListElement":[{"@type":"ListItem","position":1,"name":"Home","item":"https:\/\/elfsight.com\/de\/"},{"@type":"ListItem","position":2,"name":"Instagram Feed","item":"https:\/\/elfsight.com\/de\/instagram-feed-instashow\/"},{"@type":"ListItem","position":3,"name":"InstaShow Cornerstone"}]},{"@type":"WebSite","@id":"https:\/\/elfsight.com\/de\/#website","url":"https:\/\/elfsight.com\/de\/","name":"Elfsight DE","description":"Just another Elfsight Sites site","potentialAction":[{"@type":"SearchAction","target":{"@type":"EntryPoint","urlTemplate":"https:\/\/elfsight.com\/de\/?s={search_term_string}"},"query-input":{"@type":"PropertyValueSpecification","valueRequired":true,"valueName":"search_term_string"}}],"inLanguage":"de"}]}},"meta_box":{"industry":"","seo_heading":"","heading":"","description":"","cta_heading":"","cta_description":"","application":"14","h1":"Instagram-Feed-Erweiterung f\u00fcr Cornerstone","h1_caption":"Demonstrieren Sie einen Feed mit Instagram-Fotos und -Videos, um Benutzer auf der Website anzusprechen","application_category":[],"applications_title":"","applications_request_title":"","applications_request_button_text":"","hero_text":"","hero_video":"","hero_video_schema_markup":"","selling_points_title":"","selling_points_caption":"","selling_points":[],"selling_points_cta_text":"","features_title":"","features":"","ed_cta_examples_text":"","ed_cta_examples_hidden":"","ed_cta_demo_text":"","ed_cta_demo_hidden":"","why_caption":"","why_editor_title":"","why_editor_text":"","why_team_title":"","why_team_text":"","why_service_title":"","why_service_text":"","template_catalog_visible":"","template_catalog_title":"","template_catalog_text":"","template_catalog_categories_visible":"","demo_title":"Erstellen Sie kostenlos einen Instagram-Feed!","demo_caption":"Holen Sie sich Ihren Instagram-Feed f\u00fcr die BigCommerce-Website mit unserer kostenlosen Demo.","default_faq_hidden":"","app_template_category":[],"platform":"2994","template_public_id":"","codecanyon_url":"","codecanyon_item_id":"","codecanyon_price":"","pricing_caption":"","pricing_elfsight_apps_hide_column":"","pricing_elfsight_apps_url":"","pricing_codecanyon_price_caption":"","integration_category":[],"integration_request_title":"","integration_request_cta":"","integration_platform":"","integrations":[],"platform_category":[],"video_schema_markup":"","price":"ab 0 $ \/ Monat","trial":"","benefits":[{"text":"Kostenloser Installationsservice"},{"text":"Premium-Support"},{"text":"14-t\u00e4gige Geld-zur\u00fcck-Garantie"},{"text":"Kontinuierliche kostenlose Updates"}],"button_url":"#demo","button_target_blank":"","button_nofollow":"","attributes":[{"name":"Installiert","content":"10,000 - 100,000"},{"name":"Reaktionsfreudig","content":"Ja"},{"name":"Kompatible Browser","content":"IE11, Firefox, Safari, Opera, Chrome, Edge"}],"tags":[],"tags_disable_links":"","hide_more_platforms":"","video_object":"","demo_hide_cta":"","demo_hide_cloud_options":"","pricing_title":"","pricing":[{"pricing_icon":"platform","pricing_title":"Elfsight Apps","pricing_title_caption":"Plattform\u00fcbergreifende Version, die auf jeder Website funktioniert","pricing_price":"ab 0 $ \/ Monat","pricing_price_caption":"Beginnen Sie mit einem kostenlosen Plan","pricing_benefits":[{"text":"Unbegrenzte Websites"},{"text":"Premium-Support"},{"text":"Kostenloser Installationsservice"},{"text":"Sonderangebot f\u00fcr mehrere Apps"}],"pricing_button_text":"Zur Website hinzuf\u00fcgen","pricing_button_url":"#demo"}],"related_apps_title":"","related_apps_hidden":"","author":"","image":[],"title":"","job":"","social_networks":[]},"_links":{"self":[{"href":"https:\/\/elfsight.com\/de\/wp-json\/wp\/v2\/pages\/20668","targetHints":{"allow":["GET"]}}],"collection":[{"href":"https:\/\/elfsight.com\/de\/wp-json\/wp\/v2\/pages"}],"about":[{"href":"https:\/\/elfsight.com\/de\/wp-json\/wp\/v2\/types\/page"}],"author":[{"embeddable":true,"href":"https:\/\/elfsight.com\/de\/wp-json\/wp\/v2\/users\/9"}],"replies":[{"embeddable":true,"href":"https:\/\/elfsight.com\/de\/wp-json\/wp\/v2\/comments?post=20668"}],"version-history":[{"count":1,"href":"https:\/\/elfsight.com\/de\/wp-json\/wp\/v2\/pages\/20668\/revisions"}],"predecessor-version":[{"id":20672,"href":"https:\/\/elfsight.com\/de\/wp-json\/wp\/v2\/pages\/20668\/revisions\/20672"}],"up":[{"embeddable":true,"href":"https:\/\/elfsight.com\/de\/wp-json\/wp\/v2\/pages\/29"}],"wp:attachment":[{"href":"https:\/\/elfsight.com\/de\/wp-json\/wp\/v2\/media?parent=20668"}],"curies":[{"name":"wp","href":"https:\/\/api.w.org\/{rel}","templated":true}]}}