{"id":20667,"date":"2024-05-03T06:39:46","date_gmt":"2024-05-03T06:39:46","guid":{"rendered":"https:\/\/elfsight.com\/de\/?page_id=20667"},"modified":"2025-07-08T10:51:43","modified_gmt":"2025-07-08T10:51:43","slug":"lightspeed","status":"publish","type":"page","link":"https:\/\/elfsight.com\/de\/instagram-feed-instashow\/lightspeed\/","title":{"rendered":"InstaShow Lightspeed"},"content":{"rendered":"<div class=\"application-platform-content-item-description application-platform-content-item\" id=\"description\" data-nav-section=\"description\"> <h2>Beschreibung<\/h2><p>InstaShow ist ein responsives Instagram-Plugin, das es erm\u00f6glicht, wunderbare Galerien aus Instagram-Fotos und -Videos zu erstellen. Unendlich viele M\u00f6glichkeiten zur Personalisierung Ihrer pers\u00f6nlichen Seite: alle Arten von Quellen, Sortierung von Beitr\u00e4gen, mehr als 60 anpassbare Optionen und 10 Layoutvarianten sowie 100 % Anpassung an alle Aufl\u00f6sungen. Verwenden Sie ein vollst\u00e4ndig reaktionsf\u00e4higes und n\u00fctzliches Plugin, um die Benutzer Ihrer Website im Handumdrehen anzulocken. <\/p><div class=\"faq\" data-component=\"FAQ\"> <div class=\"faq-item\">\r\n\t\t\t\t\t<div class=\"faq-item-question\">\r\n\t\t\t\t\t\t<h3 class=\"faq-item-question-text\">Ist das Widget mit Smartphones kompatibel? <\/h3>\r\n\r\n\t\t\t\t\t\t<div class=\"faq-item-question-icon\"><\/div>\r\n\t\t\t\t\t<\/div>\r\n\r\n\t\t\t\t\t<div class=\"faq-item-answer\">\r\n\t\t\t\t\t\t<div class=\"faq-item-answer-text\"><p>Klar! Ihre Benutzer werden ein fantastisches Erlebnis erhalten, egal welche Art von Tool sie verwenden \u2013 vom Desktop bis zum Smartphone. <\/p><\/div>\r\n\t\t\t\t\t<\/div>\r\n\t\t\t\t<\/div><div class=\"faq-item\">\r\n\t\t\t\t\t<div class=\"faq-item-question\">\r\n\t\t\t\t\t\t<h3 class=\"faq-item-question-text\">Kann ich mit dem Plugin kostenlos arbeiten? <\/h3>\r\n\r\n\t\t\t\t\t\t<div class=\"faq-item-question-icon\"><\/div>\r\n\t\t\t\t\t<\/div>\r\n\r\n\t\t\t\t\t<div class=\"faq-item-answer\">\r\n\t\t\t\t\t\t<div class=\"faq-item-answer-text\"><p>Ja, wir schlagen verschiedene Tarifpl\u00e4ne vor, von denen einer kostenlos ist. Wenn Sie einen gr\u00f6\u00dferen Funktionsumfang w\u00fcnschen, k\u00f6nnen Sie Ihren Plan jederzeit aktualisieren. <\/p><\/div>\r\n\t\t\t\t\t<\/div>\r\n\t\t\t\t<\/div><div class=\"faq-item\">\r\n\t\t\t\t\t<div class=\"faq-item-question\">\r\n\t\t\t\t\t\t<h3 class=\"faq-item-question-text\">Passt Ihr Widget zum Thema, das meine Website verwendet?<\/h3>\r\n\r\n\t\t\t\t\t\t<div class=\"faq-item-question-icon\"><\/div>\r\n\t\t\t\t\t<\/div>\r\n\r\n\t\t\t\t\t<div class=\"faq-item-answer\">\r\n\t\t\t\t\t\t<div class=\"faq-item-answer-text\"><p>Nat\u00fcrlich! Das Tool ist absolut kompatibel mit Themes und Website-Buildern, die die Standardanforderungen von Lightspeed erf\u00fcllen. Und wenn Sie sich nicht f\u00fcr WordPress bewerben, helfen wir Ihnen gerne weiter.<\/p><\/div>\r\n\t\t\t\t\t<\/div>\r\n\t\t\t\t<\/div><\/div><\/div><div class=\"application-platform-content-item-features application-platform-content-item\" id=\"features\" data-nav-section=\"features\"><h2>Funktionen<\/h2> <p>Um eine klare Vorstellung von einem Lightspeed <a href=\"https:\/\/elfsight.com\/blog\/how-to-embed-instagram-feed-on-website\/\">Instagram-Feed<\/a> zu bekommen , k\u00f6nnen Sie die Liste der Hauptmerkmale studieren. Sie machen die App f\u00fcr Sie wirklich effektiv:<\/p><ul><li><b>Transaktionsindex st\u00e4rken<\/b><br>Pr\u00e4sentieren Sie Ihre Waren oder Dienstleistungen \u00fcber Fotos von Instagram mit Hilfe von Hashtags, Standorten, Konto oder \u00fcber eine bestimmte URL, um die Ergebnisse Ihrer Website zu verbessern. <\/li> <li><b>Maximale Followerzahl auf Instagram<\/b><br>Zeigen Sie spezielle Schaltfl\u00e4chen mit einem Aufruf an, um ein Abonnement zu erhalten und die Anzahl der Fans Ihrer Instagram-Seite zu erh\u00f6hen. <\/li> <li><b>Beziehen Sie eine gr\u00f6\u00dfere Anzahl von Besuchern ein<\/b><br>Zeigen Sie auf Ihrer Website Bilder von Instagram \u00fcber das Elfsight-Plugin an, und sie werden mehr Leser anziehen und sie dazu bringen, mehr Zeit auf der Website zu verbringen . <\/li><\/ul><p><a href=\"#demo\">Entdecken Sie die volle Funktionalit\u00e4t in der Demo<\/a><\/p><\/div><div class=\"application-platform-content-item-installation application-platform-content-item\" id=\"installation\" data-nav-section=\"installation\"><h2> Wie f\u00fcge ich einen Instagram-Feed zu meiner Lightspeed-Website hinzu? <\/h2> <p>Befolgen Sie einfach die folgenden Richtlinien, um das Widget einzubetten. <\/p> <ol><li><b>Nutzen Sie unsere kostenlose Demo und beginnen Sie mit der Entwicklung Ihres einzigartigen Plugins. <\/b><br> Geben Sie das gew\u00fcnschte Aussehen und die gew\u00fcnschten Optionen des Tools an und speichern Sie die Korrekturen. <\/li> <li><b>Kopieren Sie Ihren individuellen Code, der in der speziellen Form auf Elfsight Apps angezeigt wird. <\/b><br> Sobald die Anpassung Ihres pers\u00f6nlichen Widgets abgeschlossen ist, kopieren Sie den individuellen Code im angezeigten Fenster und bewahren Sie ihn zur weiteren Verwendung auf. <\/li> <li><b>Erste Schritte mit der Verwendung des Widgets auf einer Lightspeed-Website. <\/b><br> Platzieren Sie den Code, den Sie k\u00fcrzlich kopiert haben, auf Ihrer Webseite und speichern Sie die Verbesserungen. <\/li> <li><b>Das Setup wurde erfolgreich abgeschlossen. <\/b><br> Besuchen Sie Ihre Webseite, um zu \u00fcberpr\u00fcfen, wie das Plugin funktioniert. <\/li><\/ol> <p>Wenn Sie Fragen haben oder auf Komplikationen sto\u00dfen, schreiben Sie bitte an unser Support-Team. Unsere Berater beantworten gerne alle Fragen, die Sie zum Widget haben. <\/p> <\/div>","protected":false},"excerpt":{"rendered":"","protected":false},"author":9,"featured_media":0,"parent":29,"menu_order":0,"comment_status":"closed","ping_status":"closed","template":"templates\/template-application-platform.php","meta":{"publish_to_discourse":"","publish_post_category":"","wpdc_auto_publish_overridden":"","wpdc_topic_tags":"","wpdc_pin_topic":"","wpdc_pin_until":"","discourse_post_id":"","discourse_permalink":"","wpdc_publishing_response":"","wpdc_publishing_error":"","footnotes":""},"class_list":["post-20667","page","type-page","status-publish","hentry"],"yoast_head":"<!-- This site is optimized with the Yoast SEO plugin v25.3.1 - https:\/\/yoast.com\/wordpress\/plugins\/seo\/ -->\n<title>Lightspeed Instagram Feed \u2013 InstaShow<\/title>\n<meta name=\"description\" content=\"Verwenden Sie den Lightspeed Instagram Feed, um atemberaubende Galerien mit Instagram-Bildern direkt in Ihrem Lightspeed Store zu erstellen und im Handumdrehen Publikum anzulocken!\" \/>\n<meta name=\"robots\" content=\"index, follow, max-snippet:-1, max-image-preview:large, max-video-preview:-1\" \/>\n<link rel=\"canonical\" href=\"https:\/\/elfsight.com\/de\/instagram-feed-instashow\/lightspeed\/\" \/>\n<meta property=\"og:locale\" content=\"de_DE\" \/>\n<meta property=\"og:type\" content=\"article\" \/>\n<meta property=\"og:title\" content=\"Lightspeed Instagram Feed \u2013 InstaShow\" \/>\n<meta property=\"og:description\" content=\"Verwenden Sie den Lightspeed Instagram Feed, um atemberaubende Galerien mit Instagram-Bildern direkt in Ihrem Lightspeed Store zu erstellen und im Handumdrehen Publikum anzulocken!\" \/>\n<meta property=\"og:url\" content=\"https:\/\/elfsight.com\/de\/instagram-feed-instashow\/lightspeed\/\" \/>\n<meta property=\"og:site_name\" content=\"Elfsight DE\" \/>\n<meta property=\"article:modified_time\" content=\"2025-07-08T10:51:43+00:00\" \/>\n<meta name=\"twitter:card\" content=\"summary_large_image\" \/>\n<meta name=\"twitter:label1\" content=\"Gesch\u00e4tzte Lesezeit\" \/>\n\t<meta name=\"twitter:data1\" content=\"3\u00a0Minuten\" \/>\n<!-- \/ Yoast SEO plugin. -->","yoast_head_json":{"title":"Lightspeed Instagram Feed \u2013 InstaShow","description":"Verwenden Sie den Lightspeed Instagram Feed, um atemberaubende Galerien mit Instagram-Bildern direkt in Ihrem Lightspeed Store zu erstellen und im Handumdrehen Publikum anzulocken!","robots":{"index":"index","follow":"follow","max-snippet":"max-snippet:-1","max-image-preview":"max-image-preview:large","max-video-preview":"max-video-preview:-1"},"canonical":"https:\/\/elfsight.com\/de\/instagram-feed-instashow\/lightspeed\/","og_locale":"de_DE","og_type":"article","og_title":"Lightspeed Instagram Feed \u2013 InstaShow","og_description":"Verwenden Sie den Lightspeed Instagram Feed, um atemberaubende Galerien mit Instagram-Bildern direkt in Ihrem Lightspeed Store zu erstellen und im Handumdrehen Publikum anzulocken!","og_url":"https:\/\/elfsight.com\/de\/instagram-feed-instashow\/lightspeed\/","og_site_name":"Elfsight DE","article_modified_time":"2025-07-08T10:51:43+00:00","twitter_card":"summary_large_image","twitter_misc":{"Gesch\u00e4tzte Lesezeit":"3\u00a0Minuten"},"schema":{"@context":"https:\/\/schema.org","@graph":[{"@type":"WebPage","@id":"https:\/\/elfsight.com\/de\/instagram-feed-instashow\/lightspeed\/","url":"https:\/\/elfsight.com\/de\/instagram-feed-instashow\/lightspeed\/","name":"Lightspeed Instagram Feed \u2013 InstaShow","isPartOf":{"@id":"https:\/\/elfsight.com\/de\/#website"},"datePublished":"2024-05-03T06:39:46+00:00","dateModified":"2025-07-08T10:51:43+00:00","description":"Verwenden Sie den Lightspeed Instagram Feed, um atemberaubende Galerien mit Instagram-Bildern direkt in Ihrem Lightspeed Store zu erstellen und im Handumdrehen Publikum anzulocken!","breadcrumb":{"@id":"https:\/\/elfsight.com\/de\/instagram-feed-instashow\/lightspeed\/#breadcrumb"},"inLanguage":"de","potentialAction":[{"@type":"ReadAction","target":["https:\/\/elfsight.com\/de\/instagram-feed-instashow\/lightspeed\/"]}]},{"@type":"BreadcrumbList","@id":"https:\/\/elfsight.com\/de\/instagram-feed-instashow\/lightspeed\/#breadcrumb","itemListElement":[{"@type":"ListItem","position":1,"name":"Home","item":"https:\/\/elfsight.com\/de\/"},{"@type":"ListItem","position":2,"name":"Instagram Feed","item":"https:\/\/elfsight.com\/de\/instagram-feed-instashow\/"},{"@type":"ListItem","position":3,"name":"InstaShow Lightspeed"}]},{"@type":"WebSite","@id":"https:\/\/elfsight.com\/de\/#website","url":"https:\/\/elfsight.com\/de\/","name":"Elfsight DE","description":"Just another Elfsight Sites site","potentialAction":[{"@type":"SearchAction","target":{"@type":"EntryPoint","urlTemplate":"https:\/\/elfsight.com\/de\/?s={search_term_string}"},"query-input":{"@type":"PropertyValueSpecification","valueRequired":true,"valueName":"search_term_string"}}],"inLanguage":"de"}]}},"meta_box":{"industry":"","seo_heading":"","heading":"","description":"","cta_heading":"","cta_description":"","application":"14","h1":"Instagram-Feed-App f\u00fcr Lightspeed","h1_caption":"Zeigen Sie Instagram-Fotos und -Videos an, um Ihre Website-Besucher zu Followern zu machen","application_category":[],"applications_title":"","applications_request_title":"","applications_request_button_text":"","hero_text":"","hero_video":"","hero_video_schema_markup":"","selling_points_title":"","selling_points_caption":"","selling_points":[],"selling_points_cta_text":"","features_title":"","features":"","ed_cta_examples_text":"","ed_cta_examples_hidden":"","ed_cta_demo_text":"","ed_cta_demo_hidden":"","why_caption":"","why_editor_title":"","why_editor_text":"","why_team_title":"","why_team_text":"","why_service_title":"","why_service_text":"","template_catalog_visible":"","template_catalog_title":"","template_catalog_text":"","template_catalog_categories_visible":"","demo_title":"Gestalten Sie kostenlos einen Instagram-Feed!","demo_caption":"Testen Sie Ihren Instagram-Feed f\u00fcr eine Lightspeed-Website mit unserem schnellen, kostenlosen Editor.","default_faq_hidden":"","app_template_category":[],"platform":"257","template_public_id":"","codecanyon_url":"","codecanyon_item_id":"","codecanyon_price":"","pricing_caption":"","pricing_elfsight_apps_hide_column":"","pricing_elfsight_apps_url":"","pricing_codecanyon_price_caption":"","integration_category":[],"integration_request_title":"","integration_request_cta":"","integration_platform":"","integrations":[],"platform_category":[],"video_schema_markup":"","price":"ab 0 $ \/ Monat","trial":"","benefits":[{"text":"Kostenloser Installationsservice"},{"text":"Premium-Support"},{"text":"14-t\u00e4gige Geld-zur\u00fcck-Garantie"},{"text":"Kontinuierliche kostenlose Updates"}],"button_url":"#demo","button_target_blank":"","button_nofollow":"","attributes":[{"name":"Installiert","content":"10,000 - 100,000"},{"name":"Reaktionsfreudig","content":"Ja"},{"name":"Kompatible Browser","content":"IE11, Firefox, Safari, Opera, Chrome, Edge"}],"tags":[],"tags_disable_links":"","hide_more_platforms":"","video_object":"","demo_hide_cta":"","demo_hide_cloud_options":"","pricing_title":"","pricing":[{"pricing_icon":"platform","pricing_title":"Lightspeed app","pricing_title_caption":"Funktioniert auf jeder Lightspeed-Website","pricing_price":"ab 0 $ \/ Monat","pricing_price_caption":"Beginnen Sie mit einer 14-t\u00e4gigen Testversion","pricing_benefits":[{"text":"Native Lightspeed-App"},{"text":"Eine Zahlung f\u00fcr Ihre Website und App"},{"text":"Richten Sie die App direkt auf Ihrer Website ein"},{"text":"Vollst\u00e4ndig anpassbar an Ihre Bed\u00fcrfnisse"}],"pricing_button_text":"Zur Website hinzuf\u00fcgen","pricing_button_url":"#demo"}],"related_apps_title":"","related_apps_hidden":"","author":"","image":[],"title":"","job":"","social_networks":[]},"_links":{"self":[{"href":"https:\/\/elfsight.com\/de\/wp-json\/wp\/v2\/pages\/20667","targetHints":{"allow":["GET"]}}],"collection":[{"href":"https:\/\/elfsight.com\/de\/wp-json\/wp\/v2\/pages"}],"about":[{"href":"https:\/\/elfsight.com\/de\/wp-json\/wp\/v2\/types\/page"}],"author":[{"embeddable":true,"href":"https:\/\/elfsight.com\/de\/wp-json\/wp\/v2\/users\/9"}],"replies":[{"embeddable":true,"href":"https:\/\/elfsight.com\/de\/wp-json\/wp\/v2\/comments?post=20667"}],"version-history":[{"count":1,"href":"https:\/\/elfsight.com\/de\/wp-json\/wp\/v2\/pages\/20667\/revisions"}],"predecessor-version":[{"id":20671,"href":"https:\/\/elfsight.com\/de\/wp-json\/wp\/v2\/pages\/20667\/revisions\/20671"}],"up":[{"embeddable":true,"href":"https:\/\/elfsight.com\/de\/wp-json\/wp\/v2\/pages\/29"}],"wp:attachment":[{"href":"https:\/\/elfsight.com\/de\/wp-json\/wp\/v2\/media?parent=20667"}],"curies":[{"name":"wp","href":"https:\/\/api.w.org\/{rel}","templated":true}]}}