{"id":20662,"date":"2024-05-03T06:39:44","date_gmt":"2024-05-03T06:39:44","guid":{"rendered":"https:\/\/elfsight.com\/de\/?page_id=20662"},"modified":"2024-11-08T09:25:03","modified_gmt":"2024-11-08T09:25:03","slug":"wix","status":"publish","type":"page","link":"https:\/\/elfsight.com\/de\/instagram-feed-instashow\/wix\/","title":{"rendered":"Instagram Feed &#8211; Wix"},"content":{"rendered":"<div class=\"application-platform-content-item-description application-platform-content-item\" id=\"description\" data-nav-section=\"description\"><h2>Instagram auf Wix mit dem Elfsight-Widget einbetten<\/h2><p>InstaShow ist das beste Instagram-Plugin f\u00fcr Wix, das es erm\u00f6glicht Erstellen Sie gro\u00dfartige Galerien aus Instagram-Bildern und Videoclips. Wenn Sie den Instagram-Feed zu Wix hinzuf\u00fcgen, k\u00f6nnen Sie Ihre Website hinsichtlich ihrer Interaktivit\u00e4t dekorieren und verbessern. Es bietet zahlreiche Anpassungsm\u00f6glichkeiten: alle Arten von Quellen, Beitragsfilter, mehr als 70 adaptive Parameter, 10 Layoutvarianten und eine vollst\u00e4ndig adaptive Benutzeroberfl\u00e4che, die f\u00fcr alle Bildschirmgr\u00f6\u00dfen geeignet ist.<\/p><p><b>F\u00fcgen Sie Instagram hinzu Feeds auf der Website, steigern Sie das Engagement und erh\u00f6hen Sie die Zeit, die Menschen auf Ihren Webseiten verbringen.<\/b><\/p><div class=\"faq\" data-component=\"FAQ\"> <div class=\"faq-item\">\r\n\t\t\t\t\t<div class=\"faq-item-question\">\r\n\t\t\t\t\t\t<h3 class=\"faq-item-question-text\">Gibt es noch andere Tools f\u00fcr Wix, die ich auf meiner Website verwenden kann?<\/h3>\r\n\r\n\t\t\t\t\t\t<div class=\"faq-item-question-icon\"><\/div>\r\n\t\t\t\t\t<\/div>\r\n\r\n\t\t\t\t\t<div class=\"faq-item-answer\">\r\n\t\t\t\t\t\t<div class=\"faq-item-answer-text\"> <p>Es steht Ihnen frei, unz\u00e4hlige Tools f\u00fcr beliebige Ziele auf Ihrer Website zu testen, unabh\u00e4ngig von Ihrem Gesch\u00e4ftsfeld. Sie k\u00f6nnen beispielsweise mit diesen Widgets beginnen: <a href=\"https:\/\/elfsight.com\/pdf-embed-widget\/wix\/\">PDF Embed<\/a>, <a href=\"https:\/\/elfsight .com\/instagram-feed-instashow\/wix\/\">Instagram-Feed<\/a>, <a href=\"https:\/\/elfsight.com\/google-reviews-widget\/wix\/\">Google-Bewertungen<\/a>, <a href=\"https:\/\/elfsight.com\/whatsapp-chat-widget\/wix\/\">WhatsApp-Chat<\/a>, <a href=\"https:\/\/elfsight.com\/popup-widget\/wix\/\">Popup<\/a>.<\/p> <\/div>\r\n\t\t\t\t\t<\/div>\r\n\t\t\t\t<\/div> <div class=\"faq-item\">\r\n\t\t\t\t\t<div class=\"faq-item-question\">\r\n\t\t\t\t\t\t<h3 class=\"faq-item-question-text\">Wie bette ich Instagram-Feeds kostenlos auf Wix ein?<\/h3>\r\n\r\n\t\t\t\t\t\t<div class=\"faq-item-question-icon\"><\/div>\r\n\t\t\t\t\t<\/div>\r\n\r\n\t\t\t\t\t<div class=\"faq-item-answer\">\r\n\t\t\t\t\t\t<div class=\"faq-item-answer-text\"> <ol><p>Implementierung von <a href=\"https:\/\/elfsight. com\/blog\/how-to-embed-instagram-feed-on-website\/\">Instagram-Website<\/a> Der Feed auf Ihrer Wix-Website ist eine fantastische M\u00f6glichkeit, Ihre neuesten Beitr\u00e4ge hervorzuheben und die Benutzerinteraktion zu steigern.<\/p><ol><li>Um einen Elfsight-Instagram-Feed kostenlos auf Wix einzubetten, gehen Sie zur Elfsight-Website und erstellen Sie ein kostenloses Konto.<\/li><li>Nutzen Sie das kostenlose Instagram-Widget, indem Sie dessen Erscheinungsbild und Einstellungen an Ihre Bed\u00fcrfnisse anpassen Der Stil der Wix-Website.<\/li><li>Nachdem Sie Ihren Instagram-Feed kostenlos optimiert haben, kopieren Sie den eindeutigen Einbettungscode und f\u00fcgen Sie ihn in den HTML-Code Ihrer Wix-Website ein, wo der Feed angezeigt werden soll.<\/li><\/ol><p>Durch das Hinzuf\u00fcgen Ihres Instagram-Feeds in Ihre Wix-Website verst\u00e4rken Sie deren visuellen Charme und regen die kontinuierliche Benutzerinteraktion an. Genie\u00dfen Sie die Vorteile des Elfsight Instagram-Widgets, ohne Ihr Budget zu sprengen!<\/p><\/ol><\/div>\r\n\t\t\t\t\t<\/div>\r\n\t\t\t\t<\/div> <\/div><ul><li><b>Erzielen Sie h\u00f6here Ums\u00e4tze mit den angesagtesten Fotos<\/b>. <br>Verwenden Sie stilvolle Bilder von Instagram, das mittlerweile eines der beliebtesten Medien zur Bewerbung Ihrer Angebote oder Dienstleistungen ist, und steigern Sie die Einnahmen auf der Website.<\/li><li><b>Mehr Follower auf Instagram<\/b>.<br>Betten Sie zus\u00e4tzliche Schaltfl\u00e4chen ein, die Benutzern die M\u00f6glichkeit bieten, Ihr Konto zu abonnieren und die Anzahl der Abonnenten Ihrer Instagram-Seite zu erh\u00f6hen.<\/li><li><b>H\u00f6heres Benutzerengagement<\/b>.<br>Inspirieren Sie Besucher mit eleganten Bildern von Instagram und lassen Sie sie vielf\u00e4ltige Emotionen teilen, um ein starkes Benutzerengagement auf Ihrer Website zu schaffen.<\/li><\/ul><\/div><div class=\"application-platform-content-item-features application-platform-content-item\" id=\"features\" data-nav-section=\"features\"><h2>Hauptfunktionen des Instagram-Feed-Widgets<\/h2><p>Wir haben diesen vielseitigen Instagram-Feed so gestaltet, dass er perfekt auf jeder Website von Wix funktioniert. Aufgrund seiner n\u00fctzlichen Funktionen kann es Ihnen helfen, Ihre Gesch\u00e4ftsziele zu erreichen. W\u00e4hlen Sie einfach die besten Optionen f\u00fcr Ihren benutzerdefinierten Instagram-Feed aus, um ein individuelles Widget zu erstellen, das Ihren Anforderungen entspricht und zum Erscheinungsbild Ihrer Website passt. Die wichtigsten Funktionen des Elfsight-Plugins, die es zum besten Wix-Instrument zum Einbetten von Instagram machen:<\/p> <ul><li>Verwenden Sie den Ausschlussfilter, um die Anzahl der Quellen zu begrenzen;<\/li><li>2 Beitragsvorlagen: Kachel und Klassisch;<\/li><li>Pfeile, Ziehen und Foliennavigation;<\/li><li>Anpassbare Farben f\u00fcr Hintergrund, Text, Schaltfl\u00e4chen und mehr;<\/li><li>Flexible Breite des Widgets.<\/li><\/ul><p><a href=\"#demo\">Weitere Funktionen in Elfsight Demo<\/a><\/p><\/div><div class=\"application-platform-content-item-installation application-platform-content-item\" id=\"installation\" data-nav-section=\"installation\"><h2>So f\u00fcgen Sie die Instagram-App zur Wix-Website hinzu<\/h2><div class=\"video-container\"><iframe width=\"720\" height=\"405\" src=\"https:\/\/www.youtube.com\/embed\/aZaeM2UfTSU\" frameborder=\"0\" allowfullscreen=\"\"><\/iframe><\/div><p>Schauen Sie sich unser kurzes Handbuch an zur Integration und Generierung des Plugins. Sie ben\u00f6tigen nur 2 Minuten, um <a href=\"https:\/\/elfsight.com\/blog\/how-to-add-instagram-feed-to-wix-website\/\">Instagram-Feed zu Wix hinzuzuf\u00fcgen<\/a>. Und ein sch\u00f6ner Bonus ist, dass keine Programmierkenntnisse erforderlich sind.<\/p><ol><li><b>Erwerben Sie das Widget bei Wix Market<\/b>.<br><a href=\"https:\/\/ www.wix.com\/app-market\/instagram-pro\/overview\" target=\"_blank\" rel=\"noopener noreferrer\">\u00d6ffnen Sie die Seite<\/a> mit dem Instagram-Feed und klicken Sie auf die Schaltfl\u00e4che \u201eZur Website hinzuf\u00fcgen\u201c.<\/li><li><b>F\u00fcgen Sie das Widget auf der Website ein<\/b>.<br>Klicken Sie in der Popup-Benachrichtigung auf \u201eEditor \u00f6ffnen\u201c und zeigen Sie das Widget auf Ihrer Seite an.<\/li><li><b>Konfigurieren Sie Ihr Instagram<\/b>.<br>Stellen Sie die erforderlichen Designparameter ein und f\u00fcgen Sie Inhalte zur Anzeige hinzu. Sie k\u00f6nnen ein paar \u00c4nderungen vornehmen oder einen v\u00f6llig individuellen Feed erstellen. \u00dcbernehmen Sie alle \u00c4nderungen.<\/li><li><b>Fertig!<\/b><br>Sie haben das Widget erfolgreich in Ihre Seiten eingebettet. Gehen Sie zur Website von Wix, um Ihren Instagram-Feed anzuzeigen!<\/li><\/ol><p>Haben Sie Fragen zum Einbetten des Instagram-Feeds in Wix oder zum Einrichten Ihres eigenen Instagram-Feeds? Wenden Sie sich gerne an den Kundensupport von Elfsight. Wir sind immer f\u00fcr Sie da, um Ihnen bei der Anpassung und Einbettung des Widgets zu helfen, damit es auf den Seiten Ihrer Website perfekt aussieht und funktioniert.<\/p><\/div>","protected":false},"excerpt":{"rendered":"","protected":false},"author":9,"featured_media":0,"parent":29,"menu_order":0,"comment_status":"closed","ping_status":"closed","template":"templates\/template-application-platform.php","meta":{"publish_to_discourse":"","publish_post_category":"","wpdc_auto_publish_overridden":"","wpdc_topic_tags":"","wpdc_pin_topic":"","wpdc_pin_until":"","discourse_post_id":"","discourse_permalink":"","wpdc_publishing_response":"","wpdc_publishing_error":"","footnotes":""},"class_list":["post-20662","page","type-page","status-publish","hentry"],"yoast_head":"<!-- This site is optimized with the Yoast SEO plugin v25.3.1 - https:\/\/yoast.com\/wordpress\/plugins\/seo\/ -->\n<title>Wix Instagram Feed App \u2013 Instagram zu Wix hinzuf\u00fcgen [2025]<\/title>\n<meta name=\"description\" content=\"Wie f\u00fcge ich Instagram-Feeds kostenlos zur Website von Wix hinzu? Verwenden Sie das Instagram-Widget, um Bilder und Videos auf Ihrer Wix-Website einzubetten!\" \/>\n<meta name=\"robots\" content=\"index, follow, max-snippet:-1, max-image-preview:large, max-video-preview:-1\" \/>\n<link rel=\"canonical\" href=\"https:\/\/elfsight.com\/de\/instagram-feed-instashow\/wix\/\" \/>\n<meta property=\"og:locale\" content=\"de_DE\" \/>\n<meta property=\"og:type\" content=\"article\" \/>\n<meta property=\"og:title\" content=\"Wix Instagram Feed App \u2013 Instagram zu Wix hinzuf\u00fcgen [2025]\" \/>\n<meta property=\"og:description\" content=\"Wie f\u00fcge ich Instagram-Feeds kostenlos zur Website von Wix hinzu? Verwenden Sie das Instagram-Widget, um Bilder und Videos auf Ihrer Wix-Website einzubetten!\" \/>\n<meta property=\"og:url\" content=\"https:\/\/elfsight.com\/de\/instagram-feed-instashow\/wix\/\" \/>\n<meta property=\"og:site_name\" content=\"Elfsight DE\" \/>\n<meta property=\"article:modified_time\" content=\"2024-11-08T09:25:03+00:00\" \/>\n<meta name=\"twitter:card\" content=\"summary_large_image\" \/>\n<meta name=\"twitter:label1\" content=\"Gesch\u00e4tzte Lesezeit\" \/>\n\t<meta name=\"twitter:data1\" content=\"4\u00a0Minuten\" \/>\n<!-- \/ Yoast SEO plugin. -->","yoast_head_json":{"title":"Wix Instagram Feed App \u2013 Instagram zu Wix hinzuf\u00fcgen [2025]","description":"Wie f\u00fcge ich Instagram-Feeds kostenlos zur Website von Wix hinzu? Verwenden Sie das Instagram-Widget, um Bilder und Videos auf Ihrer Wix-Website einzubetten!","robots":{"index":"index","follow":"follow","max-snippet":"max-snippet:-1","max-image-preview":"max-image-preview:large","max-video-preview":"max-video-preview:-1"},"canonical":"https:\/\/elfsight.com\/de\/instagram-feed-instashow\/wix\/","og_locale":"de_DE","og_type":"article","og_title":"Wix Instagram Feed App \u2013 Instagram zu Wix hinzuf\u00fcgen [2025]","og_description":"Wie f\u00fcge ich Instagram-Feeds kostenlos zur Website von Wix hinzu? Verwenden Sie das Instagram-Widget, um Bilder und Videos auf Ihrer Wix-Website einzubetten!","og_url":"https:\/\/elfsight.com\/de\/instagram-feed-instashow\/wix\/","og_site_name":"Elfsight DE","article_modified_time":"2024-11-08T09:25:03+00:00","twitter_card":"summary_large_image","twitter_misc":{"Gesch\u00e4tzte Lesezeit":"4\u00a0Minuten"},"schema":{"@context":"https:\/\/schema.org","@graph":[{"@type":"WebPage","@id":"https:\/\/elfsight.com\/de\/instagram-feed-instashow\/wix\/","url":"https:\/\/elfsight.com\/de\/instagram-feed-instashow\/wix\/","name":"Wix Instagram Feed App \u2013 Instagram zu Wix hinzuf\u00fcgen [2025]","isPartOf":{"@id":"https:\/\/elfsight.com\/de\/#website"},"datePublished":"2024-05-03T06:39:44+00:00","dateModified":"2024-11-08T09:25:03+00:00","description":"Wie f\u00fcge ich Instagram-Feeds kostenlos zur Website von Wix hinzu? Verwenden Sie das Instagram-Widget, um Bilder und Videos auf Ihrer Wix-Website einzubetten!","breadcrumb":{"@id":"https:\/\/elfsight.com\/de\/instagram-feed-instashow\/wix\/#breadcrumb"},"inLanguage":"de","potentialAction":[{"@type":"ReadAction","target":["https:\/\/elfsight.com\/de\/instagram-feed-instashow\/wix\/"]}]},{"@type":"BreadcrumbList","@id":"https:\/\/elfsight.com\/de\/instagram-feed-instashow\/wix\/#breadcrumb","itemListElement":[{"@type":"ListItem","position":1,"name":"Home","item":"https:\/\/elfsight.com\/de\/"},{"@type":"ListItem","position":2,"name":"Instagram Feed","item":"https:\/\/elfsight.com\/de\/instagram-feed-instashow\/"},{"@type":"ListItem","position":3,"name":"Instagram Feed &#8211; Wix"}]},{"@type":"WebSite","@id":"https:\/\/elfsight.com\/de\/#website","url":"https:\/\/elfsight.com\/de\/","name":"Elfsight DE","description":"Just another Elfsight Sites site","potentialAction":[{"@type":"SearchAction","target":{"@type":"EntryPoint","urlTemplate":"https:\/\/elfsight.com\/de\/?s={search_term_string}"},"query-input":{"@type":"PropertyValueSpecification","valueRequired":true,"valueName":"search_term_string"}}],"inLanguage":"de"}]}},"meta_box":{"industry":"","seo_heading":"","heading":"","description":"","cta_heading":"","cta_description":"","application":"14","h1":"Instagram-Feed-App f\u00fcr Wix","h1_caption":"F\u00fcgen Sie Beitr\u00e4ge von Ihrem Instagram-Konto oder per Hashtag hinzu und bieten Sie so die beste M\u00f6glichkeit, m\u00fchelos einen dynamischen Instagram-Feed auf Ihrer Website auf Ihrer Wix-Website zu pr\u00e4sentieren.","application_category":[],"applications_title":"","applications_request_title":"","applications_request_button_text":"","hero_text":"","hero_video":"","hero_video_schema_markup":"","selling_points_title":"","selling_points_caption":"","selling_points":[],"selling_points_cta_text":"","features_title":"","features":"","ed_cta_examples_text":"","ed_cta_examples_hidden":"","ed_cta_demo_text":"","ed_cta_demo_hidden":"","why_caption":"","why_editor_title":"","why_editor_text":"","why_team_title":"","why_team_text":"","why_service_title":"","why_service_text":"","template_catalog_visible":"0","template_catalog_title":"","template_catalog_text":"","template_catalog_categories_visible":"","demo_title":"Erstellen Sie Ihre Instagram-Feed-App","demo_caption":"Konfigurieren Sie Ihren Instagram-Feed und f\u00fcgen Sie ihn kostenlos zu Ihrer Wix-Website hinzu!","default_faq_hidden":"","app_template_category":[],"platform":"265","template_public_id":"","codecanyon_url":"","codecanyon_item_id":"","codecanyon_price":"","pricing_caption":"","pricing_elfsight_apps_hide_column":"","pricing_elfsight_apps_url":"","pricing_codecanyon_price_caption":"","integration_category":[],"integration_request_title":"","integration_request_cta":"","integration_platform":"","integrations":[],"platform_category":[],"video_schema_markup":"","price":"ab 0 $ \/ Monat","trial":"","benefits":[{"text":"Kostenlose Installationshilfe"},{"text":"Professioneller Kundenservice"},{"text":"14-t\u00e4gige Geld-zur\u00fcck-Garantie"},{"text":"Kontinuierliche Updates"}],"button_url":"#demo","button_target_blank":"0","button_nofollow":"0","attributes":[{"name":"Installiert","content":"100,000 - 500,000"},{"name":"Reaktionsfreudig","content":"Ja"},{"name":"Kompatible Browser","content":"Firefox, Edge, Opera, Safari, Chrome"}],"tags":[],"tags_disable_links":"0","hide_more_platforms":"","video_object":"","demo_hide_cta":"0","demo_hide_cloud_options":"0","pricing_title":"","pricing":[{"pricing_icon":"platform","pricing_title":"Elfsight Apps","pricing_title_caption":"Plattformunabh\u00e4ngige digitale L\u00f6sung, die auf jeder Website funktioniert","pricing_price":"ab 0 $ \/ Monat","pricing_price_caption":"Beginnen Sie mit einem kostenlosen Plan","pricing_benefits":[{"text":"Unbegrenzte Domains"},{"text":"Premium-Kundensupport"},{"text":"Kostenlose Installationshilfe"},{"text":"Sonderangebot f\u00fcr mehrere Apps"}],"pricing_button_text":"Zur Website hinzuf\u00fcgen","pricing_button_url":"#demo"}],"related_apps_title":"","related_apps_hidden":"0","author":"","image":[],"title":"","job":"","social_networks":[]},"_links":{"self":[{"href":"https:\/\/elfsight.com\/de\/wp-json\/wp\/v2\/pages\/20662","targetHints":{"allow":["GET"]}}],"collection":[{"href":"https:\/\/elfsight.com\/de\/wp-json\/wp\/v2\/pages"}],"about":[{"href":"https:\/\/elfsight.com\/de\/wp-json\/wp\/v2\/types\/page"}],"author":[{"embeddable":true,"href":"https:\/\/elfsight.com\/de\/wp-json\/wp\/v2\/users\/9"}],"replies":[{"embeddable":true,"href":"https:\/\/elfsight.com\/de\/wp-json\/wp\/v2\/comments?post=20662"}],"version-history":[{"count":3,"href":"https:\/\/elfsight.com\/de\/wp-json\/wp\/v2\/pages\/20662\/revisions"}],"predecessor-version":[{"id":22389,"href":"https:\/\/elfsight.com\/de\/wp-json\/wp\/v2\/pages\/20662\/revisions\/22389"}],"up":[{"embeddable":true,"href":"https:\/\/elfsight.com\/de\/wp-json\/wp\/v2\/pages\/29"}],"wp:attachment":[{"href":"https:\/\/elfsight.com\/de\/wp-json\/wp\/v2\/media?parent=20662"}],"curies":[{"name":"wp","href":"https:\/\/api.w.org\/{rel}","templated":true}]}}