{"id":20660,"date":"2024-05-03T06:39:42","date_gmt":"2024-05-03T06:39:42","guid":{"rendered":"https:\/\/elfsight.com\/de\/?page_id=20660"},"modified":"2025-07-08T10:51:18","modified_gmt":"2025-07-08T10:51:18","slug":"opencart","status":"publish","type":"page","link":"https:\/\/elfsight.com\/de\/instagram-feed-instashow\/opencart\/","title":{"rendered":"Instagram Feed &#8211; OpenCart"},"content":{"rendered":"<div class=\"application-platform-content-item-description application-platform-content-item\" id=\"description\" data-nav-section=\"description\"><h2>Instagram auf Opencart mit dem Elfsight-Modul einbetten<\/h2><p>InstaShow ist ein responsives Instagram-Plugin, das beim Erstellen wunderbarer Portfolios hilft von Instagram-Fotos und -Videos. Es umfasst zahlreiche Personalisierungsoptionen: Unterst\u00fctzt alle Arten von Quellen und Inhaltssortierung, verf\u00fcgt \u00fcber mehr als 50 flexible Eigenschaften und 10 Vorlagenoptionen und seine Benutzeroberfl\u00e4che reagiert vollst\u00e4ndig auf alle Ger\u00e4te.<\/p><p><b>Nutzung eine flexible und effiziente Opencart-Instagram-Erweiterung, um das Interesse der Leser Ihrer Website zu wecken.<\/b><\/p><ul><li><b>Steigern Sie Ihre Conversion-Rate<\/b>.<br>Demonstrieren Sie Ihre Angebote oder Dienste \u00fcber Fotos von Instagram mit Hilfe von Hashtags, Standorten, Konten oder einer bestimmten URL, um die Ergebnisse Ihrer Website zu steigern.<\/li><li><b>Bewerben Sie Ihr Instagram-Profil<\/b>.<br> Machen Sie Ihre Seite auf Instagram \u00fcber die Website bekannt, lassen Sie mehr Besucher Sie sehen und Ihre Follower werden.<\/li><li><b>Besseres Nutzerengagement<\/b>.<br>Machen Sie Ihre Besucher durch wunderbare Inhalte von Instagram angezogen Erzielen Sie ein h\u00f6heres Engagement.<\/li><\/ul><\/div><div class=\"application-platform-content-item-features application-platform-content-item\" id=\"features\" data-nav-section=\"features\"><h2>Hauptfunktionen der Instagram-Feed-Erweiterung<\/h2><p>Die leistungsst\u00e4rksten Funktionen unseres Plugins Verwandeln Sie es in die beste OpenCart-Erweiterung f\u00fcr die Instagram-Integration in eine Website:<\/p><ul><li>Verwenden Sie den Ausschlussfilter, um die Anzahl der Quellen zu begrenzen<\/li><li>Variabler Zwischenraum<\/li><li> Call-to-Action-Buttons duplizieren und neu anordnen<\/li><li>27 beliebte Sprachen werden unterst\u00fctzt<\/li><li>13 gebrauchsfertige Farbschemata<\/li><\/ul><p><a href=\"#demo\">\u00dcberpr\u00fcfen Sie alle Optionen in unserer Demo<\/a><\/p><\/div><div class=\"application-platform-content-item-installation application-platform-content-item\" id=\"installation\" data-nav-section=\"installation\"><h2>So f\u00fcgen Sie die Instagram-Erweiterung zur OpenCart-Website hinzu<\/h2><p>Einfach Befolgen Sie die nachstehenden Anweisungen, um mit der Erweiterung auf OpenCart zu arbeiten.<\/p> <ol><li><b>Nutzen Sie unseren kostenlosen Editor und beginnen Sie mit der Erstellung Ihres einzigartigen Widgets. <\/b><br> W\u00e4hlen Sie das gew\u00fcnschte Layout und die gew\u00fcnschten Eigenschaften des Tools und speichern Sie die \u00c4nderungen. <\/li> <li><b>Kopieren Sie den pers\u00f6nlichen Code, der im speziellen Formular auf Elfsight Apps angezeigt wird. <\/b><br> Wenn die Einrichtung Ihres Instagram-Feeds abgeschlossen ist, kopieren Sie den einzelnen Code im angezeigten Fenster und speichern Sie ihn f\u00fcr die zuk\u00fcnftige Verwendung. <\/li> <li><b>Geben Sie Informationen zur Verwendung des Tools auf der OpenCart-Site ein. <\/b><br> Implementieren Sie den Code, den Sie k\u00fcrzlich kopiert haben, in Ihre Website und \u00fcbernehmen Sie die Anpassungen. <\/li> <li><b>Das Setup wurde erfolgreich beendet. <\/b><br> Besuchen Sie Ihre Seite, um zu sehen, wie das Widget funktioniert. <\/li><\/ol> <p>Haben Sie Probleme mit dem OpenCart-Instagram-Modul oder der Anpassung Ihres pers\u00f6nlichen Instagram-Feeds? Senden Sie eine Nachricht an unseren Kundensupport.<\/p><\/div><div class=\"faq\" data-component=\"FAQ\"><div class=\"faq-item\">\r\n\t\t\t\t\t<div class=\"faq-item-question\">\r\n\t\t\t\t\t\t<h3 class=\"faq-item-question-text\">Wie bette ich Instagram-Feeds kostenlos in OpenCart ein?<\/h3>\r\n\r\n\t\t\t\t\t\t<div class=\"faq-item-question-icon\"><\/div>\r\n\t\t\t\t\t<\/div>\r\n\r\n\t\t\t\t\t<div class=\"faq-item-answer\">\r\n\t\t\t\t\t\t<div class=\"faq-item-answer-text\"><ol><p>Die Integration eines <a href=\"https:\/\/elfsight.com\/blog\/how-to-embed-instagram-feed-on-website\/\">Instagram-Feeds<\/a> in Ihren OpenCart-Shop ist eine au\u00dfergew\u00f6hnliche Strategie Zeigen Sie Ihre neuesten Beitr\u00e4ge an und f\u00f6rdern Sie die Kundenbeteiligung.<\/p><ol><li>Um einen Elfsight-Instagram-Feed kostenlos auf OpenCart einzubetten, gehen Sie auf die Elfsight-Website und registrieren Sie sich f\u00fcr ein kostenloses Konto.<\/li><li>Nutzen Sie die Vorteile des kostenlosen Instagram-Widgets, indem Sie dessen Erscheinungsbild und Einstellungen an das Design Ihres OpenCart-Shops anpassen.<\/li><li>Nachdem Sie Ihren Instagram-Feed kostenlos verfeinert haben, kopieren Sie den eindeutigen Einbettungscode und f\u00fcgen Sie ihn in den HTML-Code Ihres OpenCart-Shops ein wo der Feed angezeigt werden soll.<\/li><\/ol><p>Durch die Integration Ihres Instagram-Feeds in Ihren OpenCart-Shop steigern Sie dessen visuelle Attraktivit\u00e4t und f\u00f6rdern die kontinuierliche Kundeneinbindung. Erfreuen Sie sich ohne finanzielle Belastung an den Vorteilen des Elfsight Instagram Widgets!<\/p><\/ol><\/div>\r\n\t\t\t\t\t<\/div>\r\n\t\t\t\t<\/div><\/div>","protected":false},"excerpt":{"rendered":"","protected":false},"author":9,"featured_media":0,"parent":29,"menu_order":0,"comment_status":"closed","ping_status":"closed","template":"templates\/template-application-platform.php","meta":{"publish_to_discourse":"","publish_post_category":"","wpdc_auto_publish_overridden":"","wpdc_topic_tags":"","wpdc_pin_topic":"","wpdc_pin_until":"","discourse_post_id":"","discourse_permalink":"","wpdc_publishing_response":"","wpdc_publishing_error":"","footnotes":""},"class_list":["post-20660","page","type-page","status-publish","hentry"],"yoast_head":"<!-- This site is optimized with the Yoast SEO plugin v25.3.1 - https:\/\/yoast.com\/wordpress\/plugins\/seo\/ -->\n<title>Instagram-Feed \u2013 Instagram-Modul zur OpenCart-Website hinzuf\u00fcgen<\/title>\n<meta name=\"description\" content=\"Erstellen Sie kostenlos Ihr Premium-Instagram-Plugin f\u00fcr die OpenCart-Site! Erstellen Sie in nur 2 Minuten einen individuellen Instagram-Feed auf Elfsight.\" \/>\n<meta name=\"robots\" content=\"index, follow, max-snippet:-1, max-image-preview:large, max-video-preview:-1\" \/>\n<link rel=\"canonical\" href=\"https:\/\/elfsight.com\/de\/instagram-feed-instashow\/opencart\/\" \/>\n<meta property=\"og:locale\" content=\"de_DE\" \/>\n<meta property=\"og:type\" content=\"article\" \/>\n<meta property=\"og:title\" content=\"Instagram-Feed \u2013 Instagram-Modul zur OpenCart-Website hinzuf\u00fcgen\" \/>\n<meta property=\"og:description\" content=\"Erstellen Sie kostenlos Ihr Premium-Instagram-Plugin f\u00fcr die OpenCart-Site! Erstellen Sie in nur 2 Minuten einen individuellen Instagram-Feed auf Elfsight.\" \/>\n<meta property=\"og:url\" content=\"https:\/\/elfsight.com\/de\/instagram-feed-instashow\/opencart\/\" \/>\n<meta property=\"og:site_name\" content=\"Elfsight DE\" \/>\n<meta property=\"article:modified_time\" content=\"2025-07-08T10:51:18+00:00\" \/>\n<meta name=\"twitter:card\" content=\"summary_large_image\" \/>\n<meta name=\"twitter:label1\" content=\"Gesch\u00e4tzte Lesezeit\" \/>\n\t<meta name=\"twitter:data1\" content=\"3\u00a0Minuten\" \/>\n<!-- \/ Yoast SEO plugin. -->","yoast_head_json":{"title":"Instagram-Feed \u2013 Instagram-Modul zur OpenCart-Website hinzuf\u00fcgen","description":"Erstellen Sie kostenlos Ihr Premium-Instagram-Plugin f\u00fcr die OpenCart-Site! Erstellen Sie in nur 2 Minuten einen individuellen Instagram-Feed auf Elfsight.","robots":{"index":"index","follow":"follow","max-snippet":"max-snippet:-1","max-image-preview":"max-image-preview:large","max-video-preview":"max-video-preview:-1"},"canonical":"https:\/\/elfsight.com\/de\/instagram-feed-instashow\/opencart\/","og_locale":"de_DE","og_type":"article","og_title":"Instagram-Feed \u2013 Instagram-Modul zur OpenCart-Website hinzuf\u00fcgen","og_description":"Erstellen Sie kostenlos Ihr Premium-Instagram-Plugin f\u00fcr die OpenCart-Site! Erstellen Sie in nur 2 Minuten einen individuellen Instagram-Feed auf Elfsight.","og_url":"https:\/\/elfsight.com\/de\/instagram-feed-instashow\/opencart\/","og_site_name":"Elfsight DE","article_modified_time":"2025-07-08T10:51:18+00:00","twitter_card":"summary_large_image","twitter_misc":{"Gesch\u00e4tzte Lesezeit":"3\u00a0Minuten"},"schema":{"@context":"https:\/\/schema.org","@graph":[{"@type":"WebPage","@id":"https:\/\/elfsight.com\/de\/instagram-feed-instashow\/opencart\/","url":"https:\/\/elfsight.com\/de\/instagram-feed-instashow\/opencart\/","name":"Instagram-Feed \u2013 Instagram-Modul zur OpenCart-Website hinzuf\u00fcgen","isPartOf":{"@id":"https:\/\/elfsight.com\/de\/#website"},"datePublished":"2024-05-03T06:39:42+00:00","dateModified":"2025-07-08T10:51:18+00:00","description":"Erstellen Sie kostenlos Ihr Premium-Instagram-Plugin f\u00fcr die OpenCart-Site! Erstellen Sie in nur 2 Minuten einen individuellen Instagram-Feed auf Elfsight.","breadcrumb":{"@id":"https:\/\/elfsight.com\/de\/instagram-feed-instashow\/opencart\/#breadcrumb"},"inLanguage":"de","potentialAction":[{"@type":"ReadAction","target":["https:\/\/elfsight.com\/de\/instagram-feed-instashow\/opencart\/"]}]},{"@type":"BreadcrumbList","@id":"https:\/\/elfsight.com\/de\/instagram-feed-instashow\/opencart\/#breadcrumb","itemListElement":[{"@type":"ListItem","position":1,"name":"Home","item":"https:\/\/elfsight.com\/de\/"},{"@type":"ListItem","position":2,"name":"Instagram Feed","item":"https:\/\/elfsight.com\/de\/instagram-feed-instashow\/"},{"@type":"ListItem","position":3,"name":"Instagram Feed &#8211; OpenCart"}]},{"@type":"WebSite","@id":"https:\/\/elfsight.com\/de\/#website","url":"https:\/\/elfsight.com\/de\/","name":"Elfsight DE","description":"Just another Elfsight Sites site","potentialAction":[{"@type":"SearchAction","target":{"@type":"EntryPoint","urlTemplate":"https:\/\/elfsight.com\/de\/?s={search_term_string}"},"query-input":{"@type":"PropertyValueSpecification","valueRequired":true,"valueName":"search_term_string"}}],"inLanguage":"de"}]}},"meta_box":{"industry":"","seo_heading":"","heading":"","description":"","cta_heading":"","cta_description":"","application":"14","h1":"Instagram-Feed-Erweiterung f\u00fcr OpenCart","h1_caption":"F\u00fcgen Sie Beitr\u00e4ge von Ihrem Instagram-Konto oder per Hashtag hinzu und bieten Sie so die beste M\u00f6glichkeit, m\u00fchelos einen dynamischen Instagram-Feed auf Ihrer Website auf Ihrer Opencart-Website zu pr\u00e4sentieren.","application_category":[],"applications_title":"","applications_request_title":"","applications_request_button_text":"","hero_text":"","hero_video":"","hero_video_schema_markup":"","selling_points_title":"","selling_points_caption":"","selling_points":[],"selling_points_cta_text":"","features_title":"","features":"","ed_cta_examples_text":"","ed_cta_examples_hidden":"","ed_cta_demo_text":"","ed_cta_demo_hidden":"","why_caption":"","why_editor_title":"","why_editor_text":"","why_team_title":"","why_team_text":"","why_service_title":"","why_service_text":"","template_catalog_visible":"","template_catalog_title":"","template_catalog_text":"","template_catalog_categories_visible":"","demo_title":"Erstellen Sie Ihre Instagram-Feed-Erweiterung","demo_caption":"Konfigurieren Sie Ihren Instagram-Feed und f\u00fcgen Sie ihn kostenlos zu Ihrer OpenCart-Website hinzu!","default_faq_hidden":"","app_template_category":[],"platform":"254","template_public_id":"","codecanyon_url":"","codecanyon_item_id":"","codecanyon_price":"","pricing_caption":"","pricing_elfsight_apps_hide_column":"","pricing_elfsight_apps_url":"","pricing_codecanyon_price_caption":"","integration_category":[],"integration_request_title":"","integration_request_cta":"","integration_platform":"","integrations":[],"platform_category":[],"video_schema_markup":"","price":"ab 0 $ \/ Monat","trial":"","benefits":[{"text":"Kostenlose Installationsunterst\u00fctzung"},{"text":"Kompetenter Kundenservice"},{"text":"14-t\u00e4gige R\u00fcckerstattungsgarantie"},{"text":"Kontinuierliche kostenlose Verbesserungen"}],"button_url":"#demo","button_target_blank":"","button_nofollow":"","attributes":[{"name":"Installiert","content":"100,000 - 500,000"},{"name":"Reaktionsfreudig","content":"Ja"},{"name":"Kompatible Browser","content":"Opera, Edge, Chrome, Safari, Firefox"}],"tags":[],"tags_disable_links":"","hide_more_platforms":"","video_object":"","demo_hide_cta":"","demo_hide_cloud_options":"","pricing_title":"","pricing":[{"pricing_icon":"platform","pricing_title":"Elfsight Apps","pricing_title_caption":"Plattform\u00fcbergreifende L\u00f6sung, die auf jeder Website funktioniert","pricing_price":"ab 0 $ \/ Monat","pricing_price_caption":"Beginnen Sie mit einem kostenlosen Plan","pricing_benefits":[{"text":"Unbegrenzte Domains"},{"text":"Engagierter Kundensupport"},{"text":"Kostenloser Installationsservice"},{"text":"Flexibles Design"}],"pricing_button_text":"Zur Website hinzuf\u00fcgen","pricing_button_url":"#demo"}],"related_apps_title":"","related_apps_hidden":"","author":"","image":[],"title":"","job":"","social_networks":[]},"_links":{"self":[{"href":"https:\/\/elfsight.com\/de\/wp-json\/wp\/v2\/pages\/20660","targetHints":{"allow":["GET"]}}],"collection":[{"href":"https:\/\/elfsight.com\/de\/wp-json\/wp\/v2\/pages"}],"about":[{"href":"https:\/\/elfsight.com\/de\/wp-json\/wp\/v2\/types\/page"}],"author":[{"embeddable":true,"href":"https:\/\/elfsight.com\/de\/wp-json\/wp\/v2\/users\/9"}],"replies":[{"embeddable":true,"href":"https:\/\/elfsight.com\/de\/wp-json\/wp\/v2\/comments?post=20660"}],"version-history":[{"count":2,"href":"https:\/\/elfsight.com\/de\/wp-json\/wp\/v2\/pages\/20660\/revisions"}],"predecessor-version":[{"id":21628,"href":"https:\/\/elfsight.com\/de\/wp-json\/wp\/v2\/pages\/20660\/revisions\/21628"}],"up":[{"embeddable":true,"href":"https:\/\/elfsight.com\/de\/wp-json\/wp\/v2\/pages\/29"}],"wp:attachment":[{"href":"https:\/\/elfsight.com\/de\/wp-json\/wp\/v2\/media?parent=20660"}],"curies":[{"name":"wp","href":"https:\/\/api.w.org\/{rel}","templated":true}]}}