{"id":20659,"date":"2024-05-03T06:39:41","date_gmt":"2024-05-03T06:39:41","guid":{"rendered":"https:\/\/elfsight.com\/de\/?page_id=20659"},"modified":"2026-01-28T13:32:21","modified_gmt":"2026-01-28T13:32:21","slug":"webflow","status":"publish","type":"page","link":"https:\/\/elfsight.com\/de\/instagram-feed-instashow\/webflow\/","title":{"rendered":"Instagram Feed &#8211; Webflow"},"content":{"rendered":"<div class=\"application-platform-content-item-description application-platform-content-item\" id=\"description\" data-nav-section=\"description\"><h2>Instagram in Webflow mit einem Elfsight-Widget einbetten<\/h2><p>InstaShow ist ein leistungsstarkes Instagram-Widget, mit dem Sie wunderbare Galerien auf Ihrem erstellen k\u00f6nnen Website mit Fotos und Videos Instagram. Umfangreiche Anpassungsoptionen: alle Arten von Quellen werden unterst\u00fctzt, Inhaltsfilter, mehr als 60 Anpassungsparameter, 10 Farbschemata und ein vollst\u00e4ndig adaptives Layout, das f\u00fcr jedes Ger\u00e4t reagiert.<\/p><p><b>Verwenden Sie das vollst\u00e4ndig reaktionsf\u00e4hige und praktische Widget sofort Ziehen Sie das Publikum Ihrer Website an.<\/b><\/p><ul><li><b>Erh\u00f6hen Sie die Conversion-Pr\u00e4sentation mit Instagram-Fotos<\/b>.<br>Demonstrieren Sie Fotos Ihrer Produkte oder Dienstleistungen, die von zufriedenen Kunden auf gepostet wurden Instagram und steigern Sie Ihre Conversion.<\/li><li><b>Erh\u00f6hen Sie die Benutzerinteraktion auf Ihrer Website mit attraktiven Inhalten<\/b>.<br>Verwenden Sie Inhalte eines der beliebtesten sozialen Medien, um die Benutzer Ihrer Website zu binden und zu halten interessiert.<\/li><li><b>Bewerben Sie mehr Follower f\u00fcr Ihr Instagram-Konto auf der Website<\/b>.<br>Nutzen Sie Ihre Website als eine weitere M\u00f6glichkeit, Ihr Instagram-Konto zu bewerben und Ihnen die Chance zu geben, Ihnen zu folgen Ein Klick, um die Anzahl der Follower zu erh\u00f6hen.<\/li><\/ul><div class=\"faq\" data-component=\"FAQ\"> <div class=\"faq-item\">\r\n\t\t\t\t\t<div class=\"faq-item-question\">\r\n\t\t\t\t\t\t<h3 class=\"faq-item-question-text\">Welche anderen Plugins f\u00fcr Webflow k\u00f6nnen meiner Website hinzugef\u00fcgt werden? <\/h3>\r\n\r\n\t\t\t\t\t\t<div class=\"faq-item-question-icon\"><\/div>\r\n\t\t\t\t\t<\/div>\r\n\r\n\t\t\t\t\t<div class=\"faq-item-answer\">\r\n\t\t\t\t\t\t<div class=\"faq-item-answer-text\"> <p>Sie k\u00f6nnen gerne viele Apps f\u00fcr beliebige Ziele testen auf Ihrer Website, unabh\u00e4ngig von Ihrem Unternehmen. Wir empfehlen Ihnen, sich diese anzusehen: <a href=\"https:\/\/elfsight.com\/online-form-builder\/webflow\/\">Form Builder<\/a>, <a href=\"https:\/\/elfsight.com \/cookie-consent-widget\/webflow\/\">Cookie-Einwilligung<\/a>, <a href=\"https:\/\/elfsight.com\/popup-widget\/webflow\/\">Popup<\/a>, <a href=\"https:\/\/elfsight.com\/instagram-feed-instashow\/webflow\/\">Instagram-Feed<\/a>, <a href=\"https:\/\/elfsight.com\/slider-widget\/webflow\/\">Slider<\/a>.<\/p> <\/div>\r\n\t\t\t\t\t<\/div>\r\n\t\t\t\t<\/div> <div class=\"faq-item\">\r\n\t\t\t\t\t<div class=\"faq-item-question\">\r\n\t\t\t\t\t\t<h3 class=\"faq-item-question-text\">Wie bette ich einen Instagram-Feed kostenlos in Webflow ein?<\/h3>\r\n\r\n\t\t\t\t\t\t<div class=\"faq-item-question-icon\"><\/div>\r\n\t\t\t\t\t<\/div>\r\n\r\n\t\t\t\t\t<div class=\"faq-item-answer\">\r\n\t\t\t\t\t\t<div class=\"faq-item-answer-text\"> <ol><p>Die Integration eines Instagram-Feeds in Ihre Webflow-Site ist eine bemerkenswerte M\u00f6glichkeit, Ihre Up- zu pr\u00e4sentieren. Aktuelle Beitr\u00e4ge und Verbesserung der Benutzerinteraktion.<\/p><ol><li>An <a href=\"https:\/\/elfsight.com\/blog\/how-to-embed-instagram-feed-on-website\/\">Betten Sie den Elfsight-Instagram-Feed<\/a> kostenlos auf Webflow ein, besuchen Sie die Elfsight-Website und richten Sie ein kostenloses Konto ein.<\/li><li>Nutzen Sie das kostenlose Instagram-Widget, indem Sie dessen Erscheinungsbild und Einstellungen so anpassen, dass sie mit der \u00c4sthetik Ihrer Webflow-Site harmonieren .<\/li><li>Nachdem Sie Ihren Instagram-Feed kostenlos angepasst haben, kopieren Sie den exklusiven Einbettungscode und f\u00fcgen Sie ihn in den HTML-Code Ihrer Webflow-Site ein, wo der Feed angezeigt werden soll.<\/li><\/ol><p>Von Durch die Integration Ihres Instagram-Feeds in Ihre Webflow-Site steigern Sie deren visuelle Attraktivit\u00e4t und f\u00f6rdern die kontinuierliche Einbindung der Benutzer. Nutzen Sie die Vorteile des Elfsight-Instagram-Widgets, ohne dass Ihnen daf\u00fcr Kosten entstehen!<\/p><\/ol><\/div>\r\n\t\t\t\t\t<\/div>\r\n\t\t\t\t<\/div> <div class=\"faq-item\">\r\n\t\t\t\t\t<div class=\"faq-item-question\">\r\n\t\t\t\t\t\t<h3 class=\"faq-item-question-text\">Kann ich Ihr Webflow-Instagram-Feed-Widget in der Hand sehen?<\/h3>\r\n\r\n\t\t\t\t\t\t<div class=\"faq-item-question-icon\"><\/div>\r\n\t\t\t\t\t<\/div>\r\n\r\n\t\t\t\t\t<div class=\"faq-item-answer\">\r\n\t\t\t\t\t\t<div class=\"faq-item-answer-text\"> <p>Nat\u00fcrlich! Sie k\u00f6nnen gerne unseren Instagram-Feed f\u00fcr Webflow ausprobieren, indem Sie unsere aktive <a href=\"https:\/\/elfsight.com\/instagram-feed-instashow\/#demo\">Demo<\/a> anwenden. Es ist kostenlos und Sie k\u00f6nnen es auch verwenden, um das Widget zu Ihrer Webflow-Website hinzuzuf\u00fcgen.<\/p><\/div>\r\n\t\t\t\t\t<\/div>\r\n\t\t\t\t<\/div> <\/div><\/div><div class=\"application-platform-content-item-features application-platform-content-item\" id=\"features\" data-nav-section=\"features\"><h2>Hauptfunktionen des Instagram-Feeds Widget<\/h2><p>Die Hauptfunktionen des Widgets, die es zum besten Webflow-Widget f\u00fcr die Anzeige von Instagram-Feeds machen:<\/p><ul><li>Verwenden Sie eine unbegrenzte Anzahl von Quellen zur Anzeige auf Ihrer Website<\/li><li>F\u00fcgen Sie Inhalte nach URL, Hashtags und Benutzernamen hinzu<\/li><li>Wenden Sie alle Ihre bevorzugten Instagram-Filter an<\/li><li>2 gebrauchsfertige Feed-Layouts: Schieberegler und Raster<\/li><li>2 Beitragsvorlagen: Kachel und klassisch<\/li><li>Anpassbare Anzahl von Spalten und Zeilen<\/li><li>Instagram-Integrationen in Webflow ganz einfach<\/li><\/ul><p><a href=\"#demo\">Entdecken Sie weitere Funktionen in unserer Demo<\/a><\/p><\/div><div class=\"application-platform-content-item-installation application-platform-content-item\" id=\"installation\" data-nav-section=\"installation\"><h2>So f\u00fcgen Sie Instagram-Feed zur Webflow-Website hinzu<\/h2><div class=\"video-container\">\n<iframe width=\"720\" height=\"405\" src=\"https:\/\/www.youtube.com\/embed\/vYBeWOSz5ic?si=jtve75c7mBR9ipJq\" frameborder=\"0\" allowfullscreen=\"\"><\/iframe>\n<p align=\"center\"><em>Meet Official Tutorial by Weblow Team<\/em><\/p>\n<\/div><p>Lesen Sie unsere kurze Anleitung zur Widget-Installation und -Einstellung. Die durchschnittliche Installationszeit betr\u00e4gt nicht mehr als zwei Minuten.<\/p><ol><li><b>Gestalten Sie Ihren personalisierten Instagram-Feed<\/b>.<br> Generieren Sie mit Hilfe unserer kostenlosen Demo ein Widget mit dem gew\u00fcnschten Aussehen und Kapazit\u00e4ten.<\/li><li><b>Holen Sie sich den Code zum Einrichten des Widgets<\/b>.<br> Rufen Sie nach der Widget-Generierung den Code f\u00fcr das Instagram-Widget aus der Popup-Benachrichtigung auf Elfsight Apps ab.<\/li><li><b>Instagram-Feed zu Webflow hinzuf\u00fcgen<\/b>.<br> Integrieren Sie den Widget-Installationscode an der erforderlichen Stelle der Seite und \u00fcbernehmen Sie die \u00c4nderungen.<\/li><li><b>Sie sind Fertig!<\/b><br> Besuchen Sie Ihre Website, um Ihr Instagram zu \u00fcberpr\u00fcfen.<\/li><\/ol><p>Haben Sie Probleme mit der Instagram-Integration mit Webflow oder der Anpassung Ihres Feeds? Wenden Sie sich an unseren Support-Service.<\/p><\/div>\n<iframe width=\"720\" height=\"405\" src=\"https:\/\/www.youtube.com\/embed\/Wjys1Pp6nrY\" frameborder=\"0\" allowfullscreen=\"\"><\/iframe>","protected":false},"excerpt":{"rendered":"","protected":false},"author":9,"featured_media":0,"parent":29,"menu_order":0,"comment_status":"closed","ping_status":"closed","template":"templates\/template-application-platform.php","meta":{"publish_to_discourse":"","publish_post_category":"","wpdc_auto_publish_overridden":"","wpdc_topic_tags":"","wpdc_pin_topic":"","wpdc_pin_until":"","discourse_post_id":"","discourse_permalink":"","wpdc_publishing_response":"","wpdc_publishing_error":"","footnotes":""},"class_list":["post-20659","page","type-page","status-publish","hentry"],"yoast_head":"<!-- This site is optimized with the Yoast SEO plugin v25.3.1 - https:\/\/yoast.com\/wordpress\/plugins\/seo\/ -->\n<title>Betten Sie den Instagram-Feed mit einem Widget in Webflow ein \u2013 f\u00fcgen Sie Instagram in 2 Minuten zu einer Website hinzu!<\/title>\n<meta name=\"description\" content=\"Probieren Sie das beste Instagram-Widget f\u00fcr die Webflow-Website kostenlos aus! Erstellen Sie in nur zwei Minuten Ihren einzigartigen Instagram-Feed auf Elfsight.\" \/>\n<meta name=\"robots\" content=\"index, follow, max-snippet:-1, max-image-preview:large, max-video-preview:-1\" \/>\n<link rel=\"canonical\" href=\"https:\/\/elfsight.com\/de\/instagram-feed-instashow\/webflow\/\" \/>\n<meta property=\"og:locale\" content=\"de_DE\" \/>\n<meta property=\"og:type\" content=\"article\" \/>\n<meta property=\"og:title\" content=\"Betten Sie den Instagram-Feed mit einem Widget in Webflow ein \u2013 f\u00fcgen Sie Instagram in 2 Minuten zu einer Website hinzu!\" \/>\n<meta property=\"og:description\" content=\"Probieren Sie das beste Instagram-Widget f\u00fcr die Webflow-Website kostenlos aus! Erstellen Sie in nur zwei Minuten Ihren einzigartigen Instagram-Feed auf Elfsight.\" \/>\n<meta property=\"og:url\" content=\"https:\/\/elfsight.com\/de\/instagram-feed-instashow\/webflow\/\" \/>\n<meta property=\"og:site_name\" content=\"Elfsight DE\" \/>\n<meta property=\"article:modified_time\" content=\"2026-01-28T13:32:21+00:00\" \/>\n<meta name=\"twitter:card\" content=\"summary_large_image\" \/>\n<meta name=\"twitter:label1\" content=\"Gesch\u00e4tzte Lesezeit\" \/>\n\t<meta name=\"twitter:data1\" content=\"4\u00a0Minuten\" \/>\n<!-- \/ Yoast SEO plugin. -->","yoast_head_json":{"title":"Betten Sie den Instagram-Feed mit einem Widget in Webflow ein \u2013 f\u00fcgen Sie Instagram in 2 Minuten zu einer Website hinzu!","description":"Probieren Sie das beste Instagram-Widget f\u00fcr die Webflow-Website kostenlos aus! Erstellen Sie in nur zwei Minuten Ihren einzigartigen Instagram-Feed auf Elfsight.","robots":{"index":"index","follow":"follow","max-snippet":"max-snippet:-1","max-image-preview":"max-image-preview:large","max-video-preview":"max-video-preview:-1"},"canonical":"https:\/\/elfsight.com\/de\/instagram-feed-instashow\/webflow\/","og_locale":"de_DE","og_type":"article","og_title":"Betten Sie den Instagram-Feed mit einem Widget in Webflow ein \u2013 f\u00fcgen Sie Instagram in 2 Minuten zu einer Website hinzu!","og_description":"Probieren Sie das beste Instagram-Widget f\u00fcr die Webflow-Website kostenlos aus! Erstellen Sie in nur zwei Minuten Ihren einzigartigen Instagram-Feed auf Elfsight.","og_url":"https:\/\/elfsight.com\/de\/instagram-feed-instashow\/webflow\/","og_site_name":"Elfsight DE","article_modified_time":"2026-01-28T13:32:21+00:00","twitter_card":"summary_large_image","twitter_misc":{"Gesch\u00e4tzte Lesezeit":"4\u00a0Minuten"},"schema":{"@context":"https:\/\/schema.org","@graph":[{"@type":"WebPage","@id":"https:\/\/elfsight.com\/de\/instagram-feed-instashow\/webflow\/","url":"https:\/\/elfsight.com\/de\/instagram-feed-instashow\/webflow\/","name":"Betten Sie den Instagram-Feed mit einem Widget in Webflow ein \u2013 f\u00fcgen Sie Instagram in 2 Minuten zu einer Website hinzu!","isPartOf":{"@id":"https:\/\/elfsight.com\/de\/#website"},"datePublished":"2024-05-03T06:39:41+00:00","dateModified":"2026-01-28T13:32:21+00:00","description":"Probieren Sie das beste Instagram-Widget f\u00fcr die Webflow-Website kostenlos aus! Erstellen Sie in nur zwei Minuten Ihren einzigartigen Instagram-Feed auf Elfsight.","breadcrumb":{"@id":"https:\/\/elfsight.com\/de\/instagram-feed-instashow\/webflow\/#breadcrumb"},"inLanguage":"de","potentialAction":[{"@type":"ReadAction","target":["https:\/\/elfsight.com\/de\/instagram-feed-instashow\/webflow\/"]}]},{"@type":"BreadcrumbList","@id":"https:\/\/elfsight.com\/de\/instagram-feed-instashow\/webflow\/#breadcrumb","itemListElement":[{"@type":"ListItem","position":1,"name":"Home","item":"https:\/\/elfsight.com\/de\/"},{"@type":"ListItem","position":2,"name":"Instagram Feed","item":"https:\/\/elfsight.com\/de\/instagram-feed-instashow\/"},{"@type":"ListItem","position":3,"name":"Instagram Feed &#8211; Webflow"}]},{"@type":"WebSite","@id":"https:\/\/elfsight.com\/de\/#website","url":"https:\/\/elfsight.com\/de\/","name":"Elfsight DE","description":"Just another Elfsight Sites site","potentialAction":[{"@type":"SearchAction","target":{"@type":"EntryPoint","urlTemplate":"https:\/\/elfsight.com\/de\/?s={search_term_string}"},"query-input":{"@type":"PropertyValueSpecification","valueRequired":true,"valueName":"search_term_string"}}],"inLanguage":"de"}]}},"meta_box":{"industry":"","seo_heading":"","heading":"","description":"","cta_heading":"","cta_description":"","application":"14","h1":"Instagram-Feed-Widget f\u00fcr Webflow","h1_caption":"F\u00fcgen Sie Beitr\u00e4ge von Ihrem Instagram-Konto oder per Hashtag hinzu und bieten Sie so die beste M\u00f6glichkeit, m\u00fchelos einen dynamischen Instagram-Feed auf Ihrer Website in Ihrer Webflow-Website zu pr\u00e4sentieren.","application_category":[],"applications_title":"","applications_request_title":"","applications_request_button_text":"","hero_text":"","hero_video":"","hero_video_schema_markup":"","selling_points_title":"","selling_points_caption":"","selling_points":[],"selling_points_cta_text":"","features_title":"","features":"","ed_cta_examples_text":"","ed_cta_examples_hidden":"","ed_cta_demo_text":"","ed_cta_demo_hidden":"","why_caption":"","why_editor_title":"","why_editor_text":"","why_team_title":"","why_team_text":"","why_service_title":"","why_service_text":"","template_catalog_visible":"0","template_catalog_title":"","template_catalog_text":"","template_catalog_categories_visible":"","demo_title":"Erstellen Sie Ihr Instagram-Feed-Widget","demo_caption":"Konfigurieren Sie Ihren Instagram-Feed und f\u00fcgen Sie ihn kostenlos zu Ihrer Webflow-Website hinzu!","default_faq_hidden":"","app_template_category":[],"platform":"250","template_public_id":"","codecanyon_url":"","codecanyon_item_id":"","codecanyon_price":"","pricing_caption":"","pricing_elfsight_apps_hide_column":"","pricing_elfsight_apps_url":"","pricing_codecanyon_price_caption":"","integration_category":[],"integration_request_title":"","integration_request_cta":"","integration_platform":"","integrations":[],"platform_category":[],"video_schema_markup":"","price":"ab 0 $ \/ Monat","trial":"","benefits":[{"text":"Kostenloser Installationsservice"},{"text":"Effektiver Kundensupport"},{"text":"14-t\u00e4gige R\u00fcckerstattungsgarantie"},{"text":"St\u00e4ndige Aktualisierung"}],"button_url":"#demo","button_target_blank":"0","button_nofollow":"0","attributes":[{"name":"Installiert","content":"100,000 - 500,000"},{"name":"Reaktionsfreudig","content":"Ja"},{"name":"Kompatible Browser","content":"Firefox, Safari, Opera, Chrome, Edge"}],"tags":[],"tags_disable_links":"0","hide_more_platforms":"0","video_object":"","demo_hide_cta":"0","demo_hide_cloud_options":"0","pricing_title":"","pricing":[{"pricing_icon":"platform","pricing_title":"Webflow widget","pricing_title_caption":"Plattformunabh\u00e4ngige digitale L\u00f6sung, die auf jeder Website funktioniert","pricing_price":"ab 0 $ \/ Monat","pricing_price_caption":"Beginnen Sie mit einem kostenlosen Plan","pricing_benefits":[{"text":"Unbegrenzte Domains"},{"text":"Schneller Kundensupport"},{"text":"Kostenloser Installationssupport"},{"text":"Sonderangebot f\u00fcr mehrere Apps"}],"pricing_button_text":"Zur Website hinzuf\u00fcgen","pricing_button_url":"#demo"}],"related_apps_title":"","related_apps_hidden":"0","author":"","image":[],"title":"","job":"","social_networks":[]},"_links":{"self":[{"href":"https:\/\/elfsight.com\/de\/wp-json\/wp\/v2\/pages\/20659","targetHints":{"allow":["GET"]}}],"collection":[{"href":"https:\/\/elfsight.com\/de\/wp-json\/wp\/v2\/pages"}],"about":[{"href":"https:\/\/elfsight.com\/de\/wp-json\/wp\/v2\/types\/page"}],"author":[{"embeddable":true,"href":"https:\/\/elfsight.com\/de\/wp-json\/wp\/v2\/users\/9"}],"replies":[{"embeddable":true,"href":"https:\/\/elfsight.com\/de\/wp-json\/wp\/v2\/comments?post=20659"}],"version-history":[{"count":3,"href":"https:\/\/elfsight.com\/de\/wp-json\/wp\/v2\/pages\/20659\/revisions"}],"predecessor-version":[{"id":25613,"href":"https:\/\/elfsight.com\/de\/wp-json\/wp\/v2\/pages\/20659\/revisions\/25613"}],"up":[{"embeddable":true,"href":"https:\/\/elfsight.com\/de\/wp-json\/wp\/v2\/pages\/29"}],"wp:attachment":[{"href":"https:\/\/elfsight.com\/de\/wp-json\/wp\/v2\/media?parent=20659"}],"curies":[{"name":"wp","href":"https:\/\/api.w.org\/{rel}","templated":true}]}}