{"id":20653,"date":"2024-05-03T06:39:38","date_gmt":"2024-05-03T06:39:38","guid":{"rendered":"https:\/\/elfsight.com\/de\/?page_id=20653"},"modified":"2024-12-19T10:08:57","modified_gmt":"2024-12-19T10:08:57","slug":"blogger","status":"publish","type":"page","link":"https:\/\/elfsight.com\/de\/instagram-feed-instashow\/blogger\/","title":{"rendered":"Instagram Feed &#8211; Blogger"},"content":{"rendered":"\n<div class=\"application-platform-content-item-description application-platform-content-item\" id=\"description\" data-nav-section=\"description\">\n<h2>Instagram Feed auf Blogger einbetten<\/h2> \n<p>M\u00f6chten Sie aufregende Instagram-Inhalte auf Ihrer Website pr\u00e4sentieren? Das Instagram Feed Widget hilft Ihnen dabei. Entwickelt, um nahtlos auf Blogger zu funktionieren, bringt dieses Widget Ihre Website zum Leben. Teilen Sie m\u00fchelos Beitr\u00e4ge, Profile oder Feeds nach Benutzer oder Hashtag, ganz ohne Programmierung. Mit gro\u00dfartigen Funktionen und umfangreichen Anpassungsoptionen k\u00f6nnen Sie das Widget perfekt an das Design Ihrer Website anpassen.<\/p> \n<p><b>Starten Sie die Nutzung des Instagram Feed Widgets von Elfsight auf Blogger und steigern Sie Ihr Engagement in den sozialen Medien!<\/b><\/p> \n<\/div>\n\n<div class=\"application-platform-content-item-features application-platform-content-item\" id=\"features\" data-nav-section=\"features\"> \n<h2>Hauptfunktionen des Instagram Feeds von Elfsight<\/h2>\n<p>Betten Sie das Instagram Feed Widget in Blogger ein, um zahlreiche fantastische Funktionen zu entdecken. Sehen Sie sich einige der wichtigsten Vorteile an:<\/p>\n<ul>\n<li><strong>Filter und Moderation.<\/strong> Passen Sie Ihren Feed an, indem Sie bestimmte Hashtags und Benutzer ein- oder ausschlie\u00dfen. Dadurch k\u00f6nnen Sie sowohl den Inhalt als auch das visuelle Erscheinungsbild Ihrer Galerie steuern.<\/li>\n<li><strong>Erweitertes Design und Anpassung.<\/strong> \u00c4ndern Sie Layouts, wechseln Sie Farbpaletten oder verwenden Sie benutzerdefinierte Farben. Zudem k\u00f6nnen Sie verschiedene Elemente aktivieren oder deaktivieren, um Ihre Vorlieben zu ber\u00fccksichtigen.<\/li>\n<li><strong>CTA-Buttons f\u00fcr Beitr\u00e4ge.<\/strong> F\u00fcgen Sie jedem Beitrag in Ihrem Feed anpassbare CTA-Buttons hinzu. Integrieren Sie Links zu Produktseiten, pers\u00f6nlichen Blogs oder anderen Medien.<\/li>\n<li><strong>Vollst\u00e4ndig responsive.<\/strong> Das Instagram Feed Widget sieht auf jedem Ger\u00e4t hervorragend aus und funktioniert einwandfrei, sodass Ihre Inhalte optimal pr\u00e4sentiert werden.<\/li>\n<li><strong>Echtzeit-Updates.<\/strong> Profitieren Sie von automatischen Updates Ihrer Inhalte, ohne die Seite neu laden zu m\u00fcssen. So bleibt Ihr Feed immer aktuell und ansprechend.<\/li>\n<\/ul>\n<p><a href=\"#demo\">Sehen Sie sich einfach diese Demo an, um alles in Aktion zu sehen<\/a><\/p>\n<\/div>\n\n<div class=\"application-platform-content-item-installation application-platform-content-item\" id=\"installation\" data-nav-section=\"installation\"> \n<h2>Wie bette ich den Instagram Feed auf meiner Blogger-Website ein?<\/h2>\n\n<div class=\"video-container\">\n<iframe width=\"720\" height=\"405\" src=\"https:\/\/www.youtube.com\/embed\/DDOHA5az6eE\" frameborder=\"0\" allowfullscreen=\"\"><\/iframe>\n<\/div>\n<p>Wir bieten eine einfache M\u00f6glichkeit, das Widget auf Ihrer Blogger-Website einzurichten. Es dauert nur wenige Minuten und erfordert keine Programmierung.<\/p> \n<ol>\n<li><strong>Erstellen Sie Ihr individuelles Instagram Feed Widget<\/strong><br> \nBeginnen Sie mit einer beliebigen Vorlage in der Demo, verbinden Sie Ihr Profil oder gew\u00fcnschte Hashtags und passen Sie das Widget nach Ihrem gew\u00fcnschten Design und Ihren Optionen an.<\/li>\n\n<li><strong>Erhalten Sie den individuellen Code, um das Widget einzubetten<\/strong><br> \nNachdem Sie Ihr Widget erstellt haben, erhalten Sie einen individuellen HTML-Code in Ihrem Dashboard. Kopieren Sie den Code, der alle Details zu den Einstellungen Ihres Widgets enth\u00e4lt.<\/li> \n\n<li><strong>Zeigen Sie das Widget auf Ihrer Blogger-Website an<\/strong><br> \nW\u00e4hlen Sie die Bereiche Ihrer Website aus, auf denen Sie das Widget pr\u00e4sentieren m\u00f6chten, und f\u00fcgen Sie den Code dort ein. Speichern Sie Ihre \u00c4nderungen.<\/li> \n<\/ol>\n\n<p>Das war&#8217;s! \u00dcberpr\u00fcfen Sie, wie das Widget auf Ihrer Website funktioniert.<\/p>\n\n<p>Haben Sie Fragen beim Einf\u00fcgen oder Anpassen Ihres Instagram Feeds auf Blogger? Lesen Sie unseren Leitfaden zum <a href=\"https:\/\/elfsight.com\/blog\/how-to-embed-instagram-feed-on-website\/\" target=\"_blank\" rel=\"noopener\">Hinzuf\u00fcgen des Instagram Feeds zu Ihrer Website<\/a>.<\/p>\n<\/div>\n\n<div class=\"faq\" data-component=\"FAQ\">\n<div class=\"faq-item\">\r\n\t\t\t\t\t<div class=\"faq-item-question\">\r\n\t\t\t\t\t\t<h3 class=\"faq-item-question-text\">Ist das Instagram Feed Widget f\u00fcr Blogger kostenlos? <\/h3>\r\n\r\n\t\t\t\t\t\t<div class=\"faq-item-question-icon\"><\/div>\r\n\t\t\t\t\t<\/div>\r\n\r\n\t\t\t\t\t<div class=\"faq-item-answer\">\r\n\t\t\t\t\t\t<div class=\"faq-item-answer-text\">\nJa! Jeder Elfsight-Kunde kann sein Instagram Feed Widget anpassen und kostenlos in Blogger einbetten. Alle fantastischen Funktionen, die wir oben beschrieben haben, stehen Ihnen zur Verf\u00fcgung.\n<\/div>\r\n\t\t\t\t\t<\/div>\r\n\t\t\t\t<\/div>\n<div class=\"faq-item\">\r\n\t\t\t\t\t<div class=\"faq-item-question\">\r\n\t\t\t\t\t\t<h3 class=\"faq-item-question-text\">Warum sollte ich einen Instagram Feed zu Blogger hinzuf\u00fcgen? <\/h3>\r\n\r\n\t\t\t\t\t\t<div class=\"faq-item-question-icon\"><\/div>\r\n\t\t\t\t\t<\/div>\r\n\r\n\t\t\t\t\t<div class=\"faq-item-answer\">\r\n\t\t\t\t\t\t<div class=\"faq-item-answer-text\">\nDer Instagram Feed verbessert nicht nur das Engagement in den sozialen Medien, sondern auch das Erscheinungsbild Ihrer Website. Potenzielle Kunden k\u00f6nnen Bilder Ihrer Produkte oder Fotos sehen, die das Wachstum Ihrer Marke zeigen. Au\u00dferdem ist es eine gro\u00dfartige M\u00f6glichkeit, Ihre Bekanntheit bei verschiedenen Zielgruppen zu steigern.\n<\/div>\r\n\t\t\t\t\t<\/div>\r\n\t\t\t\t<\/div>\n<div class=\"faq-item\">\r\n\t\t\t\t\t<div class=\"faq-item-question\">\r\n\t\t\t\t\t\t<h3 class=\"faq-item-question-text\">Warum sollte ich einen Instagram Feed auf Blogger mit Elfsight einbetten? <\/h3>\r\n\r\n\t\t\t\t\t\t<div class=\"faq-item-question-icon\"><\/div>\r\n\t\t\t\t\t<\/div>\r\n\r\n\t\t\t\t\t<div class=\"faq-item-answer\">\r\n\t\t\t\t\t\t<div class=\"faq-item-answer-text\">\nElfsight bietet zun\u00e4chst eine einfache M\u00f6glichkeit, den Instagram Feed auf Ihrer Website einzubetten, ohne dass eine Programmierung erforderlich ist. Dieses anpassbare Widget l\u00e4sst sich problemlos in Blogger oder jede andere Website-Plattform integrieren. Vor allem sch\u00e4tzen Benutzer unser Widget f\u00fcr seine praktischen Funktionen, die Ihnen helfen, die St\u00e4rken Ihres Unternehmens effektiv zu pr\u00e4sentieren.\n<\/div>\r\n\t\t\t\t\t<\/div>\r\n\t\t\t\t<\/div>\n<div class=\"faq-item\">\r\n\t\t\t\t\t<div class=\"faq-item-question\">\r\n\t\t\t\t\t\t<h3 class=\"faq-item-question-text\">Welche anderen Widgets f\u00fcr Blogger haben Sie? <\/h3>\r\n\r\n\t\t\t\t\t\t<div class=\"faq-item-question-icon\"><\/div>\r\n\t\t\t\t\t<\/div>\r\n\r\n\t\t\t\t\t<div class=\"faq-item-answer\">\r\n\t\t\t\t\t\t<div class=\"faq-item-answer-text\"> \n<p>Wir empfehlen, sich weitere L\u00f6sungen anzusehen, um Feeds von verschiedenen Plattformen zu teilen. Hier einige Beispiele: <a href=\"https:\/\/elfsight.com\/facebook-feed-widget\/blogger\/\">Facebook Feed<\/a>, <a href=\"https:\/\/elfsight.com\/linkedin-feed-widget\/blogger\/\">LinkedIn Feed<\/a> oder <a href=\"https:\/\/elfsight.com\/twitter-feed-widget\/blogger\/\">Twitter Feed<\/a>.<\/p> \n<\/div>\r\n\t\t\t\t\t<\/div>\r\n\t\t\t\t<\/div>\n<\/div>\n\n","protected":false},"excerpt":{"rendered":"","protected":false},"author":9,"featured_media":0,"parent":29,"menu_order":0,"comment_status":"closed","ping_status":"closed","template":"templates\/template-application-platform.php","meta":{"publish_to_discourse":"","publish_post_category":"","wpdc_auto_publish_overridden":"","wpdc_topic_tags":"","wpdc_pin_topic":"","wpdc_pin_until":"","discourse_post_id":"","discourse_permalink":"","wpdc_publishing_response":"","wpdc_publishing_error":"","footnotes":""},"class_list":["post-20653","page","type-page","status-publish","hentry"],"yoast_head":"<!-- This site is optimized with the Yoast SEO plugin v25.3.1 - https:\/\/yoast.com\/wordpress\/plugins\/seo\/ -->\n<title>Betten Sie den Instagram-Feed auf Blogger mit einem Plugin ein \u2013 f\u00fcgen Sie Instagram in 2 Minuten zu einer Website hinzu!<\/title>\n<meta name=\"description\" content=\"Starten Sie jetzt Ihr eigenes Premium-Instagram-Plugin f\u00fcr die Blogger-Site! Erstellen Sie in nur 3 Minuten einen pers\u00f6nlichen Instagram-Feed auf Elfsight.\" \/>\n<meta name=\"robots\" content=\"index, follow, max-snippet:-1, max-image-preview:large, max-video-preview:-1\" \/>\n<link rel=\"canonical\" href=\"https:\/\/elfsight.com\/de\/instagram-feed-instashow\/blogger\/\" \/>\n<meta property=\"og:locale\" content=\"de_DE\" \/>\n<meta property=\"og:type\" content=\"article\" \/>\n<meta property=\"og:title\" content=\"Betten Sie den Instagram-Feed auf Blogger mit einem Plugin ein \u2013 f\u00fcgen Sie Instagram in 2 Minuten zu einer Website hinzu!\" \/>\n<meta property=\"og:description\" content=\"Starten Sie jetzt Ihr eigenes Premium-Instagram-Plugin f\u00fcr die Blogger-Site! Erstellen Sie in nur 3 Minuten einen pers\u00f6nlichen Instagram-Feed auf Elfsight.\" \/>\n<meta property=\"og:url\" content=\"https:\/\/elfsight.com\/de\/instagram-feed-instashow\/blogger\/\" \/>\n<meta property=\"og:site_name\" content=\"Elfsight DE\" \/>\n<meta property=\"article:modified_time\" content=\"2024-12-19T10:08:57+00:00\" \/>\n<meta name=\"twitter:card\" content=\"summary_large_image\" \/>\n<meta name=\"twitter:label1\" content=\"Gesch\u00e4tzte Lesezeit\" \/>\n\t<meta name=\"twitter:data1\" content=\"4\u00a0Minuten\" \/>\n<!-- \/ Yoast SEO plugin. -->","yoast_head_json":{"title":"Betten Sie den Instagram-Feed auf Blogger mit einem Plugin ein \u2013 f\u00fcgen Sie Instagram in 2 Minuten zu einer Website hinzu!","description":"Starten Sie jetzt Ihr eigenes Premium-Instagram-Plugin f\u00fcr die Blogger-Site! Erstellen Sie in nur 3 Minuten einen pers\u00f6nlichen Instagram-Feed auf Elfsight.","robots":{"index":"index","follow":"follow","max-snippet":"max-snippet:-1","max-image-preview":"max-image-preview:large","max-video-preview":"max-video-preview:-1"},"canonical":"https:\/\/elfsight.com\/de\/instagram-feed-instashow\/blogger\/","og_locale":"de_DE","og_type":"article","og_title":"Betten Sie den Instagram-Feed auf Blogger mit einem Plugin ein \u2013 f\u00fcgen Sie Instagram in 2 Minuten zu einer Website hinzu!","og_description":"Starten Sie jetzt Ihr eigenes Premium-Instagram-Plugin f\u00fcr die Blogger-Site! Erstellen Sie in nur 3 Minuten einen pers\u00f6nlichen Instagram-Feed auf Elfsight.","og_url":"https:\/\/elfsight.com\/de\/instagram-feed-instashow\/blogger\/","og_site_name":"Elfsight DE","article_modified_time":"2024-12-19T10:08:57+00:00","twitter_card":"summary_large_image","twitter_misc":{"Gesch\u00e4tzte Lesezeit":"4\u00a0Minuten"},"schema":{"@context":"https:\/\/schema.org","@graph":[{"@type":"WebPage","@id":"https:\/\/elfsight.com\/de\/instagram-feed-instashow\/blogger\/","url":"https:\/\/elfsight.com\/de\/instagram-feed-instashow\/blogger\/","name":"Betten Sie den Instagram-Feed auf Blogger mit einem Plugin ein \u2013 f\u00fcgen Sie Instagram in 2 Minuten zu einer Website hinzu!","isPartOf":{"@id":"https:\/\/elfsight.com\/de\/#website"},"datePublished":"2024-05-03T06:39:38+00:00","dateModified":"2024-12-19T10:08:57+00:00","description":"Starten Sie jetzt Ihr eigenes Premium-Instagram-Plugin f\u00fcr die Blogger-Site! Erstellen Sie in nur 3 Minuten einen pers\u00f6nlichen Instagram-Feed auf Elfsight.","breadcrumb":{"@id":"https:\/\/elfsight.com\/de\/instagram-feed-instashow\/blogger\/#breadcrumb"},"inLanguage":"de","potentialAction":[{"@type":"ReadAction","target":["https:\/\/elfsight.com\/de\/instagram-feed-instashow\/blogger\/"]}]},{"@type":"BreadcrumbList","@id":"https:\/\/elfsight.com\/de\/instagram-feed-instashow\/blogger\/#breadcrumb","itemListElement":[{"@type":"ListItem","position":1,"name":"Home","item":"https:\/\/elfsight.com\/de\/"},{"@type":"ListItem","position":2,"name":"Instagram Feed","item":"https:\/\/elfsight.com\/de\/instagram-feed-instashow\/"},{"@type":"ListItem","position":3,"name":"Instagram Feed &#8211; Blogger"}]},{"@type":"WebSite","@id":"https:\/\/elfsight.com\/de\/#website","url":"https:\/\/elfsight.com\/de\/","name":"Elfsight DE","description":"Just another Elfsight Sites site","potentialAction":[{"@type":"SearchAction","target":{"@type":"EntryPoint","urlTemplate":"https:\/\/elfsight.com\/de\/?s={search_term_string}"},"query-input":{"@type":"PropertyValueSpecification","valueRequired":true,"valueName":"search_term_string"}}],"inLanguage":"de"}]}},"meta_box":{"industry":"","seo_heading":"","heading":"","description":"","cta_heading":"","cta_description":"","application":"14","h1":"Instagram-Feed-Widget f\u00fcr Blogger","h1_caption":"F\u00fcgen Sie Beitr\u00e4ge von Ihrem Instagram-Konto oder per Hashtag hinzu und bieten Sie so die beste M\u00f6glichkeit, m\u00fchelos einen dynamischen Instagram-Feed auf Ihrer Website auf Ihrer Blogger-Website zu pr\u00e4sentieren.","application_category":[],"applications_title":"","applications_request_title":"","applications_request_button_text":"","hero_text":"","hero_video":"","hero_video_schema_markup":"","selling_points_title":"","selling_points_caption":"","selling_points":[],"selling_points_cta_text":"","features_title":"","features":"","ed_cta_examples_text":"","ed_cta_examples_hidden":"","ed_cta_demo_text":"","ed_cta_demo_hidden":"","why_caption":"","why_editor_title":"","why_editor_text":"","why_team_title":"","why_team_text":"","why_service_title":"","why_service_text":"","template_catalog_visible":"0","template_catalog_title":"","template_catalog_text":"","template_catalog_categories_visible":"","demo_title":"Erstellen Sie Ihr Instagram-Feed-Widget","demo_caption":"Konfigurieren Sie Ihren Instagram-Feed und f\u00fcgen Sie ihn kostenlos zu Ihrer Blogger-Website hinzu!","default_faq_hidden":"","app_template_category":[],"platform":"262","template_public_id":"","codecanyon_url":"","codecanyon_item_id":"","codecanyon_price":"","pricing_caption":"","pricing_elfsight_apps_hide_column":"","pricing_elfsight_apps_url":"","pricing_codecanyon_price_caption":"","integration_category":[],"integration_request_title":"","integration_request_cta":"","integration_platform":"","integrations":[],"platform_category":[],"video_schema_markup":"","price":"ab 0 $ \/ Monat","trial":"","benefits":[{"text":"Kostenlose Installationshilfe"},{"text":"Professioneller Kundenservice"},{"text":"14-t\u00e4gige Geld-zur\u00fcck-Garantie"},{"text":"Regelm\u00e4\u00dfige kostenlose Updates"}],"button_url":"#demo","button_target_blank":"0","button_nofollow":"0","attributes":[{"name":"Installiert","content":"100,000 - 500,000"},{"name":"Reaktionsfreudig","content":"Ja"},{"name":"Kompatible Browser","content":"Firefox, Safari, Opera, Chrome, Edge"}],"tags":[],"tags_disable_links":"0","hide_more_platforms":"","video_object":"","demo_hide_cta":"0","demo_hide_cloud_options":"0","pricing_title":"","pricing":[{"pricing_icon":"platform","pricing_title":"Elfsight Apps","pricing_title_caption":"Plattform\u00fcbergreifende Software, die f\u00fcr jede Website geeignet ist","pricing_price":"ab 0 $ \/ Monat","pricing_price_caption":"Beginnen Sie mit einem kostenlosen Plan","pricing_benefits":[{"text":"Unbegrenzte Domains"},{"text":"Schnelle Unternehmensunterst\u00fctzung und gut dokumentiert"},{"text":"Kostenlose Installationsunterst\u00fctzung"},{"text":"100 % anpassbar"}],"pricing_button_text":"Zur Website hinzuf\u00fcgen","pricing_button_url":"#demo"}],"related_apps_title":"","related_apps_hidden":"0","author":"","image":[],"title":"","job":"","social_networks":[]},"_links":{"self":[{"href":"https:\/\/elfsight.com\/de\/wp-json\/wp\/v2\/pages\/20653","targetHints":{"allow":["GET"]}}],"collection":[{"href":"https:\/\/elfsight.com\/de\/wp-json\/wp\/v2\/pages"}],"about":[{"href":"https:\/\/elfsight.com\/de\/wp-json\/wp\/v2\/types\/page"}],"author":[{"embeddable":true,"href":"https:\/\/elfsight.com\/de\/wp-json\/wp\/v2\/users\/9"}],"replies":[{"embeddable":true,"href":"https:\/\/elfsight.com\/de\/wp-json\/wp\/v2\/comments?post=20653"}],"version-history":[{"count":4,"href":"https:\/\/elfsight.com\/de\/wp-json\/wp\/v2\/pages\/20653\/revisions"}],"predecessor-version":[{"id":23380,"href":"https:\/\/elfsight.com\/de\/wp-json\/wp\/v2\/pages\/20653\/revisions\/23380"}],"up":[{"embeddable":true,"href":"https:\/\/elfsight.com\/de\/wp-json\/wp\/v2\/pages\/29"}],"wp:attachment":[{"href":"https:\/\/elfsight.com\/de\/wp-json\/wp\/v2\/media?parent=20653"}],"curies":[{"name":"wp","href":"https:\/\/api.w.org\/{rel}","templated":true}]}}