{"id":20652,"date":"2024-05-03T06:39:37","date_gmt":"2024-05-03T06:39:37","guid":{"rendered":"https:\/\/elfsight.com\/de\/?page_id=20652"},"modified":"2024-12-19T10:13:27","modified_gmt":"2024-12-19T10:13:27","slug":"drupal","status":"publish","type":"page","link":"https:\/\/elfsight.com\/de\/instagram-feed-instashow\/drupal\/","title":{"rendered":"Instagram Feed &#8211; Drupal"},"content":{"rendered":"\n<div class=\"application-platform-content-item-description application-platform-content-item\" id=\"description\" data-nav-section=\"description\">\n<h2>Instagram Feed auf Drupal einbetten<\/h2> \n<p>M\u00f6chten Sie lebendige Instagram-Inhalte auf Ihrer Website anzeigen? Das Instagram Feed Widget hilft Ihnen dabei. Entwickelt, um nahtlos auf Drupal zu funktionieren, bringt dieses Widget Ihre Website zum Leben. Teilen Sie m\u00fchelos Beitr\u00e4ge, Profile oder Feeds nach Benutzer oder Hashtag, ganz ohne Programmierung. Mit unglaublichen Funktionen und erweiterten Anpassungsoptionen k\u00f6nnen Sie das Widget perfekt an das Design Ihrer Website anpassen.<\/p> \n<p><b>Beginnen Sie die Nutzung des Instagram Feed Widgets von Elfsight auf Drupal und steigern Sie Ihr Engagement in den sozialen Medien!<\/b><\/p> \n<\/div>\n\n<div class=\"application-platform-content-item-features application-platform-content-item\" id=\"features\" data-nav-section=\"features\"> \n<h2>Hauptfunktionen des Instagram Feeds von Elfsight<\/h2>\n<p>Betten Sie das Instagram Feed Widget in Drupal ein, um zahlreiche fantastische Funktionen zu entdecken. Sehen Sie sich einige der wichtigsten Vorteile an:<\/p>\n<ul>\n<li><strong>Filter und Moderation.<\/strong> Verwalten Sie Ihren Feed, indem Sie bestimmte Hashtags und Benutzer ein- oder ausschlie\u00dfen. So k\u00f6nnen Sie sowohl den Inhalt als auch das Erscheinungsbild Ihrer Sammlung steuern.<\/li>\n<li><strong>Erweitertes Design und Anpassung.<\/strong> \u00c4ndern Sie einfach Layouts, wechseln Sie Farbpaletten oder verwenden Sie benutzerdefinierte Farben. Sie k\u00f6nnen auch bestimmte Elemente aktivieren oder deaktivieren, um sie an Ihre Vorlieben anzupassen.<\/li>\n<li><strong>CTA-Buttons f\u00fcr Beitr\u00e4ge.<\/strong> F\u00fcgen Sie anpassbare CTA-Buttons zu jedem Beitrag in Ihrem Feed hinzu. Integrieren Sie Links zu Produktseiten, pers\u00f6nlichen Blogs oder anderen Medien.<\/li>\n<li><strong>Vollst\u00e4ndig responsive.<\/strong> Das Instagram Feed Widget sieht auf jedem Ger\u00e4t hervorragend aus und funktioniert einwandfrei, sodass Ihre Inhalte perfekt pr\u00e4sentiert werden.<\/li>\n<li><strong>Echtzeit-Updates.<\/strong> Genie\u00dfen Sie automatische Updates Ihrer Inhalte, ohne die Seite neu laden oder warten zu m\u00fcssen. So bleibt Ihr Feed immer aktuell und ansprechend.<\/li>\n<\/ul>\n<p><a href=\"#demo\">\u00dcberpr\u00fcfen Sie einfach diese Demo, um zu sehen, wie es funktioniert<\/a><\/p>\n<\/div>\n\n<div class=\"application-platform-content-item-installation application-platform-content-item\" id=\"installation\" data-nav-section=\"installation\"> \n<h2>Wie bette ich den Instagram Feed auf meiner Drupal-Website ein?<\/h2>\n<div class=\"video-container\">\n<iframe width=\"720\" height=\"405\" src=\"https:\/\/www.youtube.com\/embed\/VZFmm8U9g0Y\" frameborder=\"0\" allowfullscreen=\"\"><\/iframe>\n<\/div>\n<p>Wir bieten eine einfache Anleitung, um das Widget auf Ihrer Drupal-Website einzurichten. Es dauert nur wenige Minuten und erfordert keine Programmierung.<\/p> \n<ol>\n<li><strong>Erstellen Sie Ihr individuelles Instagram Feed Widget<\/strong><br> \nBeginnen Sie mit einer beliebigen Vorlage in der Demo, verbinden Sie Ihr Profil oder gew\u00fcnschte Hashtags und passen Sie das Widget an Ihr bevorzugtes Design und Ihre Optionen an.<\/li>\n\n<li><strong>Erhalten Sie den pers\u00f6nlichen Code, um das Widget einzubetten<\/strong><br> \nNachdem Sie das Widget erstellt haben, erhalten Sie einen individuellen HTML-Code in Ihrem Dashboard. Kopieren Sie diesen Code, der alle Details zu den Einstellungen Ihres Widgets enth\u00e4lt.<\/li> \n\n<li><strong>Zeigen Sie das Widget auf Ihrer Drupal-Website an<\/strong><br> \nW\u00e4hlen Sie die Bereiche Ihrer Website aus, in denen Sie das Widget pr\u00e4sentieren m\u00f6chten, und f\u00fcgen Sie den Code dort ein. Speichern Sie Ihre \u00c4nderungen.<\/li> \n<\/ol>\n\n<p>Das war&#8217;s! \u00dcberpr\u00fcfen Sie, wie das Widget auf Ihrer Website funktioniert.<\/p>\n\n<p>Haben Sie Probleme beim Erstellen des Instagram Feeds f\u00fcr Drupal? Lesen Sie unsere Anleitung zum <a href=\"https:\/\/elfsight.com\/blog\/how-to-embed-instagram-feed-on-website\/\" target=\"_blank\" rel=\"noopener\">Hinzuf\u00fcgen des Instagram Feeds zu Ihrer Website<\/a>.<\/p>\n<\/div>\n\n<div class=\"faq\" data-component=\"FAQ\">\n<div class=\"faq-item\">\r\n\t\t\t\t\t<div class=\"faq-item-question\">\r\n\t\t\t\t\t\t<h3 class=\"faq-item-question-text\">Ist das Instagram Feed Widget f\u00fcr Drupal kostenlos? <\/h3>\r\n\r\n\t\t\t\t\t\t<div class=\"faq-item-question-icon\"><\/div>\r\n\t\t\t\t\t<\/div>\r\n\r\n\t\t\t\t\t<div class=\"faq-item-answer\">\r\n\t\t\t\t\t\t<div class=\"faq-item-answer-text\">\nJa! Jeder Elfsight-Kunde kann sein Instagram Feed Widget anpassen und kostenlos in Drupal einbetten. Alle erstaunlichen Funktionen, die wir oben besprochen haben, stehen Ihnen zur Verf\u00fcgung.\n<\/div>\r\n\t\t\t\t\t<\/div>\r\n\t\t\t\t<\/div>\n<div class=\"faq-item\">\r\n\t\t\t\t\t<div class=\"faq-item-question\">\r\n\t\t\t\t\t\t<h3 class=\"faq-item-question-text\">Warum sollte ich einen Instagram Feed zu Drupal hinzuf\u00fcgen? <\/h3>\r\n\r\n\t\t\t\t\t\t<div class=\"faq-item-question-icon\"><\/div>\r\n\t\t\t\t\t<\/div>\r\n\r\n\t\t\t\t\t<div class=\"faq-item-answer\">\r\n\t\t\t\t\t\t<div class=\"faq-item-answer-text\">\nDer Instagram Feed erh\u00f6ht nicht nur das Engagement in den sozialen Medien, sondern verbessert auch das visuelle Erscheinungsbild Ihrer Website. Potenzielle Kunden k\u00f6nnen Bilder Ihrer Produkte oder Fotos sehen, die das Wachstum Ihrer Marke zeigen. Au\u00dferdem ist es eine gro\u00dfartige Gelegenheit, Ihre Bekanntheit bei verschiedenen Zielgruppen zu steigern.\n<\/div>\r\n\t\t\t\t\t<\/div>\r\n\t\t\t\t<\/div>\n<div class=\"faq-item\">\r\n\t\t\t\t\t<div class=\"faq-item-question\">\r\n\t\t\t\t\t\t<h3 class=\"faq-item-question-text\">Warum sollte ich einen Instagram Feed auf Drupal mit Elfsight einbetten? <\/h3>\r\n\r\n\t\t\t\t\t\t<div class=\"faq-item-question-icon\"><\/div>\r\n\t\t\t\t\t<\/div>\r\n\r\n\t\t\t\t\t<div class=\"faq-item-answer\">\r\n\t\t\t\t\t\t<div class=\"faq-item-answer-text\">\nElfsight bietet zun\u00e4chst eine einfache Methode, den Instagram Feed auf Ihrer Website einzubetten, ohne dass eine Programmierung erforderlich ist. Dieses anpassbare Widget l\u00e4sst sich problemlos in Drupal oder jeden anderen Website-Builder integrieren. Vor allem sch\u00e4tzen die Kunden unser Widget f\u00fcr seine einzigartigen Funktionen, mit denen Sie die St\u00e4rken Ihres Unternehmens effektiv pr\u00e4sentieren k\u00f6nnen.\n<\/div>\r\n\t\t\t\t\t<\/div>\r\n\t\t\t\t<\/div>\n<div class=\"faq-item\">\r\n\t\t\t\t\t<div class=\"faq-item-question\">\r\n\t\t\t\t\t\t<h3 class=\"faq-item-question-text\">Welche anderen Widgets f\u00fcr Drupal haben Sie? <\/h3>\r\n\r\n\t\t\t\t\t\t<div class=\"faq-item-question-icon\"><\/div>\r\n\t\t\t\t\t<\/div>\r\n\r\n\t\t\t\t\t<div class=\"faq-item-answer\">\r\n\t\t\t\t\t\t<div class=\"faq-item-answer-text\"> \n<p>Schauen Sie sich weitere L\u00f6sungen an, um Feeds von anderen Plattformen zu teilen. Hier einige Beispiele: <a href=\"https:\/\/elfsight.com\/facebook-feed-widget\/drupal\/\">Facebook Feed<\/a>, <a href=\"https:\/\/elfsight.com\/linkedin-feed-widget\/drupal\/\">LinkedIn Feed<\/a> oder <a href=\"https:\/\/elfsight.com\/twitter-feed-widget\/drupal\/\">Twitter Feed<\/a>.<\/p> \n<\/div>\r\n\t\t\t\t\t<\/div>\r\n\t\t\t\t<\/div>\n<\/div>\n","protected":false},"excerpt":{"rendered":"","protected":false},"author":9,"featured_media":0,"parent":29,"menu_order":0,"comment_status":"closed","ping_status":"closed","template":"templates\/template-application-platform.php","meta":{"publish_to_discourse":"","publish_post_category":"","wpdc_auto_publish_overridden":"","wpdc_topic_tags":"","wpdc_pin_topic":"","wpdc_pin_until":"","discourse_post_id":"","discourse_permalink":"","wpdc_publishing_response":"","wpdc_publishing_error":"","footnotes":""},"class_list":["post-20652","page","type-page","status-publish","hentry"],"yoast_head":"<!-- This site is optimized with the Yoast SEO plugin v25.3.1 - https:\/\/yoast.com\/wordpress\/plugins\/seo\/ -->\n<title>Instagram-Feed \u2013 Instagram-Modul zur Drupal-Website hinzuf\u00fcgen<\/title>\n<meta name=\"description\" content=\"Schauen Sie sich das beste Instagram-Plugin f\u00fcr die Drupal-Website kostenlos an! Erstellen Sie in nur 3 Minuten einen individuellen Instagram-Feed auf Elfsight.\" \/>\n<meta name=\"robots\" content=\"index, follow, max-snippet:-1, max-image-preview:large, max-video-preview:-1\" \/>\n<link rel=\"canonical\" href=\"https:\/\/elfsight.com\/de\/instagram-feed-instashow\/drupal\/\" \/>\n<meta property=\"og:locale\" content=\"de_DE\" \/>\n<meta property=\"og:type\" content=\"article\" \/>\n<meta property=\"og:title\" content=\"Instagram-Feed \u2013 Instagram-Modul zur Drupal-Website hinzuf\u00fcgen\" \/>\n<meta property=\"og:description\" content=\"Schauen Sie sich das beste Instagram-Plugin f\u00fcr die Drupal-Website kostenlos an! Erstellen Sie in nur 3 Minuten einen individuellen Instagram-Feed auf Elfsight.\" \/>\n<meta property=\"og:url\" content=\"https:\/\/elfsight.com\/de\/instagram-feed-instashow\/drupal\/\" \/>\n<meta property=\"og:site_name\" content=\"Elfsight DE\" \/>\n<meta property=\"article:modified_time\" content=\"2024-12-19T10:13:27+00:00\" \/>\n<meta name=\"twitter:card\" content=\"summary_large_image\" \/>\n<meta name=\"twitter:label1\" content=\"Gesch\u00e4tzte Lesezeit\" \/>\n\t<meta name=\"twitter:data1\" content=\"4\u00a0Minuten\" \/>\n<!-- \/ Yoast SEO plugin. -->","yoast_head_json":{"title":"Instagram-Feed \u2013 Instagram-Modul zur Drupal-Website hinzuf\u00fcgen","description":"Schauen Sie sich das beste Instagram-Plugin f\u00fcr die Drupal-Website kostenlos an! Erstellen Sie in nur 3 Minuten einen individuellen Instagram-Feed auf Elfsight.","robots":{"index":"index","follow":"follow","max-snippet":"max-snippet:-1","max-image-preview":"max-image-preview:large","max-video-preview":"max-video-preview:-1"},"canonical":"https:\/\/elfsight.com\/de\/instagram-feed-instashow\/drupal\/","og_locale":"de_DE","og_type":"article","og_title":"Instagram-Feed \u2013 Instagram-Modul zur Drupal-Website hinzuf\u00fcgen","og_description":"Schauen Sie sich das beste Instagram-Plugin f\u00fcr die Drupal-Website kostenlos an! Erstellen Sie in nur 3 Minuten einen individuellen Instagram-Feed auf Elfsight.","og_url":"https:\/\/elfsight.com\/de\/instagram-feed-instashow\/drupal\/","og_site_name":"Elfsight DE","article_modified_time":"2024-12-19T10:13:27+00:00","twitter_card":"summary_large_image","twitter_misc":{"Gesch\u00e4tzte Lesezeit":"4\u00a0Minuten"},"schema":{"@context":"https:\/\/schema.org","@graph":[{"@type":"WebPage","@id":"https:\/\/elfsight.com\/de\/instagram-feed-instashow\/drupal\/","url":"https:\/\/elfsight.com\/de\/instagram-feed-instashow\/drupal\/","name":"Instagram-Feed \u2013 Instagram-Modul zur Drupal-Website hinzuf\u00fcgen","isPartOf":{"@id":"https:\/\/elfsight.com\/de\/#website"},"datePublished":"2024-05-03T06:39:37+00:00","dateModified":"2024-12-19T10:13:27+00:00","description":"Schauen Sie sich das beste Instagram-Plugin f\u00fcr die Drupal-Website kostenlos an! Erstellen Sie in nur 3 Minuten einen individuellen Instagram-Feed auf Elfsight.","breadcrumb":{"@id":"https:\/\/elfsight.com\/de\/instagram-feed-instashow\/drupal\/#breadcrumb"},"inLanguage":"de","potentialAction":[{"@type":"ReadAction","target":["https:\/\/elfsight.com\/de\/instagram-feed-instashow\/drupal\/"]}]},{"@type":"BreadcrumbList","@id":"https:\/\/elfsight.com\/de\/instagram-feed-instashow\/drupal\/#breadcrumb","itemListElement":[{"@type":"ListItem","position":1,"name":"Home","item":"https:\/\/elfsight.com\/de\/"},{"@type":"ListItem","position":2,"name":"Instagram Feed","item":"https:\/\/elfsight.com\/de\/instagram-feed-instashow\/"},{"@type":"ListItem","position":3,"name":"Instagram Feed &#8211; Drupal"}]},{"@type":"WebSite","@id":"https:\/\/elfsight.com\/de\/#website","url":"https:\/\/elfsight.com\/de\/","name":"Elfsight DE","description":"Just another Elfsight Sites site","potentialAction":[{"@type":"SearchAction","target":{"@type":"EntryPoint","urlTemplate":"https:\/\/elfsight.com\/de\/?s={search_term_string}"},"query-input":{"@type":"PropertyValueSpecification","valueRequired":true,"valueName":"search_term_string"}}],"inLanguage":"de"}]}},"meta_box":{"industry":"","seo_heading":"","heading":"","description":"","cta_heading":"","cta_description":"","application":"14","h1":"Instagram-Feed-Widget f\u00fcr Drupal","h1_caption":"F\u00fcgen Sie Beitr\u00e4ge von Ihrem Instagram-Konto oder per Hashtag hinzu und bieten Sie so die beste M\u00f6glichkeit, m\u00fchelos einen dynamischen Instagram-Feed auf Ihrer Website auf Ihrer Drupal-Website zu pr\u00e4sentieren.","application_category":[],"applications_title":"","applications_request_title":"","applications_request_button_text":"","hero_text":"","hero_video":"","hero_video_schema_markup":"","selling_points_title":"","selling_points_caption":"","selling_points":[],"selling_points_cta_text":"","features_title":"","features":"","ed_cta_examples_text":"","ed_cta_examples_hidden":"","ed_cta_demo_text":"","ed_cta_demo_hidden":"","why_caption":"","why_editor_title":"","why_editor_text":"","why_team_title":"","why_team_text":"","why_service_title":"","why_service_text":"","template_catalog_visible":"0","template_catalog_title":"","template_catalog_text":"","template_catalog_categories_visible":"","demo_title":"Erstellen Sie Ihr Instagram-Feed-Modul","demo_caption":"Konfigurieren Sie Ihren Instagram-Feed und f\u00fcgen Sie ihn kostenlos zu Ihrer Drupal-Website hinzu!","default_faq_hidden":"","app_template_category":[],"platform":"261","template_public_id":"","codecanyon_url":"","codecanyon_item_id":"","codecanyon_price":"","pricing_caption":"","pricing_elfsight_apps_hide_column":"","pricing_elfsight_apps_url":"","pricing_codecanyon_price_caption":"","integration_category":[],"integration_request_title":"","integration_request_cta":"","integration_platform":"","integrations":[],"platform_category":[],"video_schema_markup":"","price":"ab 0 $ \/ Monat","trial":"","benefits":[{"text":"Kostenloser Installationsservice"},{"text":"Au\u00dfergew\u00f6hnlicher Support"},{"text":"14-t\u00e4gige Geld-zur\u00fcck-Garantie"},{"text":"Zuk\u00fcnftige kostenlose Verbesserungen"}],"button_url":"#demo","button_target_blank":"0","button_nofollow":"0","attributes":[{"name":"Installiert","content":"100,000 - 500,000"},{"name":"Reaktionsfreudig","content":"Ja"},{"name":"Kompatible Browser","content":"Firefox, Safari, Opera, Chrome, Edge"}],"tags":[],"tags_disable_links":"0","hide_more_platforms":"","video_object":"","demo_hide_cta":"0","demo_hide_cloud_options":"0","pricing_title":"","pricing":[{"pricing_icon":"platform","pricing_title":"Elfsight Apps","pricing_title_caption":"Multiplattform-L\u00f6sung, die auf jeder Website funktioniert","pricing_price":"ab 0 $ \/ Monat","pricing_price_caption":"Beginnen Sie mit einem kostenlosen Plan","pricing_benefits":[{"text":"Unbegrenzte Websites"},{"text":"Schnelle Unternehmensunterst\u00fctzung und gut dokumentiert"},{"text":"Kostenlose Installationsunterst\u00fctzung"},{"text":"Zeitlich begrenztes Angebot f\u00fcr mehrere Apps"}],"pricing_button_text":"Zur Website hinzuf\u00fcgen","pricing_button_url":"#demo"}],"related_apps_title":"","related_apps_hidden":"0","author":"","image":[],"title":"","job":"","social_networks":[]},"_links":{"self":[{"href":"https:\/\/elfsight.com\/de\/wp-json\/wp\/v2\/pages\/20652","targetHints":{"allow":["GET"]}}],"collection":[{"href":"https:\/\/elfsight.com\/de\/wp-json\/wp\/v2\/pages"}],"about":[{"href":"https:\/\/elfsight.com\/de\/wp-json\/wp\/v2\/types\/page"}],"author":[{"embeddable":true,"href":"https:\/\/elfsight.com\/de\/wp-json\/wp\/v2\/users\/9"}],"replies":[{"embeddable":true,"href":"https:\/\/elfsight.com\/de\/wp-json\/wp\/v2\/comments?post=20652"}],"version-history":[{"count":4,"href":"https:\/\/elfsight.com\/de\/wp-json\/wp\/v2\/pages\/20652\/revisions"}],"predecessor-version":[{"id":23382,"href":"https:\/\/elfsight.com\/de\/wp-json\/wp\/v2\/pages\/20652\/revisions\/23382"}],"up":[{"embeddable":true,"href":"https:\/\/elfsight.com\/de\/wp-json\/wp\/v2\/pages\/29"}],"wp:attachment":[{"href":"https:\/\/elfsight.com\/de\/wp-json\/wp\/v2\/media?parent=20652"}],"curies":[{"name":"wp","href":"https:\/\/api.w.org\/{rel}","templated":true}]}}