{"id":20651,"date":"2024-05-03T06:39:36","date_gmt":"2024-05-03T06:39:36","guid":{"rendered":"https:\/\/elfsight.com\/de\/?page_id=20651"},"modified":"2024-11-08T09:20:04","modified_gmt":"2024-11-08T09:20:04","slug":"html","status":"publish","type":"page","link":"https:\/\/elfsight.com\/de\/instagram-feed-instashow\/html\/","title":{"rendered":"Instagram Feed &#8211; HTML"},"content":{"rendered":"\n<div class=\"application-platform-content-item-description application-platform-content-item\" id=\"description\" data-nav-section=\"description\">\n<h2>Instagram in HTML mit dem Elfsight-Widget einbetten<\/h2>\n<p>InstaShow ist das beste Instagram-Widget, mit dem Sie wundersch\u00f6ne Galerien aus Instagram-Fotos und Videoclips entwerfen k\u00f6nnen. Eine unbegrenzte Anzahl an Anpassungsvarianten: alle Arten von Quellen, Vormoderation von Inhalten, mehr als 70 flexible Optionen und 10 Darstellungsschemata sowie eine vollst\u00e4ndig responsive Benutzeroberfl\u00e4che f\u00fcr alle Aufl\u00f6sungen.<\/p>\n<p><b>Wenden Sie eine vollst\u00e4ndig responsive Version an und praktisches Plugin, um im Handumdrehen das Interesse Ihrer Website-Benutzer zu wecken.<\/b> Betten Sie das Widget in HTML-Code ein, indem Sie einfach einen Installationscode in den erforderlichen Abschnitt einf\u00fcgen.<\/p>\n<ul>\n<li><b>Wachstum die Anzahl der Transaktionen auf Ihrer Website<\/b>.<br>Informieren Sie Besucher \u00fcber Ihre Waren oder Dienstleistungen \u00fcber Bilder von Instagram mithilfe von Hashtags, Standorten, Konten oder \u00fcber eine bestimmte URL, um die Einnahmen Ihrer Website zu steigern.<\/li>\n<li><b>Gewinnen Sie neue Fans auf Instagram<\/b>.<br>Zeigen Sie Fotos mit Links an und rufen Sie zum Abonnieren auf, um die Anzahl der Abonnenten in Ihrem Instagram-Profil zu erh\u00f6hen.<\/li>\n<li><b>Beteiligen Sie sich an einem gr\u00f6\u00dferen Unternehmen Anzahl der Leser in Website-Aktivit\u00e4ten<\/b>.<br>Betten Sie Instagram-Feeds mit unserem Plugin ein, und sie werden mehr Benutzer interessieren und daf\u00fcr sorgen, dass sie l\u00e4nger auf der Website bleiben.<\/li>\n<\/ul>\n<\/div>\n\n<div class=\"application-platform-content-item-features application-platform-content-item\" id=\"features\" data-nav-section=\"features\">\n<h2>Hauptfunktionen des Instagram-Feed-Widgets<\/h2>\n<p>Die St\u00e4rken des Elfsight-Plugins, die es zum besten Tool zum Anzeigen von Instagram-Feed-HTML-Code auf einer Website machen:<\/p> \n<ul>\n<li>Videos direkt auf der Seite ansehen<\/li>\n<li>Variabler Zwischenraum<\/li>\n<li>Drei Aktionsvarianten beim Bildklick: Popup, Instagram oder keine<\/li>\n<li>13 gebrauchsfertige Farbschemata<\/li>\n<li>Optionale Autoplay-Geschwindigkeit<\/li>\n<li>8 atemberaubende gebrauchsfertige Vorlagen<\/li>\n<li>Instagram-Feed mit wenigen Klicks in HTML einbetten<\/li>\n<li>Verschiedene Feed-Layouts und Beitragsvorlagen<\/li>\n<\/ul>\n<p><a href=\"#demo\">Weitere Funktionen in der Elfsight-Demo<\/a><\/p>\n<p>Sie k\u00f6nnen Instagram-Feed im Website-HTML einbetten, um zahlreiche Ziele zu erreichen. Beispielsweise k\u00f6nnten Sie die Abonnentenbasis mit einem CTA-Button vergr\u00f6\u00dfern. Au\u00dferdem schm\u00fccken Instagram-Fotos jede Website und lassen sie ordentlich und professionell aussehen. Schlie\u00dflich k\u00f6nnen Sie das Engagement auf einer Website steigern, da Benutzer scrollen, Beitr\u00e4ge \u00f6ffnen und schlie\u00dfen sowie Beschreibungen und Kommentare lesen.<\/p>\n<\/div>\n\n<div class=\"application-platform-content-item-installation application-platform-content-item\" id=\"installation\" data-nav-section=\"installation\">\n<h2>So betten Sie das Instagram-Feed-Widget in der HTML-Website ein<\/h2>\n<div class=\"video-container\">\n    <iframe width=\"720\" height=\"405\" src=\"https:\/\/www.youtube.com\/embed\/DZtyNRdHci4\" frameborder=\"0\" allowfullscreen=\"\"><\/iframe>\n<\/div>\n<p>Schauen Sie sich unsere kurze Anleitung zur Installation und Anpassung des Plugins an. Die Installationszeit betr\u00e4gt etwa 80 Sekunden; Dar\u00fcber hinaus ist keine Erfahrung in der Webprogrammierung erforderlich.<\/p>\n<ol>\n<li><b>Erstellen Sie Ihren individuellen Instagram-Feed<\/b>.<br>Formen Sie mit unserem kostenlosen Konfigurator ein Plugin mit dem erforderlichen Design und den erforderlichen Einstellungen.<\/li>\n<li><b>Besorgen Sie sich einen Instagram-Code zum Anzeigen des Widgets<\/b>.<br>Nach der Widget-Anpassung erhalten Sie einen Code f\u00fcr das Instagram-Plugin aus der angezeigten Benachrichtigung auf Elfsight Apps.<\/li>\n<li><b>F\u00fcgen Sie den Installationscode zum HTML-Code einer Website hinzu<\/b>.<br>\u00d6ffnen Sie den Seitencode im HTML-Editor, setzen Sie das Plugin an der ben\u00f6tigten Stelle (Inhaltsbereich, Fu\u00dfzeile, Seitenleiste usw.) und ver\u00f6ffentlichen Sie die \u00c4nderungen.<\/li>\n<li><b>Die Einrichtung ist abgeschlossen<\/b>.<br>Geben Sie die HTML-Site ein, um Ihr Plugin anzuzeigen.<\/li>\n<\/ol>\n<p>Gibt es Schwierigkeiten bei der Demonstration des Plugins oder der Personalisierung Ihres Instagram-Feeds? Senden Sie eine Nachricht an unser Support-Team.<\/p>\n<\/div>\n\n<div class=\"faq\" data-component=\"FAQ\">\n<div class=\"faq-item\">\r\n\t\t\t\t\t<div class=\"faq-item-question\">\r\n\t\t\t\t\t\t<h3 class=\"faq-item-question-text\">Wie bette ich Instagram-Feeds kostenlos in HTML ein?<\/h3>\r\n\r\n\t\t\t\t\t\t<div class=\"faq-item-question-icon\"><\/div>\r\n\t\t\t\t\t<\/div>\r\n\r\n\t\t\t\t\t<div class=\"faq-item-answer\">\r\n\t\t\t\t\t\t<div class=\"faq-item-answer-text\">\n<p>Integration eines Instagram-Feeds in Ihre HTML-Website ist eine fantastische Methode, um Ihre neuesten Beitr\u00e4ge anzuzeigen und das Engagement des Publikums aufrechtzuerhalten.<\/p>\n<ol>\n<li>So betten Sie ein Elfsight ein: <a href=\"https:\/\/elfsight.com\/blog\/how-to-embed-instagram-feed-on-website\/\">Instagram Feed<\/a> kostenlos auf Ihrer HTML-Site, gehen Sie zur Elfsight-Website und registrieren Sie sich f\u00fcr ein kostenloses Konto.<\/li>\n<li>Maximieren Sie das Potenzial von Instagram kostenloses Widget, indem Sie dessen Erscheinungsbild und Einstellungen an das Erscheinungsbild Ihrer HTML-Website anpassen.<\/li>\n<li>Sobald Sie Ihren Instagram-Feed kostenlos angepasst haben, kopieren Sie den einzigartigen Einbettungscode und f\u00fcgen Sie ihn in den HTML-Code Ihrer Website ein an der Stelle, an der der Feed angezeigt werden soll.<\/li>\n<\/ol>\n<p>Durch das Hinzuf\u00fcgen Ihres Instagram-Feeds zu Ihrer HTML-Website erh\u00f6hen Sie deren visuelle Attraktivit\u00e4t und f\u00f6rdern eine kontinuierliche Interaktion mit dem Publikum. Profitieren Sie von den Vorteilen des Elfsight-Instagram-Widgets, ohne Ihr Budget zu sprengen!<\/p>\n<\/div>\r\n\t\t\t\t\t<\/div>\r\n\t\t\t\t<\/div>\n\n<div class=\"faq-item\">\r\n\t\t\t\t\t<div class=\"faq-item-question\">\r\n\t\t\t\t\t\t<h3 class=\"faq-item-question-text\">Wie kann ich mithilfe von Elfsight-Widgets Instagram-Collagen oder Post-Slider erhalten?<\/h3>\r\n\r\n\t\t\t\t\t\t<div class=\"faq-item-question-icon\"><\/div>\r\n\t\t\t\t\t<\/div>\r\n\r\n\t\t\t\t\t<div class=\"faq-item-answer\">\r\n\t\t\t\t\t\t<div class=\"faq-item-answer-text\">\n<p>Eine Vielzahl von Vorlagen steht Ihnen zur Verf\u00fcgung: Liste, Mauerwerk, Raster, Feed, Galerie und viele mehr, zusammen mit flexiblen Layoutoptionen, passend zu Ihren Anforderungen. Es steht Ihnen frei, fast jedes Werkzeug zu erstellen, das Ihnen fehlt.<\/p>\n<\/div>\r\n\t\t\t\t\t<\/div>\r\n\t\t\t\t<\/div>\n\n<div class=\"faq-item\">\r\n\t\t\t\t\t<div class=\"faq-item-question\">\r\n\t\t\t\t\t\t<h3 class=\"faq-item-question-text\">Warum funktioniert\/aktualisiert mein HTML-Instagram-Feed nicht?<\/h3>\r\n\r\n\t\t\t\t\t\t<div class=\"faq-item-question-icon\"><\/div>\r\n\t\t\t\t\t<\/div>\r\n\r\n\t\t\t\t\t<div class=\"faq-item-answer\">\r\n\t\t\t\t\t\t<div class=\"faq-item-answer-text\">\n<p>Sobald Sie Schwierigkeiten mit dem HTML-Code haben, wenden Sie sich an den Kundensupport. Der Support-Service ist f\u00fcr alle Elfsight-Kunden absolut kostenlos.<\/p>\n<\/div>\r\n\t\t\t\t\t<\/div>\r\n\t\t\t\t<\/div>\n<\/div>\n","protected":false},"excerpt":{"rendered":"","protected":false},"author":9,"featured_media":0,"parent":29,"menu_order":0,"comment_status":"closed","ping_status":"closed","template":"templates\/template-application-platform.php","meta":{"publish_to_discourse":"","publish_post_category":"","wpdc_auto_publish_overridden":"","wpdc_topic_tags":"","wpdc_pin_topic":"","wpdc_pin_until":"","discourse_post_id":"","discourse_permalink":"","wpdc_publishing_response":"","wpdc_publishing_error":"","footnotes":""},"class_list":["post-20651","page","type-page","status-publish","hentry"],"yoast_head":"<!-- This site is optimized with the Yoast SEO plugin v25.3.1 - https:\/\/yoast.com\/wordpress\/plugins\/seo\/ -->\n<title>Betten Sie den Instagram-Feed mit einem Widget in HTML ein \u2013 f\u00fcgen Sie Instagram in 2 Minuten zu einer Website hinzu!<\/title>\n<meta name=\"description\" content=\"Erfahren Sie, wie Sie den Instagram-Feed kostenlos in den HTML-Code Ihrer Website einbetten. Verwenden Sie das beste Instagram-Widget, um Bilder und Videos ohne Programmierung hinzuzuf\u00fcgen.\" \/>\n<meta name=\"robots\" content=\"index, follow, max-snippet:-1, max-image-preview:large, max-video-preview:-1\" \/>\n<link rel=\"canonical\" href=\"https:\/\/elfsight.com\/de\/instagram-feed-instashow\/html\/\" \/>\n<meta property=\"og:locale\" content=\"de_DE\" \/>\n<meta property=\"og:type\" content=\"article\" \/>\n<meta property=\"og:title\" content=\"Betten Sie den Instagram-Feed mit einem Widget in HTML ein \u2013 f\u00fcgen Sie Instagram in 2 Minuten zu einer Website hinzu!\" \/>\n<meta property=\"og:description\" content=\"Erfahren Sie, wie Sie den Instagram-Feed kostenlos in den HTML-Code Ihrer Website einbetten. Verwenden Sie das beste Instagram-Widget, um Bilder und Videos ohne Programmierung hinzuzuf\u00fcgen.\" \/>\n<meta property=\"og:url\" content=\"https:\/\/elfsight.com\/de\/instagram-feed-instashow\/html\/\" \/>\n<meta property=\"og:site_name\" content=\"Elfsight DE\" \/>\n<meta property=\"article:modified_time\" content=\"2024-11-08T09:20:04+00:00\" \/>\n<meta name=\"twitter:card\" content=\"summary_large_image\" \/>\n<meta name=\"twitter:label1\" content=\"Gesch\u00e4tzte Lesezeit\" \/>\n\t<meta name=\"twitter:data1\" content=\"4\u00a0Minuten\" \/>\n<!-- \/ Yoast SEO plugin. -->","yoast_head_json":{"title":"Betten Sie den Instagram-Feed mit einem Widget in HTML ein \u2013 f\u00fcgen Sie Instagram in 2 Minuten zu einer Website hinzu!","description":"Erfahren Sie, wie Sie den Instagram-Feed kostenlos in den HTML-Code Ihrer Website einbetten. Verwenden Sie das beste Instagram-Widget, um Bilder und Videos ohne Programmierung hinzuzuf\u00fcgen.","robots":{"index":"index","follow":"follow","max-snippet":"max-snippet:-1","max-image-preview":"max-image-preview:large","max-video-preview":"max-video-preview:-1"},"canonical":"https:\/\/elfsight.com\/de\/instagram-feed-instashow\/html\/","og_locale":"de_DE","og_type":"article","og_title":"Betten Sie den Instagram-Feed mit einem Widget in HTML ein \u2013 f\u00fcgen Sie Instagram in 2 Minuten zu einer Website hinzu!","og_description":"Erfahren Sie, wie Sie den Instagram-Feed kostenlos in den HTML-Code Ihrer Website einbetten. Verwenden Sie das beste Instagram-Widget, um Bilder und Videos ohne Programmierung hinzuzuf\u00fcgen.","og_url":"https:\/\/elfsight.com\/de\/instagram-feed-instashow\/html\/","og_site_name":"Elfsight DE","article_modified_time":"2024-11-08T09:20:04+00:00","twitter_card":"summary_large_image","twitter_misc":{"Gesch\u00e4tzte Lesezeit":"4\u00a0Minuten"},"schema":{"@context":"https:\/\/schema.org","@graph":[{"@type":"WebPage","@id":"https:\/\/elfsight.com\/de\/instagram-feed-instashow\/html\/","url":"https:\/\/elfsight.com\/de\/instagram-feed-instashow\/html\/","name":"Betten Sie den Instagram-Feed mit einem Widget in HTML ein \u2013 f\u00fcgen Sie Instagram in 2 Minuten zu einer Website hinzu!","isPartOf":{"@id":"https:\/\/elfsight.com\/de\/#website"},"datePublished":"2024-05-03T06:39:36+00:00","dateModified":"2024-11-08T09:20:04+00:00","description":"Erfahren Sie, wie Sie den Instagram-Feed kostenlos in den HTML-Code Ihrer Website einbetten. Verwenden Sie das beste Instagram-Widget, um Bilder und Videos ohne Programmierung hinzuzuf\u00fcgen.","breadcrumb":{"@id":"https:\/\/elfsight.com\/de\/instagram-feed-instashow\/html\/#breadcrumb"},"inLanguage":"de","potentialAction":[{"@type":"ReadAction","target":["https:\/\/elfsight.com\/de\/instagram-feed-instashow\/html\/"]}]},{"@type":"BreadcrumbList","@id":"https:\/\/elfsight.com\/de\/instagram-feed-instashow\/html\/#breadcrumb","itemListElement":[{"@type":"ListItem","position":1,"name":"Home","item":"https:\/\/elfsight.com\/de\/"},{"@type":"ListItem","position":2,"name":"Instagram Feed","item":"https:\/\/elfsight.com\/de\/instagram-feed-instashow\/"},{"@type":"ListItem","position":3,"name":"Instagram Feed &#8211; HTML"}]},{"@type":"WebSite","@id":"https:\/\/elfsight.com\/de\/#website","url":"https:\/\/elfsight.com\/de\/","name":"Elfsight DE","description":"Just another Elfsight Sites site","potentialAction":[{"@type":"SearchAction","target":{"@type":"EntryPoint","urlTemplate":"https:\/\/elfsight.com\/de\/?s={search_term_string}"},"query-input":{"@type":"PropertyValueSpecification","valueRequired":true,"valueName":"search_term_string"}}],"inLanguage":"de"}]}},"meta_box":{"industry":"","seo_heading":"","heading":"","description":"","cta_heading":"","cta_description":"","application":"14","h1":"Instagram-Feed-Widget f\u00fcr HTML","h1_caption":"F\u00fcgen Sie Beitr\u00e4ge von Ihrem Instagram-Konto oder per Hashtag hinzu und bieten Sie so die beste M\u00f6glichkeit, m\u00fchelos einen dynamischen Instagram-Feed auf Ihrer Website in Ihrer HTML-Website zu pr\u00e4sentieren.","application_category":[],"applications_title":"","applications_request_title":"","applications_request_button_text":"","hero_text":"","hero_video":"","hero_video_schema_markup":"","selling_points_title":"","selling_points_caption":"","selling_points":[],"selling_points_cta_text":"","features_title":"","features":"","ed_cta_examples_text":"","ed_cta_examples_hidden":"","ed_cta_demo_text":"","ed_cta_demo_hidden":"","why_caption":"","why_editor_title":"","why_editor_text":"","why_team_title":"","why_team_text":"","why_service_title":"","why_service_text":"","template_catalog_visible":"0","template_catalog_title":"","template_catalog_text":"","template_catalog_categories_visible":"","demo_title":"Erstellen Sie Ihr Instagram-Feed-Widget","demo_caption":"Konfigurieren Sie Ihren Instagram-Feed und f\u00fcgen Sie ihn kostenlos zu Ihrer HTML-Website hinzu!","default_faq_hidden":"","app_template_category":[],"platform":"260","template_public_id":"","codecanyon_url":"","codecanyon_item_id":"","codecanyon_price":"","pricing_caption":"","pricing_elfsight_apps_hide_column":"","pricing_elfsight_apps_url":"","pricing_codecanyon_price_caption":"","integration_category":[],"integration_request_title":"","integration_request_cta":"","integration_platform":"","integrations":[],"platform_category":[],"video_schema_markup":"","price":"ab 0 $ \/ Monat","trial":"","benefits":[{"text":"Kostenlose Installationshilfe"},{"text":"Effektiver Kundenservice"},{"text":"14-t\u00e4gige Geld-zur\u00fcck-Garantie"},{"text":"St\u00e4ndige Aktualisierung"}],"button_url":"#demo","button_target_blank":"0","button_nofollow":"0","attributes":[{"name":"Installiert","content":"100,000 - 500,000"},{"name":"Reaktionsfreudig","content":"Ja"},{"name":"Kompatible Browser","content":"Firefox, Safari, Opera, Chrome, Edge"}],"tags":[],"tags_disable_links":"0","hide_more_platforms":"","video_object":"","demo_hide_cta":"0","demo_hide_cloud_options":"0","pricing_title":"","pricing":[{"pricing_icon":"platform","pricing_title":"Elfsight Apps","pricing_title_caption":"Plattformunabh\u00e4ngige L\u00f6sung, die f\u00fcr jede Website geeignet ist","pricing_price":"ab 0 $ \/ Monat","pricing_price_caption":"Beginnen Sie mit einem kostenlosen Plan","pricing_benefits":[{"text":"Unbegrenzte Domains"},{"text":"Premium-Kundensupport"},{"text":"Kostenlose Installationsunterst\u00fctzung"},{"text":"Sonderangebot f\u00fcr mehrere Apps"}],"pricing_button_text":"Zur Website hinzuf\u00fcgen","pricing_button_url":"#demo"}],"related_apps_title":"","related_apps_hidden":"0","author":"","image":[],"title":"","job":"","social_networks":[]},"_links":{"self":[{"href":"https:\/\/elfsight.com\/de\/wp-json\/wp\/v2\/pages\/20651","targetHints":{"allow":["GET"]}}],"collection":[{"href":"https:\/\/elfsight.com\/de\/wp-json\/wp\/v2\/pages"}],"about":[{"href":"https:\/\/elfsight.com\/de\/wp-json\/wp\/v2\/types\/page"}],"author":[{"embeddable":true,"href":"https:\/\/elfsight.com\/de\/wp-json\/wp\/v2\/users\/9"}],"replies":[{"embeddable":true,"href":"https:\/\/elfsight.com\/de\/wp-json\/wp\/v2\/comments?post=20651"}],"version-history":[{"count":4,"href":"https:\/\/elfsight.com\/de\/wp-json\/wp\/v2\/pages\/20651\/revisions"}],"predecessor-version":[{"id":22386,"href":"https:\/\/elfsight.com\/de\/wp-json\/wp\/v2\/pages\/20651\/revisions\/22386"}],"up":[{"embeddable":true,"href":"https:\/\/elfsight.com\/de\/wp-json\/wp\/v2\/pages\/29"}],"wp:attachment":[{"href":"https:\/\/elfsight.com\/de\/wp-json\/wp\/v2\/media?parent=20651"}],"curies":[{"name":"wp","href":"https:\/\/api.w.org\/{rel}","templated":true}]}}