{"id":20646,"date":"2024-05-03T06:39:35","date_gmt":"2024-05-03T06:39:35","guid":{"rendered":"https:\/\/elfsight.com\/de\/?page_id=20646"},"modified":"2024-11-08T09:20:04","modified_gmt":"2024-11-08T09:20:04","slug":"joomla","status":"publish","type":"page","link":"https:\/\/elfsight.com\/de\/instagram-feed-instashow\/joomla\/","title":{"rendered":"Instagram Feed &#8211; Joomla"},"content":{"rendered":"\n<div class=\"application-platform-content-item-description application-platform-content-item\" id=\"description\" data-nav-section=\"description\">\n<h2>Instagram auf Joomla mit dem Elfsight-Modul einbetten<\/h2>\n<p>InstaShow ist ein effizientes Instagram-Plugin, das es erm\u00f6glicht, faszinierende Portfolios von Instagram-Fotos und Videoclips zu sammeln und sie auf Ihrer Website anzuzeigen. Es verf\u00fcgt \u00fcber die umfassendsten Anpassungsoptionen: alle Arten von Quellen zum Hinzuf\u00fcgen, Inhaltsfilter, mehr als 50 anpassbare Einstellungen, 10 Farbschemata und eine vollst\u00e4ndig auf verschiedene Ger\u00e4te reagierende Benutzeroberfl\u00e4che.<\/p>\n<p><b>Wenden Sie eine flexible und praktische L\u00f6sung an, um Leser Ihrer Website auf einen Blick anzulocken und zu beeindrucken.<\/b><\/p>\n<ul>\n<li><b>Erh\u00f6hen Sie Ihre Conversion-Rate<\/b>.<br>Zeigen Sie Ihre Produkte oder Dienstleistungen \u00fcber Bilder von Instagram nach Hashtags, Standorten, Profil oder einer erforderlichen URL, um die Verkaufseffizienz Ihrer Website zu steigern.<\/li>\n<li><b>Bewerben Sie Ihr Instagram-Profil<\/b>.<br>Bewerben Sie Ihr Konto in Instagram \u00fcber die Website, um mehr Leser mit Ihrem Konto vertraut zu machen und Ihre Fans zu gewinnen.<\/li>\n<li><b>Interagieren Sie mit einer gr\u00f6\u00dferen Anzahl von Benutzern<\/b>.<br>F\u00fcgen Sie Bilder von Instagram zu Ihrer Website hinzu. Mithilfe des Elfsight-Plugins werden sie die Aufmerksamkeit neuer Besucher auf sich ziehen, sie dazu verleiten, mehr zu sehen und l\u00e4nger auf der Seite zu bleiben.<\/li>\n<\/ul>\n<\/div>\n\n<div class=\"faq\" data-component=\"FAQ\">\n<div class=\"faq-item\">\r\n\t\t\t\t\t<div class=\"faq-item-question\">\r\n\t\t\t\t\t\t<h3 class=\"faq-item-question-text\">Kann ich das Instagram-Feed-Widget in Aktion testen?<\/h3>\r\n\r\n\t\t\t\t\t\t<div class=\"faq-item-question-icon\"><\/div>\r\n\t\t\t\t\t<\/div>\r\n\r\n\t\t\t\t\t<div class=\"faq-item-answer\">\r\n\t\t\t\t\t\t<div class=\"faq-item-answer-text\">\n<p>Ja, und Sie m\u00fcssen sich nicht einmal registrieren. Sie k\u00f6nnen Ihr erstes Joomla-Instagram-Modul kostenlos in einer interaktiven visuellen <a href=\"#demo\">Demo<\/a> erstellen. Und das Beste: Direkt nach der Erstellung k\u00f6nnen Sie alle Funktionen auf Ihrer Website testen \u2013 und das kostenlos.<\/p>\n<\/div>\r\n\t\t\t\t\t<\/div>\r\n\t\t\t\t<\/div>\n\n<div class=\"faq-item\">\r\n\t\t\t\t\t<div class=\"faq-item-question\">\r\n\t\t\t\t\t\t<h3 class=\"faq-item-question-text\">Wie bette ich den Instagram-Feed kostenlos in Joomla ein?<\/h3>\r\n\r\n\t\t\t\t\t\t<div class=\"faq-item-question-icon\"><\/div>\r\n\t\t\t\t\t<\/div>\r\n\r\n\t\t\t\t\t<div class=\"faq-item-answer\">\r\n\t\t\t\t\t\t<div class=\"faq-item-answer-text\">\n<p>Das Einbetten eines Instagram-Feeds in Ihre Joomla-Website ist eine au\u00dfergew\u00f6hnliche Strategie, um Ihre neuesten Beitr\u00e4ge zu pr\u00e4sentieren und die Besucherbeteiligung zu steigern.<\/p>\n<ol>\n<li>Um einen Elfsight-Instagram-Feed kostenlos auf Joomla einzubetten, besuchen Sie die Elfsight-Website und richten Sie ein kostenloses Konto ein.<\/li>\n<li>Nutzen Sie das kostenlose Instagram-Widget, indem Sie dessen Erscheinungsbild und Einstellungen an den visuellen Stil Ihrer Joomla-Site anpassen.<\/li>\n<li>Nachdem Sie Ihren Instagram-Feed kostenlos verfeinert haben, kopieren Sie den einzigartigen Einbettungscode und f\u00fcgen Sie ihn in den HTML-Code Ihrer Joomla-Seite dort ein, wo der Feed angezeigt werden soll.<\/li>\n<\/ol>\n<p>Durch das Einf\u00fcgen Ihres Instagram-Feeds in Ihre Joomla-Website steigern Sie ihre visuelle Anziehungskraft und f\u00f6rdern ein nachhaltiges Besucherengagement. Nutzen Sie die Vorteile des Elfsight Instagram-Widgets, ohne einen Cent auszugeben!<\/p>\n<\/div>\r\n\t\t\t\t\t<\/div>\r\n\t\t\t\t<\/div>\n\n<div class=\"faq-item\">\r\n\t\t\t\t\t<div class=\"faq-item-question\">\r\n\t\t\t\t\t\t<h3 class=\"faq-item-question-text\">Gibt es eine M\u00f6glichkeit, Instagram-Feeds ohne Codierung in meine Joomla-Website einzubetten?<\/h3>\r\n\r\n\t\t\t\t\t\t<div class=\"faq-item-question-icon\"><\/div>\r\n\t\t\t\t\t<\/div>\r\n\r\n\t\t\t\t\t<div class=\"faq-item-answer\">\r\n\t\t\t\t\t\t<div class=\"faq-item-answer-text\">\n<p>Das Unternehmen Elfsight bietet eine Cloud-L\u00f6sung an, die es Menschen erm\u00f6glicht, selbst einen Instagram-Feed-Bereich zu erstellen. Entdecken Sie die einfachen Schritte: <\/p>\n<ul>\n<li>Arbeiten Sie in der Online-Demo, um einen Instagram-Feed-Bereich zu erstellen, den Sie auf der Joomla-Webseite einbetten m\u00f6chten.<\/li>\n<li>W\u00e4hlen Sie eine der vorgefertigten Vorlagen aus und \u00e4ndern Sie die Instagram-Feed-Einstellungen, f\u00fcgen Sie Ihre Inhalte ein, \u00e4ndern Sie das Layout und die Farbe der Elemente \u2013 alles ohne Programmierkenntnisse.<\/li>\n<li>Speichern Sie die von Ihnen vorgenommenen Einstellungen im Instagram-Feed und kopieren Sie den Plugin-Code zur Installation, der mit einem kostenlosen Plan einfach in Ihre Joomla-Website eingebettet werden kann.<\/li>\n<\/ul>\n<p>Mit unserem unkomplizierten Konfigurator kann jeder Internetnutzer eine Instagram-Feed-App einrichten und problemlos zur Joomla-Homepage hinzuf\u00fcgen. Sie m\u00fcssen weder bezahlen noch Ihre Kartendaten einreichen, um auf den Editor zuzugreifen. Wenn Sie auf Probleme jeglicher Art sto\u00dfen, wenden Sie sich bitte an unseren technischen Support.<\/p>\n<\/div>\r\n\t\t\t\t\t<\/div>\r\n\t\t\t\t<\/div>\n<\/div>\n\n<div class=\"application-platform-content-item-features application-platform-content-item\" id=\"features\" data-nav-section=\"features\">\n<h2>Hauptfunktionen von Instagram Feed-Plugin<\/h2>\n<p>Die charakteristischen Merkmale unseres Plugins, die es zum besten Joomla-Tool zum Hinzuf\u00fcgen von Instagram-Feeds zu einer Website machen:<\/p>\n<ul>\n<li>Verwenden Sie eine unbegrenzte Anzahl von Quellen zur Anzeige auf Ihrer Website;<\/li>\n<li>2 gebrauchsfertige Feed-Layouts: Slider und Grid;<\/li>\n<li>Z\u00e4hler f\u00fcr Likes und Kommentare;<\/li>\n<li>Anpassbare Farben f\u00fcr Hintergrund, Text und Schaltfl\u00e4chen und mehr;<\/li>\n<li>Einstellbare Geschwindigkeit des Schiebereglers;<\/li>\n<li>Die Erstellung und Anpassung des Joomla-Instagram-Moduls ist v\u00f6llig kostenlos.<\/li>\n<\/ul>\n<p><a href=\"#demo\">Weitere Optionen im Elfsight-Editor<\/a><\/p>\n<\/div>\n\n<div class=\"application-platform-content-item-installation application-platform-content-item\" id=\"installation\" data-nav-section=\"installation\">\n<h2>So f\u00fcgen Sie die Instagram-Erweiterung zur Joomla-Website hinzu<\/h2>\n<div class=\"video-container\"><iframe width=\"720\" height=\"405\" src=\"https:\/\/www.youtube.com\/embed\/z7VUkpjaFU8\" frameborder=\"0\" allowfullscreen=\"\"><\/iframe><\/div>\n<p>Befolgen Sie einfach die unten beschriebenen Schritte, um mit der Verwendung der Erweiterung auf Joomla zu beginnen.<\/p>\n<ol>\n<li><b>Starten Sie unseren kostenlosen Editor und beginnen Sie mit der Erstellung Ihrer benutzerdefinierten Instagram-Feed-Erweiterung.<\/b><br> W\u00e4hlen Sie das benutzerdefinierte Layout und die Aspekte des Plugins und speichern Sie die \u00c4nderungen.<\/li>\n<li><b>Erhalten Sie den einzigartigen Code, der im speziellen Formular auf Elfsight Apps angezeigt wird.<\/b><br> Sobald die Einrichtung Ihrer pers\u00f6nlichen Erweiterung abgeschlossen ist, kopieren Sie den exklusiven Code in das angezeigte Feld und bewahren Sie ihn f\u00fcr zuk\u00fcnftige Gelegenheiten auf.<\/li>\n<li><b>Beginnen Sie mit der Verwendung des Tools auf Ihrer Joomla-Site.<\/b><br> Integrieren Sie den zuletzt gespeicherten Code in Ihre Website und speichern Sie die \u00c4nderungen.<\/li>\n<li><b>Die Installation wurde erfolgreich abgeschlossen.<\/b><br> Besuchen Sie Ihre Website, um die Funktionsweise des Tools zu sehen.<\/li>\n<\/ol>\n<p>Sind beim Versuch, das Joomla-Instagram-Feed-Modul anzuzeigen, Probleme aufgetreten? Kontaktieren Sie unseren Kundensupport.<\/p>\n<\/div>\n","protected":false},"excerpt":{"rendered":"","protected":false},"author":9,"featured_media":0,"parent":29,"menu_order":0,"comment_status":"closed","ping_status":"closed","template":"templates\/template-application-platform.php","meta":{"publish_to_discourse":"","publish_post_category":"","wpdc_auto_publish_overridden":"","wpdc_topic_tags":"","wpdc_pin_topic":"","wpdc_pin_until":"","discourse_post_id":"","discourse_permalink":"","wpdc_publishing_response":"","wpdc_publishing_error":"","footnotes":""},"class_list":["post-20646","page","type-page","status-publish","hentry"],"yoast_head":"<!-- This site is optimized with the Yoast SEO plugin v25.3.1 - https:\/\/yoast.com\/wordpress\/plugins\/seo\/ -->\n<title>Betten Sie den Instagram-Feed auf Joomla mit einem Modul ein \u2013 f\u00fcgen Sie Instagram in 2 Minuten zur Website hinzu!<\/title>\n<meta name=\"description\" content=\"Probieren Sie jetzt das Premium-Instagram-Plugin f\u00fcr die Joomla-Website aus! Erstellen Sie in nur 1 Minute Ihren eigenen Instagram-Feed auf Elfsight.\" \/>\n<meta name=\"robots\" content=\"index, follow, max-snippet:-1, max-image-preview:large, max-video-preview:-1\" \/>\n<link rel=\"canonical\" href=\"https:\/\/elfsight.com\/de\/instagram-feed-instashow\/joomla\/\" \/>\n<meta property=\"og:locale\" content=\"de_DE\" \/>\n<meta property=\"og:type\" content=\"article\" \/>\n<meta property=\"og:title\" content=\"Betten Sie den Instagram-Feed auf Joomla mit einem Modul ein \u2013 f\u00fcgen Sie Instagram in 2 Minuten zur Website hinzu!\" \/>\n<meta property=\"og:description\" content=\"Probieren Sie jetzt das Premium-Instagram-Plugin f\u00fcr die Joomla-Website aus! Erstellen Sie in nur 1 Minute Ihren eigenen Instagram-Feed auf Elfsight.\" \/>\n<meta property=\"og:url\" content=\"https:\/\/elfsight.com\/de\/instagram-feed-instashow\/joomla\/\" \/>\n<meta property=\"og:site_name\" content=\"Elfsight DE\" \/>\n<meta property=\"article:modified_time\" content=\"2024-11-08T09:20:04+00:00\" \/>\n<meta name=\"twitter:card\" content=\"summary_large_image\" \/>\n<meta name=\"twitter:label1\" content=\"Gesch\u00e4tzte Lesezeit\" \/>\n\t<meta name=\"twitter:data1\" content=\"5\u00a0Minuten\" \/>\n<!-- \/ Yoast SEO plugin. -->","yoast_head_json":{"title":"Betten Sie den Instagram-Feed auf Joomla mit einem Modul ein \u2013 f\u00fcgen Sie Instagram in 2 Minuten zur Website hinzu!","description":"Probieren Sie jetzt das Premium-Instagram-Plugin f\u00fcr die Joomla-Website aus! Erstellen Sie in nur 1 Minute Ihren eigenen Instagram-Feed auf Elfsight.","robots":{"index":"index","follow":"follow","max-snippet":"max-snippet:-1","max-image-preview":"max-image-preview:large","max-video-preview":"max-video-preview:-1"},"canonical":"https:\/\/elfsight.com\/de\/instagram-feed-instashow\/joomla\/","og_locale":"de_DE","og_type":"article","og_title":"Betten Sie den Instagram-Feed auf Joomla mit einem Modul ein \u2013 f\u00fcgen Sie Instagram in 2 Minuten zur Website hinzu!","og_description":"Probieren Sie jetzt das Premium-Instagram-Plugin f\u00fcr die Joomla-Website aus! Erstellen Sie in nur 1 Minute Ihren eigenen Instagram-Feed auf Elfsight.","og_url":"https:\/\/elfsight.com\/de\/instagram-feed-instashow\/joomla\/","og_site_name":"Elfsight DE","article_modified_time":"2024-11-08T09:20:04+00:00","twitter_card":"summary_large_image","twitter_misc":{"Gesch\u00e4tzte Lesezeit":"5\u00a0Minuten"},"schema":{"@context":"https:\/\/schema.org","@graph":[{"@type":"WebPage","@id":"https:\/\/elfsight.com\/de\/instagram-feed-instashow\/joomla\/","url":"https:\/\/elfsight.com\/de\/instagram-feed-instashow\/joomla\/","name":"Betten Sie den Instagram-Feed auf Joomla mit einem Modul ein \u2013 f\u00fcgen Sie Instagram in 2 Minuten zur Website hinzu!","isPartOf":{"@id":"https:\/\/elfsight.com\/de\/#website"},"datePublished":"2024-05-03T06:39:35+00:00","dateModified":"2024-11-08T09:20:04+00:00","description":"Probieren Sie jetzt das Premium-Instagram-Plugin f\u00fcr die Joomla-Website aus! Erstellen Sie in nur 1 Minute Ihren eigenen Instagram-Feed auf Elfsight.","breadcrumb":{"@id":"https:\/\/elfsight.com\/de\/instagram-feed-instashow\/joomla\/#breadcrumb"},"inLanguage":"de","potentialAction":[{"@type":"ReadAction","target":["https:\/\/elfsight.com\/de\/instagram-feed-instashow\/joomla\/"]}]},{"@type":"BreadcrumbList","@id":"https:\/\/elfsight.com\/de\/instagram-feed-instashow\/joomla\/#breadcrumb","itemListElement":[{"@type":"ListItem","position":1,"name":"Home","item":"https:\/\/elfsight.com\/de\/"},{"@type":"ListItem","position":2,"name":"Instagram Feed","item":"https:\/\/elfsight.com\/de\/instagram-feed-instashow\/"},{"@type":"ListItem","position":3,"name":"Instagram Feed &#8211; Joomla"}]},{"@type":"WebSite","@id":"https:\/\/elfsight.com\/de\/#website","url":"https:\/\/elfsight.com\/de\/","name":"Elfsight DE","description":"Just another Elfsight Sites site","potentialAction":[{"@type":"SearchAction","target":{"@type":"EntryPoint","urlTemplate":"https:\/\/elfsight.com\/de\/?s={search_term_string}"},"query-input":{"@type":"PropertyValueSpecification","valueRequired":true,"valueName":"search_term_string"}}],"inLanguage":"de"}]}},"meta_box":{"industry":"","seo_heading":"","heading":"","description":"","cta_heading":"","cta_description":"","application":"14","h1":"Instagram-Feed-Widget f\u00fcr Joomla","h1_caption":"F\u00fcgen Sie Beitr\u00e4ge von Ihrem Instagram-Konto oder per Hashtag hinzu und bieten Sie so die beste M\u00f6glichkeit, m\u00fchelos einen dynamischen Instagram-Feed auf Ihrer Website in Ihrer Joomla-Website zu pr\u00e4sentieren.","application_category":[],"applications_title":"","applications_request_title":"","applications_request_button_text":"","hero_text":"","hero_video":"","hero_video_schema_markup":"","selling_points_title":"","selling_points_caption":"","selling_points":[],"selling_points_cta_text":"","features_title":"","features":"","ed_cta_examples_text":"","ed_cta_examples_hidden":"","ed_cta_demo_text":"","ed_cta_demo_hidden":"","why_caption":"","why_editor_title":"","why_editor_text":"","why_team_title":"","why_team_text":"","why_service_title":"","why_service_text":"","template_catalog_visible":"0","template_catalog_title":"","template_catalog_text":"","template_catalog_categories_visible":"","demo_title":"Erstellen Sie Ihr Instagram-Feed-Plugin","demo_caption":"Konfigurieren Sie Ihren Instagram-Feed und f\u00fcgen Sie ihn kostenlos zu Ihrer Joomla-Website hinzu!","default_faq_hidden":"","app_template_category":[],"platform":"259","template_public_id":"","codecanyon_url":"","codecanyon_item_id":"","codecanyon_price":"","pricing_caption":"","pricing_elfsight_apps_hide_column":"","pricing_elfsight_apps_url":"","pricing_codecanyon_price_caption":"","integration_category":[],"integration_request_title":"","integration_request_cta":"","integration_platform":"","integrations":[],"platform_category":[],"video_schema_markup":"","price":"ab 0 $ \/ Monat","trial":"","benefits":[{"text":"Kostenloser Installationsservice"},{"text":"Kompetenter Kundensupport"},{"text":"14-t\u00e4gige R\u00fcckerstattungsgarantie"},{"text":"Fortlaufende Entwicklung"}],"button_url":"#demo","button_target_blank":"0","button_nofollow":"0","attributes":[{"name":"Installiert","content":"100,000 - 500,000"},{"name":"Reaktionsfreudig","content":"Ja"},{"name":"Kompatible Browser","content":"Firefox, Safari, Opera, Chrome, Edge"}],"tags":[],"tags_disable_links":"0","hide_more_platforms":"","video_object":"","demo_hide_cta":"0","demo_hide_cloud_options":"0","pricing_title":"","pricing":[{"pricing_icon":"platform","pricing_title":"Elfsight Apps","pricing_title_caption":"Plattform\u00fcbergreifende Software, die f\u00fcr jede Website geeignet ist","pricing_price":"ab 0 $ \/ Monat","pricing_price_caption":"Beginnen Sie mit einem kostenlosen Plan","pricing_benefits":[{"text":"Unbegrenzte Domains"},{"text":"Premium-Unternehmensunterst\u00fctzung"},{"text":"Kostenlose Installationshilfe"},{"text":"Preis f\u00fcr mehrere Apps"}],"pricing_button_text":"Zur Website hinzuf\u00fcgen","pricing_button_url":"#demo"}],"related_apps_title":"","related_apps_hidden":"0","author":"","image":[],"title":"","job":"","social_networks":[]},"_links":{"self":[{"href":"https:\/\/elfsight.com\/de\/wp-json\/wp\/v2\/pages\/20646","targetHints":{"allow":["GET"]}}],"collection":[{"href":"https:\/\/elfsight.com\/de\/wp-json\/wp\/v2\/pages"}],"about":[{"href":"https:\/\/elfsight.com\/de\/wp-json\/wp\/v2\/types\/page"}],"author":[{"embeddable":true,"href":"https:\/\/elfsight.com\/de\/wp-json\/wp\/v2\/users\/9"}],"replies":[{"embeddable":true,"href":"https:\/\/elfsight.com\/de\/wp-json\/wp\/v2\/comments?post=20646"}],"version-history":[{"count":4,"href":"https:\/\/elfsight.com\/de\/wp-json\/wp\/v2\/pages\/20646\/revisions"}],"predecessor-version":[{"id":22384,"href":"https:\/\/elfsight.com\/de\/wp-json\/wp\/v2\/pages\/20646\/revisions\/22384"}],"up":[{"embeddable":true,"href":"https:\/\/elfsight.com\/de\/wp-json\/wp\/v2\/pages\/29"}],"wp:attachment":[{"href":"https:\/\/elfsight.com\/de\/wp-json\/wp\/v2\/media?parent=20646"}],"curies":[{"name":"wp","href":"https:\/\/api.w.org\/{rel}","templated":true}]}}