{"id":20644,"date":"2024-05-03T06:39:30","date_gmt":"2024-05-03T06:39:30","guid":{"rendered":"https:\/\/elfsight.com\/de\/?page_id=20644"},"modified":"2025-11-13T14:17:23","modified_gmt":"2025-11-13T14:17:23","slug":"elementor","status":"publish","type":"page","link":"https:\/\/elfsight.com\/de\/instagram-feed-instashow\/elementor\/","title":{"rendered":"Instagram Feed &#8211; Elementor"},"content":{"rendered":"\n<div class=\"application-platform-content-item-description application-platform-content-item\" id=\"description\" data-nav-section=\"description\">\n<h2>Einbettung von Instagram in Elementor durch das Elfsights-Plugin<\/h2>\n<p>InstaShow ist ein leistungsstarkes Instagram-Plugin, das beim Einrichten gro\u00dfartiger Galerien von Instagram-Bildern und -Videos hilft. Eine Vielzahl von M\u00f6glichkeiten zur individuellen Gestaltung Ihres eigenen Profils: alle Arten von Quellen, Moderation von Inhalten, mehr als 70 adaptive Funktionen und 10 Designschemata und vollst\u00e4ndig adaptiv f\u00fcr alle Ger\u00e4te. Dieses Plugin hilft Ihnen, \u00fcber Elementor \u2013 den visuellen Editor f\u00fcr das CMS \u2013 Instagram-Feeds zu WordPress hinzuzuf\u00fcgen.<\/p>\n<p><b>Steigern Sie Ihren Umsatz mit trendigen, \u00fcberzeugenden Bildern<\/b>.<br> Nutzen Sie Fotos von Instagram \u2013 das n\u00fctzlichste Medium, um Ihre Angebote oder Dienstleistungen zu bewerben und den Umsatz auf der Website zu steigern.<\/p>\n<p><b>Neue Fans auf Instagram<\/b>.<br> Richten Sie zus\u00e4tzliche Links mit einem Aufruf zur Handlung ein, um ein Abonnement zu erhalten und die Anzahl der Fans Ihres Instagram-Profils zu verdoppeln.<\/p>\n<p><b>Mehr Engagement<\/b>.<br> Beeindrucken Sie Besucher und schaffen Sie mehr Besuchereindr\u00fccke, indem Sie Inhalte von Instagram verwenden, die intensiveres Engagement haben.<\/p>\n<\/div>\n\n<div class=\"faq\" data-component=\"FAQ\">\n<div class=\"faq-item\">\r\n\t\t\t\t\t<div class=\"faq-item-question\">\r\n\t\t\t\t\t\t<h3 class=\"faq-item-question-text\">Kann ich das Instagram-Feed-Widget in Aktion testen?<\/h3>\r\n\r\n\t\t\t\t\t\t<div class=\"faq-item-question-icon\"><\/div>\r\n\t\t\t\t\t<\/div>\r\n\r\n\t\t\t\t\t<div class=\"faq-item-answer\">\r\n\t\t\t\t\t\t<div class=\"faq-item-answer-text\">\n<p>Ja, Sie k\u00f6nnen die Funktionalit\u00e4t des Widgets in einer kostenlosen Live-<a href=\"#demo\">Demo<\/a> erkunden. Wir bieten Ihnen die M\u00f6glichkeit, dies direkt auf unserer Website zu tun, ohne ein eigenes Konto zu erstellen oder eine Kreditkarte zu verwenden.<\/p>\n<\/div>\r\n\t\t\t\t\t<\/div>\r\n\t\t\t\t<\/div>\n\n<div class=\"faq-item\">\r\n\t\t\t\t\t<div class=\"faq-item-question\">\r\n\t\t\t\t\t\t<h3 class=\"faq-item-question-text\">Auf welche Weise kann ich Instagram-Feeds in meine Elementor-Website einbetten, ohne Programmierkenntnisse?<\/h3>\r\n\r\n\t\t\t\t\t\t<div class=\"faq-item-question-icon\"><\/div>\r\n\t\t\t\t\t<\/div>\r\n\r\n\t\t\t\t\t<div class=\"faq-item-answer\">\r\n\t\t\t\t\t\t<div class=\"faq-item-answer-text\">\n<p>Mit dem unkomplizierten Konfigurator kann jeder Webbenutzer einen Instagram-Feed erstellen und ihn einfach auf der Elementor-Site einf\u00fcgen. Sie m\u00fcssen weder bezahlen noch Ihre Kartendaten eingeben, um auf unseren Editor zuzugreifen. Wenn Sie bei irgendeinem Schritt auf Probleme sto\u00dfen, wenden Sie sich bitte an unsere Mitarbeiter des technischen Supports.<\/p>\n<ul>\n<li>Starten Sie den kostenlosen Konfigurator und erstellen Sie einen Instagram-Feed, den Sie in Ihre Elementor-Site einbetten m\u00f6chten.<\/li>\n<li>Klicken Sie auf eine der vorgefertigten Vorlagen und optimieren Sie die Instagram-Feed-Einstellungen, \u00e4ndern Sie das Layout und die Farben, und f\u00fcgen Sie Ihre Inhalte hinzu. Keine Programmierkenntnisse erforderlich.<\/li>\n<li>Klicken Sie, um den Instagram-Feed zu speichern und den Installationscode zu erhalten, der m\u00fchelos und kostenlos in die Elementor-Site eingef\u00fcgt werden kann.<\/li>\n<\/ul>\n<\/div>\r\n\t\t\t\t\t<\/div>\r\n\t\t\t\t<\/div>\n\n<div class=\"faq-item\">\r\n\t\t\t\t\t<div class=\"faq-item-question\">\r\n\t\t\t\t\t\t<h3 class=\"faq-item-question-text\">Wie bette ich Instagram-Feeds kostenlos in Elementor ein?<\/h3>\r\n\r\n\t\t\t\t\t\t<div class=\"faq-item-question-icon\"><\/div>\r\n\t\t\t\t\t<\/div>\r\n\r\n\t\t\t\t\t<div class=\"faq-item-answer\">\r\n\t\t\t\t\t\t<div class=\"faq-item-answer-text\">\n<p>Die Pr\u00e4sentation eines Instagram-Feeds auf Ihrer Website ist eine hervorragende Methode, um Ihre neuesten Beitr\u00e4ge anzuzeigen und Ihr Publikum zu fesseln.<\/p>\n<ol>\n<li>Um einen Elfsight-Instagram-Feed kostenlos auf Elementor einzubetten, besuchen Sie zun\u00e4chst die Elfsight-Website und melden Sie sich f\u00fcr ein kostenloses Konto an.<\/li>\n<li>Nutzen Sie das kostenlose Instagram-Widget, indem Sie dessen Erscheinungsbild und Einstellungen an die \u00c4sthetik Ihrer Elementor-Website anpassen.<\/li>\n<li>Nachdem Sie Ihren Instagram-Feed kostenlos perfektioniert haben, kopieren Sie den einzigartigen Einbettungscode und f\u00fcgen Sie ihn dort in den HTML-Code Ihrer Website ein, wo der Feed sichtbar sein soll.<\/li>\n<\/ol>\n<p>Mit der Hinzuf\u00fcgung Ihres Instagram-Feeds auf Ihrer Elementor-Website werden Sie einen Mehrwert schaffen, das visuelle Interesse steigern und gleichzeitig Ihre Besucher fesseln. Entdecken Sie die Vorteile des Elfsight Instagram-Widgets v\u00f6llig kostenlos!<\/p>\n<\/div>\r\n\t\t\t\t\t<\/div>\r\n\t\t\t\t<\/div>\n<\/div>\n\n<div class=\"application-platform-content-item-features application-platform-content-item\" id=\"features\" data-nav-section=\"features\">\n<h2>Hauptfunktionen des Instagram-Feed-Plugins<\/h2>\n<p>Die Funktionen des Elementor Instagram-Plugins, die es zum besten Tool f\u00fcr die Integration des Feeds in eine Website machen:<\/p>\n<ul>\n<li>Inhalte nach URL, Hashtags und Benutzernamen hinzuf\u00fcgen;<\/li>\n<li>Variabler Zwischenraum;<\/li>\n<li>9 optionale Popup-Elemente;<\/li>\n<li>Anpassbarer Feed-Titel;<\/li>\n<li>Option zum Festlegen der Cache-Zeit.<\/li>\n<\/ul>\n<p><a href=\"#demo\">Testen Sie alle Optionen in der Elfsight-Demo<\/a><\/p>\n<p>Wenn Sie den Instagram-Feed zu Elementor hinzuf\u00fcgen, erhalten Sie viel Gutes. Vorgefertigte Vorlagen, die Sie unver\u00e4ndert verwenden oder nach Ihren W\u00fcnschen anpassen k\u00f6nnen. Auf jeden Fall sehen sie umwerfend und einzigartig aus. Dar\u00fcber hinaus wird das Widget selbst zu einer wundersch\u00f6nen Fotogalerie, die Ihre Webseiten schm\u00fcckt. Schlie\u00dflich m\u00fcssen Sie die Instagram Developer API nicht erlernen, da Sie die Galerie in einem visuellen Editor erstellen.<\/p>\n<\/div>\n\n<div class=\"application-platform-content-item-installation application-platform-content-item\" id=\"installation\" data-nav-section=\"installation\">\n<h2>So f\u00fcgen Sie Instagram-Feed zu Elementor-Websites hinzu<\/h2>\n<div class=\"video-container\">\n<iframe width=\"720\" height=\"405\" src=\"https:\/\/www.youtube.com\/embed\/_jsK2ivDIlY?si=iCNFzkTGjdBYNLU7\" frameborder=\"0\" allowfullscreen=\"\"><\/iframe>\n<\/div>\n<p>Lesen Sie unsere kurze Anleitung zum Einbetten und Gestalten des Plugins. Die durchschnittliche Installationszeit betr\u00e4gt nicht mehr als 2 Minuten. Dar\u00fcber hinaus sind keine Kenntnisse in der Webentwicklung erforderlich. Sie k\u00f6nnen alle Funktionen von <a href=\"https:\/\/elfsight.com\/blog\/how-to-embed-instagram-feed-on-website\/\">Instagram Feed<\/a> testen und auf einer Website installieren \u2013 kostenlos! So geht&#8217;s:<\/p>\n<ol>\n<li><b>Gestalten Sie Ihren individuellen Instagram-Feed<\/b><br> Erstellen Sie in unserem kostenlosen Konfigurator ein Plugin, w\u00e4hlen Sie das Layout aus, f\u00fcgen Sie Quellen hinzu und andere Optionen.<\/li>\n<li><b>Erhalten Sie Ihren eindeutigen Code zum Einbetten des Plugins<\/b><br> Nachdem Sie das Widget konfiguriert haben, erhalten Sie Ihren eindeutigen Code f\u00fcr das Instagram-Plugin \u00fcber die Popup-Benachrichtigung auf Elfsight Apps.<\/li>\n<li><b>Plugin auf der Elementor-Website platzieren<\/b><br> F\u00fcgen Sie das Plugin im gew\u00fcnschten Bereich der Seite hinzu und ver\u00f6ffentlichen Sie die \u00c4nderungen.<\/li>\n<li><b>Fertig!<\/b><br> Besuchen Sie Ihre Website, um Ihr Plugin zu \u00fcberpr\u00fcfen.<\/li>\n<\/ol>\n<p>Haben Sie Fragen zur Anzeige des Plugins oder zur Personalisierung Ihres Instagram-Feeds? Kontaktieren Sie unseren Support.<\/p>\n<\/div>\n","protected":false},"excerpt":{"rendered":"","protected":false},"author":9,"featured_media":0,"parent":29,"menu_order":0,"comment_status":"closed","ping_status":"closed","template":"templates\/template-application-platform.php","meta":{"publish_to_discourse":"","publish_post_category":"","wpdc_auto_publish_overridden":"","wpdc_topic_tags":"","wpdc_pin_topic":"","wpdc_pin_until":"","discourse_post_id":"","discourse_permalink":"","wpdc_publishing_response":"","wpdc_publishing_error":"","footnotes":""},"class_list":["post-20644","page","type-page","status-publish","hentry"],"yoast_head":"<!-- This site is optimized with the Yoast SEO plugin v25.3.1 - https:\/\/yoast.com\/wordpress\/plugins\/seo\/ -->\n<title>Instagram-Feed-Plugin f\u00fcr Elementor \u2013 F\u00fcgen Sie Instagram kostenlos zu einer Website hinzu!<\/title>\n<meta name=\"description\" content=\"Erfahren Sie, wie Sie kostenlos Instagram-Feeds zur Elementor-Website hinzuf\u00fcgen. Probieren Sie das beste Elementor-Instagram-Widget aus, um Bilder und Videos zu einer Website hinzuzuf\u00fcgen.\" \/>\n<meta name=\"robots\" content=\"index, follow, max-snippet:-1, max-image-preview:large, max-video-preview:-1\" \/>\n<link rel=\"canonical\" href=\"https:\/\/elfsight.com\/de\/instagram-feed-instashow\/elementor\/\" \/>\n<meta property=\"og:locale\" content=\"de_DE\" \/>\n<meta property=\"og:type\" content=\"article\" \/>\n<meta property=\"og:title\" content=\"Instagram-Feed-Plugin f\u00fcr Elementor \u2013 F\u00fcgen Sie Instagram kostenlos zu einer Website hinzu!\" \/>\n<meta property=\"og:description\" content=\"Erfahren Sie, wie Sie kostenlos Instagram-Feeds zur Elementor-Website hinzuf\u00fcgen. Probieren Sie das beste Elementor-Instagram-Widget aus, um Bilder und Videos zu einer Website hinzuzuf\u00fcgen.\" \/>\n<meta property=\"og:url\" content=\"https:\/\/elfsight.com\/de\/instagram-feed-instashow\/elementor\/\" \/>\n<meta property=\"og:site_name\" content=\"Elfsight DE\" \/>\n<meta property=\"article:modified_time\" content=\"2025-11-13T14:17:23+00:00\" \/>\n<meta name=\"twitter:card\" content=\"summary_large_image\" \/>\n<meta name=\"twitter:label1\" content=\"Gesch\u00e4tzte Lesezeit\" \/>\n\t<meta name=\"twitter:data1\" content=\"5\u00a0Minuten\" \/>\n<!-- \/ Yoast SEO plugin. -->","yoast_head_json":{"title":"Instagram-Feed-Plugin f\u00fcr Elementor \u2013 F\u00fcgen Sie Instagram kostenlos zu einer Website hinzu!","description":"Erfahren Sie, wie Sie kostenlos Instagram-Feeds zur Elementor-Website hinzuf\u00fcgen. Probieren Sie das beste Elementor-Instagram-Widget aus, um Bilder und Videos zu einer Website hinzuzuf\u00fcgen.","robots":{"index":"index","follow":"follow","max-snippet":"max-snippet:-1","max-image-preview":"max-image-preview:large","max-video-preview":"max-video-preview:-1"},"canonical":"https:\/\/elfsight.com\/de\/instagram-feed-instashow\/elementor\/","og_locale":"de_DE","og_type":"article","og_title":"Instagram-Feed-Plugin f\u00fcr Elementor \u2013 F\u00fcgen Sie Instagram kostenlos zu einer Website hinzu!","og_description":"Erfahren Sie, wie Sie kostenlos Instagram-Feeds zur Elementor-Website hinzuf\u00fcgen. Probieren Sie das beste Elementor-Instagram-Widget aus, um Bilder und Videos zu einer Website hinzuzuf\u00fcgen.","og_url":"https:\/\/elfsight.com\/de\/instagram-feed-instashow\/elementor\/","og_site_name":"Elfsight DE","article_modified_time":"2025-11-13T14:17:23+00:00","twitter_card":"summary_large_image","twitter_misc":{"Gesch\u00e4tzte Lesezeit":"5\u00a0Minuten"},"schema":{"@context":"https:\/\/schema.org","@graph":[{"@type":"WebPage","@id":"https:\/\/elfsight.com\/de\/instagram-feed-instashow\/elementor\/","url":"https:\/\/elfsight.com\/de\/instagram-feed-instashow\/elementor\/","name":"Instagram-Feed-Plugin f\u00fcr Elementor \u2013 F\u00fcgen Sie Instagram kostenlos zu einer Website hinzu!","isPartOf":{"@id":"https:\/\/elfsight.com\/de\/#website"},"datePublished":"2024-05-03T06:39:30+00:00","dateModified":"2025-11-13T14:17:23+00:00","description":"Erfahren Sie, wie Sie kostenlos Instagram-Feeds zur Elementor-Website hinzuf\u00fcgen. Probieren Sie das beste Elementor-Instagram-Widget aus, um Bilder und Videos zu einer Website hinzuzuf\u00fcgen.","breadcrumb":{"@id":"https:\/\/elfsight.com\/de\/instagram-feed-instashow\/elementor\/#breadcrumb"},"inLanguage":"de","potentialAction":[{"@type":"ReadAction","target":["https:\/\/elfsight.com\/de\/instagram-feed-instashow\/elementor\/"]}]},{"@type":"BreadcrumbList","@id":"https:\/\/elfsight.com\/de\/instagram-feed-instashow\/elementor\/#breadcrumb","itemListElement":[{"@type":"ListItem","position":1,"name":"Home","item":"https:\/\/elfsight.com\/de\/"},{"@type":"ListItem","position":2,"name":"Instagram Feed","item":"https:\/\/elfsight.com\/de\/instagram-feed-instashow\/"},{"@type":"ListItem","position":3,"name":"Instagram Feed &#8211; Elementor"}]},{"@type":"WebSite","@id":"https:\/\/elfsight.com\/de\/#website","url":"https:\/\/elfsight.com\/de\/","name":"Elfsight DE","description":"Just another Elfsight Sites site","potentialAction":[{"@type":"SearchAction","target":{"@type":"EntryPoint","urlTemplate":"https:\/\/elfsight.com\/de\/?s={search_term_string}"},"query-input":{"@type":"PropertyValueSpecification","valueRequired":true,"valueName":"search_term_string"}}],"inLanguage":"de"}]}},"meta_box":{"industry":"","seo_heading":"","heading":"","description":"","cta_heading":"","cta_description":"","application":"14","h1":"Elementor Instagram Feed-Widget","h1_caption":"F\u00fcgen Sie Beitr\u00e4ge von Ihrem Instagram-Konto oder per Hashtag hinzu und bieten Sie so die beste M\u00f6glichkeit, m\u00fchelos einen dynamischen Instagram-Feed auf Ihrer Website auf Ihrer Elementor-Website zu pr\u00e4sentieren.","application_category":[],"applications_title":"","applications_request_title":"","applications_request_button_text":"","hero_text":"","hero_video":"","hero_video_schema_markup":"","selling_points_title":"","selling_points_caption":"","selling_points":[],"selling_points_cta_text":"","features_title":"","features":"","ed_cta_examples_text":"","ed_cta_examples_hidden":"","ed_cta_demo_text":"","ed_cta_demo_hidden":"","why_caption":"","why_editor_title":"","why_editor_text":"","why_team_title":"","why_team_text":"","why_service_title":"","why_service_text":"","template_catalog_visible":"0","template_catalog_title":"","template_catalog_text":"","template_catalog_categories_visible":"","demo_title":"Erstellen Sie Ihr Instagram-Feed-Widget","demo_caption":"Konfigurieren Sie Ihren Instagram-Feed und f\u00fcgen Sie ihn kostenlos zu Ihrer Elementor-Website hinzu!","default_faq_hidden":"","app_template_category":[],"platform":"223","template_public_id":"","codecanyon_url":"","codecanyon_item_id":"","codecanyon_price":"","pricing_caption":"","pricing_elfsight_apps_hide_column":"","pricing_elfsight_apps_url":"","pricing_codecanyon_price_caption":"","integration_category":[],"integration_request_title":"","integration_request_cta":"","integration_platform":"","integrations":[],"platform_category":[],"video_schema_markup":"","price":"ab 0 $ \/ Monat","trial":"","benefits":[{"text":"Kostenloser Installationsservice"},{"text":"Au\u00dfergew\u00f6hnlicher Support"},{"text":"14-t\u00e4gige Geld-zur\u00fcck-Garantie"},{"text":"Laufende kostenlose Updates"}],"button_url":"#demo","button_target_blank":"0","button_nofollow":"0","attributes":[{"name":"Installiert","content":"100,000 - 500,000"},{"name":"Reaktionsfreudig","content":"Ja"},{"name":"Kompatible Browser","content":"Firefox, Safari, Opera, Chrome, Edge"}],"tags":[],"tags_disable_links":"0","hide_more_platforms":"0","video_object":"","demo_hide_cta":"0","demo_hide_cloud_options":"0","pricing_title":"","pricing":[{"pricing_icon":"platform","pricing_title":"Elfsight Apps","pricing_title_caption":"Plattformunabh\u00e4ngige Version, die f\u00fcr jede Website geeignet ist","pricing_price":"ab 0 $ \/ Monat","pricing_price_caption":"Beginnen Sie mit einem kostenlosen Plan","pricing_benefits":[{"text":"Unbegrenzte Websites"},{"text":"Professionelle Unternehmensunterst\u00fctzung"},{"text":"Kostenlose Installationsunterst\u00fctzung"},{"text":"Sonderpreis f\u00fcr mehrere Apps"}],"pricing_button_text":"Zur Website hinzuf\u00fcgen","pricing_button_url":"#demo"}],"related_apps_title":"","related_apps_hidden":"0","author":"","image":[],"title":"","job":"","social_networks":[]},"_links":{"self":[{"href":"https:\/\/elfsight.com\/de\/wp-json\/wp\/v2\/pages\/20644","targetHints":{"allow":["GET"]}}],"collection":[{"href":"https:\/\/elfsight.com\/de\/wp-json\/wp\/v2\/pages"}],"about":[{"href":"https:\/\/elfsight.com\/de\/wp-json\/wp\/v2\/types\/page"}],"author":[{"embeddable":true,"href":"https:\/\/elfsight.com\/de\/wp-json\/wp\/v2\/users\/9"}],"replies":[{"embeddable":true,"href":"https:\/\/elfsight.com\/de\/wp-json\/wp\/v2\/comments?post=20644"}],"version-history":[{"count":6,"href":"https:\/\/elfsight.com\/de\/wp-json\/wp\/v2\/pages\/20644\/revisions"}],"predecessor-version":[{"id":25559,"href":"https:\/\/elfsight.com\/de\/wp-json\/wp\/v2\/pages\/20644\/revisions\/25559"}],"up":[{"embeddable":true,"href":"https:\/\/elfsight.com\/de\/wp-json\/wp\/v2\/pages\/29"}],"wp:attachment":[{"href":"https:\/\/elfsight.com\/de\/wp-json\/wp\/v2\/media?parent=20644"}],"curies":[{"name":"wp","href":"https:\/\/api.w.org\/{rel}","templated":true}]}}