{"id":20643,"date":"2024-05-03T06:39:29","date_gmt":"2024-05-03T06:39:29","guid":{"rendered":"https:\/\/elfsight.com\/de\/?page_id=20643"},"modified":"2025-07-08T10:50:54","modified_gmt":"2025-07-08T10:50:54","slug":"iframe","status":"publish","type":"page","link":"https:\/\/elfsight.com\/de\/instagram-feed-instashow\/iframe\/","title":{"rendered":"Instagram Feed &#8211; iFrame"},"content":{"rendered":"<div class=\"application-platform-content-item-description application-platform-content-item\" id=\"description\" data-nav-section=\"description\"> <h2>Instagram in iFrame mit Elfsight-Widget einbetten<\/h2> <p>InstaShow ist ein starkes Instagram-Plugin, mit dem Sie wundersch\u00f6ne Galerien erstellen k\u00f6nnen von Instagram-Bildern und Videoclips. Eine unbegrenzte Anzahl von Variationen der Einstellungen Ihres Feeds: alle Arten von Quellen, Moderation von Beitr\u00e4gen, mehr als 70 anpassbare Parameter und 10 Farbschemata sowie vollst\u00e4ndige Anpassung an verschiedene Aufl\u00f6sungen. Verwenden Sie ein vollst\u00e4ndig reaktionsf\u00e4higes und effizientes Plugin, um die Besucher Ihrer Website auf einen Blick anzusprechen.<\/p><p><b>Erh\u00f6hen Sie den Conversion-Index<\/b><br> Pr\u00e4sentieren Sie Ihre Waren oder Dienstleistungen \u00fcber Bilder von Instagram mit Hashtags , Standorte, Profil oder \u00fcber eine bestimmte URL, um die Einnahmen Ihrer Website zu steigern.<\/p><p><b>Bewerben Sie Ihre Instagram-Seite<\/b><br>Bewerben Sie Ihre Seite auf Instagram \u00fcber die Website und informieren Sie mehr Benutzer dar\u00fcber Sie und werden zu Ihren Fans.<\/p><p><b>Interagieren Sie eine gr\u00f6\u00dfere Anzahl von Benutzern<\/b><br>Betten Sie Bilder von Instagram \u00fcber unser Plugin auf Ihrer Website ein, und sie werden mehr Besucher ansprechen und sie \u00fcberzeugen um auf der Website zu bleiben.<\/p><div class=\"faq\" data-component=\"FAQ\"><div class=\"faq-item\">\r\n\t\t\t\t\t<div class=\"faq-item-question\">\r\n\t\t\t\t\t\t<h3 class=\"faq-item-question-text\">Kann ich das Instagram-Feed-Widget in Aktion testen?<\/h3>\r\n\r\n\t\t\t\t\t\t<div class=\"faq-item-question-icon\"><\/div>\r\n\t\t\t\t\t<\/div>\r\n\r\n\t\t\t\t\t<div class=\"faq-item-answer\">\r\n\t\t\t\t\t\t<div class=\"faq-item-answer-text\"> <p>Ja, Sie k\u00f6nnen alle Funktionen testen, ohne sich bei unserem Dienst registrieren zu m\u00fcssen. Sie k\u00f6nnen zu einer Live-<a href=\"#demo\">Demo<\/a> gehen und Ihr beeindruckendes Instagram-iFrame-Widget erstellen. Dar\u00fcber hinaus k\u00f6nnen Sie es kostenlos auf Ihrer eigenen Website einbetten, um seine Leistung zu testen und sein Design zu sehen.<\/p><\/div>\r\n\t\t\t\t\t<\/div>\r\n\t\t\t\t<\/div><div class=\"faq-item\">\r\n\t\t\t\t\t<div class=\"faq-item-question\">\r\n\t\t\t\t\t\t<h3 class=\"faq-item-question-text\">Wie bette ich Instagram-Feeds kostenlos in iFrame ein?<\/h3>\r\n\r\n\t\t\t\t\t\t<div class=\"faq-item-question-icon\"><\/div>\r\n\t\t\t\t\t<\/div>\r\n\r\n\t\t\t\t\t<div class=\"faq-item-answer\">\r\n\t\t\t\t\t\t<div class=\"faq-item-answer-text\"><ol> <p>Das Hinzuf\u00fcgen eines <a href=\"https:\/\/elfsight.com\/blog\/how-to-embed-instagram-feed-on-website\/\">Instagram zu einer iFrame-Website<\/a> ist ein hervorragender Ansatz zur Hervorhebung Ihre neuesten Beitr\u00e4ge und f\u00f6rdern Sie die Einbindung der Benutzer.<\/p><ol><li>Um einen Elfsight-Instagram-Feed kostenlos in einen iFrame einzubetten, navigieren Sie zur Elfsight-Website und erstellen Sie ein kostenloses Konto.<\/li><li>Optimieren Sie den Kostenloses Instagram-Widget, indem Sie dessen Erscheinungsbild und Einstellungen an das Design und die Funktionalit\u00e4t Ihres iFrames anpassen.<\/li><li>Nachdem Sie Ihren Instagram-Feed kostenlos konfiguriert haben, kopieren Sie den exklusiven Einbettungscode und f\u00fcgen Sie ihn an der gew\u00fcnschten Stelle in den HTML-Code des iFrames ein Der Feed wird angezeigt.<\/li><\/ol><p>Indem Sie Ihren Instagram-Feed in einem iFrame pr\u00e4sentieren, erh\u00f6hen Sie seinen visuellen Reiz und f\u00f6rdern die kontinuierliche Benutzerinteraktion. Erleben Sie die Vorteile des Elfsight Instagram-Widgets, ohne dass Ihnen daf\u00fcr Kosten entstehen!<\/p><\/ol><\/div>\r\n\t\t\t\t\t<\/div>\r\n\t\t\t\t<\/div><\/div><\/div> <div class=\"application-platform-content-item-features application-platform-content-item\" id=\"features\" data-nav-section=\"features\"> <h2>Hauptfunktionen des Instagram-Feeds Widget<\/h2> <p>Die grundlegenden Eigenschaften unseres Plugins, die es zur besten iFrame-Methode zum Einf\u00fcgen von Instagram machen:<\/p><ul><li>Verwenden Sie eine unbegrenzte Anzahl von Quellen zur Anzeige auf Ihrer Website;<\/li><li>Inhalte nach URL, Hashtags und Benutzernamen hinzuf\u00fcgen;<\/li><li>2 gebrauchsfertige Feed-Layouts: Schieberegler und Raster;<\/li><li>2 Beitragsvorlagen: Kachel und klassisch; <\/li><li>Vielf\u00e4ltige Post-Einstellungen mit Post-Elementen und Popup-Elementen.<\/li><\/ul><p><a href=\"#demo\">Alle Optionen in der Elfsight-Demo<\/a><\/p> <\/div><div class=\"application-platform-content-item-installation application-platform-content-item\" id=\"installation\" data-nav-section=\"installation\"><h2>So f\u00fcgen Sie das Instagram-Feed-Plugin zur iFrame-Website hinzu<\/h2><p>Schauen Sie sich unser kurzes Tutorial zur Einrichtung und Anpassung des Plugins an. Die gesamte Einrichtungszeit betr\u00e4gt weniger als 3 Minuten und dar\u00fcber hinaus sind keine Programmierkenntnisse erforderlich.\/p.<\/p><ol><li><b>Generieren Sie Ihr benutzerdefiniertes Instagram-Plugin<\/b><br> Mit Gestalten Sie anhand unserer kostenlosen Demo ein Plugin mit einem bevorzugten Design und funktionalen Eigenschaften. <\/li><li><b>Erhalten Sie den individuellen Code, um das Plugin zu installieren<\/b><br> Nachdem Sie Ihr Plugin angepasst haben, erhalten Sie den Setup-Code aus der erscheinenden Benachrichtigung auf Elfsight Apps. Kopieren Sie den Code zur weiteren Verwendung. <\/li> <li><b>Das Plugin auf Ihrer iFrame-Website<\/b><br> Definieren Sie den Bereich, in dem Sie das Plugin hinzuf\u00fcgen m\u00f6chten, und f\u00fcgen Sie dort den kopierten Code hinzu. Ver\u00f6ffentlichen Sie die Ergebnisse. <\/li> <li><b>Sie haben die Einrichtung erfolgreich abgeschlossen<\/b><br> Betreten Sie Ihren Shop, um Ihre Arbeit zu \u00fcberpr\u00fcfen.<\/li> <\/ol><p>Es treten Schwierigkeiten bei der Einrichtung oder Personalisierung Ihres auf Eigener Instagram-Feed? Wenden Sie sich an das Hilfecenter von Elfsight oder lesen Sie die vollst\u00e4ndige Anleitung: \u201eEinbettung von Instagram-Feeds in iFrame\u201c.<\/p><\/div>","protected":false},"excerpt":{"rendered":"","protected":false},"author":9,"featured_media":0,"parent":29,"menu_order":0,"comment_status":"closed","ping_status":"closed","template":"templates\/template-application-platform.php","meta":{"publish_to_discourse":"","publish_post_category":"","wpdc_auto_publish_overridden":"","wpdc_topic_tags":"","wpdc_pin_topic":"","wpdc_pin_until":"","discourse_post_id":"","discourse_permalink":"","wpdc_publishing_response":"","wpdc_publishing_error":"","footnotes":""},"class_list":["post-20643","page","type-page","status-publish","hentry"],"yoast_head":"<!-- This site is optimized with the Yoast SEO plugin v25.3.1 - https:\/\/yoast.com\/wordpress\/plugins\/seo\/ -->\n<title>iFrame Instagram Feed Plugin f\u00fcr Ihre Website (kostenlos und schnell)<\/title>\n<meta name=\"description\" content=\"Nutzen Sie das beste responsive Instagram-Plugin f\u00fcr IFrame-Websites kostenlos! Gestalten Sie Ihren eigenen Instagram-Feed auf Elfsight in nur 3 Minuten.\" \/>\n<meta name=\"robots\" content=\"index, follow, max-snippet:-1, max-image-preview:large, max-video-preview:-1\" \/>\n<link rel=\"canonical\" href=\"https:\/\/elfsight.com\/de\/instagram-feed-instashow\/iframe\/\" \/>\n<meta property=\"og:locale\" content=\"de_DE\" \/>\n<meta property=\"og:type\" content=\"article\" \/>\n<meta property=\"og:title\" content=\"iFrame Instagram Feed Plugin f\u00fcr Ihre Website (kostenlos und schnell)\" \/>\n<meta property=\"og:description\" content=\"Nutzen Sie das beste responsive Instagram-Plugin f\u00fcr IFrame-Websites kostenlos! Gestalten Sie Ihren eigenen Instagram-Feed auf Elfsight in nur 3 Minuten.\" \/>\n<meta property=\"og:url\" content=\"https:\/\/elfsight.com\/de\/instagram-feed-instashow\/iframe\/\" \/>\n<meta property=\"og:site_name\" content=\"Elfsight DE\" \/>\n<meta property=\"article:modified_time\" content=\"2025-07-08T10:50:54+00:00\" \/>\n<meta name=\"twitter:card\" content=\"summary_large_image\" \/>\n<meta name=\"twitter:label1\" content=\"Gesch\u00e4tzte Lesezeit\" \/>\n\t<meta name=\"twitter:data1\" content=\"3\u00a0Minuten\" \/>\n<!-- \/ Yoast SEO plugin. -->","yoast_head_json":{"title":"iFrame Instagram Feed Plugin f\u00fcr Ihre Website (kostenlos und schnell)","description":"Nutzen Sie das beste responsive Instagram-Plugin f\u00fcr IFrame-Websites kostenlos! Gestalten Sie Ihren eigenen Instagram-Feed auf Elfsight in nur 3 Minuten.","robots":{"index":"index","follow":"follow","max-snippet":"max-snippet:-1","max-image-preview":"max-image-preview:large","max-video-preview":"max-video-preview:-1"},"canonical":"https:\/\/elfsight.com\/de\/instagram-feed-instashow\/iframe\/","og_locale":"de_DE","og_type":"article","og_title":"iFrame Instagram Feed Plugin f\u00fcr Ihre Website (kostenlos und schnell)","og_description":"Nutzen Sie das beste responsive Instagram-Plugin f\u00fcr IFrame-Websites kostenlos! Gestalten Sie Ihren eigenen Instagram-Feed auf Elfsight in nur 3 Minuten.","og_url":"https:\/\/elfsight.com\/de\/instagram-feed-instashow\/iframe\/","og_site_name":"Elfsight DE","article_modified_time":"2025-07-08T10:50:54+00:00","twitter_card":"summary_large_image","twitter_misc":{"Gesch\u00e4tzte Lesezeit":"3\u00a0Minuten"},"schema":{"@context":"https:\/\/schema.org","@graph":[{"@type":"WebPage","@id":"https:\/\/elfsight.com\/de\/instagram-feed-instashow\/iframe\/","url":"https:\/\/elfsight.com\/de\/instagram-feed-instashow\/iframe\/","name":"iFrame Instagram Feed Plugin f\u00fcr Ihre Website (kostenlos und schnell)","isPartOf":{"@id":"https:\/\/elfsight.com\/de\/#website"},"datePublished":"2024-05-03T06:39:29+00:00","dateModified":"2025-07-08T10:50:54+00:00","description":"Nutzen Sie das beste responsive Instagram-Plugin f\u00fcr IFrame-Websites kostenlos! Gestalten Sie Ihren eigenen Instagram-Feed auf Elfsight in nur 3 Minuten.","breadcrumb":{"@id":"https:\/\/elfsight.com\/de\/instagram-feed-instashow\/iframe\/#breadcrumb"},"inLanguage":"de","potentialAction":[{"@type":"ReadAction","target":["https:\/\/elfsight.com\/de\/instagram-feed-instashow\/iframe\/"]}]},{"@type":"BreadcrumbList","@id":"https:\/\/elfsight.com\/de\/instagram-feed-instashow\/iframe\/#breadcrumb","itemListElement":[{"@type":"ListItem","position":1,"name":"Home","item":"https:\/\/elfsight.com\/de\/"},{"@type":"ListItem","position":2,"name":"Instagram Feed","item":"https:\/\/elfsight.com\/de\/instagram-feed-instashow\/"},{"@type":"ListItem","position":3,"name":"Instagram Feed &#8211; iFrame"}]},{"@type":"WebSite","@id":"https:\/\/elfsight.com\/de\/#website","url":"https:\/\/elfsight.com\/de\/","name":"Elfsight DE","description":"Just another Elfsight Sites site","potentialAction":[{"@type":"SearchAction","target":{"@type":"EntryPoint","urlTemplate":"https:\/\/elfsight.com\/de\/?s={search_term_string}"},"query-input":{"@type":"PropertyValueSpecification","valueRequired":true,"valueName":"search_term_string"}}],"inLanguage":"de"}]}},"meta_box":{"industry":"","seo_heading":"","heading":"","description":"","cta_heading":"","cta_description":"","application":"14","h1":"iFrame-Instagram-Feed-Plugin","h1_caption":"F\u00fcgen Sie Beitr\u00e4ge von Ihrem Instagram-Konto oder per Hashtag hinzu und bieten Sie so die beste M\u00f6glichkeit, m\u00fchelos einen dynamischen Instagram-Feed auf Ihrer Website in Ihrer iFrame-Website zu pr\u00e4sentieren.","application_category":[],"applications_title":"","applications_request_title":"","applications_request_button_text":"","hero_text":"","hero_video":"","hero_video_schema_markup":"","selling_points_title":"","selling_points_caption":"","selling_points":[],"selling_points_cta_text":"","features_title":"","features":"","ed_cta_examples_text":"","ed_cta_examples_hidden":"","ed_cta_demo_text":"","ed_cta_demo_hidden":"","why_caption":"","why_editor_title":"","why_editor_text":"","why_team_title":"","why_team_text":"","why_service_title":"","why_service_text":"","template_catalog_visible":"","template_catalog_title":"","template_catalog_text":"","template_catalog_categories_visible":"","demo_title":"Erstellen Sie Ihr Instagram-Feed-Widget","demo_caption":"Konfigurieren Sie Ihren Instagram-Feed und f\u00fcgen Sie ihn kostenlos zu Ihrer iFrame-Website hinzu!","default_faq_hidden":"","app_template_category":[],"platform":"240","template_public_id":"","codecanyon_url":"","codecanyon_item_id":"","codecanyon_price":"","pricing_caption":"","pricing_elfsight_apps_hide_column":"","pricing_elfsight_apps_url":"","pricing_codecanyon_price_caption":"","integration_category":[],"integration_request_title":"","integration_request_cta":"","integration_platform":"","integrations":[],"platform_category":[],"video_schema_markup":"","price":"ab 0 $ \/ Monat","trial":"","benefits":[{"text":"Kostenloser Installationsservice"},{"text":"Professioneller Kundenservice"},{"text":"14-t\u00e4gige Geld-zur\u00fcck-Garantie"},{"text":"St\u00e4ndige Aktualisierung"}],"button_url":"#demo","button_target_blank":"","button_nofollow":"","attributes":[{"name":"Installiert","content":"100,000 - 500,000"},{"name":"Reaktionsfreudig","content":"Ja"},{"name":"Kompatible Browser","content":"Safari, Edge, Chrome, Firefox, Opera"}],"tags":[],"tags_disable_links":"","hide_more_platforms":"","video_object":"","demo_hide_cta":"","demo_hide_cloud_options":"","pricing_title":"","pricing":[{"pricing_icon":"platform","pricing_title":"Elfsight Apps","pricing_title_caption":"Plattformunabh\u00e4ngige L\u00f6sung, die zu jeder Website passt","pricing_price":"ab 0 $ \/ Monat","pricing_price_caption":"Beginnen Sie mit einem kostenlosen Plan","pricing_benefits":[{"text":"Unbegrenzte Domains"},{"text":"Premium-Kundensupport"},{"text":"Kostenloser Installationssupport"},{"text":"Sonderpreis f\u00fcr mehrere Apps"}],"pricing_button_text":"Zur Website hinzuf\u00fcgen","pricing_button_url":"#demo"}],"related_apps_title":"","related_apps_hidden":"","author":"","image":[],"title":"","job":"","social_networks":[]},"_links":{"self":[{"href":"https:\/\/elfsight.com\/de\/wp-json\/wp\/v2\/pages\/20643","targetHints":{"allow":["GET"]}}],"collection":[{"href":"https:\/\/elfsight.com\/de\/wp-json\/wp\/v2\/pages"}],"about":[{"href":"https:\/\/elfsight.com\/de\/wp-json\/wp\/v2\/types\/page"}],"author":[{"embeddable":true,"href":"https:\/\/elfsight.com\/de\/wp-json\/wp\/v2\/users\/9"}],"replies":[{"embeddable":true,"href":"https:\/\/elfsight.com\/de\/wp-json\/wp\/v2\/comments?post=20643"}],"version-history":[{"count":1,"href":"https:\/\/elfsight.com\/de\/wp-json\/wp\/v2\/pages\/20643\/revisions"}],"predecessor-version":[{"id":20647,"href":"https:\/\/elfsight.com\/de\/wp-json\/wp\/v2\/pages\/20643\/revisions\/20647"}],"up":[{"embeddable":true,"href":"https:\/\/elfsight.com\/de\/wp-json\/wp\/v2\/pages\/29"}],"wp:attachment":[{"href":"https:\/\/elfsight.com\/de\/wp-json\/wp\/v2\/media?parent=20643"}],"curies":[{"name":"wp","href":"https:\/\/api.w.org\/{rel}","templated":true}]}}