{"id":20639,"date":"2024-05-03T06:39:28","date_gmt":"2024-05-03T06:39:28","guid":{"rendered":"https:\/\/elfsight.com\/de\/?page_id=20639"},"modified":"2025-07-08T10:50:48","modified_gmt":"2025-07-08T10:50:48","slug":"facebook","status":"publish","type":"page","link":"https:\/\/elfsight.com\/de\/instagram-feed-instashow\/facebook\/","title":{"rendered":"Instagram Feed &#8211; Facebook Page"},"content":{"rendered":"<div class=\"application-platform-content-item-description application-platform-content-item\" id=\"description\" data-nav-section=\"description\"><h2>Instagram auf Facebook-Seite mit Elfsight-Widget einbetten<\/h2><p>InstaShow ist ein leistungsstarkes Instagram-Widget, das es erm\u00f6glicht, gro\u00dfartige Inhalte zu erstellen Portfolios aus Instagram-Fotos und -Videos. Wir bieten Ihnen unbegrenzte Feed-Einstellungen: alle Arten von Quellen, Filter, mehr als 60 anpassbare Parameter und 10 Stiloptionen sowie eine vollst\u00e4ndig adaptive Benutzeroberfl\u00e4che. Wenden Sie ein vollst\u00e4ndig responsives Plugin an, um die Besucher Ihrer Seite anzusprechen.<\/p><\/div><div class=\"application-platform-content-item-features application-platform-content-item\" id=\"features\" data-nav-section=\"features\"><h2>Hauptfunktionen des Instagram-Feed-Widgets<\/h2><p>Die grundlegenden Punkte von Elfsight Widget, das es zum besten Tool f\u00fcr Facebook-Seiten macht:<\/p><ul><li>2 gebrauchsfertige Feed-Layouts: Schieberegler und Raster<\/li><li>Anpassbare Anzahl von Spalten und Zeilen<\/li><li>Variabler Zwischenraum<\/li><li>Der Instagram-Tab ist vollst\u00e4ndig anpassbar<\/li><li>\u00dcber 10 vorgefertigte Farbschemata f\u00fcr Ihre Galerie<\/li><li>Sie k\u00f6nnen ein- und ausschalten alle Teile eines gemeinsamen Instagram-Beitrags oder pr\u00e4sentieren Sie ihn so wie er ist<\/li><li>Klassische und Kachel-Beitragsvorlagen<\/li><li>Verschiedene gebrauchsfertige Feed-Layouts<\/li><li>Anpassbare Spalten und Zeilen<\/li><li>Umschaltbare Call-to-Action-Schaltfl\u00e4che<\/li><\/ul><p><a href=\"#demo\">Weitere Funktionen finden Sie in der Elfsight-Demo<\/a><\/p> <p>Mit der Platzierung eines Instagram-Tabs auf einer Facebook-Seite erhalten Sie zahlreiche Vorteile. Sie verschwenden beispielsweise keine Zeit mit der Erstellung neuer, tats\u00e4chlicher Inhalte f\u00fcr eine Website \u2013 diese werden automatisch und ohne Ihr Zutun aggregiert. Sie k\u00f6nnen sich haupts\u00e4chlich auf die Gestaltung eines Instagram-Bereichs konzentrieren, anstatt ihn mithilfe einer offiziellen API zu programmieren. Wenn Ihre Beitr\u00e4ge schlie\u00dflich tolle Rezensionen enthalten, k\u00f6nnen Sie mit deren Hilfe das Vertrauen in Ihre Marke st\u00e4rken.<\/p><\/div><div class=\"application-platform-content-item-installation application-platform-content-item\" id=\"installation\" data-nav-section=\"installation\"><h2>So f\u00fcgen Sie den Instagram-Tab zur Facebook-Seite hinzu<\/h2><p>Lesen Sie unser Express-Tutorial zum Anzeigen und Einstellen des Widgets. Die Einrichtung dauert 60 Sekunden. ungef\u00e4hr, und dar\u00fcber hinaus ben\u00f6tigen Sie keine Erfahrung in der Entwicklung.<\/p><ul><li><b>Generieren Sie Ihren benutzerdefinierten Instagram-Feed<\/b><br>Generieren Sie das Plugin mit unserer kostenlosen Demo ein ausgew\u00e4hltes Design und ausgew\u00e4hlte Funktionen.<\/li><li><b>Kopieren Sie den pers\u00f6nlichen Code, um das Widget anzuzeigen<\/b><br>Nachdem Sie Ihr Widget erstellt haben, erhalten Sie Ihren pers\u00f6nlichen Code aus der erscheinenden Benachrichtigung auf Elfsight Apps. Kopieren Sie den Code.<\/li><li><b>F\u00fcgen Sie Instagram zur Facebook-Unternehmensseite hinzu<\/b><br> Erstellen Sie Ihren benutzerdefinierten Facebook-Tab. F\u00fcgen Sie den Code, den Sie bei elfsight apps erhalten haben, in die Registerkarte ein. Wenn Sie Probleme haben, lesen Sie einfach unseren Leitfaden unter <a href=\"https:\/\/elfsight.com\/blog\/how-to-add-custom-tab-to-facebook-page\/\" target=\"_blank\" rel=\"noopener noreferrer\">Benutzerdefinierten Facebook-Tab erstellen<\/a><\/li><li><b>Sie haben die Installation vollst\u00e4ndig durchgef\u00fchrt<\/b><br>Besuchen Sie Ihre Facebook-Seite, um Ihre Arbeit anzusehen.<\/li><\/ul><p>Haben Sie Probleme mit der Installation eines Instagram-Tabs auf einer Facebook-Seite? Senden Sie eine Nachricht an den Elfsight-Support.<\/p><\/div><div class=\"faq\" data-component=\"FAQ\"><div class=\"faq-item\">\r\n\t\t\t\t\t<div class=\"faq-item-question\">\r\n\t\t\t\t\t\t<h3 class=\"faq-item-question-text\">Wie bette ich Instagram-Feeds kostenlos auf einer Facebook-Seite ein?<\/h3>\r\n\r\n\t\t\t\t\t\t<div class=\"faq-item-question-icon\"><\/div>\r\n\t\t\t\t\t<\/div>\r\n\r\n\t\t\t\t\t<div class=\"faq-item-answer\">\r\n\t\t\t\t\t\t<div class=\"faq-item-answer-text\"><ol><p>Das Hinzuf\u00fcgen eines <a href=\"https:\/\/elfsight.com\/blog\/how-to-embed-instagram-feed-on-website\/\">Instagram-Feeds<\/a> zu Ihrer Facebook-Seite ist eine au\u00dfergew\u00f6hnliche M\u00f6glichkeit Pr\u00e4sentieren Sie Ihre neuesten Beitr\u00e4ge und halten Sie Ihre Follower bei der Stange.<\/p><ol><li>Um einen Elfsight-Instagram-Feed kostenlos auf Ihrer Facebook-Seite einzubetten, navigieren Sie zur Elfsight-Website und erstellen Sie ein kostenloses Konto.<\/li> <li>Nutzen Sie das kostenlose Instagram-Widget, indem Sie dessen Erscheinungsbild und Einstellungen so anpassen, dass sie mit dem Stil Ihrer Facebook-Seite harmonieren.<\/li><li>Nachdem Sie Ihren Instagram-Feed kostenlos eingerichtet haben, kopieren Sie den unverwechselbaren Einbettungscode und f\u00fcgen Sie ihn in den daf\u00fcr vorgesehenen Bereich ein auf Ihrer Facebook-Seite, auf der der Feed angezeigt werden soll.<\/li><\/ol><p>Indem Sie Ihren Instagram-Feed auf Ihrer Facebook-Seite pr\u00e4sentieren, verst\u00e4rken Sie dessen visuelle Anziehungskraft und sorgen f\u00fcr ein nachhaltiges Follower-Engagement. Erleben Sie die Vorteile des Elfsight Instagram-Widgets v\u00f6llig kostenlos!<\/p><\/ol><\/div>\r\n\t\t\t\t\t<\/div>\r\n\t\t\t\t<\/div><div class=\"faq-item\">\r\n\t\t\t\t\t<div class=\"faq-item-question\">\r\n\t\t\t\t\t\t<h3 class=\"faq-item-question-text\">Wie bekomme ich Instagram Slider oder Collagen \u00fcber Ihr Widget? <\/h3>\r\n\r\n\t\t\t\t\t\t<div class=\"faq-item-question-icon\"><\/div>\r\n\t\t\t\t\t<\/div>\r\n\r\n\t\t\t\t\t<div class=\"faq-item-answer\">\r\n\t\t\t\t\t\t<div class=\"faq-item-answer-text\"><p>Es steht eine gro\u00dfe Anzahl an Vorlagen zur Verf\u00fcgung: Raster, Galerie, Liste, Mauerwerk, Feed und viele andere, einschlie\u00dflich flexibler Layoutanpassungen, um Ihren Anforderungen gerecht zu werden. Sie k\u00f6nnen fast jedes Design f\u00fcr Ihren Instagram-Tab erstellen. <\/p><\/div>\r\n\t\t\t\t\t<\/div>\r\n\t\t\t\t<\/div><\/div>","protected":false},"excerpt":{"rendered":"","protected":false},"author":9,"featured_media":0,"parent":29,"menu_order":0,"comment_status":"closed","ping_status":"closed","template":"templates\/template-application-platform.php","meta":{"publish_to_discourse":"","publish_post_category":"","wpdc_auto_publish_overridden":"","wpdc_topic_tags":"","wpdc_pin_topic":"","wpdc_pin_until":"","discourse_post_id":"","discourse_permalink":"","wpdc_publishing_response":"","wpdc_publishing_error":"","footnotes":""},"class_list":["post-20639","page","type-page","status-publish","hentry"],"yoast_head":"<!-- This site is optimized with the Yoast SEO plugin v25.3.1 - https:\/\/yoast.com\/wordpress\/plugins\/seo\/ -->\n<title>Betten Sie den Instagram-Feed auf einer Facebook-Seite ein \u2013 f\u00fcgen Sie den Instagram-Feed in 2 Minuten hinzu!<\/title>\n<meta name=\"description\" content=\"Testen Sie jetzt kostenlos den Premium-Instagram-Feed-Tab f\u00fcr eine pers\u00f6nliche oder gesch\u00e4ftliche Facebook-Seite! Entwerfen Sie in einer Minute einen einzigartigen Instagram-Tab auf Elfsight.\" \/>\n<meta name=\"robots\" content=\"index, follow, max-snippet:-1, max-image-preview:large, max-video-preview:-1\" \/>\n<link rel=\"canonical\" href=\"https:\/\/elfsight.com\/de\/instagram-feed-instashow\/facebook\/\" \/>\n<meta property=\"og:locale\" content=\"de_DE\" \/>\n<meta property=\"og:type\" content=\"article\" \/>\n<meta property=\"og:title\" content=\"Betten Sie den Instagram-Feed auf einer Facebook-Seite ein \u2013 f\u00fcgen Sie den Instagram-Feed in 2 Minuten hinzu!\" \/>\n<meta property=\"og:description\" content=\"Testen Sie jetzt kostenlos den Premium-Instagram-Feed-Tab f\u00fcr eine pers\u00f6nliche oder gesch\u00e4ftliche Facebook-Seite! Entwerfen Sie in einer Minute einen einzigartigen Instagram-Tab auf Elfsight.\" \/>\n<meta property=\"og:url\" content=\"https:\/\/elfsight.com\/de\/instagram-feed-instashow\/facebook\/\" \/>\n<meta property=\"og:site_name\" content=\"Elfsight DE\" \/>\n<meta property=\"article:modified_time\" content=\"2025-07-08T10:50:48+00:00\" \/>\n<meta name=\"twitter:card\" content=\"summary_large_image\" \/>\n<meta name=\"twitter:label1\" content=\"Gesch\u00e4tzte Lesezeit\" \/>\n\t<meta name=\"twitter:data1\" content=\"3\u00a0Minuten\" \/>\n<!-- \/ Yoast SEO plugin. -->","yoast_head_json":{"title":"Betten Sie den Instagram-Feed auf einer Facebook-Seite ein \u2013 f\u00fcgen Sie den Instagram-Feed in 2 Minuten hinzu!","description":"Testen Sie jetzt kostenlos den Premium-Instagram-Feed-Tab f\u00fcr eine pers\u00f6nliche oder gesch\u00e4ftliche Facebook-Seite! Entwerfen Sie in einer Minute einen einzigartigen Instagram-Tab auf Elfsight.","robots":{"index":"index","follow":"follow","max-snippet":"max-snippet:-1","max-image-preview":"max-image-preview:large","max-video-preview":"max-video-preview:-1"},"canonical":"https:\/\/elfsight.com\/de\/instagram-feed-instashow\/facebook\/","og_locale":"de_DE","og_type":"article","og_title":"Betten Sie den Instagram-Feed auf einer Facebook-Seite ein \u2013 f\u00fcgen Sie den Instagram-Feed in 2 Minuten hinzu!","og_description":"Testen Sie jetzt kostenlos den Premium-Instagram-Feed-Tab f\u00fcr eine pers\u00f6nliche oder gesch\u00e4ftliche Facebook-Seite! Entwerfen Sie in einer Minute einen einzigartigen Instagram-Tab auf Elfsight.","og_url":"https:\/\/elfsight.com\/de\/instagram-feed-instashow\/facebook\/","og_site_name":"Elfsight DE","article_modified_time":"2025-07-08T10:50:48+00:00","twitter_card":"summary_large_image","twitter_misc":{"Gesch\u00e4tzte Lesezeit":"3\u00a0Minuten"},"schema":{"@context":"https:\/\/schema.org","@graph":[{"@type":"WebPage","@id":"https:\/\/elfsight.com\/de\/instagram-feed-instashow\/facebook\/","url":"https:\/\/elfsight.com\/de\/instagram-feed-instashow\/facebook\/","name":"Betten Sie den Instagram-Feed auf einer Facebook-Seite ein \u2013 f\u00fcgen Sie den Instagram-Feed in 2 Minuten hinzu!","isPartOf":{"@id":"https:\/\/elfsight.com\/de\/#website"},"datePublished":"2024-05-03T06:39:28+00:00","dateModified":"2025-07-08T10:50:48+00:00","description":"Testen Sie jetzt kostenlos den Premium-Instagram-Feed-Tab f\u00fcr eine pers\u00f6nliche oder gesch\u00e4ftliche Facebook-Seite! Entwerfen Sie in einer Minute einen einzigartigen Instagram-Tab auf Elfsight.","breadcrumb":{"@id":"https:\/\/elfsight.com\/de\/instagram-feed-instashow\/facebook\/#breadcrumb"},"inLanguage":"de","potentialAction":[{"@type":"ReadAction","target":["https:\/\/elfsight.com\/de\/instagram-feed-instashow\/facebook\/"]}]},{"@type":"BreadcrumbList","@id":"https:\/\/elfsight.com\/de\/instagram-feed-instashow\/facebook\/#breadcrumb","itemListElement":[{"@type":"ListItem","position":1,"name":"Home","item":"https:\/\/elfsight.com\/de\/"},{"@type":"ListItem","position":2,"name":"Instagram Feed","item":"https:\/\/elfsight.com\/de\/instagram-feed-instashow\/"},{"@type":"ListItem","position":3,"name":"Instagram Feed &#8211; Facebook Page"}]},{"@type":"WebSite","@id":"https:\/\/elfsight.com\/de\/#website","url":"https:\/\/elfsight.com\/de\/","name":"Elfsight DE","description":"Just another Elfsight Sites site","potentialAction":[{"@type":"SearchAction","target":{"@type":"EntryPoint","urlTemplate":"https:\/\/elfsight.com\/de\/?s={search_term_string}"},"query-input":{"@type":"PropertyValueSpecification","valueRequired":true,"valueName":"search_term_string"}}],"inLanguage":"de"}]}},"meta_box":{"industry":"","seo_heading":"","heading":"","description":"","cta_heading":"","cta_description":"","application":"14","h1":"Registerkarte \u201eInstagram-Feed\u201c f\u00fcr die Facebook-Seite","h1_caption":"F\u00fcgen Sie Beitr\u00e4ge von Ihrem Instagram-Konto oder per Hashtag hinzu und bieten Sie so die beste M\u00f6glichkeit, m\u00fchelos einen dynamischen Instagram-Feed auf Ihrer Website auf Ihrer Facebook-Seite zu pr\u00e4sentieren.","application_category":[],"applications_title":"","applications_request_title":"","applications_request_button_text":"","hero_text":"","hero_video":"","hero_video_schema_markup":"","selling_points_title":"","selling_points_caption":"","selling_points":[],"selling_points_cta_text":"","features_title":"","features":"","ed_cta_examples_text":"","ed_cta_examples_hidden":"","ed_cta_demo_text":"","ed_cta_demo_hidden":"","why_caption":"","why_editor_title":"","why_editor_text":"","why_team_title":"","why_team_text":"","why_service_title":"","why_service_text":"","template_catalog_visible":"","template_catalog_title":"","template_catalog_text":"","template_catalog_categories_visible":"","demo_title":"Erstellen Sie Ihr Instagram-Feed-Widget","demo_caption":"Konfigurieren Sie Ihren Instagram-Feed und f\u00fcgen Sie ihn kostenlos zu Ihrer Facebook-Seite hinzu!","default_faq_hidden":"","app_template_category":[],"platform":"216","template_public_id":"","codecanyon_url":"","codecanyon_item_id":"","codecanyon_price":"","pricing_caption":"","pricing_elfsight_apps_hide_column":"","pricing_elfsight_apps_url":"","pricing_codecanyon_price_caption":"","integration_category":[],"integration_request_title":"","integration_request_cta":"","integration_platform":"","integrations":[],"platform_category":[],"video_schema_markup":"","price":"ab 0 $ \/ Monat","trial":"","benefits":[{"text":"Kostenlose Installationsunterst\u00fctzung"},{"text":"Au\u00dfergew\u00f6hnlicher Support"},{"text":"Lebenslange kostenlose Verbesserungen"},{"text":"14-t\u00e4gige Geld-zur\u00fcck-Garantie"}],"button_url":"#demo","button_target_blank":"","button_nofollow":"","attributes":[{"name":"Installiert","content":"100,000 - 500,000"},{"name":"Empf\u00e4nglichkeit","content":"Adaptives Design"},{"name":"Kompatible Browser","content":"Edge, Chrome, Opera, Safari, Firefox"}],"tags":[],"tags_disable_links":"","hide_more_platforms":"","video_object":"","demo_hide_cta":"","demo_hide_cloud_options":"","pricing_title":"","pricing":[{"pricing_icon":"platform","pricing_title":"Elfsight Apps","pricing_title_caption":"Plattform\u00fcbergreifende Software, die auf jeder Website funktioniert","pricing_price":"ab 0 $ \/ Monat","pricing_price_caption":"Beginnen Sie mit einem kostenlosen Plan","pricing_benefits":[{"text":"Unbegrenzte Websites"},{"text":"Professionelle Unternehmensunterst\u00fctzung"},{"text":"Kostenloser Installationsservice"},{"text":"Flexibles Design"}],"pricing_button_text":"Zur Website hinzuf\u00fcgen","pricing_button_url":"#demo"}],"related_apps_title":"","related_apps_hidden":"","author":"","image":[],"title":"","job":"","social_networks":[]},"_links":{"self":[{"href":"https:\/\/elfsight.com\/de\/wp-json\/wp\/v2\/pages\/20639","targetHints":{"allow":["GET"]}}],"collection":[{"href":"https:\/\/elfsight.com\/de\/wp-json\/wp\/v2\/pages"}],"about":[{"href":"https:\/\/elfsight.com\/de\/wp-json\/wp\/v2\/types\/page"}],"author":[{"embeddable":true,"href":"https:\/\/elfsight.com\/de\/wp-json\/wp\/v2\/users\/9"}],"replies":[{"embeddable":true,"href":"https:\/\/elfsight.com\/de\/wp-json\/wp\/v2\/comments?post=20639"}],"version-history":[{"count":2,"href":"https:\/\/elfsight.com\/de\/wp-json\/wp\/v2\/pages\/20639\/revisions"}],"predecessor-version":[{"id":21615,"href":"https:\/\/elfsight.com\/de\/wp-json\/wp\/v2\/pages\/20639\/revisions\/21615"}],"up":[{"embeddable":true,"href":"https:\/\/elfsight.com\/de\/wp-json\/wp\/v2\/pages\/29"}],"wp:attachment":[{"href":"https:\/\/elfsight.com\/de\/wp-json\/wp\/v2\/media?parent=20639"}],"curies":[{"name":"wp","href":"https:\/\/api.w.org\/{rel}","templated":true}]}}