{"id":20632,"date":"2024-05-03T06:39:22","date_gmt":"2024-05-03T06:39:22","guid":{"rendered":"https:\/\/elfsight.com\/de\/?page_id=20632"},"modified":"2024-12-24T13:16:39","modified_gmt":"2024-12-24T13:16:39","slug":"jimdo","status":"publish","type":"page","link":"https:\/\/elfsight.com\/de\/instagram-feed-instashow\/jimdo\/","title":{"rendered":"Instagram Feed &#8211; Jimdo"},"content":{"rendered":"\n<div class=\"application-platform-content-item-description application-platform-content-item\" id=\"description\" data-nav-section=\"description\"> <h2>Beschreibung<\/h2> <p>Elfsight Instagram Feed f\u00fcr Jimdo ist ein Plugin, das Ihnen bei allen aktuellen Anforderungen beim Erhalten von Eindr\u00fccken und Anfragen helfen soll von Kunden Ihrer Website. Zeigen Sie die entscheidenden Elemente zum Ausf\u00fcllen an, w\u00e4hlen Sie die erforderliche Vorlage aus und passen Sie die Benutzeroberfl\u00e4che an, um Ihre Kunden dazu zu bringen, Anfragen f\u00fcr die von Ihrem Unternehmen angebotenen Dienstleistungen zu hinterlassen. Der Instagram-Feed ist so konzipiert, dass er alle Ihre Bed\u00fcrfnisse erf\u00fcllt, Feedback zu erhalten und immer mit Ihrer Kundschaft in Kontakt zu bleiben. <\/p><p><b>F\u00fcgen Sie einen Instagram-Feed hinzu, um Ihre E-Commerce-Ziele mit weniger Aufwand zu erreichen! <\/b><\/p> <\/div> <div class=\"application-platform-content-item-features application-platform-content-item\" id=\"features\" data-nav-section=\"features\"> <h2>Hier finden Sie die grundlegenden Funktionen des Widgets: <\/h2> <ul><li>Feed von Ihrem Profil zu einer Website hinzuf\u00fcgen<\/li><li>2 gebrauchsfertige Feed-Layouts: Schieberegler und Raster<\/li><li>Zwei Beitragsvorlagen: klassisch und kachel<\/li><li>Anpassbare Anzahl von Spalten und Zeilen<\/li><li>Call-to-Action-Buttons <\/li><li>Umfassende Post-Einstellungen mit Post- und Popup-Elementen<\/li><li>Aktion bei Bildklick <\/li><\/ul><p><a href=\" #demo\">Probieren Sie alle Personalisierungsfunktionen in einer Demo mit vollem Funktionsumfang aus<\/a><\/p> <\/div> <div class=\"application-platform-content-item-installation application-platform-content-item\" id=\"installation\" data-nav-section=\"installation\"> <h2>Wie bette ich den Instagram-Feed auf meiner Jimdo-Website ein? <\/h2> <p>F\u00fchren Sie einfach die folgenden Richtlinien aus, um mit der Arbeit mit dem Widget zu beginnen. <\/p> <ol><li><b>Starten Sie unsere kostenlose Demo und beginnen Sie mit der Erstellung Ihres eigenen Widgets. <\/b><br> Bestimmen Sie die bevorzugte Form und die bevorzugten Funktionen des Widgets und nehmen Sie die \u00c4nderungen vor. <\/li> <li><b>Erhalten Sie Ihren pers\u00f6nlichen Code, der im Fenster von Elfsight Apps angezeigt wird. <\/b><br> Nachdem die Anpassung Ihres Widgets abgeschlossen ist, kopieren Sie den einzelnen Code im Popup und bewahren Sie ihn f\u00fcr sp\u00e4tere Gelegenheiten auf. <\/li> <li><b>Initiieren Sie den Einsatz des Widgets auf der Jimdo-Website. <\/b><br> Integrieren Sie den zuvor gespeicherten Code in Ihre Website und \u00fcbernehmen Sie die Korrekturen. <\/li> <li><b>Fertig! Die Integration wurde erfolgreich durchgef\u00fchrt. <\/b><br> Gehen Sie zu Ihrer Seite, um die Leistung des Widgets zu beobachten. <\/li><\/ol> <p>Wenn Sie auf Schwierigkeiten sto\u00dfen, wenden Sie sich bitte an unseren Kundendienst. Unsere Mitarbeiter helfen Ihnen gerne bei allen Schwierigkeiten, die Sie mit dem Tool haben k\u00f6nnten. <\/p> <\/div><div class=\"faq\" data-component=\"FAQ\"><div class=\"faq-item\">\r\n\t\t\t\t\t<div class=\"faq-item-question\">\r\n\t\t\t\t\t\t<h3 class=\"faq-item-question-text\">Gibt es eine M\u00f6glichkeit, Instagram-Feeds ohne Codierung in meine Jimdo-Webseite einzubetten?<\/h3>\r\n\r\n\t\t\t\t\t\t<div class=\"faq-item-question-icon\"><\/div>\r\n\t\t\t\t\t<\/div>\r\n\r\n\t\t\t\t\t<div class=\"faq-item-answer\">\r\n\t\t\t\t\t\t<div class=\"faq-item-answer-text\"><p>Die Firma Elfsight bietet diese M\u00f6glichkeit Entdecken Sie die einfachen Schritte: <\/p><ul><li>Gehen Sie zur Online-Demo, um eine Instagram-Feed-App einzurichten, die Sie Ihrer Jimdo-Website hinzuf\u00fcgen m\u00f6chten.<\/li><li>W\u00e4hlen Sie eine der vorgefertigten Vorlagen aus und \u00e4ndern Sie die Instagram-Feed-Einstellungen, aktualisieren Sie Ihre Inhalte, \u00e4ndern Sie das Layout und die Farben ohne Programmieraufwand.<\/li><li>Klicken Sie hier, um den Instagram-Feed zu speichern und Plugins zu erhalten Installationscode, der in Ihre Jimdo-Homepage eingebettet werden kann, ohne dass Sie eine kostenpflichtige Version kaufen m\u00fcssen. <\/li><\/ul><p>Mit dem benutzerfreundlichen Konfigurator kann jeder Webbenutzer einen Instagram-Feed erstellen und ihn m\u00fchelos zur Jimdo-Webseite hinzuf\u00fcgen. Sie m\u00fcssen nicht bezahlen oder Ihre Kartendaten \u00fcbermitteln, um Elfsight Editor zu betreten. Wenn Sie auf Hindernisse jeglicher Art sto\u00dfen, wenden Sie sich bitte an unsere Support-Mitarbeiter.<\/p><\/div>\r\n\t\t\t\t\t<\/div>\r\n\t\t\t\t<\/div><div class=\"faq-item\">\r\n\t\t\t\t\t<div class=\"faq-item-question\">\r\n\t\t\t\t\t\t<h3 class=\"faq-item-question-text\">Wie binde ich Instagram-Feeds kostenlos auf Jimdo ein?<\/h3>\r\n\r\n\t\t\t\t\t\t<div class=\"faq-item-question-icon\"><\/div>\r\n\t\t\t\t\t<\/div>\r\n\r\n\t\t\t\t\t<div class=\"faq-item-answer\">\r\n\t\t\t\t\t\t<div class=\"faq-item-answer-text\"><ol><p>Einbetten eines Der Instagram-Feed auf Ihrer Jimdo-Website ist eine bemerkenswerte M\u00f6glichkeit, Ihre neuesten Beitr\u00e4ge zu pr\u00e4sentieren und das Besucherengagement hoch zu halten.<\/p><ol><li>An <a href=\"https:\/\/elfsight.com\/blog\/how-to-embed-instagram-feed-on-website\/\" target=\"_blank\" rel=\"noopener\">Instagram-Feed<\/a> kostenlos auf Jimdo einbetten, gehen Sie zur Elfsight-Website und richten Sie ein kostenloses Konto ein.<\/li><li>Nutzen Sie den kostenlosen Instagram-Feed Widget, indem Sie dessen Erscheinungsbild und Einstellungen so anpassen, dass sie mit der \u00c4sthetik Ihrer Jimdo-Seite harmonieren.<\/li><li>Nachdem Sie Ihren Instagram-Feed kostenlos verfeinert haben, kopieren Sie den eindeutigen Einbettungscode und f\u00fcgen Sie ihn an der gew\u00fcnschten Stelle in den HTML-Code Ihrer Jimdo-Seite ein der Feed, der pr\u00e4sentiert werden soll.<\/li><\/ol><p>Durch die Einbindung Ihres Instagram-Feeds in Ihre Jimdo-Website steigern Sie deren visuellen Charme und sorgen f\u00fcr eine konsistente Besucherinteraktion. Nutzen Sie die Vorteile des Elfsight Instagram-Widgets kostenlos!<\/p><\/ol><\/div>\r\n\t\t\t\t\t<\/div>\r\n\t\t\t\t<\/div><\/div>\n","protected":false},"excerpt":{"rendered":"","protected":false},"author":9,"featured_media":0,"parent":29,"menu_order":0,"comment_status":"closed","ping_status":"closed","template":"templates\/template-application-platform.php","meta":{"publish_to_discourse":"","publish_post_category":"","wpdc_auto_publish_overridden":"","wpdc_topic_tags":"","wpdc_pin_topic":"","wpdc_pin_until":"","discourse_post_id":"","discourse_permalink":"","wpdc_publishing_response":"","wpdc_publishing_error":"","footnotes":""},"class_list":["post-20632","page","type-page","status-publish","hentry"],"yoast_head":"<!-- This site is optimized with the Yoast SEO plugin v25.3.1 - https:\/\/yoast.com\/wordpress\/plugins\/seo\/ -->\n<title>Instagram-Feed \u2013 Instagram-Widget zur Jimdo-Website hinzuf\u00fcgen<\/title>\n<meta name=\"description\" content=\"Testen Sie jetzt das Premium-Instagram-Widget f\u00fcr die Jimdo-Seite! Erstellen Sie in nur 2 Minuten einen personalisierten Instagram-Feed auf Elfsight.\" \/>\n<meta name=\"robots\" content=\"index, follow, max-snippet:-1, max-image-preview:large, max-video-preview:-1\" \/>\n<link rel=\"canonical\" href=\"https:\/\/elfsight.com\/de\/instagram-feed-instashow\/jimdo\/\" \/>\n<meta property=\"og:locale\" content=\"de_DE\" \/>\n<meta property=\"og:type\" content=\"article\" \/>\n<meta property=\"og:title\" content=\"Instagram-Feed \u2013 Instagram-Widget zur Jimdo-Website hinzuf\u00fcgen\" \/>\n<meta property=\"og:description\" content=\"Testen Sie jetzt das Premium-Instagram-Widget f\u00fcr die Jimdo-Seite! Erstellen Sie in nur 2 Minuten einen personalisierten Instagram-Feed auf Elfsight.\" \/>\n<meta property=\"og:url\" content=\"https:\/\/elfsight.com\/de\/instagram-feed-instashow\/jimdo\/\" \/>\n<meta property=\"og:site_name\" content=\"Elfsight DE\" \/>\n<meta property=\"article:modified_time\" content=\"2024-12-24T13:16:39+00:00\" \/>\n<meta name=\"twitter:card\" content=\"summary_large_image\" \/>\n<meta name=\"twitter:label1\" content=\"Gesch\u00e4tzte Lesezeit\" \/>\n\t<meta name=\"twitter:data1\" content=\"4\u00a0Minuten\" \/>\n<!-- \/ Yoast SEO plugin. -->","yoast_head_json":{"title":"Instagram-Feed \u2013 Instagram-Widget zur Jimdo-Website hinzuf\u00fcgen","description":"Testen Sie jetzt das Premium-Instagram-Widget f\u00fcr die Jimdo-Seite! Erstellen Sie in nur 2 Minuten einen personalisierten Instagram-Feed auf Elfsight.","robots":{"index":"index","follow":"follow","max-snippet":"max-snippet:-1","max-image-preview":"max-image-preview:large","max-video-preview":"max-video-preview:-1"},"canonical":"https:\/\/elfsight.com\/de\/instagram-feed-instashow\/jimdo\/","og_locale":"de_DE","og_type":"article","og_title":"Instagram-Feed \u2013 Instagram-Widget zur Jimdo-Website hinzuf\u00fcgen","og_description":"Testen Sie jetzt das Premium-Instagram-Widget f\u00fcr die Jimdo-Seite! Erstellen Sie in nur 2 Minuten einen personalisierten Instagram-Feed auf Elfsight.","og_url":"https:\/\/elfsight.com\/de\/instagram-feed-instashow\/jimdo\/","og_site_name":"Elfsight DE","article_modified_time":"2024-12-24T13:16:39+00:00","twitter_card":"summary_large_image","twitter_misc":{"Gesch\u00e4tzte Lesezeit":"4\u00a0Minuten"},"schema":{"@context":"https:\/\/schema.org","@graph":[{"@type":"WebPage","@id":"https:\/\/elfsight.com\/de\/instagram-feed-instashow\/jimdo\/","url":"https:\/\/elfsight.com\/de\/instagram-feed-instashow\/jimdo\/","name":"Instagram-Feed \u2013 Instagram-Widget zur Jimdo-Website hinzuf\u00fcgen","isPartOf":{"@id":"https:\/\/elfsight.com\/de\/#website"},"datePublished":"2024-05-03T06:39:22+00:00","dateModified":"2024-12-24T13:16:39+00:00","description":"Testen Sie jetzt das Premium-Instagram-Widget f\u00fcr die Jimdo-Seite! Erstellen Sie in nur 2 Minuten einen personalisierten Instagram-Feed auf Elfsight.","breadcrumb":{"@id":"https:\/\/elfsight.com\/de\/instagram-feed-instashow\/jimdo\/#breadcrumb"},"inLanguage":"de","potentialAction":[{"@type":"ReadAction","target":["https:\/\/elfsight.com\/de\/instagram-feed-instashow\/jimdo\/"]}]},{"@type":"BreadcrumbList","@id":"https:\/\/elfsight.com\/de\/instagram-feed-instashow\/jimdo\/#breadcrumb","itemListElement":[{"@type":"ListItem","position":1,"name":"Home","item":"https:\/\/elfsight.com\/de\/"},{"@type":"ListItem","position":2,"name":"Instagram Feed","item":"https:\/\/elfsight.com\/de\/instagram-feed-instashow\/"},{"@type":"ListItem","position":3,"name":"Instagram Feed &#8211; Jimdo"}]},{"@type":"WebSite","@id":"https:\/\/elfsight.com\/de\/#website","url":"https:\/\/elfsight.com\/de\/","name":"Elfsight DE","description":"Just another Elfsight Sites site","potentialAction":[{"@type":"SearchAction","target":{"@type":"EntryPoint","urlTemplate":"https:\/\/elfsight.com\/de\/?s={search_term_string}"},"query-input":{"@type":"PropertyValueSpecification","valueRequired":true,"valueName":"search_term_string"}}],"inLanguage":"de"}]}},"meta_box":{"industry":"","seo_heading":"","heading":"","description":"","cta_heading":"","cta_description":"","application":"14","h1":"Instagram-Feed-Widget f\u00fcr Jimdo","h1_caption":"F\u00fcgen Sie Beitr\u00e4ge von Ihrem Instagram-Konto oder per Hashtag hinzu und bieten Sie so die beste M\u00f6glichkeit, m\u00fchelos einen dynamischen Instagram-Feed auf Ihrer Website auf Ihrer Jimdo-Website zu pr\u00e4sentieren.","application_category":[],"applications_title":"","applications_request_title":"","applications_request_button_text":"","hero_text":"","hero_video":"","hero_video_schema_markup":"","selling_points_title":"","selling_points_caption":"","selling_points":[],"selling_points_cta_text":"","features_title":"","features":"","ed_cta_examples_text":"","ed_cta_examples_hidden":"","ed_cta_demo_text":"","ed_cta_demo_hidden":"","why_caption":"","why_editor_title":"","why_editor_text":"","why_team_title":"","why_team_text":"","why_service_title":"","why_service_text":"","template_catalog_visible":"0","template_catalog_title":"","template_catalog_text":"","template_catalog_categories_visible":"","demo_title":"Erstellen Sie Ihr Instagram-Feed-Widget","demo_caption":"Konfigurieren Sie Ihren Instagram-Feed und f\u00fcgen Sie ihn kostenlos zu Ihrer Jimdo-Website hinzu!","default_faq_hidden":"","app_template_category":[],"platform":"239","template_public_id":"","codecanyon_url":"","codecanyon_item_id":"","codecanyon_price":"","pricing_caption":"","pricing_elfsight_apps_hide_column":"","pricing_elfsight_apps_url":"","pricing_codecanyon_price_caption":"","integration_category":[],"integration_request_title":"","integration_request_cta":"","integration_platform":"","integrations":[],"platform_category":[],"video_schema_markup":"","price":"ab 0 $ \/ Monat","trial":"","benefits":[{"text":"Kostenlose Installationshilfe"},{"text":"Kompetenter Kundenservice"},{"text":"14-t\u00e4gige R\u00fcckerstattungsgarantie"},{"text":"St\u00e4ndige Aktualisierung"}],"button_url":"#demo","button_target_blank":"0","button_nofollow":"0","attributes":[{"name":"Installiert","content":"100,000 - 500,000"},{"name":"Reaktionsfreudig","content":"Ja"},{"name":"Kompatible Browser","content":"Firefox, Safari, Opera, Chrome, Edge"}],"tags":[],"tags_disable_links":"0","hide_more_platforms":"","video_object":"","demo_hide_cta":"0","demo_hide_cloud_options":"0","pricing_title":"","pricing":[{"pricing_icon":"platform","pricing_title":"Elfsight Apps","pricing_title_caption":"Multiplattform-L\u00f6sung, die f\u00fcr jeden Standort geeignet ist","pricing_price":"ab 0 $ \/ Monat","pricing_price_caption":"Beginnen Sie mit einem kostenlosen Plan","pricing_benefits":[{"text":"Unbegrenzte Domains"},{"text":"Kostenloser Kundensupport"},{"text":"Kostenlose Installationsunterst\u00fctzung"},{"text":"V\u00f6llig anpassbar"}],"pricing_button_text":"Zur Website hinzuf\u00fcgen","pricing_button_url":"#demo"}],"related_apps_title":"","related_apps_hidden":"0","author":"","image":[],"title":"","job":"","social_networks":[]},"_links":{"self":[{"href":"https:\/\/elfsight.com\/de\/wp-json\/wp\/v2\/pages\/20632","targetHints":{"allow":["GET"]}}],"collection":[{"href":"https:\/\/elfsight.com\/de\/wp-json\/wp\/v2\/pages"}],"about":[{"href":"https:\/\/elfsight.com\/de\/wp-json\/wp\/v2\/types\/page"}],"author":[{"embeddable":true,"href":"https:\/\/elfsight.com\/de\/wp-json\/wp\/v2\/users\/9"}],"replies":[{"embeddable":true,"href":"https:\/\/elfsight.com\/de\/wp-json\/wp\/v2\/comments?post=20632"}],"version-history":[{"count":4,"href":"https:\/\/elfsight.com\/de\/wp-json\/wp\/v2\/pages\/20632\/revisions"}],"predecessor-version":[{"id":23400,"href":"https:\/\/elfsight.com\/de\/wp-json\/wp\/v2\/pages\/20632\/revisions\/23400"}],"up":[{"embeddable":true,"href":"https:\/\/elfsight.com\/de\/wp-json\/wp\/v2\/pages\/29"}],"wp:attachment":[{"href":"https:\/\/elfsight.com\/de\/wp-json\/wp\/v2\/media?parent=20632"}],"curies":[{"name":"wp","href":"https:\/\/api.w.org\/{rel}","templated":true}]}}