{"id":20630,"date":"2024-05-03T06:39:20","date_gmt":"2024-05-03T06:39:20","guid":{"rendered":"https:\/\/elfsight.com\/de\/?page_id=20630"},"modified":"2024-12-18T14:55:58","modified_gmt":"2024-12-18T14:55:58","slug":"bigcommerce","status":"publish","type":"page","link":"https:\/\/elfsight.com\/de\/google-reviews-widget\/bigcommerce\/","title":{"rendered":"Google Reviews &#8211; BigCommerce"},"content":{"rendered":"\n<div class=\"application-platform-content-item-description application-platform-content-item\" id=\"description\" data-nav-section=\"description\"> \n<h2>Google-Bewertungen in BigCommerce einbetten<\/h2> \n\n<p>M\u00f6chten Sie die Glaubw\u00fcrdigkeit Ihrer BigCommerce-Website steigern? Das Anzeigen von Google-Bewertungen auf Ihren Seiten ist eine gro\u00dfartige Methode: Es wird Kunden ansprechen und die Verkaufszahlen erh\u00f6hen. Es gibt mehrere M\u00f6glichkeiten, das Kundenfeedback in Ihre Website zu integrieren, darunter das Elfsight Google-Bewertungen-Widget \u2013 eine No-Code-L\u00f6sung, die nicht zeitaufwendig ist und kostenlos genutzt werden kann.<\/p>\n<\/div> \n\n<div class=\"application-platform-content-item-features application-platform-content-item\" id=\"features\" data-nav-section=\"features\"> \n<h2>Funktionen<\/h2> \n<p>Um die App besser zu verstehen, k\u00f6nnen Sie sich die wichtigsten Funktionen ansehen. Diese machen die App unglaublich effizient f\u00fcr Ihre BigCommerce-Website:<\/p> \n\n<ul> \n<li><strong>Einfache Verbindung von Bewertungen.<\/strong> Sie k\u00f6nnen Ihre Google Place ID verwenden oder einfach den Namen und die Adresse des Unternehmens eingeben. Auch wenn Sie keine physische Adresse nutzen, ist das kein Problem.<\/li> \n<li><strong>Moderation und Filter f\u00fcr Bewertungen.<\/strong> Mit Elfsight k\u00f6nnen Sie problemlos verschiedene Filter anpassen und nur relevante Google-Bewertungen anzeigen. Beispielsweise k\u00f6nnen Sie die Mindestbewertung festlegen, die angezeigt werden soll, oder bestimmte Autoren im Widget ausblenden.<\/li> \n<li><strong>Button f\u00fcr mehr Bewertungen.<\/strong> F\u00fcgen Sie einfach einen anpassbaren Call-to-Action-Button zu Ihrem Bewertungsblock hinzu, damit Kunden ihr Feedback hinterlassen k\u00f6nnen.<\/li> \n<li><strong>Sterne-Snippet zur Erh\u00f6hung des Google-Traffics.<\/strong> Heben Sie sich von Ihren Mitbewerbern ab, indem Sie Markup aktivieren, damit Sterne in den Suchergebnissen angezeigt werden. Dieses Upgrade hilft Ihnen, Aufmerksamkeit zu erregen und Ihre Klickrate zu steigern.<\/li> \n<li><strong>Erweiterte Designanpassung.<\/strong> W\u00e4hlen Sie aus verschiedenen Layouts wie Slider, Liste, Mauerwerk, Raster, Karussell, Floating Badge und mehr. Passen Sie die Details jeder Bewertung an, wie Titel, Badges, Namen und Sterne, um sie nahtlos an Ihr Design anzupassen.<\/li> \n<\/ul>\n<p><a href=\"#demo\" data-scroll-to=\"demo\">Entdecken Sie alle Funktionen in der Demo<\/a><\/p>\n\n<\/div> \n<div class=\"application-platform-content-item-installation application-platform-content-item\" id=\"installation\" data-nav-section=\"installation\"> \n<h2>So binden Sie Google-Bewertungen in Ihre BigCommerce-Website ein<\/h2> \n<iframe width=\"720\" height=\"405\" src=\"https:\/\/www.youtube.com\/embed\/mHu12-4gtWQ\" frameborder=\"0\" allowfullscreen=\"\"><\/iframe>\n<p>Folgen Sie dieser einfachen Anleitung, um die App auf Ihrer BigCommerce-Website einzurichten. Es dauert nur wenige Minuten und erfordert keine Programmierkenntnisse.<\/p> \n<ol>\n<li><strong>Erstellen Sie Ihre individuelle Google-Bewertungen-App<\/strong><br> \nW\u00e4hlen Sie eine passende Vorlage in der Demo, verbinden Sie Ihre Kundenbewertungen und erhalten Sie ein Plugin mit bevorzugtem Stil und Funktionen.<\/li>\n\n<li><strong>Erhalten Sie den individuellen Code zur Einbettung der App<\/strong><br> \nSobald Sie Ihre App erstellt haben, erhalten Sie den individuellen Code in Ihrem Dashboard. Kopieren Sie den Code, der alle Details zu den Einstellungen Ihrer App enth\u00e4lt.<\/li> \n\n<li><strong>Zeigen Sie die App auf Ihrer BigCommerce-Website an<\/strong><br> \nW\u00e4hlen Sie die Bereiche Ihrer Website aus, in denen Sie die App platzieren m\u00f6chten, und f\u00fcgen Sie den Code dort ein. Speichern Sie die \u00c4nderungen.<\/li> \n<\/ol>\n\n<p>Das war\u2019s! \u00dcberpr\u00fcfen Sie, wie die App auf Ihrer Website funktioniert.<\/p> \n\n<p>Haben Sie immer noch Probleme beim Einbetten von Google-Bewertungen auf einer BigCommerce-Website? Dann empfehlen wir unseren Artikel \u00fcber <a href=\"https:\/\/elfsight.com\/blog\/how-to-embed-google-reviews-on-website\/\" target=\"_blank\" rel=\"noopener\">das Hinzuf\u00fcgen von Google-Bewertungen zu Ihrer Website<\/a>.<\/p> \n\n<\/div>\n\n<div class=\"faq\" data-component=\"FAQ\">\n<div class=\"faq-item\">\r\n\t\t\t\t\t<div class=\"faq-item-question\">\r\n\t\t\t\t\t\t<h3 class=\"faq-item-question-text\">Ist das Google-Bewertungen-Widget f\u00fcr BigCommerce kostenlos?<\/h3>\r\n\r\n\t\t\t\t\t\t<div class=\"faq-item-question-icon\"><\/div>\r\n\t\t\t\t\t<\/div>\r\n\r\n\t\t\t\t\t<div class=\"faq-item-answer\">\r\n\t\t\t\t\t\t<div class=\"faq-item-answer-text\">\nJa, auf jeden Fall! Jeder Elfsight-Kunde kann sein Google-Bewertungen-Widget anpassen und kostenlos in BigCommerce einbetten. Alle oben beschriebenen Funktionen stehen Ihnen zur Verf\u00fcgung.\n<\/div>\r\n\t\t\t\t\t<\/div>\r\n\t\t\t\t<\/div>\n<div class=\"faq-item\">\r\n\t\t\t\t\t<div class=\"faq-item-question\">\r\n\t\t\t\t\t\t<h3 class=\"faq-item-question-text\">Warum sollte ich Bewertungen zu BigCommerce hinzuf\u00fcgen?<\/h3>\r\n\r\n\t\t\t\t\t\t<div class=\"faq-item-question-icon\"><\/div>\r\n\t\t\t\t\t<\/div>\r\n\r\n\t\t\t\t\t<div class=\"faq-item-answer\">\r\n\t\t\t\t\t\t<div class=\"faq-item-answer-text\">\nGoogle-Bewertungen steigern die Glaubw\u00fcrdigkeit Ihres Unternehmens. Potenzielle Kunden erwarten oft, die Erfahrungen anderer Nutzer zu lesen, die Ihre Dienstleistungen in Anspruch genommen haben. Binden Sie Kundenfeedback auf Ihrer Website ein, um zu zeigen, was Kunden an Ihrem Unternehmen sch\u00e4tzen.\n<\/div>\r\n\t\t\t\t\t<\/div>\r\n\t\t\t\t<\/div>\n<div class=\"faq-item\">\r\n\t\t\t\t\t<div class=\"faq-item-question\">\r\n\t\t\t\t\t\t<h3 class=\"faq-item-question-text\">Kann ich andere Bewertungen zu BigCommerce hinzuf\u00fcgen?<\/h3>\r\n\r\n\t\t\t\t\t\t<div class=\"faq-item-question-icon\"><\/div>\r\n\t\t\t\t\t<\/div>\r\n\r\n\t\t\t\t\t<div class=\"faq-item-answer\">\r\n\t\t\t\t\t\t<div class=\"faq-item-answer-text\">\nNat\u00fcrlich. Sie k\u00f6nnen Widgets wie <a href=\"https:\/\/elfsight.com\/facebook-reviews-widget\/bigcommerce\/\" target=\"_blank\" rel=\"noreferrer noopener\">Facebook-Bewertungen<\/a>, <a href=\"https:\/\/elfsight.com\/amazon-reviews-widget\/bigcommerce\/\" target=\"_blank\" rel=\"noreferrer noopener\">Amazon-Bewertungen<\/a>, <a href=\"https:\/\/elfsight.com\/tripadvisor-reviews-widget\/bigcommerce\/\" target=\"_blank\" rel=\"noreferrer noopener\">Tripadvisor-Bewertungen<\/a> oder <a href=\"https:\/\/elfsight.com\/testimonials-slider-widget\/bigcommerce\/\" target=\"_blank\" rel=\"noreferrer noopener\">Testimonials Slider<\/a> ausprobieren. Diese helfen Ihnen, verschiedene Plattformen mit Ihrer Website zu verbinden und die Bewertungen von den Websites zu teilen, auf denen Kunden \u00fcber Ihr Unternehmen sprechen.\n<\/div>\r\n\t\t\t\t\t<\/div>\r\n\t\t\t\t<\/div>\n<div class=\"faq-item\">\r\n\t\t\t\t\t<div class=\"faq-item-question\">\r\n\t\t\t\t\t\t<h3 class=\"faq-item-question-text\">Warum sollte ich Google-Bewertungen mit Elfsight in BigCommerce einbetten?<\/h3>\r\n\r\n\t\t\t\t\t\t<div class=\"faq-item-question-icon\"><\/div>\r\n\t\t\t\t\t<\/div>\r\n\r\n\t\t\t\t\t<div class=\"faq-item-answer\">\r\n\t\t\t\t\t\t<div class=\"faq-item-answer-text\">\nElfsight bietet eine einfache M\u00f6glichkeit, Google-Bewertungen in Ihre Website einzubetten, ohne dass Sie programmieren oder Skripte schreiben m\u00fcssen. Diese anpassbare App kann problemlos in BigCommerce oder jede andere Website-Plattform integriert werden. Vor allem sch\u00e4tzen unsere Nutzer die wertvollen Funktionen, die Ihnen helfen, die St\u00e4rken Ihres Unternehmens hervorzuheben.\n<\/div>\r\n\t\t\t\t\t<\/div>\r\n\t\t\t\t<\/div>\n<\/div>\n\n\n\n<p><\/p>\n","protected":false},"excerpt":{"rendered":"","protected":false},"author":9,"featured_media":0,"parent":69,"menu_order":0,"comment_status":"closed","ping_status":"closed","template":"templates\/template-application-platform.php","meta":{"publish_to_discourse":"","publish_post_category":"","wpdc_auto_publish_overridden":"","wpdc_topic_tags":"","wpdc_pin_topic":"","wpdc_pin_until":"","discourse_post_id":"","discourse_permalink":"","wpdc_publishing_response":"","wpdc_publishing_error":"","footnotes":""},"class_list":["post-20630","page","type-page","status-publish","hentry"],"yoast_head":"<!-- This site is optimized with the Yoast SEO plugin v25.3.1 - https:\/\/yoast.com\/wordpress\/plugins\/seo\/ -->\n<title>Betten Sie Google-Bewertungen in BigCommerce ein \u2013 f\u00fcgen Sie Bewertungen in 2 Minuten zu einer Website hinzu!<\/title>\n<meta name=\"description\" content=\"Erstellen Sie mit Elfsight Ihre Google-Bewertungen und ver\u00f6ffentlichen Sie sie im Handumdrehen in einem BigCommerce-Shop. Wir bieten kostenlosen Kundenservice und weitere Boni.\" \/>\n<meta name=\"robots\" content=\"index, follow, max-snippet:-1, max-image-preview:large, max-video-preview:-1\" \/>\n<link rel=\"canonical\" href=\"https:\/\/elfsight.com\/de\/google-reviews-widget\/bigcommerce\/\" \/>\n<meta property=\"og:locale\" content=\"de_DE\" \/>\n<meta property=\"og:type\" content=\"article\" \/>\n<meta property=\"og:title\" content=\"Betten Sie Google-Bewertungen in BigCommerce ein \u2013 f\u00fcgen Sie Bewertungen in 2 Minuten zu einer Website hinzu!\" \/>\n<meta property=\"og:description\" content=\"Erstellen Sie mit Elfsight Ihre Google-Bewertungen und ver\u00f6ffentlichen Sie sie im Handumdrehen in einem BigCommerce-Shop. Wir bieten kostenlosen Kundenservice und weitere Boni.\" \/>\n<meta property=\"og:url\" content=\"https:\/\/elfsight.com\/de\/google-reviews-widget\/bigcommerce\/\" \/>\n<meta property=\"og:site_name\" content=\"Elfsight DE\" \/>\n<meta property=\"article:modified_time\" content=\"2024-12-18T14:55:58+00:00\" \/>\n<meta name=\"twitter:card\" content=\"summary_large_image\" \/>\n<meta name=\"twitter:label1\" content=\"Gesch\u00e4tzte Lesezeit\" \/>\n\t<meta name=\"twitter:data1\" content=\"4\u00a0Minuten\" \/>\n<!-- \/ Yoast SEO plugin. -->","yoast_head_json":{"title":"Betten Sie Google-Bewertungen in BigCommerce ein \u2013 f\u00fcgen Sie Bewertungen in 2 Minuten zu einer Website hinzu!","description":"Erstellen Sie mit Elfsight Ihre Google-Bewertungen und ver\u00f6ffentlichen Sie sie im Handumdrehen in einem BigCommerce-Shop. Wir bieten kostenlosen Kundenservice und weitere Boni.","robots":{"index":"index","follow":"follow","max-snippet":"max-snippet:-1","max-image-preview":"max-image-preview:large","max-video-preview":"max-video-preview:-1"},"canonical":"https:\/\/elfsight.com\/de\/google-reviews-widget\/bigcommerce\/","og_locale":"de_DE","og_type":"article","og_title":"Betten Sie Google-Bewertungen in BigCommerce ein \u2013 f\u00fcgen Sie Bewertungen in 2 Minuten zu einer Website hinzu!","og_description":"Erstellen Sie mit Elfsight Ihre Google-Bewertungen und ver\u00f6ffentlichen Sie sie im Handumdrehen in einem BigCommerce-Shop. Wir bieten kostenlosen Kundenservice und weitere Boni.","og_url":"https:\/\/elfsight.com\/de\/google-reviews-widget\/bigcommerce\/","og_site_name":"Elfsight DE","article_modified_time":"2024-12-18T14:55:58+00:00","twitter_card":"summary_large_image","twitter_misc":{"Gesch\u00e4tzte Lesezeit":"4\u00a0Minuten"},"schema":{"@context":"https:\/\/schema.org","@graph":[{"@type":"WebPage","@id":"https:\/\/elfsight.com\/de\/google-reviews-widget\/bigcommerce\/","url":"https:\/\/elfsight.com\/de\/google-reviews-widget\/bigcommerce\/","name":"Betten Sie Google-Bewertungen in BigCommerce ein \u2013 f\u00fcgen Sie Bewertungen in 2 Minuten zu einer Website hinzu!","isPartOf":{"@id":"https:\/\/elfsight.com\/de\/#website"},"datePublished":"2024-05-03T06:39:20+00:00","dateModified":"2024-12-18T14:55:58+00:00","description":"Erstellen Sie mit Elfsight Ihre Google-Bewertungen und ver\u00f6ffentlichen Sie sie im Handumdrehen in einem BigCommerce-Shop. Wir bieten kostenlosen Kundenservice und weitere Boni.","breadcrumb":{"@id":"https:\/\/elfsight.com\/de\/google-reviews-widget\/bigcommerce\/#breadcrumb"},"inLanguage":"de","potentialAction":[{"@type":"ReadAction","target":["https:\/\/elfsight.com\/de\/google-reviews-widget\/bigcommerce\/"]}]},{"@type":"BreadcrumbList","@id":"https:\/\/elfsight.com\/de\/google-reviews-widget\/bigcommerce\/#breadcrumb","itemListElement":[{"@type":"ListItem","position":1,"name":"Home","item":"https:\/\/elfsight.com\/de\/"},{"@type":"ListItem","position":2,"name":"Google Reviews","item":"https:\/\/elfsight.com\/de\/google-reviews-widget\/"},{"@type":"ListItem","position":3,"name":"Google Reviews &#8211; BigCommerce"}]},{"@type":"WebSite","@id":"https:\/\/elfsight.com\/de\/#website","url":"https:\/\/elfsight.com\/de\/","name":"Elfsight DE","description":"Just another Elfsight Sites site","potentialAction":[{"@type":"SearchAction","target":{"@type":"EntryPoint","urlTemplate":"https:\/\/elfsight.com\/de\/?s={search_term_string}"},"query-input":{"@type":"PropertyValueSpecification","valueRequired":true,"valueName":"search_term_string"}}],"inLanguage":"de"}]}},"meta_box":{"industry":"","seo_heading":"","heading":"","description":"","cta_heading":"","cta_description":"","application":"60","h1":"BigCommerce Google Reviews-App","h1_caption":"Betten Sie Bewertungen Ihres Standorts von Google nahtlos ein, um die besten Kundeneindr\u00fccke m\u00fchelos in Ihr Website-Erlebnis auf Ihrer BigCommerce-Website zu integrieren.","application_category":[],"applications_title":"","applications_request_title":"","applications_request_button_text":"","hero_text":"","hero_video":"","hero_video_schema_markup":"","selling_points_title":"","selling_points_caption":"","selling_points":[],"selling_points_cta_text":"","features_title":"","features":"","ed_cta_examples_text":"","ed_cta_examples_hidden":"","ed_cta_demo_text":"","ed_cta_demo_hidden":"","why_caption":"","why_editor_title":"","why_editor_text":"","why_team_title":"","why_team_text":"","why_service_title":"","why_service_text":"","template_catalog_visible":"0","template_catalog_title":"","template_catalog_text":"","template_catalog_categories_visible":"","demo_title":"Erstellen Sie Ihre Google Reviews-App","demo_caption":"Konfigurieren Sie Ihre Google-Bewertungen und f\u00fcgen Sie sie kostenlos zu Ihrer BigCommerce-Website hinzu!","default_faq_hidden":"","app_template_category":[],"platform":"268","template_public_id":"","codecanyon_url":"","codecanyon_item_id":"","codecanyon_price":"","pricing_caption":"","pricing_elfsight_apps_hide_column":"","pricing_elfsight_apps_url":"","pricing_codecanyon_price_caption":"","integration_category":[],"integration_request_title":"","integration_request_cta":"","integration_platform":"","integrations":[],"platform_category":[],"video_schema_markup":"","price":"ab 0 $ \/ Monat","trial":"","benefits":[{"text":"Kostenloser Installationsservice"},{"text":"Erfahrener Kundensupport"},{"text":"14-t\u00e4gige R\u00fcckerstattungsgarantie"},{"text":"Kontinuierliche kostenlose Verbesserungen"}],"button_url":"#demo","button_target_blank":"0","button_nofollow":"0","attributes":[{"name":"Installiert","content":"100,000 - 500,000"},{"name":"Reaktionsfreudig","content":"Ja"},{"name":"Kompatible Browser","content":"Firefox, Safari, Opera, Chrome, Edge"}],"tags":[],"tags_disable_links":"0","hide_more_platforms":"","video_object":"","demo_hide_cta":"0","demo_hide_cloud_options":"0","pricing_title":"","pricing":[{"pricing_icon":"platform","pricing_title":"Elfsight Apps","pricing_title_caption":"Plattformunabh\u00e4ngige Version, die auf jeder Site funktioniert","pricing_price":"ab 0 $ \/ Monat","pricing_price_caption":"Beginnen Sie mit einem kostenlosen Plan","pricing_benefits":[{"text":"Unbegrenzte Websites"},{"text":"Engagierte Unterst\u00fctzung"},{"text":"Kostenloser Installationssupport"},{"text":"Vollst\u00e4ndig anpassbar"}],"pricing_button_text":"Zur Website hinzuf\u00fcgen","pricing_button_url":"#demo"}],"related_apps_title":"","related_apps_hidden":"0","author":"","image":[],"title":"","job":"","social_networks":[]},"_links":{"self":[{"href":"https:\/\/elfsight.com\/de\/wp-json\/wp\/v2\/pages\/20630","targetHints":{"allow":["GET"]}}],"collection":[{"href":"https:\/\/elfsight.com\/de\/wp-json\/wp\/v2\/pages"}],"about":[{"href":"https:\/\/elfsight.com\/de\/wp-json\/wp\/v2\/types\/page"}],"author":[{"embeddable":true,"href":"https:\/\/elfsight.com\/de\/wp-json\/wp\/v2\/users\/9"}],"replies":[{"embeddable":true,"href":"https:\/\/elfsight.com\/de\/wp-json\/wp\/v2\/comments?post=20630"}],"version-history":[{"count":3,"href":"https:\/\/elfsight.com\/de\/wp-json\/wp\/v2\/pages\/20630\/revisions"}],"predecessor-version":[{"id":23338,"href":"https:\/\/elfsight.com\/de\/wp-json\/wp\/v2\/pages\/20630\/revisions\/23338"}],"up":[{"embeddable":true,"href":"https:\/\/elfsight.com\/de\/wp-json\/wp\/v2\/pages\/69"}],"wp:attachment":[{"href":"https:\/\/elfsight.com\/de\/wp-json\/wp\/v2\/media?parent=20630"}],"curies":[{"name":"wp","href":"https:\/\/api.w.org\/{rel}","templated":true}]}}