{"id":20629,"date":"2024-05-03T06:39:19","date_gmt":"2024-05-03T06:39:19","guid":{"rendered":"https:\/\/elfsight.com\/de\/?page_id=20629"},"modified":"2024-12-18T15:08:23","modified_gmt":"2024-12-18T15:08:23","slug":"blogger","status":"publish","type":"page","link":"https:\/\/elfsight.com\/de\/google-reviews-widget\/blogger\/","title":{"rendered":"Google Reviews &#8211; Blogger"},"content":{"rendered":"\n<div class=\"application-platform-content-item-description application-platform-content-item\" id=\"description\" data-nav-section=\"description\"> \n<h2>Google-Bewertungen auf Blogger einbetten<\/h2> \n\n<p>M\u00f6chten Sie die Glaubw\u00fcrdigkeit Ihrer Blogger-Website erh\u00f6hen? Das Anzeigen von Google-Bewertungen auf Ihren Seiten ist eine clevere Strategie: Es wird Kunden ansprechen und Ihre Verkaufszahlen steigern. Es gibt mehrere Methoden, um Ihr Kundenfeedback auf der Website hinzuzuf\u00fcgen. Eine davon ist Elfsight Google-Bewertungen \u2013 eine einfache, codefreie L\u00f6sung, die wenig Zeit in Anspruch nimmt und kostenlos genutzt werden kann.<\/p>\n<\/div> \n\n<div class=\"application-platform-content-item-features application-platform-content-item\" id=\"features\" data-nav-section=\"features\"> \n<h2>Funktionen<\/h2> \n<p>Um das Widget besser zu verstehen, k\u00f6nnen Sie die wichtigsten Funktionen erkunden. Diese machen das Widget zu einem unverzichtbaren Tool f\u00fcr Ihre Blogger-Website:<\/p> \n\n<ul> \n<li><strong>Einfache Verbindung der Bewertungen. <\/strong> Sie k\u00f6nnen Ihre Google Place ID verwenden oder einfach den Namen und die Adresse Ihres Unternehmens eingeben. Auch wenn Sie keine physische Adresse haben, ist das kein Problem. <\/li> \n<li><strong>Moderation &amp; Filter f\u00fcr Bewertungen. <\/strong> Mit Elfsight k\u00f6nnen Sie zahlreiche Filter aktivieren und nur relevante Google-Bewertungen anzeigen. Beispielsweise k\u00f6nnen Sie eine Mindestbewertung festlegen oder bestimmte Autoren ausblenden. <\/li> \n<li><strong>Button, um mehr Bewertungen zu sammeln. <\/strong> F\u00fcgen Sie einen anpassbaren CTA-Button zu Ihrem Bewertungsblock hinzu, damit Kunden ihr Feedback teilen k\u00f6nnen. <\/li> \n<li><strong>Sterne-Snippet zur Steigerung des Google-Traffics. <\/strong> Heben Sie sich von Ihren Mitbewerbern ab, indem Sie Markup aktivieren, um Sterne in den Suchergebnissen anzuzeigen. Diese Funktion hilft Ihnen, Aufmerksamkeit zu gewinnen und Ihre Klickrate zu erh\u00f6hen. <\/li> \n<li><strong>Erweiterte Designanpassung. <\/strong> Probieren Sie verschiedene Layouts wie Slider, Liste, Masonry, Grid, Carousel, Floating Badge und mehr. Passen Sie die Details jeder Bewertung an: Titel, Badges, Namen und Sterne, um sie perfekt in Ihr Design einzuf\u00fcgen. <\/li> \n<\/ul>\n<p><a href=\"#demo\" data-scroll-to=\"demo\">Weitere Funktionen anzeigen, Demo ansehen<\/a><\/p>\n\n<\/div> \n<div class=\"application-platform-content-item-installation application-platform-content-item\" id=\"installation\" data-nav-section=\"installation\"> \n<h2>So binden Sie Google-Bewertungen in Ihre Blogger-Website ein<\/h2>\n<iframe width=\"720\" height=\"405\" src=\"https:\/\/www.youtube.com\/embed\/yQrh_Qy1-2I\" frameborder=\"0\" allowfullscreen=\"\"><\/iframe>\n<p>Lesen Sie diese einfache Anleitung, um das Widget auf Ihrer Blogger-Website einzurichten. Es dauert nur ein paar Minuten und erfordert keine Programmierkenntnisse.<\/p> \n<ol>\n<li><strong>Erstellen Sie Ihr individuelles Google-Bewertungen-Widget<\/strong><br> \nStarten Sie mit der passenden Vorlage in der Demo, laden Sie Ihre Kundenbewertungen hoch und gestalten Sie ein Plugin mit dem gew\u00fcnschten Design und den gew\u00fcnschten Funktionen. <\/li>\n\n<li><strong>Holen Sie sich den individuellen Code, um das Widget einzubetten<\/strong><br> \nSobald Sie Ihr Widget erstellt haben, erhalten Sie den individuellen Code in Ihrem Dashboard. Kopieren Sie den Code, der alle Details zu den Einstellungen Ihres Widgets enth\u00e4lt. <\/li> \n\n<li><strong>Integrieren Sie das Widget auf Ihrer Blogger-Website<\/strong><br> \nW\u00e4hlen Sie die Bereiche Ihrer Website aus, in denen Sie das Widget einf\u00fcgen m\u00f6chten, und f\u00fcgen Sie dort den Code ein. Speichern Sie die \u00c4nderungen. <\/li> \n<\/ol>\n\n<p>Fertig! \u00dcberpr\u00fcfen Sie, wie das Widget auf Ihrer Website funktioniert.<\/p> \n<p>Haben Sie noch Probleme beim Einbetten von Google-Bewertungen auf einer Blogger-Website? Dann lesen Sie unseren Artikel zu <a href=\"https:\/\/elfsight.com\/blog\/how-to-embed-google-reviews-on-website\/\" target=\"_blank\" rel=\"noopener\">Google-Bewertungen auf der Website einf\u00fcgen<\/a>.<\/p>\n\n<\/div>\n\n<div class=\"faq\" data-component=\"FAQ\">\n<div class=\"faq-item\">\r\n\t\t\t\t\t<div class=\"faq-item-question\">\r\n\t\t\t\t\t\t<h3 class=\"faq-item-question-text\">Ist das Google-Bewertungen-Blogger-Widget kostenlos?<\/h3>\r\n\r\n\t\t\t\t\t\t<div class=\"faq-item-question-icon\"><\/div>\r\n\t\t\t\t\t<\/div>\r\n\r\n\t\t\t\t\t<div class=\"faq-item-answer\">\r\n\t\t\t\t\t\t<div class=\"faq-item-answer-text\">\nJa, auf jeden Fall! Jeder Elfsight-Kunde kann sein Google-Bewertungen-Widget kostenlos anpassen und in Blogger einbetten. Alle gro\u00dfartigen Funktionen, die wir oben beschrieben haben, stehen Ihnen zur Verf\u00fcgung.\n<\/div>\r\n\t\t\t\t\t<\/div>\r\n\t\t\t\t<\/div>\n<div class=\"faq-item\">\r\n\t\t\t\t\t<div class=\"faq-item-question\">\r\n\t\t\t\t\t\t<h3 class=\"faq-item-question-text\">Warum sollte ich Bewertungen in Blogger einf\u00fcgen?<\/h3>\r\n\r\n\t\t\t\t\t\t<div class=\"faq-item-question-icon\"><\/div>\r\n\t\t\t\t\t<\/div>\r\n\r\n\t\t\t\t\t<div class=\"faq-item-answer\">\r\n\t\t\t\t\t\t<div class=\"faq-item-answer-text\">\nGoogle-Bewertungen erh\u00f6hen die Glaubw\u00fcrdigkeit Ihres Unternehmens. Potenzielle Kunden m\u00f6chten oft Erfahrungen anderer Menschen lesen, die Ihre Dienstleistungen genutzt haben. Binden Sie Kundenfeedback auf Ihrer Website ein, um zu zeigen, was Ihre Kunden an Ihrem Unternehmen lieben.\n<\/div>\r\n\t\t\t\t\t<\/div>\r\n\t\t\t\t<\/div>\n<div class=\"faq-item\">\r\n\t\t\t\t\t<div class=\"faq-item-question\">\r\n\t\t\t\t\t\t<h3 class=\"faq-item-question-text\">Kann ich andere Bewertungen in Blogger einf\u00fcgen?<\/h3>\r\n\r\n\t\t\t\t\t\t<div class=\"faq-item-question-icon\"><\/div>\r\n\t\t\t\t\t<\/div>\r\n\r\n\t\t\t\t\t<div class=\"faq-item-answer\">\r\n\t\t\t\t\t\t<div class=\"faq-item-answer-text\">\nNat\u00fcrlich. Sie k\u00f6nnen Widgets wie <a href=\"https:\/\/elfsight.com\/facebook-reviews-widget\/blogger\/\" target=\"_blank\" rel=\"noreferrer noopener\">Facebook-Bewertungen<\/a>, <a href=\"https:\/\/elfsight.com\/amazon-reviews-widget\/blogger\/\" target=\"_blank\" rel=\"noreferrer noopener\">Amazon-Bewertungen<\/a>, <a href=\"https:\/\/elfsight.com\/tripadvisor-reviews-widget\/blogger\/\" target=\"_blank\" rel=\"noreferrer noopener\">Tripadvisor-Bewertungen<\/a> oder <a href=\"https:\/\/elfsight.com\/testimonials-slider-widget\/blogger\/\" target=\"_blank\" rel=\"noreferrer noopener\">Testimonial-Slider<\/a> ausprobieren. Diese helfen Ihnen, verschiedene Plattformen mit Ihrer Website zu verbinden und die Bewertungen von dort zu teilen, wo Kunden Ihr Unternehmen besprechen.\n<\/div>\r\n\t\t\t\t\t<\/div>\r\n\t\t\t\t<\/div>\n<div class=\"faq-item\">\r\n\t\t\t\t\t<div class=\"faq-item-question\">\r\n\t\t\t\t\t\t<h3 class=\"faq-item-question-text\">Warum sollte ich Google-Bewertungen mit Elfsight in Blogger einf\u00fcgen?<\/h3>\r\n\r\n\t\t\t\t\t\t<div class=\"faq-item-question-icon\"><\/div>\r\n\t\t\t\t\t<\/div>\r\n\r\n\t\t\t\t\t<div class=\"faq-item-answer\">\r\n\t\t\t\t\t\t<div class=\"faq-item-answer-text\">\nErstens bietet Elfsight eine einfache M\u00f6glichkeit, Google-Bewertungen ohne Programmierkenntnisse oder Skripterstellung auf Ihrer Website einzubinden. Dieses anpassbare Widget kann schnell in Blogger oder jede andere Website-Plattform integriert werden. Besonders beliebt ist unser Widget aufgrund seiner n\u00fctzlichen Funktionen, die Ihre Unternehmensst\u00e4rken hervorheben.\n<\/div>\r\n\t\t\t\t\t<\/div>\r\n\t\t\t\t<\/div>\n<\/div>\n\n","protected":false},"excerpt":{"rendered":"","protected":false},"author":9,"featured_media":0,"parent":69,"menu_order":0,"comment_status":"closed","ping_status":"closed","template":"templates\/template-application-platform.php","meta":{"publish_to_discourse":"","publish_post_category":"","wpdc_auto_publish_overridden":"","wpdc_topic_tags":"","wpdc_pin_topic":"","wpdc_pin_until":"","discourse_post_id":"","discourse_permalink":"","wpdc_publishing_response":"","wpdc_publishing_error":"","footnotes":""},"class_list":["post-20629","page","type-page","status-publish","hentry"],"yoast_head":"<!-- This site is optimized with the Yoast SEO plugin v25.3.1 - https:\/\/yoast.com\/wordpress\/plugins\/seo\/ -->\n<title>Betten Sie das Google Reviews-Widget in Ihre Blogger-Website ein (in 2 Minuten)<\/title>\n<meta name=\"description\" content=\"Erstellen Sie mit Elfsight Ihre Google-Bewertungen und zeigen Sie sie schnell auf der Blogger-Website an. Wir bieten kostenlosen Kundensupport und weitere Boni.\" \/>\n<meta name=\"robots\" content=\"index, follow, max-snippet:-1, max-image-preview:large, max-video-preview:-1\" \/>\n<link rel=\"canonical\" href=\"https:\/\/elfsight.com\/de\/google-reviews-widget\/blogger\/\" \/>\n<meta property=\"og:locale\" content=\"de_DE\" \/>\n<meta property=\"og:type\" content=\"article\" \/>\n<meta property=\"og:title\" content=\"Betten Sie das Google Reviews-Widget in Ihre Blogger-Website ein (in 2 Minuten)\" \/>\n<meta property=\"og:description\" content=\"Erstellen Sie mit Elfsight Ihre Google-Bewertungen und zeigen Sie sie schnell auf der Blogger-Website an. Wir bieten kostenlosen Kundensupport und weitere Boni.\" \/>\n<meta property=\"og:url\" content=\"https:\/\/elfsight.com\/de\/google-reviews-widget\/blogger\/\" \/>\n<meta property=\"og:site_name\" content=\"Elfsight DE\" \/>\n<meta property=\"article:modified_time\" content=\"2024-12-18T15:08:23+00:00\" \/>\n<meta name=\"twitter:card\" content=\"summary_large_image\" \/>\n<meta name=\"twitter:label1\" content=\"Gesch\u00e4tzte Lesezeit\" \/>\n\t<meta name=\"twitter:data1\" content=\"4\u00a0Minuten\" \/>\n<!-- \/ Yoast SEO plugin. -->","yoast_head_json":{"title":"Betten Sie das Google Reviews-Widget in Ihre Blogger-Website ein (in 2 Minuten)","description":"Erstellen Sie mit Elfsight Ihre Google-Bewertungen und zeigen Sie sie schnell auf der Blogger-Website an. Wir bieten kostenlosen Kundensupport und weitere Boni.","robots":{"index":"index","follow":"follow","max-snippet":"max-snippet:-1","max-image-preview":"max-image-preview:large","max-video-preview":"max-video-preview:-1"},"canonical":"https:\/\/elfsight.com\/de\/google-reviews-widget\/blogger\/","og_locale":"de_DE","og_type":"article","og_title":"Betten Sie das Google Reviews-Widget in Ihre Blogger-Website ein (in 2 Minuten)","og_description":"Erstellen Sie mit Elfsight Ihre Google-Bewertungen und zeigen Sie sie schnell auf der Blogger-Website an. Wir bieten kostenlosen Kundensupport und weitere Boni.","og_url":"https:\/\/elfsight.com\/de\/google-reviews-widget\/blogger\/","og_site_name":"Elfsight DE","article_modified_time":"2024-12-18T15:08:23+00:00","twitter_card":"summary_large_image","twitter_misc":{"Gesch\u00e4tzte Lesezeit":"4\u00a0Minuten"},"schema":{"@context":"https:\/\/schema.org","@graph":[{"@type":"WebPage","@id":"https:\/\/elfsight.com\/de\/google-reviews-widget\/blogger\/","url":"https:\/\/elfsight.com\/de\/google-reviews-widget\/blogger\/","name":"Betten Sie das Google Reviews-Widget in Ihre Blogger-Website ein (in 2 Minuten)","isPartOf":{"@id":"https:\/\/elfsight.com\/de\/#website"},"datePublished":"2024-05-03T06:39:19+00:00","dateModified":"2024-12-18T15:08:23+00:00","description":"Erstellen Sie mit Elfsight Ihre Google-Bewertungen und zeigen Sie sie schnell auf der Blogger-Website an. Wir bieten kostenlosen Kundensupport und weitere Boni.","breadcrumb":{"@id":"https:\/\/elfsight.com\/de\/google-reviews-widget\/blogger\/#breadcrumb"},"inLanguage":"de","potentialAction":[{"@type":"ReadAction","target":["https:\/\/elfsight.com\/de\/google-reviews-widget\/blogger\/"]}]},{"@type":"BreadcrumbList","@id":"https:\/\/elfsight.com\/de\/google-reviews-widget\/blogger\/#breadcrumb","itemListElement":[{"@type":"ListItem","position":1,"name":"Home","item":"https:\/\/elfsight.com\/de\/"},{"@type":"ListItem","position":2,"name":"Google Reviews","item":"https:\/\/elfsight.com\/de\/google-reviews-widget\/"},{"@type":"ListItem","position":3,"name":"Google Reviews &#8211; Blogger"}]},{"@type":"WebSite","@id":"https:\/\/elfsight.com\/de\/#website","url":"https:\/\/elfsight.com\/de\/","name":"Elfsight DE","description":"Just another Elfsight Sites site","potentialAction":[{"@type":"SearchAction","target":{"@type":"EntryPoint","urlTemplate":"https:\/\/elfsight.com\/de\/?s={search_term_string}"},"query-input":{"@type":"PropertyValueSpecification","valueRequired":true,"valueName":"search_term_string"}}],"inLanguage":"de"}]}},"meta_box":{"industry":"","seo_heading":"","heading":"","description":"","cta_heading":"","cta_description":"","application":"60","h1":"Blogger Google Reviews Widget","h1_caption":"Betten Sie Bewertungen Ihres Ortes von Google nahtlos ein, um die besten Kundeneindr\u00fccke m\u00fchelos in Ihr Website-Erlebnis auf Ihrer Blogger-Website zu integrieren.","application_category":[],"applications_title":"","applications_request_title":"","applications_request_button_text":"","hero_text":"","hero_video":"","hero_video_schema_markup":"","selling_points_title":"","selling_points_caption":"","selling_points":[],"selling_points_cta_text":"","features_title":"","features":"","ed_cta_examples_text":"","ed_cta_examples_hidden":"","ed_cta_demo_text":"","ed_cta_demo_hidden":"","why_caption":"","why_editor_title":"","why_editor_text":"","why_team_title":"","why_team_text":"","why_service_title":"","why_service_text":"","template_catalog_visible":"0","template_catalog_title":"","template_catalog_text":"","template_catalog_categories_visible":"","demo_title":"Erstellen Sie Ihr Google Reviews-Widget","demo_caption":"Konfigurieren Sie Ihre Google-Bewertungen und f\u00fcgen Sie sie kostenlos zu Ihrer Blogger-Website hinzu!","default_faq_hidden":"","app_template_category":[],"platform":"262","template_public_id":"","codecanyon_url":"","codecanyon_item_id":"","codecanyon_price":"","pricing_caption":"","pricing_elfsight_apps_hide_column":"","pricing_elfsight_apps_url":"","pricing_codecanyon_price_caption":"","integration_category":[],"integration_request_title":"","integration_request_cta":"","integration_platform":"","integrations":[],"platform_category":[],"video_schema_markup":"","price":"ab 0 $ \/ Monat","trial":"","benefits":[{"text":"Kostenloser Installationsservice"},{"text":"Premium-Support"},{"text":"14-t\u00e4gige R\u00fcckerstattungsgarantie"},{"text":"Laufende kostenlose Verbesserungen"}],"button_url":"#demo","button_target_blank":"0","button_nofollow":"0","attributes":[{"name":"Installiert","content":"100,000 - 500,000"},{"name":"Reaktionsfreudig","content":"Ja"},{"name":"Kompatible Browser","content":"Firefox, Safari, Opera, Chrome, Edge"}],"tags":[],"tags_disable_links":"0","hide_more_platforms":"","video_object":"","demo_hide_cta":"0","demo_hide_cloud_options":"0","pricing_title":"","pricing":[{"pricing_icon":"platform","pricing_title":"Elfsight Apps","pricing_title_caption":"Plattformunabh\u00e4ngige L\u00f6sung","pricing_price":"ab 0 $ \/ Monat","pricing_price_caption":"Beginnen Sie mit einem kostenlosen Plan","pricing_benefits":[{"text":"Unbegrenzte Domains"},{"text":"Kostenloser Kundensupport und gut dokumentiert"},{"text":"Kostenloser Installationssupport"},{"text":"Vollst\u00e4ndig anpassbar"}],"pricing_button_text":"Zur Website hinzuf\u00fcgen","pricing_button_url":"#demo"}],"related_apps_title":"","related_apps_hidden":"0","author":"","image":[],"title":"","job":"","social_networks":[]},"_links":{"self":[{"href":"https:\/\/elfsight.com\/de\/wp-json\/wp\/v2\/pages\/20629","targetHints":{"allow":["GET"]}}],"collection":[{"href":"https:\/\/elfsight.com\/de\/wp-json\/wp\/v2\/pages"}],"about":[{"href":"https:\/\/elfsight.com\/de\/wp-json\/wp\/v2\/types\/page"}],"author":[{"embeddable":true,"href":"https:\/\/elfsight.com\/de\/wp-json\/wp\/v2\/users\/9"}],"replies":[{"embeddable":true,"href":"https:\/\/elfsight.com\/de\/wp-json\/wp\/v2\/comments?post=20629"}],"version-history":[{"count":3,"href":"https:\/\/elfsight.com\/de\/wp-json\/wp\/v2\/pages\/20629\/revisions"}],"predecessor-version":[{"id":23340,"href":"https:\/\/elfsight.com\/de\/wp-json\/wp\/v2\/pages\/20629\/revisions\/23340"}],"up":[{"embeddable":true,"href":"https:\/\/elfsight.com\/de\/wp-json\/wp\/v2\/pages\/69"}],"wp:attachment":[{"href":"https:\/\/elfsight.com\/de\/wp-json\/wp\/v2\/media?parent=20629"}],"curies":[{"name":"wp","href":"https:\/\/api.w.org\/{rel}","templated":true}]}}