{"id":20624,"date":"2024-05-03T06:39:18","date_gmt":"2024-05-03T06:39:18","guid":{"rendered":"https:\/\/elfsight.com\/de\/?page_id=20624"},"modified":"2025-01-16T07:10:47","modified_gmt":"2025-01-16T07:10:47","slug":"drupal","status":"publish","type":"page","link":"https:\/\/elfsight.com\/de\/google-reviews-widget\/drupal\/","title":{"rendered":"Google Reviews &#8211; Drupal"},"content":{"rendered":"\n<div class=\"application-platform-content-item-description application-platform-content-item\" id=\"description\" data-nav-section=\"description\"> \n<h2>Google-Bewertungen in Drupal einbinden<\/h2> \n\n<p>M\u00f6chten Sie das Vertrauen in Ihre Drupal-Website st\u00e4rken? Google-Bewertungen auf Ihren Seiten anzuzeigen, ist eine gro\u00dfartige Idee: Sie ziehen Kunden an und steigern den Umsatz. Es gibt verschiedene M\u00f6glichkeiten, das Feedback Ihrer Kunden auf der Website einzubinden. Eine davon ist Elfsight Google Reviews \u2013 eine codefreie L\u00f6sung, die wenig Zeit ben\u00f6tigt und kostenlos genutzt werden kann. <\/p>\n<\/div> \n\n<div class=\"application-platform-content-item-features application-platform-content-item\" id=\"features\" data-nav-section=\"features\"> \n<h2>Funktionen<\/h2> \n<p>Um das Modul besser zu verstehen, k\u00f6nnen Sie die wichtigsten Funktionen erkunden. Sie machen dieses Modul zu einer wertvollen Erg\u00e4nzung f\u00fcr Ihre Drupal-Website: <\/p> \n\n<ul> \n<li><strong>Einfache Verbindung von Bewertungen. <\/strong> Sie k\u00f6nnen Ihre Google Place ID verwenden oder einfach den Namen und die Adresse Ihres Unternehmens eingeben. Auch wenn Sie keine physische Adresse haben, ist das kein Problem. <\/li> \n<li><strong>Bewertungsmoderation &amp; Filter. <\/strong> Mit Elfsight k\u00f6nnen Sie zahlreiche Filter aktivieren und nur relevante Google-Bewertungen anzeigen. Beispielsweise k\u00f6nnen Sie die Mindestbewertung festlegen oder bestimmte Autoren ausblenden lassen. <\/li> \n<li><strong>Button zur Gewinnung weiterer Bewertungen. <\/strong> F\u00fcgen Sie einfach einen anpassbaren Call-to-Action-Button in den Bewertungsblock ein, um Kunden zur Abgabe ihres Feedbacks zu animieren. <\/li> \n<li><strong>Sterne-Snippet zur Erh\u00f6hung des Google-Traffics. <\/strong> Heben Sie sich von der Konkurrenz ab, indem Sie Markup aktivieren, damit Sterne in den Suchergebnissen angezeigt werden. Diese Funktion hilft Ihnen, Aufmerksamkeit zu erregen und die Klickrate zu erh\u00f6hen. <\/li> \n<li><strong>Erweiterte Designanpassung. <\/strong> W\u00e4hlen Sie verschiedene Layouts wie Slider, Liste, Mauerwerk, Gitter, Karussell, Schwebendes Badge und mehr. Passen Sie die Details jeder Bewertung an: Titel, Badges, Namen und Sterne, damit sie perfekt zu Ihrem Design passen. <\/li> \n<\/ul>\n<p><a href=\"#demo\" data-scroll-to=\"demo\">Weitere Funktionen ansehen, siehe Demo<\/a><\/p>\n\n<\/div> \n<div class=\"application-platform-content-item-installation application-platform-content-item\" id=\"installation\" data-nav-section=\"installation\"> \n<h2>So binden Sie Google-Bewertungen in Ihre Drupal-Website ein<\/h2>\n<div>\n<iframe width=\"720\" height=\"405\" src=\"https:\/\/www.youtube.com\/embed\/eALhc53nhdU\" frameborder=\"0\" allowfullscreen=\"\"><\/iframe>\n<\/div>\n<p>Hier ist eine einfache Anleitung, wie Sie das Modul auf Ihrer Drupal-Website einrichten. Es dauert nur wenige Minuten und erfordert keine Programmierkenntnisse. <\/p> \n<ol>\n<li><strong>Erstellen Sie Ihr individuelles Google-Bewertungsmodul<\/strong><br> \nBeginnen Sie mit einer passenden Vorlage in der Demo, laden Sie das Feedback Ihrer Kunden hoch und erstellen Sie ein Modul mit einem bevorzugten Stil und Funktionen. <\/li>\n\n<li><strong>Holen Sie sich den pers\u00f6nlichen Einbettungscode<\/strong><br> \nSobald Sie Ihr Modul erstellt haben, erhalten Sie den individuellen Code in Ihrem Dashboard. Kopieren Sie den Code, der alle Einstellungen Ihres Moduls enth\u00e4lt. <\/li> \n\n<li><strong>F\u00fcgen Sie das Modul auf Ihrer Drupal-Website ein<\/strong><br> \nW\u00e4hlen Sie den Bereich Ihrer Website, in dem Sie das Modul platzieren m\u00f6chten, und f\u00fcgen Sie den Code dort ein. Speichern Sie die \u00c4nderungen. <\/li> \n<\/ol>\n\n<p>Fertig! Schauen Sie, wie das Modul auf Ihrer Website funktioniert. <\/p> \n<p>Haben Sie weiterhin Probleme beim Einbinden von Google-Bewertungen auf einer Drupal-Website? Lesen Sie unseren Artikel \u00fcber <a href=\"https:\/\/elfsight.com\/blog\/how-to-embed-google-reviews-on-website\/\" target=\"_blank\" rel=\"noopener\">das Hinzuf\u00fcgen von Google-Bewertungen auf Ihrer Website<\/a>. <\/p>\n<\/div>\n\n<div class=\"faq\" data-component=\"FAQ\">\n<div class=\"faq-item\">\r\n\t\t\t\t\t<div class=\"faq-item-question\">\r\n\t\t\t\t\t\t<h3 class=\"faq-item-question-text\">Ist das Google-Bewertungsmodul f\u00fcr Drupal kostenlos? <\/h3>\r\n\r\n\t\t\t\t\t\t<div class=\"faq-item-question-icon\"><\/div>\r\n\t\t\t\t\t<\/div>\r\n\r\n\t\t\t\t\t<div class=\"faq-item-answer\">\r\n\t\t\t\t\t\t<div class=\"faq-item-answer-text\">\nJa, absolut! Jeder Elfsight-Kunde kann sein Google-Bewertungsmodul anpassen und kostenlos in Drupal einbetten. Alle oben beschriebenen Funktionen stehen Ihnen zur Verf\u00fcgung. \n<\/div>\r\n\t\t\t\t\t<\/div>\r\n\t\t\t\t<\/div>\n<div class=\"faq-item\">\r\n\t\t\t\t\t<div class=\"faq-item-question\">\r\n\t\t\t\t\t\t<h3 class=\"faq-item-question-text\">Warum sollte ich Bewertungen in Drupal einf\u00fcgen? <\/h3>\r\n\r\n\t\t\t\t\t\t<div class=\"faq-item-question-icon\"><\/div>\r\n\t\t\t\t\t<\/div>\r\n\r\n\t\t\t\t\t<div class=\"faq-item-answer\">\r\n\t\t\t\t\t\t<div class=\"faq-item-answer-text\">\nGoogle-Bewertungen steigern die Glaubw\u00fcrdigkeit Ihres Unternehmens. Potenzielle Kunden m\u00f6chten oft \u00fcber die Erfahrungen anderer Personen lesen, die Ihre Dienstleistungen genutzt haben. Binden Sie Kundenfeedback auf Ihrer Website ein, um zu zeigen, was Kunden an Ihrem Unternehmen sch\u00e4tzen. \n<\/div>\r\n\t\t\t\t\t<\/div>\r\n\t\t\t\t<\/div>\n<div class=\"faq-item\">\r\n\t\t\t\t\t<div class=\"faq-item-question\">\r\n\t\t\t\t\t\t<h3 class=\"faq-item-question-text\">Kann ich andere Bewertungen in Drupal hinzuf\u00fcgen? <\/h3>\r\n\r\n\t\t\t\t\t\t<div class=\"faq-item-question-icon\"><\/div>\r\n\t\t\t\t\t<\/div>\r\n\r\n\t\t\t\t\t<div class=\"faq-item-answer\">\r\n\t\t\t\t\t\t<div class=\"faq-item-answer-text\">\nNat\u00fcrlich. Sie k\u00f6nnen Widgets wie <a href=\"https:\/\/elfsight.com\/facebook-reviews-widget\/drupal\/\" target=\"_blank\" rel=\"noreferrer noopener\">Facebook Reviews<\/a>, <a href=\"https:\/\/elfsight.com\/amazon-reviews-widget\/drupal\/\" target=\"_blank\" rel=\"noreferrer noopener\">Bewertungen von Amazon<\/a>, <a href=\"https:\/\/elfsight.com\/tripadvisor-reviews-widget\/drupal\/\" target=\"_blank\" rel=\"noreferrer noopener\">Tripadvisor Reviews<\/a> oder <a href=\"https:\/\/elfsight.com\/testimonials-slider-widget\/drupal\/\" target=\"_blank\" rel=\"noreferrer noopener\">Testimonials Slider<\/a> ausprobieren. Diese erm\u00f6glichen es Ihnen, verschiedene Plattformen mit Ihrer Website zu verbinden und die Bewertungen von denjenigen Websites zu teilen, auf denen Kunden Ihr Unternehmen am meisten diskutieren. \n<\/div>\r\n\t\t\t\t\t<\/div>\r\n\t\t\t\t<\/div>\n<div class=\"faq-item\">\r\n\t\t\t\t\t<div class=\"faq-item-question\">\r\n\t\t\t\t\t\t<h3 class=\"faq-item-question-text\">Warum sollte ich Google-Bewertungen mit Elfsight in Drupal einbetten? <\/h3>\r\n\r\n\t\t\t\t\t\t<div class=\"faq-item-question-icon\"><\/div>\r\n\t\t\t\t\t<\/div>\r\n\r\n\t\t\t\t\t<div class=\"faq-item-answer\">\r\n\t\t\t\t\t\t<div class=\"faq-item-answer-text\">\nErstens bietet Elfsight eine einfache M\u00f6glichkeit, Google-Bewertungen auf Ihrer Website einzubetten, ohne dass Programmier- oder Skripterstellungskenntnisse erforderlich sind. Dieses anpassbare Modul kann schnell in Drupal oder jede andere Website-Plattform integriert werden. Vor allem sch\u00e4tzen unsere Nutzer das Modul f\u00fcr seine praktischen Funktionen, die dabei helfen, die besten Seiten Ihres Unternehmens hervorzuheben. \n<\/div>\r\n\t\t\t\t\t<\/div>\r\n\t\t\t\t<\/div>\n<\/div>\n","protected":false},"excerpt":{"rendered":"","protected":false},"author":9,"featured_media":0,"parent":69,"menu_order":0,"comment_status":"closed","ping_status":"closed","template":"templates\/template-application-platform.php","meta":{"publish_to_discourse":"","publish_post_category":"","wpdc_auto_publish_overridden":"","wpdc_topic_tags":"","wpdc_pin_topic":"","wpdc_pin_until":"","discourse_post_id":"","discourse_permalink":"","wpdc_publishing_response":"","wpdc_publishing_error":"","footnotes":""},"class_list":["post-20624","page","type-page","status-publish","hentry"],"yoast_head":"<!-- This site is optimized with the Yoast SEO plugin v25.3.1 - https:\/\/yoast.com\/wordpress\/plugins\/seo\/ -->\n<title>Betten Sie das Google Reviews-Modul in Ihre Drupal-Website ein (in 2 Minuten)<\/title>\n<meta name=\"description\" content=\"Entwerfen Sie mit Elfsight Ihr Google Reviews-Modul und platzieren Sie es im Handumdrehen auf Ihrer Drupal-Website. Wir bieten kostenlosen Kundenservice und andere Boni.\" \/>\n<meta name=\"robots\" content=\"index, follow, max-snippet:-1, max-image-preview:large, max-video-preview:-1\" \/>\n<link rel=\"canonical\" href=\"https:\/\/elfsight.com\/de\/google-reviews-widget\/drupal\/\" \/>\n<meta property=\"og:locale\" content=\"de_DE\" \/>\n<meta property=\"og:type\" content=\"article\" \/>\n<meta property=\"og:title\" content=\"Betten Sie das Google Reviews-Modul in Ihre Drupal-Website ein (in 2 Minuten)\" \/>\n<meta property=\"og:description\" content=\"Entwerfen Sie mit Elfsight Ihr Google Reviews-Modul und platzieren Sie es im Handumdrehen auf Ihrer Drupal-Website. Wir bieten kostenlosen Kundenservice und andere Boni.\" \/>\n<meta property=\"og:url\" content=\"https:\/\/elfsight.com\/de\/google-reviews-widget\/drupal\/\" \/>\n<meta property=\"og:site_name\" content=\"Elfsight DE\" \/>\n<meta property=\"article:modified_time\" content=\"2025-01-16T07:10:47+00:00\" \/>\n<meta name=\"twitter:card\" content=\"summary_large_image\" \/>\n<meta name=\"twitter:label1\" content=\"Gesch\u00e4tzte Lesezeit\" \/>\n\t<meta name=\"twitter:data1\" content=\"4\u00a0Minuten\" \/>\n<!-- \/ Yoast SEO plugin. -->","yoast_head_json":{"title":"Betten Sie das Google Reviews-Modul in Ihre Drupal-Website ein (in 2 Minuten)","description":"Entwerfen Sie mit Elfsight Ihr Google Reviews-Modul und platzieren Sie es im Handumdrehen auf Ihrer Drupal-Website. Wir bieten kostenlosen Kundenservice und andere Boni.","robots":{"index":"index","follow":"follow","max-snippet":"max-snippet:-1","max-image-preview":"max-image-preview:large","max-video-preview":"max-video-preview:-1"},"canonical":"https:\/\/elfsight.com\/de\/google-reviews-widget\/drupal\/","og_locale":"de_DE","og_type":"article","og_title":"Betten Sie das Google Reviews-Modul in Ihre Drupal-Website ein (in 2 Minuten)","og_description":"Entwerfen Sie mit Elfsight Ihr Google Reviews-Modul und platzieren Sie es im Handumdrehen auf Ihrer Drupal-Website. Wir bieten kostenlosen Kundenservice und andere Boni.","og_url":"https:\/\/elfsight.com\/de\/google-reviews-widget\/drupal\/","og_site_name":"Elfsight DE","article_modified_time":"2025-01-16T07:10:47+00:00","twitter_card":"summary_large_image","twitter_misc":{"Gesch\u00e4tzte Lesezeit":"4\u00a0Minuten"},"schema":{"@context":"https:\/\/schema.org","@graph":[{"@type":"WebPage","@id":"https:\/\/elfsight.com\/de\/google-reviews-widget\/drupal\/","url":"https:\/\/elfsight.com\/de\/google-reviews-widget\/drupal\/","name":"Betten Sie das Google Reviews-Modul in Ihre Drupal-Website ein (in 2 Minuten)","isPartOf":{"@id":"https:\/\/elfsight.com\/de\/#website"},"datePublished":"2024-05-03T06:39:18+00:00","dateModified":"2025-01-16T07:10:47+00:00","description":"Entwerfen Sie mit Elfsight Ihr Google Reviews-Modul und platzieren Sie es im Handumdrehen auf Ihrer Drupal-Website. Wir bieten kostenlosen Kundenservice und andere Boni.","breadcrumb":{"@id":"https:\/\/elfsight.com\/de\/google-reviews-widget\/drupal\/#breadcrumb"},"inLanguage":"de","potentialAction":[{"@type":"ReadAction","target":["https:\/\/elfsight.com\/de\/google-reviews-widget\/drupal\/"]}]},{"@type":"BreadcrumbList","@id":"https:\/\/elfsight.com\/de\/google-reviews-widget\/drupal\/#breadcrumb","itemListElement":[{"@type":"ListItem","position":1,"name":"Home","item":"https:\/\/elfsight.com\/de\/"},{"@type":"ListItem","position":2,"name":"Google Reviews","item":"https:\/\/elfsight.com\/de\/google-reviews-widget\/"},{"@type":"ListItem","position":3,"name":"Google Reviews &#8211; Drupal"}]},{"@type":"WebSite","@id":"https:\/\/elfsight.com\/de\/#website","url":"https:\/\/elfsight.com\/de\/","name":"Elfsight DE","description":"Just another Elfsight Sites site","potentialAction":[{"@type":"SearchAction","target":{"@type":"EntryPoint","urlTemplate":"https:\/\/elfsight.com\/de\/?s={search_term_string}"},"query-input":{"@type":"PropertyValueSpecification","valueRequired":true,"valueName":"search_term_string"}}],"inLanguage":"de"}]}},"meta_box":{"industry":"","seo_heading":"","heading":"","description":"","cta_heading":"","cta_description":"","application":"60","h1":"Drupal Google Reviews-Modul","h1_caption":"Betten Sie Bewertungen Ihres Ortes von Google nahtlos ein, um die besten Kundeneindr\u00fccke m\u00fchelos in Ihr Website-Erlebnis auf Ihrer Drupal-Website zu integrieren.","application_category":[],"applications_title":"","applications_request_title":"","applications_request_button_text":"","hero_text":"","hero_video":"","hero_video_schema_markup":"","selling_points_title":"","selling_points_caption":"","selling_points":[],"selling_points_cta_text":"","features_title":"","features":"","ed_cta_examples_text":"","ed_cta_examples_hidden":"","ed_cta_demo_text":"","ed_cta_demo_hidden":"","why_caption":"","why_editor_title":"","why_editor_text":"","why_team_title":"","why_team_text":"","why_service_title":"","why_service_text":"","template_catalog_visible":"0","template_catalog_title":"","template_catalog_text":"","template_catalog_categories_visible":"","demo_title":"Erstellen Sie Ihr Google Reviews-Modul","demo_caption":"Konfigurieren Sie Ihre Google-Bewertungen und f\u00fcgen Sie sie kostenlos zu Ihrer Drupal-Website hinzu!","default_faq_hidden":"","app_template_category":[],"platform":"261","template_public_id":"","codecanyon_url":"","codecanyon_item_id":"","codecanyon_price":"","pricing_caption":"","pricing_elfsight_apps_hide_column":"","pricing_elfsight_apps_url":"","pricing_codecanyon_price_caption":"","integration_category":[],"integration_request_title":"","integration_request_cta":"","integration_platform":"","integrations":[],"platform_category":[],"video_schema_markup":"","price":"ab 0 $ \/ Monat","trial":"","benefits":[{"text":"Kostenloser Installationsservice"},{"text":"Au\u00dfergew\u00f6hnlicher Support"},{"text":"14-t\u00e4gige Geld-zur\u00fcck-Garantie"},{"text":"St\u00e4ndige Aktualisierung"}],"button_url":"#demo","button_target_blank":"0","button_nofollow":"0","attributes":[{"name":"Installiert","content":"100,000 - 500,000"},{"name":"Reaktionsfreudig","content":"Ja"},{"name":"Kompatible Browser","content":"Firefox, Safari, Opera, Chrome, Edge"}],"tags":[],"tags_disable_links":"0","hide_more_platforms":"","video_object":"","demo_hide_cta":"0","demo_hide_cloud_options":"0","pricing_title":"","pricing":[{"pricing_icon":"platform","pricing_title":"Elfsight Apps","pricing_title_caption":"Plattformunabh\u00e4ngige Software","pricing_price":"ab 0 $ \/ Monat","pricing_price_caption":"Beginnen Sie mit einem kostenlosen Plan","pricing_benefits":[{"text":"Unbegrenzte Websites"},{"text":"Kostenloser und p\u00fcnktlicher Support"},{"text":"Kostenloser Installationsservice"},{"text":"Zeitlich begrenztes Angebot f\u00fcr mehrere Apps"}],"pricing_button_text":"Zur Website hinzuf\u00fcgen","pricing_button_url":"#demo"}],"related_apps_title":"","related_apps_hidden":"0","author":"","image":[],"title":"","job":"","social_networks":[]},"_links":{"self":[{"href":"https:\/\/elfsight.com\/de\/wp-json\/wp\/v2\/pages\/20624","targetHints":{"allow":["GET"]}}],"collection":[{"href":"https:\/\/elfsight.com\/de\/wp-json\/wp\/v2\/pages"}],"about":[{"href":"https:\/\/elfsight.com\/de\/wp-json\/wp\/v2\/types\/page"}],"author":[{"embeddable":true,"href":"https:\/\/elfsight.com\/de\/wp-json\/wp\/v2\/users\/9"}],"replies":[{"embeddable":true,"href":"https:\/\/elfsight.com\/de\/wp-json\/wp\/v2\/comments?post=20624"}],"version-history":[{"count":4,"href":"https:\/\/elfsight.com\/de\/wp-json\/wp\/v2\/pages\/20624\/revisions"}],"predecessor-version":[{"id":23879,"href":"https:\/\/elfsight.com\/de\/wp-json\/wp\/v2\/pages\/20624\/revisions\/23879"}],"up":[{"embeddable":true,"href":"https:\/\/elfsight.com\/de\/wp-json\/wp\/v2\/pages\/69"}],"wp:attachment":[{"href":"https:\/\/elfsight.com\/de\/wp-json\/wp\/v2\/media?parent=20624"}],"curies":[{"name":"wp","href":"https:\/\/api.w.org\/{rel}","templated":true}]}}