{"id":20622,"date":"2024-05-03T06:39:16","date_gmt":"2024-05-03T06:39:16","guid":{"rendered":"https:\/\/elfsight.com\/de\/?page_id=20622"},"modified":"2024-12-19T04:12:37","modified_gmt":"2024-12-19T04:12:37","slug":"jquery","status":"publish","type":"page","link":"https:\/\/elfsight.com\/de\/google-reviews-widget\/jquery\/","title":{"rendered":"Google Reviews &#8211; jQuery"},"content":{"rendered":"\n<div class=\"application-platform-content-item-description application-platform-content-item\" id=\"description\" data-nav-section=\"description\">\n<h2>Google-Bewertungen in jQuery einbetten<\/h2>\n\n<p>M\u00f6chten Sie das Vertrauen in Ihre jQuery-Website steigern? Das Anzeigen von Google-Bewertungen auf Ihren Seiten ist eine gute Strategie: Es wird Kunden ansprechen und den Umsatz steigern. Es gibt verschiedene M\u00f6glichkeiten, Kundenfeedback auf der Website hinzuzuf\u00fcgen, und eine davon ist das Elfsight Google Reviews Plugin \u2013 eine codefreie L\u00f6sung, die nicht viel Zeit in Anspruch nimmt und kostenlos genutzt werden kann.<\/p>\n<\/div>\n\n<div class=\"application-platform-content-item-features application-platform-content-item\" id=\"features\" data-nav-section=\"features\">\n<h2>Funktionen<\/h2>\n<p>Um das Plugin besser zu verstehen, k\u00f6nnen Sie sich die Liste seiner besten Merkmale ansehen. Diese machen das Plugin wirklich wichtig f\u00fcr Ihre jQuery-Website:<\/p>\n\n<ul>\n<li><strong>Einfache Verbindung der Bewertungen. <\/strong> Sie k\u00f6nnen Ihre Google Place ID verwenden oder einfach den Namen und die Adresse des Unternehmens eingeben. Auch wenn Sie keine physische Adresse besitzen, ist das kein Problem. <\/li>\n<li><strong>Bewertungsmoderation &amp; Filter. <\/strong> Mit Elfsight k\u00f6nnen Sie mehrere Filter aktivieren und nur relevante Google-Bewertungen anzeigen. Zum Beispiel k\u00f6nnen Sie die Mindestbewertung festlegen, die angezeigt werden soll, oder bestimmte Autoren aus dem Plugin herausfiltern.<\/li>\n<li><strong>Button, um mehr Bewertungen zu sammeln. <\/strong> F\u00fcgen Sie einfach einen anpassbaren CTA-Button in Ihre Bewertungsleiste ein, damit Kunden ihr Feedback hinterlassen k\u00f6nnen.<\/li>\n<li><strong>Sterne-Snippet zur Steigerung des Google-Traffics. <\/strong> Heben Sie sich von Ihren Mitbewerbern ab, indem Sie das Markup aktivieren, damit Sterne in den Suchergebnissen angezeigt werden. Diese Verbesserung hilft Ihnen, Aufmerksamkeit zu erregen und Ihre Klickrate zu erh\u00f6hen.<\/li>\n<li><strong>Erweiterte Designanpassung. <\/strong> W\u00e4hlen Sie aus verschiedenen Layouts wie Slider, Liste, Mauerwerk, Raster, Karussell, schwebendem Badge und mehr. Passen Sie den Inhalt jeder Bewertung an: Titel, Badges, Namen und Sterne, um perfekt zu Ihrem Design zu passen.<\/li>\n<\/ul>\n<p><a href=\"#demo\" data-scroll-to=\"demo\">Weitere Funktionen finden Sie in der Demo<\/a><\/p>\n\n<\/div>\n\n<div class=\"application-platform-content-item-installation application-platform-content-item\" id=\"installation\" data-nav-section=\"installation\">\n<h2>So binden Sie Google-Bewertungen in Ihre jQuery-Website ein<\/h2>\n<p>Lesen Sie hier, wie Sie das Plugin ganz einfach auf Ihrer jQuery-Website einrichten. Es dauert nur wenige Minuten und erfordert kein Programmieren.<\/p>\n<ol>\n<li><strong>Erstellen Sie Ihr einzigartiges Google-Bewertungen-Plugin<\/strong><br>\nBeginnen Sie mit einer beliebigen Vorlage in der Demo, laden Sie Ihre Kundenbewertungen hoch und erhalten Sie ein Plugin mit dem gew\u00fcnschten Stil und den gew\u00fcnschten Optionen.<\/li>\n\n<li><strong>Erhalten Sie den pers\u00f6nlichen Code, um das Plugin einzubetten<\/strong><br>\nNachdem Sie Ihr Plugin erstellt haben, erhalten Sie den individuellen Code in Ihrem Dashboard. Kopieren Sie den Code, der alle Informationen zu den Einstellungen Ihres Plugins enth\u00e4lt.<\/li>\n\n<li><strong>Zeigen Sie das Plugin auf Ihrer jQuery-Website an<\/strong><br>\nW\u00e4hlen Sie die Abschnitte Ihrer Website aus, auf denen Sie das Plugin haben m\u00f6chten, und f\u00fcgen Sie den Code dort ein. Speichern Sie die Ergebnisse.<\/li>\n<\/ol>\n\n<p>Fertig! Schauen Sie nach, wie das Plugin auf Ihrer Website funktioniert.<\/p>\n<p>Haben Sie weiterhin Probleme beim Einbetten von Google-Bewertungen auf einer jQuery-Website? Lesen Sie einfach unseren Artikel \u00fcber <a href=\"https:\/\/elfsight.com\/blog\/how-to-embed-google-reviews-on-website\/\" target=\"_blank\" rel=\"noopener\">das Hinzuf\u00fcgen von Google-Bewertungen zu Ihrer Website<\/a>.<\/p>\n<\/div>\n\n<div class=\"faq\" data-component=\"FAQ\">\n<div class=\"faq-item\">\r\n\t\t\t\t\t<div class=\"faq-item-question\">\r\n\t\t\t\t\t\t<h3 class=\"faq-item-question-text\">Ist das Google-Bewertungen jQuery-Widget kostenlos?<\/h3>\r\n\r\n\t\t\t\t\t\t<div class=\"faq-item-question-icon\"><\/div>\r\n\t\t\t\t\t<\/div>\r\n\r\n\t\t\t\t\t<div class=\"faq-item-answer\">\r\n\t\t\t\t\t\t<div class=\"faq-item-answer-text\"><\/div>\r\n\t\t\t\t\t<\/div>\r\n\t\t\t\t<\/div>\nJa, das ist es! Jeder Elfsight-Kunde kann sein Google-Bewertungs-Widget erstellen und kostenlos in jQuery einbetten. Alle bahnbrechenden Funktionen, die wir oben besprochen haben, sind verf\u00fcgbar.\n\n<div class=\"faq-item\">\r\n\t\t\t\t\t<div class=\"faq-item-question\">\r\n\t\t\t\t\t\t<h3 class=\"faq-item-question-text\">Warum sollte ich Bewertungen zu jQuery hinzuf\u00fcgen?<\/h3>\r\n\r\n\t\t\t\t\t\t<div class=\"faq-item-question-icon\"><\/div>\r\n\t\t\t\t\t<\/div>\r\n\r\n\t\t\t\t\t<div class=\"faq-item-answer\">\r\n\t\t\t\t\t\t<div class=\"faq-item-answer-text\"><\/div>\r\n\t\t\t\t\t<\/div>\r\n\t\t\t\t<\/div>\nGoogle-Bewertungen steigern die Glaubw\u00fcrdigkeit Ihres Unternehmens. Potenzielle Kunden m\u00f6chten h\u00e4ufig von den Erfahrungen anderer h\u00f6ren, die Ihre Dienstleistungen genutzt haben. Binden Sie Kundenfeedback auf Ihrer Website ein, um zu zeigen, was die Menschen an Ihrem Unternehmen sch\u00e4tzen.\n\n<div class=\"faq-item\">\r\n\t\t\t\t\t<div class=\"faq-item-question\">\r\n\t\t\t\t\t\t<h3 class=\"faq-item-question-text\">Kann ich andere Bewertungen zu jQuery hinzuf\u00fcgen?<\/h3>\r\n\r\n\t\t\t\t\t\t<div class=\"faq-item-question-icon\"><\/div>\r\n\t\t\t\t\t<\/div>\r\n\r\n\t\t\t\t\t<div class=\"faq-item-answer\">\r\n\t\t\t\t\t\t<div class=\"faq-item-answer-text\"><\/div>\r\n\t\t\t\t\t<\/div>\r\n\t\t\t\t<\/div>\nNat\u00fcrlich. Sie k\u00f6nnen Widgets wie <a href=\"https:\/\/elfsight.com\/facebook-reviews-widget\/jquery\/\" target=\"_blank\" rel=\"noreferrer noopener\">Facebook-Bewertungen<\/a>, <a href=\"https:\/\/elfsight.com\/amazon-reviews-widget\/jquery\/\" target=\"_blank\" rel=\"noreferrer noopener\">Amazon-Bewertungen<\/a>, <a href=\"https:\/\/elfsight.com\/tripadvisor-reviews-widget\/jquery\/\" target=\"_blank\" rel=\"noreferrer noopener\">Tripadvisor-Bewertungen<\/a> oder <a href=\"https:\/\/elfsight.com\/testimonials-slider-widget\/jquery\/\" target=\"_blank\" rel=\"noreferrer noopener\">Testimonial-Slider<\/a> ausprobieren. Diese helfen Ihnen, verschiedene Plattformen mit Ihrer Website zu verbinden und Bewertungen von den Websites zu teilen, auf denen Kunden am meisten \u00fcber Ihr Unternehmen sprechen.\n\n<div class=\"faq-item\">\r\n\t\t\t\t\t<div class=\"faq-item-question\">\r\n\t\t\t\t\t\t<h3 class=\"faq-item-question-text\">Warum sollte ich Google-Bewertungen mit Elfsight in jQuery einbetten?<\/h3>\r\n\r\n\t\t\t\t\t\t<div class=\"faq-item-question-icon\"><\/div>\r\n\t\t\t\t\t<\/div>\r\n\r\n\t\t\t\t\t<div class=\"faq-item-answer\">\r\n\t\t\t\t\t\t<div class=\"faq-item-answer-text\"><\/div>\r\n\t\t\t\t\t<\/div>\r\n\t\t\t\t<\/div>\nElfsight bietet Ihnen eine einfache M\u00f6glichkeit, Google-Bewertungen auf Ihrer Website einzubetten, ohne dass Sie programmieren oder Skripte schreiben m\u00fcssen. Dieses anpassbare Plugin kann problemlos in jQuery oder jede andere Website-Plattform integriert werden. Am wichtigsten ist, dass die Leute unser Plugin wegen seiner n\u00fctzlichen Funktionen m\u00f6gen, die Ihnen helfen, die St\u00e4rken Ihres Unternehmens hervorzuheben.\n&lt;\/faq_item]\n<\/div>\n","protected":false},"excerpt":{"rendered":"","protected":false},"author":9,"featured_media":0,"parent":69,"menu_order":0,"comment_status":"closed","ping_status":"closed","template":"templates\/template-application-platform.php","meta":{"publish_to_discourse":"","publish_post_category":"","wpdc_auto_publish_overridden":"","wpdc_topic_tags":"","wpdc_pin_topic":"","wpdc_pin_until":"","discourse_post_id":"","discourse_permalink":"","wpdc_publishing_response":"","wpdc_publishing_error":"","footnotes":""},"class_list":["post-20622","page","type-page","status-publish","hentry"],"yoast_head":"<!-- This site is optimized with the Yoast SEO plugin v25.3.1 - https:\/\/yoast.com\/wordpress\/plugins\/seo\/ -->\n<title>Betten Sie Google-Bewertungen in jQuery ein \u2013 f\u00fcgen Sie Bewertungen in 2 Minuten zur Website hinzu!<\/title>\n<meta name=\"description\" content=\"Es ist ganz einfach, Ihr Google Reviews-Plugin zu erstellen und auf Ihrer jQuery-Site zu platzieren. Der Kundendienst von Elfsight ist kostenlos und schnell.\" \/>\n<meta name=\"robots\" content=\"index, follow, max-snippet:-1, max-image-preview:large, max-video-preview:-1\" \/>\n<link rel=\"canonical\" href=\"https:\/\/elfsight.com\/de\/google-reviews-widget\/jquery\/\" \/>\n<meta property=\"og:locale\" content=\"de_DE\" \/>\n<meta property=\"og:type\" content=\"article\" \/>\n<meta property=\"og:title\" content=\"Betten Sie Google-Bewertungen in jQuery ein \u2013 f\u00fcgen Sie Bewertungen in 2 Minuten zur Website hinzu!\" \/>\n<meta property=\"og:description\" content=\"Es ist ganz einfach, Ihr Google Reviews-Plugin zu erstellen und auf Ihrer jQuery-Site zu platzieren. Der Kundendienst von Elfsight ist kostenlos und schnell.\" \/>\n<meta property=\"og:url\" content=\"https:\/\/elfsight.com\/de\/google-reviews-widget\/jquery\/\" \/>\n<meta property=\"og:site_name\" content=\"Elfsight DE\" \/>\n<meta property=\"article:modified_time\" content=\"2024-12-19T04:12:37+00:00\" \/>\n<meta name=\"twitter:card\" content=\"summary_large_image\" \/>\n<meta name=\"twitter:label1\" content=\"Gesch\u00e4tzte Lesezeit\" \/>\n\t<meta name=\"twitter:data1\" content=\"4\u00a0Minuten\" \/>\n<!-- \/ Yoast SEO plugin. -->","yoast_head_json":{"title":"Betten Sie Google-Bewertungen in jQuery ein \u2013 f\u00fcgen Sie Bewertungen in 2 Minuten zur Website hinzu!","description":"Es ist ganz einfach, Ihr Google Reviews-Plugin zu erstellen und auf Ihrer jQuery-Site zu platzieren. Der Kundendienst von Elfsight ist kostenlos und schnell.","robots":{"index":"index","follow":"follow","max-snippet":"max-snippet:-1","max-image-preview":"max-image-preview:large","max-video-preview":"max-video-preview:-1"},"canonical":"https:\/\/elfsight.com\/de\/google-reviews-widget\/jquery\/","og_locale":"de_DE","og_type":"article","og_title":"Betten Sie Google-Bewertungen in jQuery ein \u2013 f\u00fcgen Sie Bewertungen in 2 Minuten zur Website hinzu!","og_description":"Es ist ganz einfach, Ihr Google Reviews-Plugin zu erstellen und auf Ihrer jQuery-Site zu platzieren. Der Kundendienst von Elfsight ist kostenlos und schnell.","og_url":"https:\/\/elfsight.com\/de\/google-reviews-widget\/jquery\/","og_site_name":"Elfsight DE","article_modified_time":"2024-12-19T04:12:37+00:00","twitter_card":"summary_large_image","twitter_misc":{"Gesch\u00e4tzte Lesezeit":"4\u00a0Minuten"},"schema":{"@context":"https:\/\/schema.org","@graph":[{"@type":"WebPage","@id":"https:\/\/elfsight.com\/de\/google-reviews-widget\/jquery\/","url":"https:\/\/elfsight.com\/de\/google-reviews-widget\/jquery\/","name":"Betten Sie Google-Bewertungen in jQuery ein \u2013 f\u00fcgen Sie Bewertungen in 2 Minuten zur Website hinzu!","isPartOf":{"@id":"https:\/\/elfsight.com\/de\/#website"},"datePublished":"2024-05-03T06:39:16+00:00","dateModified":"2024-12-19T04:12:37+00:00","description":"Es ist ganz einfach, Ihr Google Reviews-Plugin zu erstellen und auf Ihrer jQuery-Site zu platzieren. Der Kundendienst von Elfsight ist kostenlos und schnell.","breadcrumb":{"@id":"https:\/\/elfsight.com\/de\/google-reviews-widget\/jquery\/#breadcrumb"},"inLanguage":"de","potentialAction":[{"@type":"ReadAction","target":["https:\/\/elfsight.com\/de\/google-reviews-widget\/jquery\/"]}]},{"@type":"BreadcrumbList","@id":"https:\/\/elfsight.com\/de\/google-reviews-widget\/jquery\/#breadcrumb","itemListElement":[{"@type":"ListItem","position":1,"name":"Home","item":"https:\/\/elfsight.com\/de\/"},{"@type":"ListItem","position":2,"name":"Google Reviews","item":"https:\/\/elfsight.com\/de\/google-reviews-widget\/"},{"@type":"ListItem","position":3,"name":"Google Reviews &#8211; jQuery"}]},{"@type":"WebSite","@id":"https:\/\/elfsight.com\/de\/#website","url":"https:\/\/elfsight.com\/de\/","name":"Elfsight DE","description":"Just another Elfsight Sites site","potentialAction":[{"@type":"SearchAction","target":{"@type":"EntryPoint","urlTemplate":"https:\/\/elfsight.com\/de\/?s={search_term_string}"},"query-input":{"@type":"PropertyValueSpecification","valueRequired":true,"valueName":"search_term_string"}}],"inLanguage":"de"}]}},"meta_box":{"industry":"","seo_heading":"","heading":"","description":"","cta_heading":"","cta_description":"","application":"60","h1":"jQuery Google Reviews-Plugin","h1_caption":"Betten Sie Bewertungen Ihres Ortes von Google nahtlos in Ihre jQuery-Website ein, um die besten Kundeneindr\u00fccke nahtlos in Ihr Website-Erlebnis zu integrieren.","application_category":[],"applications_title":"","applications_request_title":"","applications_request_button_text":"","hero_text":"","hero_video":"","hero_video_schema_markup":"","selling_points_title":"","selling_points_caption":"","selling_points":[],"selling_points_cta_text":"","features_title":"","features":"","ed_cta_examples_text":"","ed_cta_examples_hidden":"","ed_cta_demo_text":"","ed_cta_demo_hidden":"","why_caption":"","why_editor_title":"","why_editor_text":"","why_team_title":"","why_team_text":"","why_service_title":"","why_service_text":"","template_catalog_visible":"0","template_catalog_title":"","template_catalog_text":"","template_catalog_categories_visible":"","demo_title":"Erstellen Sie Ihr Google Reviews-Plugin","demo_caption":"Konfigurieren Sie Ihre Google-Bewertungen und f\u00fcgen Sie sie kostenlos zu Ihrer jQuery-Website hinzu!","default_faq_hidden":"","app_template_category":[],"platform":"258","template_public_id":"","codecanyon_url":"","codecanyon_item_id":"","codecanyon_price":"","pricing_caption":"","pricing_elfsight_apps_hide_column":"","pricing_elfsight_apps_url":"","pricing_codecanyon_price_caption":"","integration_category":[],"integration_request_title":"","integration_request_cta":"","integration_platform":"","integrations":[],"platform_category":[],"video_schema_markup":"","price":"ab 0 $ \/ Monat","trial":"","benefits":[{"text":"Kostenloser Installationsservice"},{"text":"Au\u00dfergew\u00f6hnlicher Support"},{"text":"14-t\u00e4gige R\u00fcckerstattungsgarantie"},{"text":"Fortlaufende Entwicklung"}],"button_url":"#demo","button_target_blank":"0","button_nofollow":"0","attributes":[{"name":"Installiert","content":"100,000 - 500,000"},{"name":"Reaktionsfreudig","content":"Ja"},{"name":"Kompatible Browser","content":"Firefox, Safari, Opera, Chrome, Edge"}],"tags":[],"tags_disable_links":"0","hide_more_platforms":"","video_object":"","demo_hide_cta":"0","demo_hide_cloud_options":"0","pricing_title":"","pricing":[{"pricing_icon":"platform","pricing_title":"Elfsight Apps","pricing_title_caption":"Plattform\u00fcbergreifende Version, die auf jeder Website funktioniert","pricing_price":"ab 0 $ \/ Monat","pricing_price_caption":"Beginnen Sie mit einem kostenlosen Plan","pricing_benefits":[{"text":"Unbegrenzte Websites"},{"text":"Schneller Kundensupport"},{"text":"Kostenlose Installationshilfe"},{"text":"100 % anpassbar"}],"pricing_button_text":"Zur Website hinzuf\u00fcgen","pricing_button_url":"#demo"}],"related_apps_title":"","related_apps_hidden":"0","author":"","image":[],"title":"","job":"","social_networks":[]},"_links":{"self":[{"href":"https:\/\/elfsight.com\/de\/wp-json\/wp\/v2\/pages\/20622","targetHints":{"allow":["GET"]}}],"collection":[{"href":"https:\/\/elfsight.com\/de\/wp-json\/wp\/v2\/pages"}],"about":[{"href":"https:\/\/elfsight.com\/de\/wp-json\/wp\/v2\/types\/page"}],"author":[{"embeddable":true,"href":"https:\/\/elfsight.com\/de\/wp-json\/wp\/v2\/users\/9"}],"replies":[{"embeddable":true,"href":"https:\/\/elfsight.com\/de\/wp-json\/wp\/v2\/comments?post=20622"}],"version-history":[{"count":2,"href":"https:\/\/elfsight.com\/de\/wp-json\/wp\/v2\/pages\/20622\/revisions"}],"predecessor-version":[{"id":23350,"href":"https:\/\/elfsight.com\/de\/wp-json\/wp\/v2\/pages\/20622\/revisions\/23350"}],"up":[{"embeddable":true,"href":"https:\/\/elfsight.com\/de\/wp-json\/wp\/v2\/pages\/69"}],"wp:attachment":[{"href":"https:\/\/elfsight.com\/de\/wp-json\/wp\/v2\/media?parent=20622"}],"curies":[{"name":"wp","href":"https:\/\/api.w.org\/{rel}","templated":true}]}}