{"id":20616,"date":"2024-05-03T06:39:14","date_gmt":"2024-05-03T06:39:14","guid":{"rendered":"https:\/\/elfsight.com\/de\/?page_id=20616"},"modified":"2025-10-13T16:37:08","modified_gmt":"2025-10-13T16:37:08","slug":"html","status":"publish","type":"page","link":"https:\/\/elfsight.com\/de\/google-reviews-widget\/html\/","title":{"rendered":"Google Reviews &#8211; HTML"},"content":{"rendered":"\n<div class=\"application-platform-content-item-description application-platform-content-item\" id=\"description\" data-nav-section=\"description\"> \n<h2>Google Bewertungen in HTML einbetten<\/h2> \n\n<p>W\u00fcnschen Sie sich eine gr\u00f6\u00dfere Glaubw\u00fcrdigkeit f\u00fcr Ihre HTML-Website? Das Anzeigen von Google-Bewertungen auf Ihren Seiten ist eine gute Methode: Es zieht Kunden an und erh\u00f6ht die Konversionen. Es gibt mehrere M\u00f6glichkeiten, Kundenfeedback auf der Website hinzuzuf\u00fcgen, und eine davon ist das Elfsight Google Reviews Widget, eine No-Code-L\u00f6sung, die wenig Zeit in Anspruch nimmt und kostenlos genutzt werden kann.<\/p>\n<\/div> \n\n<div class=\"application-platform-content-item-features application-platform-content-item\" id=\"features\" data-nav-section=\"features\"> \n<h2>Funktionen<\/h2> \n<p>Um das Widget kennenzulernen, k\u00f6nnen Sie die besten Eigenschaften durchsehen. Diese machen das Widget unglaublich wichtig f\u00fcr Ihre HTML-Website:<\/p> \n\n<ul> \n<li><strong>Einfaches Verbinden von Bewertungen.<\/strong> Sie k\u00f6nnen Ihre Google Place ID einf\u00fcgen oder einfach den Namen und die Adresse Ihres Unternehmens eingeben. Auch wenn Sie keine physische Adresse haben, ist das kein Problem.<\/li> \n<li><strong>Bewertungsmoderation &amp; Filter.<\/strong> Mit Elfsight k\u00f6nnen Sie einfach mehrere Filter einstellen und nur passende Google-Bewertungen anzeigen lassen. Zum Beispiel k\u00f6nnen Sie eine Mindestbewertung definieren oder bestimmte Autoren von der Anzeige im Widget ausschlie\u00dfen.<\/li> \n<li><strong>Button zur Sammlung weiterer Bewertungen.<\/strong> F\u00fcgen Sie einfach einen anpassbaren CTA-Button in Ihr Bewertungs-Widget ein, um Kunden zu ermutigen, ihre Bewertungen abzugeben.<\/li> \n<li><strong>Star-Snippet zur Steigerung des Google-Traffics.<\/strong> Heben Sie sich von Ihren Mitbewerbern ab, indem Sie das Markup aktivieren, um Sterne in den Suchergebnissen anzuzeigen. Dieses Upgrade hilft Ihnen, Aufmerksamkeit zu erregen und Ihre Klickrate zu steigern.<\/li> \n<li><strong>Erweiterte Designanpassung.<\/strong> Probieren Sie verschiedene Layouts wie Slider, Liste, Mauerwerk, Grid, Karussell, Floating Badge und mehr. Passen Sie die Details jeder Bewertung an: Titel, Abzeichen, Namen und Sterne, um perfekt zu Ihrem Design zu passen.<\/li> \n<\/ul>\n<p><a href=\"#demo\" data-scroll-to=\"demo\">Entdecken Sie mehr Funktionen, sehen Sie die Demo<\/a><\/p>\n\n<\/div> \n\n<div class=\"application-platform-content-item-installation application-platform-content-item\" id=\"installation\" data-nav-section=\"installation\"> \n<h2>So betten Sie Google Bewertungen auf Ihrer HTML-Website ein<\/h2>\n<div class=\"video-container\">\n<iframe width=\"720\" height=\"405\" src=\"https:\/\/www.youtube.com\/embed\/fAB-nMKIWYk?si=FuSbsjVxMCwqO0lI\" frameborder=\"0\" allowfullscreen=\"\"><\/iframe>\n<\/div>\n<p>Lesen Sie dieses einfache Tutorial, um das Widget auf Ihrer HTML-Website einzurichten. Es dauert nur wenige Minuten und erfordert keine Programmierung.<\/p> \n<ol>\n<li><strong>Erstellen Sie Ihr individuelles Google Reviews Widget<\/strong><br> \nStarten Sie mit einer beliebigen Vorlage in der Demo, f\u00fcgen Sie Ihre Kundenbewertungen hinzu und erstellen Sie ein Widget mit dem gew\u00fcnschten Layout und den gew\u00fcnschten Einstellungen.<\/li>\n\n<li><strong>Erhalten Sie den individuellen Code zum Einbetten des Widgets<\/strong><br> \nNachdem Sie Ihr Widget erstellt haben, erhalten Sie den individuellen Code in Ihrem Dashboard. Kopieren Sie den Code, der alle Details zu den Einstellungen Ihres Widgets enth\u00e4lt.<\/li> \n\n<li><strong>Zeigen Sie das Widget auf Ihrer HTML-Website an<\/strong><br> \nW\u00e4hlen Sie den Bereich auf Ihrer Website aus, auf dem das Widget angezeigt werden soll, und f\u00fcgen Sie den Code dort ein. Speichern Sie die \u00c4nderungen.<\/li> \n<\/ol>\n\n<p>Das war&#8217;s! \u00dcberpr\u00fcfen Sie, wie das Widget auf Ihrer Website funktioniert.<\/p> \n\n<p>Haben Sie weiterhin Probleme beim Einbetten von Google-Bewertungen auf einer HTML-Website? Lesen Sie einfach unseren Artikel \u00fcber <a href=\"https:\/\/elfsight.com\/blog\/how-to-embed-google-reviews-on-website\/\" target=\"_blank\" rel=\"noopener\">das Hinzuf\u00fcgen von Google-Bewertungen zu Ihrer Website<\/a>.<\/p> \n<\/div>\n\n<div class=\"faq\" data-component=\"FAQ\">\n<div class=\"faq-item\">\r\n\t\t\t\t\t<div class=\"faq-item-question\">\r\n\t\t\t\t\t\t<h3 class=\"faq-item-question-text\">Ist das Google Reviews HTML Widget kostenlos? <\/h3>\r\n\r\n\t\t\t\t\t\t<div class=\"faq-item-question-icon\"><\/div>\r\n\t\t\t\t\t<\/div>\r\n\r\n\t\t\t\t\t<div class=\"faq-item-answer\">\r\n\t\t\t\t\t\t<div class=\"faq-item-answer-text\">\nJa, das ist es! Jeder Elfsight-Nutzer kann sein Google Reviews Widget erstellen und in HTML einbetten, ohne daf\u00fcr etwas zu bezahlen. Alle gro\u00dfartigen Funktionen, die wir oben beschrieben haben, stehen Ihnen zur Verf\u00fcgung.\n<\/div>\r\n\t\t\t\t\t<\/div>\r\n\t\t\t\t<\/div>\n<div class=\"faq-item\">\r\n\t\t\t\t\t<div class=\"faq-item-question\">\r\n\t\t\t\t\t\t<h3 class=\"faq-item-question-text\">Warum sollte ich Bewertungen in HTML hinzuf\u00fcgen? <\/h3>\r\n\r\n\t\t\t\t\t\t<div class=\"faq-item-question-icon\"><\/div>\r\n\t\t\t\t\t<\/div>\r\n\r\n\t\t\t\t\t<div class=\"faq-item-answer\">\r\n\t\t\t\t\t\t<div class=\"faq-item-answer-text\">\nGoogle-Bewertungen steigern die Glaubw\u00fcrdigkeit Ihres Unternehmens. Potenzielle Kunden m\u00f6chten oft mehr \u00fcber die Erfahrungen anderer Menschen erfahren, die Ihre Dienstleistungen genutzt haben. Zeigen Sie Kundenfeedback auf Ihrer Website, um zu teilen, was Kunden an Ihrem Unternehmen lieben.\n<\/div>\r\n\t\t\t\t\t<\/div>\r\n\t\t\t\t<\/div>\n<div class=\"faq-item\">\r\n\t\t\t\t\t<div class=\"faq-item-question\">\r\n\t\t\t\t\t\t<h3 class=\"faq-item-question-text\">Kann ich auch andere Bewertungen in HTML hinzuf\u00fcgen? <\/h3>\r\n\r\n\t\t\t\t\t\t<div class=\"faq-item-question-icon\"><\/div>\r\n\t\t\t\t\t<\/div>\r\n\r\n\t\t\t\t\t<div class=\"faq-item-answer\">\r\n\t\t\t\t\t\t<div class=\"faq-item-answer-text\">\nKlar! Sie k\u00f6nnen Widgets wie <a href=\"https:\/\/elfsight.com\/facebook-reviews-widget\/html\/\" target=\"_blank\" rel=\"noreferrer noopener\">Facebook Reviews<\/a>, <a href=\"https:\/\/elfsight.com\/amazon-reviews-widget\/html\/\" target=\"_blank\" rel=\"noreferrer noopener\">Bewertungen von Amazon<\/a>, <a href=\"https:\/\/elfsight.com\/tripadvisor-reviews-widget\/html\/\" target=\"_blank\" rel=\"noreferrer noopener\">Tripadvisor Reviews<\/a> oder <a href=\"https:\/\/elfsight.com\/testimonials-slider-widget\/html\/\" target=\"_blank\" rel=\"noreferrer noopener\">Testimonials Slider<\/a> ausprobieren. Diese Widgets helfen Ihnen, verschiedene Plattformen mit Ihrer Website zu verbinden und Bewertungen von den Seiten anzuzeigen, auf denen Kunden am h\u00e4ufigsten \u00fcber Ihr Unternehmen sprechen.\n<\/div>\r\n\t\t\t\t\t<\/div>\r\n\t\t\t\t<\/div>\n<div class=\"faq-item\">\r\n\t\t\t\t\t<div class=\"faq-item-question\">\r\n\t\t\t\t\t\t<h3 class=\"faq-item-question-text\">Warum sollte ich Google Bewertungen in HTML mit Elfsight einbetten? <\/h3>\r\n\r\n\t\t\t\t\t\t<div class=\"faq-item-question-icon\"><\/div>\r\n\t\t\t\t\t<\/div>\r\n\r\n\t\t\t\t\t<div class=\"faq-item-answer\">\r\n\t\t\t\t\t\t<div class=\"faq-item-answer-text\">\nZun\u00e4chst bietet Elfsight eine einfache M\u00f6glichkeit, Google-Bewertungen auf Ihrer Website einzubetten, ohne dass Sie programmieren oder Skripte schreiben m\u00fcssen. Dieses anpassbare Widget l\u00e4sst sich problemlos in HTML oder jede andere Website-Plattform integrieren. Am wichtigsten ist, dass Menschen unser Widget wegen seiner bedeutungsvollen Funktionen sch\u00e4tzen, die Ihnen helfen, die St\u00e4rken Ihres Unternehmens hervorzuheben.\n<\/div>\r\n\t\t\t\t\t<\/div>\r\n\t\t\t\t<\/div>\n<\/div>\n","protected":false},"excerpt":{"rendered":"","protected":false},"author":9,"featured_media":0,"parent":69,"menu_order":0,"comment_status":"closed","ping_status":"closed","template":"templates\/template-application-platform.php","meta":{"publish_to_discourse":"","publish_post_category":"","wpdc_auto_publish_overridden":"","wpdc_topic_tags":"","wpdc_pin_topic":"","wpdc_pin_until":"","discourse_post_id":"","discourse_permalink":"","wpdc_publishing_response":"","wpdc_publishing_error":"","footnotes":""},"class_list":["post-20616","page","type-page","status-publish","hentry"],"yoast_head":"<!-- This site is optimized with the Yoast SEO plugin v25.3.1 - https:\/\/yoast.com\/wordpress\/plugins\/seo\/ -->\n<title>Betten Sie Google-Bewertungen in eine HTML-Website ein \u2013 f\u00fcgen Sie Bewertungen in 2 Minuten hinzu!<\/title>\n<meta name=\"description\" content=\"Hier ist eine M\u00f6glichkeit, das Google Reviews-Widget in Ihren HTML-Website-Code einzubetten. Genie\u00dfen Sie den kostenlosen Kundenservice und andere Vorteile von Elfsight.\" \/>\n<meta name=\"robots\" content=\"index, follow, max-snippet:-1, max-image-preview:large, max-video-preview:-1\" \/>\n<link rel=\"canonical\" href=\"https:\/\/elfsight.com\/de\/google-reviews-widget\/html\/\" \/>\n<meta property=\"og:locale\" content=\"de_DE\" \/>\n<meta property=\"og:type\" content=\"article\" \/>\n<meta property=\"og:title\" content=\"Betten Sie Google-Bewertungen in eine HTML-Website ein \u2013 f\u00fcgen Sie Bewertungen in 2 Minuten hinzu!\" \/>\n<meta property=\"og:description\" content=\"Hier ist eine M\u00f6glichkeit, das Google Reviews-Widget in Ihren HTML-Website-Code einzubetten. Genie\u00dfen Sie den kostenlosen Kundenservice und andere Vorteile von Elfsight.\" \/>\n<meta property=\"og:url\" content=\"https:\/\/elfsight.com\/de\/google-reviews-widget\/html\/\" \/>\n<meta property=\"og:site_name\" content=\"Elfsight DE\" \/>\n<meta property=\"article:modified_time\" content=\"2025-10-13T16:37:08+00:00\" \/>\n<meta name=\"twitter:card\" content=\"summary_large_image\" \/>\n<meta name=\"twitter:label1\" content=\"Gesch\u00e4tzte Lesezeit\" \/>\n\t<meta name=\"twitter:data1\" content=\"4\u00a0Minuten\" \/>\n<!-- \/ Yoast SEO plugin. -->","yoast_head_json":{"title":"Betten Sie Google-Bewertungen in eine HTML-Website ein \u2013 f\u00fcgen Sie Bewertungen in 2 Minuten hinzu!","description":"Hier ist eine M\u00f6glichkeit, das Google Reviews-Widget in Ihren HTML-Website-Code einzubetten. Genie\u00dfen Sie den kostenlosen Kundenservice und andere Vorteile von Elfsight.","robots":{"index":"index","follow":"follow","max-snippet":"max-snippet:-1","max-image-preview":"max-image-preview:large","max-video-preview":"max-video-preview:-1"},"canonical":"https:\/\/elfsight.com\/de\/google-reviews-widget\/html\/","og_locale":"de_DE","og_type":"article","og_title":"Betten Sie Google-Bewertungen in eine HTML-Website ein \u2013 f\u00fcgen Sie Bewertungen in 2 Minuten hinzu!","og_description":"Hier ist eine M\u00f6glichkeit, das Google Reviews-Widget in Ihren HTML-Website-Code einzubetten. Genie\u00dfen Sie den kostenlosen Kundenservice und andere Vorteile von Elfsight.","og_url":"https:\/\/elfsight.com\/de\/google-reviews-widget\/html\/","og_site_name":"Elfsight DE","article_modified_time":"2025-10-13T16:37:08+00:00","twitter_card":"summary_large_image","twitter_misc":{"Gesch\u00e4tzte Lesezeit":"4\u00a0Minuten"},"schema":{"@context":"https:\/\/schema.org","@graph":[{"@type":"WebPage","@id":"https:\/\/elfsight.com\/de\/google-reviews-widget\/html\/","url":"https:\/\/elfsight.com\/de\/google-reviews-widget\/html\/","name":"Betten Sie Google-Bewertungen in eine HTML-Website ein \u2013 f\u00fcgen Sie Bewertungen in 2 Minuten hinzu!","isPartOf":{"@id":"https:\/\/elfsight.com\/de\/#website"},"datePublished":"2024-05-03T06:39:14+00:00","dateModified":"2025-10-13T16:37:08+00:00","description":"Hier ist eine M\u00f6glichkeit, das Google Reviews-Widget in Ihren HTML-Website-Code einzubetten. Genie\u00dfen Sie den kostenlosen Kundenservice und andere Vorteile von Elfsight.","breadcrumb":{"@id":"https:\/\/elfsight.com\/de\/google-reviews-widget\/html\/#breadcrumb"},"inLanguage":"de","potentialAction":[{"@type":"ReadAction","target":["https:\/\/elfsight.com\/de\/google-reviews-widget\/html\/"]}]},{"@type":"BreadcrumbList","@id":"https:\/\/elfsight.com\/de\/google-reviews-widget\/html\/#breadcrumb","itemListElement":[{"@type":"ListItem","position":1,"name":"Home","item":"https:\/\/elfsight.com\/de\/"},{"@type":"ListItem","position":2,"name":"Google Reviews","item":"https:\/\/elfsight.com\/de\/google-reviews-widget\/"},{"@type":"ListItem","position":3,"name":"Google Reviews &#8211; HTML"}]},{"@type":"WebSite","@id":"https:\/\/elfsight.com\/de\/#website","url":"https:\/\/elfsight.com\/de\/","name":"Elfsight DE","description":"Just another Elfsight Sites site","potentialAction":[{"@type":"SearchAction","target":{"@type":"EntryPoint","urlTemplate":"https:\/\/elfsight.com\/de\/?s={search_term_string}"},"query-input":{"@type":"PropertyValueSpecification","valueRequired":true,"valueName":"search_term_string"}}],"inLanguage":"de"}]}},"meta_box":{"industry":"","seo_heading":"","heading":"","description":"","cta_heading":"","cta_description":"","application":"60","h1":"HTML-Widget f\u00fcr Google-Rezensionen","h1_caption":"Betten Sie Bewertungen Ihres Ortes von Google nahtlos in Ihre HTML-Website ein, um die besten Kundeneindr\u00fccke nahtlos in Ihr Website-Erlebnis zu integrieren.","application_category":[],"applications_title":"","applications_request_title":"","applications_request_button_text":"","hero_text":"","hero_video":"","hero_video_schema_markup":"","selling_points_title":"","selling_points_caption":"","selling_points":[],"selling_points_cta_text":"","features_title":"","features":"","ed_cta_examples_text":"","ed_cta_examples_hidden":"","ed_cta_demo_text":"","ed_cta_demo_hidden":"","why_caption":"","why_editor_title":"","why_editor_text":"","why_team_title":"","why_team_text":"","why_service_title":"","why_service_text":"","template_catalog_visible":"0","template_catalog_title":"","template_catalog_text":"","template_catalog_categories_visible":"","demo_title":"Erstellen Sie Ihr Google Reviews-Widget","demo_caption":"Konfigurieren Sie Ihre Google-Bewertungen und f\u00fcgen Sie sie kostenlos zu Ihrer HTML-Website hinzu!","default_faq_hidden":"","app_template_category":[],"platform":"260","template_public_id":"","codecanyon_url":"","codecanyon_item_id":"","codecanyon_price":"","pricing_caption":"","pricing_elfsight_apps_hide_column":"","pricing_elfsight_apps_url":"","pricing_codecanyon_price_caption":"","integration_category":[],"integration_request_title":"","integration_request_cta":"","integration_platform":"","integrations":[],"platform_category":[],"video_schema_markup":"","price":"ab 0 $ \/ Monat","trial":"","benefits":[{"text":"Kostenlose Installationshilfe"},{"text":"Professioneller Kundenservice"},{"text":"14-t\u00e4gige R\u00fcckerstattungsgarantie"},{"text":"Zuk\u00fcnftige Updates"}],"button_url":"#demo","button_target_blank":"0","button_nofollow":"0","attributes":[{"name":"Installiert","content":"100,000 - 500,000"},{"name":"Reaktionsfreudig","content":"Ja"},{"name":"Kompatible Browser","content":"Firefox, Safari, Opera, Chrome, Edge"}],"tags":[],"tags_disable_links":"0","hide_more_platforms":"0","video_object":"","demo_hide_cta":"0","demo_hide_cloud_options":"0","pricing_title":"","pricing":[{"pricing_icon":"platform","pricing_title":"Elfsight Apps","pricing_title_caption":"Plattform\u00fcbergreifende Version, die auf jeder Site funktioniert","pricing_price":"ab 0 $ \/ Monat","pricing_price_caption":"Beginnen Sie mit einem kostenlosen Plan","pricing_benefits":[{"text":"Unbegrenzte Domains"},{"text":"Professioneller Kundensupport"},{"text":"Kostenlose Installationshilfe"},{"text":"Sonderangebot f\u00fcr mehrere Apps"}],"pricing_button_text":"Zur Website hinzuf\u00fcgen","pricing_button_url":"#demo"}],"related_apps_title":"","related_apps_hidden":"0","author":"","image":[],"title":"","job":"","social_networks":[]},"_links":{"self":[{"href":"https:\/\/elfsight.com\/de\/wp-json\/wp\/v2\/pages\/20616","targetHints":{"allow":["GET"]}}],"collection":[{"href":"https:\/\/elfsight.com\/de\/wp-json\/wp\/v2\/pages"}],"about":[{"href":"https:\/\/elfsight.com\/de\/wp-json\/wp\/v2\/types\/page"}],"author":[{"embeddable":true,"href":"https:\/\/elfsight.com\/de\/wp-json\/wp\/v2\/users\/9"}],"replies":[{"embeddable":true,"href":"https:\/\/elfsight.com\/de\/wp-json\/wp\/v2\/comments?post=20616"}],"version-history":[{"count":6,"href":"https:\/\/elfsight.com\/de\/wp-json\/wp\/v2\/pages\/20616\/revisions"}],"predecessor-version":[{"id":25519,"href":"https:\/\/elfsight.com\/de\/wp-json\/wp\/v2\/pages\/20616\/revisions\/25519"}],"up":[{"embeddable":true,"href":"https:\/\/elfsight.com\/de\/wp-json\/wp\/v2\/pages\/69"}],"wp:attachment":[{"href":"https:\/\/elfsight.com\/de\/wp-json\/wp\/v2\/media?parent=20616"}],"curies":[{"name":"wp","href":"https:\/\/api.w.org\/{rel}","templated":true}]}}