{"id":20614,"date":"2024-05-03T06:39:12","date_gmt":"2024-05-03T06:39:12","guid":{"rendered":"https:\/\/elfsight.com\/de\/?page_id=20614"},"modified":"2025-01-16T07:05:29","modified_gmt":"2025-01-16T07:05:29","slug":"opencart","status":"publish","type":"page","link":"https:\/\/elfsight.com\/de\/google-reviews-widget\/opencart\/","title":{"rendered":"Google Reviews &#8211; OpenCart"},"content":{"rendered":"\n<div class=\"application-platform-content-item-description application-platform-content-item\" id=\"description\" data-nav-section=\"description\"> \n<h2>Google Bewertungen in OpenCart einbetten<\/h2> \n\n<p>M\u00f6chten Sie das Vertrauen in Ihre OpenCart-Website st\u00e4rken? Das Anzeigen von Google-Bewertungen auf Ihren Seiten ist eine gro\u00dfartige Idee: Es wird Kunden ansprechen und die Konversionen steigern. Es gibt verschiedene M\u00f6glichkeiten, Kundenfeedback auf der Website hinzuzuf\u00fcgen, und eine davon ist das Elfsight Google Reviews Widget, eine No-Code-L\u00f6sung, die keine Zeit in Anspruch nimmt und kostenlos genutzt werden kann.<\/p>\n<\/div> \n\n<div class=\"application-platform-content-item-features application-platform-content-item\" id=\"features\" data-nav-section=\"features\"> \n<h2>Funktionen<\/h2> \n<p>Um einen klaren \u00dcberblick \u00fcber die Erweiterung zu erhalten, k\u00f6nnen Sie die wichtigsten Merkmale durchsehen. Diese machen die Erweiterung unglaublich n\u00fctzlich f\u00fcr Ihre OpenCart-Website:<\/p> \n\n<ul> \n<li><strong>Einfaches Verbinden von Bewertungen.<\/strong> Sie k\u00f6nnen Ihre Google Place ID eingeben oder einfach den Namen und die Adresse Ihres Unternehmens eingeben. Auch ohne eine physische Adresse ist das kein Problem.<\/li> \n<li><strong>Bewertungsmoderation &amp; Filter.<\/strong> Mit Elfsight k\u00f6nnen Sie mehrere Filter ganz einfach anpassen und nur relevante Google-Bewertungen anzeigen. Zum Beispiel k\u00f6nnen Sie eine Mindestbewertung festlegen oder bestimmte Autoren von der Anzeige in der Erweiterung ausschlie\u00dfen.<\/li> \n<li><strong>Button zur Sammlung weiterer Bewertungen.<\/strong> F\u00fcgen Sie einfach einen anpassbaren CTA-Button in Ihren Bewertungsbereich ein, damit Kunden ihr Feedback hinterlassen k\u00f6nnen.<\/li> \n<li><strong>Star-Snippet zur Steigerung des Google-Traffics.<\/strong> Heben Sie sich von Ihren Mitbewerbern ab, indem Sie das Markup aktivieren, damit Sterne in den Suchergebnissen angezeigt werden. Dieses Upgrade hilft Ihnen, Aufmerksamkeit zu erregen und Ihre Klickrate zu erh\u00f6hen.<\/li> \n<li><strong>Erweiterte Designanpassung.<\/strong> W\u00e4hlen Sie aus verschiedenen Layouts wie Slider, Liste, Mauerwerk, Grid, Karussell, Floating Badge und mehr. Passen Sie die Inhalte jeder Bewertung an: Titel, Abzeichen, Namen und Sterne, um sie perfekt in Ihr Design zu integrieren.<\/li> \n<\/ul>\n<p><a href=\"#demo\" data-scroll-to=\"demo\">Entdecken Sie alle Funktionen, sehen Sie sich die Demo an<\/a><\/p>\n\n<\/div> \n\n<div class=\"application-platform-content-item-installation application-platform-content-item\" id=\"installation\" data-nav-section=\"installation\"> \n<h2>So betten Sie Google Bewertungen in Ihre OpenCart-Website ein<\/h2> \n\n<p>Hier ist Ihr einfacher Leitfaden, um die Erweiterung auf Ihrer OpenCart-Website einzurichten. Es wird nur wenige Minuten dauern und erfordert keine Programmierung.<\/p> \n<ol>\n<li><strong>Erstellen Sie Ihre individuelle Google Reviews Erweiterung<\/strong><br> \nStarten Sie mit einer beliebigen Vorlage in der Demo, f\u00fcgen Sie Ihr Kundenfeedback hinzu und erstellen Sie eine Erweiterung mit dem gew\u00fcnschten Design und den gew\u00fcnschten Einstellungen.<\/li>\n\n<li><strong>Erhalten Sie den individuellen Code zum Einbetten der Erweiterung<\/strong><br> \nNachdem Sie Ihre Erweiterung erstellt haben, erhalten Sie den individuellen Code in Ihrem Dashboard. Kopieren Sie den Code, der alle Details zu den Einstellungen Ihrer Erweiterung enth\u00e4lt.<\/li> \n\n<li><strong>Zeigen Sie die Erweiterung auf Ihrer OpenCart-Website an<\/strong><br> \nW\u00e4hlen Sie den Bereich der Website aus, in dem die Erweiterung angezeigt werden soll, und f\u00fcgen Sie den Code dort ein. Speichern Sie die \u00c4nderungen.<\/li> \n<\/ol>\n\n<p>Das war&#8217;s! \u00dcberpr\u00fcfen Sie, wie die Erweiterung auf Ihrer Website funktioniert.<\/p> \n<p>Haben Sie weiterhin Probleme beim Einbetten von Google-Bewertungen auf einer OpenCart-Website? Lesen Sie einfach unseren Artikel \u00fcber <a href=\"https:\/\/elfsight.com\/blog\/how-to-embed-google-reviews-on-website\/\" target=\"_blank\" rel=\"noopener\">das Hinzuf\u00fcgen von Google-Bewertungen zu Ihrer Website<\/a>.<\/p>\n\n<\/div>\n\n<div class=\"faq\" data-component=\"FAQ\">\n<div class=\"faq-item\">\r\n\t\t\t\t\t<div class=\"faq-item-question\">\r\n\t\t\t\t\t\t<h3 class=\"faq-item-question-text\">Ist das Google Reviews OpenCart Widget kostenlos? <\/h3>\r\n\r\n\t\t\t\t\t\t<div class=\"faq-item-question-icon\"><\/div>\r\n\t\t\t\t\t<\/div>\r\n\r\n\t\t\t\t\t<div class=\"faq-item-answer\">\r\n\t\t\t\t\t\t<div class=\"faq-item-answer-text\">\nAbsolut! Jeder Elfsight-Nutzer kann sein Google Reviews Widget anpassen und es in OpenCart einbetten, ohne daf\u00fcr etwas zu bezahlen. Alle n\u00fctzlichen Funktionen, die wir oben erw\u00e4hnt haben, stehen Ihnen zur Verf\u00fcgung.\n<\/div>\r\n\t\t\t\t\t<\/div>\r\n\t\t\t\t<\/div>\n<div class=\"faq-item\">\r\n\t\t\t\t\t<div class=\"faq-item-question\">\r\n\t\t\t\t\t\t<h3 class=\"faq-item-question-text\">Warum sollte ich Bewertungen zu OpenCart hinzuf\u00fcgen? <\/h3>\r\n\r\n\t\t\t\t\t\t<div class=\"faq-item-question-icon\"><\/div>\r\n\t\t\t\t\t<\/div>\r\n\r\n\t\t\t\t\t<div class=\"faq-item-answer\">\r\n\t\t\t\t\t\t<div class=\"faq-item-answer-text\">\nGoogle-Bewertungen verbessern die Glaubw\u00fcrdigkeit Ihres Unternehmens. Potenzielle Kunden m\u00f6chten h\u00e4ufig mehr \u00fcber die Erfahrungen anderer erfahren, die Ihre Dienstleistungen genutzt haben. Zeigen Sie Kundenfeedback auf Ihrer Website, um zu pr\u00e4sentieren, was Kunden an Ihrem Unternehmen sch\u00e4tzen.\n<\/div>\r\n\t\t\t\t\t<\/div>\r\n\t\t\t\t<\/div>\n<div class=\"faq-item\">\r\n\t\t\t\t\t<div class=\"faq-item-question\">\r\n\t\t\t\t\t\t<h3 class=\"faq-item-question-text\">Kann ich auch andere Bewertungen zu OpenCart hinzuf\u00fcgen? <\/h3>\r\n\r\n\t\t\t\t\t\t<div class=\"faq-item-question-icon\"><\/div>\r\n\t\t\t\t\t<\/div>\r\n\r\n\t\t\t\t\t<div class=\"faq-item-answer\">\r\n\t\t\t\t\t\t<div class=\"faq-item-answer-text\">\nKlar! Sie k\u00f6nnen Widgets wie <a href=\"https:\/\/elfsight.com\/facebook-reviews-widget\/opencart\/\" target=\"_blank\" rel=\"noreferrer noopener\">Facebook Reviews<\/a>, <a href=\"https:\/\/elfsight.com\/amazon-reviews-widget\/opencart\/\" target=\"_blank\" rel=\"noreferrer noopener\">Bewertungen von Amazon<\/a>, <a href=\"https:\/\/elfsight.com\/tripadvisor-reviews-widget\/opencart\/\" target=\"_blank\" rel=\"noreferrer noopener\">Tripadvisor Reviews<\/a> oder <a href=\"https:\/\/elfsight.com\/testimonials-slider-widget\/opencart\/\" target=\"_blank\" rel=\"noreferrer noopener\">Testimonials Slider<\/a> ausprobieren. Diese Widgets helfen Ihnen, verschiedene Plattformen mit Ihrer Website zu verbinden und Bewertungen von den Websites anzuzeigen, auf denen Kunden am meisten \u00fcber Ihr Unternehmen sprechen.\n<\/div>\r\n\t\t\t\t\t<\/div>\r\n\t\t\t\t<\/div>\n<div class=\"faq-item\">\r\n\t\t\t\t\t<div class=\"faq-item-question\">\r\n\t\t\t\t\t\t<h3 class=\"faq-item-question-text\">Warum sollte ich Google Bewertungen in OpenCart mit Elfsight einbetten? <\/h3>\r\n\r\n\t\t\t\t\t\t<div class=\"faq-item-question-icon\"><\/div>\r\n\t\t\t\t\t<\/div>\r\n\r\n\t\t\t\t\t<div class=\"faq-item-answer\">\r\n\t\t\t\t\t\t<div class=\"faq-item-answer-text\">\nZun\u00e4chst bietet Elfsight eine einfache M\u00f6glichkeit, Google-Bewertungen auf Ihrer Website einzubetten, ohne dass Sie programmieren oder Skripte schreiben m\u00fcssen. Diese anpassbare Erweiterung l\u00e4sst sich problemlos in OpenCart oder jede andere Website-Plattform integrieren. Am wichtigsten ist, dass die Menschen unsere Erweiterung wegen ihrer wertvollen Funktionen sch\u00e4tzen, die Ihnen helfen, die St\u00e4rken Ihres Unternehmens hervorzuheben.\n<\/div>\r\n\t\t\t\t\t<\/div>\r\n\t\t\t\t<\/div>\n<\/div>\n","protected":false},"excerpt":{"rendered":"","protected":false},"author":9,"featured_media":0,"parent":69,"menu_order":0,"comment_status":"closed","ping_status":"closed","template":"templates\/template-application-platform.php","meta":{"publish_to_discourse":"","publish_post_category":"","wpdc_auto_publish_overridden":"","wpdc_topic_tags":"","wpdc_pin_topic":"","wpdc_pin_until":"","discourse_post_id":"","discourse_permalink":"","wpdc_publishing_response":"","wpdc_publishing_error":"","footnotes":""},"class_list":["post-20614","page","type-page","status-publish","hentry"],"yoast_head":"<!-- This site is optimized with the Yoast SEO plugin v25.3.1 - https:\/\/yoast.com\/wordpress\/plugins\/seo\/ -->\n<title>Betten Sie Google-Bewertungen in eine OpenCart-Website ein \u2013 f\u00fcgen Sie Bewertungen in 2 Minuten zu einer Website hinzu!<\/title>\n<meta name=\"description\" content=\"Hier haben Sie die M\u00f6glichkeit, ein Google Reviews-Widget zu erstellen und es in Ihre OpenCart-Website einzubetten. Erhalten Sie kostenlosen Kundenservice und andere Boni von Elfsight.\" \/>\n<meta name=\"robots\" content=\"index, follow, max-snippet:-1, max-image-preview:large, max-video-preview:-1\" \/>\n<link rel=\"canonical\" href=\"https:\/\/elfsight.com\/de\/google-reviews-widget\/opencart\/\" \/>\n<meta property=\"og:locale\" content=\"de_DE\" \/>\n<meta property=\"og:type\" content=\"article\" \/>\n<meta property=\"og:title\" content=\"Betten Sie Google-Bewertungen in eine OpenCart-Website ein \u2013 f\u00fcgen Sie Bewertungen in 2 Minuten zu einer Website hinzu!\" \/>\n<meta property=\"og:description\" content=\"Hier haben Sie die M\u00f6glichkeit, ein Google Reviews-Widget zu erstellen und es in Ihre OpenCart-Website einzubetten. Erhalten Sie kostenlosen Kundenservice und andere Boni von Elfsight.\" \/>\n<meta property=\"og:url\" content=\"https:\/\/elfsight.com\/de\/google-reviews-widget\/opencart\/\" \/>\n<meta property=\"og:site_name\" content=\"Elfsight DE\" \/>\n<meta property=\"article:modified_time\" content=\"2025-01-16T07:05:29+00:00\" \/>\n<meta name=\"twitter:card\" content=\"summary_large_image\" \/>\n<meta name=\"twitter:label1\" content=\"Gesch\u00e4tzte Lesezeit\" \/>\n\t<meta name=\"twitter:data1\" content=\"4\u00a0Minuten\" \/>\n<!-- \/ Yoast SEO plugin. -->","yoast_head_json":{"title":"Betten Sie Google-Bewertungen in eine OpenCart-Website ein \u2013 f\u00fcgen Sie Bewertungen in 2 Minuten zu einer Website hinzu!","description":"Hier haben Sie die M\u00f6glichkeit, ein Google Reviews-Widget zu erstellen und es in Ihre OpenCart-Website einzubetten. Erhalten Sie kostenlosen Kundenservice und andere Boni von Elfsight.","robots":{"index":"index","follow":"follow","max-snippet":"max-snippet:-1","max-image-preview":"max-image-preview:large","max-video-preview":"max-video-preview:-1"},"canonical":"https:\/\/elfsight.com\/de\/google-reviews-widget\/opencart\/","og_locale":"de_DE","og_type":"article","og_title":"Betten Sie Google-Bewertungen in eine OpenCart-Website ein \u2013 f\u00fcgen Sie Bewertungen in 2 Minuten zu einer Website hinzu!","og_description":"Hier haben Sie die M\u00f6glichkeit, ein Google Reviews-Widget zu erstellen und es in Ihre OpenCart-Website einzubetten. Erhalten Sie kostenlosen Kundenservice und andere Boni von Elfsight.","og_url":"https:\/\/elfsight.com\/de\/google-reviews-widget\/opencart\/","og_site_name":"Elfsight DE","article_modified_time":"2025-01-16T07:05:29+00:00","twitter_card":"summary_large_image","twitter_misc":{"Gesch\u00e4tzte Lesezeit":"4\u00a0Minuten"},"schema":{"@context":"https:\/\/schema.org","@graph":[{"@type":"WebPage","@id":"https:\/\/elfsight.com\/de\/google-reviews-widget\/opencart\/","url":"https:\/\/elfsight.com\/de\/google-reviews-widget\/opencart\/","name":"Betten Sie Google-Bewertungen in eine OpenCart-Website ein \u2013 f\u00fcgen Sie Bewertungen in 2 Minuten zu einer Website hinzu!","isPartOf":{"@id":"https:\/\/elfsight.com\/de\/#website"},"datePublished":"2024-05-03T06:39:12+00:00","dateModified":"2025-01-16T07:05:29+00:00","description":"Hier haben Sie die M\u00f6glichkeit, ein Google Reviews-Widget zu erstellen und es in Ihre OpenCart-Website einzubetten. Erhalten Sie kostenlosen Kundenservice und andere Boni von Elfsight.","breadcrumb":{"@id":"https:\/\/elfsight.com\/de\/google-reviews-widget\/opencart\/#breadcrumb"},"inLanguage":"de","potentialAction":[{"@type":"ReadAction","target":["https:\/\/elfsight.com\/de\/google-reviews-widget\/opencart\/"]}]},{"@type":"BreadcrumbList","@id":"https:\/\/elfsight.com\/de\/google-reviews-widget\/opencart\/#breadcrumb","itemListElement":[{"@type":"ListItem","position":1,"name":"Home","item":"https:\/\/elfsight.com\/de\/"},{"@type":"ListItem","position":2,"name":"Google Reviews","item":"https:\/\/elfsight.com\/de\/google-reviews-widget\/"},{"@type":"ListItem","position":3,"name":"Google Reviews &#8211; OpenCart"}]},{"@type":"WebSite","@id":"https:\/\/elfsight.com\/de\/#website","url":"https:\/\/elfsight.com\/de\/","name":"Elfsight DE","description":"Just another Elfsight Sites site","potentialAction":[{"@type":"SearchAction","target":{"@type":"EntryPoint","urlTemplate":"https:\/\/elfsight.com\/de\/?s={search_term_string}"},"query-input":{"@type":"PropertyValueSpecification","valueRequired":true,"valueName":"search_term_string"}}],"inLanguage":"de"}]}},"meta_box":{"industry":"","seo_heading":"","heading":"","description":"","cta_heading":"","cta_description":"","application":"60","h1":"OpenCart Google Reviews-Erweiterung","h1_caption":"Betten Sie Bewertungen Ihres Ortes von Google nahtlos ein, um die besten Kundeneindr\u00fccke m\u00fchelos in Ihr Website-Erlebnis auf Ihrer Opencart-Website zu integrieren.","application_category":[],"applications_title":"","applications_request_title":"","applications_request_button_text":"","hero_text":"","hero_video":"","hero_video_schema_markup":"","selling_points_title":"","selling_points_caption":"","selling_points":[],"selling_points_cta_text":"","features_title":"","features":"","ed_cta_examples_text":"","ed_cta_examples_hidden":"","ed_cta_demo_text":"","ed_cta_demo_hidden":"","why_caption":"","why_editor_title":"","why_editor_text":"","why_team_title":"","why_team_text":"","why_service_title":"","why_service_text":"","template_catalog_visible":"0","template_catalog_title":"","template_catalog_text":"","template_catalog_categories_visible":"","demo_title":"Erstellen Sie Ihre Google Reviews-Erweiterung","demo_caption":"Konfigurieren Sie Ihre Google-Bewertungen und f\u00fcgen Sie sie kostenlos zu Ihrer OpenCart-Website hinzu!","default_faq_hidden":"","app_template_category":[],"platform":"254","template_public_id":"","codecanyon_url":"","codecanyon_item_id":"","codecanyon_price":"","pricing_caption":"","pricing_elfsight_apps_hide_column":"","pricing_elfsight_apps_url":"","pricing_codecanyon_price_caption":"","integration_category":[],"integration_request_title":"","integration_request_cta":"","integration_platform":"","integrations":[],"platform_category":[],"video_schema_markup":"","price":"ab 0 $ \/ Monat","trial":"","benefits":[{"text":"Kostenlose Installationshilfe"},{"text":"Kompetenter Kundenservice"},{"text":"14-t\u00e4gige R\u00fcckerstattungsgarantie"},{"text":"Fortlaufende Entwicklung"}],"button_url":"#demo","button_target_blank":"0","button_nofollow":"0","attributes":[{"name":"Installiert","content":"100,000 - 500,000"},{"name":"Reaktionsfreudig","content":"Ja"},{"name":"Kompatible Browser","content":"Opera, Safari, Firefox, Chrome, Edge"}],"tags":[],"tags_disable_links":"0","hide_more_platforms":"","video_object":"","demo_hide_cta":"0","demo_hide_cloud_options":"0","pricing_title":"","pricing":[{"pricing_icon":"platform","pricing_title":"Elfsight Apps","pricing_title_caption":"Plattform\u00fcbergreifende Version, die auf jeder Website funktioniert","pricing_price":"ab 0 $ \/ Monat","pricing_price_caption":"Beginnen Sie mit einem kostenlosen Plan","pricing_benefits":[{"text":"Unbegrenzte Domains"},{"text":"Professionelle und p\u00fcnktliche Unterst\u00fctzung"},{"text":"Kostenlose Installationshilfe"},{"text":"100 % anpassbar"}],"pricing_button_text":"Zur Website hinzuf\u00fcgen","pricing_button_url":"#demo"}],"related_apps_title":"","related_apps_hidden":"0","author":"","image":[],"title":"","job":"","social_networks":[]},"_links":{"self":[{"href":"https:\/\/elfsight.com\/de\/wp-json\/wp\/v2\/pages\/20614","targetHints":{"allow":["GET"]}}],"collection":[{"href":"https:\/\/elfsight.com\/de\/wp-json\/wp\/v2\/pages"}],"about":[{"href":"https:\/\/elfsight.com\/de\/wp-json\/wp\/v2\/types\/page"}],"author":[{"embeddable":true,"href":"https:\/\/elfsight.com\/de\/wp-json\/wp\/v2\/users\/9"}],"replies":[{"embeddable":true,"href":"https:\/\/elfsight.com\/de\/wp-json\/wp\/v2\/comments?post=20614"}],"version-history":[{"count":3,"href":"https:\/\/elfsight.com\/de\/wp-json\/wp\/v2\/pages\/20614\/revisions"}],"predecessor-version":[{"id":23877,"href":"https:\/\/elfsight.com\/de\/wp-json\/wp\/v2\/pages\/20614\/revisions\/23877"}],"up":[{"embeddable":true,"href":"https:\/\/elfsight.com\/de\/wp-json\/wp\/v2\/pages\/69"}],"wp:attachment":[{"href":"https:\/\/elfsight.com\/de\/wp-json\/wp\/v2\/media?parent=20614"}],"curies":[{"name":"wp","href":"https:\/\/api.w.org\/{rel}","templated":true}]}}