{"id":20608,"date":"2024-05-03T06:39:10","date_gmt":"2024-05-03T06:39:10","guid":{"rendered":"https:\/\/elfsight.com\/de\/?page_id=20608"},"modified":"2025-01-16T06:49:52","modified_gmt":"2025-01-16T06:49:52","slug":"squarespace","status":"publish","type":"page","link":"https:\/\/elfsight.com\/de\/google-reviews-widget\/squarespace\/","title":{"rendered":"Google Reviews &#8211; Squarespace"},"content":{"rendered":"\n<div class=\"application-platform-content-item-description application-platform-content-item\" id=\"description\" data-nav-section=\"description\"> \n<h2>Google Reviews in Squarespace einbetten<\/h2> \n\n<p>M\u00f6chten Sie das Vertrauen auf Ihrer Squarespace-Website steigern? Google-Bewertungen auf Ihren Seiten anzuzeigen ist eine gute Methode: Sie wird Kunden anziehen und die Verkaufsraten erh\u00f6hen. Es gibt verschiedene M\u00f6glichkeiten, Kundenbewertungen auf der Website zu integrieren, und eine davon ist Elfsight Google Reviews, eine codefreie L\u00f6sung, die zeitsparend und kostenlos genutzt werden kann. <\/p>\n<\/div> \n\n<div class=\"application-platform-content-item-features application-platform-content-item\" id=\"features\" data-nav-section=\"features\"> \n<h2>Funktionen<\/h2> \n<p>Um das Plugin besser zu verstehen, k\u00f6nnen Sie einen Blick auf die wichtigsten Merkmale werfen. Diese machen das Plugin f\u00fcr Ihre Squarespace-Website \u00e4u\u00dferst effektiv: <\/p> \n\n<ul> \n<li><strong>Bewertungen einfach verbinden. <\/strong> Sie k\u00f6nnen Ihre Google Place ID verwenden oder einfach den Namen und die Adresse des Unternehmens eingeben. Das Fehlen einer physischen Adresse ist ebenfalls kein Problem. <\/li> \n<li><strong>Moderation &amp; Filter f\u00fcr Bewertungen. <\/strong> Mit Elfsight ist es einfach, zahlreiche Filter einzustellen und nur relevante Google-Bewertungen anzuzeigen. Zum Beispiel k\u00f6nnen Sie die Mindestbewertung festlegen, die angezeigt werden soll, oder bestimmte Autoren aus der Anzeige im Widget ausschlie\u00dfen. <\/li> \n<li><strong>Button, um mehr Bewertungen zu erhalten. <\/strong> F\u00fcgen Sie einfach einen anpassbaren CTA-Button zu Ihrem Bewertungsblock hinzu, damit Kunden ihr Feedback teilen k\u00f6nnen. <\/li> \n<li><strong>Star-Snippet, um Google-Traffic zu steigern. <\/strong> Heben Sie sich von Ihren Mitbewerbern ab, indem Sie das Markup aktivieren, damit Sterne in den Suchergebnissen angezeigt werden. Diese Verbesserung wird Ihnen helfen, Aufmerksamkeit zu erregen und Ihre Klickrate zu steigern. <\/li> \n<li><strong>Erweiterte Design-Anpassung. <\/strong> Experimentieren Sie mit verschiedenen Layouts wie Slider, Liste, Masonry, Grid, Karussell, Floating Badge und mehr. Passen Sie die Details jeder Bewertung an: Titel, Abzeichen, Namen und Sterne, um sie nahtlos in Ihr Design zu integrieren. <\/li> \n<\/ul>\n<p><a href=\"#demo\" data-scroll-to=\"demo\">Weitere Funktionen entdecken, Demo ansehen<\/a><\/p>\n<h2>Vorteile des Google Reviews Plugins<\/h2>\n<p>F\u00fcr den Erfolg eines Unternehmens ist eine starke Online-Pr\u00e4senz unerl\u00e4sslich. Sie wissen bereits, wie man Google Reviews mit einem einfachen, codefreien Plugin auf Squarespace einbindet. Aber lassen Sie uns n\u00e4her darauf eingehen, warum dies so wichtig ist. Es geht nicht nur darum, Vertrauen aufzubauen \u2013 es steigert auch die Markenbekanntheit und verbessert das Benutzererlebnis auf Ihrer Website. Echte Kundenbewertungen auf Ihrer Website zu zeigen, kann erheblich beeinflussen, wie potenzielle Kunden Ihr Unternehmen wahrnehmen.<\/p> \n<ul> \n<li><strong>Vertrauen und Glaubw\u00fcrdigkeit aufbauen.<\/strong> Indem Sie Google Reviews auf Squarespace hinzuf\u00fcgen, k\u00f6nnen Besucher echte Meinungen \u00fcber Ihr Unternehmen sehen. Menschen vertrauen Kundenbewertungen mehr als Werbung, daher bauen ehrliche Bewertungen Vertrauen auf. Positive R\u00fcckmeldungen k\u00f6nnen neue Kunden beruhigen und sie dazu ermutigen, Ihr Unternehmen zu w\u00e4hlen.<\/li> \n<li><strong>SEO und Markenbekanntheit verbessern.<\/strong> Das Google Reviews Plugin tr\u00e4gt dazu bei, Ihrer Website frische, keyword-reiche Inhalte hinzuzuf\u00fcgen, wodurch sie in den Suchergebnissen h\u00f6her eingestuft wird. Positive Bewertungen betonen auch Ihre St\u00e4rken und steigern so die Markenbekanntheit.<\/li> \n<li><strong>Benutzererlebnis verbessern.<\/strong> Ein Google Reviews Plugin macht es den Besuchern einfach, Bewertungen zu lesen, wodurch sie schnell eine Entscheidung f\u00fcr Ihre Produkte oder Dienstleistungen treffen k\u00f6nnen. Dies kann dazu beitragen, dass sie l\u00e4nger auf Ihrer Website bleiben und die Wahrscheinlichkeit erh\u00f6ht wird, dass sie einen Kauf t\u00e4tigen oder eine Anfrage stellen.<\/li> \n<\/ul>\n\n<\/div> \n<div class=\"application-platform-content-item-installation application-platform-content-item\" id=\"installation\" data-nav-section=\"installation\"> \n<h2>So betten Sie Google Reviews in Ihre Squarespace-Website ein<\/h2>\n\n<div class=\"video-container\">\n<iframe width=\"720\" height=\"405\" src=\"https:\/\/www.youtube.com\/embed\/AaI1geeGyNA\" frameborder=\"0\" allowfullscreen=\"\"><\/iframe>\n<\/div>\n\n<p>Lesen Sie diese einfache Anleitung, um das Plugin auf Ihrer Squarespace-Website einzurichten. Es wird nur ein paar Minuten dauern und erfordert keine Programmierung. <\/p> \n<ol>\n<li><strong>Erstellen Sie Ihr individuelles Google Reviews Plugin<\/strong><br> \nBeginnen Sie mit der passenden Vorlage im Demo, laden Sie Ihre Kundenbewertungen hoch und erhalten Sie ein Plugin mit dem gew\u00fcnschten Design und den gew\u00fcnschten Funktionen. <\/li>\n\n<li><strong>Erhalten Sie den individuellen Code, um das Widget einzubetten<\/strong><br> \nSobald Sie Ihr Widget erstellt haben, erhalten Sie den individuellen Code in Ihrem Dashboard. Kopieren Sie den Code, der alle Details zu den Einstellungen Ihres Plugins enth\u00e4lt. <\/li> \n\n<li><strong>Zeigen Sie das Widget auf Ihrer Squarespace-Website an<\/strong><br> \nW\u00e4hlen Sie die Abschnitte der Website aus, auf denen das Plugin erscheinen soll, und f\u00fcgen Sie den Code dort ein. Speichern Sie die Ergebnisse. <\/li> \n<\/ol>\n\n<p>Fertig! \u00dcberpr\u00fcfen Sie, wie das Plugin auf Ihrer Website funktioniert. <\/p> \n\n<p>Haben Sie noch Probleme bei der Einbettung von Google Reviews auf Ihrer Squarespace-Website? Lesen Sie einfach unseren Artikel \u00fcber\n <a href=\"https:\/\/elfsight.com\/blog\/how-to-embed-google-reviews-on-website\/\" target=\"_blank\" rel=\"noopener\">Google Reviews auf Ihrer Website einf\u00fcgen<\/a>.<\/p> \n<\/div>\n\n<div class=\"faq\" data-component=\"FAQ\">\n<div class=\"faq-item\">\r\n\t\t\t\t\t<div class=\"faq-item-question\">\r\n\t\t\t\t\t\t<h3 class=\"faq-item-question-text\">Ist das Google Reviews Squarespace Widget kostenlos? <\/h3>\r\n\r\n\t\t\t\t\t\t<div class=\"faq-item-question-icon\"><\/div>\r\n\t\t\t\t\t<\/div>\r\n\r\n\t\t\t\t\t<div class=\"faq-item-answer\">\r\n\t\t\t\t\t\t<div class=\"faq-item-answer-text\">\nAbsolut! Jeder Elfsight-Kunde kann sein Google Reviews Plugin erstellen und es kostenlos in Squarespace einbetten. Alle n\u00fctzlichen Funktionen, die wir oben beschrieben haben, sind verf\u00fcgbar. \n<\/div>\r\n\t\t\t\t\t<\/div>\r\n\t\t\t\t<\/div>\n<div class=\"faq-item\">\r\n\t\t\t\t\t<div class=\"faq-item-question\">\r\n\t\t\t\t\t\t<h3 class=\"faq-item-question-text\">Kann ich andere Bewertungen zu Squarespace hinzuf\u00fcgen? <\/h3>\r\n\r\n\t\t\t\t\t\t<div class=\"faq-item-question-icon\"><\/div>\r\n\t\t\t\t\t<\/div>\r\n\r\n\t\t\t\t\t<div class=\"faq-item-answer\">\r\n\t\t\t\t\t\t<div class=\"faq-item-answer-text\">\nKlar. Sie k\u00f6nnen Widgets wie <a href=\"https:\/\/elfsight.com\/facebook-reviews-widget\/squarespace\/\" target=\"_blank\" rel=\"noreferrer noopener\">Facebook Reviews<\/a>, <a href=\"https:\/\/elfsight.com\/amazon-reviews-widget\/squarespace\/\" target=\"_blank\" rel=\"noreferrer noopener\">Bewertungen von Amazon<\/a>, <a href=\"https:\/\/elfsight.com\/tripadvisor-reviews-widget\/squarespace\/\" target=\"_blank\" rel=\"noreferrer noopener\">Tripadvisor Reviews<\/a> oder <a href=\"https:\/\/elfsight.com\/testimonials-slider-widget\/squarespace\/\" target=\"_blank\" rel=\"noreferrer noopener\">Testimonials Slider<\/a> ausprobieren. Sie helfen Ihnen dabei, Bewertungen von verschiedenen Plattformen zu Ihrer Website hinzuzuf\u00fcgen und die Bewertungen von den Websites anzuzeigen, auf denen Kunden am meisten \u00fcber Ihr Unternehmen sprechen. \n<\/div>\r\n\t\t\t\t\t<\/div>\r\n\t\t\t\t<\/div>\n<div class=\"faq-item\">\r\n\t\t\t\t\t<div class=\"faq-item-question\">\r\n\t\t\t\t\t\t<h3 class=\"faq-item-question-text\">Warum sollte ich Google Reviews auf Squarespace mit Elfsight einbetten? <\/h3>\r\n\r\n\t\t\t\t\t\t<div class=\"faq-item-question-icon\"><\/div>\r\n\t\t\t\t\t<\/div>\r\n\r\n\t\t\t\t\t<div class=\"faq-item-answer\">\r\n\t\t\t\t\t\t<div class=\"faq-item-answer-text\">\nErstens bietet Elfsight eine einfache M\u00f6glichkeit, Google-Bewertungen auf Ihrer Website einzubetten, ohne dass Programmierung oder Skripte erforderlich sind. Dieses anpassbare Plugin kann schnell in Squarespace oder jede andere Website-Plattform integriert werden. Am wichtigsten ist, dass die Menschen unser Plugin wegen seiner wertvollen Funktionen m\u00f6gen, die Ihnen helfen, die St\u00e4rken Ihres Unternehmens hervorzuheben. \n<\/div>\r\n\t\t\t\t\t<\/div>\r\n\t\t\t\t<\/div>\n<\/div>\n","protected":false},"excerpt":{"rendered":"","protected":false},"author":9,"featured_media":0,"parent":69,"menu_order":0,"comment_status":"closed","ping_status":"closed","template":"templates\/template-application-platform.php","meta":{"publish_to_discourse":"","publish_post_category":"","wpdc_auto_publish_overridden":"","wpdc_topic_tags":"","wpdc_pin_topic":"","wpdc_pin_until":"","discourse_post_id":"","discourse_permalink":"","wpdc_publishing_response":"","wpdc_publishing_error":"","footnotes":""},"class_list":["post-20608","page","type-page","status-publish","hentry"],"yoast_head":"<!-- This site is optimized with the Yoast SEO plugin v25.3.1 - https:\/\/yoast.com\/wordpress\/plugins\/seo\/ -->\n<title>Betten Sie das Google Reviews-Plugin in Squarespace ein \u2013 f\u00fcgen Sie Bewertungen in 2 Minuten zur Website hinzu!<\/title>\n<meta name=\"description\" content=\"Es ist ein Kinderspiel, Ihr Google Reviews-Plugin zu erstellen und es auf der Squarespace-Website hinzuzuf\u00fcgen. Der Kundensupport von Elfsight ist kostenlos und schnell.\" \/>\n<meta name=\"robots\" content=\"index, follow, max-snippet:-1, max-image-preview:large, max-video-preview:-1\" \/>\n<link rel=\"canonical\" href=\"https:\/\/elfsight.com\/de\/google-reviews-widget\/squarespace\/\" \/>\n<meta property=\"og:locale\" content=\"de_DE\" \/>\n<meta property=\"og:type\" content=\"article\" \/>\n<meta property=\"og:title\" content=\"Betten Sie das Google Reviews-Plugin in Squarespace ein \u2013 f\u00fcgen Sie Bewertungen in 2 Minuten zur Website hinzu!\" \/>\n<meta property=\"og:description\" content=\"Es ist ein Kinderspiel, Ihr Google Reviews-Plugin zu erstellen und es auf der Squarespace-Website hinzuzuf\u00fcgen. Der Kundensupport von Elfsight ist kostenlos und schnell.\" \/>\n<meta property=\"og:url\" content=\"https:\/\/elfsight.com\/de\/google-reviews-widget\/squarespace\/\" \/>\n<meta property=\"og:site_name\" content=\"Elfsight DE\" \/>\n<meta property=\"article:modified_time\" content=\"2025-01-16T06:49:52+00:00\" \/>\n<meta name=\"twitter:card\" content=\"summary_large_image\" \/>\n<meta name=\"twitter:label1\" content=\"Gesch\u00e4tzte Lesezeit\" \/>\n\t<meta name=\"twitter:data1\" content=\"5\u00a0Minuten\" \/>\n<!-- \/ Yoast SEO plugin. -->","yoast_head_json":{"title":"Betten Sie das Google Reviews-Plugin in Squarespace ein \u2013 f\u00fcgen Sie Bewertungen in 2 Minuten zur Website hinzu!","description":"Es ist ein Kinderspiel, Ihr Google Reviews-Plugin zu erstellen und es auf der Squarespace-Website hinzuzuf\u00fcgen. Der Kundensupport von Elfsight ist kostenlos und schnell.","robots":{"index":"index","follow":"follow","max-snippet":"max-snippet:-1","max-image-preview":"max-image-preview:large","max-video-preview":"max-video-preview:-1"},"canonical":"https:\/\/elfsight.com\/de\/google-reviews-widget\/squarespace\/","og_locale":"de_DE","og_type":"article","og_title":"Betten Sie das Google Reviews-Plugin in Squarespace ein \u2013 f\u00fcgen Sie Bewertungen in 2 Minuten zur Website hinzu!","og_description":"Es ist ein Kinderspiel, Ihr Google Reviews-Plugin zu erstellen und es auf der Squarespace-Website hinzuzuf\u00fcgen. Der Kundensupport von Elfsight ist kostenlos und schnell.","og_url":"https:\/\/elfsight.com\/de\/google-reviews-widget\/squarespace\/","og_site_name":"Elfsight DE","article_modified_time":"2025-01-16T06:49:52+00:00","twitter_card":"summary_large_image","twitter_misc":{"Gesch\u00e4tzte Lesezeit":"5\u00a0Minuten"},"schema":{"@context":"https:\/\/schema.org","@graph":[{"@type":"WebPage","@id":"https:\/\/elfsight.com\/de\/google-reviews-widget\/squarespace\/","url":"https:\/\/elfsight.com\/de\/google-reviews-widget\/squarespace\/","name":"Betten Sie das Google Reviews-Plugin in Squarespace ein \u2013 f\u00fcgen Sie Bewertungen in 2 Minuten zur Website hinzu!","isPartOf":{"@id":"https:\/\/elfsight.com\/de\/#website"},"datePublished":"2024-05-03T06:39:10+00:00","dateModified":"2025-01-16T06:49:52+00:00","description":"Es ist ein Kinderspiel, Ihr Google Reviews-Plugin zu erstellen und es auf der Squarespace-Website hinzuzuf\u00fcgen. Der Kundensupport von Elfsight ist kostenlos und schnell.","breadcrumb":{"@id":"https:\/\/elfsight.com\/de\/google-reviews-widget\/squarespace\/#breadcrumb"},"inLanguage":"de","potentialAction":[{"@type":"ReadAction","target":["https:\/\/elfsight.com\/de\/google-reviews-widget\/squarespace\/"]}]},{"@type":"BreadcrumbList","@id":"https:\/\/elfsight.com\/de\/google-reviews-widget\/squarespace\/#breadcrumb","itemListElement":[{"@type":"ListItem","position":1,"name":"Home","item":"https:\/\/elfsight.com\/de\/"},{"@type":"ListItem","position":2,"name":"Google Reviews","item":"https:\/\/elfsight.com\/de\/google-reviews-widget\/"},{"@type":"ListItem","position":3,"name":"Google Reviews &#8211; Squarespace"}]},{"@type":"WebSite","@id":"https:\/\/elfsight.com\/de\/#website","url":"https:\/\/elfsight.com\/de\/","name":"Elfsight DE","description":"Just another Elfsight Sites site","potentialAction":[{"@type":"SearchAction","target":{"@type":"EntryPoint","urlTemplate":"https:\/\/elfsight.com\/de\/?s={search_term_string}"},"query-input":{"@type":"PropertyValueSpecification","valueRequired":true,"valueName":"search_term_string"}}],"inLanguage":"de"}]}},"meta_box":{"industry":"","seo_heading":"","heading":"","description":"","cta_heading":"","cta_description":"","application":"60","h1":"Squarespace Google Reviews-Plugin","h1_caption":"Betten Sie Bewertungen Ihres Ortes von Google nahtlos ein, um die besten Kundeneindr\u00fccke m\u00fchelos in Ihr Website-Erlebnis auf Ihrer Squarespace-Website zu integrieren.","application_category":[],"applications_title":"","applications_request_title":"","applications_request_button_text":"","hero_text":"","hero_video":"","hero_video_schema_markup":"","selling_points_title":"","selling_points_caption":"","selling_points":[],"selling_points_cta_text":"","features_title":"","features":"","ed_cta_examples_text":"","ed_cta_examples_hidden":"","ed_cta_demo_text":"","ed_cta_demo_hidden":"","why_caption":"","why_editor_title":"","why_editor_text":"","why_team_title":"","why_team_text":"","why_service_title":"","why_service_text":"","template_catalog_visible":"0","template_catalog_title":"","template_catalog_text":"","template_catalog_categories_visible":"","demo_title":"Erstellen Sie Ihr Google Reviews-Plugin","demo_caption":"Konfigurieren Sie Ihre Google-Bewertungen und f\u00fcgen Sie sie kostenlos zu Ihrer Squarespace-Website hinzu!","default_faq_hidden":"","app_template_category":[],"platform":"252","template_public_id":"","codecanyon_url":"","codecanyon_item_id":"","codecanyon_price":"","pricing_caption":"","pricing_elfsight_apps_hide_column":"","pricing_elfsight_apps_url":"","pricing_codecanyon_price_caption":"","integration_category":[],"integration_request_title":"","integration_request_cta":"","integration_platform":"","integrations":[],"platform_category":[],"video_schema_markup":"","price":"ab 0 $ \/ Monat","trial":"","benefits":[{"text":"Kostenlose Installationshilfe"},{"text":"Premium-Support"},{"text":"14-t\u00e4gige Geld-zur\u00fcck-Garantie"},{"text":"St\u00e4ndige Aktualisierung"}],"button_url":"#demo","button_target_blank":"0","button_nofollow":"0","attributes":[{"name":"Installiert","content":"100,000 - 500,000"},{"name":"Reaktionsfreudig","content":"Ja"},{"name":"Kompatible Browser","content":"Firefox, Safari, Opera, Chrome, Edge"}],"tags":[],"tags_disable_links":"0","hide_more_platforms":"","video_object":"","demo_hide_cta":"0","demo_hide_cloud_options":"0","pricing_title":"","pricing":[{"pricing_icon":"platform","pricing_title":"Elfsight Apps","pricing_title_caption":"Plattformunabh\u00e4ngige L\u00f6sung, die auf jeder Website funktioniert","pricing_price":"ab 0 $ \/ Monat","pricing_price_caption":"Beginnen Sie mit einem kostenlosen Plan","pricing_benefits":[{"text":"Unbegrenzte Domains"},{"text":"Professionelle und p\u00fcnktliche Unterst\u00fctzung und gut dokumentiert"},{"text":"Kostenlose Installationshilfe"},{"text":"Flexibles Design"}],"pricing_button_text":"Zur Website hinzuf\u00fcgen","pricing_button_url":"#demo"}],"related_apps_title":"","related_apps_hidden":"0","author":"","image":[],"title":"","job":"","social_networks":[]},"_links":{"self":[{"href":"https:\/\/elfsight.com\/de\/wp-json\/wp\/v2\/pages\/20608","targetHints":{"allow":["GET"]}}],"collection":[{"href":"https:\/\/elfsight.com\/de\/wp-json\/wp\/v2\/pages"}],"about":[{"href":"https:\/\/elfsight.com\/de\/wp-json\/wp\/v2\/types\/page"}],"author":[{"embeddable":true,"href":"https:\/\/elfsight.com\/de\/wp-json\/wp\/v2\/users\/9"}],"replies":[{"embeddable":true,"href":"https:\/\/elfsight.com\/de\/wp-json\/wp\/v2\/comments?post=20608"}],"version-history":[{"count":6,"href":"https:\/\/elfsight.com\/de\/wp-json\/wp\/v2\/pages\/20608\/revisions"}],"predecessor-version":[{"id":23872,"href":"https:\/\/elfsight.com\/de\/wp-json\/wp\/v2\/pages\/20608\/revisions\/23872"}],"up":[{"embeddable":true,"href":"https:\/\/elfsight.com\/de\/wp-json\/wp\/v2\/pages\/69"}],"wp:attachment":[{"href":"https:\/\/elfsight.com\/de\/wp-json\/wp\/v2\/media?parent=20608"}],"curies":[{"name":"wp","href":"https:\/\/api.w.org\/{rel}","templated":true}]}}