{"id":20607,"date":"2024-05-03T06:39:09","date_gmt":"2024-05-03T06:39:09","guid":{"rendered":"https:\/\/elfsight.com\/de\/?page_id=20607"},"modified":"2024-12-19T06:34:02","modified_gmt":"2024-12-19T06:34:02","slug":"webflow","status":"publish","type":"page","link":"https:\/\/elfsight.com\/de\/google-reviews-widget\/webflow\/","title":{"rendered":"Google Reviews &#8211; Webflow"},"content":{"rendered":"\n<div class=\"application-platform-content-item-description application-platform-content-item\" id=\"description\" data-nav-section=\"description\"> \n<h2>Google Bewertungen in Webflow einbetten<\/h2> \n\n<p>Sie m\u00f6chten das Vertrauen in Ihre Webflow-Website steigern? Google-Bewertungen auf Ihren Seiten anzuzeigen ist eine gute Strategie: Es wird Kunden ansprechen und die Verkaufsraten erh\u00f6hen. Es gibt verschiedene M\u00f6glichkeiten, Kundenfeedback auf Ihrer Website hinzuzuf\u00fcgen, und eine davon ist das Elfsight Google Reviews-Widget, eine No-Code-L\u00f6sung, die schnell und kostenlos genutzt werden kann. <\/p>\n<\/div> \n\n<div class=\"application-platform-content-item-features application-platform-content-item\" id=\"features\" data-nav-section=\"features\"> \n<h2>Funktionen<\/h2> \n<p>Um das Widget besser kennenzulernen, k\u00f6nnen Sie die Liste seiner wichtigsten Merkmale durchsehen. Diese machen das Widget wirklich effizient f\u00fcr Ihre Webflow-Website:<\/p> \n\n<ul> \n<li><strong>Einfaches Verbinden von Bewertungen. <\/strong> Sie k\u00f6nnen Ihre Google Place ID verwenden oder einfach den Namen und die Adresse Ihres Unternehmens eingeben. Auch wenn Sie keine physische Adresse haben, ist das kein Problem.<\/li> \n<li><strong>Bewertungsmoderation &amp; Filter. <\/strong> Mit Elfsight k\u00f6nnen Sie mehrere Filter aktivieren und nur faire Google-Bewertungen anzeigen. Zum Beispiel k\u00f6nnen Sie eine Mindestbewertung festlegen, die angezeigt werden soll, oder bestimmte Autoren vom Widget ausschlie\u00dfen.<\/li> \n<li><strong>Button, um mehr Bewertungen zu erhalten. <\/strong> F\u00fcgen Sie einfach einen anpassbaren CTA-Button in Ihre Bewertungsleiste ein, damit die Kunden ihre R\u00fcckmeldungen hinterlassen k\u00f6nnen.<\/li> \n<li><strong>Star-Snippet, um Google-Traffic zu steigern. <\/strong> Heben Sie sich von Ihren Mitbewerbern ab, indem Sie das Markup aktivieren, damit Sterne in den Suchergebnissen angezeigt werden. Diese Funktion hilft Ihnen, Aufmerksamkeit zu erlangen und Ihre Klickrate zu erh\u00f6hen.<\/li> \n<li><strong>Erweiterte Designanpassung. <\/strong> Experimentieren Sie mit verschiedenen Layouts wie Slider, Liste, Mauerwerk, Raster, Karussell, schwebendes Abzeichen und mehr. Passen Sie die Details jeder Bewertung an: Titel, Abzeichen, Namen und Sterne, um sie perfekt an Ihr Design anzupassen.<\/li> \n<\/ul>\n<p><a href=\"#demo\" data-scroll-to=\"demo\">Alle Funktionen entdecken, Demo ansehen<\/a><\/p>\n\n<\/div> \n<div class=\"application-platform-content-item-installation application-platform-content-item\" id=\"installation\" data-nav-section=\"installation\"> \n<h2>Erfahren Sie, wie Sie die Google Bewertungen in Ihre Webflow-Website einbetten<\/h2>\n\n<div class=\"video-container\">\n<iframe width=\"720\" height=\"405\" src=\"https:\/\/www.youtube.com\/embed\/AoIHItjhJfU\" frameborder=\"0\" allowfullscreen=\"\"><\/iframe>\n<\/div>\n<p>Hier ist Ihre einfache Anleitung, um das Widget auf Ihrer Webflow-Website einzurichten. Es dauert nur wenige Minuten und erfordert kein Coding.<\/p> \n<ol>\n<li><strong>Erstellen Sie Ihr einzigartiges Google Bewertungen-Widget<\/strong><br> \nBeginnen Sie mit einer beliebigen Vorlage in der Demo, f\u00fcgen Sie Ihre Kundenbewertungen hinzu und erhalten Sie ein Widget mit dem bevorzugten Layout und den Funktionen.<\/li>\n\n<li><strong>Erhalten Sie den individuellen Code zum Einbetten des Widgets<\/strong><br> \nSobald Sie Ihr Widget erstellt haben, erhalten Sie den individuellen Code in Ihrem Dashboard. Kopieren Sie den Code, der alle Details zu den Einstellungen Ihres Widgets enth\u00e4lt.<\/li> \n\n<li><strong>Zeigen Sie das Widget auf Ihrer Webflow-Website an<\/strong><br> \nW\u00e4hlen Sie die Website-Sektionen aus, in denen Sie das Widget anzeigen m\u00f6chten, und f\u00fcgen Sie den Code dort ein. Speichern Sie die Ergebnisse.<\/li> \n<\/ol>\n\n<p>Fertig! \u00dcberpr\u00fcfen Sie, wie das Widget auf Ihrer Website funktioniert.<\/p> \n\n<p>Haben Sie weiterhin Probleme beim Einbetten von Google-Bewertungen auf einer Webflow-Website? Lesen Sie einfach unseren Artikel \u00fcber <a href=\"https:\/\/elfsight.com\/blog\/how-to-embed-google-reviews-on-website\/\" target=\"_blank\" rel=\"noopener\">das Hinzuf\u00fcgen von Google-Bewertungen zu Ihrer Website<\/a>.<\/p> \n<\/div>\n<div class=\"faq\" data-component=\"FAQ\">\n<div class=\"faq-item\">\r\n\t\t\t\t\t<div class=\"faq-item-question\">\r\n\t\t\t\t\t\t<h3 class=\"faq-item-question-text\">Ist das Google Reviews Webflow Widget kostenlos? <\/h3>\r\n\r\n\t\t\t\t\t\t<div class=\"faq-item-question-icon\"><\/div>\r\n\t\t\t\t\t<\/div>\r\n\r\n\t\t\t\t\t<div class=\"faq-item-answer\">\r\n\t\t\t\t\t\t<div class=\"faq-item-answer-text\">\nAbsolut! Jeder Elfsight-Kunde kann sein Google Reviews-Widget anpassen und kostenlos in Webflow einbetten. Alle wichtigen Funktionen, die wir oben beschrieben haben, sind verf\u00fcgbar.\n<\/div>\r\n\t\t\t\t\t<\/div>\r\n\t\t\t\t<\/div>\n<div class=\"faq-item\">\r\n\t\t\t\t\t<div class=\"faq-item-question\">\r\n\t\t\t\t\t\t<h3 class=\"faq-item-question-text\">Warum sollte ich Bewertungen zu Webflow hinzuf\u00fcgen? <\/h3>\r\n\r\n\t\t\t\t\t\t<div class=\"faq-item-question-icon\"><\/div>\r\n\t\t\t\t\t<\/div>\r\n\r\n\t\t\t\t\t<div class=\"faq-item-answer\">\r\n\t\t\t\t\t\t<div class=\"faq-item-answer-text\">\nGoogle-Bewertungen steigern die Glaubw\u00fcrdigkeit Ihres Unternehmens. Potenzielle Kunden erwarten oft, von den Erfahrungen anderer Menschen zu lesen, die Ihre Dienstleistungen ausprobiert haben. F\u00fcgen Sie Kundenfeedback auf Ihrer Website hinzu, um zu zeigen, was Kunden an Ihrem Unternehmen sch\u00e4tzen.\n<\/div>\r\n\t\t\t\t\t<\/div>\r\n\t\t\t\t<\/div>\n<div class=\"faq-item\">\r\n\t\t\t\t\t<div class=\"faq-item-question\">\r\n\t\t\t\t\t\t<h3 class=\"faq-item-question-text\">Kann ich andere Bewertungen zu Webflow hinzuf\u00fcgen? <\/h3>\r\n\r\n\t\t\t\t\t\t<div class=\"faq-item-question-icon\"><\/div>\r\n\t\t\t\t\t<\/div>\r\n\r\n\t\t\t\t\t<div class=\"faq-item-answer\">\r\n\t\t\t\t\t\t<div class=\"faq-item-answer-text\">\nKlar. Sie k\u00f6nnen Widgets wie <a href=\"https:\/\/elfsight.com\/facebook-reviews-widget\/webflow\/\" target=\"_blank\" rel=\"noreferrer noopener\">Facebook-Bewertungen<\/a>, <a href=\"https:\/\/elfsight.com\/amazon-reviews-widget\/webflow\/\" target=\"_blank\" rel=\"noreferrer noopener\">Amazon-Bewertungen<\/a>, <a href=\"https:\/\/elfsight.com\/tripadvisor-reviews-widget\/webflow\/\" target=\"_blank\" rel=\"noreferrer noopener\">Tripadvisor-Bewertungen<\/a> oder <a href=\"https:\/\/elfsight.com\/testimonials-slider-widget\/webflow\/\" target=\"_blank\" rel=\"noreferrer noopener\">Testimonials Slider<\/a> ausprobieren. Diese Widgets helfen Ihnen, verschiedene Plattformen mit Ihrer Website zu verbinden und Bewertungen von den Websites zu teilen, auf denen Kunden am meisten \u00fcber Ihr Unternehmen sprechen.\n<\/div>\r\n\t\t\t\t\t<\/div>\r\n\t\t\t\t<\/div>\n<div class=\"faq-item\">\r\n\t\t\t\t\t<div class=\"faq-item-question\">\r\n\t\t\t\t\t\t<h3 class=\"faq-item-question-text\">Warum sollte ich Google-Bewertungen mit Elfsight in Webflow einbetten? <\/h3>\r\n\r\n\t\t\t\t\t\t<div class=\"faq-item-question-icon\"><\/div>\r\n\t\t\t\t\t<\/div>\r\n\r\n\t\t\t\t\t<div class=\"faq-item-answer\">\r\n\t\t\t\t\t\t<div class=\"faq-item-answer-text\">\nErstens bietet Elfsight eine einfache M\u00f6glichkeit, Google-Bewertungen auf Ihrer Website einzubetten, ohne dass Programmierkenntnisse erforderlich sind. Dieses anpassbare Widget kann schnell in Webflow oder jede andere Website-Plattform integriert werden. Am wichtigsten ist, dass Menschen unser Widget f\u00fcr seine wertvollen Funktionen sch\u00e4tzen, die Ihnen helfen, die St\u00e4rken Ihres Unternehmens hervorzuheben.\n<\/div>\r\n\t\t\t\t\t<\/div>\r\n\t\t\t\t<\/div>\n<div class=\"faq-item\">\r\n\t\t\t\t\t<div class=\"faq-item-question\">\r\n\t\t\t\t\t\t<h3 class=\"faq-item-question-text\">Gibt es ein reales Beispiel f\u00fcr Google-Bewertungen in Webflow?<\/h3>\r\n\r\n\t\t\t\t\t\t<div class=\"faq-item-question-icon\"><\/div>\r\n\t\t\t\t\t<\/div>\r\n\r\n\t\t\t\t\t<div class=\"faq-item-answer\">\r\n\t\t\t\t\t\t<div class=\"faq-item-answer-text\">\nBitte werfen Sie einen Blick auf unsere Webflow-Website, die Beispiele f\u00fcr <a href=\"https:\/\/webflow.com\/made-in-webflow\/website\/webflow-google-reviews\" target=\"_blank\" rel=\"noreferrer noopener\">Google-Bewertungen-Integrationen<\/a> zeigt, um die Funktionen und erweiterten M\u00f6glichkeiten unseres Produkts zu pr\u00e4sentieren.\n<\/div>\r\n\t\t\t\t\t<\/div>\r\n\t\t\t\t<\/div>\n<\/div>\n","protected":false},"excerpt":{"rendered":"","protected":false},"author":9,"featured_media":0,"parent":69,"menu_order":0,"comment_status":"closed","ping_status":"closed","template":"templates\/template-application-platform.php","meta":{"publish_to_discourse":"","publish_post_category":"","wpdc_auto_publish_overridden":"","wpdc_topic_tags":"","wpdc_pin_topic":"","wpdc_pin_until":"","discourse_post_id":"","discourse_permalink":"","wpdc_publishing_response":"","wpdc_publishing_error":"","footnotes":""},"class_list":["post-20607","page","type-page","status-publish","hentry"],"yoast_head":"<!-- This site is optimized with the Yoast SEO plugin v25.3.1 - https:\/\/yoast.com\/wordpress\/plugins\/seo\/ -->\n<title>Betten Sie Google-Bewertungen in Webflow ein \u2013 f\u00fcgen Sie Bewertungen in 2 Minuten zu einer Website hinzu!<\/title>\n<meta name=\"description\" content=\"Es ist ganz einfach, Ihr Google Reviews-Widget zu erstellen und auf Ihrer Webflow-Site zu ver\u00f6ffentlichen. Der Elfsight-Kundendienst ist kostenlos und schnell.\" \/>\n<meta name=\"robots\" content=\"index, follow, max-snippet:-1, max-image-preview:large, max-video-preview:-1\" \/>\n<link rel=\"canonical\" href=\"https:\/\/elfsight.com\/de\/google-reviews-widget\/webflow\/\" \/>\n<meta property=\"og:locale\" content=\"de_DE\" \/>\n<meta property=\"og:type\" content=\"article\" \/>\n<meta property=\"og:title\" content=\"Betten Sie Google-Bewertungen in Webflow ein \u2013 f\u00fcgen Sie Bewertungen in 2 Minuten zu einer Website hinzu!\" \/>\n<meta property=\"og:description\" content=\"Es ist ganz einfach, Ihr Google Reviews-Widget zu erstellen und auf Ihrer Webflow-Site zu ver\u00f6ffentlichen. Der Elfsight-Kundendienst ist kostenlos und schnell.\" \/>\n<meta property=\"og:url\" content=\"https:\/\/elfsight.com\/de\/google-reviews-widget\/webflow\/\" \/>\n<meta property=\"og:site_name\" content=\"Elfsight DE\" \/>\n<meta property=\"article:modified_time\" content=\"2024-12-19T06:34:02+00:00\" \/>\n<meta name=\"twitter:card\" content=\"summary_large_image\" \/>\n<meta name=\"twitter:label1\" content=\"Gesch\u00e4tzte Lesezeit\" \/>\n\t<meta name=\"twitter:data1\" content=\"4\u00a0Minuten\" \/>\n<!-- \/ Yoast SEO plugin. -->","yoast_head_json":{"title":"Betten Sie Google-Bewertungen in Webflow ein \u2013 f\u00fcgen Sie Bewertungen in 2 Minuten zu einer Website hinzu!","description":"Es ist ganz einfach, Ihr Google Reviews-Widget zu erstellen und auf Ihrer Webflow-Site zu ver\u00f6ffentlichen. Der Elfsight-Kundendienst ist kostenlos und schnell.","robots":{"index":"index","follow":"follow","max-snippet":"max-snippet:-1","max-image-preview":"max-image-preview:large","max-video-preview":"max-video-preview:-1"},"canonical":"https:\/\/elfsight.com\/de\/google-reviews-widget\/webflow\/","og_locale":"de_DE","og_type":"article","og_title":"Betten Sie Google-Bewertungen in Webflow ein \u2013 f\u00fcgen Sie Bewertungen in 2 Minuten zu einer Website hinzu!","og_description":"Es ist ganz einfach, Ihr Google Reviews-Widget zu erstellen und auf Ihrer Webflow-Site zu ver\u00f6ffentlichen. Der Elfsight-Kundendienst ist kostenlos und schnell.","og_url":"https:\/\/elfsight.com\/de\/google-reviews-widget\/webflow\/","og_site_name":"Elfsight DE","article_modified_time":"2024-12-19T06:34:02+00:00","twitter_card":"summary_large_image","twitter_misc":{"Gesch\u00e4tzte Lesezeit":"4\u00a0Minuten"},"schema":{"@context":"https:\/\/schema.org","@graph":[{"@type":"WebPage","@id":"https:\/\/elfsight.com\/de\/google-reviews-widget\/webflow\/","url":"https:\/\/elfsight.com\/de\/google-reviews-widget\/webflow\/","name":"Betten Sie Google-Bewertungen in Webflow ein \u2013 f\u00fcgen Sie Bewertungen in 2 Minuten zu einer Website hinzu!","isPartOf":{"@id":"https:\/\/elfsight.com\/de\/#website"},"datePublished":"2024-05-03T06:39:09+00:00","dateModified":"2024-12-19T06:34:02+00:00","description":"Es ist ganz einfach, Ihr Google Reviews-Widget zu erstellen und auf Ihrer Webflow-Site zu ver\u00f6ffentlichen. Der Elfsight-Kundendienst ist kostenlos und schnell.","breadcrumb":{"@id":"https:\/\/elfsight.com\/de\/google-reviews-widget\/webflow\/#breadcrumb"},"inLanguage":"de","potentialAction":[{"@type":"ReadAction","target":["https:\/\/elfsight.com\/de\/google-reviews-widget\/webflow\/"]}]},{"@type":"BreadcrumbList","@id":"https:\/\/elfsight.com\/de\/google-reviews-widget\/webflow\/#breadcrumb","itemListElement":[{"@type":"ListItem","position":1,"name":"Home","item":"https:\/\/elfsight.com\/de\/"},{"@type":"ListItem","position":2,"name":"Google Reviews","item":"https:\/\/elfsight.com\/de\/google-reviews-widget\/"},{"@type":"ListItem","position":3,"name":"Google Reviews &#8211; Webflow"}]},{"@type":"WebSite","@id":"https:\/\/elfsight.com\/de\/#website","url":"https:\/\/elfsight.com\/de\/","name":"Elfsight DE","description":"Just another Elfsight Sites site","potentialAction":[{"@type":"SearchAction","target":{"@type":"EntryPoint","urlTemplate":"https:\/\/elfsight.com\/de\/?s={search_term_string}"},"query-input":{"@type":"PropertyValueSpecification","valueRequired":true,"valueName":"search_term_string"}}],"inLanguage":"de"}]}},"meta_box":{"industry":"","seo_heading":"","heading":"","description":"","cta_heading":"","cta_description":"","application":"60","h1":"Webflow Google Reviews-Widget","h1_caption":"Betten Sie Bewertungen Ihres Ortes von Google nahtlos ein, um die besten Kundeneindr\u00fccke m\u00fchelos in Ihr Website-Erlebnis in Ihre Webflow-Website zu integrieren.","application_category":[],"applications_title":"","applications_request_title":"","applications_request_button_text":"","hero_text":"","hero_video":"","hero_video_schema_markup":"","selling_points_title":"","selling_points_caption":"","selling_points":[],"selling_points_cta_text":"","features_title":"","features":"","ed_cta_examples_text":"","ed_cta_examples_hidden":"","ed_cta_demo_text":"","ed_cta_demo_hidden":"","why_caption":"","why_editor_title":"","why_editor_text":"","why_team_title":"","why_team_text":"","why_service_title":"","why_service_text":"","template_catalog_visible":"0","template_catalog_title":"","template_catalog_text":"","template_catalog_categories_visible":"","demo_title":"Erstellen Sie Ihr Google Reviews-Widget","demo_caption":"Konfigurieren Sie Ihre Google-Bewertungen und f\u00fcgen Sie sie kostenlos zu Ihrer Webflow-Website hinzu!","default_faq_hidden":"","app_template_category":[],"platform":"250","template_public_id":"","codecanyon_url":"","codecanyon_item_id":"","codecanyon_price":"","pricing_caption":"","pricing_elfsight_apps_hide_column":"","pricing_elfsight_apps_url":"","pricing_codecanyon_price_caption":"","integration_category":[],"integration_request_title":"","integration_request_cta":"","integration_platform":"","integrations":[],"platform_category":[],"video_schema_markup":"","price":"ab 0 $ \/ Monat","trial":"","benefits":[{"text":"Kostenloser Installationsservice"},{"text":"Kompetenter Kundenservice"},{"text":"14-t\u00e4gige R\u00fcckerstattungsgarantie"},{"text":"Kontinuierliche Verbesserungen"}],"button_url":"#demo","button_target_blank":"0","button_nofollow":"0","attributes":[{"name":"Installiert","content":"100,000 - 500,000"},{"name":"Reaktionsfreudig","content":"Ja"},{"name":"Kompatible Browser","content":"Opera, Safari, Firefox, Edge, Chrome"}],"tags":[],"tags_disable_links":"0","hide_more_platforms":"","video_object":"","demo_hide_cta":"0","demo_hide_cloud_options":"0","pricing_title":"","pricing":[{"pricing_icon":"platform","pricing_title":"Elfsight Apps","pricing_title_caption":"Multiplattform-Software, die auf jeder Website funktioniert","pricing_price":"ab 0 $ \/ Monat","pricing_price_caption":"Beginnen Sie mit einem kostenlosen Plan","pricing_benefits":[{"text":"Unbegrenzte Domains"},{"text":"Premium-Kundensupport"},{"text":"Kostenlose Installationsunterst\u00fctzung"},{"text":"Sonderpreis f\u00fcr mehrere Apps"}],"pricing_button_text":"Zur Website hinzuf\u00fcgen","pricing_button_url":"#demo"}],"related_apps_title":"","related_apps_hidden":"0","author":"","image":[],"title":"","job":"","social_networks":[]},"_links":{"self":[{"href":"https:\/\/elfsight.com\/de\/wp-json\/wp\/v2\/pages\/20607","targetHints":{"allow":["GET"]}}],"collection":[{"href":"https:\/\/elfsight.com\/de\/wp-json\/wp\/v2\/pages"}],"about":[{"href":"https:\/\/elfsight.com\/de\/wp-json\/wp\/v2\/types\/page"}],"author":[{"embeddable":true,"href":"https:\/\/elfsight.com\/de\/wp-json\/wp\/v2\/users\/9"}],"replies":[{"embeddable":true,"href":"https:\/\/elfsight.com\/de\/wp-json\/wp\/v2\/comments?post=20607"}],"version-history":[{"count":5,"href":"https:\/\/elfsight.com\/de\/wp-json\/wp\/v2\/pages\/20607\/revisions"}],"predecessor-version":[{"id":23368,"href":"https:\/\/elfsight.com\/de\/wp-json\/wp\/v2\/pages\/20607\/revisions\/23368"}],"up":[{"embeddable":true,"href":"https:\/\/elfsight.com\/de\/wp-json\/wp\/v2\/pages\/69"}],"wp:attachment":[{"href":"https:\/\/elfsight.com\/de\/wp-json\/wp\/v2\/media?parent=20607"}],"curies":[{"name":"wp","href":"https:\/\/api.w.org\/{rel}","templated":true}]}}