{"id":20606,"date":"2024-05-03T06:39:08","date_gmt":"2024-05-03T06:39:08","guid":{"rendered":"https:\/\/elfsight.com\/de\/?page_id=20606"},"modified":"2024-12-19T06:46:25","modified_gmt":"2024-12-19T06:46:25","slug":"webnode","status":"publish","type":"page","link":"https:\/\/elfsight.com\/de\/google-reviews-widget\/webnode\/","title":{"rendered":"Google Reviews &#8211; Webnode"},"content":{"rendered":"\n<div class=\"application-platform-content-item-description application-platform-content-item\" id=\"description\" data-nav-section=\"description\"> \n<h2>Google-Bewertungen in Webnode einbetten<\/h2> \n\n<p> M\u00f6chten Sie die Glaubw\u00fcrdigkeit Ihrer Webnode-Website steigern? Das Anzeigen von Google-Bewertungen auf Ihren Seiten ist eine gute Idee: Es wird die Kundenbindung erh\u00f6hen und die Verkaufszahlen steigern. Es gibt mehrere Methoden, um Kundenfeedback auf Ihrer Website anzuzeigen, und eine davon ist das Elfsight Google Reviews Widget, eine No-Code-L\u00f6sung, die schnell eingerichtet werden kann und kostenlos genutzt werden kann. <\/p>\n<\/div> \n\n<div class=\"application-platform-content-item-features application-platform-content-item\" id=\"features\" data-nav-section=\"features\"> \n<h2>Funktionen<\/h2> \n<p>Erfahren Sie mehr \u00fcber das Widget, indem Sie sich die Liste der wichtigsten Funktionen ansehen. Diese machen dieses Widget wirklich effektiv f\u00fcr Ihre Webnode-Website:<\/p> \n\n<ul> \n<li><strong>Bewertungen einfach verbinden. <\/strong> Sie k\u00f6nnen Ihre Google Place ID verwenden oder einfach den Namen und die Adresse Ihres Unternehmens eingeben. Es ist auch kein Problem, ohne eine physische Adresse zu arbeiten. <\/li> \n<li><strong>Bewertungsmoderation &amp; Filter. <\/strong> Mit Elfsight k\u00f6nnen Sie mehrere Filter aktivieren und nur faire Google-Bewertungen anzeigen. Beispielsweise k\u00f6nnen Sie eine Mindestbewertung festlegen, die angezeigt wird, oder bestimmte Autoren aus dem Widget ausschlie\u00dfen. <\/li> \n<li><strong>Schaltfl\u00e4che zur Gewinnung weiterer Bewertungen. <\/strong> F\u00fcgen Sie einfach eine anpassbare CTA-Schaltfl\u00e4che zu Ihrer Bewertungsleiste hinzu, um den Kunden zu erm\u00f6glichen, ihr Feedback beizutragen. <\/li> \n<li><strong>Sterne-Snippet zur Steigerung des Google-Traffics. <\/strong> Heben Sie sich von Ihren Mitbewerbern ab, indem Sie Markup aktivieren, um Sterne in den Suchergebnissen anzuzeigen. Diese Funktion hilft Ihnen, Aufmerksamkeit zu erregen und Ihre Klickrate zu steigern. <\/li> \n<li><strong>Erweiterte Design-Anpassung. <\/strong> Experimentieren Sie mit verschiedenen Layouts wie Slider, Liste, Mauerwerk, Raster, Karussell, schwebendem Badge und mehr. Passen Sie die Details jeder Bewertung an: Titel, Abzeichen, Namen und Sterne, um perfekt zu Ihrem Design zu passen. <\/li> \n<\/ul>\n<p><a href=\"#demo\" data-scroll-to=\"demo\">Um weitere Funktionen zu entdecken, sehen Sie sich die Demo an<\/a><\/p>\n\n<\/div> \n<div class=\"application-platform-content-item-installation application-platform-content-item\" id=\"installation\" data-nav-section=\"installation\"> \n<h2>Erfahren Sie, wie Sie Google-Bewertungen in Ihre Webnode-Website einbetten<\/h2> \n<p>Lesen Sie dieses einfache Tutorial, um das Widget auf Ihrer Webnode-Website einzurichten. Es dauert nur wenige Minuten und erfordert keinen Code. <\/p> \n<ol>\n<li><strong>Erstellen Sie Ihr einzigartiges Google-Bewertungen-Widget<\/strong><br> \nBeginnen Sie mit einer beliebigen Vorlage in der Demo, f\u00fcgen Sie Ihre Kundenbewertungen hinzu und erstellen Sie ein Widget mit dem bevorzugten Layout und den gew\u00fcnschten Funktionen. <\/li>\n\n<li><strong>Erhalten Sie den individuellen Code, um das Widget einzubetten<\/strong><br> \nSobald Sie Ihr Widget erstellt haben, erhalten Sie den individuellen Code in Ihrem Dashboard. Kopieren Sie den Code, der alle Details zu den Einstellungen Ihres Widgets enth\u00e4lt. <\/li> \n\n<li><strong>Zeigen Sie das Widget auf Ihrer Webnode-Website an<\/strong><br> \nW\u00e4hlen Sie die Abschnitte Ihrer Website aus, auf denen Sie das Widget platzieren m\u00f6chten, und f\u00fcgen Sie den Code dort ein. Speichern Sie die \u00c4nderungen. <\/li> \n<\/ol>\n\n<p>Fertig! \u00dcberpr\u00fcfen Sie, wie das Widget auf Ihrer Website funktioniert. <\/p> \n<p>Haben Sie immer noch Probleme beim Einbetten von Google-Bewertungen auf einer Webnode-Website? Dann lesen Sie unseren Artikel \u00fcber <a href=\"https:\/\/elfsight.com\/blog\/how-to-embed-google-reviews-on-website\/\" target=\"_blank\" rel=\"noopener\">das Hinzuf\u00fcgen von Google-Bewertungen zu Ihrer Website<\/a>. <\/p>\n<\/div>\n\n<div class=\"faq\" data-component=\"FAQ\">\n<div class=\"faq-item\">\r\n\t\t\t\t\t<div class=\"faq-item-question\">\r\n\t\t\t\t\t\t<h3 class=\"faq-item-question-text\">Ist das Google-Bewertungen Webnode Widget kostenlos?<\/h3>\r\n\r\n\t\t\t\t\t\t<div class=\"faq-item-question-icon\"><\/div>\r\n\t\t\t\t\t<\/div>\r\n\r\n\t\t\t\t\t<div class=\"faq-item-answer\">\r\n\t\t\t\t\t\t<div class=\"faq-item-answer-text\">\nAbsolut! Jeder Elfsight-Kunde kann sein Google-Bewertungen-Widget anpassen und kostenlos in Webnode einbetten. Alle oben genannten bahnbrechenden Funktionen stehen zur Verf\u00fcgung. \n<\/div>\r\n\t\t\t\t\t<\/div>\r\n\t\t\t\t<\/div>\n<div class=\"faq-item\">\r\n\t\t\t\t\t<div class=\"faq-item-question\">\r\n\t\t\t\t\t\t<h3 class=\"faq-item-question-text\">Warum sollte ich Bewertungen zu Webnode hinzuf\u00fcgen?<\/h3>\r\n\r\n\t\t\t\t\t\t<div class=\"faq-item-question-icon\"><\/div>\r\n\t\t\t\t\t<\/div>\r\n\r\n\t\t\t\t\t<div class=\"faq-item-answer\">\r\n\t\t\t\t\t\t<div class=\"faq-item-answer-text\">\nGoogle-Bewertungen steigern die Glaubw\u00fcrdigkeit Ihres Unternehmens. Potenzielle Kunden m\u00f6chten oft \u00fcber die Erfahrungen anderer h\u00f6ren, die Ihre Dienste ausprobiert haben. F\u00fcgen Sie Kundenfeedback auf Ihrer Website hinzu, um zu zeigen, was Kunden an Ihrem Unternehmen sch\u00e4tzen. \n<\/div>\r\n\t\t\t\t\t<\/div>\r\n\t\t\t\t<\/div>\n<div class=\"faq-item\">\r\n\t\t\t\t\t<div class=\"faq-item-question\">\r\n\t\t\t\t\t\t<h3 class=\"faq-item-question-text\">Kann ich auch andere Bewertungen zu Webnode hinzuf\u00fcgen?<\/h3>\r\n\r\n\t\t\t\t\t\t<div class=\"faq-item-question-icon\"><\/div>\r\n\t\t\t\t\t<\/div>\r\n\r\n\t\t\t\t\t<div class=\"faq-item-answer\">\r\n\t\t\t\t\t\t<div class=\"faq-item-answer-text\">\nKlar. Sie k\u00f6nnen Widgets wie <a href=\"https:\/\/elfsight.com\/facebook-reviews-widget\/webnode\/\" target=\"_blank\" rel=\"noreferrer noopener\">Facebook-Bewertungen<\/a>, <a href=\"https:\/\/elfsight.com\/amazon-reviews-widget\/webnode\/\" target=\"_blank\" rel=\"noreferrer noopener\">Amazon-Bewertungen<\/a>, <a href=\"https:\/\/elfsight.com\/tripadvisor-reviews-widget\/webnode\/\" target=\"_blank\" rel=\"noreferrer noopener\">Tripadvisor-Bewertungen<\/a> oder <a href=\"https:\/\/elfsight.com\/testimonials-slider-widget\/webnode\/\" target=\"_blank\" rel=\"noreferrer noopener\">Testimonials Slider<\/a> ausprobieren. Diese Widgets erm\u00f6glichen es Ihnen, verschiedene Plattformen mit Ihrer Website zu verbinden und Bewertungen von den Websites zu teilen, auf denen am meisten \u00fcber Ihr Unternehmen gesprochen wird. \n<\/div>\r\n\t\t\t\t\t<\/div>\r\n\t\t\t\t<\/div>\n<div class=\"faq-item\">\r\n\t\t\t\t\t<div class=\"faq-item-question\">\r\n\t\t\t\t\t\t<h3 class=\"faq-item-question-text\">Warum sollte ich Google-Bewertungen mit Elfsight in Webnode einbetten?<\/h3>\r\n\r\n\t\t\t\t\t\t<div class=\"faq-item-question-icon\"><\/div>\r\n\t\t\t\t\t<\/div>\r\n\r\n\t\t\t\t\t<div class=\"faq-item-answer\">\r\n\t\t\t\t\t\t<div class=\"faq-item-answer-text\">\nElfsight bietet Ihnen einen einfachen Weg, Google-Bewertungen ohne Codierung oder Skripterstellung auf Ihrer Website einzubetten. Dieses anpassbare Widget kann nahtlos in Webnode oder jede andere Website-Plattform integriert werden. Am wichtigsten ist, dass Menschen unser Widget f\u00fcr seine wertvollen Funktionen sch\u00e4tzen, die Ihnen helfen, die besten Seiten Ihres Unternehmens hervorzuheben. \n<\/div>\r\n\t\t\t\t\t<\/div>\r\n\t\t\t\t<\/div>\n<\/div>\n","protected":false},"excerpt":{"rendered":"","protected":false},"author":9,"featured_media":0,"parent":69,"menu_order":0,"comment_status":"closed","ping_status":"closed","template":"templates\/template-application-platform.php","meta":{"publish_to_discourse":"","publish_post_category":"","wpdc_auto_publish_overridden":"","wpdc_topic_tags":"","wpdc_pin_topic":"","wpdc_pin_until":"","discourse_post_id":"","discourse_permalink":"","wpdc_publishing_response":"","wpdc_publishing_error":"","footnotes":""},"class_list":["post-20606","page","type-page","status-publish","hentry"],"yoast_head":"<!-- This site is optimized with the Yoast SEO plugin v25.3.1 - https:\/\/yoast.com\/wordpress\/plugins\/seo\/ -->\n<title>Betten Sie Google-Bewertungen auf Ihrer Webnode-Website ein (in 2 Minuten)<\/title>\n<meta name=\"description\" content=\"Es ist ganz einfach, Ihr Google Reviews-Widget zu erstellen und auf der Webnode-Website zu platzieren. Der Kundendienst von Elfsight ist kostenlos und schnell.\" \/>\n<meta name=\"robots\" content=\"index, follow, max-snippet:-1, max-image-preview:large, max-video-preview:-1\" \/>\n<link rel=\"canonical\" href=\"https:\/\/elfsight.com\/de\/google-reviews-widget\/webnode\/\" \/>\n<meta property=\"og:locale\" content=\"de_DE\" \/>\n<meta property=\"og:type\" content=\"article\" \/>\n<meta property=\"og:title\" content=\"Betten Sie Google-Bewertungen auf Ihrer Webnode-Website ein (in 2 Minuten)\" \/>\n<meta property=\"og:description\" content=\"Es ist ganz einfach, Ihr Google Reviews-Widget zu erstellen und auf der Webnode-Website zu platzieren. Der Kundendienst von Elfsight ist kostenlos und schnell.\" \/>\n<meta property=\"og:url\" content=\"https:\/\/elfsight.com\/de\/google-reviews-widget\/webnode\/\" \/>\n<meta property=\"og:site_name\" content=\"Elfsight DE\" \/>\n<meta property=\"article:modified_time\" content=\"2024-12-19T06:46:25+00:00\" \/>\n<meta name=\"twitter:card\" content=\"summary_large_image\" \/>\n<meta name=\"twitter:label1\" content=\"Gesch\u00e4tzte Lesezeit\" \/>\n\t<meta name=\"twitter:data1\" content=\"4\u00a0Minuten\" \/>\n<!-- \/ Yoast SEO plugin. -->","yoast_head_json":{"title":"Betten Sie Google-Bewertungen auf Ihrer Webnode-Website ein (in 2 Minuten)","description":"Es ist ganz einfach, Ihr Google Reviews-Widget zu erstellen und auf der Webnode-Website zu platzieren. Der Kundendienst von Elfsight ist kostenlos und schnell.","robots":{"index":"index","follow":"follow","max-snippet":"max-snippet:-1","max-image-preview":"max-image-preview:large","max-video-preview":"max-video-preview:-1"},"canonical":"https:\/\/elfsight.com\/de\/google-reviews-widget\/webnode\/","og_locale":"de_DE","og_type":"article","og_title":"Betten Sie Google-Bewertungen auf Ihrer Webnode-Website ein (in 2 Minuten)","og_description":"Es ist ganz einfach, Ihr Google Reviews-Widget zu erstellen und auf der Webnode-Website zu platzieren. Der Kundendienst von Elfsight ist kostenlos und schnell.","og_url":"https:\/\/elfsight.com\/de\/google-reviews-widget\/webnode\/","og_site_name":"Elfsight DE","article_modified_time":"2024-12-19T06:46:25+00:00","twitter_card":"summary_large_image","twitter_misc":{"Gesch\u00e4tzte Lesezeit":"4\u00a0Minuten"},"schema":{"@context":"https:\/\/schema.org","@graph":[{"@type":"WebPage","@id":"https:\/\/elfsight.com\/de\/google-reviews-widget\/webnode\/","url":"https:\/\/elfsight.com\/de\/google-reviews-widget\/webnode\/","name":"Betten Sie Google-Bewertungen auf Ihrer Webnode-Website ein (in 2 Minuten)","isPartOf":{"@id":"https:\/\/elfsight.com\/de\/#website"},"datePublished":"2024-05-03T06:39:08+00:00","dateModified":"2024-12-19T06:46:25+00:00","description":"Es ist ganz einfach, Ihr Google Reviews-Widget zu erstellen und auf der Webnode-Website zu platzieren. Der Kundendienst von Elfsight ist kostenlos und schnell.","breadcrumb":{"@id":"https:\/\/elfsight.com\/de\/google-reviews-widget\/webnode\/#breadcrumb"},"inLanguage":"de","potentialAction":[{"@type":"ReadAction","target":["https:\/\/elfsight.com\/de\/google-reviews-widget\/webnode\/"]}]},{"@type":"BreadcrumbList","@id":"https:\/\/elfsight.com\/de\/google-reviews-widget\/webnode\/#breadcrumb","itemListElement":[{"@type":"ListItem","position":1,"name":"Home","item":"https:\/\/elfsight.com\/de\/"},{"@type":"ListItem","position":2,"name":"Google Reviews","item":"https:\/\/elfsight.com\/de\/google-reviews-widget\/"},{"@type":"ListItem","position":3,"name":"Google Reviews &#8211; Webnode"}]},{"@type":"WebSite","@id":"https:\/\/elfsight.com\/de\/#website","url":"https:\/\/elfsight.com\/de\/","name":"Elfsight DE","description":"Just another Elfsight Sites site","potentialAction":[{"@type":"SearchAction","target":{"@type":"EntryPoint","urlTemplate":"https:\/\/elfsight.com\/de\/?s={search_term_string}"},"query-input":{"@type":"PropertyValueSpecification","valueRequired":true,"valueName":"search_term_string"}}],"inLanguage":"de"}]}},"meta_box":{"industry":"","seo_heading":"","heading":"","description":"","cta_heading":"","cta_description":"","application":"60","h1":"Webnode Google-Bewertungen","h1_caption":"Betten Sie Bewertungen Ihres Ortes von Google nahtlos ein, um die besten Kundeneindr\u00fccke m\u00fchelos in Ihr Website-Erlebnis auf Ihrer Webnode-Website zu integrieren.","application_category":[],"applications_title":"","applications_request_title":"","applications_request_button_text":"","hero_text":"","hero_video":"","hero_video_schema_markup":"","selling_points_title":"","selling_points_caption":"","selling_points":[],"selling_points_cta_text":"","features_title":"","features":"","ed_cta_examples_text":"","ed_cta_examples_hidden":"","ed_cta_demo_text":"","ed_cta_demo_hidden":"","why_caption":"","why_editor_title":"","why_editor_text":"","why_team_title":"","why_team_text":"","why_service_title":"","why_service_text":"","template_catalog_visible":"0","template_catalog_title":"","template_catalog_text":"","template_catalog_categories_visible":"","demo_title":"Erstellen Sie Ihr Google Reviews-Widget","demo_caption":"Konfigurieren Sie Ihre Google-Bewertungen und f\u00fcgen Sie sie kostenlos zu Ihrer Webnode-Website hinzu!","default_faq_hidden":"","app_template_category":[],"platform":"248","template_public_id":"","codecanyon_url":"","codecanyon_item_id":"","codecanyon_price":"","pricing_caption":"","pricing_elfsight_apps_hide_column":"","pricing_elfsight_apps_url":"","pricing_codecanyon_price_caption":"","integration_category":[],"integration_request_title":"","integration_request_cta":"","integration_platform":"","integrations":[],"platform_category":[],"video_schema_markup":"","price":"ab 0 $ \/ Monat","trial":"","benefits":[{"text":"Kostenlose Installationshilfe"},{"text":"Premium-Support"},{"text":"14-t\u00e4gige R\u00fcckerstattungsgarantie"},{"text":"Fortlaufende Entwicklung"}],"button_url":"#demo","button_target_blank":"0","button_nofollow":"0","attributes":[{"name":"Installiert","content":"100,000 - 500,000"},{"name":"Reaktionsfreudig","content":"Ja"},{"name":"Kompatible Browser","content":"Firefox, Safari, Opera, Chrome, Edge"}],"tags":[],"tags_disable_links":"0","hide_more_platforms":"","video_object":"","demo_hide_cta":"0","demo_hide_cloud_options":"0","pricing_title":"","pricing":[{"pricing_icon":"platform","pricing_title":"Elfsight Apps","pricing_title_caption":"Plattformunabh\u00e4ngige Version, die auf jeder Website funktioniert","pricing_price":"ab 0 $ \/ Monat","pricing_price_caption":"Beginnen Sie mit einem kostenlosen Plan","pricing_benefits":[{"text":"Unbegrenzte Websites"},{"text":"Engagierte Unternehmensunterst\u00fctzung"},{"text":"Kostenlose Installationsunterst\u00fctzung"},{"text":"Preis f\u00fcr mehrere Apps"}],"pricing_button_text":"Zur Website hinzuf\u00fcgen","pricing_button_url":"#demo"}],"related_apps_title":"","related_apps_hidden":"0","author":"","image":[],"title":"","job":"","social_networks":[]},"_links":{"self":[{"href":"https:\/\/elfsight.com\/de\/wp-json\/wp\/v2\/pages\/20606","targetHints":{"allow":["GET"]}}],"collection":[{"href":"https:\/\/elfsight.com\/de\/wp-json\/wp\/v2\/pages"}],"about":[{"href":"https:\/\/elfsight.com\/de\/wp-json\/wp\/v2\/types\/page"}],"author":[{"embeddable":true,"href":"https:\/\/elfsight.com\/de\/wp-json\/wp\/v2\/users\/9"}],"replies":[{"embeddable":true,"href":"https:\/\/elfsight.com\/de\/wp-json\/wp\/v2\/comments?post=20606"}],"version-history":[{"count":2,"href":"https:\/\/elfsight.com\/de\/wp-json\/wp\/v2\/pages\/20606\/revisions"}],"predecessor-version":[{"id":23369,"href":"https:\/\/elfsight.com\/de\/wp-json\/wp\/v2\/pages\/20606\/revisions\/23369"}],"up":[{"embeddable":true,"href":"https:\/\/elfsight.com\/de\/wp-json\/wp\/v2\/pages\/69"}],"wp:attachment":[{"href":"https:\/\/elfsight.com\/de\/wp-json\/wp\/v2\/media?parent=20606"}],"curies":[{"name":"wp","href":"https:\/\/api.w.org\/{rel}","templated":true}]}}