{"id":20605,"date":"2024-05-03T06:39:07","date_gmt":"2024-05-03T06:39:07","guid":{"rendered":"https:\/\/elfsight.com\/de\/?page_id=20605"},"modified":"2024-12-19T06:51:59","modified_gmt":"2024-12-19T06:51:59","slug":"weebly","status":"publish","type":"page","link":"https:\/\/elfsight.com\/de\/google-reviews-widget\/weebly\/","title":{"rendered":"Google Reviews &#8211; Weebly"},"content":{"rendered":"\n<div class=\"application-platform-content-item-description application-platform-content-item\" id=\"description\" data-nav-section=\"description\"> \n<h2>Google-Bewertungen in Weebly einbetten<\/h2> \n\n<p>M\u00f6chten Sie die Glaubw\u00fcrdigkeit Ihrer Weebly-Website steigern? Das Anzeigen von Google-Bewertungen auf Ihren Seiten ist eine kluge Strategie: Es wird die Kundenbindung erh\u00f6hen und die Verkaufszahlen steigern. Es gibt mehrere Methoden, um Kundenbewertungen auf Ihrer Website anzuzeigen, und eine davon ist das Elfsight Google Reviews Widget, eine No-Code-L\u00f6sung, die schnell eingerichtet werden kann und kostenlos genutzt werden kann. <\/p>\n<\/div> \n\n<div class=\"application-platform-content-item-features application-platform-content-item\" id=\"features\" data-nav-section=\"features\"> \n<h2>Funktionen<\/h2> \n<p>Erfahren Sie mehr \u00fcber die App, indem Sie sich die Liste der besten Funktionen ansehen. Diese machen die App f\u00fcr Ihre Weebly-Website unglaublich wichtig:<\/p> \n\n<ul> \n<li><strong>Bewertungen einfach verbinden. <\/strong> Sie k\u00f6nnen Ihre Google Place ID verwenden oder einfach den Namen und die Adresse Ihres Unternehmens eingeben. Es ist auch kein Problem, ohne eine physische Adresse zu arbeiten. <\/li> \n<li><strong>Bewertungsmoderation &amp; Filter. <\/strong> Mit Elfsight k\u00f6nnen Sie mehrere Filter aktivieren und nur relevante Google-Bewertungen anzeigen. Beispielsweise k\u00f6nnen Sie eine Mindestbewertung festlegen, die angezeigt wird, oder bestimmte Autoren aus der App ausschlie\u00dfen. <\/li> \n<li><strong>Schaltfl\u00e4che zur Sammlung weiterer Bewertungen. <\/strong> F\u00fcgen Sie einfach eine anpassbare CTA-Schaltfl\u00e4che zu Ihrer Bewertungsleiste hinzu, damit die Kunden ihr Feedback hinterlassen k\u00f6nnen. <\/li> \n<li><strong>Sterne-Snippet zur Steigerung des Google-Traffics. <\/strong> Heben Sie sich von Ihren Mitbewerbern ab, indem Sie Markup aktivieren, um Sterne in den Suchergebnissen anzuzeigen. Dieses Upgrade wird Ihnen helfen, Aufmerksamkeit zu erregen und Ihre Klickrate zu steigern. <\/li> \n<li><strong>Erweiterte Design-Anpassung. <\/strong> Probieren Sie verschiedene Layouts wie Slider, Liste, Mauerwerk, Raster, Karussell, schwebendes Badge und mehr aus. Personalisieren Sie den Inhalt jeder Bewertung: Titel, Abzeichen, Namen und Sterne, um perfekt zu Ihrem Design zu passen. <\/li> \n<\/ul>\n<p><a href=\"#demo\" data-scroll-to=\"demo\">Um alle Funktionen zu entdecken, sehen Sie sich die Demo an<\/a><\/p>\n\n<\/div> \n<div class=\"application-platform-content-item-installation application-platform-content-item\" id=\"installation\" data-nav-section=\"installation\"> \n<h2>Erfahren Sie, wie Sie Google-Bewertungen in Ihre Weebly-Website einbetten<\/h2>\n\n<div class=\"video-container\">\n<iframe width=\"720\" height=\"405\" src=\"https:\/\/www.youtube.com\/embed\/PuztlqlQWqQ\" frameborder=\"0\" allowfullscreen=\"\"><\/iframe>\n<\/div>\n<p>Hier ist der einfache Weg, um die App auf Ihrer Weebly-Website einzurichten. Es dauert nur wenige Minuten und erfordert keinen Code. <\/p> \n<ol>\n<li><strong>Erstellen Sie Ihre einzigartige Google-Bewertungen-App<\/strong><br> \nBeginnen Sie mit einer beliebigen Vorlage in der Demo, f\u00fcgen Sie Ihre Kundenbewertungen hinzu und erstellen Sie eine App mit dem bevorzugten Layout und den gew\u00fcnschten Einstellungen. <\/li>\n\n<li><strong>Erhalten Sie den individuellen Code, um die App einzubetten<\/strong><br> \nSobald Sie Ihre App erstellt haben, erhalten Sie den individuellen Code in Ihrem Dashboard. Kopieren Sie den Code, der alle Informationen zu den Einstellungen Ihrer App enth\u00e4lt. <\/li> \n\n<li><strong>Zeigen Sie die App auf Ihrer Weebly-Website an<\/strong><br> \nW\u00e4hlen Sie den Bereich Ihrer Website aus, auf dem Sie die App platzieren m\u00f6chten, und f\u00fcgen Sie den Code dort ein. Speichern Sie die \u00c4nderungen. <\/li> \n<\/ol>\n\n<p>Fertig! \u00dcberpr\u00fcfen Sie, wie die App auf Ihrer Website funktioniert. <\/p> \n<p>Haben Sie immer noch Probleme beim Einbetten von Google-Bewertungen auf einer Weebly-Website? Lesen Sie einfach unseren Artikel \u00fcber <a href=\"https:\/\/elfsight.com\/blog\/how-to-embed-google-reviews-on-website\/\" target=\"_blank\" rel=\"noopener\">das Hinzuf\u00fcgen von Google-Bewertungen zu Ihrer Website<\/a>. <\/p>\n<\/div>\n\n<div class=\"faq\" data-component=\"FAQ\">\n<div class=\"faq-item\">\r\n\t\t\t\t\t<div class=\"faq-item-question\">\r\n\t\t\t\t\t\t<h3 class=\"faq-item-question-text\">Ist das Google-Bewertungen Weebly Widget kostenlos?<\/h3>\r\n\r\n\t\t\t\t\t\t<div class=\"faq-item-question-icon\"><\/div>\r\n\t\t\t\t\t<\/div>\r\n\r\n\t\t\t\t\t<div class=\"faq-item-answer\">\r\n\t\t\t\t\t\t<div class=\"faq-item-answer-text\">\nJa, das ist es! Jeder Elfsight-Nutzer kann sein Google-Bewertungen-Widget anpassen und kostenlos in Weebly einbetten. Alle gro\u00dfartigen Funktionen, die wir oben beschrieben haben, stehen Ihnen zur Verf\u00fcgung. \n<\/div>\r\n\t\t\t\t\t<\/div>\r\n\t\t\t\t<\/div>\n<div class=\"faq-item\">\r\n\t\t\t\t\t<div class=\"faq-item-question\">\r\n\t\t\t\t\t\t<h3 class=\"faq-item-question-text\">Warum sollte ich Bewertungen zu Weebly hinzuf\u00fcgen?<\/h3>\r\n\r\n\t\t\t\t\t\t<div class=\"faq-item-question-icon\"><\/div>\r\n\t\t\t\t\t<\/div>\r\n\r\n\t\t\t\t\t<div class=\"faq-item-answer\">\r\n\t\t\t\t\t\t<div class=\"faq-item-answer-text\">\nGoogle-Bewertungen steigern die Glaubw\u00fcrdigkeit Ihres Unternehmens. Potenzielle Kunden m\u00f6chten oft von den Erfahrungen anderer h\u00f6ren, die Ihre Dienstleistungen ausprobiert haben. F\u00fcgen Sie Kundenfeedback auf Ihrer Website hinzu, um zu zeigen, was Kunden an Ihrem Unternehmen sch\u00e4tzen. \n<\/div>\r\n\t\t\t\t\t<\/div>\r\n\t\t\t\t<\/div>\n<div class=\"faq-item\">\r\n\t\t\t\t\t<div class=\"faq-item-question\">\r\n\t\t\t\t\t\t<h3 class=\"faq-item-question-text\">Kann ich auch andere Bewertungen zu Weebly hinzuf\u00fcgen?<\/h3>\r\n\r\n\t\t\t\t\t\t<div class=\"faq-item-question-icon\"><\/div>\r\n\t\t\t\t\t<\/div>\r\n\r\n\t\t\t\t\t<div class=\"faq-item-answer\">\r\n\t\t\t\t\t\t<div class=\"faq-item-answer-text\">\nKlar. Sie k\u00f6nnen Widgets wie <a href=\"https:\/\/elfsight.com\/facebook-reviews-widget\/weebly\/\" target=\"_blank\" rel=\"noreferrer noopener\">Facebook-Bewertungen<\/a>, <a href=\"https:\/\/elfsight.com\/amazon-reviews-widget\/weebly\/\" target=\"_blank\" rel=\"noreferrer noopener\">Amazon-Bewertungen<\/a>, <a href=\"https:\/\/elfsight.com\/tripadvisor-reviews-widget\/weebly\/\" target=\"_blank\" rel=\"noreferrer noopener\">Tripadvisor-Bewertungen<\/a> oder <a href=\"https:\/\/elfsight.com\/testimonials-slider-widget\/weebly\/\" target=\"_blank\" rel=\"noreferrer noopener\">Testimonials Slider<\/a> ausprobieren. Diese Widgets erm\u00f6glichen es Ihnen, verschiedene Plattformen mit Ihrer Website zu verbinden und Bewertungen von den Websites zu teilen, auf denen Kunden am meisten \u00fcber Ihr Unternehmen sprechen. \n<\/div>\r\n\t\t\t\t\t<\/div>\r\n\t\t\t\t<\/div>\n<div class=\"faq-item\">\r\n\t\t\t\t\t<div class=\"faq-item-question\">\r\n\t\t\t\t\t\t<h3 class=\"faq-item-question-text\">Warum sollte ich Google-Bewertungen mit Elfsight in Weebly einbetten?<\/h3>\r\n\r\n\t\t\t\t\t\t<div class=\"faq-item-question-icon\"><\/div>\r\n\t\t\t\t\t<\/div>\r\n\r\n\t\t\t\t\t<div class=\"faq-item-answer\">\r\n\t\t\t\t\t\t<div class=\"faq-item-answer-text\">\nElfsight bietet Ihnen einen klaren Weg, Google-Bewertungen ohne Codierung oder Skripterstellung auf Ihrer Website einzubetten. Diese anpassbare App kann problemlos in Weebly oder jede andere Website-Plattform integriert werden. Am wichtigsten ist, dass die Menschen unsere App f\u00fcr ihre wertvollen Funktionen sch\u00e4tzen, die Ihnen helfen, die St\u00e4rken Ihres Unternehmens hervorzuheben. \n<\/div>\r\n\t\t\t\t\t<\/div>\r\n\t\t\t\t<\/div>\n<\/div>\n","protected":false},"excerpt":{"rendered":"","protected":false},"author":9,"featured_media":0,"parent":69,"menu_order":0,"comment_status":"closed","ping_status":"closed","template":"templates\/template-application-platform.php","meta":{"publish_to_discourse":"","publish_post_category":"","wpdc_auto_publish_overridden":"","wpdc_topic_tags":"","wpdc_pin_topic":"","wpdc_pin_until":"","discourse_post_id":"","discourse_permalink":"","wpdc_publishing_response":"","wpdc_publishing_error":"","footnotes":""},"class_list":["post-20605","page","type-page","status-publish","hentry"],"yoast_head":"<!-- This site is optimized with the Yoast SEO plugin v25.3.1 - https:\/\/yoast.com\/wordpress\/plugins\/seo\/ -->\n<title>Betten Sie Google-Bewertungen auf einer Weebly-Website ein \u2013 f\u00fcgen Sie Bewertungen in 2 Minuten hinzu!<\/title>\n<meta name=\"description\" content=\"Hier haben Sie die M\u00f6glichkeit, das Google Reviews-Widget zu gestalten und es Ihrer Weebly-Website hinzuzuf\u00fcgen. Genie\u00dfen Sie den kostenlosen Kundenservice und andere Vorteile von Elfsight.\" \/>\n<meta name=\"robots\" content=\"index, follow, max-snippet:-1, max-image-preview:large, max-video-preview:-1\" \/>\n<link rel=\"canonical\" href=\"https:\/\/elfsight.com\/de\/google-reviews-widget\/weebly\/\" \/>\n<meta property=\"og:locale\" content=\"de_DE\" \/>\n<meta property=\"og:type\" content=\"article\" \/>\n<meta property=\"og:title\" content=\"Betten Sie Google-Bewertungen auf einer Weebly-Website ein \u2013 f\u00fcgen Sie Bewertungen in 2 Minuten hinzu!\" \/>\n<meta property=\"og:description\" content=\"Hier haben Sie die M\u00f6glichkeit, das Google Reviews-Widget zu gestalten und es Ihrer Weebly-Website hinzuzuf\u00fcgen. Genie\u00dfen Sie den kostenlosen Kundenservice und andere Vorteile von Elfsight.\" \/>\n<meta property=\"og:url\" content=\"https:\/\/elfsight.com\/de\/google-reviews-widget\/weebly\/\" \/>\n<meta property=\"og:site_name\" content=\"Elfsight DE\" \/>\n<meta property=\"article:modified_time\" content=\"2024-12-19T06:51:59+00:00\" \/>\n<meta name=\"twitter:card\" content=\"summary_large_image\" \/>\n<meta name=\"twitter:label1\" content=\"Gesch\u00e4tzte Lesezeit\" \/>\n\t<meta name=\"twitter:data1\" content=\"4\u00a0Minuten\" \/>\n<!-- \/ Yoast SEO plugin. -->","yoast_head_json":{"title":"Betten Sie Google-Bewertungen auf einer Weebly-Website ein \u2013 f\u00fcgen Sie Bewertungen in 2 Minuten hinzu!","description":"Hier haben Sie die M\u00f6glichkeit, das Google Reviews-Widget zu gestalten und es Ihrer Weebly-Website hinzuzuf\u00fcgen. Genie\u00dfen Sie den kostenlosen Kundenservice und andere Vorteile von Elfsight.","robots":{"index":"index","follow":"follow","max-snippet":"max-snippet:-1","max-image-preview":"max-image-preview:large","max-video-preview":"max-video-preview:-1"},"canonical":"https:\/\/elfsight.com\/de\/google-reviews-widget\/weebly\/","og_locale":"de_DE","og_type":"article","og_title":"Betten Sie Google-Bewertungen auf einer Weebly-Website ein \u2013 f\u00fcgen Sie Bewertungen in 2 Minuten hinzu!","og_description":"Hier haben Sie die M\u00f6glichkeit, das Google Reviews-Widget zu gestalten und es Ihrer Weebly-Website hinzuzuf\u00fcgen. Genie\u00dfen Sie den kostenlosen Kundenservice und andere Vorteile von Elfsight.","og_url":"https:\/\/elfsight.com\/de\/google-reviews-widget\/weebly\/","og_site_name":"Elfsight DE","article_modified_time":"2024-12-19T06:51:59+00:00","twitter_card":"summary_large_image","twitter_misc":{"Gesch\u00e4tzte Lesezeit":"4\u00a0Minuten"},"schema":{"@context":"https:\/\/schema.org","@graph":[{"@type":"WebPage","@id":"https:\/\/elfsight.com\/de\/google-reviews-widget\/weebly\/","url":"https:\/\/elfsight.com\/de\/google-reviews-widget\/weebly\/","name":"Betten Sie Google-Bewertungen auf einer Weebly-Website ein \u2013 f\u00fcgen Sie Bewertungen in 2 Minuten hinzu!","isPartOf":{"@id":"https:\/\/elfsight.com\/de\/#website"},"datePublished":"2024-05-03T06:39:07+00:00","dateModified":"2024-12-19T06:51:59+00:00","description":"Hier haben Sie die M\u00f6glichkeit, das Google Reviews-Widget zu gestalten und es Ihrer Weebly-Website hinzuzuf\u00fcgen. Genie\u00dfen Sie den kostenlosen Kundenservice und andere Vorteile von Elfsight.","breadcrumb":{"@id":"https:\/\/elfsight.com\/de\/google-reviews-widget\/weebly\/#breadcrumb"},"inLanguage":"de","potentialAction":[{"@type":"ReadAction","target":["https:\/\/elfsight.com\/de\/google-reviews-widget\/weebly\/"]}]},{"@type":"BreadcrumbList","@id":"https:\/\/elfsight.com\/de\/google-reviews-widget\/weebly\/#breadcrumb","itemListElement":[{"@type":"ListItem","position":1,"name":"Home","item":"https:\/\/elfsight.com\/de\/"},{"@type":"ListItem","position":2,"name":"Google Reviews","item":"https:\/\/elfsight.com\/de\/google-reviews-widget\/"},{"@type":"ListItem","position":3,"name":"Google Reviews &#8211; Weebly"}]},{"@type":"WebSite","@id":"https:\/\/elfsight.com\/de\/#website","url":"https:\/\/elfsight.com\/de\/","name":"Elfsight DE","description":"Just another Elfsight Sites site","potentialAction":[{"@type":"SearchAction","target":{"@type":"EntryPoint","urlTemplate":"https:\/\/elfsight.com\/de\/?s={search_term_string}"},"query-input":{"@type":"PropertyValueSpecification","valueRequired":true,"valueName":"search_term_string"}}],"inLanguage":"de"}]}},"meta_box":{"industry":"","seo_heading":"","heading":"","description":"","cta_heading":"","cta_description":"","application":"60","h1":"Weebly Google Reviews-App","h1_caption":"Betten Sie Bewertungen Ihres Ortes von Google nahtlos ein, um die besten Kundeneindr\u00fccke m\u00fchelos in Ihr Website-Erlebnis auf Ihrer Weebly-Website zu integrieren.","application_category":[],"applications_title":"","applications_request_title":"","applications_request_button_text":"","hero_text":"","hero_video":"","hero_video_schema_markup":"","selling_points_title":"","selling_points_caption":"","selling_points":[],"selling_points_cta_text":"","features_title":"","features":"","ed_cta_examples_text":"","ed_cta_examples_hidden":"","ed_cta_demo_text":"","ed_cta_demo_hidden":"","why_caption":"","why_editor_title":"","why_editor_text":"","why_team_title":"","why_team_text":"","why_service_title":"","why_service_text":"","template_catalog_visible":"0","template_catalog_title":"","template_catalog_text":"","template_catalog_categories_visible":"","demo_title":"Erstellen Sie Ihre Google Reviews-App","demo_caption":"Konfigurieren Sie Ihre Google-Bewertungen und f\u00fcgen Sie sie kostenlos zu Ihrer Weebly-Website hinzu!","default_faq_hidden":"","app_template_category":[],"platform":"249","template_public_id":"","codecanyon_url":"","codecanyon_item_id":"","codecanyon_price":"","pricing_caption":"","pricing_elfsight_apps_hide_column":"","pricing_elfsight_apps_url":"","pricing_codecanyon_price_caption":"","integration_category":[],"integration_request_title":"","integration_request_cta":"","integration_platform":"","integrations":[],"platform_category":[],"video_schema_markup":"","price":"ab 0 $ \/ Monat","trial":"","benefits":[{"text":"Kostenlose Installationshilfe"},{"text":"Erfahrener Kundensupport"},{"text":"14-t\u00e4gige Geld-zur\u00fcck-Garantie"},{"text":"Kontinuierliche kostenlose Updates"}],"button_url":"#demo","button_target_blank":"0","button_nofollow":"0","attributes":[{"name":"Installiert","content":"100,000 - 500,000"},{"name":"Reaktionsfreudig","content":"Ja"},{"name":"Kompatible Browser","content":"Firefox, Safari, Opera, Chrome, Edge"}],"tags":[],"tags_disable_links":"0","hide_more_platforms":"","video_object":"","demo_hide_cta":"0","demo_hide_cloud_options":"0","pricing_title":"","pricing":[{"pricing_icon":"platform","pricing_title":"Elfsight Apps","pricing_title_caption":"Plattform\u00fcbergreifende digitale L\u00f6sung, die auf jeder Website funktioniert","pricing_price":"ab 0 $ \/ Monat","pricing_price_caption":"Beginnen Sie mit einem kostenlosen Plan","pricing_benefits":[{"text":"Unbegrenzte Websites"},{"text":"Kostenloser Support und gut dokumentiert"},{"text":"Kostenlose Installationshilfe"},{"text":"100 % anpassbar"}],"pricing_button_text":"Zur Website hinzuf\u00fcgen","pricing_button_url":"#demo"}],"related_apps_title":"","related_apps_hidden":"0","author":"","image":[],"title":"","job":"","social_networks":[]},"_links":{"self":[{"href":"https:\/\/elfsight.com\/de\/wp-json\/wp\/v2\/pages\/20605","targetHints":{"allow":["GET"]}}],"collection":[{"href":"https:\/\/elfsight.com\/de\/wp-json\/wp\/v2\/pages"}],"about":[{"href":"https:\/\/elfsight.com\/de\/wp-json\/wp\/v2\/types\/page"}],"author":[{"embeddable":true,"href":"https:\/\/elfsight.com\/de\/wp-json\/wp\/v2\/users\/9"}],"replies":[{"embeddable":true,"href":"https:\/\/elfsight.com\/de\/wp-json\/wp\/v2\/comments?post=20605"}],"version-history":[{"count":3,"href":"https:\/\/elfsight.com\/de\/wp-json\/wp\/v2\/pages\/20605\/revisions"}],"predecessor-version":[{"id":23371,"href":"https:\/\/elfsight.com\/de\/wp-json\/wp\/v2\/pages\/20605\/revisions\/23371"}],"up":[{"embeddable":true,"href":"https:\/\/elfsight.com\/de\/wp-json\/wp\/v2\/pages\/69"}],"wp:attachment":[{"href":"https:\/\/elfsight.com\/de\/wp-json\/wp\/v2\/media?parent=20605"}],"curies":[{"name":"wp","href":"https:\/\/api.w.org\/{rel}","templated":true}]}}