{"id":20599,"date":"2024-05-03T06:39:04","date_gmt":"2024-05-03T06:39:04","guid":{"rendered":"https:\/\/elfsight.com\/de\/?page_id=20599"},"modified":"2025-11-13T11:20:15","modified_gmt":"2025-11-13T11:20:15","slug":"elementor","status":"publish","type":"page","link":"https:\/\/elfsight.com\/de\/google-reviews-widget\/elementor\/","title":{"rendered":"Google Reviews &#8211; Elementor"},"content":{"rendered":"\n<div class=\"application-platform-content-item-description application-platform-content-item\" id=\"description\" data-nav-section=\"description\"> \n<h2>Google Bewertungen in Elementor einbetten<\/h2> \n\n<p>Sie m\u00f6chten die Glaubw\u00fcrdigkeit Ihrer Elementor-Website steigern? Das Anzeigen von Google-Bewertungen auf Ihren Seiten ist eine gute Methode: Es zieht Kunden an und erh\u00f6ht die Konversionen. Es gibt verschiedene Methoden, um Kundenfeedback auf der Website hinzuzuf\u00fcgen, und eine davon ist das Elfsight Google Reviews Widget, eine No-Code-L\u00f6sung, die nicht viel Zeit in Anspruch nimmt und kostenlos verwendet werden kann.<\/p>\n<\/div> \n\n<div class=\"application-platform-content-item-features application-platform-content-item\" id=\"features\" data-nav-section=\"features\"> \n<h2>Funktionen<\/h2> \n<p>Um das Widget kennenzulernen, k\u00f6nnen Sie sich die besten Eigenschaften ansehen. Diese machen dieses Widget unglaublich wichtig f\u00fcr Ihre Elementor-Website:<\/p> \n\n<ul> \n<li><strong>Einfaches Verbinden von Bewertungen. <\/strong> Sie k\u00f6nnen Ihre Google Place ID einf\u00fcgen oder einfach den Namen und die Adresse Ihres Unternehmens eingeben. Auch wenn Sie keine physische Adresse haben, ist das kein Problem.<\/li> \n<li><strong>Bewertungsmoderation &amp; Filter. <\/strong> Mit Elfsight ist es einfach, mehrere Filter einzustellen und nur passende Google-Bewertungen anzuzeigen. Zum Beispiel k\u00f6nnen Sie eine Mindestbewertung definieren, die angezeigt werden soll, oder bestimmte Autoren von der Anzeige im Widget ausschlie\u00dfen.<\/li> \n<li><strong>Button zur Sammlung weiterer Bewertungen. <\/strong> F\u00fcgen Sie einfach einen anpassbaren CTA-Button in Ihr Bewertungs-Widget ein, um Kunden zu ermutigen, ihre Bewertungen abzugeben.<\/li> \n<li><strong>Star-Snippet zur Steigerung des Google-Traffics. <\/strong> Heben Sie sich von Ihren Mitbewerbern ab, indem Sie das Markup aktivieren, um Sterne in den Suchergebnissen anzuzeigen. Dieses Upgrade hilft Ihnen, Aufmerksamkeit zu erregen und Ihre Klickrate zu steigern.<\/li> \n<li><strong>Erweiterte Designanpassung. <\/strong> Probieren Sie verschiedene Layouts wie Slider, Liste, Mauerwerk, Grid, Karussell, Floating Badge und mehr. Personalisieren Sie die Details jeder Bewertung: Titel, Abzeichen, Namen und Sterne, um perfekt zu Ihrem Design zu passen.<\/li> \n<\/ul>\n<p><a href=\"#demo\" data-scroll-to=\"demo\">Entdecken Sie mehr Funktionen, sehen Sie die Demo<\/a><\/p>\n<h2>Vorteile des Google Reviews Widgets<\/h2>\n<p>F\u00fcr den Erfolg von Unternehmen ist eine starke Online-Pr\u00e4senz entscheidend. Eine effektive M\u00f6glichkeit, die Sichtbarkeit zu erh\u00f6hen, ist das Einbetten von Google Bewertungen in Elementor auf der Website mit einem einfachen, no-code Widget. Diese Strategie hilft nicht nur dabei, Vertrauen aufzubauen, sondern steigert auch die Markenbekanntheit und verbessert die Benutzererfahrung auf Ihrer Website. Das Anzeigen von echten Kundenfeedbacks auf Ihrer Website kann die Wahrnehmung Ihres Unternehmens erheblich beeinflussen. Hier ist, warum es wichtig ist:<\/p> \n<ul> \n<li><strong>F\u00f6rdert Vertrauen und Glaubw\u00fcrdigkeit.<\/strong> Wenn Sie Google-Bewertungen in Elementor einbetten, k\u00f6nnen Besucher echte Meinungen \u00fcber Ihr Unternehmen sehen. Ehrliche Bewertungen schaffen Vertrauen, weil Menschen Kundenfeedback mehr sch\u00e4tzen als Werbung. Positive Bewertungen k\u00f6nnen neue Kunden beruhigen und sie ermutigen, Ihr Unternehmen zu w\u00e4hlen.<\/li> \n<li><strong>Verbessert SEO und Markenbewusstsein.<\/strong> Das Google Reviews Widget verbessert das SEO Ihrer Website, indem es frische, schl\u00fcsselwortreiche Inhalte hinzuf\u00fcgt, die Ihnen helfen k\u00f6nnen, in den Suchergebnissen h\u00f6her zu ranken. Positive Bewertungen heben zudem Ihre St\u00e4rken hervor und steigern das Markenbewusstsein.<\/li> \n<li><strong>Verbessert die Benutzererfahrung.<\/strong> Ein Google Reviews Widget macht es den Besuchern leicht, Bewertungen zu lesen und schnellere Entscheidungen \u00fcber Ihre Produkte oder Dienstleistungen zu treffen. Dies kann sie l\u00e4nger auf Ihrer Website halten und die Wahrscheinlichkeit erh\u00f6hen, dass sie einen Kauf oder eine Anfrage t\u00e4tigen.<\/li> <\/ul>\n<\/div> \n\n<div class=\"application-platform-content-item-installation application-platform-content-item\" id=\"installation\" data-nav-section=\"installation\"> \n<h2>Erfahren Sie, wie Sie die Google Bewertungen in Ihre Elementor-Website einbetten<\/h2>\n<div class=\"video-container\">\n<iframe width=\"720\" height=\"405\" src=\"https:\/\/www.youtube.com\/embed\/8Gz8uO_dKDE?si=YcAOYdkxmawcDOLn\" frameborder=\"0\" allowfullscreen=\"\"><\/iframe>\n<\/div>\n<p>Lesen Sie hier, wie Sie das Widget in wenigen Minuten ohne Programmierkenntnisse auf Ihrer Elementor-Website einrichten k\u00f6nnen.<\/p> \n<ol>\n<li><strong>Erstellen Sie Ihr benutzerdefiniertes Google Reviews Widget<\/strong><br> \nBeginnen Sie mit der passenden Vorlage in der Demo, verbinden Sie Ihre Kundenbewertungen und erstellen Sie ein Widget mit dem gew\u00fcnschten Layout und den gew\u00fcnschten Funktionen.<\/li>\n\n<li><strong>Erhalten Sie den pers\u00f6nlichen Code, um das Widget einzubetten<\/strong><br> \nNachdem Sie Ihr Widget erstellt haben, erhalten Sie den individuellen Code in Ihrem Dashboard. Kopieren Sie den Code, der alle Informationen \u00fcber die Einstellungen Ihres Widgets enth\u00e4lt.<\/li> \n\n<li><strong>Zeigen Sie das Widget auf Ihrer Elementor-Website an<\/strong><br> \nW\u00e4hlen Sie den Bereich der Website aus, auf dem Sie das Widget anzeigen m\u00f6chten, und f\u00fcgen Sie den Code dort ein. Speichern Sie die Ergebnisse.<\/li> \n<\/ol>\n\n<p>Perfekt! Gehen Sie los und sehen Sie, wie das Widget auf Ihrer Website funktioniert.<\/p> \n\n<p>Haben Sie weiterhin Probleme beim Einbetten von Google-Bewertungen auf Ihrer Elementor-Website? Lesen Sie einfach unseren Artikel \u00fcber <a href=\"https:\/\/elfsight.com\/blog\/how-to-embed-google-reviews-on-website\/\" target=\"_blank\" rel=\"noopener\">das Hinzuf\u00fcgen von Google Bewertungen zu Ihrer Website<\/a>.<\/p>\n\n<\/div>\n\n<div class=\"faq\" data-component=\"FAQ\">\n<div class=\"faq-item\">\r\n\t\t\t\t\t<div class=\"faq-item-question\">\r\n\t\t\t\t\t\t<h3 class=\"faq-item-question-text\">Ist das Google Reviews Elementor Widget kostenlos? <\/h3>\r\n\r\n\t\t\t\t\t\t<div class=\"faq-item-question-icon\"><\/div>\r\n\t\t\t\t\t<\/div>\r\n\r\n\t\t\t\t\t<div class=\"faq-item-answer\">\r\n\t\t\t\t\t\t<div class=\"faq-item-answer-text\">\nJa, das ist es! Jeder Elfsight-Nutzer kann sein Google Reviews Widget anpassen und in Elementor einbetten, ohne etwas zu bezahlen. Alle bahnbrechenden Funktionen, die wir oben beschrieben haben, stehen Ihnen zur Verf\u00fcgung.\n<\/div>\r\n\t\t\t\t\t<\/div>\r\n\t\t\t\t<\/div>\n<div class=\"faq-item\">\r\n\t\t\t\t\t<div class=\"faq-item-question\">\r\n\t\t\t\t\t\t<h3 class=\"faq-item-question-text\">Kann ich auch andere Bewertungen in Elementor hinzuf\u00fcgen? <\/h3>\r\n\r\n\t\t\t\t\t\t<div class=\"faq-item-question-icon\"><\/div>\r\n\t\t\t\t\t<\/div>\r\n\r\n\t\t\t\t\t<div class=\"faq-item-answer\">\r\n\t\t\t\t\t\t<div class=\"faq-item-answer-text\">\nKlar. Sie k\u00f6nnen Widgets wie <a href=\"https:\/\/elfsight.com\/facebook-reviews-widget\/elementor\/\" target=\"_blank\" rel=\"noreferrer noopener\">Facebook Reviews<\/a>, <a href=\"https:\/\/elfsight.com\/amazon-reviews-widget\/elementor\/\" target=\"_blank\" rel=\"noreferrer noopener\">Bewertungen von Amazon<\/a>, <a href=\"https:\/\/elfsight.com\/tripadvisor-reviews-widget\/elementor\/\" target=\"_blank\" rel=\"noreferrer noopener\">Tripadvisor Reviews<\/a> oder <a href=\"https:\/\/elfsight.com\/testimonials-slider-widget\/elementor\/\" target=\"_blank\" rel=\"noreferrer noopener\">Testimonials Slider<\/a> ausprobieren. Diese Widgets erm\u00f6glichen es Ihnen, verschiedene Plattformen mit Ihrer Website zu verbinden und Bewertungen von den Seiten anzuzeigen, auf denen Menschen am h\u00e4ufigsten \u00fcber Ihr Unternehmen sprechen.\n<\/p>\n<\/div>\r\n\t\t\t\t\t<\/div>\r\n\t\t\t\t<\/div>\n<div class=\"faq-item\">\r\n\t\t\t\t\t<div class=\"faq-item-question\">\r\n\t\t\t\t\t\t<h3 class=\"faq-item-question-text\">Warum sollte ich Google Bewertungen mit Elfsight in Elementor einbetten? <\/h3>\r\n\r\n\t\t\t\t\t\t<div class=\"faq-item-question-icon\"><\/div>\r\n\t\t\t\t\t<\/div>\r\n\r\n\t\t\t\t\t<div class=\"faq-item-answer\">\r\n\t\t\t\t\t\t<div class=\"faq-item-answer-text\">\nElfsight bietet zun\u00e4chst eine einfache M\u00f6glichkeit, Google Bewertungen auf Ihrer Website einzubetten, ohne Programmierkenntnisse oder Skripte zu schreiben. Dieses anpassbare Widget l\u00e4sst sich problemlos in Elementor oder jede andere Website-Plattform integrieren. Am wichtigsten ist, dass Menschen unser Widget aufgrund seiner wertvollen Funktionen sch\u00e4tzen, die Ihnen helfen, die besten Seiten Ihres Unternehmens hervorzuheben.\n<\/div>\r\n\t\t\t\t\t<\/div>\r\n\t\t\t\t<\/div>\n<\/div>\n","protected":false},"excerpt":{"rendered":"","protected":false},"author":9,"featured_media":0,"parent":69,"menu_order":0,"comment_status":"closed","ping_status":"closed","template":"templates\/template-application-platform.php","meta":{"publish_to_discourse":"","publish_post_category":"","wpdc_auto_publish_overridden":"","wpdc_topic_tags":"","wpdc_pin_topic":"","wpdc_pin_until":"","discourse_post_id":"","discourse_permalink":"","wpdc_publishing_response":"","wpdc_publishing_error":"","footnotes":""},"class_list":["post-20599","page","type-page","status-publish","hentry"],"yoast_head":"<!-- This site is optimized with the Yoast SEO plugin v25.3.1 - https:\/\/yoast.com\/wordpress\/plugins\/seo\/ -->\n<title>Betten Sie Google-Bewertungen auf Elementor ein \u2013 f\u00fcgen Sie Bewertungen in 2 Minuten zu einer Website hinzu!<\/title>\n<meta name=\"description\" content=\"Erfahren Sie, wie Sie Google Reviews kostenlos zu Elementor hinzuf\u00fcgen! Detaillierte Anleitung zum Einbetten des Google Business Reviews-Widgets in Elementor mit Elfsight.\" \/>\n<meta name=\"robots\" content=\"index, follow, max-snippet:-1, max-image-preview:large, max-video-preview:-1\" \/>\n<link rel=\"canonical\" href=\"https:\/\/elfsight.com\/de\/google-reviews-widget\/elementor\/\" \/>\n<meta property=\"og:locale\" content=\"de_DE\" \/>\n<meta property=\"og:type\" content=\"article\" \/>\n<meta property=\"og:title\" content=\"Betten Sie Google-Bewertungen auf Elementor ein \u2013 f\u00fcgen Sie Bewertungen in 2 Minuten zu einer Website hinzu!\" \/>\n<meta property=\"og:description\" content=\"Erfahren Sie, wie Sie Google Reviews kostenlos zu Elementor hinzuf\u00fcgen! Detaillierte Anleitung zum Einbetten des Google Business Reviews-Widgets in Elementor mit Elfsight.\" \/>\n<meta property=\"og:url\" content=\"https:\/\/elfsight.com\/de\/google-reviews-widget\/elementor\/\" \/>\n<meta property=\"og:site_name\" content=\"Elfsight DE\" \/>\n<meta property=\"article:modified_time\" content=\"2025-11-13T11:20:15+00:00\" \/>\n<meta name=\"twitter:card\" content=\"summary_large_image\" \/>\n<meta name=\"twitter:label1\" content=\"Gesch\u00e4tzte Lesezeit\" \/>\n\t<meta name=\"twitter:data1\" content=\"5\u00a0Minuten\" \/>\n<!-- \/ Yoast SEO plugin. -->","yoast_head_json":{"title":"Betten Sie Google-Bewertungen auf Elementor ein \u2013 f\u00fcgen Sie Bewertungen in 2 Minuten zu einer Website hinzu!","description":"Erfahren Sie, wie Sie Google Reviews kostenlos zu Elementor hinzuf\u00fcgen! Detaillierte Anleitung zum Einbetten des Google Business Reviews-Widgets in Elementor mit Elfsight.","robots":{"index":"index","follow":"follow","max-snippet":"max-snippet:-1","max-image-preview":"max-image-preview:large","max-video-preview":"max-video-preview:-1"},"canonical":"https:\/\/elfsight.com\/de\/google-reviews-widget\/elementor\/","og_locale":"de_DE","og_type":"article","og_title":"Betten Sie Google-Bewertungen auf Elementor ein \u2013 f\u00fcgen Sie Bewertungen in 2 Minuten zu einer Website hinzu!","og_description":"Erfahren Sie, wie Sie Google Reviews kostenlos zu Elementor hinzuf\u00fcgen! Detaillierte Anleitung zum Einbetten des Google Business Reviews-Widgets in Elementor mit Elfsight.","og_url":"https:\/\/elfsight.com\/de\/google-reviews-widget\/elementor\/","og_site_name":"Elfsight DE","article_modified_time":"2025-11-13T11:20:15+00:00","twitter_card":"summary_large_image","twitter_misc":{"Gesch\u00e4tzte Lesezeit":"5\u00a0Minuten"},"schema":{"@context":"https:\/\/schema.org","@graph":[{"@type":"WebPage","@id":"https:\/\/elfsight.com\/de\/google-reviews-widget\/elementor\/","url":"https:\/\/elfsight.com\/de\/google-reviews-widget\/elementor\/","name":"Betten Sie Google-Bewertungen auf Elementor ein \u2013 f\u00fcgen Sie Bewertungen in 2 Minuten zu einer Website hinzu!","isPartOf":{"@id":"https:\/\/elfsight.com\/de\/#website"},"datePublished":"2024-05-03T06:39:04+00:00","dateModified":"2025-11-13T11:20:15+00:00","description":"Erfahren Sie, wie Sie Google Reviews kostenlos zu Elementor hinzuf\u00fcgen! Detaillierte Anleitung zum Einbetten des Google Business Reviews-Widgets in Elementor mit Elfsight.","breadcrumb":{"@id":"https:\/\/elfsight.com\/de\/google-reviews-widget\/elementor\/#breadcrumb"},"inLanguage":"de","potentialAction":[{"@type":"ReadAction","target":["https:\/\/elfsight.com\/de\/google-reviews-widget\/elementor\/"]}]},{"@type":"BreadcrumbList","@id":"https:\/\/elfsight.com\/de\/google-reviews-widget\/elementor\/#breadcrumb","itemListElement":[{"@type":"ListItem","position":1,"name":"Home","item":"https:\/\/elfsight.com\/de\/"},{"@type":"ListItem","position":2,"name":"Google Reviews","item":"https:\/\/elfsight.com\/de\/google-reviews-widget\/"},{"@type":"ListItem","position":3,"name":"Google Reviews &#8211; Elementor"}]},{"@type":"WebSite","@id":"https:\/\/elfsight.com\/de\/#website","url":"https:\/\/elfsight.com\/de\/","name":"Elfsight DE","description":"Just another Elfsight Sites site","potentialAction":[{"@type":"SearchAction","target":{"@type":"EntryPoint","urlTemplate":"https:\/\/elfsight.com\/de\/?s={search_term_string}"},"query-input":{"@type":"PropertyValueSpecification","valueRequired":true,"valueName":"search_term_string"}}],"inLanguage":"de"}]}},"meta_box":{"industry":"","seo_heading":"","heading":"","description":"","cta_heading":"","cta_description":"","application":"60","h1":"Elementor Google Reviews-Widget","h1_caption":"Betten Sie Bewertungen Ihres Ortes von Google nahtlos ein, um die besten Kundeneindr\u00fccke m\u00fchelos in Ihr Website-Erlebnis auf Ihrer Elementor-Website zu integrieren.","application_category":[],"applications_title":"","applications_request_title":"","applications_request_button_text":"","hero_text":"","hero_video":"","hero_video_schema_markup":"","selling_points_title":"","selling_points_caption":"","selling_points":[],"selling_points_cta_text":"","features_title":"","features":"","ed_cta_examples_text":"","ed_cta_examples_hidden":"","ed_cta_demo_text":"","ed_cta_demo_hidden":"","why_caption":"","why_editor_title":"","why_editor_text":"","why_team_title":"","why_team_text":"","why_service_title":"","why_service_text":"","template_catalog_visible":"0","template_catalog_title":"","template_catalog_text":"","template_catalog_categories_visible":"","demo_title":"Erstellen Sie Ihr Google Reviews-Widget","demo_caption":"Konfigurieren Sie Ihre Google-Bewertungen und f\u00fcgen Sie sie kostenlos zu Ihrer Elementor-Website hinzu!","default_faq_hidden":"","app_template_category":[],"platform":"223","template_public_id":"","codecanyon_url":"","codecanyon_item_id":"","codecanyon_price":"","pricing_caption":"","pricing_elfsight_apps_hide_column":"","pricing_elfsight_apps_url":"","pricing_codecanyon_price_caption":"","integration_category":[],"integration_request_title":"","integration_request_cta":"","integration_platform":"","integrations":[],"platform_category":[],"video_schema_markup":"","price":"ab 0 $ \/ Monat","trial":"","benefits":[{"text":"Kostenlose Installationshilfe"},{"text":"Premium-Support"},{"text":"14-t\u00e4gige R\u00fcckerstattungsgarantie"},{"text":"Laufende kostenlose Verbesserungen"}],"button_url":"#demo","button_target_blank":"0","button_nofollow":"0","attributes":[{"name":"Installiert","content":"100,000 - 500,000"},{"name":"Reaktionsfreudig","content":"Ja"},{"name":"Kompatible Browser","content":"Firefox, Safari, Opera, Chrome, Edge"}],"tags":[],"tags_disable_links":"0","hide_more_platforms":"0","video_object":"","demo_hide_cta":"0","demo_hide_cloud_options":"0","pricing_title":"","pricing":[{"pricing_icon":"platform","pricing_title":"Elfsight Apps","pricing_title_caption":"Plattformunabh\u00e4ngige digitale L\u00f6sung","pricing_price":"ab 0 $ \/ Monat","pricing_price_caption":"Beginnen Sie mit einem kostenlosen Plan","pricing_benefits":[{"text":"Unbegrenzte Domains"},{"text":"Erstklassiger und p\u00fcnktlicher Support"},{"text":"Kostenloser Installationsservice"},{"text":"Sonderpreis f\u00fcr mehrere Apps"}],"pricing_button_text":"Zur Website hinzuf\u00fcgen","pricing_button_url":"#demo"}],"related_apps_title":"","related_apps_hidden":"0","author":"","image":[],"title":"","job":"","social_networks":[]},"_links":{"self":[{"href":"https:\/\/elfsight.com\/de\/wp-json\/wp\/v2\/pages\/20599","targetHints":{"allow":["GET"]}}],"collection":[{"href":"https:\/\/elfsight.com\/de\/wp-json\/wp\/v2\/pages"}],"about":[{"href":"https:\/\/elfsight.com\/de\/wp-json\/wp\/v2\/types\/page"}],"author":[{"embeddable":true,"href":"https:\/\/elfsight.com\/de\/wp-json\/wp\/v2\/users\/9"}],"replies":[{"embeddable":true,"href":"https:\/\/elfsight.com\/de\/wp-json\/wp\/v2\/comments?post=20599"}],"version-history":[{"count":7,"href":"https:\/\/elfsight.com\/de\/wp-json\/wp\/v2\/pages\/20599\/revisions"}],"predecessor-version":[{"id":25558,"href":"https:\/\/elfsight.com\/de\/wp-json\/wp\/v2\/pages\/20599\/revisions\/25558"}],"up":[{"embeddable":true,"href":"https:\/\/elfsight.com\/de\/wp-json\/wp\/v2\/pages\/69"}],"wp:attachment":[{"href":"https:\/\/elfsight.com\/de\/wp-json\/wp\/v2\/media?parent=20599"}],"curies":[{"name":"wp","href":"https:\/\/api.w.org\/{rel}","templated":true}]}}