{"id":20597,"date":"2024-05-03T06:39:02","date_gmt":"2024-05-03T06:39:02","guid":{"rendered":"https:\/\/elfsight.com\/de\/?page_id=20597"},"modified":"2025-01-16T07:03:35","modified_gmt":"2025-01-16T07:03:35","slug":"facebook","status":"publish","type":"page","link":"https:\/\/elfsight.com\/de\/google-reviews-widget\/facebook\/","title":{"rendered":"Google Reviews &#8211; Facebook Page"},"content":{"rendered":"\n<div class=\"application-platform-content-item-description application-platform-content-item\" id=\"description\" data-nav-section=\"description\">\n\n<h2>Google-Bewertungen auf Facebook-Seiten einbinden<\/h2> <p>M\u00f6chten Sie die Glaubw\u00fcrdigkeit Ihrer Facebook-Seite steigern? Das Anzeigen von Google-Bewertungen auf Ihren Seiten ist eine gro\u00dfartige Strategie: Es wird Kunden ansprechen und die Verkaufszahlen erh\u00f6hen. Es gibt mehrere M\u00f6glichkeiten, das Feedback Ihrer Kunden auf der Website anzuzeigen, und eine davon ist Elfsight Google Reviews \u2013 eine codefreie L\u00f6sung, die schnell und kostenlos genutzt werden kann. <\/p> <\/div>\n<div class=\"application-platform-content-item-features application-platform-content-item\" id=\"features\" data-nav-section=\"features\">\n\n<h2>Funktionen<\/h2> <p>Um das Widget besser zu verstehen, k\u00f6nnen Sie sich die Liste der wichtigsten Funktionen ansehen. Sie machen dieses Widget wirklich effizient f\u00fcr Ihre Facebook-Seite: <\/p> <ul> <li><strong>Einfaches Verbinden von Bewertungen. <\/strong> Sie k\u00f6nnen Ihre Google Place-ID eingeben oder einfach den Namen und die Adresse Ihres Unternehmens angeben. Auch wenn Sie keine physische Adresse haben, ist das kein Problem. <\/li> <li><strong>Moderation und Filter f\u00fcr Bewertungen. <\/strong> Mit Elfsight k\u00f6nnen Sie problemlos verschiedene Filter anwenden und nur relevante Google-Bewertungen anzeigen. Zum Beispiel k\u00f6nnen Sie die minimale anzuzeigende Bewertung festlegen oder bestimmte Autoren im Widget blockieren. <\/li> <li><strong>Button zum Sammeln weiterer Bewertungen. <\/strong> F\u00fcgen Sie einfach einen anpassbaren CTA-Button zu Ihrer Bewertungsleiste hinzu, um Kunden zur Abgabe ihres Feedbacks zu ermutigen. <\/li> <li><strong>Sterne-Snippet zur Steigerung des Google-Traffics. <\/strong> Heben Sie sich von Ihren Mitbewerbern ab, indem Sie das Markup aktivieren, damit Sterne in den Suchergebnissen erscheinen. Diese Verbesserung wird helfen, Aufmerksamkeit zu erregen und Ihre Klickrate zu steigern. <\/li> <li><strong>Erweiterte Design-Anpassung. <\/strong> Experimentieren Sie mit verschiedenen Layouts wie Slider, Liste, Masonry, Grid, Carousel, Floating Badge und mehr. Passen Sie die Details jeder Bewertung an, z. B. Titel, Badges, Namen und Sterne, damit sie perfekt zu Ihrem Design passen. <\/li> <\/ul> <p><a href=\"#demo\" data-scroll-to=\"demo\">Um weitere Funktionen zu sehen, sehen Sie sich die Demo an<\/a><\/p>\n<\/div> <div class=\"application-platform-content-item-installation application-platform-content-item\" id=\"installation\" data-nav-section=\"installation\">\n\n<h2>So binden Sie Google-Bewertungen auf Ihrer Facebook-Seite ein<\/h2> <div class=\"tip-yellow tip\"><b>Aufgrund der k\u00fcrzlichen \u00c4nderungen von Facebook und des \u00dcbergangs zur \u201eNew Page Experience\u201c ist die Nutzung derzeit nur \u00fcber das Hinzuf\u00fcgen eines direkten Links zum Widget m\u00f6glich. Wir suchen aktiv nach einer L\u00f6sung und werden die Facebook-Seitenintegration aktualisieren, sobald wir eine M\u00f6glichkeit gefunden haben.<\/b><\/div> <p>Lesen Sie diese einfache Anleitung, um das Widget auf Ihrer Facebook-Seite einzurichten. Es dauert nur wenige Minuten und erfordert keine Programmierkenntnisse. <\/p> <ol> <li><strong>Erstellen Sie Ihr benutzerdefiniertes Google Reviews-Widget<\/strong><br> Beginnen Sie mit der passenden Vorlage in der Demo, f\u00fcgen Sie Ihre Kundenbewertungen hinzu und erstellen Sie ein Widget mit bevorzugtem Stil und Funktionen. <\/li> <li><strong>Holen Sie sich den individuellen Code f\u00fcr das Widget<\/strong><br> Sobald Sie Ihr Widget erstellt haben, erhalten Sie den individuellen Code in Ihrem Dashboard. Kopieren Sie den Code, der alle Informationen zu den Einstellungen Ihres Widgets enth\u00e4lt. <\/li> <li><strong>Zeigen Sie das Widget auf Ihrer Facebook-Seite an<\/strong><br> W\u00e4hlen Sie die Bereiche Ihrer Seite aus, in denen Sie das Widget platzieren m\u00f6chten, und f\u00fcgen Sie den Code dort ein. Speichern Sie die \u00c4nderungen. <\/li> <\/ol> <p>Super! \u00dcberpr\u00fcfen Sie, wie das Widget auf Ihrer Seite funktioniert. <\/p> <p>Haben Sie immer noch Probleme beim Einbinden von Google-Bewertungen auf Facebook? Dann lesen Sie unseren Artikel <a href=\"https:\/\/elfsight.com\/blog\/how-to-embed-google-reviews-on-website\/\" target=\"_blank\" rel=\"noopener\">zum Hinzuf\u00fcgen von Google-Bewertungen zu Ihrer Website<\/a>. <\/p> <\/div>\n<div class=\"faq\" data-component=\"FAQ\"> <div class=\"faq-item\">\r\n\t\t\t\t\t<div class=\"faq-item-question\">\r\n\t\t\t\t\t\t<h3 class=\"faq-item-question-text\">Ist ein Google Reviews-Widget f\u00fcr Facebook kostenlos? <\/h3>\r\n\r\n\t\t\t\t\t\t<div class=\"faq-item-question-icon\"><\/div>\r\n\t\t\t\t\t<\/div>\r\n\r\n\t\t\t\t\t<div class=\"faq-item-answer\">\r\n\t\t\t\t\t\t<div class=\"faq-item-answer-text\"> Ja, absolut! Jeder Elfsight-Benutzer kann sein Google Reviews-Widget kostenlos anpassen und auf Facebook einbinden. Alle oben beschriebenen bahnbrechenden Funktionen stehen Ihnen zur Verf\u00fcgung. <\/div>\r\n\t\t\t\t\t<\/div>\r\n\t\t\t\t<\/div> <div class=\"faq-item\">\r\n\t\t\t\t\t<div class=\"faq-item-question\">\r\n\t\t\t\t\t\t<h3 class=\"faq-item-question-text\">Warum sollte ich Bewertungen zu Facebook hinzuf\u00fcgen? <\/h3>\r\n\r\n\t\t\t\t\t\t<div class=\"faq-item-question-icon\"><\/div>\r\n\t\t\t\t\t<\/div>\r\n\r\n\t\t\t\t\t<div class=\"faq-item-answer\">\r\n\t\t\t\t\t\t<div class=\"faq-item-answer-text\"> Google-Bewertungen erh\u00f6hen die Glaubw\u00fcrdigkeit Ihres Unternehmens. Potenzielle Kunden m\u00f6chten h\u00e4ufig die Erfahrungen anderer Personen lesen, die Ihre Dienstleistungen genutzt haben. Binden Sie das Feedback der Kunden auf Ihrer Seite ein, um zu zeigen, was die Menschen an Ihrem Unternehmen sch\u00e4tzen. <\/div>\r\n\t\t\t\t\t<\/div>\r\n\t\t\t\t<\/div> <div class=\"faq-item\">\r\n\t\t\t\t\t<div class=\"faq-item-question\">\r\n\t\t\t\t\t\t<h3 class=\"faq-item-question-text\">Kann ich andere Bewertungen auf Facebook-Seiten hinzuf\u00fcgen? <\/h3>\r\n\r\n\t\t\t\t\t\t<div class=\"faq-item-question-icon\"><\/div>\r\n\t\t\t\t\t<\/div>\r\n\r\n\t\t\t\t\t<div class=\"faq-item-answer\">\r\n\t\t\t\t\t\t<div class=\"faq-item-answer-text\"> Ja, nat\u00fcrlich. Sie k\u00f6nnen Widgets wie <a href=\"https:\/\/elfsight.com\/facebook-reviews-widget\/facebook\/\" target=\"_blank\" rel=\"noreferrer noopener\">Facebook Reviews<\/a>, <a href=\"https:\/\/elfsight.com\/amazon-reviews-widget\/facebook\/\" target=\"_blank\" rel=\"noreferrer noopener\">Bewertungen von Amazon<\/a>, <a href=\"https:\/\/elfsight.com\/tripadvisor-reviews-widget\/facebook\/\" target=\"_blank\" rel=\"noreferrer noopener\">Tripadvisor Reviews<\/a> oder <a href=\"https:\/\/elfsight.com\/testimonials-slider-widget\/facebook\/\" target=\"_blank\" rel=\"noreferrer noopener\">Testimonials Slider<\/a> ausprobieren. Diese Widgets erm\u00f6glichen es Ihnen, verschiedene Plattformen zu verbinden und Bewertungen von den Websites zu teilen, auf denen Kunden am h\u00e4ufigsten \u00fcber Ihr Unternehmen sprechen. <\/div>\r\n\t\t\t\t\t<\/div>\r\n\t\t\t\t<\/div> <div class=\"faq-item\">\r\n\t\t\t\t\t<div class=\"faq-item-question\">\r\n\t\t\t\t\t\t<h3 class=\"faq-item-question-text\">Warum sollte ich Google-Bewertungen auf Facebook-Seiten mit Elfsight einbinden? <\/h3>\r\n\r\n\t\t\t\t\t\t<div class=\"faq-item-question-icon\"><\/div>\r\n\t\t\t\t\t<\/div>\r\n\r\n\t\t\t\t\t<div class=\"faq-item-answer\">\r\n\t\t\t\t\t\t<div class=\"faq-item-answer-text\"> Elfsight bietet eine einfache M\u00f6glichkeit, Google-Bewertungen ohne Programmierkenntnisse oder Skripte auf Ihrer Seite einzubinden. Dieses anpassbare Widget l\u00e4sst sich problemlos in Facebook oder andere Website-Plattformen integrieren. Besonders gesch\u00e4tzt wird unser Widget wegen seiner n\u00fctzlichen Funktionen, die Ihnen helfen, die Vorteile Ihres Unternehmens hervorzuheben. <\/div>\r\n\t\t\t\t\t<\/div>\r\n\t\t\t\t<\/div> <\/div>\n","protected":false},"excerpt":{"rendered":"","protected":false},"author":9,"featured_media":0,"parent":69,"menu_order":0,"comment_status":"closed","ping_status":"closed","template":"templates\/template-application-platform.php","meta":{"publish_to_discourse":"","publish_post_category":"","wpdc_auto_publish_overridden":"","wpdc_topic_tags":"","wpdc_pin_topic":"","wpdc_pin_until":"","discourse_post_id":"","discourse_permalink":"","wpdc_publishing_response":"","wpdc_publishing_error":"","footnotes":""},"class_list":["post-20597","page","type-page","status-publish","hentry"],"yoast_head":"<!-- This site is optimized with the Yoast SEO plugin v25.3.1 - https:\/\/yoast.com\/wordpress\/plugins\/seo\/ -->\n<title>Betten Sie Google-Bewertungen auf einer Facebook-Seite ein \u2013 f\u00fcgen Sie Bewertungen in 2 Minuten hinzu!<\/title>\n<meta name=\"description\" content=\"Es ist ganz einfach, Ihren Google-Bewertungen-Tab zu erstellen und ihn Ihrer Facebook-Unternehmensseite hinzuzuf\u00fcgen. Der Kundendienst von Elfsight ist kostenlos und schnell.\" \/>\n<meta name=\"robots\" content=\"index, follow, max-snippet:-1, max-image-preview:large, max-video-preview:-1\" \/>\n<link rel=\"canonical\" href=\"https:\/\/elfsight.com\/de\/google-reviews-widget\/facebook\/\" \/>\n<meta property=\"og:locale\" content=\"de_DE\" \/>\n<meta property=\"og:type\" content=\"article\" \/>\n<meta property=\"og:title\" content=\"Betten Sie Google-Bewertungen auf einer Facebook-Seite ein \u2013 f\u00fcgen Sie Bewertungen in 2 Minuten hinzu!\" \/>\n<meta property=\"og:description\" content=\"Es ist ganz einfach, Ihren Google-Bewertungen-Tab zu erstellen und ihn Ihrer Facebook-Unternehmensseite hinzuzuf\u00fcgen. Der Kundendienst von Elfsight ist kostenlos und schnell.\" \/>\n<meta property=\"og:url\" content=\"https:\/\/elfsight.com\/de\/google-reviews-widget\/facebook\/\" \/>\n<meta property=\"og:site_name\" content=\"Elfsight DE\" \/>\n<meta property=\"article:modified_time\" content=\"2025-01-16T07:03:35+00:00\" \/>\n<meta name=\"twitter:card\" content=\"summary_large_image\" \/>\n<meta name=\"twitter:label1\" content=\"Gesch\u00e4tzte Lesezeit\" \/>\n\t<meta name=\"twitter:data1\" content=\"4\u00a0Minuten\" \/>\n<!-- \/ Yoast SEO plugin. -->","yoast_head_json":{"title":"Betten Sie Google-Bewertungen auf einer Facebook-Seite ein \u2013 f\u00fcgen Sie Bewertungen in 2 Minuten hinzu!","description":"Es ist ganz einfach, Ihren Google-Bewertungen-Tab zu erstellen und ihn Ihrer Facebook-Unternehmensseite hinzuzuf\u00fcgen. Der Kundendienst von Elfsight ist kostenlos und schnell.","robots":{"index":"index","follow":"follow","max-snippet":"max-snippet:-1","max-image-preview":"max-image-preview:large","max-video-preview":"max-video-preview:-1"},"canonical":"https:\/\/elfsight.com\/de\/google-reviews-widget\/facebook\/","og_locale":"de_DE","og_type":"article","og_title":"Betten Sie Google-Bewertungen auf einer Facebook-Seite ein \u2013 f\u00fcgen Sie Bewertungen in 2 Minuten hinzu!","og_description":"Es ist ganz einfach, Ihren Google-Bewertungen-Tab zu erstellen und ihn Ihrer Facebook-Unternehmensseite hinzuzuf\u00fcgen. Der Kundendienst von Elfsight ist kostenlos und schnell.","og_url":"https:\/\/elfsight.com\/de\/google-reviews-widget\/facebook\/","og_site_name":"Elfsight DE","article_modified_time":"2025-01-16T07:03:35+00:00","twitter_card":"summary_large_image","twitter_misc":{"Gesch\u00e4tzte Lesezeit":"4\u00a0Minuten"},"schema":{"@context":"https:\/\/schema.org","@graph":[{"@type":"WebPage","@id":"https:\/\/elfsight.com\/de\/google-reviews-widget\/facebook\/","url":"https:\/\/elfsight.com\/de\/google-reviews-widget\/facebook\/","name":"Betten Sie Google-Bewertungen auf einer Facebook-Seite ein \u2013 f\u00fcgen Sie Bewertungen in 2 Minuten hinzu!","isPartOf":{"@id":"https:\/\/elfsight.com\/de\/#website"},"datePublished":"2024-05-03T06:39:02+00:00","dateModified":"2025-01-16T07:03:35+00:00","description":"Es ist ganz einfach, Ihren Google-Bewertungen-Tab zu erstellen und ihn Ihrer Facebook-Unternehmensseite hinzuzuf\u00fcgen. Der Kundendienst von Elfsight ist kostenlos und schnell.","breadcrumb":{"@id":"https:\/\/elfsight.com\/de\/google-reviews-widget\/facebook\/#breadcrumb"},"inLanguage":"de","potentialAction":[{"@type":"ReadAction","target":["https:\/\/elfsight.com\/de\/google-reviews-widget\/facebook\/"]}]},{"@type":"BreadcrumbList","@id":"https:\/\/elfsight.com\/de\/google-reviews-widget\/facebook\/#breadcrumb","itemListElement":[{"@type":"ListItem","position":1,"name":"Home","item":"https:\/\/elfsight.com\/de\/"},{"@type":"ListItem","position":2,"name":"Google Reviews","item":"https:\/\/elfsight.com\/de\/google-reviews-widget\/"},{"@type":"ListItem","position":3,"name":"Google Reviews &#8211; Facebook Page"}]},{"@type":"WebSite","@id":"https:\/\/elfsight.com\/de\/#website","url":"https:\/\/elfsight.com\/de\/","name":"Elfsight DE","description":"Just another Elfsight Sites site","potentialAction":[{"@type":"SearchAction","target":{"@type":"EntryPoint","urlTemplate":"https:\/\/elfsight.com\/de\/?s={search_term_string}"},"query-input":{"@type":"PropertyValueSpecification","valueRequired":true,"valueName":"search_term_string"}}],"inLanguage":"de"}]}},"meta_box":{"industry":"","seo_heading":"","heading":"","description":"","cta_heading":"","cta_description":"","application":"60","h1":"Google-Bewertungen f\u00fcr die Facebook-Unternehmensseite","h1_caption":"Betten Sie Bewertungen Ihres Ortes von Google nahtlos ein, um die besten Kundeneindr\u00fccke m\u00fchelos in Ihr Website-Erlebnis auf Ihrer Facebook-Seite zu integrieren.","application_category":[],"applications_title":"","applications_request_title":"","applications_request_button_text":"","hero_text":"","hero_video":"","hero_video_schema_markup":"","selling_points_title":"","selling_points_caption":"","selling_points":[],"selling_points_cta_text":"","features_title":"","features":"","ed_cta_examples_text":"","ed_cta_examples_hidden":"","ed_cta_demo_text":"","ed_cta_demo_hidden":"","why_caption":"","why_editor_title":"","why_editor_text":"","why_team_title":"","why_team_text":"","why_service_title":"","why_service_text":"","template_catalog_visible":"0","template_catalog_title":"","template_catalog_text":"","template_catalog_categories_visible":"","demo_title":"Erstellen Sie Ihr Google Reviews-Widget","demo_caption":"Konfigurieren Sie Ihre Google-Bewertungen und f\u00fcgen Sie sie kostenlos zu Ihrer Facebook-Seite hinzu!","default_faq_hidden":"","app_template_category":[],"platform":"216","template_public_id":"","codecanyon_url":"","codecanyon_item_id":"","codecanyon_price":"","pricing_caption":"","pricing_elfsight_apps_hide_column":"","pricing_elfsight_apps_url":"","pricing_codecanyon_price_caption":"","integration_category":[],"integration_request_title":"","integration_request_cta":"","integration_platform":"","integrations":[],"platform_category":[],"video_schema_markup":"","price":"ab 0 $ \/ Monat","trial":"","benefits":[{"text":"Kostenlose Installationshilfe"},{"text":"Premium-Support"},{"text":"14-t\u00e4gige Geld-zur\u00fcck-Garantie"},{"text":"Zuk\u00fcnftige kostenlose Updates"}],"button_url":"#demo","button_target_blank":"0","button_nofollow":"0","attributes":[{"name":"Installiert","content":"100,000 - 500,000"},{"name":"Empf\u00e4nglichkeit","content":"Am besten f\u00fcr Mobilger\u00e4te"},{"name":"Kompatible Browser","content":"Firefox, Edge, Chrome, Opera, Safari"}],"tags":[],"tags_disable_links":"0","hide_more_platforms":"","video_object":"","demo_hide_cta":"0","demo_hide_cloud_options":"0","pricing_title":"","pricing":[{"pricing_icon":"platform","pricing_title":"Elfsight Apps","pricing_title_caption":"Plattform\u00fcbergreifende digitale L\u00f6sung, die auf jeder Website funktioniert","pricing_price":"ab 0 $ \/ Monat","pricing_price_caption":"Beginnen Sie mit einem kostenlosen Plan","pricing_benefits":[{"text":"Unbegrenzte Domains"},{"text":"Professioneller Kundensupport"},{"text":"Kostenlose Installationsunterst\u00fctzung"},{"text":"100 % anpassbar"}],"pricing_button_text":"Zur Website hinzuf\u00fcgen","pricing_button_url":"#demo"}],"related_apps_title":"","related_apps_hidden":"0","author":"","image":[],"title":"","job":"","social_networks":[]},"_links":{"self":[{"href":"https:\/\/elfsight.com\/de\/wp-json\/wp\/v2\/pages\/20597","targetHints":{"allow":["GET"]}}],"collection":[{"href":"https:\/\/elfsight.com\/de\/wp-json\/wp\/v2\/pages"}],"about":[{"href":"https:\/\/elfsight.com\/de\/wp-json\/wp\/v2\/types\/page"}],"author":[{"embeddable":true,"href":"https:\/\/elfsight.com\/de\/wp-json\/wp\/v2\/users\/9"}],"replies":[{"embeddable":true,"href":"https:\/\/elfsight.com\/de\/wp-json\/wp\/v2\/comments?post=20597"}],"version-history":[{"count":3,"href":"https:\/\/elfsight.com\/de\/wp-json\/wp\/v2\/pages\/20597\/revisions"}],"predecessor-version":[{"id":23875,"href":"https:\/\/elfsight.com\/de\/wp-json\/wp\/v2\/pages\/20597\/revisions\/23875"}],"up":[{"embeddable":true,"href":"https:\/\/elfsight.com\/de\/wp-json\/wp\/v2\/pages\/69"}],"wp:attachment":[{"href":"https:\/\/elfsight.com\/de\/wp-json\/wp\/v2\/media?parent=20597"}],"curies":[{"name":"wp","href":"https:\/\/api.w.org\/{rel}","templated":true}]}}